{"id":22146,"date":"2024-01-19T08:49:19","date_gmt":"2024-01-19T13:49:19","guid":{"rendered":"https:\/\/newyorkhipknee.com\/therapies\/"},"modified":"2024-01-30T11:49:07","modified_gmt":"2024-01-30T16:49:07","slug":"therapies","status":"publish","type":"page","link":"https:\/\/www.newyorkhipknee.com\/fr\/indemnisation-des-travailleurs\/lignes-directrices-pour-les-traitements-medicaux-mtg\/blessure-a-lepaule\/therapies\/","title":{"rendered":"Directives m\u00e9dicales de l&rsquo;\u00c9tat de New York pour les th\u00e9rapies de l&rsquo;\u00e9paule chez les travailleurs indemnis\u00e9s"},"content":{"rendered":"<p>Les lignes directrices \u00e9tablies par la commission des accidents du travail de l&rsquo;\u00c9tat de New York ont pour but d&rsquo;aider les professionnels de la sant\u00e9 \u00e0 fournir un traitement appropri\u00e9 pour les th\u00e9rapies de l&rsquo;\u00e9paule.<\/p>\n<p>Destin\u00e9es aux professionnels de la sant\u00e9, ces lignes directrices de la Commission des accidents du travail permettent d&rsquo;identifier le niveau de soins ad\u00e9quat pour les personnes qui suivent des th\u00e9rapies de l&rsquo;\u00e9paule.<\/p>\n<p>Il est important de souligner que ces lignes directrices ne remplacent pas l&rsquo;expertise clinique ou l&rsquo;exp\u00e9rience professionnelle. La d\u00e9cision finale concernant les soins doit \u00eatre prise en collaboration, en impliquant le patient et son prestataire de soins dans la consultation.<\/p>\n<p>&nbsp;<\/p>\n<h3>Exercice th\u00e9rapeutique : R\u00e9habilitation<\/h3>\n<p>La r\u00e9adaptation \u00e0 la suite d&rsquo;un accident du travail doit \u00eatre ax\u00e9e sur le r\u00e9tablissement de la capacit\u00e9 fonctionnelle n\u00e9cessaire pour que le patient puisse reprendre ses activit\u00e9s quotidiennes et professionnelles et retourner au travail, dans le but de ramener le travailleur bless\u00e9 aussi pr\u00e8s que possible de son \u00e9tat ant\u00e9rieur \u00e0 l&rsquo;accident. La th\u00e9rapie active implique des efforts internes de la part du patient pour effectuer des exercices ou des t\u00e2ches sp\u00e9cifiques, tandis que la th\u00e9rapie passive consiste en des interventions ne n\u00e9cessitant pas d&rsquo;effort de la part du patient et d\u00e9pendant de modalit\u00e9s d\u00e9livr\u00e9es par un th\u00e9rapeute.<\/p>\n<p>En g\u00e9n\u00e9ral, les interventions passives sont consid\u00e9r\u00e9es comme un moyen de faciliter les progr\u00e8s dans le cadre d&rsquo;un programme de th\u00e9rapie active, conduisant \u00e0 des gains fonctionnels objectifs. L&rsquo;accent devrait \u00eatre mis sur les interventions actives plut\u00f4t que sur les interventions passives. Il convient de conseiller aux patients de poursuivre les th\u00e9rapies actives et passives \u00e0 domicile, dans le prolongement du processus de traitement, afin de maintenir les niveaux d&rsquo;am\u00e9lioration. En outre, des appareils fonctionnels peuvent \u00eatre inclus dans le plan de r\u00e9adaptation en tant que mesure compl\u00e9mentaire pour faciliter les gains fonctionnels.<\/p>\n<p><strong>Th\u00e9rapie active :<\/strong><\/p>\n<ul>\n<li><strong>Th\u00e9rapie active<\/strong>\n<ul>\n<li><strong>Physique \/ Ergoth\u00e9rapie<\/strong>\n<ul>\n<li><strong>Recommand\u00e9<\/strong> &#8211; pour am\u00e9liorer la fonction, y compris l&rsquo;amplitude des mouvements et la force.<\/li>\n<li><strong>Fr\u00e9quence\/dose\/dur\u00e9e :<\/strong> La fr\u00e9quence des visites est g\u00e9n\u00e9ralement individualis\u00e9e en fonction de la gravit\u00e9 de la limitation. Deux \u00e0 trois visites par semaine pendant deux semaines sont souvent utilis\u00e9es pour initier un programme d&rsquo;exercices. Le nombre total de visites peut \u00eatre de deux ou trois pour les patients l\u00e9gers ou de 12 \u00e0 15 si une am\u00e9lioration fonctionnelle objective est constat\u00e9e.<\/li>\n<li>Dans le cadre du plan de r\u00e9\u00e9ducation, les patients doivent \u00eatre invit\u00e9s \u00e0 poursuivre la th\u00e9rapie active et passive \u00e0 domicile, dans le prolongement du processus de traitement, afin de maintenir l&rsquo;am\u00e9lioration.<\/li>\n<li><strong>Indications :<\/strong> Tous les patients en postop\u00e9ratoire et en traitement conservateur.<\/li>\n<li><strong>Indications pour l&rsquo;arr\u00eat du traitement :<\/strong> R\u00e9solution de la douleur, intol\u00e9rance, manque d&rsquo;efficacit\u00e9 ou non-observance.<\/li>\n<\/ul>\n<\/li>\n<li><strong>Exercice th\u00e9rapeutique<\/strong>\n<ul>\n<li>Exercice th\u00e9rapeutique dans le cadre duquel le th\u00e9rapeute enseigne au patient un programme supervis\u00e9 en clinique et \u00e0 domicile afin d&rsquo;augmenter la force de la musculature de soutien de l&rsquo;\u00e9paule. Les mouvements et les muscles \u00e0 renforcer sont les rotateurs internes et externes de l&rsquo;\u00e9paule, les abducteurs et les stabilisateurs de l&rsquo;omoplate. On commence par des exercices isom\u00e9triques, puis on passe \u00e0 des exercices isotoniques en fonction de la tol\u00e9rance.<\/li>\n<li><strong>Recommand\u00e9<\/strong> &#8211; chez certains patients selon les indications cliniques.<\/li>\n<li><strong>Fr\u00e9quence :<\/strong> G\u00e9n\u00e9ralement deux \u00e0 trois fois par semaine pendant huit \u00e0 douze semaines, comme indiqu\u00e9 ci-dessous.\n<ul>\n<li><strong>Semaines 1-3 :<\/strong> Isom\u00e9triques en \u00e9charpe.<\/li>\n<li><strong>Semaines 3-8 :<\/strong> Exercices isotoniques progressifs.<\/li>\n<li><strong>Semaines 8-12 :<\/strong> Commencer les activit\u00e9s au-dessus de la t\u00eate lorsque la force de la coiffe des rotateurs s&rsquo;est normalis\u00e9e et qu&rsquo;une \u00e9l\u00e9vation active compl\u00e8te a \u00e9t\u00e9 obtenue.<\/li>\n<\/ul>\n<\/li>\n<\/ul>\n<\/li>\n<\/ul>\n<\/li>\n<\/ul>\n<p>&nbsp;<\/p>\n<h2><strong>Th\u00e9rapie : Soins d&rsquo;entretien continus<\/strong><\/h2>\n<p>Un programme d&rsquo;entretien continu impliquant la kin\u00e9sith\u00e9rapie ou l&rsquo;ergoth\u00e9rapie peut \u00eatre justifi\u00e9 dans des circonstances sp\u00e9cifiques, apr\u00e8s la d\u00e9termination de l&rsquo;am\u00e9lioration m\u00e9dicale maximale (MMI), en particulier lorsqu&rsquo;il est li\u00e9 \u00e0 la pr\u00e9servation de l&rsquo;\u00e9tat fonctionnel.<\/p>\n<ul>\n<li>Bien que les preuves scientifiques existantes ne soutiennent pas universellement l&rsquo;utilisation syst\u00e9matique de cette intervention, il existe des situations o\u00f9 les modalit\u00e9s de la th\u00e9rapie d&rsquo;entretien pourraient \u00eatre jug\u00e9es n\u00e9cessaires pour maintenir l&rsquo;\u00e9tat fonctionnel. Cela devient pertinent lorsqu&rsquo;une d\u00e9t\u00e9rioration objective ant\u00e9rieure de la fonction a \u00e9t\u00e9 observ\u00e9e et document\u00e9e dans le dossier m\u00e9dical.<\/li>\n<li>Il est essentiel d&rsquo;identifier des objectifs sp\u00e9cifiques qui peuvent \u00eatre mesur\u00e9s afin de justifier le besoin continu de soins d&rsquo;entretien.<\/li>\n<li>Des essais successifs et progressivement plus longs de retrait th\u00e9rapeutique devraient \u00eatre entrepris pour \u00e9valuer si les objectifs th\u00e9rapeutiques peuvent \u00eatre maintenus sans interventions cliniques.<\/li>\n<li>Au cours de la premi\u00e8re ann\u00e9e et par la suite sur une base annuelle, un essai sans traitement d&rsquo;entretien devrait \u00eatre initi\u00e9.<\/li>\n<li>La prise en charge des sympt\u00f4mes chroniques de l&rsquo;\u00e9paule doit s&rsquo;appuyer sur un plan d&rsquo;autogestion permanent men\u00e9 r\u00e9guli\u00e8rement par le patient. En outre, un plan de gestion autonome de la douleur doit \u00eatre \u00e9tabli et activ\u00e9 par le patient en cas d&rsquo;aggravation des sympt\u00f4mes et de d\u00e9clin des fonctions.<\/li>\n<li>En cas de d\u00e9t\u00e9rioration av\u00e9r\u00e9e de la capacit\u00e9 \u00e0 maintenir la fonction, le r\u00e9tablissement de l&rsquo;entretien courant peut \u00eatre envisag\u00e9.<\/li>\n<\/ul>\n<p><strong>Fr\u00e9quence :<\/strong> La fr\u00e9quence maximale est de dix visites par an, apr\u00e8s la d\u00e9termination de l&rsquo;IMM, sous r\u00e9serve du maintien objectivement document\u00e9 de l&rsquo;\u00e9tat fonctionnel. Aucun \u00e9cart par rapport \u00e0 la fr\u00e9quence maximale n&rsquo;est autoris\u00e9. Les soins d&rsquo;entretien continus font partie des recommandations en mati\u00e8re de soins d&rsquo;entretien fonctionnels \u00e9nonc\u00e9es dans les directives de New York sur le traitement m\u00e9dical de la douleur non aigu\u00eb. Pour plus de d\u00e9tails, veuillez vous r\u00e9f\u00e9rer aux directives de New York sur le traitement m\u00e9dical de la douleur non aigu\u00eb.<\/p>\n<p>&nbsp;<\/p>\n<h3><strong>Chaleur et froid superficiels<\/strong><\/h3>\n<p>Les th\u00e9rapies par le froid et la chaleur superficielle sont des applications thermiques employ\u00e9es de diverses mani\u00e8res pour abaisser ou \u00e9lever la temp\u00e9rature des tissus corporels. Il s&rsquo;agit de soulager la douleur, l&rsquo;inflammation et\/ou l&rsquo;\u00e9panchement r\u00e9sultant d&rsquo;une blessure ou induit par l&rsquo;exercice. Il peut \u00eatre appliqu\u00e9 de mani\u00e8re aigu\u00eb, en m\u00eame temps que la compression et l&rsquo;\u00e9l\u00e9vation. Les indications comprennent la douleur aigu\u00eb, l&rsquo;\u0153d\u00e8me, l&rsquo;h\u00e9morragie, le besoin d&rsquo;augmenter le seuil de la douleur, de diminuer les spasmes musculaires et d&rsquo;encourager l&rsquo;\u00e9tirement et la flexibilit\u00e9. Cela peut impliquer l&rsquo;utilisation d&rsquo;unit\u00e9s de cryoth\u00e9rapie portables. L&rsquo;application peut \u00eatre r\u00e9alis\u00e9e en conjonction avec d&rsquo;autres th\u00e9rapies actives ou \u00eatre auto-administr\u00e9e par le patient.<\/p>\n<ul>\n<li><strong>Dur\u00e9e de l&rsquo;effet :<\/strong> Imm\u00e9diat.<\/li>\n<li><strong>Fr\u00e9quence :<\/strong> Deux \u00e0 cinq fois par semaine.<\/li>\n<li><strong>Dur\u00e9e optimale :<\/strong> Trois semaines comme approche principale, ou jusqu&rsquo;\u00e0 deux mois si elle est utilis\u00e9e de fa\u00e7on intermittente en compl\u00e9ment d&rsquo;autres proc\u00e9dures th\u00e9rapeutiques, voire plus longtemps en cas de capsulite adh\u00e9sive (voir section D.2, Capsulite adh\u00e9sive).<\/li>\n<li><strong>Dur\u00e9e maximale :<\/strong> Deux mois.<\/li>\n<\/ul>\n<p>&nbsp;<\/p>\n<h3><strong>Stimulation nerveuse \u00e9lectrique transcutan\u00e9e (TENS)<\/strong><\/h3>\n<p>Le traitement TENS doit comprendre au moins une s\u00e9ance de formation pour une application et une utilisation correctes. Les indications couvrent les spasmes musculaires, l&rsquo;atrophie et le contr\u00f4le de la douleur concomitante en cabinet. Les param\u00e8tres essentiels de l&rsquo;unit\u00e9 TENS doivent inclure la fr\u00e9quence d&rsquo;impulsion, la largeur d&rsquo;impulsion et la modulation d&rsquo;amplitude. Une am\u00e9lioration fonctionnelle constante et mesurable doit \u00eatre document\u00e9e, et la d\u00e9termination de la probabilit\u00e9 de chronicit\u00e9 doit pr\u00e9c\u00e9der la mise \u00e0 disposition d&rsquo;une unit\u00e9 de soins \u00e0 domicile. Le traitement TENS est recommand\u00e9 en conjonction avec une th\u00e9rapie physique active.<\/p>\n<ul>\n<li><strong>D\u00e9lai de production de l&rsquo;effet :<\/strong> Imm\u00e9diat.<\/li>\n<li><strong>Fr\u00e9quence :<\/strong> Variable.<\/li>\n<li><strong>Dur\u00e9e optimale :<\/strong> 3 s\u00e9ances.<\/li>\n<li><strong>Dur\u00e9e maximale :<\/strong> 3 sessions. Acheter ou fournir une unit\u00e9 de soins \u00e0 domicile si cela s&rsquo;av\u00e8re efficace.<\/li>\n<\/ul>\n<p>&nbsp;<\/p>\n<h3><strong>Ultrasons th\u00e9rapeutiques avec ou sans stimulation \u00e9lectrique<\/strong><\/h3>\n<p>Les ultrasons th\u00e9rapeutiques avec ou sans stimulation \u00e9lectrique utilisent des g\u00e9n\u00e9rateurs soniques pour d\u00e9livrer de l&rsquo;\u00e9nergie acoustique pour le traitement th\u00e9rapeutique thermique et\/ou non thermique des tissus mous. Les indications comprennent les tissus cicatriciels, les adh\u00e9rences, les fibres de collag\u00e8ne, les spasmes musculaires et la n\u00e9cessit\u00e9 d&rsquo;\u00e9tendre les tissus musculaires ou d&rsquo;acc\u00e9l\u00e9rer la cicatrisation des tissus mous.<\/p>\n<ul>\n<li><strong>Dur\u00e9e de l&rsquo;effet :<\/strong> Six \u00e0 15 traitements.<\/li>\n<li><strong>Fr\u00e9quence :<\/strong> Trois fois par semaine.<\/li>\n<li><strong>Dur\u00e9e optimale :<\/strong> Quatre semaines, ou plus longtemps en cas de capsulite adh\u00e9sive. (Voir la section D.2, Capsulite adh\u00e9sive).<\/li>\n<\/ul>\n<p>&nbsp;<\/p>\n<h3><strong>Modalit\u00e9 th\u00e9rapeutique \u00e9lectrique<\/strong><\/h3>\n<p>La modalit\u00e9 th\u00e9rapeutique \u00e9lectrique peut \u00eatre utilis\u00e9e comme compl\u00e9ment pour la r\u00e9cup\u00e9ration. Pour justifier son utilisation, la documentation concernant les gains fonctionnels doit \u00eatre fournie.<\/p>\n<ul>\n<li><strong>Dur\u00e9e de l&rsquo;effet :<\/strong> Huit \u00e0 douze s\u00e9ances.<\/li>\n<li><strong>Fr\u00e9quence :<\/strong> Trois fois par semaine.<\/li>\n<li><strong>Dur\u00e9e optimale :<\/strong> Quatre semaines.<\/li>\n<\/ul>\n<p>&nbsp;<\/p>\n<h3><strong>  Retour au travail<\/strong><\/h3>\n<p>La reprise du travail peut \u00eatre envisag\u00e9e, mais avec des restrictions concernant les activit\u00e9s au-dessus de la t\u00eate, le levage ou les mouvements r\u00e9p\u00e9titifs avec le bras concern\u00e9, jusqu&rsquo;\u00e0 ce que le m\u00e9decin traitant principal l&rsquo;autorise \u00e0 effectuer des activit\u00e9s plus lourdes. La d\u00e9termination de la tol\u00e9rance \u00e0 la t\u00e2che doit \u00eatre individualis\u00e9e en fonction du diagnostic et des exigences professionnelles de chaque cas.<\/p>\n<p>&nbsp;<\/p>\n<div class=\"textwidget\">\n<p>&nbsp;<\/p>\n<\/div>\n","protected":false},"excerpt":{"rendered":"<p>Les lignes directrices \u00e9tablies par la commission des accidents du travail de l&rsquo;\u00c9tat de New York ont pour but d&rsquo;aider les professionnels de la sant\u00e9 \u00e0 fournir un traitement appropri\u00e9 pour les th\u00e9rapies de l&rsquo;\u00e9paule. Destin\u00e9es aux professionnels de la sant\u00e9, ces lignes directrices de la Commission des accidents du travail permettent d&rsquo;identifier le niveau [&hellip;]<\/p>\n","protected":false},"author":33,"featured_media":0,"parent":22335,"menu_order":0,"comment_status":"closed","ping_status":"closed","template":"","meta":{"_et_pb_use_builder":"","_et_pb_old_content":"","_et_gb_content_width":"","footnotes":""},"class_list":["post-22146","page","type-page","status-publish","hentry"],"yoast_head":"<!-- This site is optimized with the Yoast SEO plugin v27.2 - https:\/\/yoast.com\/product\/yoast-seo-wordpress\/ -->\n<title>Directives m\u00e9dicales de l&#039;\u00c9tat de New York pour les th\u00e9rapies de l&#039;\u00e9paule chez les travailleurs indemnis\u00e9s | Best Hip &amp; Knee Surgeon | NY, USA<\/title>\n<meta name=\"description\" content=\"Les lignes directrices \u00e9tablies par la commission des accidents du travail de l&#039;\u00c9tat de New York ont pour but d&#039;aider les professionnels de la sant\u00e9 \u00e0\" \/>\n<meta name=\"robots\" content=\"index, follow, max-snippet:-1, max-image-preview:large, max-video-preview:-1\" \/>\n<link rel=\"canonical\" href=\"https:\/\/www.newyorkhipknee.com\/fr\/indemnisation-des-travailleurs\/lignes-directrices-pour-les-traitements-medicaux-mtg\/blessure-a-lepaule\/therapies\/\" \/>\n<meta property=\"og:locale\" content=\"fr_FR\" \/>\n<meta property=\"og:type\" content=\"article\" \/>\n<meta property=\"og:title\" content=\"Directives m\u00e9dicales de l&#039;\u00c9tat de New York pour les th\u00e9rapies de l&#039;\u00e9paule chez les travailleurs indemnis\u00e9s | Best Hip &amp; Knee Surgeon | NY, USA\" \/>\n<meta property=\"og:description\" content=\"Les lignes directrices \u00e9tablies par la commission des accidents du travail de l&#039;\u00c9tat de New York ont pour but d&#039;aider les professionnels de la sant\u00e9 \u00e0\" \/>\n<meta property=\"og:url\" content=\"https:\/\/www.newyorkhipknee.com\/fr\/indemnisation-des-travailleurs\/lignes-directrices-pour-les-traitements-medicaux-mtg\/blessure-a-lepaule\/therapies\/\" \/>\n<meta property=\"og:site_name\" content=\"Best Hip &amp; Knee Surgeon | NY, USA\" \/>\n<meta property=\"article:modified_time\" content=\"2024-01-30T16:49:07+00:00\" \/>\n<meta name=\"twitter:card\" content=\"summary_large_image\" \/>\n<meta name=\"twitter:label1\" content=\"Dur\u00e9e de lecture estim\u00e9e\" \/>\n\t<meta name=\"twitter:data1\" content=\"8 minutes\" \/>\n<script type=\"application\/ld+json\" class=\"yoast-schema-graph\">{\"@context\":\"https:\/\/schema.org\",\"@graph\":[{\"@type\":[\"WebPage\",\"MedicalWebPage\"],\"@id\":\"https:\/\/www.newyorkhipknee.com\/fr\/indemnisation-des-travailleurs\/lignes-directrices-pour-les-traitements-medicaux-mtg\/blessure-a-lepaule\/therapies\/\",\"url\":\"https:\/\/www.newyorkhipknee.com\/fr\/indemnisation-des-travailleurs\/lignes-directrices-pour-les-traitements-medicaux-mtg\/blessure-a-lepaule\/therapies\/\",\"name\":\"Directives m\u00e9dicales de l'\u00c9tat de New York pour les th\u00e9rapies de l'\u00e9paule chez les travailleurs indemnis\u00e9s | Best Hip &amp; Knee Surgeon | NY, USA\",\"isPartOf\":{\"@id\":\"https:\/\/www.newyorkhipknee.com\/fr\/#website\"},\"datePublished\":\"2024-01-19T13:49:19+00:00\",\"dateModified\":\"2024-01-30T16:49:07+00:00\",\"description\":\"Les lignes directrices \u00e9tablies par la commission des accidents du travail de l'\u00c9tat de New York ont pour but d'aider les professionnels de la sant\u00e9 \u00e0\",\"breadcrumb\":{\"@id\":\"https:\/\/www.newyorkhipknee.com\/fr\/indemnisation-des-travailleurs\/lignes-directrices-pour-les-traitements-medicaux-mtg\/blessure-a-lepaule\/therapies\/#breadcrumb\"},\"inLanguage\":\"fr-FR\",\"potentialAction\":[{\"@type\":\"ReadAction\",\"target\":[\"https:\/\/www.newyorkhipknee.com\/fr\/indemnisation-des-travailleurs\/lignes-directrices-pour-les-traitements-medicaux-mtg\/blessure-a-lepaule\/therapies\/\"]}]},{\"@type\":\"BreadcrumbList\",\"@id\":\"https:\/\/www.newyorkhipknee.com\/fr\/indemnisation-des-travailleurs\/lignes-directrices-pour-les-traitements-medicaux-mtg\/blessure-a-lepaule\/therapies\/#breadcrumb\",\"itemListElement\":[{\"@type\":\"ListItem\",\"position\":1,\"name\":\"Home\",\"item\":\"https:\/\/www.newyorkhipknee.com\/fr\/\"},{\"@type\":\"ListItem\",\"position\":2,\"name\":\"Indemnisation des travailleurs\",\"item\":\"https:\/\/www.newyorkhipknee.com\/fr\/indemnisation-des-travailleurs\/\"},{\"@type\":\"ListItem\",\"position\":3,\"name\":\"Lignes directrices pour les traitements m\u00e9dicaux (MTG)\",\"item\":\"https:\/\/www.newyorkhipknee.com\/fr\/indemnisation-des-travailleurs\/lignes-directrices-pour-les-traitements-medicaux-mtg\/\"},{\"@type\":\"ListItem\",\"position\":4,\"name\":\"Directives m\u00e9dicales de l&rsquo;\u00c9tat de New York pour le traitement des l\u00e9sions de l&rsquo;\u00e9paule chez les travailleurs indemnis\u00e9s\",\"item\":\"https:\/\/www.newyorkhipknee.com\/fr\/indemnisation-des-travailleurs\/lignes-directrices-pour-les-traitements-medicaux-mtg\/blessure-a-lepaule\/\"},{\"@type\":\"ListItem\",\"position\":5,\"name\":\"Directives m\u00e9dicales de l&rsquo;\u00c9tat de New York pour les th\u00e9rapies de l&rsquo;\u00e9paule chez les travailleurs indemnis\u00e9s\"}]},{\"@type\":\"WebSite\",\"@id\":\"https:\/\/www.newyorkhipknee.com\/fr\/#website\",\"url\":\"https:\/\/www.newyorkhipknee.com\/fr\/\",\"name\":\"Best Hip & Knee Surgeon | NY, USA\",\"description\":\"\",\"potentialAction\":[{\"@type\":\"SearchAction\",\"target\":{\"@type\":\"EntryPoint\",\"urlTemplate\":\"https:\/\/www.newyorkhipknee.com\/fr\/?s={search_term_string}\"},\"query-input\":{\"@type\":\"PropertyValueSpecification\",\"valueRequired\":true,\"valueName\":\"search_term_string\"}}],\"inLanguage\":\"fr-FR\"}]}<\/script>\n<!-- \/ Yoast SEO plugin. -->","yoast_head_json":{"title":"Directives m\u00e9dicales de l'\u00c9tat de New York pour les th\u00e9rapies de l'\u00e9paule chez les travailleurs indemnis\u00e9s | Best Hip &amp; Knee Surgeon | NY, USA","description":"Les lignes directrices \u00e9tablies par la commission des accidents du travail de l'\u00c9tat de New York ont pour but d'aider les professionnels de la sant\u00e9 \u00e0","robots":{"index":"index","follow":"follow","max-snippet":"max-snippet:-1","max-image-preview":"max-image-preview:large","max-video-preview":"max-video-preview:-1"},"canonical":"https:\/\/www.newyorkhipknee.com\/fr\/indemnisation-des-travailleurs\/lignes-directrices-pour-les-traitements-medicaux-mtg\/blessure-a-lepaule\/therapies\/","og_locale":"fr_FR","og_type":"article","og_title":"Directives m\u00e9dicales de l'\u00c9tat de New York pour les th\u00e9rapies de l'\u00e9paule chez les travailleurs indemnis\u00e9s | Best Hip &amp; Knee Surgeon | NY, USA","og_description":"Les lignes directrices \u00e9tablies par la commission des accidents du travail de l'\u00c9tat de New York ont pour but d'aider les professionnels de la sant\u00e9 \u00e0","og_url":"https:\/\/www.newyorkhipknee.com\/fr\/indemnisation-des-travailleurs\/lignes-directrices-pour-les-traitements-medicaux-mtg\/blessure-a-lepaule\/therapies\/","og_site_name":"Best Hip &amp; Knee Surgeon | NY, USA","article_modified_time":"2024-01-30T16:49:07+00:00","twitter_card":"summary_large_image","twitter_misc":{"Dur\u00e9e de lecture estim\u00e9e":"8 minutes"},"schema":{"@context":"https:\/\/schema.org","@graph":[{"@type":["WebPage","MedicalWebPage"],"@id":"https:\/\/www.newyorkhipknee.com\/fr\/indemnisation-des-travailleurs\/lignes-directrices-pour-les-traitements-medicaux-mtg\/blessure-a-lepaule\/therapies\/","url":"https:\/\/www.newyorkhipknee.com\/fr\/indemnisation-des-travailleurs\/lignes-directrices-pour-les-traitements-medicaux-mtg\/blessure-a-lepaule\/therapies\/","name":"Directives m\u00e9dicales de l'\u00c9tat de New York pour les th\u00e9rapies de l'\u00e9paule chez les travailleurs indemnis\u00e9s | Best Hip &amp; Knee Surgeon | NY, USA","isPartOf":{"@id":"https:\/\/www.newyorkhipknee.com\/fr\/#website"},"datePublished":"2024-01-19T13:49:19+00:00","dateModified":"2024-01-30T16:49:07+00:00","description":"Les lignes directrices \u00e9tablies par la commission des accidents du travail de l'\u00c9tat de New York ont pour but d'aider les professionnels de la sant\u00e9 \u00e0","breadcrumb":{"@id":"https:\/\/www.newyorkhipknee.com\/fr\/indemnisation-des-travailleurs\/lignes-directrices-pour-les-traitements-medicaux-mtg\/blessure-a-lepaule\/therapies\/#breadcrumb"},"inLanguage":"fr-FR","potentialAction":[{"@type":"ReadAction","target":["https:\/\/www.newyorkhipknee.com\/fr\/indemnisation-des-travailleurs\/lignes-directrices-pour-les-traitements-medicaux-mtg\/blessure-a-lepaule\/therapies\/"]}]},{"@type":"BreadcrumbList","@id":"https:\/\/www.newyorkhipknee.com\/fr\/indemnisation-des-travailleurs\/lignes-directrices-pour-les-traitements-medicaux-mtg\/blessure-a-lepaule\/therapies\/#breadcrumb","itemListElement":[{"@type":"ListItem","position":1,"name":"Home","item":"https:\/\/www.newyorkhipknee.com\/fr\/"},{"@type":"ListItem","position":2,"name":"Indemnisation des travailleurs","item":"https:\/\/www.newyorkhipknee.com\/fr\/indemnisation-des-travailleurs\/"},{"@type":"ListItem","position":3,"name":"Lignes directrices pour les traitements m\u00e9dicaux (MTG)","item":"https:\/\/www.newyorkhipknee.com\/fr\/indemnisation-des-travailleurs\/lignes-directrices-pour-les-traitements-medicaux-mtg\/"},{"@type":"ListItem","position":4,"name":"Directives m\u00e9dicales de l&rsquo;\u00c9tat de New York pour le traitement des l\u00e9sions de l&rsquo;\u00e9paule chez les travailleurs indemnis\u00e9s","item":"https:\/\/www.newyorkhipknee.com\/fr\/indemnisation-des-travailleurs\/lignes-directrices-pour-les-traitements-medicaux-mtg\/blessure-a-lepaule\/"},{"@type":"ListItem","position":5,"name":"Directives m\u00e9dicales de l&rsquo;\u00c9tat de New York pour les th\u00e9rapies de l&rsquo;\u00e9paule chez les travailleurs indemnis\u00e9s"}]},{"@type":"WebSite","@id":"https:\/\/www.newyorkhipknee.com\/fr\/#website","url":"https:\/\/www.newyorkhipknee.com\/fr\/","name":"Best Hip & Knee Surgeon | NY, USA","description":"","potentialAction":[{"@type":"SearchAction","target":{"@type":"EntryPoint","urlTemplate":"https:\/\/www.newyorkhipknee.com\/fr\/?s={search_term_string}"},"query-input":{"@type":"PropertyValueSpecification","valueRequired":true,"valueName":"search_term_string"}}],"inLanguage":"fr-FR"}]}},"_links":{"self":[{"href":"https:\/\/www.newyorkhipknee.com\/fr\/wp-json\/wp\/v2\/pages\/22146","targetHints":{"allow":["GET"]}}],"collection":[{"href":"https:\/\/www.newyorkhipknee.com\/fr\/wp-json\/wp\/v2\/pages"}],"about":[{"href":"https:\/\/www.newyorkhipknee.com\/fr\/wp-json\/wp\/v2\/types\/page"}],"author":[{"embeddable":true,"href":"https:\/\/www.newyorkhipknee.com\/fr\/wp-json\/wp\/v2\/users\/33"}],"replies":[{"embeddable":true,"href":"https:\/\/www.newyorkhipknee.com\/fr\/wp-json\/wp\/v2\/comments?post=22146"}],"version-history":[{"count":0,"href":"https:\/\/www.newyorkhipknee.com\/fr\/wp-json\/wp\/v2\/pages\/22146\/revisions"}],"up":[{"embeddable":true,"href":"https:\/\/www.newyorkhipknee.com\/fr\/wp-json\/wp\/v2\/pages\/22335"}],"wp:attachment":[{"href":"https:\/\/www.newyorkhipknee.com\/fr\/wp-json\/wp\/v2\/media?parent=22146"}],"curies":[{"name":"wp","href":"https:\/\/api.w.org\/{rel}","templated":true}]}}