{"id":22148,"date":"2024-01-05T12:27:21","date_gmt":"2024-01-05T17:27:21","guid":{"rendered":"https:\/\/newyorkhipknee.com\/fractures-et-luxations-aigues\/"},"modified":"2024-01-30T11:52:58","modified_gmt":"2024-01-30T16:52:58","slug":"fractures-et-luxations-aigues","status":"publish","type":"page","link":"https:\/\/www.newyorkhipknee.com\/fr\/indemnisation-des-travailleurs\/lignes-directrices-pour-les-traitements-medicaux-mtg\/blessure-au-cou\/procedures-therapeutiques-operatoire-2\/fractures-et-luxations-aigues\/","title":{"rendered":"Directives de traitement m\u00e9dical de l&rsquo;\u00c9tat de New York pour les patients souffrant de fractures et de luxations aigu\u00ebs dans le cadre de l&rsquo;indemnisation des accidents du travail"},"content":{"rendered":"<p>Les lignes directrices \u00e9tablies par la Commission des accidents du travail de l&rsquo;\u00c9tat de New York sont con\u00e7ues pour aider les professionnels de la sant\u00e9 \u00e0 prendre en charge les fractures et luxations aigu\u00ebs. Ces directives visent \u00e0 aider les m\u00e9decins et les praticiens de sant\u00e9 \u00e0 d\u00e9terminer le traitement appropri\u00e9 pour les personnes souffrant de fractures ou de luxations aigu\u00ebs.<\/p>\n<p>Les professionnels de la sant\u00e9 sp\u00e9cialis\u00e9s dans le traitement des fractures et luxations aigu\u00ebs peuvent s&rsquo;appuyer sur les conseils fournis par la Commission des accidents du travail pour prendre des d\u00e9cisions \u00e9clair\u00e9es quant au niveau de soins le plus appropri\u00e9 pour leurs patients.<\/p>\n<p>Il est important de souligner que ces lignes directrices ne sont pas destin\u00e9es \u00e0 remplacer le jugement clinique ou l&rsquo;expertise professionnelle. La d\u00e9cision finale concernant la prise en charge des fractures et luxations aigu\u00ebs doit faire l&rsquo;objet d&rsquo;une collaboration entre le patient et son prestataire de soins.<\/p>\n<p>Les d\u00e9cisions relatives \u00e0 la n\u00e9cessit\u00e9 d&rsquo;une intervention chirurgicale en cas de l\u00e9sions traumatiques aigu\u00ebs d\u00e9pendent du type de l\u00e9sion et du risque de l\u00e9sions neurologiques \u00e0 long terme. Les traumatismes peuvent entra\u00eener des hernies discales aigu\u00ebs.<\/p>\n<p>&nbsp;<\/p>\n<h3>Immobilisation du halo<\/h3>\n<p><strong>Description :<\/strong> Cette intervention limite les mouvements de flexion-extension, la veste halo assurant un contr\u00f4le significatif mais non complet de la rotation. Il peut \u00eatre efficace pour traiter les l\u00e9sions instables de la colonne cervicale.<br \/>\nComplications : Les complications possibles sont l&rsquo;infection de la broche, le desserrage de la broche et la paralysie du sixi\u00e8me nerf cr\u00e2nien.<\/p>\n<p><strong>Indications chirurgicales :<\/strong> Utilis\u00e9 dans les cas de fractures cervicales n\u00e9cessitant une restriction presque totale du contr\u00f4le de la rotation. Il permet d&rsquo;\u00e9viter le d\u00e9logement du greffon, le d\u00e9salignement de la colonne vert\u00e9brale ou la pseudarthrose. La d\u00e9cision d&rsquo;utiliser un halo est laiss\u00e9e \u00e0 l&rsquo;appr\u00e9ciation du chirurgien en fonction de la blessure sp\u00e9cifique du patient.<br \/>\nTraitement op\u00e9ratoire : La mise en place des broches et de l&rsquo;appareil<\/p>\n<p><strong>Soins post-op\u00e9ratoires :<\/strong> Ils peuvent inclure la traction pour le r\u00e9alignement et\/ou la r\u00e9duction de la fracture (montant d\u00e9termin\u00e9 par le chirurgien), la th\u00e9rapie active et\/ou passive, et les soins des broches.<\/p>\n<p>&nbsp;<\/p>\n<h3>D\u00e9compression ant\u00e9rieure et\/ou post\u00e9rieure avec fusion :<\/h3>\n<p><strong>Description :<\/strong> Cette proc\u00e9dure vise \u00e0 r\u00e9duire la pression sur la moelle \u00e9pini\u00e8re cervicale et les racines nerveuses, tout en se concentrant sur l&rsquo;alignement et la stabilisation de la colonne vert\u00e9brale. Elle peut impliquer l&rsquo;utilisation de greffes osseuses, souvent associ\u00e9es \u00e0 des instruments rachidiens, pour cr\u00e9er une connexion solide entre deux ou plusieurs vert\u00e8bres adjacentes.<br \/>\nComplications : Les complications possibles sont les suivantes : d\u00e9faillance de l&rsquo;instrumentation (desserrage de la vis, d\u00e9faillance de la plaque ou d\u00e9logement), douleur au niveau du site du greffon osseux, mortalit\u00e9 \u00e0 l&rsquo;h\u00f4pital, infection profonde de la plaie, infection superficielle, extrusion du greffon, fuite de liquide c\u00e9phalo-rachidien (LCR), l\u00e9sion du nerf laryng\u00e9 (avec l&rsquo;approche ant\u00e9rieure), paralysie et cyphose iatrog\u00e8ne.<\/p>\n<p><strong>Indications chirurgicales<\/strong>: Cette intervention est recommand\u00e9e lorsqu&rsquo;il existe un d\u00e9ficit neurologique important ou progressif accompagn\u00e9 d&rsquo;une atteinte du canal rachidien et\/ou d&rsquo;une instabilit\u00e9 de la colonne vert\u00e9brale.<br \/>\nTraitement chirurgical : La d\u00e9compression chirurgicale ant\u00e9rieure et\/ou post\u00e9rieure de la colonne cervicale est largement accept\u00e9e. Le choix est guid\u00e9 par la localisation de la pathologie compressive et la pr\u00e9sence d&rsquo;autres l\u00e9sions concomitantes.<\/p>\n<p><strong>Soins post-op\u00e9ratoires :<\/strong> Apr\u00e8s l&rsquo;op\u00e9ration, une attelle cervicale, des s\u00e9ances de kin\u00e9sith\u00e9rapie et d&rsquo;ergoth\u00e9rapie peuvent \u00eatre n\u00e9cessaires (g\u00e9n\u00e9ralement 6 \u00e0 12 semaines en cas d&rsquo;arthrod\u00e8se). La r\u00e9\u00e9ducation pr\u00e9coce doit inclure des programmes \u00e0 domicile avec des instructions sur les activit\u00e9s de la vie quotidienne, la position assise, la posture et un r\u00e9gime de marche quotidien. L&rsquo;orientation vers un programme de r\u00e9\u00e9ducation formel, mettant l&rsquo;accent sur le renforcement cervical, scapulaire et thoracique, et la restauration de l&rsquo;amplitude des mouvements, est appropri\u00e9e une fois que l&rsquo;arthrod\u00e8se est solide et ne pr\u00e9sente pas de complications. Le traitement actif, que les patients doivent avoir suivi avant l&rsquo;op\u00e9ration, doit souvent \u00eatre r\u00e9p\u00e9t\u00e9. Les objectifs du programme de th\u00e9rapie doivent consister \u00e0 enseigner au patient un r\u00e9gime d&rsquo;exercices \u00e0 domicile \u00e0 long terme.<\/p>\n","protected":false},"excerpt":{"rendered":"<p>Les lignes directrices \u00e9tablies par la Commission des accidents du travail de l&rsquo;\u00c9tat de New York sont con\u00e7ues pour aider les professionnels de la sant\u00e9 \u00e0 prendre en charge les fractures et luxations aigu\u00ebs. Ces directives visent \u00e0 aider les m\u00e9decins et les praticiens de sant\u00e9 \u00e0 d\u00e9terminer le traitement appropri\u00e9 pour les personnes souffrant [&hellip;]<\/p>\n","protected":false},"author":33,"featured_media":0,"parent":22205,"menu_order":0,"comment_status":"closed","ping_status":"closed","template":"","meta":{"_et_pb_use_builder":"","_et_pb_old_content":"","_et_gb_content_width":"","footnotes":""},"class_list":["post-22148","page","type-page","status-publish","hentry"],"yoast_head":"<!-- This site is optimized with the Yoast SEO plugin v27.2 - https:\/\/yoast.com\/product\/yoast-seo-wordpress\/ -->\n<title>Directives de traitement m\u00e9dical de l&#039;\u00c9tat de New York pour les patients souffrant de fractures et de luxations aigu\u00ebs dans le cadre de l&#039;indemnisation des accidents du travail | Best Hip &amp; Knee Surgeon | NY, USA<\/title>\n<meta name=\"description\" content=\"Les lignes directrices \u00e9tablies par la Commission des accidents du travail de l&#039;\u00c9tat de New York sont con\u00e7ues pour aider les professionnels de la sant\u00e9 \u00e0\" \/>\n<meta name=\"robots\" content=\"index, follow, max-snippet:-1, max-image-preview:large, max-video-preview:-1\" \/>\n<link rel=\"canonical\" href=\"https:\/\/www.newyorkhipknee.com\/fr\/indemnisation-des-travailleurs\/lignes-directrices-pour-les-traitements-medicaux-mtg\/blessure-au-cou\/procedures-therapeutiques-operatoire-2\/fractures-et-luxations-aigues\/\" \/>\n<meta property=\"og:locale\" content=\"fr_FR\" \/>\n<meta property=\"og:type\" content=\"article\" \/>\n<meta property=\"og:title\" content=\"Directives de traitement m\u00e9dical de l&#039;\u00c9tat de New York pour les patients souffrant de fractures et de luxations aigu\u00ebs dans le cadre de l&#039;indemnisation des accidents du travail | Best Hip &amp; Knee Surgeon | NY, USA\" \/>\n<meta property=\"og:description\" content=\"Les lignes directrices \u00e9tablies par la Commission des accidents du travail de l&#039;\u00c9tat de New York sont con\u00e7ues pour aider les professionnels de la sant\u00e9 \u00e0\" \/>\n<meta property=\"og:url\" content=\"https:\/\/www.newyorkhipknee.com\/fr\/indemnisation-des-travailleurs\/lignes-directrices-pour-les-traitements-medicaux-mtg\/blessure-au-cou\/procedures-therapeutiques-operatoire-2\/fractures-et-luxations-aigues\/\" \/>\n<meta property=\"og:site_name\" content=\"Best Hip &amp; Knee Surgeon | NY, USA\" \/>\n<meta property=\"article:modified_time\" content=\"2024-01-30T16:52:58+00:00\" \/>\n<meta name=\"twitter:card\" content=\"summary_large_image\" \/>\n<meta name=\"twitter:label1\" content=\"Dur\u00e9e de lecture estim\u00e9e\" \/>\n\t<meta name=\"twitter:data1\" content=\"4 minutes\" \/>\n<script type=\"application\/ld+json\" class=\"yoast-schema-graph\">{\"@context\":\"https:\/\/schema.org\",\"@graph\":[{\"@type\":[\"WebPage\",\"MedicalWebPage\"],\"@id\":\"https:\/\/www.newyorkhipknee.com\/fr\/indemnisation-des-travailleurs\/lignes-directrices-pour-les-traitements-medicaux-mtg\/blessure-au-cou\/procedures-therapeutiques-operatoire-2\/fractures-et-luxations-aigues\/\",\"url\":\"https:\/\/www.newyorkhipknee.com\/fr\/indemnisation-des-travailleurs\/lignes-directrices-pour-les-traitements-medicaux-mtg\/blessure-au-cou\/procedures-therapeutiques-operatoire-2\/fractures-et-luxations-aigues\/\",\"name\":\"Directives de traitement m\u00e9dical de l'\u00c9tat de New York pour les patients souffrant de fractures et de luxations aigu\u00ebs dans le cadre de l'indemnisation des accidents du travail | Best Hip &amp; Knee Surgeon | NY, USA\",\"isPartOf\":{\"@id\":\"https:\/\/www.newyorkhipknee.com\/fr\/#website\"},\"datePublished\":\"2024-01-05T17:27:21+00:00\",\"dateModified\":\"2024-01-30T16:52:58+00:00\",\"description\":\"Les lignes directrices \u00e9tablies par la Commission des accidents du travail de l'\u00c9tat de New York sont con\u00e7ues pour aider les professionnels de la sant\u00e9 \u00e0\",\"breadcrumb\":{\"@id\":\"https:\/\/www.newyorkhipknee.com\/fr\/indemnisation-des-travailleurs\/lignes-directrices-pour-les-traitements-medicaux-mtg\/blessure-au-cou\/procedures-therapeutiques-operatoire-2\/fractures-et-luxations-aigues\/#breadcrumb\"},\"inLanguage\":\"fr-FR\",\"potentialAction\":[{\"@type\":\"ReadAction\",\"target\":[\"https:\/\/www.newyorkhipknee.com\/fr\/indemnisation-des-travailleurs\/lignes-directrices-pour-les-traitements-medicaux-mtg\/blessure-au-cou\/procedures-therapeutiques-operatoire-2\/fractures-et-luxations-aigues\/\"]}]},{\"@type\":\"BreadcrumbList\",\"@id\":\"https:\/\/www.newyorkhipknee.com\/fr\/indemnisation-des-travailleurs\/lignes-directrices-pour-les-traitements-medicaux-mtg\/blessure-au-cou\/procedures-therapeutiques-operatoire-2\/fractures-et-luxations-aigues\/#breadcrumb\",\"itemListElement\":[{\"@type\":\"ListItem\",\"position\":1,\"name\":\"Home\",\"item\":\"https:\/\/www.newyorkhipknee.com\/fr\/\"},{\"@type\":\"ListItem\",\"position\":2,\"name\":\"Indemnisation des travailleurs\",\"item\":\"https:\/\/www.newyorkhipknee.com\/fr\/indemnisation-des-travailleurs\/\"},{\"@type\":\"ListItem\",\"position\":3,\"name\":\"Lignes directrices pour les traitements m\u00e9dicaux (MTG)\",\"item\":\"https:\/\/www.newyorkhipknee.com\/fr\/indemnisation-des-travailleurs\/lignes-directrices-pour-les-traitements-medicaux-mtg\/\"},{\"@type\":\"ListItem\",\"position\":4,\"name\":\"Directives m\u00e9dicales de l&rsquo;\u00c9tat de New York pour le traitement des l\u00e9sions cervicales chez les patients indemnis\u00e9s au titre de la l\u00e9gislation sur les accidents du travail\",\"item\":\"https:\/\/www.newyorkhipknee.com\/fr\/indemnisation-des-travailleurs\/lignes-directrices-pour-les-traitements-medicaux-mtg\/blessure-au-cou\/\"},{\"@type\":\"ListItem\",\"position\":5,\"name\":\"Proc\u00e9dures th\u00e9rapeutiques : Op\u00e9ratoire\",\"item\":\"https:\/\/www.newyorkhipknee.com\/fr\/indemnisation-des-travailleurs\/lignes-directrices-pour-les-traitements-medicaux-mtg\/blessure-au-cou\/procedures-therapeutiques-operatoire-2\/\"},{\"@type\":\"ListItem\",\"position\":6,\"name\":\"Directives de traitement m\u00e9dical de l&rsquo;\u00c9tat de New York pour les patients souffrant de fractures et de luxations aigu\u00ebs dans le cadre de l&rsquo;indemnisation des accidents du travail\"}]},{\"@type\":\"WebSite\",\"@id\":\"https:\/\/www.newyorkhipknee.com\/fr\/#website\",\"url\":\"https:\/\/www.newyorkhipknee.com\/fr\/\",\"name\":\"Best Hip & Knee Surgeon | NY, USA\",\"description\":\"\",\"potentialAction\":[{\"@type\":\"SearchAction\",\"target\":{\"@type\":\"EntryPoint\",\"urlTemplate\":\"https:\/\/www.newyorkhipknee.com\/fr\/?s={search_term_string}\"},\"query-input\":{\"@type\":\"PropertyValueSpecification\",\"valueRequired\":true,\"valueName\":\"search_term_string\"}}],\"inLanguage\":\"fr-FR\"}]}<\/script>\n<!-- \/ Yoast SEO plugin. -->","yoast_head_json":{"title":"Directives de traitement m\u00e9dical de l'\u00c9tat de New York pour les patients souffrant de fractures et de luxations aigu\u00ebs dans le cadre de l'indemnisation des accidents du travail | Best Hip &amp; Knee Surgeon | NY, USA","description":"Les lignes directrices \u00e9tablies par la Commission des accidents du travail de l'\u00c9tat de New York sont con\u00e7ues pour aider les professionnels de la sant\u00e9 \u00e0","robots":{"index":"index","follow":"follow","max-snippet":"max-snippet:-1","max-image-preview":"max-image-preview:large","max-video-preview":"max-video-preview:-1"},"canonical":"https:\/\/www.newyorkhipknee.com\/fr\/indemnisation-des-travailleurs\/lignes-directrices-pour-les-traitements-medicaux-mtg\/blessure-au-cou\/procedures-therapeutiques-operatoire-2\/fractures-et-luxations-aigues\/","og_locale":"fr_FR","og_type":"article","og_title":"Directives de traitement m\u00e9dical de l'\u00c9tat de New York pour les patients souffrant de fractures et de luxations aigu\u00ebs dans le cadre de l'indemnisation des accidents du travail | Best Hip &amp; Knee Surgeon | NY, USA","og_description":"Les lignes directrices \u00e9tablies par la Commission des accidents du travail de l'\u00c9tat de New York sont con\u00e7ues pour aider les professionnels de la sant\u00e9 \u00e0","og_url":"https:\/\/www.newyorkhipknee.com\/fr\/indemnisation-des-travailleurs\/lignes-directrices-pour-les-traitements-medicaux-mtg\/blessure-au-cou\/procedures-therapeutiques-operatoire-2\/fractures-et-luxations-aigues\/","og_site_name":"Best Hip &amp; Knee Surgeon | NY, USA","article_modified_time":"2024-01-30T16:52:58+00:00","twitter_card":"summary_large_image","twitter_misc":{"Dur\u00e9e de lecture estim\u00e9e":"4 minutes"},"schema":{"@context":"https:\/\/schema.org","@graph":[{"@type":["WebPage","MedicalWebPage"],"@id":"https:\/\/www.newyorkhipknee.com\/fr\/indemnisation-des-travailleurs\/lignes-directrices-pour-les-traitements-medicaux-mtg\/blessure-au-cou\/procedures-therapeutiques-operatoire-2\/fractures-et-luxations-aigues\/","url":"https:\/\/www.newyorkhipknee.com\/fr\/indemnisation-des-travailleurs\/lignes-directrices-pour-les-traitements-medicaux-mtg\/blessure-au-cou\/procedures-therapeutiques-operatoire-2\/fractures-et-luxations-aigues\/","name":"Directives de traitement m\u00e9dical de l'\u00c9tat de New York pour les patients souffrant de fractures et de luxations aigu\u00ebs dans le cadre de l'indemnisation des accidents du travail | Best Hip &amp; Knee Surgeon | NY, USA","isPartOf":{"@id":"https:\/\/www.newyorkhipknee.com\/fr\/#website"},"datePublished":"2024-01-05T17:27:21+00:00","dateModified":"2024-01-30T16:52:58+00:00","description":"Les lignes directrices \u00e9tablies par la Commission des accidents du travail de l'\u00c9tat de New York sont con\u00e7ues pour aider les professionnels de la sant\u00e9 \u00e0","breadcrumb":{"@id":"https:\/\/www.newyorkhipknee.com\/fr\/indemnisation-des-travailleurs\/lignes-directrices-pour-les-traitements-medicaux-mtg\/blessure-au-cou\/procedures-therapeutiques-operatoire-2\/fractures-et-luxations-aigues\/#breadcrumb"},"inLanguage":"fr-FR","potentialAction":[{"@type":"ReadAction","target":["https:\/\/www.newyorkhipknee.com\/fr\/indemnisation-des-travailleurs\/lignes-directrices-pour-les-traitements-medicaux-mtg\/blessure-au-cou\/procedures-therapeutiques-operatoire-2\/fractures-et-luxations-aigues\/"]}]},{"@type":"BreadcrumbList","@id":"https:\/\/www.newyorkhipknee.com\/fr\/indemnisation-des-travailleurs\/lignes-directrices-pour-les-traitements-medicaux-mtg\/blessure-au-cou\/procedures-therapeutiques-operatoire-2\/fractures-et-luxations-aigues\/#breadcrumb","itemListElement":[{"@type":"ListItem","position":1,"name":"Home","item":"https:\/\/www.newyorkhipknee.com\/fr\/"},{"@type":"ListItem","position":2,"name":"Indemnisation des travailleurs","item":"https:\/\/www.newyorkhipknee.com\/fr\/indemnisation-des-travailleurs\/"},{"@type":"ListItem","position":3,"name":"Lignes directrices pour les traitements m\u00e9dicaux (MTG)","item":"https:\/\/www.newyorkhipknee.com\/fr\/indemnisation-des-travailleurs\/lignes-directrices-pour-les-traitements-medicaux-mtg\/"},{"@type":"ListItem","position":4,"name":"Directives m\u00e9dicales de l&rsquo;\u00c9tat de New York pour le traitement des l\u00e9sions cervicales chez les patients indemnis\u00e9s au titre de la l\u00e9gislation sur les accidents du travail","item":"https:\/\/www.newyorkhipknee.com\/fr\/indemnisation-des-travailleurs\/lignes-directrices-pour-les-traitements-medicaux-mtg\/blessure-au-cou\/"},{"@type":"ListItem","position":5,"name":"Proc\u00e9dures th\u00e9rapeutiques : Op\u00e9ratoire","item":"https:\/\/www.newyorkhipknee.com\/fr\/indemnisation-des-travailleurs\/lignes-directrices-pour-les-traitements-medicaux-mtg\/blessure-au-cou\/procedures-therapeutiques-operatoire-2\/"},{"@type":"ListItem","position":6,"name":"Directives de traitement m\u00e9dical de l&rsquo;\u00c9tat de New York pour les patients souffrant de fractures et de luxations aigu\u00ebs dans le cadre de l&rsquo;indemnisation des accidents du travail"}]},{"@type":"WebSite","@id":"https:\/\/www.newyorkhipknee.com\/fr\/#website","url":"https:\/\/www.newyorkhipknee.com\/fr\/","name":"Best Hip & Knee Surgeon | NY, USA","description":"","potentialAction":[{"@type":"SearchAction","target":{"@type":"EntryPoint","urlTemplate":"https:\/\/www.newyorkhipknee.com\/fr\/?s={search_term_string}"},"query-input":{"@type":"PropertyValueSpecification","valueRequired":true,"valueName":"search_term_string"}}],"inLanguage":"fr-FR"}]}},"_links":{"self":[{"href":"https:\/\/www.newyorkhipknee.com\/fr\/wp-json\/wp\/v2\/pages\/22148","targetHints":{"allow":["GET"]}}],"collection":[{"href":"https:\/\/www.newyorkhipknee.com\/fr\/wp-json\/wp\/v2\/pages"}],"about":[{"href":"https:\/\/www.newyorkhipknee.com\/fr\/wp-json\/wp\/v2\/types\/page"}],"author":[{"embeddable":true,"href":"https:\/\/www.newyorkhipknee.com\/fr\/wp-json\/wp\/v2\/users\/33"}],"replies":[{"embeddable":true,"href":"https:\/\/www.newyorkhipknee.com\/fr\/wp-json\/wp\/v2\/comments?post=22148"}],"version-history":[{"count":0,"href":"https:\/\/www.newyorkhipknee.com\/fr\/wp-json\/wp\/v2\/pages\/22148\/revisions"}],"up":[{"embeddable":true,"href":"https:\/\/www.newyorkhipknee.com\/fr\/wp-json\/wp\/v2\/pages\/22205"}],"wp:attachment":[{"href":"https:\/\/www.newyorkhipknee.com\/fr\/wp-json\/wp\/v2\/media?parent=22148"}],"curies":[{"name":"wp","href":"https:\/\/api.w.org\/{rel}","templated":true}]}}