{"id":22156,"date":"2024-01-22T12:18:53","date_gmt":"2024-01-22T17:18:53","guid":{"rendered":"https:\/\/newyorkhipknee.com\/lesion-du-ligament-croise-anterieur-lca\/"},"modified":"2024-01-30T11:23:52","modified_gmt":"2024-01-30T16:23:52","slug":"lesion-du-ligament-croise-anterieur-lca","status":"publish","type":"page","link":"https:\/\/www.newyorkhipknee.com\/fr\/indemnisation-des-travailleurs\/lignes-directrices-pour-les-traitements-medicaux-mtg\/blessure-au-genou\/lesion-du-ligament-croise-anterieur-lca\/","title":{"rendered":"Lignes directrices de l&rsquo;\u00c9tat de New York pour le traitement m\u00e9dical des l\u00e9sions du ligament crois\u00e9 ant\u00e9rieur (LCA) chez les travailleurs indemnis\u00e9s"},"content":{"rendered":"<div class=\"flex-1 overflow-hidden\">\n<div class=\"react-scroll-to-bottom--css-zsbdf-79elbk h-full\">\n<div class=\"react-scroll-to-bottom--css-zsbdf-1n7m0yu\">\n<div class=\"flex flex-col pb-9 text-sm\">\n<div class=\"w-full text-token-text-primary\" data-testid=\"conversation-turn-3\">\n<div class=\"px-4 py-2 justify-center text-base md:gap-6 m-auto\">\n<div class=\"flex flex-1 text-base mx-auto gap-3 md:px-5 lg:px-1 xl:px-5 md:max-w-3xl lg:max-w-[40rem] xl:max-w-[48rem] group final-completion\">\n<div class=\"relative flex w-full flex-col lg:w-[calc(100%-115px)] agent-turn\">\n<div class=\"flex-col gap-1 md:gap-3\">\n<div class=\"flex flex-grow flex-col max-w-full\">\n<div class=\"min-h-[20px] text-message flex flex-col items-start gap-3 whitespace-pre-wrap break-words [.text-message+&amp;]:mt-5 overflow-x-auto\" data-message-author-role=\"assistant\" data-message-id=\"cf92c62d-bfe3-4686-bb5c-2dcad3f67469\">\n<div class=\"markdown prose w-full break-words dark:prose-invert dark\">\n<p>Les lignes directrices pour le traitement des l\u00e9sions du ligament crois\u00e9 ant\u00e9rieur (LCA) ont \u00e9t\u00e9 \u00e9labor\u00e9es par la commission des accidents du travail de l&rsquo;\u00c9tat de New York. Leur objectif est d&rsquo;aider les m\u00e9decins et les professionnels de la sant\u00e9 \u00e0 d\u00e9terminer le traitement appropri\u00e9 pour cette maladie.<\/p>\n<p>Les professionnels de la sant\u00e9 qui prennent en charge les l\u00e9sions du ligament crois\u00e9 ant\u00e9rieur (LCA) peuvent utiliser ces lignes directrices de la Commission des accidents du travail pour prendre des d\u00e9cisions \u00e9clair\u00e9es sur le meilleur niveau de soins \u00e0 apporter \u00e0 leurs patients.<\/p>\n<p>Il est essentiel de souligner que ces lignes directrices ne sont pas destin\u00e9es \u00e0 remplacer le jugement clinique ou l&rsquo;expertise professionnelle. La d\u00e9cision finale concernant les soins doit \u00eatre prise en collaboration, avec la participation du patient et de son prestataire de soins.<\/p>\n<h3><\/h3>\n<h3><strong>Description \/ D\u00e9finition<\/strong><\/h3>\n<p>Rupture ou rupture partielle du ligament crois\u00e9 ant\u00e9rieur ; peut \u00eatre associ\u00e9e \u00e0 d&rsquo;autres troubles internes du genou.<\/p>\n<p>&nbsp;<\/p>\n<h3><strong>M\u00e9canisme de la l\u00e9sion<\/strong><\/h3>\n<p>Peut \u00eatre caus\u00e9 par pratiquement n&rsquo;importe quelle force traumatique sur le genou, mais le plus souvent par une force de torsion ou d&rsquo;hyperextension.<\/p>\n<p>&nbsp;<\/p>\n<h3><strong>Observations physiques sp\u00e9cifiques<\/strong><\/h3>\n<p>L&rsquo;examen physique r\u00e9v\u00e8le la pr\u00e9sence d&rsquo;un \u00e9panchement ou d&rsquo;une h\u00e9marthrose, d&rsquo;une instabilit\u00e9, d&rsquo;un test de Lachman, d&rsquo;un test de pivotement et d&rsquo;un test du tiroir ant\u00e9rieur.<\/p>\n<p>&nbsp;<\/p>\n<h3><strong>Proc\u00e9dures de test de diagnostic<\/strong><\/h3>\n<p>IRM, radiographies<br \/>\nRecommand\u00e9 &#8211; chez certains patients.<br \/>\nIndications : Peut montrer une partie avuls\u00e9e de l&rsquo;\u00e9pine tibiale, mais c&rsquo;est une d\u00e9couverte rare.<\/p>\n<p>&nbsp;<\/p>\n<div class=\"flex-1 overflow-hidden\">\n<div class=\"react-scroll-to-bottom--css-zsbdf-79elbk h-full\">\n<div class=\"react-scroll-to-bottom--css-zsbdf-1n7m0yu\">\n<div class=\"flex flex-col pb-9 text-sm\">\n<div class=\"w-full text-token-text-primary\" data-testid=\"conversation-turn-5\">\n<div class=\"px-4 py-2 justify-center text-base md:gap-6 m-auto\">\n<div class=\"flex flex-1 text-base mx-auto gap-3 md:px-5 lg:px-1 xl:px-5 md:max-w-3xl lg:max-w-[40rem] xl:max-w-[48rem] group final-completion\">\n<div class=\"relative flex w-full flex-col lg:w-[calc(100%-115px)] agent-turn\">\n<div class=\"flex-col gap-1 md:gap-3\">\n<div class=\"flex flex-grow flex-col max-w-full\">\n<div class=\"min-h-[20px] text-message flex flex-col items-start gap-3 whitespace-pre-wrap break-words [.text-message+&amp;]:mt-5 overflow-x-auto\" data-message-author-role=\"assistant\" data-message-id=\"df85557e-4c38-48d4-a464-1103fe338f51\">\n<div class=\"markdown prose w-full break-words dark:prose-invert dark\">\n<h3><strong>Traitement non op\u00e9ratoire<\/strong><\/h3>\n<p>Recommand\u00e9 &#8211; chez certains patients selon les indications cliniques.<br \/>\nRepos\/activit\u00e9 restreinte, mise en d\u00e9charge avec des b\u00e9quilles ou une canne, glace, \u00e9l\u00e9vation, attelle, pl\u00e2tre, orth\u00e8ses, r\u00e9\u00e9ducation et th\u00e9rapie active et\/ou passive, AINS, APAP et injections th\u00e9rapeutiques.<\/p>\n<p>&nbsp;<\/p>\n<h3><strong>Indications chirurgicales \/ Traitement op\u00e9ratoire<\/strong><\/h3>\n<p>Si une approche non chirurgicale est initialement recommand\u00e9e, une intervention chirurgicale peut \u00eatre indiqu\u00e9e apr\u00e8s l&rsquo;\u00e9chec d&rsquo;un traitement conservateur. Le patient doit continuer \u00e0 pr\u00e9senter les r\u00e9sultats objectifs, les sympt\u00f4mes subjectifs et (le cas \u00e9ch\u00e9ant) les r\u00e9sultats d&rsquo;imagerie d\u00e9sign\u00e9s.<br \/>\nRecommand\u00e9 &#8211; chez certains patients selon les indications cliniques.<\/p>\n<h3><\/h3>\n<h3><strong>Th\u00e9rapie post-op\u00e9ratoire<\/strong><\/h3>\n<p>Th\u00e9rapie, attelle.<br \/>\nRecommand\u00e9 &#8211; chez certains patients selon les indications cliniques.<\/p>\n<p>&nbsp;<\/p>\n<\/div>\n<div class=\"flex flex-grow flex-col max-w-full\"><\/div>\n<div class=\"mt-1 flex justify-start gap-3 empty:hidden\">\n<div class=\"text-gray-400 flex self-end lg:self-center justify-center lg:justify-start mt-0 -ml-1 visible\">\n<p>&nbsp;<\/p>\n<\/div>\n<\/div>\n<\/div>\n<\/div>\n<div class=\"mt-1 flex justify-start gap-3 empty:hidden\">\n<div class=\"text-gray-400 flex self-end lg:self-center justify-center lg:justify-start mt-0 -ml-1 visible\">\n<p>&nbsp;<\/p>\n<div class=\"flex\"><\/div>\n<div class=\"flex items-center gap-1.5 text-xs\"><\/div>\n<\/div>\n<\/div>\n<\/div>\n<\/div>\n<\/div>\n<\/div>\n<\/div>\n<\/div>\n<\/div>\n<\/div>\n<\/div>\n<div class=\"w-full pt-2 md:pt-0 dark:border-white\/20 md:border-transparent md:dark:border-transparent md:w-[calc(100%-.5rem)]\">\n<form class=\"stretch mx-2 flex flex-row gap-3 last:mb-2 md:mx-4 md:last:mb-6 lg:mx-auto lg:max-w-2xl xl:max-w-3xl\">\n<div class=\"relative flex h-full flex-1 items-stretch md:flex-col\">\n<div class=\"flex w-full items-center\"><\/div>\n<\/div>\n<\/form>\n<\/div>\n<\/div>\n<\/div>\n<\/div>\n<div class=\"mt-1 flex justify-start gap-3 empty:hidden\">\n<div class=\"text-gray-400 flex self-end lg:self-center justify-center lg:justify-start mt-0 -ml-1 visible\">\n<p>&nbsp;<\/p>\n<div class=\"flex\"><\/div>\n<div class=\"flex items-center gap-1.5 text-xs\"><\/div>\n<\/div>\n<\/div>\n<\/div>\n<\/div>\n<\/div>\n<\/div>\n<\/div>\n<\/div>\n<\/div>\n<\/div>\n<\/div>\n<div class=\"w-full pt-2 md:pt-0 dark:border-white\/20 md:border-transparent md:dark:border-transparent md:w-[calc(100%-.5rem)]\">\n<form class=\"stretch mx-2 flex flex-row gap-3 last:mb-2 md:mx-4 md:last:mb-6 lg:mx-auto lg:max-w-2xl xl:max-w-3xl\">\n<div class=\"relative flex h-full flex-1 items-stretch md:flex-col\">\n<div class=\"flex w-full items-center\"><\/div>\n<\/div>\n<\/form>\n<\/div>\n","protected":false},"excerpt":{"rendered":"<p>Les lignes directrices pour le traitement des l\u00e9sions du ligament crois\u00e9 ant\u00e9rieur (LCA) ont \u00e9t\u00e9 \u00e9labor\u00e9es par la commission des accidents du travail de l&rsquo;\u00c9tat de New York. Leur objectif est d&rsquo;aider les m\u00e9decins et les professionnels de la sant\u00e9 \u00e0 d\u00e9terminer le traitement appropri\u00e9 pour cette maladie. Les professionnels de la sant\u00e9 qui prennent [&hellip;]<\/p>\n","protected":false},"author":33,"featured_media":0,"parent":22287,"menu_order":0,"comment_status":"closed","ping_status":"closed","template":"","meta":{"_et_pb_use_builder":"","_et_pb_old_content":"","_et_gb_content_width":"","footnotes":""},"class_list":["post-22156","page","type-page","status-publish","hentry"],"yoast_head":"<!-- This site is optimized with the Yoast SEO plugin v27.2 - https:\/\/yoast.com\/product\/yoast-seo-wordpress\/ -->\n<title>Lignes directrices de l&#039;\u00c9tat de New York pour le traitement m\u00e9dical des l\u00e9sions du ligament crois\u00e9 ant\u00e9rieur (LCA) chez les travailleurs indemnis\u00e9s | Best Hip &amp; Knee Surgeon | NY, USA<\/title>\n<meta name=\"description\" content=\"Les lignes directrices pour le traitement des l\u00e9sions du ligament crois\u00e9 ant\u00e9rieur (LCA) ont \u00e9t\u00e9 \u00e9labor\u00e9es par la commission des accidents du travail de\" \/>\n<meta name=\"robots\" content=\"index, follow, max-snippet:-1, max-image-preview:large, max-video-preview:-1\" \/>\n<link rel=\"canonical\" href=\"https:\/\/www.newyorkhipknee.com\/fr\/indemnisation-des-travailleurs\/lignes-directrices-pour-les-traitements-medicaux-mtg\/blessure-au-genou\/lesion-du-ligament-croise-anterieur-lca\/\" \/>\n<meta property=\"og:locale\" content=\"fr_FR\" \/>\n<meta property=\"og:type\" content=\"article\" \/>\n<meta property=\"og:title\" content=\"Lignes directrices de l&#039;\u00c9tat de New York pour le traitement m\u00e9dical des l\u00e9sions du ligament crois\u00e9 ant\u00e9rieur (LCA) chez les travailleurs indemnis\u00e9s | Best Hip &amp; Knee Surgeon | NY, USA\" \/>\n<meta property=\"og:description\" content=\"Les lignes directrices pour le traitement des l\u00e9sions du ligament crois\u00e9 ant\u00e9rieur (LCA) ont \u00e9t\u00e9 \u00e9labor\u00e9es par la commission des accidents du travail de\" \/>\n<meta property=\"og:url\" content=\"https:\/\/www.newyorkhipknee.com\/fr\/indemnisation-des-travailleurs\/lignes-directrices-pour-les-traitements-medicaux-mtg\/blessure-au-genou\/lesion-du-ligament-croise-anterieur-lca\/\" \/>\n<meta property=\"og:site_name\" content=\"Best Hip &amp; Knee Surgeon | NY, USA\" \/>\n<meta property=\"article:modified_time\" content=\"2024-01-30T16:23:52+00:00\" \/>\n<meta name=\"twitter:card\" content=\"summary_large_image\" \/>\n<meta name=\"twitter:label1\" content=\"Dur\u00e9e de lecture estim\u00e9e\" \/>\n\t<meta name=\"twitter:data1\" content=\"2 minutes\" \/>\n<script type=\"application\/ld+json\" class=\"yoast-schema-graph\">{\"@context\":\"https:\/\/schema.org\",\"@graph\":[{\"@type\":[\"WebPage\",\"MedicalWebPage\"],\"@id\":\"https:\/\/www.newyorkhipknee.com\/fr\/indemnisation-des-travailleurs\/lignes-directrices-pour-les-traitements-medicaux-mtg\/blessure-au-genou\/lesion-du-ligament-croise-anterieur-lca\/\",\"url\":\"https:\/\/www.newyorkhipknee.com\/fr\/indemnisation-des-travailleurs\/lignes-directrices-pour-les-traitements-medicaux-mtg\/blessure-au-genou\/lesion-du-ligament-croise-anterieur-lca\/\",\"name\":\"Lignes directrices de l'\u00c9tat de New York pour le traitement m\u00e9dical des l\u00e9sions du ligament crois\u00e9 ant\u00e9rieur (LCA) chez les travailleurs indemnis\u00e9s | Best Hip &amp; Knee Surgeon | NY, USA\",\"isPartOf\":{\"@id\":\"https:\/\/www.newyorkhipknee.com\/fr\/#website\"},\"datePublished\":\"2024-01-22T17:18:53+00:00\",\"dateModified\":\"2024-01-30T16:23:52+00:00\",\"description\":\"Les lignes directrices pour le traitement des l\u00e9sions du ligament crois\u00e9 ant\u00e9rieur (LCA) ont \u00e9t\u00e9 \u00e9labor\u00e9es par la commission des accidents du travail de\",\"breadcrumb\":{\"@id\":\"https:\/\/www.newyorkhipknee.com\/fr\/indemnisation-des-travailleurs\/lignes-directrices-pour-les-traitements-medicaux-mtg\/blessure-au-genou\/lesion-du-ligament-croise-anterieur-lca\/#breadcrumb\"},\"inLanguage\":\"fr-FR\",\"potentialAction\":[{\"@type\":\"ReadAction\",\"target\":[\"https:\/\/www.newyorkhipknee.com\/fr\/indemnisation-des-travailleurs\/lignes-directrices-pour-les-traitements-medicaux-mtg\/blessure-au-genou\/lesion-du-ligament-croise-anterieur-lca\/\"]}]},{\"@type\":\"BreadcrumbList\",\"@id\":\"https:\/\/www.newyorkhipknee.com\/fr\/indemnisation-des-travailleurs\/lignes-directrices-pour-les-traitements-medicaux-mtg\/blessure-au-genou\/lesion-du-ligament-croise-anterieur-lca\/#breadcrumb\",\"itemListElement\":[{\"@type\":\"ListItem\",\"position\":1,\"name\":\"Home\",\"item\":\"https:\/\/www.newyorkhipknee.com\/fr\/\"},{\"@type\":\"ListItem\",\"position\":2,\"name\":\"Indemnisation des travailleurs\",\"item\":\"https:\/\/www.newyorkhipknee.com\/fr\/indemnisation-des-travailleurs\/\"},{\"@type\":\"ListItem\",\"position\":3,\"name\":\"Lignes directrices pour les traitements m\u00e9dicaux (MTG)\",\"item\":\"https:\/\/www.newyorkhipknee.com\/fr\/indemnisation-des-travailleurs\/lignes-directrices-pour-les-traitements-medicaux-mtg\/\"},{\"@type\":\"ListItem\",\"position\":4,\"name\":\"Directives de traitement m\u00e9dical de l&rsquo;\u00c9tat de New York pour les l\u00e9sions du genou chez les travailleurs indemnis\u00e9s\",\"item\":\"https:\/\/www.newyorkhipknee.com\/fr\/indemnisation-des-travailleurs\/lignes-directrices-pour-les-traitements-medicaux-mtg\/blessure-au-genou\/\"},{\"@type\":\"ListItem\",\"position\":5,\"name\":\"Lignes directrices de l&rsquo;\u00c9tat de New York pour le traitement m\u00e9dical des l\u00e9sions du ligament crois\u00e9 ant\u00e9rieur (LCA) chez les travailleurs indemnis\u00e9s\"}]},{\"@type\":\"WebSite\",\"@id\":\"https:\/\/www.newyorkhipknee.com\/fr\/#website\",\"url\":\"https:\/\/www.newyorkhipknee.com\/fr\/\",\"name\":\"Best Hip & Knee Surgeon | NY, USA\",\"description\":\"\",\"potentialAction\":[{\"@type\":\"SearchAction\",\"target\":{\"@type\":\"EntryPoint\",\"urlTemplate\":\"https:\/\/www.newyorkhipknee.com\/fr\/?s={search_term_string}\"},\"query-input\":{\"@type\":\"PropertyValueSpecification\",\"valueRequired\":true,\"valueName\":\"search_term_string\"}}],\"inLanguage\":\"fr-FR\"}]}<\/script>\n<!-- \/ Yoast SEO plugin. -->","yoast_head_json":{"title":"Lignes directrices de l'\u00c9tat de New York pour le traitement m\u00e9dical des l\u00e9sions du ligament crois\u00e9 ant\u00e9rieur (LCA) chez les travailleurs indemnis\u00e9s | Best Hip &amp; Knee Surgeon | NY, USA","description":"Les lignes directrices pour le traitement des l\u00e9sions du ligament crois\u00e9 ant\u00e9rieur (LCA) ont \u00e9t\u00e9 \u00e9labor\u00e9es par la commission des accidents du travail de","robots":{"index":"index","follow":"follow","max-snippet":"max-snippet:-1","max-image-preview":"max-image-preview:large","max-video-preview":"max-video-preview:-1"},"canonical":"https:\/\/www.newyorkhipknee.com\/fr\/indemnisation-des-travailleurs\/lignes-directrices-pour-les-traitements-medicaux-mtg\/blessure-au-genou\/lesion-du-ligament-croise-anterieur-lca\/","og_locale":"fr_FR","og_type":"article","og_title":"Lignes directrices de l'\u00c9tat de New York pour le traitement m\u00e9dical des l\u00e9sions du ligament crois\u00e9 ant\u00e9rieur (LCA) chez les travailleurs indemnis\u00e9s | Best Hip &amp; Knee Surgeon | NY, USA","og_description":"Les lignes directrices pour le traitement des l\u00e9sions du ligament crois\u00e9 ant\u00e9rieur (LCA) ont \u00e9t\u00e9 \u00e9labor\u00e9es par la commission des accidents du travail de","og_url":"https:\/\/www.newyorkhipknee.com\/fr\/indemnisation-des-travailleurs\/lignes-directrices-pour-les-traitements-medicaux-mtg\/blessure-au-genou\/lesion-du-ligament-croise-anterieur-lca\/","og_site_name":"Best Hip &amp; Knee Surgeon | NY, USA","article_modified_time":"2024-01-30T16:23:52+00:00","twitter_card":"summary_large_image","twitter_misc":{"Dur\u00e9e de lecture estim\u00e9e":"2 minutes"},"schema":{"@context":"https:\/\/schema.org","@graph":[{"@type":["WebPage","MedicalWebPage"],"@id":"https:\/\/www.newyorkhipknee.com\/fr\/indemnisation-des-travailleurs\/lignes-directrices-pour-les-traitements-medicaux-mtg\/blessure-au-genou\/lesion-du-ligament-croise-anterieur-lca\/","url":"https:\/\/www.newyorkhipknee.com\/fr\/indemnisation-des-travailleurs\/lignes-directrices-pour-les-traitements-medicaux-mtg\/blessure-au-genou\/lesion-du-ligament-croise-anterieur-lca\/","name":"Lignes directrices de l'\u00c9tat de New York pour le traitement m\u00e9dical des l\u00e9sions du ligament crois\u00e9 ant\u00e9rieur (LCA) chez les travailleurs indemnis\u00e9s | Best Hip &amp; Knee Surgeon | NY, USA","isPartOf":{"@id":"https:\/\/www.newyorkhipknee.com\/fr\/#website"},"datePublished":"2024-01-22T17:18:53+00:00","dateModified":"2024-01-30T16:23:52+00:00","description":"Les lignes directrices pour le traitement des l\u00e9sions du ligament crois\u00e9 ant\u00e9rieur (LCA) ont \u00e9t\u00e9 \u00e9labor\u00e9es par la commission des accidents du travail de","breadcrumb":{"@id":"https:\/\/www.newyorkhipknee.com\/fr\/indemnisation-des-travailleurs\/lignes-directrices-pour-les-traitements-medicaux-mtg\/blessure-au-genou\/lesion-du-ligament-croise-anterieur-lca\/#breadcrumb"},"inLanguage":"fr-FR","potentialAction":[{"@type":"ReadAction","target":["https:\/\/www.newyorkhipknee.com\/fr\/indemnisation-des-travailleurs\/lignes-directrices-pour-les-traitements-medicaux-mtg\/blessure-au-genou\/lesion-du-ligament-croise-anterieur-lca\/"]}]},{"@type":"BreadcrumbList","@id":"https:\/\/www.newyorkhipknee.com\/fr\/indemnisation-des-travailleurs\/lignes-directrices-pour-les-traitements-medicaux-mtg\/blessure-au-genou\/lesion-du-ligament-croise-anterieur-lca\/#breadcrumb","itemListElement":[{"@type":"ListItem","position":1,"name":"Home","item":"https:\/\/www.newyorkhipknee.com\/fr\/"},{"@type":"ListItem","position":2,"name":"Indemnisation des travailleurs","item":"https:\/\/www.newyorkhipknee.com\/fr\/indemnisation-des-travailleurs\/"},{"@type":"ListItem","position":3,"name":"Lignes directrices pour les traitements m\u00e9dicaux (MTG)","item":"https:\/\/www.newyorkhipknee.com\/fr\/indemnisation-des-travailleurs\/lignes-directrices-pour-les-traitements-medicaux-mtg\/"},{"@type":"ListItem","position":4,"name":"Directives de traitement m\u00e9dical de l&rsquo;\u00c9tat de New York pour les l\u00e9sions du genou chez les travailleurs indemnis\u00e9s","item":"https:\/\/www.newyorkhipknee.com\/fr\/indemnisation-des-travailleurs\/lignes-directrices-pour-les-traitements-medicaux-mtg\/blessure-au-genou\/"},{"@type":"ListItem","position":5,"name":"Lignes directrices de l&rsquo;\u00c9tat de New York pour le traitement m\u00e9dical des l\u00e9sions du ligament crois\u00e9 ant\u00e9rieur (LCA) chez les travailleurs indemnis\u00e9s"}]},{"@type":"WebSite","@id":"https:\/\/www.newyorkhipknee.com\/fr\/#website","url":"https:\/\/www.newyorkhipknee.com\/fr\/","name":"Best Hip & Knee Surgeon | NY, USA","description":"","potentialAction":[{"@type":"SearchAction","target":{"@type":"EntryPoint","urlTemplate":"https:\/\/www.newyorkhipknee.com\/fr\/?s={search_term_string}"},"query-input":{"@type":"PropertyValueSpecification","valueRequired":true,"valueName":"search_term_string"}}],"inLanguage":"fr-FR"}]}},"_links":{"self":[{"href":"https:\/\/www.newyorkhipknee.com\/fr\/wp-json\/wp\/v2\/pages\/22156","targetHints":{"allow":["GET"]}}],"collection":[{"href":"https:\/\/www.newyorkhipknee.com\/fr\/wp-json\/wp\/v2\/pages"}],"about":[{"href":"https:\/\/www.newyorkhipknee.com\/fr\/wp-json\/wp\/v2\/types\/page"}],"author":[{"embeddable":true,"href":"https:\/\/www.newyorkhipknee.com\/fr\/wp-json\/wp\/v2\/users\/33"}],"replies":[{"embeddable":true,"href":"https:\/\/www.newyorkhipknee.com\/fr\/wp-json\/wp\/v2\/comments?post=22156"}],"version-history":[{"count":0,"href":"https:\/\/www.newyorkhipknee.com\/fr\/wp-json\/wp\/v2\/pages\/22156\/revisions"}],"up":[{"embeddable":true,"href":"https:\/\/www.newyorkhipknee.com\/fr\/wp-json\/wp\/v2\/pages\/22287"}],"wp:attachment":[{"href":"https:\/\/www.newyorkhipknee.com\/fr\/wp-json\/wp\/v2\/media?parent=22156"}],"curies":[{"name":"wp","href":"https:\/\/api.w.org\/{rel}","templated":true}]}}