{"id":22158,"date":"2024-01-19T15:54:25","date_gmt":"2024-01-19T20:54:25","guid":{"rendered":"https:\/\/newyorkhipknee.com\/defauts-chondraux-cartilage-ou-defauts-du-cartilage-et-des-os\/"},"modified":"2024-01-30T11:22:28","modified_gmt":"2024-01-30T16:22:28","slug":"defauts-chondraux-cartilage-ou-defauts-du-cartilage-et-des-os","status":"publish","type":"page","link":"https:\/\/www.newyorkhipknee.com\/fr\/indemnisation-des-travailleurs\/lignes-directrices-pour-les-traitements-medicaux-mtg\/blessure-au-genou\/defauts-chondraux-cartilage-ou-defauts-du-cartilage-et-des-os\/","title":{"rendered":"Lignes directrices de l&rsquo;\u00c9tat de New York pour le traitement m\u00e9dical des d\u00e9ficiences chondrales (cartilage ou d\u00e9ficiences cartilagineuses et osseuses) chez les patients indemnis\u00e9s pour accidents du travail"},"content":{"rendered":"<p>Les lignes directrices pour le traitement des d\u00e9ficiences chondrales ont \u00e9t\u00e9 formul\u00e9es par la commission des accidents du travail de l&rsquo;\u00c9tat de New York. Ils visent \u00e0 aider les m\u00e9decins et les professionnels de la sant\u00e9 \u00e0 d\u00e9terminer le traitement ad\u00e9quat pour cette maladie.<\/p>\n<p>Les professionnels de la sant\u00e9 qui s&rsquo;occupent de d\u00e9ficiences chondrales peuvent s&rsquo;appuyer sur ces lignes directrices de la Commission des accidents du travail pour prendre des d\u00e9cisions \u00e9clair\u00e9es sur le niveau optimal de soins \u00e0 prodiguer \u00e0 leurs patients.<\/p>\n<p>Il est important de noter que ces lignes directrices ne doivent pas remplacer le jugement clinique ou l&rsquo;expertise professionnelle. La d\u00e9cision finale concernant les soins doit \u00eatre prise en collaboration avec le patient et son prestataire de soins.<\/p>\n<p>&nbsp;<\/p>\n<h3><strong>Description\/D\u00e9finition<\/strong><\/h3>\n<p>D\u00e9faut du cartilage ou du cartilage et de l&rsquo;os \u00e0 la surface articulaire ou m\u00e9niscale d&rsquo;une articulation.<\/p>\n<p>&nbsp;<\/p>\n<h3><strong>M\u00e9canisme de la l\u00e9sion<\/strong><\/h3>\n<p>G\u00e9n\u00e9ralement caus\u00e9e par une l\u00e9sion traumatique du genou, en particulier \u00e0 la suite d&rsquo;une contusion.<\/p>\n<p>&nbsp;<\/p>\n<h3><strong>Observations physiques sp\u00e9cifiques<\/strong><\/h3>\n<p><a href=\"https:\/\/www.cortho.org\/case-studies\/sports-medicine-case-studies\/knee-arthroscopy-meniscectomy-and-chondroplasty-51-year-old-female\/\">\u00c9panchement du genou,<\/a> <a href=\"https:\/\/www.cortho.org\/knee\/knee-pain\/\">douleur dans l&rsquo;articulation<\/a>.<\/p>\n<p>&nbsp;<\/p>\n<h3><strong>Proc\u00e9dures de test<\/strong><\/h3>\n<p>IRM, radiographie, tomodensitom\u00e9trie<br \/>\nRecommand\u00e9 &#8211; chez certains patients selon les indications cliniques.<br \/>\n<strong>Indications :<\/strong> L&rsquo;IRM peut r\u00e9v\u00e9ler des contusions osseuses, des l\u00e9sions ost\u00e9ochondrales ou une \u00e9ventuelle l\u00e9sion du cartilage articulaire. Les radiographies et la tomodensitom\u00e9trie peuvent \u00e9galement \u00eatre utilis\u00e9es. \u00c0 la suite d&rsquo;une blessure aigu\u00eb, l&rsquo;IRM montre g\u00e9n\u00e9ralement des contusions osseuses.<\/p>\n<p>&nbsp;<\/p>\n<h3><strong>Traitement non op\u00e9ratoire<\/strong><\/h3>\n<p>Recommand\u00e9 &#8211; chez certains patients selon les indications cliniques.<br \/>\nRepos\/activit\u00e9 restreinte, mise en d\u00e9charge avec des b\u00e9quilles ou une canne, glace, \u00e9l\u00e9vation, attelle, th\u00e9rapie active et\/ou passive, AINS, injections th\u00e9rapeutiques APAP, pouvant inclure ult\u00e9rieurement une th\u00e9rapie \u00e0 base de hyaluronate.<\/p>\n<p>&nbsp;<\/p>\n<h3><strong>Indications chirurgicales \/ Traitement op\u00e9ratoire<\/strong><\/h3>\n<p>L&rsquo;autogreffe ost\u00e9ochondrale et l&rsquo;implantation de chondrocytes autologues (ACI) ne figurent pas sur la liste des actes pr\u00e9autoris\u00e9s.<br \/>\nLes prestataires qui souhaitent pratiquer l&rsquo;une de ces proc\u00e9dures doivent demander une autorisation pr\u00e9alable \u00e0 l&rsquo;assureur avant de pratiquer la proc\u00e9dure.<br \/>\nSi une approche non chirurgicale est initialement recommand\u00e9e, une intervention chirurgicale peut \u00eatre indiqu\u00e9e apr\u00e8s l&rsquo;\u00e9chec d&rsquo;un traitement conservateur. Le patient doit continuer \u00e0 pr\u00e9senter les r\u00e9sultats objectifs, les sympt\u00f4mes subjectifs et (le cas \u00e9ch\u00e9ant) les r\u00e9sultats d&rsquo;imagerie d\u00e9sign\u00e9s.<\/p>\n<p>&nbsp;<\/p>\n<h3><strong>Implantation de chondrocytes autologues (ACI) Crit\u00e8res d&rsquo;exclusion<\/strong><\/h3>\n<p>L&rsquo;ACI n&rsquo;est pas une proc\u00e9dure couverte dans l&rsquo;une des circonstances suivantes :<br \/>\ni. L\u00e9sion qui touche une partie quelconque du cartilage articulaire f\u00e9moro-patellaire, de l&rsquo;os ou qui est due \u00e0 une ost\u00e9ochondrite diss\u00e9quante.<br \/>\nii. La surface tibiale oppos\u00e9e pr\u00e9sente une \u00ab\u00a0l\u00e9sion de baiser\u00a0\u00bb ou un grade II, III ou IV de la classification d&rsquo;Outerbridge modifi\u00e9e.<br \/>\niii. Affection arthritique localis\u00e9e ou diffuse, l\u00e9g\u00e8re \u00e0 s\u00e9v\u00e8re, qui se manifeste sur les radiographies en position debout par un r\u00e9tr\u00e9cissement de l&rsquo;espace articulaire, des ost\u00e9ophytes ou des modifications de l&rsquo;os sous-jacent.<br \/>\niv. Bordure cartilagineuse malsaine ; la membrane synoviale de l&rsquo;articulation peut \u00eatre utilis\u00e9e comme bordure de remplacement jusqu&rsquo;\u00e0 \u00bc de la circonf\u00e9rence totale.<br \/>\nv. M\u00e9niscectomie totale ant\u00e9rieure de l&rsquo;un ou l&rsquo;autre compartiment du genou affect\u00e9. Doit avoir au moins 1\/3 du rebord m\u00e9niscal post\u00e9rieur.<br \/>\nvi. Ant\u00e9c\u00e9dents d&rsquo;anaphylaxie \u00e0 la gentamycine ou sensibilit\u00e9 aux mat\u00e9riaux d&rsquo;origine bovine.<br \/>\nvii. La chondrocalcinose est diagnostiqu\u00e9e au cours du processus de culture cellulaire.<\/p>\n<p>&nbsp;<\/p>\n<h3><strong>Classification Outerbridge modifi\u00e9e<\/strong><\/h3>\n<p>I. Ramollissement du cartilage articulaire<br \/>\nII. Fissures ou fibrillations chondrales &lt; 1,25 cm de diam\u00e8tre<br \/>\nIII. Fibrillation chondrale &gt; 1,25 cm de diam\u00e8tre (\u00ab\u00a0crabmeat changes\u00a0\u00bb)<br \/>\nIV. Os sous-chondral expos\u00e9<\/p>\n<p>&nbsp;<\/p>\n<h3><strong>Th\u00e9rapie post-op\u00e9ratoire<\/strong><\/h3>\n<p>Il peut s&rsquo;agir d&rsquo;une restriction du port de poids, d&rsquo;une attelle, d&rsquo;une th\u00e9rapie active et\/ou passive. Un mouvement passif continu est sugg\u00e9r\u00e9 apr\u00e8s la microfracture.<\/p>\n<p>&nbsp;<\/p>\n<div class=\"textwidget\">\n<p>&nbsp;<\/p>\n<\/div>\n","protected":false},"excerpt":{"rendered":"<p>Les lignes directrices pour le traitement des d\u00e9ficiences chondrales ont \u00e9t\u00e9 formul\u00e9es par la commission des accidents du travail de l&rsquo;\u00c9tat de New York. Ils visent \u00e0 aider les m\u00e9decins et les professionnels de la sant\u00e9 \u00e0 d\u00e9terminer le traitement ad\u00e9quat pour cette maladie. Les professionnels de la sant\u00e9 qui s&rsquo;occupent de d\u00e9ficiences chondrales peuvent [&hellip;]<\/p>\n","protected":false},"author":33,"featured_media":0,"parent":22287,"menu_order":0,"comment_status":"closed","ping_status":"closed","template":"","meta":{"_et_pb_use_builder":"","_et_pb_old_content":"","_et_gb_content_width":"","footnotes":""},"class_list":["post-22158","page","type-page","status-publish","hentry"],"yoast_head":"<!-- This site is optimized with the Yoast SEO plugin v27.2 - https:\/\/yoast.com\/product\/yoast-seo-wordpress\/ -->\n<title>Lignes directrices de l&#039;\u00c9tat de New York pour le traitement m\u00e9dical des d\u00e9ficiences chondrales (cartilage ou d\u00e9ficiences cartilagineuses et osseuses) chez les patients indemnis\u00e9s pour accidents du travail | Best Hip &amp; Knee Surgeon | NY, USA<\/title>\n<meta name=\"description\" content=\"Les lignes directrices pour le traitement des d\u00e9ficiences chondrales ont \u00e9t\u00e9 formul\u00e9es par la commission des accidents du travail de l&#039;\u00c9tat de New York.\" \/>\n<meta name=\"robots\" content=\"index, follow, max-snippet:-1, max-image-preview:large, max-video-preview:-1\" \/>\n<link rel=\"canonical\" href=\"https:\/\/www.newyorkhipknee.com\/fr\/indemnisation-des-travailleurs\/lignes-directrices-pour-les-traitements-medicaux-mtg\/blessure-au-genou\/defauts-chondraux-cartilage-ou-defauts-du-cartilage-et-des-os\/\" \/>\n<meta property=\"og:locale\" content=\"fr_FR\" \/>\n<meta property=\"og:type\" content=\"article\" \/>\n<meta property=\"og:title\" content=\"Lignes directrices de l&#039;\u00c9tat de New York pour le traitement m\u00e9dical des d\u00e9ficiences chondrales (cartilage ou d\u00e9ficiences cartilagineuses et osseuses) chez les patients indemnis\u00e9s pour accidents du travail | Best Hip &amp; Knee Surgeon | NY, USA\" \/>\n<meta property=\"og:description\" content=\"Les lignes directrices pour le traitement des d\u00e9ficiences chondrales ont \u00e9t\u00e9 formul\u00e9es par la commission des accidents du travail de l&#039;\u00c9tat de New York.\" \/>\n<meta property=\"og:url\" content=\"https:\/\/www.newyorkhipknee.com\/fr\/indemnisation-des-travailleurs\/lignes-directrices-pour-les-traitements-medicaux-mtg\/blessure-au-genou\/defauts-chondraux-cartilage-ou-defauts-du-cartilage-et-des-os\/\" \/>\n<meta property=\"og:site_name\" content=\"Best Hip &amp; Knee Surgeon | NY, USA\" \/>\n<meta property=\"article:modified_time\" content=\"2024-01-30T16:22:28+00:00\" \/>\n<meta name=\"twitter:card\" content=\"summary_large_image\" \/>\n<meta name=\"twitter:label1\" content=\"Dur\u00e9e de lecture estim\u00e9e\" \/>\n\t<meta name=\"twitter:data1\" content=\"3 minutes\" \/>\n<script type=\"application\/ld+json\" class=\"yoast-schema-graph\">{\"@context\":\"https:\/\/schema.org\",\"@graph\":[{\"@type\":[\"WebPage\",\"MedicalWebPage\"],\"@id\":\"https:\/\/www.newyorkhipknee.com\/fr\/indemnisation-des-travailleurs\/lignes-directrices-pour-les-traitements-medicaux-mtg\/blessure-au-genou\/defauts-chondraux-cartilage-ou-defauts-du-cartilage-et-des-os\/\",\"url\":\"https:\/\/www.newyorkhipknee.com\/fr\/indemnisation-des-travailleurs\/lignes-directrices-pour-les-traitements-medicaux-mtg\/blessure-au-genou\/defauts-chondraux-cartilage-ou-defauts-du-cartilage-et-des-os\/\",\"name\":\"Lignes directrices de l'\u00c9tat de New York pour le traitement m\u00e9dical des d\u00e9ficiences chondrales (cartilage ou d\u00e9ficiences cartilagineuses et osseuses) chez les patients indemnis\u00e9s pour accidents du travail | Best Hip &amp; Knee Surgeon | NY, USA\",\"isPartOf\":{\"@id\":\"https:\/\/www.newyorkhipknee.com\/fr\/#website\"},\"datePublished\":\"2024-01-19T20:54:25+00:00\",\"dateModified\":\"2024-01-30T16:22:28+00:00\",\"description\":\"Les lignes directrices pour le traitement des d\u00e9ficiences chondrales ont \u00e9t\u00e9 formul\u00e9es par la commission des accidents du travail de l'\u00c9tat de New York.\",\"breadcrumb\":{\"@id\":\"https:\/\/www.newyorkhipknee.com\/fr\/indemnisation-des-travailleurs\/lignes-directrices-pour-les-traitements-medicaux-mtg\/blessure-au-genou\/defauts-chondraux-cartilage-ou-defauts-du-cartilage-et-des-os\/#breadcrumb\"},\"inLanguage\":\"fr-FR\",\"potentialAction\":[{\"@type\":\"ReadAction\",\"target\":[\"https:\/\/www.newyorkhipknee.com\/fr\/indemnisation-des-travailleurs\/lignes-directrices-pour-les-traitements-medicaux-mtg\/blessure-au-genou\/defauts-chondraux-cartilage-ou-defauts-du-cartilage-et-des-os\/\"]}]},{\"@type\":\"BreadcrumbList\",\"@id\":\"https:\/\/www.newyorkhipknee.com\/fr\/indemnisation-des-travailleurs\/lignes-directrices-pour-les-traitements-medicaux-mtg\/blessure-au-genou\/defauts-chondraux-cartilage-ou-defauts-du-cartilage-et-des-os\/#breadcrumb\",\"itemListElement\":[{\"@type\":\"ListItem\",\"position\":1,\"name\":\"Home\",\"item\":\"https:\/\/www.newyorkhipknee.com\/fr\/\"},{\"@type\":\"ListItem\",\"position\":2,\"name\":\"Indemnisation des travailleurs\",\"item\":\"https:\/\/www.newyorkhipknee.com\/fr\/indemnisation-des-travailleurs\/\"},{\"@type\":\"ListItem\",\"position\":3,\"name\":\"Lignes directrices pour les traitements m\u00e9dicaux (MTG)\",\"item\":\"https:\/\/www.newyorkhipknee.com\/fr\/indemnisation-des-travailleurs\/lignes-directrices-pour-les-traitements-medicaux-mtg\/\"},{\"@type\":\"ListItem\",\"position\":4,\"name\":\"Directives de traitement m\u00e9dical de l&rsquo;\u00c9tat de New York pour les l\u00e9sions du genou chez les travailleurs indemnis\u00e9s\",\"item\":\"https:\/\/www.newyorkhipknee.com\/fr\/indemnisation-des-travailleurs\/lignes-directrices-pour-les-traitements-medicaux-mtg\/blessure-au-genou\/\"},{\"@type\":\"ListItem\",\"position\":5,\"name\":\"Lignes directrices de l&rsquo;\u00c9tat de New York pour le traitement m\u00e9dical des d\u00e9ficiences chondrales (cartilage ou d\u00e9ficiences cartilagineuses et osseuses) chez les patients indemnis\u00e9s pour accidents du travail\"}]},{\"@type\":\"WebSite\",\"@id\":\"https:\/\/www.newyorkhipknee.com\/fr\/#website\",\"url\":\"https:\/\/www.newyorkhipknee.com\/fr\/\",\"name\":\"Best Hip & Knee Surgeon | NY, USA\",\"description\":\"\",\"potentialAction\":[{\"@type\":\"SearchAction\",\"target\":{\"@type\":\"EntryPoint\",\"urlTemplate\":\"https:\/\/www.newyorkhipknee.com\/fr\/?s={search_term_string}\"},\"query-input\":{\"@type\":\"PropertyValueSpecification\",\"valueRequired\":true,\"valueName\":\"search_term_string\"}}],\"inLanguage\":\"fr-FR\"}]}<\/script>\n<!-- \/ Yoast SEO plugin. -->","yoast_head_json":{"title":"Lignes directrices de l'\u00c9tat de New York pour le traitement m\u00e9dical des d\u00e9ficiences chondrales (cartilage ou d\u00e9ficiences cartilagineuses et osseuses) chez les patients indemnis\u00e9s pour accidents du travail | Best Hip &amp; Knee Surgeon | NY, USA","description":"Les lignes directrices pour le traitement des d\u00e9ficiences chondrales ont \u00e9t\u00e9 formul\u00e9es par la commission des accidents du travail de l'\u00c9tat de New York.","robots":{"index":"index","follow":"follow","max-snippet":"max-snippet:-1","max-image-preview":"max-image-preview:large","max-video-preview":"max-video-preview:-1"},"canonical":"https:\/\/www.newyorkhipknee.com\/fr\/indemnisation-des-travailleurs\/lignes-directrices-pour-les-traitements-medicaux-mtg\/blessure-au-genou\/defauts-chondraux-cartilage-ou-defauts-du-cartilage-et-des-os\/","og_locale":"fr_FR","og_type":"article","og_title":"Lignes directrices de l'\u00c9tat de New York pour le traitement m\u00e9dical des d\u00e9ficiences chondrales (cartilage ou d\u00e9ficiences cartilagineuses et osseuses) chez les patients indemnis\u00e9s pour accidents du travail | Best Hip &amp; Knee Surgeon | NY, USA","og_description":"Les lignes directrices pour le traitement des d\u00e9ficiences chondrales ont \u00e9t\u00e9 formul\u00e9es par la commission des accidents du travail de l'\u00c9tat de New York.","og_url":"https:\/\/www.newyorkhipknee.com\/fr\/indemnisation-des-travailleurs\/lignes-directrices-pour-les-traitements-medicaux-mtg\/blessure-au-genou\/defauts-chondraux-cartilage-ou-defauts-du-cartilage-et-des-os\/","og_site_name":"Best Hip &amp; Knee Surgeon | NY, USA","article_modified_time":"2024-01-30T16:22:28+00:00","twitter_card":"summary_large_image","twitter_misc":{"Dur\u00e9e de lecture estim\u00e9e":"3 minutes"},"schema":{"@context":"https:\/\/schema.org","@graph":[{"@type":["WebPage","MedicalWebPage"],"@id":"https:\/\/www.newyorkhipknee.com\/fr\/indemnisation-des-travailleurs\/lignes-directrices-pour-les-traitements-medicaux-mtg\/blessure-au-genou\/defauts-chondraux-cartilage-ou-defauts-du-cartilage-et-des-os\/","url":"https:\/\/www.newyorkhipknee.com\/fr\/indemnisation-des-travailleurs\/lignes-directrices-pour-les-traitements-medicaux-mtg\/blessure-au-genou\/defauts-chondraux-cartilage-ou-defauts-du-cartilage-et-des-os\/","name":"Lignes directrices de l'\u00c9tat de New York pour le traitement m\u00e9dical des d\u00e9ficiences chondrales (cartilage ou d\u00e9ficiences cartilagineuses et osseuses) chez les patients indemnis\u00e9s pour accidents du travail | Best Hip &amp; Knee Surgeon | NY, USA","isPartOf":{"@id":"https:\/\/www.newyorkhipknee.com\/fr\/#website"},"datePublished":"2024-01-19T20:54:25+00:00","dateModified":"2024-01-30T16:22:28+00:00","description":"Les lignes directrices pour le traitement des d\u00e9ficiences chondrales ont \u00e9t\u00e9 formul\u00e9es par la commission des accidents du travail de l'\u00c9tat de New York.","breadcrumb":{"@id":"https:\/\/www.newyorkhipknee.com\/fr\/indemnisation-des-travailleurs\/lignes-directrices-pour-les-traitements-medicaux-mtg\/blessure-au-genou\/defauts-chondraux-cartilage-ou-defauts-du-cartilage-et-des-os\/#breadcrumb"},"inLanguage":"fr-FR","potentialAction":[{"@type":"ReadAction","target":["https:\/\/www.newyorkhipknee.com\/fr\/indemnisation-des-travailleurs\/lignes-directrices-pour-les-traitements-medicaux-mtg\/blessure-au-genou\/defauts-chondraux-cartilage-ou-defauts-du-cartilage-et-des-os\/"]}]},{"@type":"BreadcrumbList","@id":"https:\/\/www.newyorkhipknee.com\/fr\/indemnisation-des-travailleurs\/lignes-directrices-pour-les-traitements-medicaux-mtg\/blessure-au-genou\/defauts-chondraux-cartilage-ou-defauts-du-cartilage-et-des-os\/#breadcrumb","itemListElement":[{"@type":"ListItem","position":1,"name":"Home","item":"https:\/\/www.newyorkhipknee.com\/fr\/"},{"@type":"ListItem","position":2,"name":"Indemnisation des travailleurs","item":"https:\/\/www.newyorkhipknee.com\/fr\/indemnisation-des-travailleurs\/"},{"@type":"ListItem","position":3,"name":"Lignes directrices pour les traitements m\u00e9dicaux (MTG)","item":"https:\/\/www.newyorkhipknee.com\/fr\/indemnisation-des-travailleurs\/lignes-directrices-pour-les-traitements-medicaux-mtg\/"},{"@type":"ListItem","position":4,"name":"Directives de traitement m\u00e9dical de l&rsquo;\u00c9tat de New York pour les l\u00e9sions du genou chez les travailleurs indemnis\u00e9s","item":"https:\/\/www.newyorkhipknee.com\/fr\/indemnisation-des-travailleurs\/lignes-directrices-pour-les-traitements-medicaux-mtg\/blessure-au-genou\/"},{"@type":"ListItem","position":5,"name":"Lignes directrices de l&rsquo;\u00c9tat de New York pour le traitement m\u00e9dical des d\u00e9ficiences chondrales (cartilage ou d\u00e9ficiences cartilagineuses et osseuses) chez les patients indemnis\u00e9s pour accidents du travail"}]},{"@type":"WebSite","@id":"https:\/\/www.newyorkhipknee.com\/fr\/#website","url":"https:\/\/www.newyorkhipknee.com\/fr\/","name":"Best Hip & Knee Surgeon | NY, USA","description":"","potentialAction":[{"@type":"SearchAction","target":{"@type":"EntryPoint","urlTemplate":"https:\/\/www.newyorkhipknee.com\/fr\/?s={search_term_string}"},"query-input":{"@type":"PropertyValueSpecification","valueRequired":true,"valueName":"search_term_string"}}],"inLanguage":"fr-FR"}]}},"_links":{"self":[{"href":"https:\/\/www.newyorkhipknee.com\/fr\/wp-json\/wp\/v2\/pages\/22158","targetHints":{"allow":["GET"]}}],"collection":[{"href":"https:\/\/www.newyorkhipknee.com\/fr\/wp-json\/wp\/v2\/pages"}],"about":[{"href":"https:\/\/www.newyorkhipknee.com\/fr\/wp-json\/wp\/v2\/types\/page"}],"author":[{"embeddable":true,"href":"https:\/\/www.newyorkhipknee.com\/fr\/wp-json\/wp\/v2\/users\/33"}],"replies":[{"embeddable":true,"href":"https:\/\/www.newyorkhipknee.com\/fr\/wp-json\/wp\/v2\/comments?post=22158"}],"version-history":[{"count":0,"href":"https:\/\/www.newyorkhipknee.com\/fr\/wp-json\/wp\/v2\/pages\/22158\/revisions"}],"up":[{"embeddable":true,"href":"https:\/\/www.newyorkhipknee.com\/fr\/wp-json\/wp\/v2\/pages\/22287"}],"wp:attachment":[{"href":"https:\/\/www.newyorkhipknee.com\/fr\/wp-json\/wp\/v2\/media?parent=22158"}],"curies":[{"name":"wp","href":"https:\/\/api.w.org\/{rel}","templated":true}]}}