{"id":22160,"date":"2024-01-22T08:54:26","date_gmt":"2024-01-22T13:54:26","guid":{"rendered":"https:\/\/newyorkhipknee.com\/lesion-du-ligament-collateral\/"},"modified":"2024-01-30T11:22:35","modified_gmt":"2024-01-30T16:22:35","slug":"lesion-du-ligament-collateral","status":"publish","type":"page","link":"https:\/\/www.newyorkhipknee.com\/fr\/indemnisation-des-travailleurs\/lignes-directrices-pour-les-traitements-medicaux-mtg\/blessure-au-genou\/lesion-du-ligament-collateral\/","title":{"rendered":"Directives de traitement m\u00e9dical de l&rsquo;\u00c9tat de New York pour les l\u00e9sions du ligament collat\u00e9ral chez les travailleurs indemnis\u00e9s"},"content":{"rendered":"<p>La commission des accidents du travail de l&rsquo;\u00c9tat de New York a \u00e9tabli des directives concernant les l\u00e9sions du ligament collat\u00e9ral, afin d&rsquo;aider les m\u00e9decins et les praticiens de sant\u00e9 \u00e0 d\u00e9terminer le traitement appropri\u00e9 pour cette affection.<\/p>\n<p>Les professionnels de la sant\u00e9 sp\u00e9cialis\u00e9s dans les l\u00e9sions du ligament collat\u00e9ral peuvent s&rsquo;appuyer sur les lignes directrices de la Commission des accidents du travail pour prendre des d\u00e9cisions \u00e9clair\u00e9es concernant le niveau de soins optimal pour leurs patients.<\/p>\n<p>Il est essentiel de souligner que ces lignes directrices ne sont pas destin\u00e9es \u00e0 remplacer le jugement clinique ou l&rsquo;expertise professionnelle. La d\u00e9cision finale concernant les soins doit \u00eatre le fruit d&rsquo;une coop\u00e9ration entre le patient et son prestataire de soins.<\/p>\n<h3><\/h3>\n<h3>Description<\/h3>\n<p>Blessure impliquant une entorse ou une rupture du ligament collat\u00e9ral m\u00e9dial ou lat\u00e9ral. Une l\u00e9sion du ligament collat\u00e9ral m\u00e9dial peut \u00e9galement \u00eatre li\u00e9e \u00e0 une l\u00e9sion concomitante du m\u00e9nisque m\u00e9dial.<\/p>\n<p>&nbsp;<\/p>\n<h3>M\u00e9canisme de la l\u00e9sion<\/h3>\n<p>Le traumatisme en valgus ou en varus implique une force appliqu\u00e9e au genou.<\/p>\n<p>&nbsp;<\/p>\n<h3>Observations physiques sp\u00e9cifiques<\/h3>\n<p>L&rsquo;instabilit\u00e9 m\u00e9dio-lat\u00e9rale doit \u00eatre \u00e9valu\u00e9e avec le genou en l\u00e9g\u00e8re flexion. La sensibilit\u00e9 au niveau du ligament collat\u00e9ral m\u00e9dial ou lat\u00e9ral peut augmenter avec l&rsquo;application d&rsquo;une force en valgus ou en varus sur le genou.<\/p>\n<p>&nbsp;<\/p>\n<h3>Proc\u00e9dures de test de diagnostic<\/h3>\n<p>L&rsquo;imagerie par r\u00e9sonance magn\u00e9tique (IRM) est recommand\u00e9e chez certains patients pr\u00e9sentant une suspicion de d\u00e9chirure de grade II ou III.<\/p>\n<p>&nbsp;<\/p>\n<h3>Traitement non op\u00e9ratoire<\/h3>\n<p>Les d\u00e9chirures isol\u00e9es du ligament collat\u00e9ral de grade I et de nombreuses d\u00e9chirures de grade II ont d\u00e9montr\u00e9 leur capacit\u00e9 \u00e0 gu\u00e9rir avec d&rsquo;excellents r\u00e9sultats sans n\u00e9cessiter d&rsquo;intervention chirurgicale. Lorsque les l\u00e9sions des ligaments crois\u00e9s ou du m\u00e9nisque sont exclues, le patient peut b\u00e9n\u00e9ficier d&rsquo;un traitement non chirurgical.<\/p>\n<p>Est recommand\u00e9 chez certains patients en fonction des indications cliniques.<\/p>\n<p>Les approches th\u00e9rapeutiques pour cette affection peuvent inclure le repos ou une activit\u00e9 restreinte, la mise en d\u00e9charge avec des b\u00e9quilles ou une canne, l&rsquo;application de glace, l&rsquo;\u00e9l\u00e9vation, les attelles, les pl\u00e2tres, les orth\u00e8ses, la r\u00e9\u00e9ducation et la th\u00e9rapie active et\/ou passive. Les anti-inflammatoires non st\u00e9ro\u00efdiens (AINS), l&rsquo;ac\u00e9taminoph\u00e8ne (APAP) et les injections th\u00e9rapeutiques peuvent \u00e9galement \u00eatre envisag\u00e9s.<\/p>\n<p>&nbsp;<\/p>\n<h3>Indications chirurgicales<\/h3>\n<p>Est recommand\u00e9 chez certains patients en fonction des indications cliniques.<\/p>\n<p>Les indications pour une rupture compl\u00e8te du ligament collat\u00e9ral de grade III comprennent une recommandation d&rsquo;orientation vers un chirurgien orthop\u00e9dique.<\/p>\n<p>&nbsp;<\/p>\n<div class=\"flex flex-grow flex-col max-w-full\"><\/div>\n<div class=\"mt-1 flex justify-start gap-3 empty:hidden\">\n<div class=\"text-gray-400 flex self-end lg:self-center justify-center lg:justify-start mt-0 -ml-1 visible\">\n<p>&nbsp;<\/p>\n<\/div>\n<\/div>\n","protected":false},"excerpt":{"rendered":"<p>La commission des accidents du travail de l&rsquo;\u00c9tat de New York a \u00e9tabli des directives concernant les l\u00e9sions du ligament collat\u00e9ral, afin d&rsquo;aider les m\u00e9decins et les praticiens de sant\u00e9 \u00e0 d\u00e9terminer le traitement appropri\u00e9 pour cette affection. Les professionnels de la sant\u00e9 sp\u00e9cialis\u00e9s dans les l\u00e9sions du ligament collat\u00e9ral peuvent s&rsquo;appuyer sur les lignes [&hellip;]<\/p>\n","protected":false},"author":33,"featured_media":0,"parent":22287,"menu_order":0,"comment_status":"closed","ping_status":"closed","template":"","meta":{"_et_pb_use_builder":"","_et_pb_old_content":"","_et_gb_content_width":"","footnotes":""},"class_list":["post-22160","page","type-page","status-publish","hentry"],"yoast_head":"<!-- This site is optimized with the Yoast SEO plugin v27.2 - https:\/\/yoast.com\/product\/yoast-seo-wordpress\/ -->\n<title>Directives de traitement m\u00e9dical de l&#039;\u00c9tat de New York pour les l\u00e9sions du ligament collat\u00e9ral chez les travailleurs indemnis\u00e9s | Best Hip &amp; Knee Surgeon | NY, USA<\/title>\n<meta name=\"description\" content=\"La commission des accidents du travail de l&#039;\u00c9tat de New York a \u00e9tabli des directives concernant les l\u00e9sions du ligament collat\u00e9ral, afin d&#039;aider les\" \/>\n<meta name=\"robots\" content=\"index, follow, max-snippet:-1, max-image-preview:large, max-video-preview:-1\" \/>\n<link rel=\"canonical\" href=\"https:\/\/www.newyorkhipknee.com\/fr\/indemnisation-des-travailleurs\/lignes-directrices-pour-les-traitements-medicaux-mtg\/blessure-au-genou\/lesion-du-ligament-collateral\/\" \/>\n<meta property=\"og:locale\" content=\"fr_FR\" \/>\n<meta property=\"og:type\" content=\"article\" \/>\n<meta property=\"og:title\" content=\"Directives de traitement m\u00e9dical de l&#039;\u00c9tat de New York pour les l\u00e9sions du ligament collat\u00e9ral chez les travailleurs indemnis\u00e9s | Best Hip &amp; Knee Surgeon | NY, USA\" \/>\n<meta property=\"og:description\" content=\"La commission des accidents du travail de l&#039;\u00c9tat de New York a \u00e9tabli des directives concernant les l\u00e9sions du ligament collat\u00e9ral, afin d&#039;aider les\" \/>\n<meta property=\"og:url\" content=\"https:\/\/www.newyorkhipknee.com\/fr\/indemnisation-des-travailleurs\/lignes-directrices-pour-les-traitements-medicaux-mtg\/blessure-au-genou\/lesion-du-ligament-collateral\/\" \/>\n<meta property=\"og:site_name\" content=\"Best Hip &amp; Knee Surgeon | NY, USA\" \/>\n<meta property=\"article:modified_time\" content=\"2024-01-30T16:22:35+00:00\" \/>\n<meta name=\"twitter:card\" content=\"summary_large_image\" \/>\n<meta name=\"twitter:label1\" content=\"Dur\u00e9e de lecture estim\u00e9e\" \/>\n\t<meta name=\"twitter:data1\" content=\"2 minutes\" \/>\n<script type=\"application\/ld+json\" class=\"yoast-schema-graph\">{\"@context\":\"https:\/\/schema.org\",\"@graph\":[{\"@type\":[\"WebPage\",\"MedicalWebPage\"],\"@id\":\"https:\/\/www.newyorkhipknee.com\/fr\/indemnisation-des-travailleurs\/lignes-directrices-pour-les-traitements-medicaux-mtg\/blessure-au-genou\/lesion-du-ligament-collateral\/\",\"url\":\"https:\/\/www.newyorkhipknee.com\/fr\/indemnisation-des-travailleurs\/lignes-directrices-pour-les-traitements-medicaux-mtg\/blessure-au-genou\/lesion-du-ligament-collateral\/\",\"name\":\"Directives de traitement m\u00e9dical de l'\u00c9tat de New York pour les l\u00e9sions du ligament collat\u00e9ral chez les travailleurs indemnis\u00e9s | Best Hip &amp; Knee Surgeon | NY, USA\",\"isPartOf\":{\"@id\":\"https:\/\/www.newyorkhipknee.com\/fr\/#website\"},\"datePublished\":\"2024-01-22T13:54:26+00:00\",\"dateModified\":\"2024-01-30T16:22:35+00:00\",\"description\":\"La commission des accidents du travail de l'\u00c9tat de New York a \u00e9tabli des directives concernant les l\u00e9sions du ligament collat\u00e9ral, afin d'aider les\",\"breadcrumb\":{\"@id\":\"https:\/\/www.newyorkhipknee.com\/fr\/indemnisation-des-travailleurs\/lignes-directrices-pour-les-traitements-medicaux-mtg\/blessure-au-genou\/lesion-du-ligament-collateral\/#breadcrumb\"},\"inLanguage\":\"fr-FR\",\"potentialAction\":[{\"@type\":\"ReadAction\",\"target\":[\"https:\/\/www.newyorkhipknee.com\/fr\/indemnisation-des-travailleurs\/lignes-directrices-pour-les-traitements-medicaux-mtg\/blessure-au-genou\/lesion-du-ligament-collateral\/\"]}]},{\"@type\":\"BreadcrumbList\",\"@id\":\"https:\/\/www.newyorkhipknee.com\/fr\/indemnisation-des-travailleurs\/lignes-directrices-pour-les-traitements-medicaux-mtg\/blessure-au-genou\/lesion-du-ligament-collateral\/#breadcrumb\",\"itemListElement\":[{\"@type\":\"ListItem\",\"position\":1,\"name\":\"Home\",\"item\":\"https:\/\/www.newyorkhipknee.com\/fr\/\"},{\"@type\":\"ListItem\",\"position\":2,\"name\":\"Indemnisation des travailleurs\",\"item\":\"https:\/\/www.newyorkhipknee.com\/fr\/indemnisation-des-travailleurs\/\"},{\"@type\":\"ListItem\",\"position\":3,\"name\":\"Lignes directrices pour les traitements m\u00e9dicaux (MTG)\",\"item\":\"https:\/\/www.newyorkhipknee.com\/fr\/indemnisation-des-travailleurs\/lignes-directrices-pour-les-traitements-medicaux-mtg\/\"},{\"@type\":\"ListItem\",\"position\":4,\"name\":\"Directives de traitement m\u00e9dical de l&rsquo;\u00c9tat de New York pour les l\u00e9sions du genou chez les travailleurs indemnis\u00e9s\",\"item\":\"https:\/\/www.newyorkhipknee.com\/fr\/indemnisation-des-travailleurs\/lignes-directrices-pour-les-traitements-medicaux-mtg\/blessure-au-genou\/\"},{\"@type\":\"ListItem\",\"position\":5,\"name\":\"Directives de traitement m\u00e9dical de l&rsquo;\u00c9tat de New York pour les l\u00e9sions du ligament collat\u00e9ral chez les travailleurs indemnis\u00e9s\"}]},{\"@type\":\"WebSite\",\"@id\":\"https:\/\/www.newyorkhipknee.com\/fr\/#website\",\"url\":\"https:\/\/www.newyorkhipknee.com\/fr\/\",\"name\":\"Best Hip & Knee Surgeon | NY, USA\",\"description\":\"\",\"potentialAction\":[{\"@type\":\"SearchAction\",\"target\":{\"@type\":\"EntryPoint\",\"urlTemplate\":\"https:\/\/www.newyorkhipknee.com\/fr\/?s={search_term_string}\"},\"query-input\":{\"@type\":\"PropertyValueSpecification\",\"valueRequired\":true,\"valueName\":\"search_term_string\"}}],\"inLanguage\":\"fr-FR\"}]}<\/script>\n<!-- \/ Yoast SEO plugin. -->","yoast_head_json":{"title":"Directives de traitement m\u00e9dical de l'\u00c9tat de New York pour les l\u00e9sions du ligament collat\u00e9ral chez les travailleurs indemnis\u00e9s | Best Hip &amp; Knee Surgeon | NY, USA","description":"La commission des accidents du travail de l'\u00c9tat de New York a \u00e9tabli des directives concernant les l\u00e9sions du ligament collat\u00e9ral, afin d'aider les","robots":{"index":"index","follow":"follow","max-snippet":"max-snippet:-1","max-image-preview":"max-image-preview:large","max-video-preview":"max-video-preview:-1"},"canonical":"https:\/\/www.newyorkhipknee.com\/fr\/indemnisation-des-travailleurs\/lignes-directrices-pour-les-traitements-medicaux-mtg\/blessure-au-genou\/lesion-du-ligament-collateral\/","og_locale":"fr_FR","og_type":"article","og_title":"Directives de traitement m\u00e9dical de l'\u00c9tat de New York pour les l\u00e9sions du ligament collat\u00e9ral chez les travailleurs indemnis\u00e9s | Best Hip &amp; Knee Surgeon | NY, USA","og_description":"La commission des accidents du travail de l'\u00c9tat de New York a \u00e9tabli des directives concernant les l\u00e9sions du ligament collat\u00e9ral, afin d'aider les","og_url":"https:\/\/www.newyorkhipknee.com\/fr\/indemnisation-des-travailleurs\/lignes-directrices-pour-les-traitements-medicaux-mtg\/blessure-au-genou\/lesion-du-ligament-collateral\/","og_site_name":"Best Hip &amp; Knee Surgeon | NY, USA","article_modified_time":"2024-01-30T16:22:35+00:00","twitter_card":"summary_large_image","twitter_misc":{"Dur\u00e9e de lecture estim\u00e9e":"2 minutes"},"schema":{"@context":"https:\/\/schema.org","@graph":[{"@type":["WebPage","MedicalWebPage"],"@id":"https:\/\/www.newyorkhipknee.com\/fr\/indemnisation-des-travailleurs\/lignes-directrices-pour-les-traitements-medicaux-mtg\/blessure-au-genou\/lesion-du-ligament-collateral\/","url":"https:\/\/www.newyorkhipknee.com\/fr\/indemnisation-des-travailleurs\/lignes-directrices-pour-les-traitements-medicaux-mtg\/blessure-au-genou\/lesion-du-ligament-collateral\/","name":"Directives de traitement m\u00e9dical de l'\u00c9tat de New York pour les l\u00e9sions du ligament collat\u00e9ral chez les travailleurs indemnis\u00e9s | Best Hip &amp; Knee Surgeon | NY, USA","isPartOf":{"@id":"https:\/\/www.newyorkhipknee.com\/fr\/#website"},"datePublished":"2024-01-22T13:54:26+00:00","dateModified":"2024-01-30T16:22:35+00:00","description":"La commission des accidents du travail de l'\u00c9tat de New York a \u00e9tabli des directives concernant les l\u00e9sions du ligament collat\u00e9ral, afin d'aider les","breadcrumb":{"@id":"https:\/\/www.newyorkhipknee.com\/fr\/indemnisation-des-travailleurs\/lignes-directrices-pour-les-traitements-medicaux-mtg\/blessure-au-genou\/lesion-du-ligament-collateral\/#breadcrumb"},"inLanguage":"fr-FR","potentialAction":[{"@type":"ReadAction","target":["https:\/\/www.newyorkhipknee.com\/fr\/indemnisation-des-travailleurs\/lignes-directrices-pour-les-traitements-medicaux-mtg\/blessure-au-genou\/lesion-du-ligament-collateral\/"]}]},{"@type":"BreadcrumbList","@id":"https:\/\/www.newyorkhipknee.com\/fr\/indemnisation-des-travailleurs\/lignes-directrices-pour-les-traitements-medicaux-mtg\/blessure-au-genou\/lesion-du-ligament-collateral\/#breadcrumb","itemListElement":[{"@type":"ListItem","position":1,"name":"Home","item":"https:\/\/www.newyorkhipknee.com\/fr\/"},{"@type":"ListItem","position":2,"name":"Indemnisation des travailleurs","item":"https:\/\/www.newyorkhipknee.com\/fr\/indemnisation-des-travailleurs\/"},{"@type":"ListItem","position":3,"name":"Lignes directrices pour les traitements m\u00e9dicaux (MTG)","item":"https:\/\/www.newyorkhipknee.com\/fr\/indemnisation-des-travailleurs\/lignes-directrices-pour-les-traitements-medicaux-mtg\/"},{"@type":"ListItem","position":4,"name":"Directives de traitement m\u00e9dical de l&rsquo;\u00c9tat de New York pour les l\u00e9sions du genou chez les travailleurs indemnis\u00e9s","item":"https:\/\/www.newyorkhipknee.com\/fr\/indemnisation-des-travailleurs\/lignes-directrices-pour-les-traitements-medicaux-mtg\/blessure-au-genou\/"},{"@type":"ListItem","position":5,"name":"Directives de traitement m\u00e9dical de l&rsquo;\u00c9tat de New York pour les l\u00e9sions du ligament collat\u00e9ral chez les travailleurs indemnis\u00e9s"}]},{"@type":"WebSite","@id":"https:\/\/www.newyorkhipknee.com\/fr\/#website","url":"https:\/\/www.newyorkhipknee.com\/fr\/","name":"Best Hip & Knee Surgeon | NY, USA","description":"","potentialAction":[{"@type":"SearchAction","target":{"@type":"EntryPoint","urlTemplate":"https:\/\/www.newyorkhipknee.com\/fr\/?s={search_term_string}"},"query-input":{"@type":"PropertyValueSpecification","valueRequired":true,"valueName":"search_term_string"}}],"inLanguage":"fr-FR"}]}},"_links":{"self":[{"href":"https:\/\/www.newyorkhipknee.com\/fr\/wp-json\/wp\/v2\/pages\/22160","targetHints":{"allow":["GET"]}}],"collection":[{"href":"https:\/\/www.newyorkhipknee.com\/fr\/wp-json\/wp\/v2\/pages"}],"about":[{"href":"https:\/\/www.newyorkhipknee.com\/fr\/wp-json\/wp\/v2\/types\/page"}],"author":[{"embeddable":true,"href":"https:\/\/www.newyorkhipknee.com\/fr\/wp-json\/wp\/v2\/users\/33"}],"replies":[{"embeddable":true,"href":"https:\/\/www.newyorkhipknee.com\/fr\/wp-json\/wp\/v2\/comments?post=22160"}],"version-history":[{"count":0,"href":"https:\/\/www.newyorkhipknee.com\/fr\/wp-json\/wp\/v2\/pages\/22160\/revisions"}],"up":[{"embeddable":true,"href":"https:\/\/www.newyorkhipknee.com\/fr\/wp-json\/wp\/v2\/pages\/22287"}],"wp:attachment":[{"href":"https:\/\/www.newyorkhipknee.com\/fr\/wp-json\/wp\/v2\/media?parent=22160"}],"curies":[{"name":"wp","href":"https:\/\/api.w.org\/{rel}","templated":true}]}}