{"id":22162,"date":"2024-01-19T15:30:11","date_gmt":"2024-01-19T20:30:11","guid":{"rendered":"https:\/\/newyorkhipknee.com\/tests-et-procedures-de-diagnostic\/"},"modified":"2024-01-30T11:22:40","modified_gmt":"2024-01-30T16:22:40","slug":"tests-et-procedures-de-diagnostic","status":"publish","type":"page","link":"https:\/\/www.newyorkhipknee.com\/fr\/indemnisation-des-travailleurs\/lignes-directrices-pour-les-traitements-medicaux-mtg\/blessure-au-genou\/tests-et-procedures-de-diagnostic\/","title":{"rendered":"Directives de traitement m\u00e9dical de l&rsquo;\u00c9tat de New York pour les tests et proc\u00e9dures de diagnostic chez les patients victimes d&rsquo;accidents du travail"},"content":{"rendered":"<p>Les lignes directrices \u00e9labor\u00e9es par la commission des accidents du travail de l&rsquo;\u00c9tat de New York visent \u00e0 aider les m\u00e9decins et les professionnels de la sant\u00e9 \u00e0 proposer un traitement adapt\u00e9 aux l\u00e9sions du genou.<\/p>\n<p>Les professionnels de la sant\u00e9 peuvent s&rsquo;appuyer sur les lignes directrices de la Commission des accidents du travail pour prendre des d\u00e9cisions \u00e9clair\u00e9es sur les soins optimaux \u00e0 apporter aux personnes souffrant d&rsquo;une blessure au genou.<\/p>\n<p>Il est important de noter que ces lignes directrices ne remplacent pas le jugement clinique ou l&rsquo;expertise professionnelle. Le patient, en collaboration avec son prestataire de soins, est responsable de la d\u00e9cision finale concernant ses soins.<\/p>\n<h3><\/h3>\n<h3><strong>\u00c9tudes d&rsquo;imagerie diagnostique : Principes g\u00e9n\u00e9raux<\/strong><\/h3>\n<p>Comme indiqu\u00e9 dans la section A-13 sur les principes g\u00e9n\u00e9raux, le choix des examens d&rsquo;imagerie diagnostique d\u00e9pend de la pr\u00e9sentation clinique sp\u00e9cifique et du jugement clinique. Dans certains cas, une nouvelle imagerie diagnostique ou une imagerie diagnostique alternative peut \u00eatre cliniquement n\u00e9cessaire. Il peut s&rsquo;agir, entre autres, d&rsquo;un test ant\u00e9rieur de mauvaise qualit\u00e9 et\/ou non diagnostique, d&rsquo;une modification de la situation clinique (par exemple, apparition ou aggravation de sympt\u00f4mes, pr\u00e9paration d&rsquo;une intervention chirurgicale ou d&rsquo;injections th\u00e9rapeutiques, etc.), ou de la n\u00e9cessit\u00e9 de suivre les progr\u00e8s cliniques (par exemple, apr\u00e8s une intervention chirurgicale) ou la d\u00e9t\u00e9rioration au fil du temps. Le choix prudent d&rsquo;une ou plusieurs proc\u00e9dures ou d&rsquo;un ordre s\u00e9quentiel appropri\u00e9 pour des proc\u00e9dures multiples garantit une pr\u00e9cision diagnostique maximale, minimise les effets ind\u00e9sirables sur les patients et favorise l&rsquo;efficacit\u00e9 clinique. La r\u00e9p\u00e9tition des proc\u00e9dures augmente la dose de rayonnement cumul\u00e9e et les risques associ\u00e9s. Les proc\u00e9dures d&rsquo;imagerie diagnostique pr\u00e9sentent des degr\u00e9s variables de sensibilit\u00e9 et de sp\u00e9cificit\u00e9 pour tout diagnostic. La s\u00e9lection et l&rsquo;interpr\u00e9tation des examens d&rsquo;imagerie doivent \u00eatre bas\u00e9es sur l&rsquo;histoire clinique, l&rsquo;examen physique et le jugement clinique.<\/p>\n<p>&nbsp;<\/p>\n<h3><strong>Choix des proc\u00e9dures d&rsquo;imagerie<\/strong><\/h3>\n<p>Si les radiographies simples constituent g\u00e9n\u00e9ralement un point de d\u00e9part utile, elles ne suffisent pas toujours. L&rsquo;imagerie par r\u00e9sonance magn\u00e9tique (IRM), l&rsquo;arthrographie ou la tomodensitom\u00e9trie (TDM) apr\u00e8s l&rsquo;arthrographie peuvent fournir des informations pr\u00e9cieuses sur divers troubles du genou. Dans des circonstances particuli\u00e8res, comme indiqu\u00e9 pr\u00e9c\u00e9demment, la r\u00e9p\u00e9tition de l&rsquo;imagerie ou l&rsquo;utilisation d&rsquo;une autre technique peuvent \u00eatre justifi\u00e9es. Le choix d&rsquo;une proc\u00e9dure par rapport \u00e0 d&rsquo;autres d\u00e9pend g\u00e9n\u00e9ralement de plusieurs facteurs. Si n\u00e9cessaire, d&rsquo;autres examens d&rsquo;imagerie pour une \u00e9valuation plus approfondie du membre inf\u00e9rieur peuvent \u00eatre effectu\u00e9s en fonction du m\u00e9canisme de la l\u00e9sion, des sympt\u00f4mes et des ant\u00e9c\u00e9dents du patient. Les \u00e9tudes suivantes sont class\u00e9es par ordre de fr\u00e9quence d&rsquo;utilisation et non d&rsquo;importance.<\/p>\n<p>&nbsp;<\/p>\n<h3><strong>Imagerie par r\u00e9sonance magn\u00e9tique (IRM)<\/strong><\/h3>\n<p><em>Recommand\u00e9 &#8211; chez certains patients.<\/em><br \/>\n<strong>Indications :<\/strong> L&rsquo;imagerie par r\u00e9sonance magn\u00e9tique (IRM) offre une visualisation plus pr\u00e9cise des structures des tissus mous, notamment des ligaments, des tendons, de la capsule articulaire, des m\u00e9nisques et des structures cartilagineuses, par rapport \u00e0 la radiographie ou \u00e0 la tomographie axiale assist\u00e9e par ordinateur, en particulier dans l&rsquo;\u00e9valuation des l\u00e9sions traumatiques ou d\u00e9g\u00e9n\u00e9ratives. L&rsquo;utilisation d&rsquo;un produit de contraste intraveineux ou intra-articulaire peut am\u00e9liorer la d\u00e9finition de certaines pathologies. En g\u00e9n\u00e9ral, l&rsquo;IRM conventionnelle \u00e0 champ \u00e9lev\u00e9 offre une r\u00e9solution sup\u00e9rieure \u00e0 celle d&rsquo;un balayage \u00e0 champ plus faible (IRM \u00e0 champ ouvert). Un scanner \u00e0 champ r\u00e9duit peut \u00eatre justifi\u00e9 lorsqu&rsquo;un patient ne peut pas entrer dans un scanner \u00e0 champ \u00e9lev\u00e9 ou qu&rsquo;il souffre d&rsquo;une claustrophobie excessive, m\u00eame sous s\u00e9dation. Si la r\u00e9solution est insuffisante lors du premier examen, une seconde IRM utilisant une technique diff\u00e9rente peut s&rsquo;av\u00e9rer n\u00e9cessaire. Une IRM diagnostique ult\u00e9rieure peut impliquer la r\u00e9p\u00e9tition de la m\u00eame proc\u00e9dure si le m\u00e9decin de r\u00e9adaptation, le radiologue ou le chirurgien estime que la qualit\u00e9 de l&rsquo;\u00e9tude initiale est insuffisante pour \u00e9tablir un diagnostic. Toute question \u00e0 ce sujet doit \u00eatre adress\u00e9e au centre d&rsquo;IRM et\/ou au radiologue. La pr\u00e9sence de mat\u00e9riaux ferreux\/objets m\u00e9talliques dans les tissus est une contre-indication \u00e0 la r\u00e9alisation d&rsquo;une IRM.<\/p>\n<p>&nbsp;<\/p>\n<h3><strong>Tomographie assist\u00e9e par ordinateur (TAO)<\/strong><\/h3>\n<p><em>Recommand\u00e9 &#8211; chez certains patients.<\/em><br \/>\n<strong>Indications :<\/strong> La tomographie axiale assist\u00e9e par ordinateur (TAO) offre une excellente visualisation des os et est utilis\u00e9e pour une \u00e9valuation plus approfondie des masses osseuses et des fractures pr\u00e9sum\u00e9es qui n&rsquo;ont pas \u00e9t\u00e9 clairement identifi\u00e9es lors de l&rsquo;\u00e9valuation radiographique. Le logiciel de r\u00e9duction de la diffusion de l&rsquo;instrument am\u00e9liore la r\u00e9solution lorsque les artefacts m\u00e9talliques posent probl\u00e8me. En cas de pr\u00e9sence de mat\u00e9riaux ferreux\/m\u00e9talliques dans les tissus, la tomodensitom\u00e9trie doit \u00eatre demand\u00e9e \u00e0 la place de l&rsquo;IRM. Les examens de tomodensitom\u00e9trie impliquent une exposition \u00e0 des rayonnements ionisants, avec les risques qui y sont associ\u00e9s.<\/p>\n<p>&nbsp;<\/p>\n<h3><strong>Tomographie lin\u00e9aire<\/strong><\/h3>\n<p><em>Non recommand\u00e9<\/em><\/p>\n<p>&nbsp;<\/p>\n<h3><strong>Scintigraphie osseuse (scintigraphie osseuse radio-isotopique)<\/strong><\/h3>\n<p><em>Recommand\u00e9 &#8211; chez certains patients.<\/em><br \/>\n<strong>Indications :<\/strong> La captation du diphosphonate de techn\u00e9cium 99 refl\u00e8te l&rsquo;activit\u00e9 ost\u00e9oblastique et peut \u00eatre b\u00e9n\u00e9fique en cas de traumatisme, de tumeurs osseuses m\u00e9tastatiques ou primaires, de fractures de stress, de fractures occultes, d&rsquo;ost\u00e9omy\u00e9lite et de l\u00e9sions inflammatoires. Cependant, il ne peut pas faire de distinction entre ces entit\u00e9s.<\/p>\n<p>&nbsp;<\/p>\n<h3><strong>Autres scanners de radionucl\u00e9ides<\/strong><\/h3>\n<p><em>Recommand\u00e9 &#8211; chez certains patients.<\/em><br \/>\n<strong>Indications :<\/strong> Les scintigraphies \u00e0 l&rsquo;indium et au gallium sont g\u00e9n\u00e9ralement utilis\u00e9es pour aider \u00e0 diagnostiquer les l\u00e9sions observ\u00e9es lors d&rsquo;autres examens d&rsquo;imagerie diagnostique. 67La scintigraphie au citrate de gallium permet de localiser les tumeurs, les infections et les abc\u00e8s. La scintigraphie des leucocytes marqu\u00e9s \u00e0 l&rsquo;indium 111 est utilis\u00e9e pour localiser l&rsquo;infection ou l&rsquo;inflammation.<\/p>\n<p>&nbsp;<\/p>\n<h3><strong>Arthrogrammes<\/strong><\/h3>\n<p><em>Recommand\u00e9 &#8211; chez certains patients<\/em><br \/>\n<strong>Indications :<\/strong> Les arthrographies peuvent \u00eatre utiles pour \u00e9valuer le d\u00e9rangement interne d&rsquo;une articulation, uniquement lorsque l&rsquo;IRM ou d&rsquo;autres tests sont contre-indiqu\u00e9s, ne sont pas jug\u00e9s diagnostiques ou ne sont pas disponibles. Ce test peut \u00eatre appropri\u00e9 chez certains patients, lorsque les avantages cliniques l&#8217;emportent sur les risques, et lorsque l&rsquo;IRM n&rsquo;est pas diagnostique, n&rsquo;est pas cliniquement indiqu\u00e9e ou est cliniquement contre-indiqu\u00e9e. Note : Les complications potentielles de cette technique plus invasive comprennent la douleur, l&rsquo;infection et les r\u00e9actions allergiques.<\/p>\n<p>&nbsp;<\/p>\n<h3><strong>Autres tests<\/strong><\/h3>\n<p><em>Les \u00e9tudes ci-dessous sont class\u00e9es par fr\u00e9quence d&rsquo;utilisation et non par importance.<\/em><\/p>\n<p>&nbsp;<\/p>\n<h3><strong>L&rsquo;\u00e9lectromyographie<\/strong><strong> (EMG) et \u00e9tudes de la vitesse de conduction nerveuse (NCV)<\/strong><\/h3>\n<p><em>Recommand\u00e9 &#8211; chez certains patients.<\/em><br \/>\n<strong>Indications :<\/strong> Les \u00e9tudes \u00e9lectrodiagnostiques ont un usage limit\u00e9 dans les troubles du genou. Il est recommand\u00e9 et pr\u00e9f\u00e9rable que l&rsquo;EDX en ambulatoire soit r\u00e9alis\u00e9 et interpr\u00e9t\u00e9 par des m\u00e9decins certifi\u00e9s en neurologie ou en m\u00e9decine physique et de r\u00e9adaptation.<\/p>\n<p>&nbsp;<\/p>\n<h3><strong>Potentiels \u00e9voqu\u00e9s somatosensoriels (PES)<\/strong><\/h3>\n<p><em>Non recommand\u00e9<\/em><\/p>\n<p>&nbsp;<\/p>\n<h3><strong>\u00c9chographie Doppler\/Pl\u00e9thysmographie<\/strong><\/h3>\n<p><em>Recommand\u00e9 &#8211; chez certains patients.<\/em><br \/>\n<strong>Indications :<\/strong> L&rsquo;\u00e9chographie\/pl\u00e9thysmographie Doppler est utile pour diagnostiquer les maladies art\u00e9rielles et veineuses des membres inf\u00e9rieurs et doit \u00eatre envisag\u00e9e avant des \u00e9tudes plus invasives de veinogramme ou d&rsquo;art\u00e9riogramme. Le Doppler est moins sensible pour d\u00e9tecter les thromboses veineuses profondes dans la r\u00e9gion du muscle du mollet. Si le test est initialement n\u00e9gatif, une \u00e9chographie doit \u00eatre r\u00e9p\u00e9t\u00e9e 7 jours apr\u00e8s les premiers sympt\u00f4mes afin d&rsquo;exclure une thrombose poplit\u00e9e. Elle est \u00e9galement utile pour diagnostiquer une masse poplit\u00e9e lorsque l&rsquo;IRM n&rsquo;est pas disponible ou contre-indiqu\u00e9e. Remarque : une \u00e9tude Doppler est utile pour rechercher des masses dans l&rsquo;espace poplit\u00e9. Certains m\u00e9decins peuvent utiliser l&rsquo;\u00e9chographie pour guider les proc\u00e9dures de diagnostic et l&rsquo;aspiration des collections de liquide localis\u00e9es.<\/p>\n<p>&nbsp;<\/p>\n<h3><strong>V\u00e9nogramme\/Art\u00e9riogramme<\/strong><\/h3>\n<p><em>Recommand\u00e9 &#8211; chez certains patients.<\/em><br \/>\n<strong>Indications :<\/strong> La veinographie\/art\u00e9riographie est utile pour l&rsquo;examen des l\u00e9sions ou des maladies vasculaires, y compris la thrombose veineuse profonde. Les complications potentielles comprennent la douleur, les r\u00e9actions allergiques et la thrombose veineuse profonde.<\/p>\n<p>&nbsp;<\/p>\n<div class=\"textwidget\">\n<p>&nbsp;<\/p>\n<\/div>\n","protected":false},"excerpt":{"rendered":"<p>Les lignes directrices \u00e9labor\u00e9es par la commission des accidents du travail de l&rsquo;\u00c9tat de New York visent \u00e0 aider les m\u00e9decins et les professionnels de la sant\u00e9 \u00e0 proposer un traitement adapt\u00e9 aux l\u00e9sions du genou. Les professionnels de la sant\u00e9 peuvent s&rsquo;appuyer sur les lignes directrices de la Commission des accidents du travail pour [&hellip;]<\/p>\n","protected":false},"author":33,"featured_media":0,"parent":22287,"menu_order":0,"comment_status":"closed","ping_status":"closed","template":"","meta":{"_et_pb_use_builder":"","_et_pb_old_content":"","_et_gb_content_width":"","footnotes":""},"class_list":["post-22162","page","type-page","status-publish","hentry"],"yoast_head":"<!-- This site is optimized with the Yoast SEO plugin v27.2 - https:\/\/yoast.com\/product\/yoast-seo-wordpress\/ -->\n<title>Directives de traitement m\u00e9dical de l&#039;\u00c9tat de New York pour les tests et proc\u00e9dures de diagnostic chez les patients victimes d&#039;accidents du travail | Best Hip &amp; Knee Surgeon | NY, USA<\/title>\n<meta name=\"description\" content=\"Les lignes directrices \u00e9labor\u00e9es par la commission des accidents du travail de l&#039;\u00c9tat de New York visent \u00e0 aider les m\u00e9decins et les professionnels de la\" \/>\n<meta name=\"robots\" content=\"index, follow, max-snippet:-1, max-image-preview:large, max-video-preview:-1\" \/>\n<link rel=\"canonical\" href=\"https:\/\/www.newyorkhipknee.com\/fr\/indemnisation-des-travailleurs\/lignes-directrices-pour-les-traitements-medicaux-mtg\/blessure-au-genou\/tests-et-procedures-de-diagnostic\/\" \/>\n<meta property=\"og:locale\" content=\"fr_FR\" \/>\n<meta property=\"og:type\" content=\"article\" \/>\n<meta property=\"og:title\" content=\"Directives de traitement m\u00e9dical de l&#039;\u00c9tat de New York pour les tests et proc\u00e9dures de diagnostic chez les patients victimes d&#039;accidents du travail | Best Hip &amp; Knee Surgeon | NY, USA\" \/>\n<meta property=\"og:description\" content=\"Les lignes directrices \u00e9labor\u00e9es par la commission des accidents du travail de l&#039;\u00c9tat de New York visent \u00e0 aider les m\u00e9decins et les professionnels de la\" \/>\n<meta property=\"og:url\" content=\"https:\/\/www.newyorkhipknee.com\/fr\/indemnisation-des-travailleurs\/lignes-directrices-pour-les-traitements-medicaux-mtg\/blessure-au-genou\/tests-et-procedures-de-diagnostic\/\" \/>\n<meta property=\"og:site_name\" content=\"Best Hip &amp; Knee Surgeon | NY, USA\" \/>\n<meta property=\"article:modified_time\" content=\"2024-01-30T16:22:40+00:00\" \/>\n<meta name=\"twitter:card\" content=\"summary_large_image\" \/>\n<meta name=\"twitter:label1\" content=\"Dur\u00e9e de lecture estim\u00e9e\" \/>\n\t<meta name=\"twitter:data1\" content=\"7 minutes\" \/>\n<script type=\"application\/ld+json\" class=\"yoast-schema-graph\">{\"@context\":\"https:\/\/schema.org\",\"@graph\":[{\"@type\":[\"WebPage\",\"MedicalWebPage\"],\"@id\":\"https:\/\/www.newyorkhipknee.com\/fr\/indemnisation-des-travailleurs\/lignes-directrices-pour-les-traitements-medicaux-mtg\/blessure-au-genou\/tests-et-procedures-de-diagnostic\/\",\"url\":\"https:\/\/www.newyorkhipknee.com\/fr\/indemnisation-des-travailleurs\/lignes-directrices-pour-les-traitements-medicaux-mtg\/blessure-au-genou\/tests-et-procedures-de-diagnostic\/\",\"name\":\"Directives de traitement m\u00e9dical de l'\u00c9tat de New York pour les tests et proc\u00e9dures de diagnostic chez les patients victimes d'accidents du travail | Best Hip &amp; Knee Surgeon | NY, USA\",\"isPartOf\":{\"@id\":\"https:\/\/www.newyorkhipknee.com\/fr\/#website\"},\"datePublished\":\"2024-01-19T20:30:11+00:00\",\"dateModified\":\"2024-01-30T16:22:40+00:00\",\"description\":\"Les lignes directrices \u00e9labor\u00e9es par la commission des accidents du travail de l'\u00c9tat de New York visent \u00e0 aider les m\u00e9decins et les professionnels de la\",\"breadcrumb\":{\"@id\":\"https:\/\/www.newyorkhipknee.com\/fr\/indemnisation-des-travailleurs\/lignes-directrices-pour-les-traitements-medicaux-mtg\/blessure-au-genou\/tests-et-procedures-de-diagnostic\/#breadcrumb\"},\"inLanguage\":\"fr-FR\",\"potentialAction\":[{\"@type\":\"ReadAction\",\"target\":[\"https:\/\/www.newyorkhipknee.com\/fr\/indemnisation-des-travailleurs\/lignes-directrices-pour-les-traitements-medicaux-mtg\/blessure-au-genou\/tests-et-procedures-de-diagnostic\/\"]}]},{\"@type\":\"BreadcrumbList\",\"@id\":\"https:\/\/www.newyorkhipknee.com\/fr\/indemnisation-des-travailleurs\/lignes-directrices-pour-les-traitements-medicaux-mtg\/blessure-au-genou\/tests-et-procedures-de-diagnostic\/#breadcrumb\",\"itemListElement\":[{\"@type\":\"ListItem\",\"position\":1,\"name\":\"Home\",\"item\":\"https:\/\/www.newyorkhipknee.com\/fr\/\"},{\"@type\":\"ListItem\",\"position\":2,\"name\":\"Indemnisation des travailleurs\",\"item\":\"https:\/\/www.newyorkhipknee.com\/fr\/indemnisation-des-travailleurs\/\"},{\"@type\":\"ListItem\",\"position\":3,\"name\":\"Lignes directrices pour les traitements m\u00e9dicaux (MTG)\",\"item\":\"https:\/\/www.newyorkhipknee.com\/fr\/indemnisation-des-travailleurs\/lignes-directrices-pour-les-traitements-medicaux-mtg\/\"},{\"@type\":\"ListItem\",\"position\":4,\"name\":\"Directives de traitement m\u00e9dical de l&rsquo;\u00c9tat de New York pour les l\u00e9sions du genou chez les travailleurs indemnis\u00e9s\",\"item\":\"https:\/\/www.newyorkhipknee.com\/fr\/indemnisation-des-travailleurs\/lignes-directrices-pour-les-traitements-medicaux-mtg\/blessure-au-genou\/\"},{\"@type\":\"ListItem\",\"position\":5,\"name\":\"Directives de traitement m\u00e9dical de l&rsquo;\u00c9tat de New York pour les tests et proc\u00e9dures de diagnostic chez les patients victimes d&rsquo;accidents du travail\"}]},{\"@type\":\"WebSite\",\"@id\":\"https:\/\/www.newyorkhipknee.com\/fr\/#website\",\"url\":\"https:\/\/www.newyorkhipknee.com\/fr\/\",\"name\":\"Best Hip & Knee Surgeon | NY, USA\",\"description\":\"\",\"potentialAction\":[{\"@type\":\"SearchAction\",\"target\":{\"@type\":\"EntryPoint\",\"urlTemplate\":\"https:\/\/www.newyorkhipknee.com\/fr\/?s={search_term_string}\"},\"query-input\":{\"@type\":\"PropertyValueSpecification\",\"valueRequired\":true,\"valueName\":\"search_term_string\"}}],\"inLanguage\":\"fr-FR\"}]}<\/script>\n<!-- \/ Yoast SEO plugin. -->","yoast_head_json":{"title":"Directives de traitement m\u00e9dical de l'\u00c9tat de New York pour les tests et proc\u00e9dures de diagnostic chez les patients victimes d'accidents du travail | Best Hip &amp; Knee Surgeon | NY, USA","description":"Les lignes directrices \u00e9labor\u00e9es par la commission des accidents du travail de l'\u00c9tat de New York visent \u00e0 aider les m\u00e9decins et les professionnels de la","robots":{"index":"index","follow":"follow","max-snippet":"max-snippet:-1","max-image-preview":"max-image-preview:large","max-video-preview":"max-video-preview:-1"},"canonical":"https:\/\/www.newyorkhipknee.com\/fr\/indemnisation-des-travailleurs\/lignes-directrices-pour-les-traitements-medicaux-mtg\/blessure-au-genou\/tests-et-procedures-de-diagnostic\/","og_locale":"fr_FR","og_type":"article","og_title":"Directives de traitement m\u00e9dical de l'\u00c9tat de New York pour les tests et proc\u00e9dures de diagnostic chez les patients victimes d'accidents du travail | Best Hip &amp; Knee Surgeon | NY, USA","og_description":"Les lignes directrices \u00e9labor\u00e9es par la commission des accidents du travail de l'\u00c9tat de New York visent \u00e0 aider les m\u00e9decins et les professionnels de la","og_url":"https:\/\/www.newyorkhipknee.com\/fr\/indemnisation-des-travailleurs\/lignes-directrices-pour-les-traitements-medicaux-mtg\/blessure-au-genou\/tests-et-procedures-de-diagnostic\/","og_site_name":"Best Hip &amp; Knee Surgeon | NY, USA","article_modified_time":"2024-01-30T16:22:40+00:00","twitter_card":"summary_large_image","twitter_misc":{"Dur\u00e9e de lecture estim\u00e9e":"7 minutes"},"schema":{"@context":"https:\/\/schema.org","@graph":[{"@type":["WebPage","MedicalWebPage"],"@id":"https:\/\/www.newyorkhipknee.com\/fr\/indemnisation-des-travailleurs\/lignes-directrices-pour-les-traitements-medicaux-mtg\/blessure-au-genou\/tests-et-procedures-de-diagnostic\/","url":"https:\/\/www.newyorkhipknee.com\/fr\/indemnisation-des-travailleurs\/lignes-directrices-pour-les-traitements-medicaux-mtg\/blessure-au-genou\/tests-et-procedures-de-diagnostic\/","name":"Directives de traitement m\u00e9dical de l'\u00c9tat de New York pour les tests et proc\u00e9dures de diagnostic chez les patients victimes d'accidents du travail | Best Hip &amp; Knee Surgeon | NY, USA","isPartOf":{"@id":"https:\/\/www.newyorkhipknee.com\/fr\/#website"},"datePublished":"2024-01-19T20:30:11+00:00","dateModified":"2024-01-30T16:22:40+00:00","description":"Les lignes directrices \u00e9labor\u00e9es par la commission des accidents du travail de l'\u00c9tat de New York visent \u00e0 aider les m\u00e9decins et les professionnels de la","breadcrumb":{"@id":"https:\/\/www.newyorkhipknee.com\/fr\/indemnisation-des-travailleurs\/lignes-directrices-pour-les-traitements-medicaux-mtg\/blessure-au-genou\/tests-et-procedures-de-diagnostic\/#breadcrumb"},"inLanguage":"fr-FR","potentialAction":[{"@type":"ReadAction","target":["https:\/\/www.newyorkhipknee.com\/fr\/indemnisation-des-travailleurs\/lignes-directrices-pour-les-traitements-medicaux-mtg\/blessure-au-genou\/tests-et-procedures-de-diagnostic\/"]}]},{"@type":"BreadcrumbList","@id":"https:\/\/www.newyorkhipknee.com\/fr\/indemnisation-des-travailleurs\/lignes-directrices-pour-les-traitements-medicaux-mtg\/blessure-au-genou\/tests-et-procedures-de-diagnostic\/#breadcrumb","itemListElement":[{"@type":"ListItem","position":1,"name":"Home","item":"https:\/\/www.newyorkhipknee.com\/fr\/"},{"@type":"ListItem","position":2,"name":"Indemnisation des travailleurs","item":"https:\/\/www.newyorkhipknee.com\/fr\/indemnisation-des-travailleurs\/"},{"@type":"ListItem","position":3,"name":"Lignes directrices pour les traitements m\u00e9dicaux (MTG)","item":"https:\/\/www.newyorkhipknee.com\/fr\/indemnisation-des-travailleurs\/lignes-directrices-pour-les-traitements-medicaux-mtg\/"},{"@type":"ListItem","position":4,"name":"Directives de traitement m\u00e9dical de l&rsquo;\u00c9tat de New York pour les l\u00e9sions du genou chez les travailleurs indemnis\u00e9s","item":"https:\/\/www.newyorkhipknee.com\/fr\/indemnisation-des-travailleurs\/lignes-directrices-pour-les-traitements-medicaux-mtg\/blessure-au-genou\/"},{"@type":"ListItem","position":5,"name":"Directives de traitement m\u00e9dical de l&rsquo;\u00c9tat de New York pour les tests et proc\u00e9dures de diagnostic chez les patients victimes d&rsquo;accidents du travail"}]},{"@type":"WebSite","@id":"https:\/\/www.newyorkhipknee.com\/fr\/#website","url":"https:\/\/www.newyorkhipknee.com\/fr\/","name":"Best Hip & Knee Surgeon | NY, USA","description":"","potentialAction":[{"@type":"SearchAction","target":{"@type":"EntryPoint","urlTemplate":"https:\/\/www.newyorkhipknee.com\/fr\/?s={search_term_string}"},"query-input":{"@type":"PropertyValueSpecification","valueRequired":true,"valueName":"search_term_string"}}],"inLanguage":"fr-FR"}]}},"_links":{"self":[{"href":"https:\/\/www.newyorkhipknee.com\/fr\/wp-json\/wp\/v2\/pages\/22162","targetHints":{"allow":["GET"]}}],"collection":[{"href":"https:\/\/www.newyorkhipknee.com\/fr\/wp-json\/wp\/v2\/pages"}],"about":[{"href":"https:\/\/www.newyorkhipknee.com\/fr\/wp-json\/wp\/v2\/types\/page"}],"author":[{"embeddable":true,"href":"https:\/\/www.newyorkhipknee.com\/fr\/wp-json\/wp\/v2\/users\/33"}],"replies":[{"embeddable":true,"href":"https:\/\/www.newyorkhipknee.com\/fr\/wp-json\/wp\/v2\/comments?post=22162"}],"version-history":[{"count":0,"href":"https:\/\/www.newyorkhipknee.com\/fr\/wp-json\/wp\/v2\/pages\/22162\/revisions"}],"up":[{"embeddable":true,"href":"https:\/\/www.newyorkhipknee.com\/fr\/wp-json\/wp\/v2\/pages\/22287"}],"wp:attachment":[{"href":"https:\/\/www.newyorkhipknee.com\/fr\/wp-json\/wp\/v2\/media?parent=22162"}],"curies":[{"name":"wp","href":"https:\/\/api.w.org\/{rel}","templated":true}]}}