{"id":22164,"date":"2024-01-22T15:54:33","date_gmt":"2024-01-22T20:54:33","guid":{"rendered":"https:\/\/newyorkhipknee.com\/criteres-dexclusion-de-la-greffe-dallogreffe-meniscale\/"},"modified":"2024-01-30T11:26:39","modified_gmt":"2024-01-30T16:26:39","slug":"criteres-dexclusion-de-la-greffe-dallogreffe-meniscale","status":"publish","type":"page","link":"https:\/\/www.newyorkhipknee.com\/fr\/indemnisation-des-travailleurs\/lignes-directrices-pour-les-traitements-medicaux-mtg\/blessure-au-genou\/criteres-dexclusion-de-la-greffe-dallogreffe-meniscale\/","title":{"rendered":"Directives m\u00e9dicales de l&rsquo;\u00c9tat de New York pour la transplantation d&rsquo;allogreffes m\u00e9niscales Crit\u00e8res d&rsquo;exclusion pour les patients indemnis\u00e9s par l&rsquo;\u00c9tat de New York"},"content":{"rendered":"<div class=\"w-full text-token-text-primary\" data-testid=\"conversation-turn-2\">\n<div class=\"px-4 py-2 justify-center text-base md:gap-6 m-auto\">\n<div class=\"flex flex-1 text-base mx-auto gap-3 md:px-5 lg:px-1 xl:px-5 md:max-w-3xl lg:max-w-[40rem] xl:max-w-[48rem] group\">\n<div class=\"flex-shrink-0 flex flex-col relative items-end\">\n<div>\n<div class=\"pt-0.5\">\n<div class=\"gizmo-shadow-stroke flex h-6 w-6 items-center justify-center overflow-hidden rounded-full\"><\/div>\n<\/div>\n<\/div>\n<\/div>\n<\/div>\n<\/div>\n<\/div>\n<p>Les lignes directrices formul\u00e9es par la commission des accidents du travail de l&rsquo;\u00c9tat de New York visent \u00e0 orienter le traitement de la greffe d&rsquo;allogreffe m\u00e9niscale. Leur objectif est d&rsquo;aider les m\u00e9decins, les podologues et les professionnels de la sant\u00e9 \u00e0 d\u00e9terminer le traitement le plus appropri\u00e9 pour cette affection.<\/p>\n<p>Les professionnels de la sant\u00e9 confront\u00e9s \u00e0 la transplantation d&rsquo;allogreffes m\u00e9niscales peuvent s&rsquo;appuyer sur les lignes directrices de la Commission des accidents du travail pour prendre des d\u00e9cisions \u00e9clair\u00e9es concernant le niveau de soins optimal pour leurs patients.<\/p>\n<p>Il est essentiel de souligner que ces lignes directrices ne sont pas destin\u00e9es \u00e0 remplacer le jugement clinique ou l&rsquo;expertise professionnelle. La d\u00e9cision finale concernant les soins doit \u00eatre le fruit d&rsquo;une collaboration entre le patient et son prestataire de soins.<\/p>\n<h3><strong>Greffe d&rsquo;allogreffe m\u00e9niscale<\/strong><\/h3>\n<p><strong>Non recommand\u00e9 &#8211; dans l&rsquo;une ou l&rsquo;autre des circonstances suivantes :<\/strong><br \/>\na) Affection arthritique localis\u00e9e ou diffuse, l\u00e9g\u00e8re \u00e0 s\u00e9v\u00e8re, qui appara\u00eet sur une radiographie en position debout sous la forme d&rsquo;un r\u00e9tr\u00e9cissement de l&rsquo;espace articulaire, d&rsquo;ost\u00e9ophytes ou de modifications de l&rsquo;os sous-jacent.<br \/>\nb) Le cartilage articulaire du compartiment affect\u00e9 pr\u00e9sente une chondrose class\u00e9e par l&rsquo;\u00e9chelle d&rsquo;Outerbridge modifi\u00e9e comme \u00e9tant de grade III sans d\u00e9bridement, de grade III avec d\u00e9bridement n&rsquo;ayant pas produit une surface articulaire capable de maintenir l&rsquo;int\u00e9grit\u00e9 du m\u00e9nisque transplant\u00e9, ou de grade IV.<\/p>\n<p>&nbsp;<\/p>\n<div class=\"flex-1 overflow-hidden\">\n<div class=\"react-scroll-to-bottom--css-zayfr-79elbk h-full\">\n<div class=\"react-scroll-to-bottom--css-zayfr-1n7m0yu\">\n<div class=\"flex flex-col pb-9 text-sm\">\n<div class=\"w-full text-token-text-primary\" data-testid=\"conversation-turn-17\">\n<div class=\"px-4 py-2 justify-center text-base md:gap-6 m-auto\">\n<div class=\"flex flex-1 text-base mx-auto gap-3 md:px-5 lg:px-1 xl:px-5 md:max-w-3xl lg:max-w-[40rem] xl:max-w-[48rem] group final-completion\">\n<div class=\"relative flex w-full flex-col lg:w-[calc(100%-115px)] agent-turn\">\n<div class=\"flex-col gap-1 md:gap-3\">\n<div class=\"flex flex-grow flex-col max-w-full\">\n<div class=\"min-h-[20px] text-message flex flex-col items-start gap-3 whitespace-pre-wrap break-words [.text-message+&amp;]:mt-5 overflow-x-auto\" data-message-author-role=\"assistant\" data-message-id=\"9126ddd1-e814-4acd-845e-50bf0ad627e9\">\n<div class=\"markdown prose w-full break-words dark:prose-invert dark\">\n<p><strong>Classification Outerbridge modifi\u00e9e<\/strong><br \/>\nI Ramollissement du cartilage articulaire<br \/>\nII Fissures ou fibrillations chondrales &lt; 1,25 cm de diam\u00e8tre<br \/>\nIII Fibrillation chondrale &gt; 1,25 cm de diam\u00e8tre (\u00ab\u00a0crabmeat changes\u00a0\u00bb)<br \/>\nIV Os sous-chondral expos\u00e9<\/p>\n<p>&nbsp;<\/p>\n<p><strong>Indice de masse corporelle (IMC) :<\/strong><br \/>\nL&rsquo;\u00e9quation pour calculer l&rsquo;IMC = (Poids en livres \u00f7 par la taille en pouces divis\u00e9 \u00f7 par la taille en pouces) x 703. Par exemple, une personne pesant 210 livres et mesurant 6 pieds aurait un IMC de (210 livres \u00f7 par 72 pouces \u00f7 par 72 pouces) x 703 = 28,5.<\/p>\n<\/div>\n<\/div>\n<\/div>\n<div class=\"mt-1 flex justify-start gap-3 empty:hidden\">\n<div class=\"text-gray-400 flex self-end lg:self-center justify-center lg:justify-start mt-0 -ml-1 visible\">\n<p>&nbsp;<\/p>\n<div class=\"flex\"><\/div>\n<\/div>\n<\/div>\n<\/div>\n<\/div>\n<\/div>\n<\/div>\n<\/div>\n<\/div>\n<\/div>\n<\/div>\n<\/div>\n<div class=\"w-full pt-2 md:pt-0 dark:border-white\/20 md:border-transparent md:dark:border-transparent md:w-[calc(100%-.5rem)]\">\n<form class=\"stretch mx-2 flex flex-row gap-3 last:mb-2 md:mx-4 md:last:mb-6 lg:mx-auto lg:max-w-2xl xl:max-w-3xl\">\n<div class=\"relative flex h-full flex-1 items-stretch md:flex-col\">\n<div class=\"flex w-full items-center\"><\/div>\n<\/div>\n<\/form>\n<\/div>\n","protected":false},"excerpt":{"rendered":"<p>Les lignes directrices formul\u00e9es par la commission des accidents du travail de l&rsquo;\u00c9tat de New York visent \u00e0 orienter le traitement de la greffe d&rsquo;allogreffe m\u00e9niscale. Leur objectif est d&rsquo;aider les m\u00e9decins, les podologues et les professionnels de la sant\u00e9 \u00e0 d\u00e9terminer le traitement le plus appropri\u00e9 pour cette affection. Les professionnels de la sant\u00e9 [&hellip;]<\/p>\n","protected":false},"author":33,"featured_media":0,"parent":22287,"menu_order":0,"comment_status":"closed","ping_status":"closed","template":"","meta":{"_et_pb_use_builder":"","_et_pb_old_content":"","_et_gb_content_width":"","footnotes":""},"class_list":["post-22164","page","type-page","status-publish","hentry"],"yoast_head":"<!-- This site is optimized with the Yoast SEO plugin v27.2 - https:\/\/yoast.com\/product\/yoast-seo-wordpress\/ -->\n<title>Directives m\u00e9dicales de l&#039;\u00c9tat de New York pour la transplantation d&#039;allogreffes m\u00e9niscales Crit\u00e8res d&#039;exclusion pour les patients indemnis\u00e9s par l&#039;\u00c9tat de New York | Best Hip &amp; Knee Surgeon | NY, USA<\/title>\n<meta name=\"description\" content=\"Les lignes directrices formul\u00e9es par la commission des accidents du travail de l&#039;\u00c9tat de New York visent \u00e0 orienter le traitement de la greffe\" \/>\n<meta name=\"robots\" content=\"index, follow, max-snippet:-1, max-image-preview:large, max-video-preview:-1\" \/>\n<link rel=\"canonical\" href=\"https:\/\/www.newyorkhipknee.com\/fr\/indemnisation-des-travailleurs\/lignes-directrices-pour-les-traitements-medicaux-mtg\/blessure-au-genou\/criteres-dexclusion-de-la-greffe-dallogreffe-meniscale\/\" \/>\n<meta property=\"og:locale\" content=\"fr_FR\" \/>\n<meta property=\"og:type\" content=\"article\" \/>\n<meta property=\"og:title\" content=\"Directives m\u00e9dicales de l&#039;\u00c9tat de New York pour la transplantation d&#039;allogreffes m\u00e9niscales Crit\u00e8res d&#039;exclusion pour les patients indemnis\u00e9s par l&#039;\u00c9tat de New York | Best Hip &amp; Knee Surgeon | NY, USA\" \/>\n<meta property=\"og:description\" content=\"Les lignes directrices formul\u00e9es par la commission des accidents du travail de l&#039;\u00c9tat de New York visent \u00e0 orienter le traitement de la greffe\" \/>\n<meta property=\"og:url\" content=\"https:\/\/www.newyorkhipknee.com\/fr\/indemnisation-des-travailleurs\/lignes-directrices-pour-les-traitements-medicaux-mtg\/blessure-au-genou\/criteres-dexclusion-de-la-greffe-dallogreffe-meniscale\/\" \/>\n<meta property=\"og:site_name\" content=\"Best Hip &amp; Knee Surgeon | NY, USA\" \/>\n<meta property=\"article:modified_time\" content=\"2024-01-30T16:26:39+00:00\" \/>\n<meta name=\"twitter:card\" content=\"summary_large_image\" \/>\n<meta name=\"twitter:label1\" content=\"Dur\u00e9e de lecture estim\u00e9e\" \/>\n\t<meta name=\"twitter:data1\" content=\"2 minutes\" \/>\n<script type=\"application\/ld+json\" class=\"yoast-schema-graph\">{\"@context\":\"https:\/\/schema.org\",\"@graph\":[{\"@type\":[\"WebPage\",\"MedicalWebPage\"],\"@id\":\"https:\/\/www.newyorkhipknee.com\/fr\/indemnisation-des-travailleurs\/lignes-directrices-pour-les-traitements-medicaux-mtg\/blessure-au-genou\/criteres-dexclusion-de-la-greffe-dallogreffe-meniscale\/\",\"url\":\"https:\/\/www.newyorkhipknee.com\/fr\/indemnisation-des-travailleurs\/lignes-directrices-pour-les-traitements-medicaux-mtg\/blessure-au-genou\/criteres-dexclusion-de-la-greffe-dallogreffe-meniscale\/\",\"name\":\"Directives m\u00e9dicales de l'\u00c9tat de New York pour la transplantation d'allogreffes m\u00e9niscales Crit\u00e8res d'exclusion pour les patients indemnis\u00e9s par l'\u00c9tat de New York | Best Hip &amp; Knee Surgeon | NY, USA\",\"isPartOf\":{\"@id\":\"https:\/\/www.newyorkhipknee.com\/fr\/#website\"},\"datePublished\":\"2024-01-22T20:54:33+00:00\",\"dateModified\":\"2024-01-30T16:26:39+00:00\",\"description\":\"Les lignes directrices formul\u00e9es par la commission des accidents du travail de l'\u00c9tat de New York visent \u00e0 orienter le traitement de la greffe\",\"breadcrumb\":{\"@id\":\"https:\/\/www.newyorkhipknee.com\/fr\/indemnisation-des-travailleurs\/lignes-directrices-pour-les-traitements-medicaux-mtg\/blessure-au-genou\/criteres-dexclusion-de-la-greffe-dallogreffe-meniscale\/#breadcrumb\"},\"inLanguage\":\"fr-FR\",\"potentialAction\":[{\"@type\":\"ReadAction\",\"target\":[\"https:\/\/www.newyorkhipknee.com\/fr\/indemnisation-des-travailleurs\/lignes-directrices-pour-les-traitements-medicaux-mtg\/blessure-au-genou\/criteres-dexclusion-de-la-greffe-dallogreffe-meniscale\/\"]}]},{\"@type\":\"BreadcrumbList\",\"@id\":\"https:\/\/www.newyorkhipknee.com\/fr\/indemnisation-des-travailleurs\/lignes-directrices-pour-les-traitements-medicaux-mtg\/blessure-au-genou\/criteres-dexclusion-de-la-greffe-dallogreffe-meniscale\/#breadcrumb\",\"itemListElement\":[{\"@type\":\"ListItem\",\"position\":1,\"name\":\"Home\",\"item\":\"https:\/\/www.newyorkhipknee.com\/fr\/\"},{\"@type\":\"ListItem\",\"position\":2,\"name\":\"Indemnisation des travailleurs\",\"item\":\"https:\/\/www.newyorkhipknee.com\/fr\/indemnisation-des-travailleurs\/\"},{\"@type\":\"ListItem\",\"position\":3,\"name\":\"Lignes directrices pour les traitements m\u00e9dicaux (MTG)\",\"item\":\"https:\/\/www.newyorkhipknee.com\/fr\/indemnisation-des-travailleurs\/lignes-directrices-pour-les-traitements-medicaux-mtg\/\"},{\"@type\":\"ListItem\",\"position\":4,\"name\":\"Directives de traitement m\u00e9dical de l&rsquo;\u00c9tat de New York pour les l\u00e9sions du genou chez les travailleurs indemnis\u00e9s\",\"item\":\"https:\/\/www.newyorkhipknee.com\/fr\/indemnisation-des-travailleurs\/lignes-directrices-pour-les-traitements-medicaux-mtg\/blessure-au-genou\/\"},{\"@type\":\"ListItem\",\"position\":5,\"name\":\"Directives m\u00e9dicales de l&rsquo;\u00c9tat de New York pour la transplantation d&rsquo;allogreffes m\u00e9niscales Crit\u00e8res d&rsquo;exclusion pour les patients indemnis\u00e9s par l&rsquo;\u00c9tat de New York\"}]},{\"@type\":\"WebSite\",\"@id\":\"https:\/\/www.newyorkhipknee.com\/fr\/#website\",\"url\":\"https:\/\/www.newyorkhipknee.com\/fr\/\",\"name\":\"Best Hip & Knee Surgeon | NY, USA\",\"description\":\"\",\"potentialAction\":[{\"@type\":\"SearchAction\",\"target\":{\"@type\":\"EntryPoint\",\"urlTemplate\":\"https:\/\/www.newyorkhipknee.com\/fr\/?s={search_term_string}\"},\"query-input\":{\"@type\":\"PropertyValueSpecification\",\"valueRequired\":true,\"valueName\":\"search_term_string\"}}],\"inLanguage\":\"fr-FR\"}]}<\/script>\n<!-- \/ Yoast SEO plugin. -->","yoast_head_json":{"title":"Directives m\u00e9dicales de l'\u00c9tat de New York pour la transplantation d'allogreffes m\u00e9niscales Crit\u00e8res d'exclusion pour les patients indemnis\u00e9s par l'\u00c9tat de New York | Best Hip &amp; Knee Surgeon | NY, USA","description":"Les lignes directrices formul\u00e9es par la commission des accidents du travail de l'\u00c9tat de New York visent \u00e0 orienter le traitement de la greffe","robots":{"index":"index","follow":"follow","max-snippet":"max-snippet:-1","max-image-preview":"max-image-preview:large","max-video-preview":"max-video-preview:-1"},"canonical":"https:\/\/www.newyorkhipknee.com\/fr\/indemnisation-des-travailleurs\/lignes-directrices-pour-les-traitements-medicaux-mtg\/blessure-au-genou\/criteres-dexclusion-de-la-greffe-dallogreffe-meniscale\/","og_locale":"fr_FR","og_type":"article","og_title":"Directives m\u00e9dicales de l'\u00c9tat de New York pour la transplantation d'allogreffes m\u00e9niscales Crit\u00e8res d'exclusion pour les patients indemnis\u00e9s par l'\u00c9tat de New York | Best Hip &amp; Knee Surgeon | NY, USA","og_description":"Les lignes directrices formul\u00e9es par la commission des accidents du travail de l'\u00c9tat de New York visent \u00e0 orienter le traitement de la greffe","og_url":"https:\/\/www.newyorkhipknee.com\/fr\/indemnisation-des-travailleurs\/lignes-directrices-pour-les-traitements-medicaux-mtg\/blessure-au-genou\/criteres-dexclusion-de-la-greffe-dallogreffe-meniscale\/","og_site_name":"Best Hip &amp; Knee Surgeon | NY, USA","article_modified_time":"2024-01-30T16:26:39+00:00","twitter_card":"summary_large_image","twitter_misc":{"Dur\u00e9e de lecture estim\u00e9e":"2 minutes"},"schema":{"@context":"https:\/\/schema.org","@graph":[{"@type":["WebPage","MedicalWebPage"],"@id":"https:\/\/www.newyorkhipknee.com\/fr\/indemnisation-des-travailleurs\/lignes-directrices-pour-les-traitements-medicaux-mtg\/blessure-au-genou\/criteres-dexclusion-de-la-greffe-dallogreffe-meniscale\/","url":"https:\/\/www.newyorkhipknee.com\/fr\/indemnisation-des-travailleurs\/lignes-directrices-pour-les-traitements-medicaux-mtg\/blessure-au-genou\/criteres-dexclusion-de-la-greffe-dallogreffe-meniscale\/","name":"Directives m\u00e9dicales de l'\u00c9tat de New York pour la transplantation d'allogreffes m\u00e9niscales Crit\u00e8res d'exclusion pour les patients indemnis\u00e9s par l'\u00c9tat de New York | Best Hip &amp; Knee Surgeon | NY, USA","isPartOf":{"@id":"https:\/\/www.newyorkhipknee.com\/fr\/#website"},"datePublished":"2024-01-22T20:54:33+00:00","dateModified":"2024-01-30T16:26:39+00:00","description":"Les lignes directrices formul\u00e9es par la commission des accidents du travail de l'\u00c9tat de New York visent \u00e0 orienter le traitement de la greffe","breadcrumb":{"@id":"https:\/\/www.newyorkhipknee.com\/fr\/indemnisation-des-travailleurs\/lignes-directrices-pour-les-traitements-medicaux-mtg\/blessure-au-genou\/criteres-dexclusion-de-la-greffe-dallogreffe-meniscale\/#breadcrumb"},"inLanguage":"fr-FR","potentialAction":[{"@type":"ReadAction","target":["https:\/\/www.newyorkhipknee.com\/fr\/indemnisation-des-travailleurs\/lignes-directrices-pour-les-traitements-medicaux-mtg\/blessure-au-genou\/criteres-dexclusion-de-la-greffe-dallogreffe-meniscale\/"]}]},{"@type":"BreadcrumbList","@id":"https:\/\/www.newyorkhipknee.com\/fr\/indemnisation-des-travailleurs\/lignes-directrices-pour-les-traitements-medicaux-mtg\/blessure-au-genou\/criteres-dexclusion-de-la-greffe-dallogreffe-meniscale\/#breadcrumb","itemListElement":[{"@type":"ListItem","position":1,"name":"Home","item":"https:\/\/www.newyorkhipknee.com\/fr\/"},{"@type":"ListItem","position":2,"name":"Indemnisation des travailleurs","item":"https:\/\/www.newyorkhipknee.com\/fr\/indemnisation-des-travailleurs\/"},{"@type":"ListItem","position":3,"name":"Lignes directrices pour les traitements m\u00e9dicaux (MTG)","item":"https:\/\/www.newyorkhipknee.com\/fr\/indemnisation-des-travailleurs\/lignes-directrices-pour-les-traitements-medicaux-mtg\/"},{"@type":"ListItem","position":4,"name":"Directives de traitement m\u00e9dical de l&rsquo;\u00c9tat de New York pour les l\u00e9sions du genou chez les travailleurs indemnis\u00e9s","item":"https:\/\/www.newyorkhipknee.com\/fr\/indemnisation-des-travailleurs\/lignes-directrices-pour-les-traitements-medicaux-mtg\/blessure-au-genou\/"},{"@type":"ListItem","position":5,"name":"Directives m\u00e9dicales de l&rsquo;\u00c9tat de New York pour la transplantation d&rsquo;allogreffes m\u00e9niscales Crit\u00e8res d&rsquo;exclusion pour les patients indemnis\u00e9s par l&rsquo;\u00c9tat de New York"}]},{"@type":"WebSite","@id":"https:\/\/www.newyorkhipknee.com\/fr\/#website","url":"https:\/\/www.newyorkhipknee.com\/fr\/","name":"Best Hip & Knee Surgeon | NY, USA","description":"","potentialAction":[{"@type":"SearchAction","target":{"@type":"EntryPoint","urlTemplate":"https:\/\/www.newyorkhipknee.com\/fr\/?s={search_term_string}"},"query-input":{"@type":"PropertyValueSpecification","valueRequired":true,"valueName":"search_term_string"}}],"inLanguage":"fr-FR"}]}},"_links":{"self":[{"href":"https:\/\/www.newyorkhipknee.com\/fr\/wp-json\/wp\/v2\/pages\/22164","targetHints":{"allow":["GET"]}}],"collection":[{"href":"https:\/\/www.newyorkhipknee.com\/fr\/wp-json\/wp\/v2\/pages"}],"about":[{"href":"https:\/\/www.newyorkhipknee.com\/fr\/wp-json\/wp\/v2\/types\/page"}],"author":[{"embeddable":true,"href":"https:\/\/www.newyorkhipknee.com\/fr\/wp-json\/wp\/v2\/users\/33"}],"replies":[{"embeddable":true,"href":"https:\/\/www.newyorkhipknee.com\/fr\/wp-json\/wp\/v2\/comments?post=22164"}],"version-history":[{"count":0,"href":"https:\/\/www.newyorkhipknee.com\/fr\/wp-json\/wp\/v2\/pages\/22164\/revisions"}],"up":[{"embeddable":true,"href":"https:\/\/www.newyorkhipknee.com\/fr\/wp-json\/wp\/v2\/pages\/22287"}],"wp:attachment":[{"href":"https:\/\/www.newyorkhipknee.com\/fr\/wp-json\/wp\/v2\/media?parent=22164"}],"curies":[{"name":"wp","href":"https:\/\/api.w.org\/{rel}","templated":true}]}}