{"id":22170,"date":"2024-01-22T12:22:18","date_gmt":"2024-01-22T17:22:18","guid":{"rendered":"https:\/\/newyorkhipknee.com\/lesion-du-ligament-croise-posterieur-lcp\/"},"modified":"2024-01-30T11:28:34","modified_gmt":"2024-01-30T16:28:34","slug":"lesion-du-ligament-croise-posterieur-lcp","status":"publish","type":"page","link":"https:\/\/www.newyorkhipknee.com\/fr\/indemnisation-des-travailleurs\/lignes-directrices-pour-les-traitements-medicaux-mtg\/blessure-au-genou\/lesion-du-ligament-croise-posterieur-lcp\/","title":{"rendered":"Directives m\u00e9dicales de l&rsquo;\u00c9tat de New York pour le traitement des l\u00e9sions du ligament crois\u00e9 post\u00e9rieur (LCP) chez les travailleurs indemnis\u00e9s"},"content":{"rendered":"<div class=\"flex-1 overflow-hidden\">\n<div class=\"react-scroll-to-bottom--css-zsbdf-79elbk h-full\">\n<div class=\"react-scroll-to-bottom--css-zsbdf-1n7m0yu\">\n<div class=\"flex flex-col pb-9 text-sm\">\n<div class=\"w-full text-token-text-primary\" data-testid=\"conversation-turn-7\">\n<div class=\"px-4 py-2 justify-center text-base md:gap-6 m-auto\">\n<div class=\"flex flex-1 text-base mx-auto gap-3 md:px-5 lg:px-1 xl:px-5 md:max-w-3xl lg:max-w-[40rem] xl:max-w-[48rem] group final-completion\">\n<div class=\"relative flex w-full flex-col lg:w-[calc(100%-115px)] agent-turn\">\n<div class=\"flex-col gap-1 md:gap-3\">\n<div class=\"flex flex-grow flex-col max-w-full\">\n<div class=\"min-h-[20px] text-message flex flex-col items-start gap-3 whitespace-pre-wrap break-words [.text-message+&amp;]:mt-5 overflow-x-auto\" data-message-author-role=\"assistant\" data-message-id=\"52b7b7e8-48d6-4f8d-b7c4-c1b5141ccb55\">\n<div class=\"markdown prose w-full break-words dark:prose-invert dark\">\n<p>La commission des accidents du travail de l&rsquo;\u00c9tat de New York a \u00e9tabli des lignes directrices pour le traitement des l\u00e9sions du ligament crois\u00e9 post\u00e9rieur (LCP). Ces lignes directrices sont con\u00e7ues pour aider les m\u00e9decins et les professionnels de la sant\u00e9 \u00e0 d\u00e9terminer le traitement appropri\u00e9 pour cette maladie.<\/p>\n<p>Les professionnels de la sant\u00e9 qui prennent en charge les l\u00e9sions du ligament crois\u00e9 post\u00e9rieur (LCP) peuvent s&rsquo;appuyer sur ces lignes directrices de la Commission des accidents du travail pour choisir en connaissance de cause le meilleur niveau de soins pour leurs patients.<\/p>\n<p>Il est essentiel de souligner que ces lignes directrices ne doivent pas se substituer au jugement clinique ou \u00e0 l&rsquo;expertise professionnelle. La d\u00e9cision finale concernant les soins doit \u00eatre le fruit d&rsquo;une collaboration entre le patient et son prestataire de soins.<\/p>\n<h3><\/h3>\n<h3><strong>Description \/ D\u00e9finition<\/strong><\/h3>\n<p>La rupture du LCP peut s&rsquo;accompagner d&rsquo;une rupture du LCA.<\/p>\n<p>&nbsp;<\/p>\n<h3><strong>M\u00e9canisme de la l\u00e9sion<\/strong><\/h3>\n<p>Le plus souvent caus\u00e9e par une force dirig\u00e9e vers l&rsquo;arri\u00e8re sur le genou fl\u00e9chi.<\/p>\n<p>&nbsp;<\/p>\n<h3><strong>Observations physiques sp\u00e9cifiques<\/strong><\/h3>\n<p>L&rsquo;examen physique r\u00e9v\u00e8le la pr\u00e9sence d&rsquo;un \u00e9panchement aigu, d&rsquo;une instabilit\u00e9, d&rsquo;un test de Lachman invers\u00e9, d&rsquo;un d\u00e9placement de pivot invers\u00e9 et d&rsquo;un test du tiroir post\u00e9rieur.<\/p>\n<p>&nbsp;<\/p>\n<h3><strong>Proc\u00e9dures de test de diagnostic<\/strong><\/h3>\n<p>IRM, radiographies<br \/>\nRecommand\u00e9 &#8211; chez certains patients en cas d&rsquo;indication clinique et\/ou de suspicion d&rsquo;avulsion osseuse.<\/p>\n<\/div>\n<\/div>\n<\/div>\n<div class=\"mt-1 flex justify-start gap-3 empty:hidden\">\n<div class=\"text-gray-400 flex self-end lg:self-center justify-center lg:justify-start mt-0 -ml-1 visible\">\n<p>&nbsp;<\/p>\n<div class=\"flex items-center gap-1.5 text-xs\">\n<h3><strong>Traitement non op\u00e9ratoire<\/strong><\/h3>\n<p>Recommand\u00e9 &#8211; chez certains patients selon les indications cliniques.<br \/>\nRepos\/activit\u00e9 restreinte, mise en d\u00e9charge avec des b\u00e9quilles ou une canne, glace, \u00e9l\u00e9vation, attelle, pl\u00e2tre, orth\u00e8ses, r\u00e9\u00e9ducation et th\u00e9rapie active et\/ou passive, AINS, APAP et injections th\u00e9rapeutiques.<\/p>\n<p>&nbsp;<\/p>\n<h3><strong>Traitement chirurgical<\/strong><\/h3>\n<p>Reconstruction par autogreffe ou allogreffe.<br \/>\nRecommand\u00e9 &#8211; chez certains patients selon les indications cliniques.<br \/>\nIndications : Plaintes d&rsquo;instabilit\u00e9. Il convient de tenir compte du niveau d&rsquo;activit\u00e9 quotidien normal des patients avant d&rsquo;entreprendre une intervention chirurgicale. Cette intervention est le plus souvent pratiqu\u00e9e lorsque la rupture du LCP s&rsquo;accompagne d&rsquo;une l\u00e9sion multiligamentaire.<\/p>\n<p>&nbsp;<\/p>\n<h3><strong>Th\u00e9rapie post-op\u00e9ratoire<\/strong><\/h3>\n<p>Th\u00e9rapie, attelle.<br \/>\nRecommand\u00e9 &#8211; chez certains patients selon les indications cliniques.<\/p>\n<p>&nbsp;<\/p>\n<\/div>\n<\/div>\n<div class=\"flex flex-grow flex-col max-w-full\">\n<div class=\"textwidget\">\n<p>&nbsp;<\/p>\n<\/div>\n<\/div>\n<div class=\"mt-1 flex justify-start gap-3 empty:hidden\">\n<div class=\"text-gray-400 flex self-end lg:self-center justify-center lg:justify-start mt-0 -ml-1 visible\">\n<p>&nbsp;<\/p>\n<\/div>\n<\/div>\n<\/div>\n<\/div>\n<\/div>\n<\/div>\n<\/div>\n<\/div>\n<\/div>\n<\/div>\n<\/div>\n<\/div>\n<div class=\"w-full pt-2 md:pt-0 dark:border-white\/20 md:border-transparent md:dark:border-transparent md:w-[calc(100%-.5rem)]\">\n<form class=\"stretch mx-2 flex flex-row gap-3 last:mb-2 md:mx-4 md:last:mb-6 lg:mx-auto lg:max-w-2xl xl:max-w-3xl\">\n<div class=\"relative flex h-full flex-1 items-stretch md:flex-col\">\n<div class=\"flex w-full items-center\"><\/div>\n<\/div>\n<\/form>\n<\/div>\n","protected":false},"excerpt":{"rendered":"<p>La commission des accidents du travail de l&rsquo;\u00c9tat de New York a \u00e9tabli des lignes directrices pour le traitement des l\u00e9sions du ligament crois\u00e9 post\u00e9rieur (LCP). Ces lignes directrices sont con\u00e7ues pour aider les m\u00e9decins et les professionnels de la sant\u00e9 \u00e0 d\u00e9terminer le traitement appropri\u00e9 pour cette maladie. Les professionnels de la sant\u00e9 qui [&hellip;]<\/p>\n","protected":false},"author":33,"featured_media":0,"parent":22287,"menu_order":0,"comment_status":"closed","ping_status":"closed","template":"","meta":{"_et_pb_use_builder":"","_et_pb_old_content":"","_et_gb_content_width":"","footnotes":""},"class_list":["post-22170","page","type-page","status-publish","hentry"],"yoast_head":"<!-- This site is optimized with the Yoast SEO plugin v27.2 - https:\/\/yoast.com\/product\/yoast-seo-wordpress\/ -->\n<title>Directives m\u00e9dicales de l&#039;\u00c9tat de New York pour le traitement des l\u00e9sions du ligament crois\u00e9 post\u00e9rieur (LCP) chez les travailleurs indemnis\u00e9s | Best Hip &amp; Knee Surgeon | NY, USA<\/title>\n<meta name=\"description\" content=\"La commission des accidents du travail de l&#039;\u00c9tat de New York a \u00e9tabli des lignes directrices pour le traitement des l\u00e9sions du ligament crois\u00e9 post\u00e9rieur\" \/>\n<meta name=\"robots\" content=\"index, follow, max-snippet:-1, max-image-preview:large, max-video-preview:-1\" \/>\n<link rel=\"canonical\" href=\"https:\/\/www.newyorkhipknee.com\/fr\/indemnisation-des-travailleurs\/lignes-directrices-pour-les-traitements-medicaux-mtg\/blessure-au-genou\/lesion-du-ligament-croise-posterieur-lcp\/\" \/>\n<meta property=\"og:locale\" content=\"fr_FR\" \/>\n<meta property=\"og:type\" content=\"article\" \/>\n<meta property=\"og:title\" content=\"Directives m\u00e9dicales de l&#039;\u00c9tat de New York pour le traitement des l\u00e9sions du ligament crois\u00e9 post\u00e9rieur (LCP) chez les travailleurs indemnis\u00e9s | Best Hip &amp; Knee Surgeon | NY, USA\" \/>\n<meta property=\"og:description\" content=\"La commission des accidents du travail de l&#039;\u00c9tat de New York a \u00e9tabli des lignes directrices pour le traitement des l\u00e9sions du ligament crois\u00e9 post\u00e9rieur\" \/>\n<meta property=\"og:url\" content=\"https:\/\/www.newyorkhipknee.com\/fr\/indemnisation-des-travailleurs\/lignes-directrices-pour-les-traitements-medicaux-mtg\/blessure-au-genou\/lesion-du-ligament-croise-posterieur-lcp\/\" \/>\n<meta property=\"og:site_name\" content=\"Best Hip &amp; Knee Surgeon | NY, USA\" \/>\n<meta property=\"article:modified_time\" content=\"2024-01-30T16:28:34+00:00\" \/>\n<meta name=\"twitter:card\" content=\"summary_large_image\" \/>\n<meta name=\"twitter:label1\" content=\"Dur\u00e9e de lecture estim\u00e9e\" \/>\n\t<meta name=\"twitter:data1\" content=\"2 minutes\" \/>\n<script type=\"application\/ld+json\" class=\"yoast-schema-graph\">{\"@context\":\"https:\/\/schema.org\",\"@graph\":[{\"@type\":[\"WebPage\",\"MedicalWebPage\"],\"@id\":\"https:\/\/www.newyorkhipknee.com\/fr\/indemnisation-des-travailleurs\/lignes-directrices-pour-les-traitements-medicaux-mtg\/blessure-au-genou\/lesion-du-ligament-croise-posterieur-lcp\/\",\"url\":\"https:\/\/www.newyorkhipknee.com\/fr\/indemnisation-des-travailleurs\/lignes-directrices-pour-les-traitements-medicaux-mtg\/blessure-au-genou\/lesion-du-ligament-croise-posterieur-lcp\/\",\"name\":\"Directives m\u00e9dicales de l'\u00c9tat de New York pour le traitement des l\u00e9sions du ligament crois\u00e9 post\u00e9rieur (LCP) chez les travailleurs indemnis\u00e9s | Best Hip &amp; Knee Surgeon | NY, USA\",\"isPartOf\":{\"@id\":\"https:\/\/www.newyorkhipknee.com\/fr\/#website\"},\"datePublished\":\"2024-01-22T17:22:18+00:00\",\"dateModified\":\"2024-01-30T16:28:34+00:00\",\"description\":\"La commission des accidents du travail de l'\u00c9tat de New York a \u00e9tabli des lignes directrices pour le traitement des l\u00e9sions du ligament crois\u00e9 post\u00e9rieur\",\"breadcrumb\":{\"@id\":\"https:\/\/www.newyorkhipknee.com\/fr\/indemnisation-des-travailleurs\/lignes-directrices-pour-les-traitements-medicaux-mtg\/blessure-au-genou\/lesion-du-ligament-croise-posterieur-lcp\/#breadcrumb\"},\"inLanguage\":\"fr-FR\",\"potentialAction\":[{\"@type\":\"ReadAction\",\"target\":[\"https:\/\/www.newyorkhipknee.com\/fr\/indemnisation-des-travailleurs\/lignes-directrices-pour-les-traitements-medicaux-mtg\/blessure-au-genou\/lesion-du-ligament-croise-posterieur-lcp\/\"]}]},{\"@type\":\"BreadcrumbList\",\"@id\":\"https:\/\/www.newyorkhipknee.com\/fr\/indemnisation-des-travailleurs\/lignes-directrices-pour-les-traitements-medicaux-mtg\/blessure-au-genou\/lesion-du-ligament-croise-posterieur-lcp\/#breadcrumb\",\"itemListElement\":[{\"@type\":\"ListItem\",\"position\":1,\"name\":\"Home\",\"item\":\"https:\/\/www.newyorkhipknee.com\/fr\/\"},{\"@type\":\"ListItem\",\"position\":2,\"name\":\"Indemnisation des travailleurs\",\"item\":\"https:\/\/www.newyorkhipknee.com\/fr\/indemnisation-des-travailleurs\/\"},{\"@type\":\"ListItem\",\"position\":3,\"name\":\"Lignes directrices pour les traitements m\u00e9dicaux (MTG)\",\"item\":\"https:\/\/www.newyorkhipknee.com\/fr\/indemnisation-des-travailleurs\/lignes-directrices-pour-les-traitements-medicaux-mtg\/\"},{\"@type\":\"ListItem\",\"position\":4,\"name\":\"Directives de traitement m\u00e9dical de l&rsquo;\u00c9tat de New York pour les l\u00e9sions du genou chez les travailleurs indemnis\u00e9s\",\"item\":\"https:\/\/www.newyorkhipknee.com\/fr\/indemnisation-des-travailleurs\/lignes-directrices-pour-les-traitements-medicaux-mtg\/blessure-au-genou\/\"},{\"@type\":\"ListItem\",\"position\":5,\"name\":\"Directives m\u00e9dicales de l&rsquo;\u00c9tat de New York pour le traitement des l\u00e9sions du ligament crois\u00e9 post\u00e9rieur (LCP) chez les travailleurs indemnis\u00e9s\"}]},{\"@type\":\"WebSite\",\"@id\":\"https:\/\/www.newyorkhipknee.com\/fr\/#website\",\"url\":\"https:\/\/www.newyorkhipknee.com\/fr\/\",\"name\":\"Best Hip & Knee Surgeon | NY, USA\",\"description\":\"\",\"potentialAction\":[{\"@type\":\"SearchAction\",\"target\":{\"@type\":\"EntryPoint\",\"urlTemplate\":\"https:\/\/www.newyorkhipknee.com\/fr\/?s={search_term_string}\"},\"query-input\":{\"@type\":\"PropertyValueSpecification\",\"valueRequired\":true,\"valueName\":\"search_term_string\"}}],\"inLanguage\":\"fr-FR\"}]}<\/script>\n<!-- \/ Yoast SEO plugin. -->","yoast_head_json":{"title":"Directives m\u00e9dicales de l'\u00c9tat de New York pour le traitement des l\u00e9sions du ligament crois\u00e9 post\u00e9rieur (LCP) chez les travailleurs indemnis\u00e9s | Best Hip &amp; Knee Surgeon | NY, USA","description":"La commission des accidents du travail de l'\u00c9tat de New York a \u00e9tabli des lignes directrices pour le traitement des l\u00e9sions du ligament crois\u00e9 post\u00e9rieur","robots":{"index":"index","follow":"follow","max-snippet":"max-snippet:-1","max-image-preview":"max-image-preview:large","max-video-preview":"max-video-preview:-1"},"canonical":"https:\/\/www.newyorkhipknee.com\/fr\/indemnisation-des-travailleurs\/lignes-directrices-pour-les-traitements-medicaux-mtg\/blessure-au-genou\/lesion-du-ligament-croise-posterieur-lcp\/","og_locale":"fr_FR","og_type":"article","og_title":"Directives m\u00e9dicales de l'\u00c9tat de New York pour le traitement des l\u00e9sions du ligament crois\u00e9 post\u00e9rieur (LCP) chez les travailleurs indemnis\u00e9s | Best Hip &amp; Knee Surgeon | NY, USA","og_description":"La commission des accidents du travail de l'\u00c9tat de New York a \u00e9tabli des lignes directrices pour le traitement des l\u00e9sions du ligament crois\u00e9 post\u00e9rieur","og_url":"https:\/\/www.newyorkhipknee.com\/fr\/indemnisation-des-travailleurs\/lignes-directrices-pour-les-traitements-medicaux-mtg\/blessure-au-genou\/lesion-du-ligament-croise-posterieur-lcp\/","og_site_name":"Best Hip &amp; Knee Surgeon | NY, USA","article_modified_time":"2024-01-30T16:28:34+00:00","twitter_card":"summary_large_image","twitter_misc":{"Dur\u00e9e de lecture estim\u00e9e":"2 minutes"},"schema":{"@context":"https:\/\/schema.org","@graph":[{"@type":["WebPage","MedicalWebPage"],"@id":"https:\/\/www.newyorkhipknee.com\/fr\/indemnisation-des-travailleurs\/lignes-directrices-pour-les-traitements-medicaux-mtg\/blessure-au-genou\/lesion-du-ligament-croise-posterieur-lcp\/","url":"https:\/\/www.newyorkhipknee.com\/fr\/indemnisation-des-travailleurs\/lignes-directrices-pour-les-traitements-medicaux-mtg\/blessure-au-genou\/lesion-du-ligament-croise-posterieur-lcp\/","name":"Directives m\u00e9dicales de l'\u00c9tat de New York pour le traitement des l\u00e9sions du ligament crois\u00e9 post\u00e9rieur (LCP) chez les travailleurs indemnis\u00e9s | Best Hip &amp; Knee Surgeon | NY, USA","isPartOf":{"@id":"https:\/\/www.newyorkhipknee.com\/fr\/#website"},"datePublished":"2024-01-22T17:22:18+00:00","dateModified":"2024-01-30T16:28:34+00:00","description":"La commission des accidents du travail de l'\u00c9tat de New York a \u00e9tabli des lignes directrices pour le traitement des l\u00e9sions du ligament crois\u00e9 post\u00e9rieur","breadcrumb":{"@id":"https:\/\/www.newyorkhipknee.com\/fr\/indemnisation-des-travailleurs\/lignes-directrices-pour-les-traitements-medicaux-mtg\/blessure-au-genou\/lesion-du-ligament-croise-posterieur-lcp\/#breadcrumb"},"inLanguage":"fr-FR","potentialAction":[{"@type":"ReadAction","target":["https:\/\/www.newyorkhipknee.com\/fr\/indemnisation-des-travailleurs\/lignes-directrices-pour-les-traitements-medicaux-mtg\/blessure-au-genou\/lesion-du-ligament-croise-posterieur-lcp\/"]}]},{"@type":"BreadcrumbList","@id":"https:\/\/www.newyorkhipknee.com\/fr\/indemnisation-des-travailleurs\/lignes-directrices-pour-les-traitements-medicaux-mtg\/blessure-au-genou\/lesion-du-ligament-croise-posterieur-lcp\/#breadcrumb","itemListElement":[{"@type":"ListItem","position":1,"name":"Home","item":"https:\/\/www.newyorkhipknee.com\/fr\/"},{"@type":"ListItem","position":2,"name":"Indemnisation des travailleurs","item":"https:\/\/www.newyorkhipknee.com\/fr\/indemnisation-des-travailleurs\/"},{"@type":"ListItem","position":3,"name":"Lignes directrices pour les traitements m\u00e9dicaux (MTG)","item":"https:\/\/www.newyorkhipknee.com\/fr\/indemnisation-des-travailleurs\/lignes-directrices-pour-les-traitements-medicaux-mtg\/"},{"@type":"ListItem","position":4,"name":"Directives de traitement m\u00e9dical de l&rsquo;\u00c9tat de New York pour les l\u00e9sions du genou chez les travailleurs indemnis\u00e9s","item":"https:\/\/www.newyorkhipknee.com\/fr\/indemnisation-des-travailleurs\/lignes-directrices-pour-les-traitements-medicaux-mtg\/blessure-au-genou\/"},{"@type":"ListItem","position":5,"name":"Directives m\u00e9dicales de l&rsquo;\u00c9tat de New York pour le traitement des l\u00e9sions du ligament crois\u00e9 post\u00e9rieur (LCP) chez les travailleurs indemnis\u00e9s"}]},{"@type":"WebSite","@id":"https:\/\/www.newyorkhipknee.com\/fr\/#website","url":"https:\/\/www.newyorkhipknee.com\/fr\/","name":"Best Hip & Knee Surgeon | NY, USA","description":"","potentialAction":[{"@type":"SearchAction","target":{"@type":"EntryPoint","urlTemplate":"https:\/\/www.newyorkhipknee.com\/fr\/?s={search_term_string}"},"query-input":{"@type":"PropertyValueSpecification","valueRequired":true,"valueName":"search_term_string"}}],"inLanguage":"fr-FR"}]}},"_links":{"self":[{"href":"https:\/\/www.newyorkhipknee.com\/fr\/wp-json\/wp\/v2\/pages\/22170","targetHints":{"allow":["GET"]}}],"collection":[{"href":"https:\/\/www.newyorkhipknee.com\/fr\/wp-json\/wp\/v2\/pages"}],"about":[{"href":"https:\/\/www.newyorkhipknee.com\/fr\/wp-json\/wp\/v2\/types\/page"}],"author":[{"embeddable":true,"href":"https:\/\/www.newyorkhipknee.com\/fr\/wp-json\/wp\/v2\/users\/33"}],"replies":[{"embeddable":true,"href":"https:\/\/www.newyorkhipknee.com\/fr\/wp-json\/wp\/v2\/comments?post=22170"}],"version-history":[{"count":0,"href":"https:\/\/www.newyorkhipknee.com\/fr\/wp-json\/wp\/v2\/pages\/22170\/revisions"}],"up":[{"embeddable":true,"href":"https:\/\/www.newyorkhipknee.com\/fr\/wp-json\/wp\/v2\/pages\/22287"}],"wp:attachment":[{"href":"https:\/\/www.newyorkhipknee.com\/fr\/wp-json\/wp\/v2\/media?parent=22170"}],"curies":[{"name":"wp","href":"https:\/\/api.w.org\/{rel}","templated":true}]}}