{"id":22173,"date":"2024-01-11T16:27:14","date_gmt":"2024-01-11T21:27:14","guid":{"rendered":"https:\/\/newyorkhipknee.com\/lasbestose\/"},"modified":"2024-01-30T12:03:52","modified_gmt":"2024-01-30T17:03:52","slug":"lasbestose","status":"publish","type":"page","link":"https:\/\/www.newyorkhipknee.com\/fr\/indemnisation-des-travailleurs\/lignes-directrices-pour-les-traitements-medicaux-mtg\/maladie-pulmonaire-interstitielle-dorigine-professionnelle\/lasbestose\/","title":{"rendered":"Directives de traitement m\u00e9dical de l&rsquo;\u00c9tat de New York pour l&rsquo;asbestose chez les travailleurs indemnis\u00e9s"},"content":{"rendered":"<div class=\"flex-1 overflow-hidden\">\n<div class=\"react-scroll-to-bottom--css-txcga-79elbk h-full\">\n<div class=\"react-scroll-to-bottom--css-txcga-1n7m0yu\">\n<div class=\"flex flex-col pb-9 text-sm\">\n<div class=\"w-full text-token-text-primary\" data-testid=\"conversation-turn-47\">\n<div class=\"px-4 py-2 justify-center text-base md:gap-6 m-auto\">\n<div class=\"flex flex-1 text-base mx-auto gap-3 md:px-5 lg:px-1 xl:px-5 md:max-w-3xl lg:max-w-[40rem] xl:max-w-[48rem] group final-completion\">\n<div class=\"relative flex w-full flex-col lg:w-[calc(100%-115px)] agent-turn\">\n<div class=\"flex-col gap-1 md:gap-3\">\n<div class=\"flex flex-grow flex-col max-w-full\">\n<div class=\"min-h-[20px] text-message flex flex-col items-start gap-3 whitespace-pre-wrap break-words [.text-message+&amp;]:mt-5 overflow-x-auto\" data-message-author-role=\"assistant\" data-message-id=\"7d706e64-57d1-45ce-a10e-d341ae899bde\">\n<div class=\"markdown prose w-full break-words dark:prose-invert dark\">\n<p>Les lignes directrices \u00e9tablies par la commission des accidents du travail de l&rsquo;\u00c9tat de New York sont con\u00e7ues pour aider les professionnels de la sant\u00e9 \u00e0 \u00e9valuer l&rsquo;asbestose. Ces directives visent \u00e0 aider les m\u00e9decins et les professionnels de la sant\u00e9 \u00e0 d\u00e9terminer le traitement appropri\u00e9 pour cette maladie.<\/p>\n<p>Les professionnels de la sant\u00e9 sp\u00e9cialis\u00e9s dans l&rsquo;asbestose peuvent s&rsquo;appuyer sur les conseils fournis par la Commission des accidents du travail pour prendre des d\u00e9cisions \u00e9clair\u00e9es sur le niveau de soins le plus appropri\u00e9 pour leurs patients.<\/p>\n<p>Il est important de souligner que ces lignes directrices ne visent pas \u00e0 remplacer le jugement clinique ou l&rsquo;expertise professionnelle. La d\u00e9cision finale concernant les soins doit \u00eatre le fruit d&rsquo;une collaboration entre le patient et son prestataire de soins.<\/p>\n<h1><\/h1>\n<h1><strong>Maladies li\u00e9es \u00e0 l&rsquo;amiante et comorbidit\u00e9s<\/strong><\/h1>\n<h3><strong>Mod\u00e8les de maladies r\u00e9sultant de l&rsquo;exposition \u00e0 l&rsquo;amiante :<\/strong><\/h3>\n<ol>\n<li><strong>L&rsquo;asbestose :<\/strong>\n<ul>\n<li>D\u00e9finition : Fibrose pulmonaire diffuse r\u00e9sultant de l&rsquo;inhalation de fibres d&rsquo;amiante.<\/li>\n<li>Pr\u00e9sentation clinique : Changements fibrotiques dans le parenchyme pulmonaire.<\/li>\n<\/ul>\n<\/li>\n<li><strong>Manifestations pleurales :<\/strong>\n<ul>\n<li><strong>Plaques pleurales :<\/strong>\n<ul>\n<li>Description : \u00c9paississement pleural discret, qui peut \u00eatre calcifi\u00e9 ou non.<\/li>\n<\/ul>\n<\/li>\n<li><strong>\u00c9paississement pleural diffus :<\/strong>\n<ul>\n<li>Description : \u00c9paississement pleural important.<\/li>\n<\/ul>\n<\/li>\n<li><strong>Atelectasie arrondie :<\/strong>\n<ul>\n<li>Description : Forme de collapsus pulmonaire avec atteinte pleurale.<\/li>\n<\/ul>\n<\/li>\n<li><strong>Effusion pleurale non maligne li\u00e9e \u00e0 l&rsquo;amiante :<\/strong>\n<ul>\n<li>Description : Accumulation de liquide dans l&rsquo;espace pleural due \u00e0 l&rsquo;exposition \u00e0 l&rsquo;amiante.<\/li>\n<\/ul>\n<\/li>\n<\/ul>\n<\/li>\n<\/ol>\n<p>&nbsp;<\/p>\n<h3><strong>Comorbidit\u00e9s associ\u00e9es \u00e0 l&rsquo;exposition \u00e0 l&rsquo;amiante :<\/strong><\/h3>\n<ul>\n<li><strong>Risque accru de cancer :<\/strong>\n<ul>\n<li>Cancer du poumon : Particuli\u00e8rement \u00e9lev\u00e9 lorsqu&rsquo;il est associ\u00e9 \u00e0 la consommation de cigarettes.<\/li>\n<li>M\u00e9soth\u00e9liome : Atteinte des membranes s\u00e9reuses pleurales ou p\u00e9riton\u00e9ales.<\/li>\n<li>Cancer du larynx et des ovaires.<\/li>\n<\/ul>\n<\/li>\n<\/ul>\n<p>&nbsp;<\/p>\n<h3><strong>Variabilit\u00e9 de l&rsquo;\u00e9volution de la maladie :<\/strong><\/h3>\n<ul>\n<li>Les personnes atteintes d&rsquo;asbestose connaissent des taux de progression de la maladie variables, allant d&rsquo;une d\u00e9ficience respiratoire l\u00e9g\u00e8re \u00e0 une d\u00e9ficience respiratoire grave.<\/li>\n<li>La gravit\u00e9 de la maladie peut \u00eatre influenc\u00e9e par des facteurs tels que les ant\u00e9c\u00e9dents de tabagisme et l&rsquo;exposition \u00e0 d&rsquo;autres risques environnementaux comme les \u00e9manations de carburant diesel.<\/li>\n<\/ul>\n<p><strong>Note :<\/strong> Les maladies li\u00e9es \u00e0 l&rsquo;amiante englobent une s\u00e9rie d&rsquo;affections touchant \u00e0 la fois les poumons et la pl\u00e8vre, dont la gravit\u00e9 d\u00e9pend de facteurs de risque individuels. Un suivi r\u00e9gulier et des modifications du mode de vie sont essentiels pour g\u00e9rer la sant\u00e9 des personnes expos\u00e9es \u00e0 l&rsquo;amiante.<\/p>\n<\/div>\n<\/div>\n<\/div>\n<div class=\"mt-1 flex justify-start gap-3 empty:hidden\">\n<div class=\"text-gray-400 flex self-end lg:self-center justify-center lg:justify-start mt-0 -ml-1 visible\">\n<p>&nbsp;<\/p>\n<div class=\"flex\">\n<h3><strong>Latence de l&rsquo;asbestose :<\/strong><\/h3>\n<ul>\n<li>Les sympt\u00f4mes de l&rsquo;asbestose peuvent mettre des d\u00e9cennies \u00e0 se manifester apr\u00e8s l&rsquo;exposition initiale.<\/li>\n<\/ul>\n<p>&nbsp;<\/p>\n<h3><strong>Diagnostic de l&rsquo;asbestose et des maladies li\u00e9es \u00e0 l&rsquo;amiante :<\/strong><\/h3>\n<p><strong>\u00c9valuation clinique :<\/strong><\/p>\n<ul>\n<li><strong>Histoire professionnelle :<\/strong> Enqu\u00eate approfondie sur l&rsquo;exposition professionnelle \u00e0 l&rsquo;amiante.<\/li>\n<li><strong>Latence :<\/strong> Prise en compte de l&rsquo;intervalle de temps entre l&rsquo;exposition et l&rsquo;apparition des sympt\u00f4mes.<\/li>\n<li><strong>Fonction pulmonaire :<\/strong> \u00c9valuation de la fonction pulmonaire par le biais d&rsquo;\u00e9valuations.<\/li>\n<li><strong>Preuves radiographiques :<\/strong> Utilisation de radiographies pulmonaires et\/ou de tomodensitogrammes \u00e0 haute r\u00e9solution.<\/li>\n<\/ul>\n<p><strong>Crit\u00e8res de diagnostic :<\/strong><\/p>\n<ul>\n<li><strong>Ant\u00e9c\u00e9dents professionnels :<\/strong> V\u00e9rification d&rsquo;une exposition significative \u00e0 l&rsquo;amiante.<\/li>\n<li><strong>Latence :<\/strong> Confirmation d&rsquo;un d\u00e9lai appropri\u00e9 entre l&rsquo;exposition et l&rsquo;apparition des sympt\u00f4mes.<\/li>\n<li><strong>Imagerie radiographique :<\/strong> Identification des r\u00e9sultats caract\u00e9ristiques des radiographies thoraciques et\/ou des scanners HRCT.<\/li>\n<li><strong>Tests de la fonction pulmonaire :<\/strong> \u00c9valuation de l&rsquo;alt\u00e9ration de la fonction pulmonaire.<\/li>\n<\/ul>\n<p><strong>Diagnostic diff\u00e9rentiel :<\/strong><\/p>\n<ul>\n<li>Prise en compte d&rsquo;autres affections pouvant pr\u00e9senter des sympt\u00f4mes ou des sch\u00e9mas radiographiques similaires.<\/li>\n<\/ul>\n<p><strong>Note clinique :<\/strong><\/p>\n<ul>\n<li>Le diagnostic de l&rsquo;asbestose et des maladies li\u00e9es \u00e0 l&rsquo;amiante n\u00e9cessite une approche globale, combinant des ant\u00e9c\u00e9dents professionnels d\u00e9taill\u00e9s, l&rsquo;\u00e9valuation de la latence et l&rsquo;interpr\u00e9tation des r\u00e9sultats de l&rsquo;imagerie et des tests de la fonction pulmonaire. Il est essentiel d&rsquo;exclure d&rsquo;autres causes potentielles de sympt\u00f4mes respiratoires et de maladies pulmonaires fibrotiques au cours du processus de diagnostic. Une surveillance r\u00e9guli\u00e8re et des \u00e9valuations de suivi sont essentielles pour les personnes ayant des ant\u00e9c\u00e9dents d&rsquo;exposition \u00e0 l&rsquo;amiante.<\/li>\n<\/ul>\n<\/div>\n<div class=\"flex items-center gap-1.5 text-xs\"><\/div>\n<\/div>\n<\/div>\n<\/div>\n<\/div>\n<\/div>\n<\/div>\n<\/div>\n<\/div>\n<\/div>\n<\/div>\n<\/div>\n<div class=\"w-full pt-2 md:pt-0 dark:border-white\/20 md:border-transparent md:dark:border-transparent md:w-[calc(100%-.5rem)]\">\n<form class=\"stretch mx-2 flex flex-row gap-3 last:mb-2 md:mx-4 md:last:mb-6 lg:mx-auto lg:max-w-2xl xl:max-w-3xl\">\n<div class=\"relative flex h-full flex-1 items-stretch md:flex-col\">\n<div class=\"flex w-full items-center\"><\/div>\n<\/div>\n<\/form>\n<\/div>\n","protected":false},"excerpt":{"rendered":"<p>Les lignes directrices \u00e9tablies par la commission des accidents du travail de l&rsquo;\u00c9tat de New York sont con\u00e7ues pour aider les professionnels de la sant\u00e9 \u00e0 \u00e9valuer l&rsquo;asbestose. Ces directives visent \u00e0 aider les m\u00e9decins et les professionnels de la sant\u00e9 \u00e0 d\u00e9terminer le traitement appropri\u00e9 pour cette maladie. Les professionnels de la sant\u00e9 sp\u00e9cialis\u00e9s [&hellip;]<\/p>\n","protected":false},"author":33,"featured_media":0,"parent":22286,"menu_order":0,"comment_status":"closed","ping_status":"closed","template":"","meta":{"_et_pb_use_builder":"","_et_pb_old_content":"","_et_gb_content_width":"","footnotes":""},"class_list":["post-22173","page","type-page","status-publish","hentry"],"yoast_head":"<!-- This site is optimized with the Yoast SEO plugin v27.2 - https:\/\/yoast.com\/product\/yoast-seo-wordpress\/ -->\n<title>Directives de traitement m\u00e9dical de l&#039;\u00c9tat de New York pour l&#039;asbestose chez les travailleurs indemnis\u00e9s | Best Hip &amp; Knee Surgeon | NY, USA<\/title>\n<meta name=\"description\" content=\"Les lignes directrices \u00e9tablies par la commission des accidents du travail de l&#039;\u00c9tat de New York sont con\u00e7ues pour aider les professionnels de la sant\u00e9 \u00e0\" \/>\n<meta name=\"robots\" content=\"index, follow, max-snippet:-1, max-image-preview:large, max-video-preview:-1\" \/>\n<link rel=\"canonical\" href=\"https:\/\/www.newyorkhipknee.com\/fr\/indemnisation-des-travailleurs\/lignes-directrices-pour-les-traitements-medicaux-mtg\/maladie-pulmonaire-interstitielle-dorigine-professionnelle\/lasbestose\/\" \/>\n<meta property=\"og:locale\" content=\"fr_FR\" \/>\n<meta property=\"og:type\" content=\"article\" \/>\n<meta property=\"og:title\" content=\"Directives de traitement m\u00e9dical de l&#039;\u00c9tat de New York pour l&#039;asbestose chez les travailleurs indemnis\u00e9s | Best Hip &amp; Knee Surgeon | NY, USA\" \/>\n<meta property=\"og:description\" content=\"Les lignes directrices \u00e9tablies par la commission des accidents du travail de l&#039;\u00c9tat de New York sont con\u00e7ues pour aider les professionnels de la sant\u00e9 \u00e0\" \/>\n<meta property=\"og:url\" content=\"https:\/\/www.newyorkhipknee.com\/fr\/indemnisation-des-travailleurs\/lignes-directrices-pour-les-traitements-medicaux-mtg\/maladie-pulmonaire-interstitielle-dorigine-professionnelle\/lasbestose\/\" \/>\n<meta property=\"og:site_name\" content=\"Best Hip &amp; Knee Surgeon | NY, USA\" \/>\n<meta property=\"article:modified_time\" content=\"2024-01-30T17:03:52+00:00\" \/>\n<meta name=\"twitter:card\" content=\"summary_large_image\" \/>\n<meta name=\"twitter:label1\" content=\"Dur\u00e9e de lecture estim\u00e9e\" \/>\n\t<meta name=\"twitter:data1\" content=\"3 minutes\" \/>\n<script type=\"application\/ld+json\" class=\"yoast-schema-graph\">{\"@context\":\"https:\/\/schema.org\",\"@graph\":[{\"@type\":[\"WebPage\",\"MedicalWebPage\"],\"@id\":\"https:\/\/www.newyorkhipknee.com\/fr\/indemnisation-des-travailleurs\/lignes-directrices-pour-les-traitements-medicaux-mtg\/maladie-pulmonaire-interstitielle-dorigine-professionnelle\/lasbestose\/\",\"url\":\"https:\/\/www.newyorkhipknee.com\/fr\/indemnisation-des-travailleurs\/lignes-directrices-pour-les-traitements-medicaux-mtg\/maladie-pulmonaire-interstitielle-dorigine-professionnelle\/lasbestose\/\",\"name\":\"Directives de traitement m\u00e9dical de l'\u00c9tat de New York pour l'asbestose chez les travailleurs indemnis\u00e9s | Best Hip &amp; Knee Surgeon | NY, USA\",\"isPartOf\":{\"@id\":\"https:\/\/www.newyorkhipknee.com\/fr\/#website\"},\"datePublished\":\"2024-01-11T21:27:14+00:00\",\"dateModified\":\"2024-01-30T17:03:52+00:00\",\"description\":\"Les lignes directrices \u00e9tablies par la commission des accidents du travail de l'\u00c9tat de New York sont con\u00e7ues pour aider les professionnels de la sant\u00e9 \u00e0\",\"breadcrumb\":{\"@id\":\"https:\/\/www.newyorkhipknee.com\/fr\/indemnisation-des-travailleurs\/lignes-directrices-pour-les-traitements-medicaux-mtg\/maladie-pulmonaire-interstitielle-dorigine-professionnelle\/lasbestose\/#breadcrumb\"},\"inLanguage\":\"fr-FR\",\"potentialAction\":[{\"@type\":\"ReadAction\",\"target\":[\"https:\/\/www.newyorkhipknee.com\/fr\/indemnisation-des-travailleurs\/lignes-directrices-pour-les-traitements-medicaux-mtg\/maladie-pulmonaire-interstitielle-dorigine-professionnelle\/lasbestose\/\"]}]},{\"@type\":\"BreadcrumbList\",\"@id\":\"https:\/\/www.newyorkhipknee.com\/fr\/indemnisation-des-travailleurs\/lignes-directrices-pour-les-traitements-medicaux-mtg\/maladie-pulmonaire-interstitielle-dorigine-professionnelle\/lasbestose\/#breadcrumb\",\"itemListElement\":[{\"@type\":\"ListItem\",\"position\":1,\"name\":\"Home\",\"item\":\"https:\/\/www.newyorkhipknee.com\/fr\/\"},{\"@type\":\"ListItem\",\"position\":2,\"name\":\"Indemnisation des travailleurs\",\"item\":\"https:\/\/www.newyorkhipknee.com\/fr\/indemnisation-des-travailleurs\/\"},{\"@type\":\"ListItem\",\"position\":3,\"name\":\"Lignes directrices pour les traitements m\u00e9dicaux (MTG)\",\"item\":\"https:\/\/www.newyorkhipknee.com\/fr\/indemnisation-des-travailleurs\/lignes-directrices-pour-les-traitements-medicaux-mtg\/\"},{\"@type\":\"ListItem\",\"position\":4,\"name\":\"Directives de traitement m\u00e9dical de l&rsquo;\u00c9tat de New York pour la pneumopathie interstitielle professionnelle chez les travailleurs indemnis\u00e9s\",\"item\":\"https:\/\/www.newyorkhipknee.com\/fr\/indemnisation-des-travailleurs\/lignes-directrices-pour-les-traitements-medicaux-mtg\/maladie-pulmonaire-interstitielle-dorigine-professionnelle\/\"},{\"@type\":\"ListItem\",\"position\":5,\"name\":\"Directives de traitement m\u00e9dical de l&rsquo;\u00c9tat de New York pour l&rsquo;asbestose chez les travailleurs indemnis\u00e9s\"}]},{\"@type\":\"WebSite\",\"@id\":\"https:\/\/www.newyorkhipknee.com\/fr\/#website\",\"url\":\"https:\/\/www.newyorkhipknee.com\/fr\/\",\"name\":\"Best Hip & Knee Surgeon | NY, USA\",\"description\":\"\",\"potentialAction\":[{\"@type\":\"SearchAction\",\"target\":{\"@type\":\"EntryPoint\",\"urlTemplate\":\"https:\/\/www.newyorkhipknee.com\/fr\/?s={search_term_string}\"},\"query-input\":{\"@type\":\"PropertyValueSpecification\",\"valueRequired\":true,\"valueName\":\"search_term_string\"}}],\"inLanguage\":\"fr-FR\"}]}<\/script>\n<!-- \/ Yoast SEO plugin. -->","yoast_head_json":{"title":"Directives de traitement m\u00e9dical de l'\u00c9tat de New York pour l'asbestose chez les travailleurs indemnis\u00e9s | Best Hip &amp; Knee Surgeon | NY, USA","description":"Les lignes directrices \u00e9tablies par la commission des accidents du travail de l'\u00c9tat de New York sont con\u00e7ues pour aider les professionnels de la sant\u00e9 \u00e0","robots":{"index":"index","follow":"follow","max-snippet":"max-snippet:-1","max-image-preview":"max-image-preview:large","max-video-preview":"max-video-preview:-1"},"canonical":"https:\/\/www.newyorkhipknee.com\/fr\/indemnisation-des-travailleurs\/lignes-directrices-pour-les-traitements-medicaux-mtg\/maladie-pulmonaire-interstitielle-dorigine-professionnelle\/lasbestose\/","og_locale":"fr_FR","og_type":"article","og_title":"Directives de traitement m\u00e9dical de l'\u00c9tat de New York pour l'asbestose chez les travailleurs indemnis\u00e9s | Best Hip &amp; Knee Surgeon | NY, USA","og_description":"Les lignes directrices \u00e9tablies par la commission des accidents du travail de l'\u00c9tat de New York sont con\u00e7ues pour aider les professionnels de la sant\u00e9 \u00e0","og_url":"https:\/\/www.newyorkhipknee.com\/fr\/indemnisation-des-travailleurs\/lignes-directrices-pour-les-traitements-medicaux-mtg\/maladie-pulmonaire-interstitielle-dorigine-professionnelle\/lasbestose\/","og_site_name":"Best Hip &amp; Knee Surgeon | NY, USA","article_modified_time":"2024-01-30T17:03:52+00:00","twitter_card":"summary_large_image","twitter_misc":{"Dur\u00e9e de lecture estim\u00e9e":"3 minutes"},"schema":{"@context":"https:\/\/schema.org","@graph":[{"@type":["WebPage","MedicalWebPage"],"@id":"https:\/\/www.newyorkhipknee.com\/fr\/indemnisation-des-travailleurs\/lignes-directrices-pour-les-traitements-medicaux-mtg\/maladie-pulmonaire-interstitielle-dorigine-professionnelle\/lasbestose\/","url":"https:\/\/www.newyorkhipknee.com\/fr\/indemnisation-des-travailleurs\/lignes-directrices-pour-les-traitements-medicaux-mtg\/maladie-pulmonaire-interstitielle-dorigine-professionnelle\/lasbestose\/","name":"Directives de traitement m\u00e9dical de l'\u00c9tat de New York pour l'asbestose chez les travailleurs indemnis\u00e9s | Best Hip &amp; Knee Surgeon | NY, USA","isPartOf":{"@id":"https:\/\/www.newyorkhipknee.com\/fr\/#website"},"datePublished":"2024-01-11T21:27:14+00:00","dateModified":"2024-01-30T17:03:52+00:00","description":"Les lignes directrices \u00e9tablies par la commission des accidents du travail de l'\u00c9tat de New York sont con\u00e7ues pour aider les professionnels de la sant\u00e9 \u00e0","breadcrumb":{"@id":"https:\/\/www.newyorkhipknee.com\/fr\/indemnisation-des-travailleurs\/lignes-directrices-pour-les-traitements-medicaux-mtg\/maladie-pulmonaire-interstitielle-dorigine-professionnelle\/lasbestose\/#breadcrumb"},"inLanguage":"fr-FR","potentialAction":[{"@type":"ReadAction","target":["https:\/\/www.newyorkhipknee.com\/fr\/indemnisation-des-travailleurs\/lignes-directrices-pour-les-traitements-medicaux-mtg\/maladie-pulmonaire-interstitielle-dorigine-professionnelle\/lasbestose\/"]}]},{"@type":"BreadcrumbList","@id":"https:\/\/www.newyorkhipknee.com\/fr\/indemnisation-des-travailleurs\/lignes-directrices-pour-les-traitements-medicaux-mtg\/maladie-pulmonaire-interstitielle-dorigine-professionnelle\/lasbestose\/#breadcrumb","itemListElement":[{"@type":"ListItem","position":1,"name":"Home","item":"https:\/\/www.newyorkhipknee.com\/fr\/"},{"@type":"ListItem","position":2,"name":"Indemnisation des travailleurs","item":"https:\/\/www.newyorkhipknee.com\/fr\/indemnisation-des-travailleurs\/"},{"@type":"ListItem","position":3,"name":"Lignes directrices pour les traitements m\u00e9dicaux (MTG)","item":"https:\/\/www.newyorkhipknee.com\/fr\/indemnisation-des-travailleurs\/lignes-directrices-pour-les-traitements-medicaux-mtg\/"},{"@type":"ListItem","position":4,"name":"Directives de traitement m\u00e9dical de l&rsquo;\u00c9tat de New York pour la pneumopathie interstitielle professionnelle chez les travailleurs indemnis\u00e9s","item":"https:\/\/www.newyorkhipknee.com\/fr\/indemnisation-des-travailleurs\/lignes-directrices-pour-les-traitements-medicaux-mtg\/maladie-pulmonaire-interstitielle-dorigine-professionnelle\/"},{"@type":"ListItem","position":5,"name":"Directives de traitement m\u00e9dical de l&rsquo;\u00c9tat de New York pour l&rsquo;asbestose chez les travailleurs indemnis\u00e9s"}]},{"@type":"WebSite","@id":"https:\/\/www.newyorkhipknee.com\/fr\/#website","url":"https:\/\/www.newyorkhipknee.com\/fr\/","name":"Best Hip & Knee Surgeon | NY, USA","description":"","potentialAction":[{"@type":"SearchAction","target":{"@type":"EntryPoint","urlTemplate":"https:\/\/www.newyorkhipknee.com\/fr\/?s={search_term_string}"},"query-input":{"@type":"PropertyValueSpecification","valueRequired":true,"valueName":"search_term_string"}}],"inLanguage":"fr-FR"}]}},"_links":{"self":[{"href":"https:\/\/www.newyorkhipknee.com\/fr\/wp-json\/wp\/v2\/pages\/22173","targetHints":{"allow":["GET"]}}],"collection":[{"href":"https:\/\/www.newyorkhipknee.com\/fr\/wp-json\/wp\/v2\/pages"}],"about":[{"href":"https:\/\/www.newyorkhipknee.com\/fr\/wp-json\/wp\/v2\/types\/page"}],"author":[{"embeddable":true,"href":"https:\/\/www.newyorkhipknee.com\/fr\/wp-json\/wp\/v2\/users\/33"}],"replies":[{"embeddable":true,"href":"https:\/\/www.newyorkhipknee.com\/fr\/wp-json\/wp\/v2\/comments?post=22173"}],"version-history":[{"count":0,"href":"https:\/\/www.newyorkhipknee.com\/fr\/wp-json\/wp\/v2\/pages\/22173\/revisions"}],"up":[{"embeddable":true,"href":"https:\/\/www.newyorkhipknee.com\/fr\/wp-json\/wp\/v2\/pages\/22286"}],"wp:attachment":[{"href":"https:\/\/www.newyorkhipknee.com\/fr\/wp-json\/wp\/v2\/media?parent=22173"}],"curies":[{"name":"wp","href":"https:\/\/api.w.org\/{rel}","templated":true}]}}