{"id":22178,"date":"2024-01-12T15:05:38","date_gmt":"2024-01-12T20:05:38","guid":{"rendered":"https:\/\/newyorkhipknee.com\/anamnese-et-examen-physique-2\/"},"modified":"2024-01-30T11:41:10","modified_gmt":"2024-01-30T16:41:10","slug":"anamnese-et-examen-physique-2","status":"publish","type":"page","link":"https:\/\/www.newyorkhipknee.com\/fr\/indemnisation-des-travailleurs\/lignes-directrices-pour-les-traitements-medicaux-mtg\/maladie-pulmonaire-interstitielle-dorigine-professionnelle\/anamnese-et-examen-physique-2\/","title":{"rendered":"Directives de traitement m\u00e9dical de l&rsquo;\u00c9tat de New York pour l&rsquo;anamn\u00e8se et l&rsquo;examen physique des pneumopathies interstitielles professionnelles chez les travailleurs indemnis\u00e9s"},"content":{"rendered":"<p>La commission des accidents du travail de l&rsquo;\u00c9tat de New York a \u00e9tabli des lignes directrices pour l&rsquo;\u00e9valuation de l&rsquo;anamn\u00e8se et de l&rsquo;examen physique. Ces directives sont destin\u00e9es \u00e0 aider les m\u00e9decins et les professionnels de la sant\u00e9 \u00e0 d\u00e9terminer le traitement appropri\u00e9 pour ces proc\u00e9dures.<\/p>\n<p>Les professionnels de la sant\u00e9 qui se concentrent sur l&rsquo;anamn\u00e8se et l&rsquo;examen physique peuvent utiliser les conseils de la Commission des accidents du travail pour prendre des d\u00e9cisions \u00e9clair\u00e9es sur le niveau de soins le plus appropri\u00e9 pour leurs patients.<\/p>\n<p>Il est essentiel de souligner que ces lignes directrices ne sont pas destin\u00e9es \u00e0 remplacer le jugement clinique ou l&rsquo;expertise professionnelle. La d\u00e9cision finale concernant les soins doit \u00eatre le fruit d&rsquo;une collaboration entre le patient et son prestataire de soins.<\/p>\n<p>&nbsp;<\/p>\n<p>Le diagnostic et les plans de traitement reposent sur les ant\u00e9c\u00e9dents d&rsquo;exposition professionnelle, la pr\u00e9sentation et les r\u00e9sultats des tests de d\u00e9pistage.<\/p>\n<p>&nbsp;<\/p>\n<h3>Ant\u00e9c\u00e9dents de la maladie actuelle<\/h3>\n<p>L&rsquo;anamn\u00e8se de la maladie actuelle (HPI) doit permettre d&rsquo;enregistrer les \u00e9l\u00e9ments suivants :<br \/>\n&#8211; Expositions pulmonaires, professionnelles et non professionnelles.<br \/>\n&#8211; D\u00e9tails de la profession actuelle et pass\u00e9e, pr\u00e9cisant les types d&rsquo;activit\u00e9s professionnelles telles que la construction, la d\u00e9molition, l&rsquo;exploitation mini\u00e8re, la fabrication et le forage. Le tableau ci-dessous donne des exemples.<br \/>\n&#8211; Dur\u00e9e du temps pass\u00e9 dans chaque emploi, y compris les postes occup\u00e9s il y a des ann\u00e9es ou des d\u00e9cennies.<\/p>\n<p>Les expositions devraient englober<br \/>\n&#8211; Poussi\u00e8res, couvrant les poussi\u00e8res organiques (champignons, bact\u00e9ries, prot\u00e9ines v\u00e9g\u00e9tales et animales) et les poussi\u00e8res min\u00e9rales inorganiques (silice, asbestose, charbon).<br \/>\n&#8211; Des m\u00e9taux tels que le b\u00e9ryllium (que l&rsquo;on trouve dans les vieilles ampoules \u00e9lectriques et dans l&rsquo;a\u00e9rospatiale), l&rsquo;\u00e9tain et le cobalt.<br \/>\n&#8211; Les substances toxiques et inflammatoires telles que les fum\u00e9es, les gaz, les vapeurs et les a\u00e9rosols.<\/p>\n<p>L&rsquo;historique de l&rsquo;exposition doit porter non seulement sur les expositions professionnelles, mais aussi sur les expositions non professionnelles, en pr\u00e9cisant l&rsquo;agent, la dur\u00e9e et l&rsquo;intensit\u00e9 de l&rsquo;exposition. Id\u00e9alement, l&rsquo;intensit\u00e9 devrait \u00eatre \u00e9tay\u00e9e par des mesures environnementales (donn\u00e9es d&rsquo;hygi\u00e8ne industrielle) ou d\u00e9crite qualitativement (par exemple, quotidiennement, hebdomadairement, mensuellement, annuellement).<\/p>\n<p>Posez des questions sur les responsabilit\u00e9s et l&rsquo;exposition de la personne, en tenant compte de facteurs tels que le fait de travailler dans un bureau.<\/p>\n<p>En ce qui concerne les sympt\u00f4mes :<br \/>\n&#8211; Indiquer quand les sympt\u00f4mes sont apparus.<br \/>\n&#8211; Pr\u00e9cisez les plaintes telles que l&rsquo;oppression de la gorge, l&rsquo;essoufflement, les difficult\u00e9s d&rsquo;inspiration ou d&rsquo;expiration, les bruits rauques, la toux et l&rsquo;expectoration.<br \/>\n&#8211; Notez la dur\u00e9e, l&rsquo;apparition et la fr\u00e9quence des sympt\u00f4mes.<br \/>\n&#8211; Explorer l&rsquo;\u00e9volution des sympt\u00f4mes, y compris l&rsquo;aggravation et l&rsquo;att\u00e9nuation li\u00e9es \u00e0 l&rsquo;environnement de travail, les changements dans l&rsquo;environnement de travail et les variations des sympt\u00f4mes en fonction des jours travaill\u00e9s et non travaill\u00e9s.<br \/>\n&#8211; Suivre l&rsquo;\u00e9volution des sympt\u00f4mes.<\/p>\n<p>Les autres aspects essentiels \u00e0 couvrir sont l&rsquo;imagerie et les tests pulmonaires, les traitements ant\u00e9rieurs, le lien entre la maladie ou l&rsquo;accident et le travail (y compris une d\u00e9claration sur la probabilit\u00e9 d&rsquo;un lien avec le travail), et la capacit\u00e9 de l&rsquo;individu \u00e0 effectuer des t\u00e2ches professionnelles et des activit\u00e9s de la vie quotidienne.<\/p>\n<p>&nbsp;<\/p>\n<h3>Histoire pass\u00e9e<\/h3>\n<p>&#8211; Dossiers m\u00e9dicaux ant\u00e9rieurs, comprenant, entre autres, l&rsquo;exposition ant\u00e9rieure \u00e0 des affections pulmonaires et \u00e0 des traitements (couvrant la susceptibilit\u00e9 \u00e0 la bronchite et \u00e0 la pneumonie).<br \/>\n&#8211; L&rsquo;examen syst\u00e9matique comprend, sans s&rsquo;y limiter, l&rsquo;\u00e9tude des sympt\u00f4mes li\u00e9s aux maladies rhumatologiques, neurologiques, endocriniennes, n\u00e9oplasiques et \u00e0 d&rsquo;autres maladies syst\u00e9miques.<br \/>\n&#8211; Examen approfondi des ant\u00e9c\u00e9dents en mati\u00e8re de tabagisme, y compris la consommation de marijuana, le vapotage, etc.<br \/>\n&#8211; Aper\u00e7u complet de l&rsquo;historique des m\u00e9dicaments, en tenant compte de l&rsquo;utilisation de l&rsquo;amiodarone, des agents chimioth\u00e9rapeutiques et de la nitrofuranto\u00efne.<br \/>\n&#8211; Exploration des activit\u00e9s li\u00e9es au travail et des activit\u00e9s r\u00e9cr\u00e9atives.<br \/>\n&#8211; Examen des \u00e9tudes d&rsquo;imagerie ant\u00e9rieures.<br \/>\n&#8211; \u00c9valuation des ant\u00e9c\u00e9dents chirurgicaux.<br \/>\n&#8211; Collecte d&rsquo;informations sur les allergies.<\/p>\n<p>&nbsp;<\/p>\n<h3>Examen physique<\/h3>\n<p>Un examen ax\u00e9 sur la sant\u00e9 pulmonaire professionnelle doit comprendre les \u00e9l\u00e9ments suivants :<br \/>\n&#8211; Enregistrement des signes vitaux, y compris la fr\u00e9quence respiratoire mesur\u00e9e et la saturation en O2.<br \/>\n&#8211; \u00c9valuation des capacit\u00e9s fonctionnelles globales, mesurant la facilit\u00e9 \u00e0 se d\u00e9placer, \u00e0 marcher, \u00e0 changer de position, \u00e0 s&rsquo;habiller et \u00e0 se d\u00e9shabiller, tout en observant les signes et les sympt\u00f4mes de la dyspn\u00e9e.<br \/>\n&#8211; \u00c9valuation de l&rsquo;\u00e9tat respiratoire, en tenant compte de facteurs tels que la fr\u00e9quence, la profondeur, l&rsquo;utilisation des muscles accessoires et l&rsquo;\u00e9vasement nasal.<br \/>\n&#8211; Inspection visuelle des signes de maladie pulmonaire et des causes potentielles, notamment<br \/>\n&#8211; Anomalies des muqueuses<br \/>\n&#8211; Pr\u00e9sence de polypes nasaux, d&rsquo;un gonflement ou d&rsquo;un \u00e9coulement nasal<br \/>\n&#8211; L&rsquo;hippocratisme (associ\u00e9 \u00e0 des affections telles que l&rsquo;asbestose, la fibrose pulmonaire idiopathique et certaines pneumopathies d&rsquo;hypersensibilit\u00e9).<br \/>\n&#8211; Diam\u00e8tre ant\u00e9rieur-post\u00e9rieur<br \/>\n&#8211; Scoliose<br \/>\n&#8211; Kyphose<br \/>\n&#8211; Palpation pour identifier :<br \/>\n&#8211; Anomalies de la paroi thoracique<br \/>\n&#8211; Pr\u00e9sence d&rsquo;ad\u00e9nopathies et de masses au niveau du cou<br \/>\n&#8211; Percussion pour \u00e9valuer la r\u00e9sonance et identifier :<br \/>\n&#8211; A\u00e9ration<br \/>\n&#8211; Niveau du diaphragme<br \/>\n&#8211; Indices d&rsquo;interface fluide ou de consolidation<br \/>\n&#8211; Auscultation pour examiner :<br \/>\n&#8211; Le rapport inspiration\/expiration<br \/>\n&#8211; Bruits respiratoires parasites (tels que cr\u00e9pitants, respiration sifflante &#8211; souvent une manifestation secondaire de l&rsquo;HP et une manifestation primaire de la pneumonie \u00e0 \u00e9osinophiles, r\u00e2les, rhonchi).<br \/>\n&#8211; Pr\u00e9sence de frottements pleuraux, ainsi que le moment, l&#8217;emplacement et la persistance des observations pulmonaires.<br \/>\n&#8211; Examen cardiaque ax\u00e9 sur l&rsquo;identification des signes de c\u0153ur pulmonaire et d&rsquo;insuffisance cardiaque.<br \/>\n&#8211; Examen dermique pour d\u00e9celer les signes de maladies, comme l&rsquo;\u00e9ryth\u00e8me noueux (associ\u00e9 \u00e0 la sarco\u00efdose).<\/p>\n<p>&nbsp;<\/p>\n<h3>Approche diagnostique<\/h3>\n<p>Le diagnostic de la pneumopathie interstitielle professionnelle (PIP) repose g\u00e9n\u00e9ralement sur une approche clinique, prenant en compte des facteurs tels que des ant\u00e9c\u00e9dents professionnels pertinents avec une exposition ad\u00e9quate et une latence appropri\u00e9e, \u00e9tay\u00e9s par des preuves radiographiques objectives (telles que la radiographie pulmonaire et\/ou la tomographie \u00e0 \u00e9mission de positons). En outre, l&rsquo;\u00e9valuation de la fonction pulmonaire est cruciale, car elle permet d&rsquo;examiner les changements constants de la capacit\u00e9 ventilatoire, des volumes pulmonaires statiques ou des \u00e9changes gazeux, tout en envisageant d&rsquo;autres diagnostics diff\u00e9rentiels.<\/p>\n<p>Chez les personnes pr\u00e9sentant un profil clinique typique, avec des ant\u00e9c\u00e9dents d&rsquo;exposition complets, une latence appropri\u00e9e et une pr\u00e9sentation radiographique coh\u00e9rente, la biopsie pulmonaire est rarement n\u00e9cessaire pour confirmer le diagnostic d&rsquo;ILD d&rsquo;origine professionnelle. Cependant, dans certains cas, un examen pathologique du tissu pulmonaire peut s&rsquo;av\u00e9rer indispensable, notamment lorsque les caract\u00e9ristiques cliniques ou radiographiques ne sont pas concluantes ou atypiques.<\/p>\n<p>Il est conseill\u00e9 d&rsquo;int\u00e9grer un suivi m\u00e9dical p\u00e9riodique dans le processus de diagnostic, avec des tests de la fonction pulmonaire et des examens d&rsquo;imagerie. Cette \u00e9valuation continue est d\u00e9terminante pour l&rsquo;\u00e9valuation m\u00e9dicale des maladies professionnelles pulmonaires.<\/p>\n","protected":false},"excerpt":{"rendered":"<p>La commission des accidents du travail de l&rsquo;\u00c9tat de New York a \u00e9tabli des lignes directrices pour l&rsquo;\u00e9valuation de l&rsquo;anamn\u00e8se et de l&rsquo;examen physique. Ces directives sont destin\u00e9es \u00e0 aider les m\u00e9decins et les professionnels de la sant\u00e9 \u00e0 d\u00e9terminer le traitement appropri\u00e9 pour ces proc\u00e9dures. Les professionnels de la sant\u00e9 qui se concentrent sur [&hellip;]<\/p>\n","protected":false},"author":33,"featured_media":0,"parent":22286,"menu_order":0,"comment_status":"closed","ping_status":"closed","template":"","meta":{"_et_pb_use_builder":"","_et_pb_old_content":"","_et_gb_content_width":"","footnotes":""},"class_list":["post-22178","page","type-page","status-publish","hentry"],"yoast_head":"<!-- This site is optimized with the Yoast SEO plugin v27.2 - https:\/\/yoast.com\/product\/yoast-seo-wordpress\/ -->\n<title>Directives de traitement m\u00e9dical de l&#039;\u00c9tat de New York pour l&#039;anamn\u00e8se et l&#039;examen physique des pneumopathies interstitielles professionnelles chez les travailleurs indemnis\u00e9s | Best Hip &amp; Knee Surgeon | NY, USA<\/title>\n<meta name=\"description\" content=\"La commission des accidents du travail de l&#039;\u00c9tat de New York a \u00e9tabli des lignes directrices pour l&#039;\u00e9valuation de l&#039;anamn\u00e8se et de l&#039;examen physique. Ces\" \/>\n<meta name=\"robots\" content=\"index, follow, max-snippet:-1, max-image-preview:large, max-video-preview:-1\" \/>\n<link rel=\"canonical\" href=\"https:\/\/www.newyorkhipknee.com\/fr\/indemnisation-des-travailleurs\/lignes-directrices-pour-les-traitements-medicaux-mtg\/maladie-pulmonaire-interstitielle-dorigine-professionnelle\/anamnese-et-examen-physique-2\/\" \/>\n<meta property=\"og:locale\" content=\"fr_FR\" \/>\n<meta property=\"og:type\" content=\"article\" \/>\n<meta property=\"og:title\" content=\"Directives de traitement m\u00e9dical de l&#039;\u00c9tat de New York pour l&#039;anamn\u00e8se et l&#039;examen physique des pneumopathies interstitielles professionnelles chez les travailleurs indemnis\u00e9s | Best Hip &amp; Knee Surgeon | NY, USA\" \/>\n<meta property=\"og:description\" content=\"La commission des accidents du travail de l&#039;\u00c9tat de New York a \u00e9tabli des lignes directrices pour l&#039;\u00e9valuation de l&#039;anamn\u00e8se et de l&#039;examen physique. Ces\" \/>\n<meta property=\"og:url\" content=\"https:\/\/www.newyorkhipknee.com\/fr\/indemnisation-des-travailleurs\/lignes-directrices-pour-les-traitements-medicaux-mtg\/maladie-pulmonaire-interstitielle-dorigine-professionnelle\/anamnese-et-examen-physique-2\/\" \/>\n<meta property=\"og:site_name\" content=\"Best Hip &amp; Knee Surgeon | NY, USA\" \/>\n<meta property=\"article:modified_time\" content=\"2024-01-30T16:41:10+00:00\" \/>\n<meta name=\"twitter:card\" content=\"summary_large_image\" \/>\n<meta name=\"twitter:label1\" content=\"Dur\u00e9e de lecture estim\u00e9e\" \/>\n\t<meta name=\"twitter:data1\" content=\"6 minutes\" \/>\n<script type=\"application\/ld+json\" class=\"yoast-schema-graph\">{\"@context\":\"https:\/\/schema.org\",\"@graph\":[{\"@type\":[\"WebPage\",\"MedicalWebPage\"],\"@id\":\"https:\/\/www.newyorkhipknee.com\/fr\/indemnisation-des-travailleurs\/lignes-directrices-pour-les-traitements-medicaux-mtg\/maladie-pulmonaire-interstitielle-dorigine-professionnelle\/anamnese-et-examen-physique-2\/\",\"url\":\"https:\/\/www.newyorkhipknee.com\/fr\/indemnisation-des-travailleurs\/lignes-directrices-pour-les-traitements-medicaux-mtg\/maladie-pulmonaire-interstitielle-dorigine-professionnelle\/anamnese-et-examen-physique-2\/\",\"name\":\"Directives de traitement m\u00e9dical de l'\u00c9tat de New York pour l'anamn\u00e8se et l'examen physique des pneumopathies interstitielles professionnelles chez les travailleurs indemnis\u00e9s | Best Hip &amp; Knee Surgeon | NY, USA\",\"isPartOf\":{\"@id\":\"https:\/\/www.newyorkhipknee.com\/fr\/#website\"},\"datePublished\":\"2024-01-12T20:05:38+00:00\",\"dateModified\":\"2024-01-30T16:41:10+00:00\",\"description\":\"La commission des accidents du travail de l'\u00c9tat de New York a \u00e9tabli des lignes directrices pour l'\u00e9valuation de l'anamn\u00e8se et de l'examen physique. Ces\",\"breadcrumb\":{\"@id\":\"https:\/\/www.newyorkhipknee.com\/fr\/indemnisation-des-travailleurs\/lignes-directrices-pour-les-traitements-medicaux-mtg\/maladie-pulmonaire-interstitielle-dorigine-professionnelle\/anamnese-et-examen-physique-2\/#breadcrumb\"},\"inLanguage\":\"fr-FR\",\"potentialAction\":[{\"@type\":\"ReadAction\",\"target\":[\"https:\/\/www.newyorkhipknee.com\/fr\/indemnisation-des-travailleurs\/lignes-directrices-pour-les-traitements-medicaux-mtg\/maladie-pulmonaire-interstitielle-dorigine-professionnelle\/anamnese-et-examen-physique-2\/\"]}]},{\"@type\":\"BreadcrumbList\",\"@id\":\"https:\/\/www.newyorkhipknee.com\/fr\/indemnisation-des-travailleurs\/lignes-directrices-pour-les-traitements-medicaux-mtg\/maladie-pulmonaire-interstitielle-dorigine-professionnelle\/anamnese-et-examen-physique-2\/#breadcrumb\",\"itemListElement\":[{\"@type\":\"ListItem\",\"position\":1,\"name\":\"Home\",\"item\":\"https:\/\/www.newyorkhipknee.com\/fr\/\"},{\"@type\":\"ListItem\",\"position\":2,\"name\":\"Indemnisation des travailleurs\",\"item\":\"https:\/\/www.newyorkhipknee.com\/fr\/indemnisation-des-travailleurs\/\"},{\"@type\":\"ListItem\",\"position\":3,\"name\":\"Lignes directrices pour les traitements m\u00e9dicaux (MTG)\",\"item\":\"https:\/\/www.newyorkhipknee.com\/fr\/indemnisation-des-travailleurs\/lignes-directrices-pour-les-traitements-medicaux-mtg\/\"},{\"@type\":\"ListItem\",\"position\":4,\"name\":\"Directives de traitement m\u00e9dical de l&rsquo;\u00c9tat de New York pour la pneumopathie interstitielle professionnelle chez les travailleurs indemnis\u00e9s\",\"item\":\"https:\/\/www.newyorkhipknee.com\/fr\/indemnisation-des-travailleurs\/lignes-directrices-pour-les-traitements-medicaux-mtg\/maladie-pulmonaire-interstitielle-dorigine-professionnelle\/\"},{\"@type\":\"ListItem\",\"position\":5,\"name\":\"Directives de traitement m\u00e9dical de l&rsquo;\u00c9tat de New York pour l&rsquo;anamn\u00e8se et l&rsquo;examen physique des pneumopathies interstitielles professionnelles chez les travailleurs indemnis\u00e9s\"}]},{\"@type\":\"WebSite\",\"@id\":\"https:\/\/www.newyorkhipknee.com\/fr\/#website\",\"url\":\"https:\/\/www.newyorkhipknee.com\/fr\/\",\"name\":\"Best Hip & Knee Surgeon | NY, USA\",\"description\":\"\",\"potentialAction\":[{\"@type\":\"SearchAction\",\"target\":{\"@type\":\"EntryPoint\",\"urlTemplate\":\"https:\/\/www.newyorkhipknee.com\/fr\/?s={search_term_string}\"},\"query-input\":{\"@type\":\"PropertyValueSpecification\",\"valueRequired\":true,\"valueName\":\"search_term_string\"}}],\"inLanguage\":\"fr-FR\"}]}<\/script>\n<!-- \/ Yoast SEO plugin. -->","yoast_head_json":{"title":"Directives de traitement m\u00e9dical de l'\u00c9tat de New York pour l'anamn\u00e8se et l'examen physique des pneumopathies interstitielles professionnelles chez les travailleurs indemnis\u00e9s | Best Hip &amp; Knee Surgeon | NY, USA","description":"La commission des accidents du travail de l'\u00c9tat de New York a \u00e9tabli des lignes directrices pour l'\u00e9valuation de l'anamn\u00e8se et de l'examen physique. Ces","robots":{"index":"index","follow":"follow","max-snippet":"max-snippet:-1","max-image-preview":"max-image-preview:large","max-video-preview":"max-video-preview:-1"},"canonical":"https:\/\/www.newyorkhipknee.com\/fr\/indemnisation-des-travailleurs\/lignes-directrices-pour-les-traitements-medicaux-mtg\/maladie-pulmonaire-interstitielle-dorigine-professionnelle\/anamnese-et-examen-physique-2\/","og_locale":"fr_FR","og_type":"article","og_title":"Directives de traitement m\u00e9dical de l'\u00c9tat de New York pour l'anamn\u00e8se et l'examen physique des pneumopathies interstitielles professionnelles chez les travailleurs indemnis\u00e9s | Best Hip &amp; Knee Surgeon | NY, USA","og_description":"La commission des accidents du travail de l'\u00c9tat de New York a \u00e9tabli des lignes directrices pour l'\u00e9valuation de l'anamn\u00e8se et de l'examen physique. Ces","og_url":"https:\/\/www.newyorkhipknee.com\/fr\/indemnisation-des-travailleurs\/lignes-directrices-pour-les-traitements-medicaux-mtg\/maladie-pulmonaire-interstitielle-dorigine-professionnelle\/anamnese-et-examen-physique-2\/","og_site_name":"Best Hip &amp; Knee Surgeon | NY, USA","article_modified_time":"2024-01-30T16:41:10+00:00","twitter_card":"summary_large_image","twitter_misc":{"Dur\u00e9e de lecture estim\u00e9e":"6 minutes"},"schema":{"@context":"https:\/\/schema.org","@graph":[{"@type":["WebPage","MedicalWebPage"],"@id":"https:\/\/www.newyorkhipknee.com\/fr\/indemnisation-des-travailleurs\/lignes-directrices-pour-les-traitements-medicaux-mtg\/maladie-pulmonaire-interstitielle-dorigine-professionnelle\/anamnese-et-examen-physique-2\/","url":"https:\/\/www.newyorkhipknee.com\/fr\/indemnisation-des-travailleurs\/lignes-directrices-pour-les-traitements-medicaux-mtg\/maladie-pulmonaire-interstitielle-dorigine-professionnelle\/anamnese-et-examen-physique-2\/","name":"Directives de traitement m\u00e9dical de l'\u00c9tat de New York pour l'anamn\u00e8se et l'examen physique des pneumopathies interstitielles professionnelles chez les travailleurs indemnis\u00e9s | Best Hip &amp; Knee Surgeon | NY, USA","isPartOf":{"@id":"https:\/\/www.newyorkhipknee.com\/fr\/#website"},"datePublished":"2024-01-12T20:05:38+00:00","dateModified":"2024-01-30T16:41:10+00:00","description":"La commission des accidents du travail de l'\u00c9tat de New York a \u00e9tabli des lignes directrices pour l'\u00e9valuation de l'anamn\u00e8se et de l'examen physique. Ces","breadcrumb":{"@id":"https:\/\/www.newyorkhipknee.com\/fr\/indemnisation-des-travailleurs\/lignes-directrices-pour-les-traitements-medicaux-mtg\/maladie-pulmonaire-interstitielle-dorigine-professionnelle\/anamnese-et-examen-physique-2\/#breadcrumb"},"inLanguage":"fr-FR","potentialAction":[{"@type":"ReadAction","target":["https:\/\/www.newyorkhipknee.com\/fr\/indemnisation-des-travailleurs\/lignes-directrices-pour-les-traitements-medicaux-mtg\/maladie-pulmonaire-interstitielle-dorigine-professionnelle\/anamnese-et-examen-physique-2\/"]}]},{"@type":"BreadcrumbList","@id":"https:\/\/www.newyorkhipknee.com\/fr\/indemnisation-des-travailleurs\/lignes-directrices-pour-les-traitements-medicaux-mtg\/maladie-pulmonaire-interstitielle-dorigine-professionnelle\/anamnese-et-examen-physique-2\/#breadcrumb","itemListElement":[{"@type":"ListItem","position":1,"name":"Home","item":"https:\/\/www.newyorkhipknee.com\/fr\/"},{"@type":"ListItem","position":2,"name":"Indemnisation des travailleurs","item":"https:\/\/www.newyorkhipknee.com\/fr\/indemnisation-des-travailleurs\/"},{"@type":"ListItem","position":3,"name":"Lignes directrices pour les traitements m\u00e9dicaux (MTG)","item":"https:\/\/www.newyorkhipknee.com\/fr\/indemnisation-des-travailleurs\/lignes-directrices-pour-les-traitements-medicaux-mtg\/"},{"@type":"ListItem","position":4,"name":"Directives de traitement m\u00e9dical de l&rsquo;\u00c9tat de New York pour la pneumopathie interstitielle professionnelle chez les travailleurs indemnis\u00e9s","item":"https:\/\/www.newyorkhipknee.com\/fr\/indemnisation-des-travailleurs\/lignes-directrices-pour-les-traitements-medicaux-mtg\/maladie-pulmonaire-interstitielle-dorigine-professionnelle\/"},{"@type":"ListItem","position":5,"name":"Directives de traitement m\u00e9dical de l&rsquo;\u00c9tat de New York pour l&rsquo;anamn\u00e8se et l&rsquo;examen physique des pneumopathies interstitielles professionnelles chez les travailleurs indemnis\u00e9s"}]},{"@type":"WebSite","@id":"https:\/\/www.newyorkhipknee.com\/fr\/#website","url":"https:\/\/www.newyorkhipknee.com\/fr\/","name":"Best Hip & Knee Surgeon | NY, USA","description":"","potentialAction":[{"@type":"SearchAction","target":{"@type":"EntryPoint","urlTemplate":"https:\/\/www.newyorkhipknee.com\/fr\/?s={search_term_string}"},"query-input":{"@type":"PropertyValueSpecification","valueRequired":true,"valueName":"search_term_string"}}],"inLanguage":"fr-FR"}]}},"_links":{"self":[{"href":"https:\/\/www.newyorkhipknee.com\/fr\/wp-json\/wp\/v2\/pages\/22178","targetHints":{"allow":["GET"]}}],"collection":[{"href":"https:\/\/www.newyorkhipknee.com\/fr\/wp-json\/wp\/v2\/pages"}],"about":[{"href":"https:\/\/www.newyorkhipknee.com\/fr\/wp-json\/wp\/v2\/types\/page"}],"author":[{"embeddable":true,"href":"https:\/\/www.newyorkhipknee.com\/fr\/wp-json\/wp\/v2\/users\/33"}],"replies":[{"embeddable":true,"href":"https:\/\/www.newyorkhipknee.com\/fr\/wp-json\/wp\/v2\/comments?post=22178"}],"version-history":[{"count":0,"href":"https:\/\/www.newyorkhipknee.com\/fr\/wp-json\/wp\/v2\/pages\/22178\/revisions"}],"up":[{"embeddable":true,"href":"https:\/\/www.newyorkhipknee.com\/fr\/wp-json\/wp\/v2\/pages\/22286"}],"wp:attachment":[{"href":"https:\/\/www.newyorkhipknee.com\/fr\/wp-json\/wp\/v2\/media?parent=22178"}],"curies":[{"name":"wp","href":"https:\/\/api.w.org\/{rel}","templated":true}]}}