{"id":22180,"date":"2024-01-12T13:03:48","date_gmt":"2024-01-12T18:03:48","guid":{"rendered":"https:\/\/newyorkhipknee.com\/pneumopathie-dhypersensibilite-hp\/"},"modified":"2024-01-30T11:44:32","modified_gmt":"2024-01-30T16:44:32","slug":"pneumopathie-dhypersensibilite-hp","status":"publish","type":"page","link":"https:\/\/www.newyorkhipknee.com\/fr\/indemnisation-des-travailleurs\/lignes-directrices-pour-les-traitements-medicaux-mtg\/maladie-pulmonaire-interstitielle-dorigine-professionnelle\/pneumopathie-dhypersensibilite-hp\/","title":{"rendered":"Directives de l&rsquo;\u00c9tat de New York pour le traitement m\u00e9dical de la pneumopathie d&rsquo;hypersensibilit\u00e9 (HP) chez les travailleurs indemnis\u00e9s"},"content":{"rendered":"<p>La commission des accidents du travail de l&rsquo;\u00c9tat de New York a \u00e9tabli des lignes directrices pour l&rsquo;\u00e9valuation de la pneumopathie d&rsquo;hypersensibilit\u00e9 (HP). Ces directives ont pour but d&rsquo;aider les m\u00e9decins et les professionnels de la sant\u00e9 \u00e0 d\u00e9terminer le traitement appropri\u00e9 pour cette maladie.<\/p>\n<p>Les professionnels de la sant\u00e9 qui s&rsquo;occupent de la pneumopathie d&rsquo;hypersensibilit\u00e9 (HP) peuvent utiliser les conseils de la Commission des accidents du travail pour prendre des d\u00e9cisions \u00e9clair\u00e9es sur le niveau de soins le plus appropri\u00e9 pour leurs patients.<\/p>\n<p>Il est essentiel de souligner que ces lignes directrices ne sont pas destin\u00e9es \u00e0 remplacer le jugement clinique ou l&rsquo;expertise professionnelle. La d\u00e9cision finale concernant les soins doit \u00eatre le fruit d&rsquo;une collaboration entre le patient et son prestataire de soins.<\/p>\n<h1><\/h1>\n<h1><strong>Pneumopathie d&rsquo;hypersensibilit\u00e9 (HP) &#8211; Consid\u00e9rations sur l&rsquo;\u00e9tat de sant\u00e9 :<\/strong><\/h1>\n<p><strong>Vue d&rsquo;ensemble :<\/strong><\/p>\n<ul>\n<li>L&rsquo;alv\u00e9olite allergique extrins\u00e8que est caus\u00e9e par l&rsquo;inhalation de poussi\u00e8res organiques ayant des propri\u00e9t\u00e9s antig\u00e9niques ou par l&rsquo;exposition \u00e0 des produits chimiques sensibilisants de faible poids mol\u00e9culaire.<\/li>\n<li>L&rsquo;HP constitue une grande famille de troubles de la r\u00e9ponse immunitaire souvent associ\u00e9s \u00e0 des changements pathologiques granulomateux.<\/li>\n<li>Les HP ont tendance \u00e0 \u00eatre tr\u00e8s sp\u00e9cifiques \u00e0 la profession ou \u00e0 l&rsquo;environnement.<\/li>\n<\/ul>\n<p><strong>Agents causaux inhal\u00e9s :<\/strong> Les agents inhal\u00e9s susceptibles de provoquer une HP sont les suivants :<\/p>\n<ul>\n<li>Prot\u00e9ines animales<\/li>\n<li>Prot\u00e9ines v\u00e9g\u00e9tales<\/li>\n<li>Bact\u00e9ries<\/li>\n<li>Champignons<\/li>\n<li>Diisocyanates<\/li>\n<li>Peintures<\/li>\n<li>Anhydride trimellitique<\/li>\n<li>R\u00e9sines \u00e9poxy<\/li>\n<li>la \u00ab\u00a0bouillie bordelaise\u00a0\u00bb (pesticide \u00e0 base de sulfate de cuivre utilis\u00e9 dans les vignobles)<\/li>\n<\/ul>\n<p><strong>Sources de poussi\u00e8res :<\/strong> Ces poussi\u00e8res peuvent provenir de diff\u00e9rentes sources, notamment :<\/p>\n<ul>\n<li>R\u00e9novation de b\u00e2timents (notamment d\u00e9molition ou mise \u00e0 nu de murs int\u00e9rieurs humides)<\/li>\n<li>Exposition \u00e0 de l&rsquo;eau contamin\u00e9e ou \u00e0 des espaces constamment humides (humidificateurs, jacuzzis, saunas, douches non ventil\u00e9es).<\/li>\n<li>Manipulation des oiseaux<\/li>\n<li>Sensibilisation \u00e0 d&rsquo;autres animaux (comme le poumon du fermier)<\/li>\n<li>Insectes (comme le poumon de Miller, dont l&rsquo;antig\u00e8ne est une prot\u00e9ine du charan\u00e7on du bl\u00e9)<\/li>\n<li>Amibes (poumon humidificateur)<\/li>\n<li>Poudre de pesticide (pyr\u00e8thre HP)<\/li>\n<li>Spores d&rsquo;une bact\u00e9rie actinomyc\u00e8te thermophile \u00e0 l&rsquo;origine du poumon de fourrure<\/li>\n<li>Poussi\u00e8res d&rsquo;origine animale<\/li>\n<li>Poussi\u00e8res de c\u00e9r\u00e9ales<\/li>\n<li>Spores de moisissures<\/li>\n<\/ul>\n<p>L&rsquo;HP peut se manifester chez les personnes expos\u00e9es \u00e0 ces divers antig\u00e8nes, et l&rsquo;identification de l&rsquo;agent causal sp\u00e9cifique est cruciale pour un diagnostic et une prise en charge efficaces.<\/p>\n<p><strong>Caract\u00e9ristiques cliniques :<\/strong><\/p>\n<ul>\n<li>L&rsquo;HP commence souvent par une respiration sifflante et une obstruction des voies respiratoires.<\/li>\n<li>En l&rsquo;absence de traitement et de prise en charge, l&rsquo;HP peut \u00e9voluer vers une insuffisance respiratoire et une d\u00e9ficience profonde.<\/li>\n<li>Le poumon de l&rsquo;\u00e9leveur de pigeons est c\u00e9l\u00e8bre pour son caract\u00e8re astringent, un trait distinctif que l&rsquo;on ne retrouve pas dans la plupart des pneumopathies d&rsquo;hypersensibilit\u00e9.<\/li>\n<\/ul>\n<p><strong>Temps de latence :<\/strong><\/p>\n<ul>\n<li>Chez les HP, la sensibilisation peut se produire dans les premi\u00e8res semaines suivant le d\u00e9but de l&rsquo;exposition, tandis que chez d&rsquo;autres, elle peut \u00eatre retard\u00e9e de plusieurs mois, voire de plusieurs ann\u00e9es.<\/li>\n<li>Les sympt\u00f4mes aigus et pr\u00e9dominants de l&rsquo;HP au niveau des voies respiratoires se d\u00e9veloppent chez une personne sensibilis\u00e9e sur une p\u00e9riode de quelques jours \u00e0 quelques semaines et peuvent \u00e9voluer au fil des semaines vers une inflammation interstitielle et finalement vers une fibrose.<\/li>\n<li>Dans de rares cas, l&rsquo;HP peut avoir un d\u00e9but hyperaigu ou soudain, similaire \u00e0 certaines pneumonies \u00e9osinophiles ou pneumopathies m\u00e9dicamenteuses.<\/li>\n<\/ul>\n<p><strong>Diagnostic diff\u00e9rentiel :<\/strong><\/p>\n<ul>\n<li>L&rsquo;HP doit \u00eatre envisag\u00e9e dans le diagnostic diff\u00e9rentiel d&rsquo;un trouble aigu de type grippal ou f\u00e9brile chez un patient ayant des ant\u00e9c\u00e9dents d&rsquo;exposition \u00e0 des antig\u00e8nes inhal\u00e9s.<\/li>\n<li>Elle peut \u00e9galement sugg\u00e9rer une maladie pulmonaire rhumatologique ou auto-immune et une infection (mycoplasme, Legionella spp. ou mycose diffuse) comme cause de la maladie interstitielle, en particulier chez un h\u00f4te dont le syst\u00e8me immunitaire est affaibli.<\/li>\n<li>Des ant\u00e9c\u00e9dents d&rsquo;exposition \u00e0 des oiseaux doivent \u00e9voquer la possibilit\u00e9 d&rsquo;autres maladies, y compris la psittacose.<\/li>\n<\/ul>\n<p><strong>Facteurs de risque :<\/strong> Bien qu&rsquo;il n&rsquo;existe pas de facteurs de risque bien \u00e9tablis pour le d\u00e9veloppement de l&rsquo;HP, la susceptibilit\u00e9 personnelle et familiale peut jouer un r\u00f4le. L&rsquo;identification des expositions sp\u00e9cifiques et l&rsquo;examen minutieux des facteurs cliniques et environnementaux sont essentiels pour un diagnostic pr\u00e9cis et une prise en charge efficace.<\/p>\n","protected":false},"excerpt":{"rendered":"<p>La commission des accidents du travail de l&rsquo;\u00c9tat de New York a \u00e9tabli des lignes directrices pour l&rsquo;\u00e9valuation de la pneumopathie d&rsquo;hypersensibilit\u00e9 (HP). Ces directives ont pour but d&rsquo;aider les m\u00e9decins et les professionnels de la sant\u00e9 \u00e0 d\u00e9terminer le traitement appropri\u00e9 pour cette maladie. Les professionnels de la sant\u00e9 qui s&rsquo;occupent de la pneumopathie [&hellip;]<\/p>\n","protected":false},"author":33,"featured_media":0,"parent":22286,"menu_order":0,"comment_status":"closed","ping_status":"closed","template":"","meta":{"_et_pb_use_builder":"","_et_pb_old_content":"","_et_gb_content_width":"","footnotes":""},"class_list":["post-22180","page","type-page","status-publish","hentry"],"yoast_head":"<!-- This site is optimized with the Yoast SEO plugin v27.2 - https:\/\/yoast.com\/product\/yoast-seo-wordpress\/ -->\n<title>Directives de l&#039;\u00c9tat de New York pour le traitement m\u00e9dical de la pneumopathie d&#039;hypersensibilit\u00e9 (HP) chez les travailleurs indemnis\u00e9s | Best Hip &amp; Knee Surgeon | NY, USA<\/title>\n<meta name=\"description\" content=\"La commission des accidents du travail de l&#039;\u00c9tat de New York a \u00e9tabli des lignes directrices pour l&#039;\u00e9valuation de la pneumopathie d&#039;hypersensibilit\u00e9 (HP).\" \/>\n<meta name=\"robots\" content=\"index, follow, max-snippet:-1, max-image-preview:large, max-video-preview:-1\" \/>\n<link rel=\"canonical\" href=\"https:\/\/www.newyorkhipknee.com\/fr\/indemnisation-des-travailleurs\/lignes-directrices-pour-les-traitements-medicaux-mtg\/maladie-pulmonaire-interstitielle-dorigine-professionnelle\/pneumopathie-dhypersensibilite-hp\/\" \/>\n<meta property=\"og:locale\" content=\"fr_FR\" \/>\n<meta property=\"og:type\" content=\"article\" \/>\n<meta property=\"og:title\" content=\"Directives de l&#039;\u00c9tat de New York pour le traitement m\u00e9dical de la pneumopathie d&#039;hypersensibilit\u00e9 (HP) chez les travailleurs indemnis\u00e9s | Best Hip &amp; Knee Surgeon | NY, USA\" \/>\n<meta property=\"og:description\" content=\"La commission des accidents du travail de l&#039;\u00c9tat de New York a \u00e9tabli des lignes directrices pour l&#039;\u00e9valuation de la pneumopathie d&#039;hypersensibilit\u00e9 (HP).\" \/>\n<meta property=\"og:url\" content=\"https:\/\/www.newyorkhipknee.com\/fr\/indemnisation-des-travailleurs\/lignes-directrices-pour-les-traitements-medicaux-mtg\/maladie-pulmonaire-interstitielle-dorigine-professionnelle\/pneumopathie-dhypersensibilite-hp\/\" \/>\n<meta property=\"og:site_name\" content=\"Best Hip &amp; Knee Surgeon | NY, USA\" \/>\n<meta property=\"article:modified_time\" content=\"2024-01-30T16:44:32+00:00\" \/>\n<meta name=\"twitter:card\" content=\"summary_large_image\" \/>\n<meta name=\"twitter:label1\" content=\"Dur\u00e9e de lecture estim\u00e9e\" \/>\n\t<meta name=\"twitter:data1\" content=\"4 minutes\" \/>\n<script type=\"application\/ld+json\" class=\"yoast-schema-graph\">{\"@context\":\"https:\/\/schema.org\",\"@graph\":[{\"@type\":[\"WebPage\",\"MedicalWebPage\"],\"@id\":\"https:\/\/www.newyorkhipknee.com\/fr\/indemnisation-des-travailleurs\/lignes-directrices-pour-les-traitements-medicaux-mtg\/maladie-pulmonaire-interstitielle-dorigine-professionnelle\/pneumopathie-dhypersensibilite-hp\/\",\"url\":\"https:\/\/www.newyorkhipknee.com\/fr\/indemnisation-des-travailleurs\/lignes-directrices-pour-les-traitements-medicaux-mtg\/maladie-pulmonaire-interstitielle-dorigine-professionnelle\/pneumopathie-dhypersensibilite-hp\/\",\"name\":\"Directives de l'\u00c9tat de New York pour le traitement m\u00e9dical de la pneumopathie d'hypersensibilit\u00e9 (HP) chez les travailleurs indemnis\u00e9s | Best Hip &amp; Knee Surgeon | NY, USA\",\"isPartOf\":{\"@id\":\"https:\/\/www.newyorkhipknee.com\/fr\/#website\"},\"datePublished\":\"2024-01-12T18:03:48+00:00\",\"dateModified\":\"2024-01-30T16:44:32+00:00\",\"description\":\"La commission des accidents du travail de l'\u00c9tat de New York a \u00e9tabli des lignes directrices pour l'\u00e9valuation de la pneumopathie d'hypersensibilit\u00e9 (HP).\",\"breadcrumb\":{\"@id\":\"https:\/\/www.newyorkhipknee.com\/fr\/indemnisation-des-travailleurs\/lignes-directrices-pour-les-traitements-medicaux-mtg\/maladie-pulmonaire-interstitielle-dorigine-professionnelle\/pneumopathie-dhypersensibilite-hp\/#breadcrumb\"},\"inLanguage\":\"fr-FR\",\"potentialAction\":[{\"@type\":\"ReadAction\",\"target\":[\"https:\/\/www.newyorkhipknee.com\/fr\/indemnisation-des-travailleurs\/lignes-directrices-pour-les-traitements-medicaux-mtg\/maladie-pulmonaire-interstitielle-dorigine-professionnelle\/pneumopathie-dhypersensibilite-hp\/\"]}]},{\"@type\":\"BreadcrumbList\",\"@id\":\"https:\/\/www.newyorkhipknee.com\/fr\/indemnisation-des-travailleurs\/lignes-directrices-pour-les-traitements-medicaux-mtg\/maladie-pulmonaire-interstitielle-dorigine-professionnelle\/pneumopathie-dhypersensibilite-hp\/#breadcrumb\",\"itemListElement\":[{\"@type\":\"ListItem\",\"position\":1,\"name\":\"Home\",\"item\":\"https:\/\/www.newyorkhipknee.com\/fr\/\"},{\"@type\":\"ListItem\",\"position\":2,\"name\":\"Indemnisation des travailleurs\",\"item\":\"https:\/\/www.newyorkhipknee.com\/fr\/indemnisation-des-travailleurs\/\"},{\"@type\":\"ListItem\",\"position\":3,\"name\":\"Lignes directrices pour les traitements m\u00e9dicaux (MTG)\",\"item\":\"https:\/\/www.newyorkhipknee.com\/fr\/indemnisation-des-travailleurs\/lignes-directrices-pour-les-traitements-medicaux-mtg\/\"},{\"@type\":\"ListItem\",\"position\":4,\"name\":\"Directives de traitement m\u00e9dical de l&rsquo;\u00c9tat de New York pour la pneumopathie interstitielle professionnelle chez les travailleurs indemnis\u00e9s\",\"item\":\"https:\/\/www.newyorkhipknee.com\/fr\/indemnisation-des-travailleurs\/lignes-directrices-pour-les-traitements-medicaux-mtg\/maladie-pulmonaire-interstitielle-dorigine-professionnelle\/\"},{\"@type\":\"ListItem\",\"position\":5,\"name\":\"Directives de l&rsquo;\u00c9tat de New York pour le traitement m\u00e9dical de la pneumopathie d&rsquo;hypersensibilit\u00e9 (HP) chez les travailleurs indemnis\u00e9s\"}]},{\"@type\":\"WebSite\",\"@id\":\"https:\/\/www.newyorkhipknee.com\/fr\/#website\",\"url\":\"https:\/\/www.newyorkhipknee.com\/fr\/\",\"name\":\"Best Hip & Knee Surgeon | NY, USA\",\"description\":\"\",\"potentialAction\":[{\"@type\":\"SearchAction\",\"target\":{\"@type\":\"EntryPoint\",\"urlTemplate\":\"https:\/\/www.newyorkhipknee.com\/fr\/?s={search_term_string}\"},\"query-input\":{\"@type\":\"PropertyValueSpecification\",\"valueRequired\":true,\"valueName\":\"search_term_string\"}}],\"inLanguage\":\"fr-FR\"}]}<\/script>\n<!-- \/ Yoast SEO plugin. -->","yoast_head_json":{"title":"Directives de l'\u00c9tat de New York pour le traitement m\u00e9dical de la pneumopathie d'hypersensibilit\u00e9 (HP) chez les travailleurs indemnis\u00e9s | Best Hip &amp; Knee Surgeon | NY, USA","description":"La commission des accidents du travail de l'\u00c9tat de New York a \u00e9tabli des lignes directrices pour l'\u00e9valuation de la pneumopathie d'hypersensibilit\u00e9 (HP).","robots":{"index":"index","follow":"follow","max-snippet":"max-snippet:-1","max-image-preview":"max-image-preview:large","max-video-preview":"max-video-preview:-1"},"canonical":"https:\/\/www.newyorkhipknee.com\/fr\/indemnisation-des-travailleurs\/lignes-directrices-pour-les-traitements-medicaux-mtg\/maladie-pulmonaire-interstitielle-dorigine-professionnelle\/pneumopathie-dhypersensibilite-hp\/","og_locale":"fr_FR","og_type":"article","og_title":"Directives de l'\u00c9tat de New York pour le traitement m\u00e9dical de la pneumopathie d'hypersensibilit\u00e9 (HP) chez les travailleurs indemnis\u00e9s | Best Hip &amp; Knee Surgeon | NY, USA","og_description":"La commission des accidents du travail de l'\u00c9tat de New York a \u00e9tabli des lignes directrices pour l'\u00e9valuation de la pneumopathie d'hypersensibilit\u00e9 (HP).","og_url":"https:\/\/www.newyorkhipknee.com\/fr\/indemnisation-des-travailleurs\/lignes-directrices-pour-les-traitements-medicaux-mtg\/maladie-pulmonaire-interstitielle-dorigine-professionnelle\/pneumopathie-dhypersensibilite-hp\/","og_site_name":"Best Hip &amp; Knee Surgeon | NY, USA","article_modified_time":"2024-01-30T16:44:32+00:00","twitter_card":"summary_large_image","twitter_misc":{"Dur\u00e9e de lecture estim\u00e9e":"4 minutes"},"schema":{"@context":"https:\/\/schema.org","@graph":[{"@type":["WebPage","MedicalWebPage"],"@id":"https:\/\/www.newyorkhipknee.com\/fr\/indemnisation-des-travailleurs\/lignes-directrices-pour-les-traitements-medicaux-mtg\/maladie-pulmonaire-interstitielle-dorigine-professionnelle\/pneumopathie-dhypersensibilite-hp\/","url":"https:\/\/www.newyorkhipknee.com\/fr\/indemnisation-des-travailleurs\/lignes-directrices-pour-les-traitements-medicaux-mtg\/maladie-pulmonaire-interstitielle-dorigine-professionnelle\/pneumopathie-dhypersensibilite-hp\/","name":"Directives de l'\u00c9tat de New York pour le traitement m\u00e9dical de la pneumopathie d'hypersensibilit\u00e9 (HP) chez les travailleurs indemnis\u00e9s | Best Hip &amp; Knee Surgeon | NY, USA","isPartOf":{"@id":"https:\/\/www.newyorkhipknee.com\/fr\/#website"},"datePublished":"2024-01-12T18:03:48+00:00","dateModified":"2024-01-30T16:44:32+00:00","description":"La commission des accidents du travail de l'\u00c9tat de New York a \u00e9tabli des lignes directrices pour l'\u00e9valuation de la pneumopathie d'hypersensibilit\u00e9 (HP).","breadcrumb":{"@id":"https:\/\/www.newyorkhipknee.com\/fr\/indemnisation-des-travailleurs\/lignes-directrices-pour-les-traitements-medicaux-mtg\/maladie-pulmonaire-interstitielle-dorigine-professionnelle\/pneumopathie-dhypersensibilite-hp\/#breadcrumb"},"inLanguage":"fr-FR","potentialAction":[{"@type":"ReadAction","target":["https:\/\/www.newyorkhipknee.com\/fr\/indemnisation-des-travailleurs\/lignes-directrices-pour-les-traitements-medicaux-mtg\/maladie-pulmonaire-interstitielle-dorigine-professionnelle\/pneumopathie-dhypersensibilite-hp\/"]}]},{"@type":"BreadcrumbList","@id":"https:\/\/www.newyorkhipknee.com\/fr\/indemnisation-des-travailleurs\/lignes-directrices-pour-les-traitements-medicaux-mtg\/maladie-pulmonaire-interstitielle-dorigine-professionnelle\/pneumopathie-dhypersensibilite-hp\/#breadcrumb","itemListElement":[{"@type":"ListItem","position":1,"name":"Home","item":"https:\/\/www.newyorkhipknee.com\/fr\/"},{"@type":"ListItem","position":2,"name":"Indemnisation des travailleurs","item":"https:\/\/www.newyorkhipknee.com\/fr\/indemnisation-des-travailleurs\/"},{"@type":"ListItem","position":3,"name":"Lignes directrices pour les traitements m\u00e9dicaux (MTG)","item":"https:\/\/www.newyorkhipknee.com\/fr\/indemnisation-des-travailleurs\/lignes-directrices-pour-les-traitements-medicaux-mtg\/"},{"@type":"ListItem","position":4,"name":"Directives de traitement m\u00e9dical de l&rsquo;\u00c9tat de New York pour la pneumopathie interstitielle professionnelle chez les travailleurs indemnis\u00e9s","item":"https:\/\/www.newyorkhipknee.com\/fr\/indemnisation-des-travailleurs\/lignes-directrices-pour-les-traitements-medicaux-mtg\/maladie-pulmonaire-interstitielle-dorigine-professionnelle\/"},{"@type":"ListItem","position":5,"name":"Directives de l&rsquo;\u00c9tat de New York pour le traitement m\u00e9dical de la pneumopathie d&rsquo;hypersensibilit\u00e9 (HP) chez les travailleurs indemnis\u00e9s"}]},{"@type":"WebSite","@id":"https:\/\/www.newyorkhipknee.com\/fr\/#website","url":"https:\/\/www.newyorkhipknee.com\/fr\/","name":"Best Hip & Knee Surgeon | NY, USA","description":"","potentialAction":[{"@type":"SearchAction","target":{"@type":"EntryPoint","urlTemplate":"https:\/\/www.newyorkhipknee.com\/fr\/?s={search_term_string}"},"query-input":{"@type":"PropertyValueSpecification","valueRequired":true,"valueName":"search_term_string"}}],"inLanguage":"fr-FR"}]}},"_links":{"self":[{"href":"https:\/\/www.newyorkhipknee.com\/fr\/wp-json\/wp\/v2\/pages\/22180","targetHints":{"allow":["GET"]}}],"collection":[{"href":"https:\/\/www.newyorkhipknee.com\/fr\/wp-json\/wp\/v2\/pages"}],"about":[{"href":"https:\/\/www.newyorkhipknee.com\/fr\/wp-json\/wp\/v2\/types\/page"}],"author":[{"embeddable":true,"href":"https:\/\/www.newyorkhipknee.com\/fr\/wp-json\/wp\/v2\/users\/33"}],"replies":[{"embeddable":true,"href":"https:\/\/www.newyorkhipknee.com\/fr\/wp-json\/wp\/v2\/comments?post=22180"}],"version-history":[{"count":0,"href":"https:\/\/www.newyorkhipknee.com\/fr\/wp-json\/wp\/v2\/pages\/22180\/revisions"}],"up":[{"embeddable":true,"href":"https:\/\/www.newyorkhipknee.com\/fr\/wp-json\/wp\/v2\/pages\/22286"}],"wp:attachment":[{"href":"https:\/\/www.newyorkhipknee.com\/fr\/wp-json\/wp\/v2\/media?parent=22180"}],"curies":[{"name":"wp","href":"https:\/\/api.w.org\/{rel}","templated":true}]}}