{"id":22182,"date":"2024-01-12T13:23:05","date_gmt":"2024-01-12T18:23:05","guid":{"rendered":"https:\/\/newyorkhipknee.com\/autres-maladies-granulomateuses\/"},"modified":"2024-01-30T11:44:39","modified_gmt":"2024-01-30T16:44:39","slug":"autres-maladies-granulomateuses","status":"publish","type":"page","link":"https:\/\/www.newyorkhipknee.com\/fr\/indemnisation-des-travailleurs\/lignes-directrices-pour-les-traitements-medicaux-mtg\/maladie-pulmonaire-interstitielle-dorigine-professionnelle\/autres-maladies-granulomateuses\/","title":{"rendered":"Directives de traitement m\u00e9dical de l&rsquo;\u00c9tat de New York pour les autres maladies granulomateuses chez les travailleurs indemnis\u00e9s"},"content":{"rendered":"<p>Les lignes directrices \u00e9labor\u00e9es par la Commission des accidents du travail de l&rsquo;\u00c9tat de New York ont pour but d&rsquo;aider les professionnels de la sant\u00e9 \u00e0 fournir un traitement appropri\u00e9 pour d&rsquo;autres maladies granulomateuses.<\/p>\n<p>Con\u00e7ues \u00e0 l&rsquo;intention des m\u00e9decins, ces lignes directrices de la Commission des accidents du travail aident \u00e0 d\u00e9terminer la marche \u00e0 suivre pour les personnes atteintes de maladies granulomateuses autres que l&rsquo;asthme.<\/p>\n<p>Il est important de souligner que ces lignes directrices ne remplacent pas le jugement clinique ou l&rsquo;exp\u00e9rience professionnelle. La d\u00e9cision finale concernant le traitement d&rsquo;autres maladies granulomateuses doit \u00eatre prise en collaboration avec le patient et son prestataire de soins de sant\u00e9.<\/p>\n<h1><\/h1>\n<h1><strong>La pneumopathie interstitielle professionnelle (ILD) caus\u00e9e par des r\u00e9actions immunitaires chroniques et des r\u00e9actions \u00e0 des corps \u00e9trangers :<\/strong><\/h1>\n<p><strong>Exemples marquants :<\/strong><\/p>\n<ol>\n<li><strong>B\u00e9ryllium (maladie du b\u00e9ryllium) :<\/strong>\n<ul>\n<li><strong>Pathologie :<\/strong> Trouble inflammatoire granulomateux syst\u00e9mique similaire \u00e0 la sarco\u00efdose, m\u00e9di\u00e9 par des m\u00e9canismes immunitaires.<\/li>\n<li><strong>Manifestations :<\/strong> Peut ne pas se limiter \u00e0 une zone d&rsquo;accumulation de poussi\u00e8re et entra\u00eener des manifestations syst\u00e9miques.<\/li>\n<\/ul>\n<\/li>\n<li><strong>Le cobalt dans le carbure de tungst\u00e8ne c\u00e9ment\u00e9 (maladie des m\u00e9taux durs) :<\/strong>\n<ul>\n<li><strong>Manifestations cliniques :<\/strong> Semblables \u00e0 celles des autres pneumoconioses.<\/li>\n<li><strong>Pathologie :<\/strong> Pneumonie interstitielle \u00e0 cellules g\u00e9antes, fibrose interstitielle accompagn\u00e9e de macrophages activ\u00e9s dans les alv\u00e9oles, r\u00e9action dysfonctionnelle \u00e0 un corps \u00e9tranger.<\/li>\n<\/ul>\n<\/li>\n<li><strong>Sarco\u00efdose li\u00e9e au travail :<\/strong>\n<ul>\n<li><strong>Pathologie :<\/strong> Trouble inflammatoire granulomateux, r\u00e9action tissulaire m\u00e9di\u00e9e par des m\u00e9canismes immunitaires.<\/li>\n<li><strong>Manifestations :<\/strong> Peut pr\u00e9senter des manifestations syst\u00e9miques, sur l&rsquo;ensemble du corps, moins fr\u00e9quemment que dans la sarco\u00efdose.<\/li>\n<\/ul>\n<\/li>\n<\/ol>\n<p><strong>Latence et pr\u00e9sentation clinique :<\/strong><\/p>\n<ul>\n<li><strong>Latence :<\/strong> Ces troubles sont peu fr\u00e9quents et les probl\u00e8mes se d\u00e9veloppent \u00e0 des niveaux d&rsquo;exposition diff\u00e9rents selon les personnes.<\/li>\n<li><strong>Pr\u00e9sentation clinique :<\/strong> Il peut s&rsquo;\u00e9couler des d\u00e9cennies avant que ces troubles ne deviennent cliniquement apparents, et les pr\u00e9sentations sont variables.<\/li>\n<\/ul>\n<p><strong>Autres consid\u00e9rations :<\/strong><\/p>\n<ul>\n<li><strong>Irritant Blessures par inhalation :<\/strong>\n<ul>\n<li>Les conditions peuvent r\u00e9sulter d&rsquo;une l\u00e9sion par inhalation d&rsquo;un irritant, par exemple une l\u00e9sion alv\u00e9olaire diffuse li\u00e9e aux oxydes d&rsquo;azote.<\/li>\n<\/ul>\n<\/li>\n<li><strong>Fibrose interstitielle diffuse :<\/strong>\n<ul>\n<li>Se distingue de la fibrose interstitielle idiopathique plus courante, de type \u00ab\u00a0pneumonie interstitielle habituelle\u00a0\u00bb ou \u00ab\u00a0pneumonie interstitielle non sp\u00e9cifique\u00a0\u00bb.<\/li>\n<\/ul>\n<\/li>\n<li><strong>Fibrose extensive :<\/strong>\n<ul>\n<li>Apr\u00e8s un r\u00e9tablissement suite \u00e0 des l\u00e9sions alv\u00e9olaires diffuses caus\u00e9es par une inhalation toxique, une fibrose \u00e9tendue est r\u00e9fractaire \u00e0 une prise en charge directe.<\/li>\n<\/ul>\n<\/li>\n<li><strong>Similitudes dans la pr\u00e9sentation clinique :<\/strong>\n<ul>\n<li>Les formes avanc\u00e9es de toutes les ILD professionnelles peuvent avoir une pr\u00e9sentation clinique similaire \u00e0 celle de la fibrose interstitielle diffuse.<\/li>\n<\/ul>\n<\/li>\n<\/ul>\n<p>L&rsquo;identification de ces troubles n\u00e9cessite une approche globale, prenant en compte les ant\u00e9c\u00e9dents d&rsquo;exposition, la latence, les manifestations cliniques et les caract\u00e9ristiques pathologiques sp\u00e9cifiques. Une surveillance r\u00e9guli\u00e8re et des \u00e9valuations de suivi sont essentielles pour les personnes ayant des ant\u00e9c\u00e9dents d&rsquo;exposition \u00e0 ces risques professionnels.<\/p>\n<p>&nbsp;<\/p>\n<p>L\u00e9sions par inhalation de substances toxiques<\/p>\n<p>La pneumopathie interstitielle induite par des l\u00e9sions toxiques par inhalation r\u00e9sulte g\u00e9n\u00e9ralement de l\u00e9sions pulmonaires importantes \u00e0 la suite d&rsquo;une exposition imm\u00e9diate \u00e0 des niveaux \u00e9lev\u00e9s de gaz, de fum\u00e9es ou de brouillards nocifs.<\/p>\n<p>&nbsp;<\/p>\n<div class=\"textwidget\">\n<p>&nbsp;<\/p>\n<\/div>\n","protected":false},"excerpt":{"rendered":"<p>Les lignes directrices \u00e9labor\u00e9es par la Commission des accidents du travail de l&rsquo;\u00c9tat de New York ont pour but d&rsquo;aider les professionnels de la sant\u00e9 \u00e0 fournir un traitement appropri\u00e9 pour d&rsquo;autres maladies granulomateuses. Con\u00e7ues \u00e0 l&rsquo;intention des m\u00e9decins, ces lignes directrices de la Commission des accidents du travail aident \u00e0 d\u00e9terminer la marche \u00e0 [&hellip;]<\/p>\n","protected":false},"author":33,"featured_media":0,"parent":22286,"menu_order":0,"comment_status":"closed","ping_status":"closed","template":"","meta":{"_et_pb_use_builder":"","_et_pb_old_content":"","_et_gb_content_width":"","footnotes":""},"class_list":["post-22182","page","type-page","status-publish","hentry"],"yoast_head":"<!-- This site is optimized with the Yoast SEO plugin v27.2 - https:\/\/yoast.com\/product\/yoast-seo-wordpress\/ -->\n<title>Directives de traitement m\u00e9dical de l&#039;\u00c9tat de New York pour les autres maladies granulomateuses chez les travailleurs indemnis\u00e9s | Best Hip &amp; Knee Surgeon | NY, USA<\/title>\n<meta name=\"description\" content=\"Les lignes directrices \u00e9labor\u00e9es par la Commission des accidents du travail de l&#039;\u00c9tat de New York ont pour but d&#039;aider les professionnels de la sant\u00e9 \u00e0\" \/>\n<meta name=\"robots\" content=\"index, follow, max-snippet:-1, max-image-preview:large, max-video-preview:-1\" \/>\n<link rel=\"canonical\" href=\"https:\/\/www.newyorkhipknee.com\/fr\/indemnisation-des-travailleurs\/lignes-directrices-pour-les-traitements-medicaux-mtg\/maladie-pulmonaire-interstitielle-dorigine-professionnelle\/autres-maladies-granulomateuses\/\" \/>\n<meta property=\"og:locale\" content=\"fr_FR\" \/>\n<meta property=\"og:type\" content=\"article\" \/>\n<meta property=\"og:title\" content=\"Directives de traitement m\u00e9dical de l&#039;\u00c9tat de New York pour les autres maladies granulomateuses chez les travailleurs indemnis\u00e9s | Best Hip &amp; Knee Surgeon | NY, USA\" \/>\n<meta property=\"og:description\" content=\"Les lignes directrices \u00e9labor\u00e9es par la Commission des accidents du travail de l&#039;\u00c9tat de New York ont pour but d&#039;aider les professionnels de la sant\u00e9 \u00e0\" \/>\n<meta property=\"og:url\" content=\"https:\/\/www.newyorkhipknee.com\/fr\/indemnisation-des-travailleurs\/lignes-directrices-pour-les-traitements-medicaux-mtg\/maladie-pulmonaire-interstitielle-dorigine-professionnelle\/autres-maladies-granulomateuses\/\" \/>\n<meta property=\"og:site_name\" content=\"Best Hip &amp; Knee Surgeon | NY, USA\" \/>\n<meta property=\"article:modified_time\" content=\"2024-01-30T16:44:39+00:00\" \/>\n<meta name=\"twitter:card\" content=\"summary_large_image\" \/>\n<meta name=\"twitter:label1\" content=\"Dur\u00e9e de lecture estim\u00e9e\" \/>\n\t<meta name=\"twitter:data1\" content=\"3 minutes\" \/>\n<script type=\"application\/ld+json\" class=\"yoast-schema-graph\">{\"@context\":\"https:\/\/schema.org\",\"@graph\":[{\"@type\":[\"WebPage\",\"MedicalWebPage\"],\"@id\":\"https:\/\/www.newyorkhipknee.com\/fr\/indemnisation-des-travailleurs\/lignes-directrices-pour-les-traitements-medicaux-mtg\/maladie-pulmonaire-interstitielle-dorigine-professionnelle\/autres-maladies-granulomateuses\/\",\"url\":\"https:\/\/www.newyorkhipknee.com\/fr\/indemnisation-des-travailleurs\/lignes-directrices-pour-les-traitements-medicaux-mtg\/maladie-pulmonaire-interstitielle-dorigine-professionnelle\/autres-maladies-granulomateuses\/\",\"name\":\"Directives de traitement m\u00e9dical de l'\u00c9tat de New York pour les autres maladies granulomateuses chez les travailleurs indemnis\u00e9s | Best Hip &amp; Knee Surgeon | NY, USA\",\"isPartOf\":{\"@id\":\"https:\/\/www.newyorkhipknee.com\/fr\/#website\"},\"datePublished\":\"2024-01-12T18:23:05+00:00\",\"dateModified\":\"2024-01-30T16:44:39+00:00\",\"description\":\"Les lignes directrices \u00e9labor\u00e9es par la Commission des accidents du travail de l'\u00c9tat de New York ont pour but d'aider les professionnels de la sant\u00e9 \u00e0\",\"breadcrumb\":{\"@id\":\"https:\/\/www.newyorkhipknee.com\/fr\/indemnisation-des-travailleurs\/lignes-directrices-pour-les-traitements-medicaux-mtg\/maladie-pulmonaire-interstitielle-dorigine-professionnelle\/autres-maladies-granulomateuses\/#breadcrumb\"},\"inLanguage\":\"fr-FR\",\"potentialAction\":[{\"@type\":\"ReadAction\",\"target\":[\"https:\/\/www.newyorkhipknee.com\/fr\/indemnisation-des-travailleurs\/lignes-directrices-pour-les-traitements-medicaux-mtg\/maladie-pulmonaire-interstitielle-dorigine-professionnelle\/autres-maladies-granulomateuses\/\"]}]},{\"@type\":\"BreadcrumbList\",\"@id\":\"https:\/\/www.newyorkhipknee.com\/fr\/indemnisation-des-travailleurs\/lignes-directrices-pour-les-traitements-medicaux-mtg\/maladie-pulmonaire-interstitielle-dorigine-professionnelle\/autres-maladies-granulomateuses\/#breadcrumb\",\"itemListElement\":[{\"@type\":\"ListItem\",\"position\":1,\"name\":\"Home\",\"item\":\"https:\/\/www.newyorkhipknee.com\/fr\/\"},{\"@type\":\"ListItem\",\"position\":2,\"name\":\"Indemnisation des travailleurs\",\"item\":\"https:\/\/www.newyorkhipknee.com\/fr\/indemnisation-des-travailleurs\/\"},{\"@type\":\"ListItem\",\"position\":3,\"name\":\"Lignes directrices pour les traitements m\u00e9dicaux (MTG)\",\"item\":\"https:\/\/www.newyorkhipknee.com\/fr\/indemnisation-des-travailleurs\/lignes-directrices-pour-les-traitements-medicaux-mtg\/\"},{\"@type\":\"ListItem\",\"position\":4,\"name\":\"Directives de traitement m\u00e9dical de l&rsquo;\u00c9tat de New York pour la pneumopathie interstitielle professionnelle chez les travailleurs indemnis\u00e9s\",\"item\":\"https:\/\/www.newyorkhipknee.com\/fr\/indemnisation-des-travailleurs\/lignes-directrices-pour-les-traitements-medicaux-mtg\/maladie-pulmonaire-interstitielle-dorigine-professionnelle\/\"},{\"@type\":\"ListItem\",\"position\":5,\"name\":\"Directives de traitement m\u00e9dical de l&rsquo;\u00c9tat de New York pour les autres maladies granulomateuses chez les travailleurs indemnis\u00e9s\"}]},{\"@type\":\"WebSite\",\"@id\":\"https:\/\/www.newyorkhipknee.com\/fr\/#website\",\"url\":\"https:\/\/www.newyorkhipknee.com\/fr\/\",\"name\":\"Best Hip & Knee Surgeon | NY, USA\",\"description\":\"\",\"potentialAction\":[{\"@type\":\"SearchAction\",\"target\":{\"@type\":\"EntryPoint\",\"urlTemplate\":\"https:\/\/www.newyorkhipknee.com\/fr\/?s={search_term_string}\"},\"query-input\":{\"@type\":\"PropertyValueSpecification\",\"valueRequired\":true,\"valueName\":\"search_term_string\"}}],\"inLanguage\":\"fr-FR\"}]}<\/script>\n<!-- \/ Yoast SEO plugin. -->","yoast_head_json":{"title":"Directives de traitement m\u00e9dical de l'\u00c9tat de New York pour les autres maladies granulomateuses chez les travailleurs indemnis\u00e9s | Best Hip &amp; Knee Surgeon | NY, USA","description":"Les lignes directrices \u00e9labor\u00e9es par la Commission des accidents du travail de l'\u00c9tat de New York ont pour but d'aider les professionnels de la sant\u00e9 \u00e0","robots":{"index":"index","follow":"follow","max-snippet":"max-snippet:-1","max-image-preview":"max-image-preview:large","max-video-preview":"max-video-preview:-1"},"canonical":"https:\/\/www.newyorkhipknee.com\/fr\/indemnisation-des-travailleurs\/lignes-directrices-pour-les-traitements-medicaux-mtg\/maladie-pulmonaire-interstitielle-dorigine-professionnelle\/autres-maladies-granulomateuses\/","og_locale":"fr_FR","og_type":"article","og_title":"Directives de traitement m\u00e9dical de l'\u00c9tat de New York pour les autres maladies granulomateuses chez les travailleurs indemnis\u00e9s | Best Hip &amp; Knee Surgeon | NY, USA","og_description":"Les lignes directrices \u00e9labor\u00e9es par la Commission des accidents du travail de l'\u00c9tat de New York ont pour but d'aider les professionnels de la sant\u00e9 \u00e0","og_url":"https:\/\/www.newyorkhipknee.com\/fr\/indemnisation-des-travailleurs\/lignes-directrices-pour-les-traitements-medicaux-mtg\/maladie-pulmonaire-interstitielle-dorigine-professionnelle\/autres-maladies-granulomateuses\/","og_site_name":"Best Hip &amp; Knee Surgeon | NY, USA","article_modified_time":"2024-01-30T16:44:39+00:00","twitter_card":"summary_large_image","twitter_misc":{"Dur\u00e9e de lecture estim\u00e9e":"3 minutes"},"schema":{"@context":"https:\/\/schema.org","@graph":[{"@type":["WebPage","MedicalWebPage"],"@id":"https:\/\/www.newyorkhipknee.com\/fr\/indemnisation-des-travailleurs\/lignes-directrices-pour-les-traitements-medicaux-mtg\/maladie-pulmonaire-interstitielle-dorigine-professionnelle\/autres-maladies-granulomateuses\/","url":"https:\/\/www.newyorkhipknee.com\/fr\/indemnisation-des-travailleurs\/lignes-directrices-pour-les-traitements-medicaux-mtg\/maladie-pulmonaire-interstitielle-dorigine-professionnelle\/autres-maladies-granulomateuses\/","name":"Directives de traitement m\u00e9dical de l'\u00c9tat de New York pour les autres maladies granulomateuses chez les travailleurs indemnis\u00e9s | Best Hip &amp; Knee Surgeon | NY, USA","isPartOf":{"@id":"https:\/\/www.newyorkhipknee.com\/fr\/#website"},"datePublished":"2024-01-12T18:23:05+00:00","dateModified":"2024-01-30T16:44:39+00:00","description":"Les lignes directrices \u00e9labor\u00e9es par la Commission des accidents du travail de l'\u00c9tat de New York ont pour but d'aider les professionnels de la sant\u00e9 \u00e0","breadcrumb":{"@id":"https:\/\/www.newyorkhipknee.com\/fr\/indemnisation-des-travailleurs\/lignes-directrices-pour-les-traitements-medicaux-mtg\/maladie-pulmonaire-interstitielle-dorigine-professionnelle\/autres-maladies-granulomateuses\/#breadcrumb"},"inLanguage":"fr-FR","potentialAction":[{"@type":"ReadAction","target":["https:\/\/www.newyorkhipknee.com\/fr\/indemnisation-des-travailleurs\/lignes-directrices-pour-les-traitements-medicaux-mtg\/maladie-pulmonaire-interstitielle-dorigine-professionnelle\/autres-maladies-granulomateuses\/"]}]},{"@type":"BreadcrumbList","@id":"https:\/\/www.newyorkhipknee.com\/fr\/indemnisation-des-travailleurs\/lignes-directrices-pour-les-traitements-medicaux-mtg\/maladie-pulmonaire-interstitielle-dorigine-professionnelle\/autres-maladies-granulomateuses\/#breadcrumb","itemListElement":[{"@type":"ListItem","position":1,"name":"Home","item":"https:\/\/www.newyorkhipknee.com\/fr\/"},{"@type":"ListItem","position":2,"name":"Indemnisation des travailleurs","item":"https:\/\/www.newyorkhipknee.com\/fr\/indemnisation-des-travailleurs\/"},{"@type":"ListItem","position":3,"name":"Lignes directrices pour les traitements m\u00e9dicaux (MTG)","item":"https:\/\/www.newyorkhipknee.com\/fr\/indemnisation-des-travailleurs\/lignes-directrices-pour-les-traitements-medicaux-mtg\/"},{"@type":"ListItem","position":4,"name":"Directives de traitement m\u00e9dical de l&rsquo;\u00c9tat de New York pour la pneumopathie interstitielle professionnelle chez les travailleurs indemnis\u00e9s","item":"https:\/\/www.newyorkhipknee.com\/fr\/indemnisation-des-travailleurs\/lignes-directrices-pour-les-traitements-medicaux-mtg\/maladie-pulmonaire-interstitielle-dorigine-professionnelle\/"},{"@type":"ListItem","position":5,"name":"Directives de traitement m\u00e9dical de l&rsquo;\u00c9tat de New York pour les autres maladies granulomateuses chez les travailleurs indemnis\u00e9s"}]},{"@type":"WebSite","@id":"https:\/\/www.newyorkhipknee.com\/fr\/#website","url":"https:\/\/www.newyorkhipknee.com\/fr\/","name":"Best Hip & Knee Surgeon | NY, USA","description":"","potentialAction":[{"@type":"SearchAction","target":{"@type":"EntryPoint","urlTemplate":"https:\/\/www.newyorkhipknee.com\/fr\/?s={search_term_string}"},"query-input":{"@type":"PropertyValueSpecification","valueRequired":true,"valueName":"search_term_string"}}],"inLanguage":"fr-FR"}]}},"_links":{"self":[{"href":"https:\/\/www.newyorkhipknee.com\/fr\/wp-json\/wp\/v2\/pages\/22182","targetHints":{"allow":["GET"]}}],"collection":[{"href":"https:\/\/www.newyorkhipknee.com\/fr\/wp-json\/wp\/v2\/pages"}],"about":[{"href":"https:\/\/www.newyorkhipknee.com\/fr\/wp-json\/wp\/v2\/types\/page"}],"author":[{"embeddable":true,"href":"https:\/\/www.newyorkhipknee.com\/fr\/wp-json\/wp\/v2\/users\/33"}],"replies":[{"embeddable":true,"href":"https:\/\/www.newyorkhipknee.com\/fr\/wp-json\/wp\/v2\/comments?post=22182"}],"version-history":[{"count":0,"href":"https:\/\/www.newyorkhipknee.com\/fr\/wp-json\/wp\/v2\/pages\/22182\/revisions"}],"up":[{"embeddable":true,"href":"https:\/\/www.newyorkhipknee.com\/fr\/wp-json\/wp\/v2\/pages\/22286"}],"wp:attachment":[{"href":"https:\/\/www.newyorkhipknee.com\/fr\/wp-json\/wp\/v2\/media?parent=22182"}],"curies":[{"name":"wp","href":"https:\/\/api.w.org\/{rel}","templated":true}]}}