{"id":22184,"date":"2024-01-15T14:21:33","date_gmt":"2024-01-15T19:21:33","guid":{"rendered":"https:\/\/newyorkhipknee.com\/pronostic\/"},"modified":"2024-01-30T11:45:50","modified_gmt":"2024-01-30T16:45:50","slug":"pronostic","status":"publish","type":"page","link":"https:\/\/www.newyorkhipknee.com\/fr\/indemnisation-des-travailleurs\/lignes-directrices-pour-les-traitements-medicaux-mtg\/asthme-lie-au-travail\/pronostic\/","title":{"rendered":"Directives de traitement m\u00e9dical de l&rsquo;\u00c9tat de New York pour le pronostic de l&rsquo;asthme chez les travailleurs indemnis\u00e9s"},"content":{"rendered":"<p>Les lignes directrices \u00e9labor\u00e9es par la commission des accidents du travail de l&rsquo;\u00c9tat de New York visent \u00e0 aider les professionnels de la sant\u00e9 \u00e0 \u00e9valuer le pronostic de l&rsquo;asthme.<\/p>\n<p>Con\u00e7ues \u00e0 l&rsquo;intention des m\u00e9decins, ces lignes directrices de la Commission des accidents du travail offrent une aide pour d\u00e9terminer l&rsquo;\u00e9volution probable de l&rsquo;asthme chez les personnes concern\u00e9es.<\/p>\n<p>Il est important de souligner que ces lignes directrices ne remplacent pas le jugement clinique ou l&rsquo;exp\u00e9rience professionnelle. L&rsquo;\u00e9valuation du pronostic de l&rsquo;asthme doit se faire en collaboration avec le patient et son prestataire de soins.<\/p>\n<h3><\/h3>\n<h3>Perspectives \u00e0 long terme et suivi de l&rsquo;asthme professionnel<\/h3>\n<p><strong>1. Cons\u00e9quences variables \u00e0 long terme :<\/strong><\/p>\n<ul>\n<li>Les r\u00e9sultats durables de l&rsquo;asthme professionnel (AP) sont variables, ce qui n\u00e9cessite un suivi prolong\u00e9.<\/li>\n<\/ul>\n<p><strong>2. Persistance des sympt\u00f4mes et de la d\u00e9ficience :<\/strong><\/p>\n<ul>\n<li>Les sympt\u00f4mes et les limitations fonctionnelles li\u00e9s \u00e0 l&rsquo;arthrose peuvent persister pendant plusieurs ann\u00e9es apr\u00e8s la cessation de l&rsquo;exposition \u00e0 l&rsquo;agent causal.<\/li>\n<\/ul>\n<p><strong>3. R\u00e9sultats et facteurs optimaux :<\/strong><\/p>\n<ul>\n<li>Des r\u00e9sultats favorables sont plus probables chez les personnes atteintes :\n<ul>\n<li>Pas d&rsquo;exposition permanente \u00e0 l&rsquo;agent causal,<\/li>\n<li>Fonction pulmonaire relativement normale au moment du diagnostic, et<\/li>\n<li>Une dur\u00e9e plus courte des sympt\u00f4mes avant le diagnostic.<\/li>\n<\/ul>\n<\/li>\n<\/ul>\n<p><strong>4. Nature chronique de l&rsquo;arthrose :<\/strong><\/p>\n<ul>\n<li>L&rsquo;arthrose peut se transformer en une maladie chronique proche de l&rsquo;absence d&rsquo;arthrose, n\u00e9cessitant une prise en charge m\u00e9dicale prolong\u00e9e.<\/li>\n<\/ul>\n<p><strong>5. Recommandations de suivi :<\/strong><\/p>\n<ul>\n<li>Pour les patients dont l&rsquo;arthrose est confirm\u00e9e ou potentielle, il est essentiel d&rsquo;assurer un suivi diligent, notamment par le biais de questionnaires respiratoires et de tests de spirom\u00e9trie, en particulier lorsque les risques d&rsquo;exposition persistent.<\/li>\n<\/ul>\n<p><strong>6. Suivi post-travail :<\/strong><\/p>\n<ul>\n<li>Les personnes dont l&rsquo;arthrose est confirm\u00e9e, qui ont quitt\u00e9 leur lieu de travail ou qui ne sont plus expos\u00e9es \u00e0 des asthmag\u00e8nes, doivent faire l&rsquo;objet d&rsquo;un suivi r\u00e9gulier en fonction des exigences cliniques.<\/li>\n<\/ul>\n<p>&nbsp;<\/p>\n<div class=\"textwidget\">\n<p>&nbsp;<\/p>\n<\/div>\n","protected":false},"excerpt":{"rendered":"<p>Les lignes directrices \u00e9labor\u00e9es par la commission des accidents du travail de l&rsquo;\u00c9tat de New York visent \u00e0 aider les professionnels de la sant\u00e9 \u00e0 \u00e9valuer le pronostic de l&rsquo;asthme. Con\u00e7ues \u00e0 l&rsquo;intention des m\u00e9decins, ces lignes directrices de la Commission des accidents du travail offrent une aide pour d\u00e9terminer l&rsquo;\u00e9volution probable de l&rsquo;asthme chez [&hellip;]<\/p>\n","protected":false},"author":33,"featured_media":0,"parent":22364,"menu_order":0,"comment_status":"closed","ping_status":"closed","template":"","meta":{"_et_pb_use_builder":"","_et_pb_old_content":"","_et_gb_content_width":"","footnotes":""},"class_list":["post-22184","page","type-page","status-publish","hentry"],"yoast_head":"<!-- This site is optimized with the Yoast SEO plugin v27.2 - https:\/\/yoast.com\/product\/yoast-seo-wordpress\/ -->\n<title>Directives de traitement m\u00e9dical de l&#039;\u00c9tat de New York pour le pronostic de l&#039;asthme chez les travailleurs indemnis\u00e9s | Best Hip &amp; Knee Surgeon | NY, USA<\/title>\n<meta name=\"description\" content=\"Les lignes directrices \u00e9labor\u00e9es par la commission des accidents du travail de l&#039;\u00c9tat de New York visent \u00e0 aider les professionnels de la sant\u00e9 \u00e0 \u00e9valuer\" \/>\n<meta name=\"robots\" content=\"index, follow, max-snippet:-1, max-image-preview:large, max-video-preview:-1\" \/>\n<link rel=\"canonical\" href=\"https:\/\/www.newyorkhipknee.com\/fr\/indemnisation-des-travailleurs\/lignes-directrices-pour-les-traitements-medicaux-mtg\/asthme-lie-au-travail\/pronostic\/\" \/>\n<meta property=\"og:locale\" content=\"fr_FR\" \/>\n<meta property=\"og:type\" content=\"article\" \/>\n<meta property=\"og:title\" content=\"Directives de traitement m\u00e9dical de l&#039;\u00c9tat de New York pour le pronostic de l&#039;asthme chez les travailleurs indemnis\u00e9s | Best Hip &amp; Knee Surgeon | NY, USA\" \/>\n<meta property=\"og:description\" content=\"Les lignes directrices \u00e9labor\u00e9es par la commission des accidents du travail de l&#039;\u00c9tat de New York visent \u00e0 aider les professionnels de la sant\u00e9 \u00e0 \u00e9valuer\" \/>\n<meta property=\"og:url\" content=\"https:\/\/www.newyorkhipknee.com\/fr\/indemnisation-des-travailleurs\/lignes-directrices-pour-les-traitements-medicaux-mtg\/asthme-lie-au-travail\/pronostic\/\" \/>\n<meta property=\"og:site_name\" content=\"Best Hip &amp; Knee Surgeon | NY, USA\" \/>\n<meta property=\"article:modified_time\" content=\"2024-01-30T16:45:50+00:00\" \/>\n<meta name=\"twitter:card\" content=\"summary_large_image\" \/>\n<meta name=\"twitter:label1\" content=\"Dur\u00e9e de lecture estim\u00e9e\" \/>\n\t<meta name=\"twitter:data1\" content=\"2 minutes\" \/>\n<script type=\"application\/ld+json\" class=\"yoast-schema-graph\">{\"@context\":\"https:\/\/schema.org\",\"@graph\":[{\"@type\":[\"WebPage\",\"MedicalWebPage\"],\"@id\":\"https:\/\/www.newyorkhipknee.com\/fr\/indemnisation-des-travailleurs\/lignes-directrices-pour-les-traitements-medicaux-mtg\/asthme-lie-au-travail\/pronostic\/\",\"url\":\"https:\/\/www.newyorkhipknee.com\/fr\/indemnisation-des-travailleurs\/lignes-directrices-pour-les-traitements-medicaux-mtg\/asthme-lie-au-travail\/pronostic\/\",\"name\":\"Directives de traitement m\u00e9dical de l'\u00c9tat de New York pour le pronostic de l'asthme chez les travailleurs indemnis\u00e9s | Best Hip &amp; Knee Surgeon | NY, USA\",\"isPartOf\":{\"@id\":\"https:\/\/www.newyorkhipknee.com\/fr\/#website\"},\"datePublished\":\"2024-01-15T19:21:33+00:00\",\"dateModified\":\"2024-01-30T16:45:50+00:00\",\"description\":\"Les lignes directrices \u00e9labor\u00e9es par la commission des accidents du travail de l'\u00c9tat de New York visent \u00e0 aider les professionnels de la sant\u00e9 \u00e0 \u00e9valuer\",\"breadcrumb\":{\"@id\":\"https:\/\/www.newyorkhipknee.com\/fr\/indemnisation-des-travailleurs\/lignes-directrices-pour-les-traitements-medicaux-mtg\/asthme-lie-au-travail\/pronostic\/#breadcrumb\"},\"inLanguage\":\"fr-FR\",\"potentialAction\":[{\"@type\":\"ReadAction\",\"target\":[\"https:\/\/www.newyorkhipknee.com\/fr\/indemnisation-des-travailleurs\/lignes-directrices-pour-les-traitements-medicaux-mtg\/asthme-lie-au-travail\/pronostic\/\"]}]},{\"@type\":\"BreadcrumbList\",\"@id\":\"https:\/\/www.newyorkhipknee.com\/fr\/indemnisation-des-travailleurs\/lignes-directrices-pour-les-traitements-medicaux-mtg\/asthme-lie-au-travail\/pronostic\/#breadcrumb\",\"itemListElement\":[{\"@type\":\"ListItem\",\"position\":1,\"name\":\"Home\",\"item\":\"https:\/\/www.newyorkhipknee.com\/fr\/\"},{\"@type\":\"ListItem\",\"position\":2,\"name\":\"Indemnisation des travailleurs\",\"item\":\"https:\/\/www.newyorkhipknee.com\/fr\/indemnisation-des-travailleurs\/\"},{\"@type\":\"ListItem\",\"position\":3,\"name\":\"Lignes directrices pour les traitements m\u00e9dicaux (MTG)\",\"item\":\"https:\/\/www.newyorkhipknee.com\/fr\/indemnisation-des-travailleurs\/lignes-directrices-pour-les-traitements-medicaux-mtg\/\"},{\"@type\":\"ListItem\",\"position\":4,\"name\":\"Directives de l&rsquo;\u00c9tat de New York pour le traitement m\u00e9dical de l&rsquo;asthme d&rsquo;origine professionnelle chez les travailleurs indemnis\u00e9s\",\"item\":\"https:\/\/www.newyorkhipknee.com\/fr\/indemnisation-des-travailleurs\/lignes-directrices-pour-les-traitements-medicaux-mtg\/asthme-lie-au-travail\/\"},{\"@type\":\"ListItem\",\"position\":5,\"name\":\"Directives de traitement m\u00e9dical de l&rsquo;\u00c9tat de New York pour le pronostic de l&rsquo;asthme chez les travailleurs indemnis\u00e9s\"}]},{\"@type\":\"WebSite\",\"@id\":\"https:\/\/www.newyorkhipknee.com\/fr\/#website\",\"url\":\"https:\/\/www.newyorkhipknee.com\/fr\/\",\"name\":\"Best Hip & Knee Surgeon | NY, USA\",\"description\":\"\",\"potentialAction\":[{\"@type\":\"SearchAction\",\"target\":{\"@type\":\"EntryPoint\",\"urlTemplate\":\"https:\/\/www.newyorkhipknee.com\/fr\/?s={search_term_string}\"},\"query-input\":{\"@type\":\"PropertyValueSpecification\",\"valueRequired\":true,\"valueName\":\"search_term_string\"}}],\"inLanguage\":\"fr-FR\"}]}<\/script>\n<!-- \/ Yoast SEO plugin. -->","yoast_head_json":{"title":"Directives de traitement m\u00e9dical de l'\u00c9tat de New York pour le pronostic de l'asthme chez les travailleurs indemnis\u00e9s | Best Hip &amp; Knee Surgeon | NY, USA","description":"Les lignes directrices \u00e9labor\u00e9es par la commission des accidents du travail de l'\u00c9tat de New York visent \u00e0 aider les professionnels de la sant\u00e9 \u00e0 \u00e9valuer","robots":{"index":"index","follow":"follow","max-snippet":"max-snippet:-1","max-image-preview":"max-image-preview:large","max-video-preview":"max-video-preview:-1"},"canonical":"https:\/\/www.newyorkhipknee.com\/fr\/indemnisation-des-travailleurs\/lignes-directrices-pour-les-traitements-medicaux-mtg\/asthme-lie-au-travail\/pronostic\/","og_locale":"fr_FR","og_type":"article","og_title":"Directives de traitement m\u00e9dical de l'\u00c9tat de New York pour le pronostic de l'asthme chez les travailleurs indemnis\u00e9s | Best Hip &amp; Knee Surgeon | NY, USA","og_description":"Les lignes directrices \u00e9labor\u00e9es par la commission des accidents du travail de l'\u00c9tat de New York visent \u00e0 aider les professionnels de la sant\u00e9 \u00e0 \u00e9valuer","og_url":"https:\/\/www.newyorkhipknee.com\/fr\/indemnisation-des-travailleurs\/lignes-directrices-pour-les-traitements-medicaux-mtg\/asthme-lie-au-travail\/pronostic\/","og_site_name":"Best Hip &amp; Knee Surgeon | NY, USA","article_modified_time":"2024-01-30T16:45:50+00:00","twitter_card":"summary_large_image","twitter_misc":{"Dur\u00e9e de lecture estim\u00e9e":"2 minutes"},"schema":{"@context":"https:\/\/schema.org","@graph":[{"@type":["WebPage","MedicalWebPage"],"@id":"https:\/\/www.newyorkhipknee.com\/fr\/indemnisation-des-travailleurs\/lignes-directrices-pour-les-traitements-medicaux-mtg\/asthme-lie-au-travail\/pronostic\/","url":"https:\/\/www.newyorkhipknee.com\/fr\/indemnisation-des-travailleurs\/lignes-directrices-pour-les-traitements-medicaux-mtg\/asthme-lie-au-travail\/pronostic\/","name":"Directives de traitement m\u00e9dical de l'\u00c9tat de New York pour le pronostic de l'asthme chez les travailleurs indemnis\u00e9s | Best Hip &amp; Knee Surgeon | NY, USA","isPartOf":{"@id":"https:\/\/www.newyorkhipknee.com\/fr\/#website"},"datePublished":"2024-01-15T19:21:33+00:00","dateModified":"2024-01-30T16:45:50+00:00","description":"Les lignes directrices \u00e9labor\u00e9es par la commission des accidents du travail de l'\u00c9tat de New York visent \u00e0 aider les professionnels de la sant\u00e9 \u00e0 \u00e9valuer","breadcrumb":{"@id":"https:\/\/www.newyorkhipknee.com\/fr\/indemnisation-des-travailleurs\/lignes-directrices-pour-les-traitements-medicaux-mtg\/asthme-lie-au-travail\/pronostic\/#breadcrumb"},"inLanguage":"fr-FR","potentialAction":[{"@type":"ReadAction","target":["https:\/\/www.newyorkhipknee.com\/fr\/indemnisation-des-travailleurs\/lignes-directrices-pour-les-traitements-medicaux-mtg\/asthme-lie-au-travail\/pronostic\/"]}]},{"@type":"BreadcrumbList","@id":"https:\/\/www.newyorkhipknee.com\/fr\/indemnisation-des-travailleurs\/lignes-directrices-pour-les-traitements-medicaux-mtg\/asthme-lie-au-travail\/pronostic\/#breadcrumb","itemListElement":[{"@type":"ListItem","position":1,"name":"Home","item":"https:\/\/www.newyorkhipknee.com\/fr\/"},{"@type":"ListItem","position":2,"name":"Indemnisation des travailleurs","item":"https:\/\/www.newyorkhipknee.com\/fr\/indemnisation-des-travailleurs\/"},{"@type":"ListItem","position":3,"name":"Lignes directrices pour les traitements m\u00e9dicaux (MTG)","item":"https:\/\/www.newyorkhipknee.com\/fr\/indemnisation-des-travailleurs\/lignes-directrices-pour-les-traitements-medicaux-mtg\/"},{"@type":"ListItem","position":4,"name":"Directives de l&rsquo;\u00c9tat de New York pour le traitement m\u00e9dical de l&rsquo;asthme d&rsquo;origine professionnelle chez les travailleurs indemnis\u00e9s","item":"https:\/\/www.newyorkhipknee.com\/fr\/indemnisation-des-travailleurs\/lignes-directrices-pour-les-traitements-medicaux-mtg\/asthme-lie-au-travail\/"},{"@type":"ListItem","position":5,"name":"Directives de traitement m\u00e9dical de l&rsquo;\u00c9tat de New York pour le pronostic de l&rsquo;asthme chez les travailleurs indemnis\u00e9s"}]},{"@type":"WebSite","@id":"https:\/\/www.newyorkhipknee.com\/fr\/#website","url":"https:\/\/www.newyorkhipknee.com\/fr\/","name":"Best Hip & Knee Surgeon | NY, USA","description":"","potentialAction":[{"@type":"SearchAction","target":{"@type":"EntryPoint","urlTemplate":"https:\/\/www.newyorkhipknee.com\/fr\/?s={search_term_string}"},"query-input":{"@type":"PropertyValueSpecification","valueRequired":true,"valueName":"search_term_string"}}],"inLanguage":"fr-FR"}]}},"_links":{"self":[{"href":"https:\/\/www.newyorkhipknee.com\/fr\/wp-json\/wp\/v2\/pages\/22184","targetHints":{"allow":["GET"]}}],"collection":[{"href":"https:\/\/www.newyorkhipknee.com\/fr\/wp-json\/wp\/v2\/pages"}],"about":[{"href":"https:\/\/www.newyorkhipknee.com\/fr\/wp-json\/wp\/v2\/types\/page"}],"author":[{"embeddable":true,"href":"https:\/\/www.newyorkhipknee.com\/fr\/wp-json\/wp\/v2\/users\/33"}],"replies":[{"embeddable":true,"href":"https:\/\/www.newyorkhipknee.com\/fr\/wp-json\/wp\/v2\/comments?post=22184"}],"version-history":[{"count":0,"href":"https:\/\/www.newyorkhipknee.com\/fr\/wp-json\/wp\/v2\/pages\/22184\/revisions"}],"up":[{"embeddable":true,"href":"https:\/\/www.newyorkhipknee.com\/fr\/wp-json\/wp\/v2\/pages\/22364"}],"wp:attachment":[{"href":"https:\/\/www.newyorkhipknee.com\/fr\/wp-json\/wp\/v2\/media?parent=22184"}],"curies":[{"name":"wp","href":"https:\/\/api.w.org\/{rel}","templated":true}]}}