{"id":22186,"date":"2024-01-11T15:48:43","date_gmt":"2024-01-11T20:48:43","guid":{"rendered":"https:\/\/newyorkhipknee.com\/silicose\/"},"modified":"2024-01-30T11:46:03","modified_gmt":"2024-01-30T16:46:03","slug":"silicose","status":"publish","type":"page","link":"https:\/\/www.newyorkhipknee.com\/fr\/indemnisation-des-travailleurs\/lignes-directrices-pour-les-traitements-medicaux-mtg\/maladie-pulmonaire-interstitielle-dorigine-professionnelle\/silicose\/","title":{"rendered":"Directives de traitement m\u00e9dical de l&rsquo;\u00c9tat de New York pour la silicose chez les travailleurs indemnis\u00e9s"},"content":{"rendered":"<p>Les lignes directrices d\u00e9finies par la commission des accidents du travail de l&rsquo;\u00c9tat de New York sont con\u00e7ues pour aider les professionnels de la sant\u00e9 \u00e0 \u00e9valuer la silicose. Ces directives ont pour but d&rsquo;aider les m\u00e9decins et les professionnels de la sant\u00e9 \u00e0 d\u00e9terminer le traitement appropri\u00e9 pour cette pathologie.<\/p>\n<p>Les professionnels de la sant\u00e9 sp\u00e9cialis\u00e9s dans la silicose peuvent compter sur les conseils de la Commission des accidents du travail pour prendre des d\u00e9cisions \u00e9clair\u00e9es sur le niveau de soins le plus appropri\u00e9 pour leurs patients.<\/p>\n<p>Il est essentiel de souligner que ces lignes directrices ne sont pas destin\u00e9es \u00e0 remplacer le jugement clinique ou l&rsquo;expertise professionnelle. La d\u00e9cision finale concernant les soins doit \u00eatre prise en collaboration avec le patient et son prestataire de soins.<\/p>\n<h1><\/h1>\n<h1><strong>La silicose : Vue d&rsquo;ensemble et caract\u00e9ristiques de la maladie<\/strong><\/h1>\n<h3><strong>Informations g\u00e9n\u00e9rales :<\/strong><\/h3>\n<ul>\n<li>L&rsquo;exposition \u00e0 une quantit\u00e9 suffisante de silice respirable conduit \u00e0 la silicose, une maladie irr\u00e9versible associ\u00e9e \u00e0 diverses affections syst\u00e9miques et pulmonaires.<\/li>\n<li>La silicose ou l&rsquo;exposition \u00e0 la silice augmente le risque de cancer du poumon.<\/li>\n<li>En octobre 1996, le Centre international de recherche sur le cancer (CIRC) a reclass\u00e9 la silice dans le groupe I, la consid\u00e9rant comme \u00ab\u00a0canc\u00e9rog\u00e8ne pour l&rsquo;homme\u00a0\u00bb.<\/li>\n<li>La silicose reste la maladie professionnelle la plus r\u00e9pandue dans le monde, avec environ 1,7 million de travailleurs am\u00e9ricains expos\u00e9s \u00e0 la silice cristalline alv\u00e9olaire.<\/li>\n<\/ul>\n<p>&nbsp;<\/p>\n<h3><strong>Agent \u00e9tiologique :<\/strong><\/h3>\n<ul>\n<li>La silicose r\u00e9sulte d&rsquo;une exposition au dioxyde de silicium cristallin.<\/li>\n<li>D&rsquo;autres formes de silice, comme le verre et d&rsquo;autres formes amorphes, n&rsquo;ont pas \u00e9t\u00e9 associ\u00e9es \u00e0 la silicose.<\/li>\n<li>La silice cristalline est pr\u00e9sente dans le sable.<\/li>\n<li>L&rsquo;exposition \u00e0 la silice se produit dans diverses industries, notamment la construction, le sablage et l&rsquo;exploitation mini\u00e8re.<\/li>\n<\/ul>\n<p>&nbsp;<\/p>\n<h3><strong>Mod\u00e8les de maladies :<\/strong><\/h3>\n<ol>\n<li><strong>Silicose chronique :<\/strong>\n<ul>\n<li>Forme la plus courante.<\/li>\n<li>G\u00e9n\u00e9ralement observ\u00e9e apr\u00e8s plus de dix ans d&rsquo;exposition.<\/li>\n<\/ul>\n<\/li>\n<li><strong>Silicose subaigu\u00eb\/acc\u00e9l\u00e9r\u00e9e :<\/strong>\n<ul>\n<li>R\u00e9sultats d&rsquo;expositions plus courtes mais plus lourdes.<\/li>\n<li>Elle appara\u00eet g\u00e9n\u00e9ralement apr\u00e8s deux \u00e0 cinq ans de latence.<\/li>\n<\/ul>\n<\/li>\n<li><strong>Silicose aigu\u00eb :<\/strong>\n<ul>\n<li>Appara\u00eet \u00e0 la suite d&rsquo;une exposition intense \u00e0 des poussi\u00e8res fines contenant de la silice pendant plusieurs mois.<\/li>\n<\/ul>\n<\/li>\n<\/ol>\n<p><strong>Note :<\/strong> Les trois types de maladies indiquent des dur\u00e9es et des intensit\u00e9s diff\u00e9rentes d&rsquo;exposition \u00e0 la silice, allant d&rsquo;une exposition chronique \u00e0 long terme \u00e0 des sc\u00e9narios d&rsquo;exposition plus courts et plus intenses.<\/p>\n<p>&nbsp;<\/p>\n<h3><strong>Progression de la silicose chronique :<\/strong><\/h3>\n<ul>\n<li>La silicose chronique peut \u00e9voluer vers le d\u00e9veloppement de zones fibreuses massives et accr\u00e9dit\u00e9es dans les poumons, connues sous le nom de \u00ab\u00a0silicose conglom\u00e9rative\u00a0\u00bb.<\/li>\n<li>Cette progression peut entra\u00eener de graves complications pour la sant\u00e9, notamment\n<ul>\n<li>Insuffisance respiratoire.<\/li>\n<li>Hypertension pulmonaire.<\/li>\n<li>Cor pulmonaire avec insuffisance cardiaque droite.<\/li>\n<\/ul>\n<\/li>\n<\/ul>\n<p><strong>Risque accru de diverses affections :<\/strong> Les patients atteints de silicose pr\u00e9sentent un risque \u00e9lev\u00e9 pour plusieurs probl\u00e8mes de sant\u00e9, notamment :<\/p>\n<ul>\n<li>Bronchite chronique, caract\u00e9ris\u00e9e par une production chronique d&rsquo;expectorations, avec ou sans alt\u00e9ration obstructive des tests de la fonction pulmonaire.<\/li>\n<li>L&rsquo;exposition \u00e0 la silice, m\u00eame \u00e0 des niveaux inf\u00e9rieurs \u00e0 ceux associ\u00e9s \u00e0 la silicose simple, a \u00e9t\u00e9 associ\u00e9e \u00e0 une limitation chronique du d\u00e9bit d&rsquo;air, \u00e0 une hypers\u00e9cr\u00e9tion de mucus et \u00e0 un emphys\u00e8me pathologique.<\/li>\n<li>Cancer du poumon.<\/li>\n<li>Tuberculose pulmonaire.<\/li>\n<li>Maladies auto-immunes.<\/li>\n<li>Maladie r\u00e9nale.<\/li>\n<\/ul>\n<p>&nbsp;<\/p>\n<h3><strong>Temps de latence :<\/strong><\/h3>\n<ul>\n<li>La silicose se manifeste cliniquement sur plusieurs ann\u00e9es.<\/li>\n<li>Les exceptions \u00e0 cette p\u00e9riode de latence sont rares mais peuvent inclure la silicose acc\u00e9l\u00e9r\u00e9e, qui se manifeste plus rapidement.<\/li>\n<\/ul>\n<p>&nbsp;<\/p>\n<h3><strong>Diagnostic :<\/strong><\/h3>\n<ul>\n<li>Le diagnostic de la silicose est g\u00e9n\u00e9ralement clinique et implique :\n<ul>\n<li>Ant\u00e9c\u00e9dents professionnels avec une exposition suffisante et une latence appropri\u00e9e.<\/li>\n<li>Preuve radiographique objective, y compris radiographie pulmonaire et\/ou tomodensitom\u00e9trie \u00e0 haute r\u00e9solution.<\/li>\n<li>\u00c9valuation de la fonction pulmonaire.<\/li>\n<li>Prise en compte d&rsquo;autres diagnostics diff\u00e9rentiels.<\/li>\n<\/ul>\n<\/li>\n<\/ul>\n<p><strong>Note :<\/strong> La progression de la silicose chronique et les risques qui y sont associ\u00e9s mettent en \u00e9vidence les graves cons\u00e9quences pour la sant\u00e9 d&rsquo;une exposition prolong\u00e9e \u00e0 la silice cristalline alv\u00e9olaire. Un suivi r\u00e9gulier et un diagnostic pr\u00e9coce sont essentiels pour une prise en charge efficace.<\/p>\n","protected":false},"excerpt":{"rendered":"<p>Les lignes directrices d\u00e9finies par la commission des accidents du travail de l&rsquo;\u00c9tat de New York sont con\u00e7ues pour aider les professionnels de la sant\u00e9 \u00e0 \u00e9valuer la silicose. Ces directives ont pour but d&rsquo;aider les m\u00e9decins et les professionnels de la sant\u00e9 \u00e0 d\u00e9terminer le traitement appropri\u00e9 pour cette pathologie. Les professionnels de la [&hellip;]<\/p>\n","protected":false},"author":33,"featured_media":0,"parent":22286,"menu_order":0,"comment_status":"closed","ping_status":"closed","template":"","meta":{"_et_pb_use_builder":"","_et_pb_old_content":"","_et_gb_content_width":"","footnotes":""},"class_list":["post-22186","page","type-page","status-publish","hentry"],"yoast_head":"<!-- This site is optimized with the Yoast SEO plugin v27.2 - https:\/\/yoast.com\/product\/yoast-seo-wordpress\/ -->\n<title>Directives de traitement m\u00e9dical de l&#039;\u00c9tat de New York pour la silicose chez les travailleurs indemnis\u00e9s | Best Hip &amp; Knee Surgeon | NY, USA<\/title>\n<meta name=\"description\" content=\"Les lignes directrices d\u00e9finies par la commission des accidents du travail de l&#039;\u00c9tat de New York sont con\u00e7ues pour aider les professionnels de la sant\u00e9 \u00e0\" \/>\n<meta name=\"robots\" content=\"index, follow, max-snippet:-1, max-image-preview:large, max-video-preview:-1\" \/>\n<link rel=\"canonical\" href=\"https:\/\/www.newyorkhipknee.com\/fr\/indemnisation-des-travailleurs\/lignes-directrices-pour-les-traitements-medicaux-mtg\/maladie-pulmonaire-interstitielle-dorigine-professionnelle\/silicose\/\" \/>\n<meta property=\"og:locale\" content=\"fr_FR\" \/>\n<meta property=\"og:type\" content=\"article\" \/>\n<meta property=\"og:title\" content=\"Directives de traitement m\u00e9dical de l&#039;\u00c9tat de New York pour la silicose chez les travailleurs indemnis\u00e9s | Best Hip &amp; Knee Surgeon | NY, USA\" \/>\n<meta property=\"og:description\" content=\"Les lignes directrices d\u00e9finies par la commission des accidents du travail de l&#039;\u00c9tat de New York sont con\u00e7ues pour aider les professionnels de la sant\u00e9 \u00e0\" \/>\n<meta property=\"og:url\" content=\"https:\/\/www.newyorkhipknee.com\/fr\/indemnisation-des-travailleurs\/lignes-directrices-pour-les-traitements-medicaux-mtg\/maladie-pulmonaire-interstitielle-dorigine-professionnelle\/silicose\/\" \/>\n<meta property=\"og:site_name\" content=\"Best Hip &amp; Knee Surgeon | NY, USA\" \/>\n<meta property=\"article:modified_time\" content=\"2024-01-30T16:46:03+00:00\" \/>\n<meta name=\"twitter:card\" content=\"summary_large_image\" \/>\n<meta name=\"twitter:label1\" content=\"Dur\u00e9e de lecture estim\u00e9e\" \/>\n\t<meta name=\"twitter:data1\" content=\"3 minutes\" \/>\n<script type=\"application\/ld+json\" class=\"yoast-schema-graph\">{\"@context\":\"https:\/\/schema.org\",\"@graph\":[{\"@type\":[\"WebPage\",\"MedicalWebPage\"],\"@id\":\"https:\/\/www.newyorkhipknee.com\/fr\/indemnisation-des-travailleurs\/lignes-directrices-pour-les-traitements-medicaux-mtg\/maladie-pulmonaire-interstitielle-dorigine-professionnelle\/silicose\/\",\"url\":\"https:\/\/www.newyorkhipknee.com\/fr\/indemnisation-des-travailleurs\/lignes-directrices-pour-les-traitements-medicaux-mtg\/maladie-pulmonaire-interstitielle-dorigine-professionnelle\/silicose\/\",\"name\":\"Directives de traitement m\u00e9dical de l'\u00c9tat de New York pour la silicose chez les travailleurs indemnis\u00e9s | Best Hip &amp; Knee Surgeon | NY, USA\",\"isPartOf\":{\"@id\":\"https:\/\/www.newyorkhipknee.com\/fr\/#website\"},\"datePublished\":\"2024-01-11T20:48:43+00:00\",\"dateModified\":\"2024-01-30T16:46:03+00:00\",\"description\":\"Les lignes directrices d\u00e9finies par la commission des accidents du travail de l'\u00c9tat de New York sont con\u00e7ues pour aider les professionnels de la sant\u00e9 \u00e0\",\"breadcrumb\":{\"@id\":\"https:\/\/www.newyorkhipknee.com\/fr\/indemnisation-des-travailleurs\/lignes-directrices-pour-les-traitements-medicaux-mtg\/maladie-pulmonaire-interstitielle-dorigine-professionnelle\/silicose\/#breadcrumb\"},\"inLanguage\":\"fr-FR\",\"potentialAction\":[{\"@type\":\"ReadAction\",\"target\":[\"https:\/\/www.newyorkhipknee.com\/fr\/indemnisation-des-travailleurs\/lignes-directrices-pour-les-traitements-medicaux-mtg\/maladie-pulmonaire-interstitielle-dorigine-professionnelle\/silicose\/\"]}]},{\"@type\":\"BreadcrumbList\",\"@id\":\"https:\/\/www.newyorkhipknee.com\/fr\/indemnisation-des-travailleurs\/lignes-directrices-pour-les-traitements-medicaux-mtg\/maladie-pulmonaire-interstitielle-dorigine-professionnelle\/silicose\/#breadcrumb\",\"itemListElement\":[{\"@type\":\"ListItem\",\"position\":1,\"name\":\"Home\",\"item\":\"https:\/\/www.newyorkhipknee.com\/fr\/\"},{\"@type\":\"ListItem\",\"position\":2,\"name\":\"Indemnisation des travailleurs\",\"item\":\"https:\/\/www.newyorkhipknee.com\/fr\/indemnisation-des-travailleurs\/\"},{\"@type\":\"ListItem\",\"position\":3,\"name\":\"Lignes directrices pour les traitements m\u00e9dicaux (MTG)\",\"item\":\"https:\/\/www.newyorkhipknee.com\/fr\/indemnisation-des-travailleurs\/lignes-directrices-pour-les-traitements-medicaux-mtg\/\"},{\"@type\":\"ListItem\",\"position\":4,\"name\":\"Directives de traitement m\u00e9dical de l&rsquo;\u00c9tat de New York pour la pneumopathie interstitielle professionnelle chez les travailleurs indemnis\u00e9s\",\"item\":\"https:\/\/www.newyorkhipknee.com\/fr\/indemnisation-des-travailleurs\/lignes-directrices-pour-les-traitements-medicaux-mtg\/maladie-pulmonaire-interstitielle-dorigine-professionnelle\/\"},{\"@type\":\"ListItem\",\"position\":5,\"name\":\"Directives de traitement m\u00e9dical de l&rsquo;\u00c9tat de New York pour la silicose chez les travailleurs indemnis\u00e9s\"}]},{\"@type\":\"WebSite\",\"@id\":\"https:\/\/www.newyorkhipknee.com\/fr\/#website\",\"url\":\"https:\/\/www.newyorkhipknee.com\/fr\/\",\"name\":\"Best Hip & Knee Surgeon | NY, USA\",\"description\":\"\",\"potentialAction\":[{\"@type\":\"SearchAction\",\"target\":{\"@type\":\"EntryPoint\",\"urlTemplate\":\"https:\/\/www.newyorkhipknee.com\/fr\/?s={search_term_string}\"},\"query-input\":{\"@type\":\"PropertyValueSpecification\",\"valueRequired\":true,\"valueName\":\"search_term_string\"}}],\"inLanguage\":\"fr-FR\"}]}<\/script>\n<!-- \/ Yoast SEO plugin. -->","yoast_head_json":{"title":"Directives de traitement m\u00e9dical de l'\u00c9tat de New York pour la silicose chez les travailleurs indemnis\u00e9s | Best Hip &amp; Knee Surgeon | NY, USA","description":"Les lignes directrices d\u00e9finies par la commission des accidents du travail de l'\u00c9tat de New York sont con\u00e7ues pour aider les professionnels de la sant\u00e9 \u00e0","robots":{"index":"index","follow":"follow","max-snippet":"max-snippet:-1","max-image-preview":"max-image-preview:large","max-video-preview":"max-video-preview:-1"},"canonical":"https:\/\/www.newyorkhipknee.com\/fr\/indemnisation-des-travailleurs\/lignes-directrices-pour-les-traitements-medicaux-mtg\/maladie-pulmonaire-interstitielle-dorigine-professionnelle\/silicose\/","og_locale":"fr_FR","og_type":"article","og_title":"Directives de traitement m\u00e9dical de l'\u00c9tat de New York pour la silicose chez les travailleurs indemnis\u00e9s | Best Hip &amp; Knee Surgeon | NY, USA","og_description":"Les lignes directrices d\u00e9finies par la commission des accidents du travail de l'\u00c9tat de New York sont con\u00e7ues pour aider les professionnels de la sant\u00e9 \u00e0","og_url":"https:\/\/www.newyorkhipknee.com\/fr\/indemnisation-des-travailleurs\/lignes-directrices-pour-les-traitements-medicaux-mtg\/maladie-pulmonaire-interstitielle-dorigine-professionnelle\/silicose\/","og_site_name":"Best Hip &amp; Knee Surgeon | NY, USA","article_modified_time":"2024-01-30T16:46:03+00:00","twitter_card":"summary_large_image","twitter_misc":{"Dur\u00e9e de lecture estim\u00e9e":"3 minutes"},"schema":{"@context":"https:\/\/schema.org","@graph":[{"@type":["WebPage","MedicalWebPage"],"@id":"https:\/\/www.newyorkhipknee.com\/fr\/indemnisation-des-travailleurs\/lignes-directrices-pour-les-traitements-medicaux-mtg\/maladie-pulmonaire-interstitielle-dorigine-professionnelle\/silicose\/","url":"https:\/\/www.newyorkhipknee.com\/fr\/indemnisation-des-travailleurs\/lignes-directrices-pour-les-traitements-medicaux-mtg\/maladie-pulmonaire-interstitielle-dorigine-professionnelle\/silicose\/","name":"Directives de traitement m\u00e9dical de l'\u00c9tat de New York pour la silicose chez les travailleurs indemnis\u00e9s | Best Hip &amp; Knee Surgeon | NY, USA","isPartOf":{"@id":"https:\/\/www.newyorkhipknee.com\/fr\/#website"},"datePublished":"2024-01-11T20:48:43+00:00","dateModified":"2024-01-30T16:46:03+00:00","description":"Les lignes directrices d\u00e9finies par la commission des accidents du travail de l'\u00c9tat de New York sont con\u00e7ues pour aider les professionnels de la sant\u00e9 \u00e0","breadcrumb":{"@id":"https:\/\/www.newyorkhipknee.com\/fr\/indemnisation-des-travailleurs\/lignes-directrices-pour-les-traitements-medicaux-mtg\/maladie-pulmonaire-interstitielle-dorigine-professionnelle\/silicose\/#breadcrumb"},"inLanguage":"fr-FR","potentialAction":[{"@type":"ReadAction","target":["https:\/\/www.newyorkhipknee.com\/fr\/indemnisation-des-travailleurs\/lignes-directrices-pour-les-traitements-medicaux-mtg\/maladie-pulmonaire-interstitielle-dorigine-professionnelle\/silicose\/"]}]},{"@type":"BreadcrumbList","@id":"https:\/\/www.newyorkhipknee.com\/fr\/indemnisation-des-travailleurs\/lignes-directrices-pour-les-traitements-medicaux-mtg\/maladie-pulmonaire-interstitielle-dorigine-professionnelle\/silicose\/#breadcrumb","itemListElement":[{"@type":"ListItem","position":1,"name":"Home","item":"https:\/\/www.newyorkhipknee.com\/fr\/"},{"@type":"ListItem","position":2,"name":"Indemnisation des travailleurs","item":"https:\/\/www.newyorkhipknee.com\/fr\/indemnisation-des-travailleurs\/"},{"@type":"ListItem","position":3,"name":"Lignes directrices pour les traitements m\u00e9dicaux (MTG)","item":"https:\/\/www.newyorkhipknee.com\/fr\/indemnisation-des-travailleurs\/lignes-directrices-pour-les-traitements-medicaux-mtg\/"},{"@type":"ListItem","position":4,"name":"Directives de traitement m\u00e9dical de l&rsquo;\u00c9tat de New York pour la pneumopathie interstitielle professionnelle chez les travailleurs indemnis\u00e9s","item":"https:\/\/www.newyorkhipknee.com\/fr\/indemnisation-des-travailleurs\/lignes-directrices-pour-les-traitements-medicaux-mtg\/maladie-pulmonaire-interstitielle-dorigine-professionnelle\/"},{"@type":"ListItem","position":5,"name":"Directives de traitement m\u00e9dical de l&rsquo;\u00c9tat de New York pour la silicose chez les travailleurs indemnis\u00e9s"}]},{"@type":"WebSite","@id":"https:\/\/www.newyorkhipknee.com\/fr\/#website","url":"https:\/\/www.newyorkhipknee.com\/fr\/","name":"Best Hip & Knee Surgeon | NY, USA","description":"","potentialAction":[{"@type":"SearchAction","target":{"@type":"EntryPoint","urlTemplate":"https:\/\/www.newyorkhipknee.com\/fr\/?s={search_term_string}"},"query-input":{"@type":"PropertyValueSpecification","valueRequired":true,"valueName":"search_term_string"}}],"inLanguage":"fr-FR"}]}},"_links":{"self":[{"href":"https:\/\/www.newyorkhipknee.com\/fr\/wp-json\/wp\/v2\/pages\/22186","targetHints":{"allow":["GET"]}}],"collection":[{"href":"https:\/\/www.newyorkhipknee.com\/fr\/wp-json\/wp\/v2\/pages"}],"about":[{"href":"https:\/\/www.newyorkhipknee.com\/fr\/wp-json\/wp\/v2\/types\/page"}],"author":[{"embeddable":true,"href":"https:\/\/www.newyorkhipknee.com\/fr\/wp-json\/wp\/v2\/users\/33"}],"replies":[{"embeddable":true,"href":"https:\/\/www.newyorkhipknee.com\/fr\/wp-json\/wp\/v2\/comments?post=22186"}],"version-history":[{"count":0,"href":"https:\/\/www.newyorkhipknee.com\/fr\/wp-json\/wp\/v2\/pages\/22186\/revisions"}],"up":[{"embeddable":true,"href":"https:\/\/www.newyorkhipknee.com\/fr\/wp-json\/wp\/v2\/pages\/22286"}],"wp:attachment":[{"href":"https:\/\/www.newyorkhipknee.com\/fr\/wp-json\/wp\/v2\/media?parent=22186"}],"curies":[{"name":"wp","href":"https:\/\/api.w.org\/{rel}","templated":true}]}}