{"id":22193,"date":"2024-01-02T16:01:45","date_gmt":"2024-01-02T21:01:45","guid":{"rendered":"https:\/\/newyorkhipknee.com\/procedures-therapeutiques-non-operatoires\/"},"modified":"2024-01-30T11:54:17","modified_gmt":"2024-01-30T16:54:17","slug":"procedures-therapeutiques-non-operatoires","status":"publish","type":"page","link":"https:\/\/www.newyorkhipknee.com\/fr\/indemnisation-des-travailleurs\/lignes-directrices-pour-les-traitements-medicaux-mtg\/lesions-lombaires-et-medianes\/procedures-therapeutiques-non-operatoires\/","title":{"rendered":"Directives m\u00e9dicales de l&rsquo;\u00c9tat de New York pour les proc\u00e9dures th\u00e9rapeutiques : Non-op\u00e9ratoires chez les patients b\u00e9n\u00e9ficiant d&rsquo;une indemnisation pour accident du travail"},"content":{"rendered":"<p>La commission des accidents du travail de l&rsquo;\u00c9tat de New York fournit des principes g\u00e9n\u00e9raux pour guider les professionnels de la sant\u00e9 dans la r\u00e9alisation d&rsquo;\u00e9tudes diagnostiques. Ces directives ont pour but d&rsquo;aider les professionnels de la sant\u00e9 \u00e0 d\u00e9terminer les approches diagnostiques appropri\u00e9es dans le cadre d&rsquo;une \u00e9valuation approfondie.<\/p>\n<p>Les professionnels sp\u00e9cialis\u00e9s dans les \u00e9tudes diagnostiques peuvent compter sur les conseils de la Commission des accidents du travail pour prendre des d\u00e9cisions \u00e9clair\u00e9es sur les m\u00e9thodes diagnostiques les plus appropri\u00e9es pour leurs patients.<\/p>\n<p>Il est essentiel de souligner que ces lignes directrices ne sont pas destin\u00e9es \u00e0 remplacer le jugement clinique ou l&rsquo;expertise professionnelle. La d\u00e9cision finale concernant les \u00e9tudes diagnostiques doit faire l&rsquo;objet d&rsquo;une collaboration entre le patient et son prestataire de soins de sant\u00e9.<\/p>\n<h2>Proc\u00e9dures th\u00e9rapeutiques : Non-op\u00e9ratoires<\/h2>\n<p>Avant d&rsquo;entamer une proc\u00e9dure th\u00e9rapeutique, il est essentiel que le prestataire de soins autoris\u00e9, l&#8217;employeur et l&rsquo;assureur prennent soigneusement en consid\u00e9ration ces aspects cl\u00e9s des soins prodigu\u00e9s au patient. Tout d&rsquo;abord, les personnes soumises \u00e0 des proc\u00e9dures th\u00e9rapeutiques devraient id\u00e9alement \u00eatre autoris\u00e9es \u00e0 reprendre des t\u00e2ches modifi\u00e9es ou restreintes au stade le plus pr\u00e9coce possible de leur r\u00e9\u00e9ducation.<\/p>\n<p>Deuxi\u00e8mement, s&rsquo;il n&rsquo;y a pas d&rsquo;am\u00e9lioration significative, tant subjective qu&rsquo;objective, de l&rsquo;\u00e9tat du patient, il est essentiel de r\u00e9\u00e9valuer ou d&rsquo;interrompre les modalit\u00e9s de traitement. Si les patients ne pr\u00e9sentent pas la r\u00e9ponse attendue dans les d\u00e9lais recommand\u00e9s, il est conseill\u00e9 d&rsquo;explorer d&rsquo;autres options de traitement, d&rsquo;effectuer des \u00e9tudes diagnostiques suppl\u00e9mentaires ou de consulter.<\/p>\n<p>Enfin, les prestataires doivent fournir et documenter l&rsquo;\u00e9ducation du patient. Un plan de traitement complet doit inclure la prise en compte des questions li\u00e9es \u00e0 l&rsquo;\u00e9ducation individuelle et\/ou collective des patients, afin de leur donner les moyens de g\u00e9rer eux-m\u00eames leurs sympt\u00f4mes.<\/p>\n<p>Enfin, pour les personnes qui ne pr\u00e9sentent pas l&rsquo;am\u00e9lioration attendue six \u00e0 douze semaines apr\u00e8s la blessure et dont les sympt\u00f4mes d\u00e9clar\u00e9s ne correspondent pas aux signes observ\u00e9s et aux r\u00e9sultats des tests, un r\u00e9examen doit \u00eatre effectu\u00e9 pour valider l&rsquo;exactitude du diagnostic initial. Une \u00e9valuation psychologique ou psychosociale formelle peut \u00e9galement \u00eatre envisag\u00e9e.<\/p>\n<p>La th\u00e9rapie \u00e0 domicile joue un r\u00f4le crucial dans le traitement, en incorporant des proc\u00e9dures th\u00e9rapeutiques actives et passives ainsi que d&rsquo;autres modalit\u00e9s pour aider \u00e0 att\u00e9nuer la douleur, \u00e0 r\u00e9duire l&rsquo;enflure et \u00e0 traiter le tonus musculaire anormal. Les composants r\u00e9pertori\u00e9s sont organis\u00e9s par ordre alphab\u00e9tique pour faciliter les r\u00e9f\u00e9rences.<\/p>\n<p>&nbsp;<\/p>\n<h2>Acupuncture<\/h2>\n<p>Sugg\u00e9r\u00e9e &#8211; L&rsquo;acupuncture est recommand\u00e9e pour des patients sp\u00e9cifiques en fonction des besoins cliniques. Il est indiqu\u00e9 pour les douleurs dorsales non aigu\u00ebs et sert de th\u00e9rapie compl\u00e9mentaire \u00e0 des traitements plus efficaces. L&rsquo;acupuncture peut \u00eatre conseill\u00e9e pour une dur\u00e9e limit\u00e9e, en fonction d&rsquo;objectifs clairs et de buts fonctionnels \u00e0 atteindre pendant cette p\u00e9riode.<\/p>\n<p>D\u00e9conseill\u00e9 &#8211; L&rsquo;utilisation syst\u00e9matique de l&rsquo;acupuncture n&rsquo;est pas recommand\u00e9e pour les personnes souffrant de douleurs dorsales aigu\u00ebs ou de douleurs radiculaires. Il n&rsquo;est pas non plus recommand\u00e9 pour traiter les lombalgies aigu\u00ebs, subaigu\u00ebs, radiculaires ou postop\u00e9ratoires.<\/p>\n<p>Indications &#8211; Dans le cadre d&rsquo;une utilisation limit\u00e9e dans le temps pour des douleurs dorsales non aigu\u00ebs sans pathologie grave sous-jacente, l&rsquo;acupuncture peut \u00eatre consid\u00e9r\u00e9e comme un compl\u00e9ment \u00e0 un programme de conditionnement comprenant des exercices d&rsquo;a\u00e9robic gradu\u00e9s et des exercices de renforcement. L&rsquo;utilisation de l&rsquo;acupuncture est recommand\u00e9e uniquement pour acc\u00e9l\u00e9rer l&rsquo;augmentation des niveaux d&rsquo;activit\u00e9 fonctionnelle, l&rsquo;accent restant mis sur le programme de conditionnement.<\/p>\n<p>Cette approche n&rsquo;est pas recommand\u00e9e pour les personnes qui ne participent pas activement \u00e0 un programme de conditionnement ou qui ne suivent pas l&rsquo;augmentation progressive prescrite des niveaux d&rsquo;activit\u00e9.<\/p>\n<p>Fr\u00e9quence\/Dur\u00e9e :<br \/>\na) Les \u00e9tudes de qualit\u00e9 utilisent diff\u00e9rents sch\u00e9mas, allant de s\u00e9ances hebdomadaires sur un mois \u00e0 20 rendez-vous r\u00e9partis sur 6 mois. Cependant, la norme est g\u00e9n\u00e9ralement de huit \u00e0 douze sessions.<br \/>\nb) Il semble raisonnable de commencer par un essai de cinq \u00e0 six rendez-vous, en conjonction avec un programme de conditionnement comprenant des exercices d&rsquo;a\u00e9robic et de renforcement.<br \/>\nc) Les rendez-vous suivants doivent \u00eatre li\u00e9s \u00e0 l&rsquo;am\u00e9lioration des mesures objectives, justifiant six s\u00e9ances suppl\u00e9mentaires, pour un total de 12 s\u00e9ances.<\/p>\n<p>Arr\u00eat du traitement :<br \/>\nCette intervention doit \u00eatre interrompue d\u00e8s que le probl\u00e8me est r\u00e9solu, si le patient la trouve intol\u00e9rable, ou en cas de non-respect des exercices d&rsquo;a\u00e9robic et de renforcement prescrits.<\/p>\n<p>&nbsp;<\/p>\n<h2>Appareils \u00e9lectrom\u00e9nagers<\/h2>\n<p>Semelles et rehausseurs de chaussures &#8211; Il est conseill\u00e9 de les utiliser pour traiter les douleurs dorsales aigu\u00ebs ou non aigu\u00ebs ou le syndrome de douleur radiculaire lorsqu&rsquo;il y a une diff\u00e9rence significative de longueur de jambe. Toutefois, elle n&rsquo;est pas recommand\u00e9e lorsqu&rsquo;il n&rsquo;y a pas de diff\u00e9rence significative de longueur de jambe.<\/p>\n<p>Kin\u00e9siotaping, taping ou strapping &#8211; Non recommand\u00e9.<\/p>\n<p>Supports lombaires &#8211; Recommand\u00e9s pour des patients sp\u00e9cifiques en fonction des besoins cliniques. Les supports lombaires peuvent \u00eatre utiles pour traiter des affections telles que le spondylolisth\u00e9sis, l&rsquo;instabilit\u00e9 document\u00e9e ou la r\u00e9cup\u00e9ration post-op\u00e9ratoire. Cependant, ils ne sont pas recommand\u00e9s pour pr\u00e9venir ou traiter d&rsquo;autres probl\u00e8mes de mal de dos.<\/p>\n<p>Aimants &#8211; Non recommand\u00e9s.<\/p>\n<p>Matelas, lits d&rsquo;eau et surfaces de couchage :<br \/>\ni) Il est recommand\u00e9 aux patients de choisir des matelas, des oreillers, des draps ou d&rsquo;autres options de sommeil qui sont les plus confortables pour eux.<br \/>\nii) Il n&rsquo;y a pas de recommandation sp\u00e9cifique concernant les matelas, si ce n&rsquo;est que les prestataires doivent \u00eatre conscients qu&rsquo;il peut \u00eatre incorrect de demander aux patients de dormir sur des matelas fermes ou sur le sol.<br \/>\niii) Il n&rsquo;existe pas de donn\u00e9es probantes de haute qualit\u00e9 pour guider les recommandations concernant d&rsquo;autres surfaces de sommeil optimales, telles que la literie, les lits d&rsquo;eau et les hamacs.<\/p>\n<p>&nbsp;<\/p>\n<h2>Repos au lit<\/h2>\n<p>Conseill\u00e9 &#8211; Il est recommand\u00e9 en cas de fracture vert\u00e9brale instable ou de cauda equina. Dans les situations o\u00f9 il n&rsquo;y a pas de preuves concluantes provenant d&rsquo;\u00e9tudes de qualit\u00e9 sur le r\u00f4le du repos au lit dans la gestion des fractures vert\u00e9brales instables ou du syndrome de la cauda equina, il y a un consensus sur le fait que ces cas n\u00e9cessitent un repos au lit ou des limitations d&rsquo;activit\u00e9 significatives pour pr\u00e9venir les \u00e9v\u00e9nements ind\u00e9sirables. M\u00eame si l&rsquo;alitement n&rsquo;a pas de b\u00e9n\u00e9fices prouv\u00e9s, les dangers potentiels de la mobilisation dans ce contexte sont consid\u00e9r\u00e9s comme catastrophiques, ce qui fait de cette approche th\u00e9rapeutique une strat\u00e9gie recommand\u00e9e.<\/p>\n<p>D\u00e9conseill\u00e9 &#8211; Il n&rsquo;est pas recommand\u00e9 pour traiter les douleurs dorsales aigu\u00ebs ou non aigu\u00ebs, les syndromes de douleurs radiculaires (y compris la sciatique) ou d&rsquo;autres probl\u00e8mes li\u00e9s aux douleurs dorsales comme le spondylolisth\u00e9sis, la spondylolyse, la st\u00e9nose spinale, les douleurs li\u00e9es aux facettes ou les douleurs associ\u00e9es \u00e0 l&rsquo;articulation sacro-iliaque. La raison en est qu&rsquo;il n&rsquo;existe pas de donn\u00e9es de qualit\u00e9 prouvant l&rsquo;efficacit\u00e9 de l&rsquo;alitement dans le traitement de ces affections et qu&rsquo;il existe une probabilit\u00e9 d&rsquo;effets ind\u00e9sirables. Bien qu&rsquo;il s&rsquo;agisse d&rsquo;une approche non invasive, le repos au lit ne pr\u00e9sente pas d&rsquo;avantages document\u00e9s et devrait \u00eatre li\u00e9 \u00e0 une morbidit\u00e9 accrue.<\/p>\n<p>&nbsp;<\/p>\n<h2>R\u00e9troaction biologique<\/h2>\n<p>Sugg\u00e9r\u00e9 &#8211; Il est recommand\u00e9 pour certaines personnes souffrant de douleurs dorsales non aigu\u00ebs, dans le cadre d&rsquo;une approche interdisciplinaire globale. Pour des recommandations plus d\u00e9taill\u00e9es, veuillez vous r\u00e9f\u00e9rer aux New York Non-Acute Pain Medical Treatment Guidelines (Lignes directrices pour le traitement m\u00e9dical de la douleur non aigu\u00eb).<\/p>\n<p>D\u00e9conseill\u00e9 &#8211; Il n&rsquo;est pas recommand\u00e9 pour les patients souffrant de douleurs dorsales aigu\u00ebs. Il est sugg\u00e9r\u00e9 que d&rsquo;autres traitements \u00e0 l&rsquo;efficacit\u00e9 prouv\u00e9e, \u00e9tay\u00e9s par des preuves de qualit\u00e9, seraient plus appropri\u00e9s dans de tels cas.<\/p>\n<p>&nbsp;<\/p>\n<h2>Th\u00e9rapies \u00e9lectriques<\/h2>\n<p>Th\u00e9rapie interf\u00e9rentielle &#8211; Elle n&rsquo;est pas recommand\u00e9e pour traiter les douleurs dorsales aigu\u00ebs ou non aigu\u00ebs, les syndromes de douleur radiculaire non aigu\u00ebs ou d&rsquo;autres affections li\u00e9es au dos.<\/p>\n<p>Neurostimulation \u00e9lectrique transcutan\u00e9e (TENS) &#8211; Elle est recommand\u00e9e pour une utilisation sp\u00e9cifique dans le traitement de la lombalgie chronique ou du syndrome de douleur radiculaire chronique, en tant qu&rsquo;adjuvant de deuxi\u00e8me intention aux autres traitements de premi\u00e8re intention. L&rsquo;application et l&rsquo;utilisation correctes doivent \u00eatre enseign\u00e9es au cours d&rsquo;au moins une session de formation. Les indications comprennent le traitement des spasmes musculaires, de l&rsquo;atrophie et le contr\u00f4le de la douleur concomitante en cabinet. Les param\u00e8tres minimaux des unit\u00e9s TENS doivent comprendre la fr\u00e9quence et la largeur des impulsions, ainsi que la modulation de l&rsquo;amplitude. Une am\u00e9lioration fonctionnelle constante et mesurable doit \u00eatre document\u00e9e et la probabilit\u00e9 de chronicit\u00e9 doit \u00eatre d\u00e9termin\u00e9e avant de fournir une unit\u00e9 d&rsquo;habitation. Le traitement TENS doit \u00eatre utilis\u00e9 en conjonction avec une th\u00e9rapie physique active. La fr\u00e9quence est variable, l&rsquo;effet est imm\u00e9diat et la dur\u00e9e optimale est de trois s\u00e9ances. La dur\u00e9e maximale est de trois sessions et, si cela s&rsquo;av\u00e8re efficace, une unit\u00e9 \u00e0 domicile peut \u00eatre achet\u00e9e ou fournie.<\/p>\n<p>Stimulation \u00e9lectrique percutan\u00e9e des nerfs (PENS) &#8211; Non recommand\u00e9e pour les douleurs dorsales aigu\u00ebs ou subaigu\u00ebs ou les syndromes de douleur radiculaire.<\/p>\n<p>Stimulation \u00e9lectrique \u00e0 micro-courant &#8211; Non recommand\u00e9e pour les patients souffrant de douleurs dorsales aigu\u00ebs ou non aigu\u00ebs ou de syndromes de douleurs radiculaires.<\/p>\n<p>Bloc nerveux \u00e9lectrique &#8211; Non recommand\u00e9.<\/p>\n<p>Stimulation \u00e9lectrique (appliqu\u00e9e par un m\u00e9decin ou un th\u00e9rapeute) &#8211; Elle est recommand\u00e9e dans le cadre d&rsquo;un plan de traitement complet. La fr\u00e9quence est de deux \u00e0 trois fois par semaine pendant une dur\u00e9e maximale de deux mois. Cependant, il n&rsquo;est pas conseill\u00e9 d&rsquo;utiliser la stimulation \u00e9lectrique, comme d&rsquo;autres modalit\u00e9s passives, en tant que traitement autonome.<\/p>\n<p>Neurostimulateur transcutan\u00e9 (TCNS) &#8211; Il n&rsquo;est pas recommand\u00e9.<\/p>\n<p>Stimulation par ondes &#8211; Non recommand\u00e9e pour le traitement des douleurs dorsales aigu\u00ebs ou non aigu\u00ebs ou des syndromes de douleur radiculaire.<\/p>\n<p>Galvanique haute tension &#8211; Non recommand\u00e9 pour le traitement des douleurs dorsales aigu\u00ebs ou non aigu\u00ebs, des syndromes de douleur radiculaire ou d&rsquo;autres affections li\u00e9es au dos.<\/p>\n<p>Iontophor\u00e8se &#8211; Non recommand\u00e9e pour le traitement des lombalgies aigu\u00ebs, subaigu\u00ebs ou chroniques, des syndromes de douleur radiculaire ou d&rsquo;autres affections li\u00e9es au dos.<\/p>\n<p>&nbsp;<\/p>\n<h2><\/h2>\n","protected":false},"excerpt":{"rendered":"<p>La commission des accidents du travail de l&rsquo;\u00c9tat de New York fournit des principes g\u00e9n\u00e9raux pour guider les professionnels de la sant\u00e9 dans la r\u00e9alisation d&rsquo;\u00e9tudes diagnostiques. Ces directives ont pour but d&rsquo;aider les professionnels de la sant\u00e9 \u00e0 d\u00e9terminer les approches diagnostiques appropri\u00e9es dans le cadre d&rsquo;une \u00e9valuation approfondie. Les professionnels sp\u00e9cialis\u00e9s dans les [&hellip;]<\/p>\n","protected":false},"author":33,"featured_media":0,"parent":22319,"menu_order":0,"comment_status":"closed","ping_status":"closed","template":"","meta":{"_et_pb_use_builder":"","_et_pb_old_content":"","_et_gb_content_width":"","footnotes":""},"class_list":["post-22193","page","type-page","status-publish","hentry"],"yoast_head":"<!-- This site is optimized with the Yoast SEO plugin v27.2 - https:\/\/yoast.com\/product\/yoast-seo-wordpress\/ -->\n<title>Directives m\u00e9dicales de l&#039;\u00c9tat de New York pour les proc\u00e9dures th\u00e9rapeutiques : Non-op\u00e9ratoires chez les patients b\u00e9n\u00e9ficiant d&#039;une indemnisation pour accident du travail | Best Hip &amp; Knee Surgeon | NY, USA<\/title>\n<meta name=\"description\" content=\"La commission des accidents du travail de l&#039;\u00c9tat de New York fournit des principes g\u00e9n\u00e9raux pour guider les professionnels de la sant\u00e9 dans la r\u00e9alisation\" \/>\n<meta name=\"robots\" content=\"index, follow, max-snippet:-1, max-image-preview:large, max-video-preview:-1\" \/>\n<link rel=\"canonical\" href=\"https:\/\/www.newyorkhipknee.com\/fr\/indemnisation-des-travailleurs\/lignes-directrices-pour-les-traitements-medicaux-mtg\/lesions-lombaires-et-medianes\/procedures-therapeutiques-non-operatoires\/\" \/>\n<meta property=\"og:locale\" content=\"fr_FR\" \/>\n<meta property=\"og:type\" content=\"article\" \/>\n<meta property=\"og:title\" content=\"Directives m\u00e9dicales de l&#039;\u00c9tat de New York pour les proc\u00e9dures th\u00e9rapeutiques : Non-op\u00e9ratoires chez les patients b\u00e9n\u00e9ficiant d&#039;une indemnisation pour accident du travail | Best Hip &amp; Knee Surgeon | NY, USA\" \/>\n<meta property=\"og:description\" content=\"La commission des accidents du travail de l&#039;\u00c9tat de New York fournit des principes g\u00e9n\u00e9raux pour guider les professionnels de la sant\u00e9 dans la r\u00e9alisation\" \/>\n<meta property=\"og:url\" content=\"https:\/\/www.newyorkhipknee.com\/fr\/indemnisation-des-travailleurs\/lignes-directrices-pour-les-traitements-medicaux-mtg\/lesions-lombaires-et-medianes\/procedures-therapeutiques-non-operatoires\/\" \/>\n<meta property=\"og:site_name\" content=\"Best Hip &amp; Knee Surgeon | NY, USA\" \/>\n<meta property=\"article:modified_time\" content=\"2024-01-30T16:54:17+00:00\" \/>\n<meta name=\"twitter:card\" content=\"summary_large_image\" \/>\n<meta name=\"twitter:label1\" content=\"Dur\u00e9e de lecture estim\u00e9e\" \/>\n\t<meta name=\"twitter:data1\" content=\"9 minutes\" \/>\n<script type=\"application\/ld+json\" class=\"yoast-schema-graph\">{\"@context\":\"https:\/\/schema.org\",\"@graph\":[{\"@type\":[\"WebPage\",\"MedicalWebPage\"],\"@id\":\"https:\/\/www.newyorkhipknee.com\/fr\/indemnisation-des-travailleurs\/lignes-directrices-pour-les-traitements-medicaux-mtg\/lesions-lombaires-et-medianes\/procedures-therapeutiques-non-operatoires\/\",\"url\":\"https:\/\/www.newyorkhipknee.com\/fr\/indemnisation-des-travailleurs\/lignes-directrices-pour-les-traitements-medicaux-mtg\/lesions-lombaires-et-medianes\/procedures-therapeutiques-non-operatoires\/\",\"name\":\"Directives m\u00e9dicales de l'\u00c9tat de New York pour les proc\u00e9dures th\u00e9rapeutiques : Non-op\u00e9ratoires chez les patients b\u00e9n\u00e9ficiant d'une indemnisation pour accident du travail | Best Hip &amp; Knee Surgeon | NY, USA\",\"isPartOf\":{\"@id\":\"https:\/\/www.newyorkhipknee.com\/fr\/#website\"},\"datePublished\":\"2024-01-02T21:01:45+00:00\",\"dateModified\":\"2024-01-30T16:54:17+00:00\",\"description\":\"La commission des accidents du travail de l'\u00c9tat de New York fournit des principes g\u00e9n\u00e9raux pour guider les professionnels de la sant\u00e9 dans la r\u00e9alisation\",\"breadcrumb\":{\"@id\":\"https:\/\/www.newyorkhipknee.com\/fr\/indemnisation-des-travailleurs\/lignes-directrices-pour-les-traitements-medicaux-mtg\/lesions-lombaires-et-medianes\/procedures-therapeutiques-non-operatoires\/#breadcrumb\"},\"inLanguage\":\"fr-FR\",\"potentialAction\":[{\"@type\":\"ReadAction\",\"target\":[\"https:\/\/www.newyorkhipknee.com\/fr\/indemnisation-des-travailleurs\/lignes-directrices-pour-les-traitements-medicaux-mtg\/lesions-lombaires-et-medianes\/procedures-therapeutiques-non-operatoires\/\"]}]},{\"@type\":\"BreadcrumbList\",\"@id\":\"https:\/\/www.newyorkhipknee.com\/fr\/indemnisation-des-travailleurs\/lignes-directrices-pour-les-traitements-medicaux-mtg\/lesions-lombaires-et-medianes\/procedures-therapeutiques-non-operatoires\/#breadcrumb\",\"itemListElement\":[{\"@type\":\"ListItem\",\"position\":1,\"name\":\"Home\",\"item\":\"https:\/\/www.newyorkhipknee.com\/fr\/\"},{\"@type\":\"ListItem\",\"position\":2,\"name\":\"Indemnisation des travailleurs\",\"item\":\"https:\/\/www.newyorkhipknee.com\/fr\/indemnisation-des-travailleurs\/\"},{\"@type\":\"ListItem\",\"position\":3,\"name\":\"Lignes directrices pour les traitements m\u00e9dicaux (MTG)\",\"item\":\"https:\/\/www.newyorkhipknee.com\/fr\/indemnisation-des-travailleurs\/lignes-directrices-pour-les-traitements-medicaux-mtg\/\"},{\"@type\":\"ListItem\",\"position\":4,\"name\":\"Directives de traitement m\u00e9dical de l&rsquo;\u00c9tat de New York pour les l\u00e9sions lombaires et m\u00e9dianes chez les travailleurs indemnis\u00e9s\",\"item\":\"https:\/\/www.newyorkhipknee.com\/fr\/indemnisation-des-travailleurs\/lignes-directrices-pour-les-traitements-medicaux-mtg\/lesions-lombaires-et-medianes\/\"},{\"@type\":\"ListItem\",\"position\":5,\"name\":\"Directives m\u00e9dicales de l&rsquo;\u00c9tat de New York pour les proc\u00e9dures th\u00e9rapeutiques : Non-op\u00e9ratoires chez les patients b\u00e9n\u00e9ficiant d&rsquo;une indemnisation pour accident du travail\"}]},{\"@type\":\"WebSite\",\"@id\":\"https:\/\/www.newyorkhipknee.com\/fr\/#website\",\"url\":\"https:\/\/www.newyorkhipknee.com\/fr\/\",\"name\":\"Best Hip & Knee Surgeon | NY, USA\",\"description\":\"\",\"potentialAction\":[{\"@type\":\"SearchAction\",\"target\":{\"@type\":\"EntryPoint\",\"urlTemplate\":\"https:\/\/www.newyorkhipknee.com\/fr\/?s={search_term_string}\"},\"query-input\":{\"@type\":\"PropertyValueSpecification\",\"valueRequired\":true,\"valueName\":\"search_term_string\"}}],\"inLanguage\":\"fr-FR\"}]}<\/script>\n<!-- \/ Yoast SEO plugin. -->","yoast_head_json":{"title":"Directives m\u00e9dicales de l'\u00c9tat de New York pour les proc\u00e9dures th\u00e9rapeutiques : Non-op\u00e9ratoires chez les patients b\u00e9n\u00e9ficiant d'une indemnisation pour accident du travail | Best Hip &amp; Knee Surgeon | NY, USA","description":"La commission des accidents du travail de l'\u00c9tat de New York fournit des principes g\u00e9n\u00e9raux pour guider les professionnels de la sant\u00e9 dans la r\u00e9alisation","robots":{"index":"index","follow":"follow","max-snippet":"max-snippet:-1","max-image-preview":"max-image-preview:large","max-video-preview":"max-video-preview:-1"},"canonical":"https:\/\/www.newyorkhipknee.com\/fr\/indemnisation-des-travailleurs\/lignes-directrices-pour-les-traitements-medicaux-mtg\/lesions-lombaires-et-medianes\/procedures-therapeutiques-non-operatoires\/","og_locale":"fr_FR","og_type":"article","og_title":"Directives m\u00e9dicales de l'\u00c9tat de New York pour les proc\u00e9dures th\u00e9rapeutiques : Non-op\u00e9ratoires chez les patients b\u00e9n\u00e9ficiant d'une indemnisation pour accident du travail | Best Hip &amp; Knee Surgeon | NY, USA","og_description":"La commission des accidents du travail de l'\u00c9tat de New York fournit des principes g\u00e9n\u00e9raux pour guider les professionnels de la sant\u00e9 dans la r\u00e9alisation","og_url":"https:\/\/www.newyorkhipknee.com\/fr\/indemnisation-des-travailleurs\/lignes-directrices-pour-les-traitements-medicaux-mtg\/lesions-lombaires-et-medianes\/procedures-therapeutiques-non-operatoires\/","og_site_name":"Best Hip &amp; Knee Surgeon | NY, USA","article_modified_time":"2024-01-30T16:54:17+00:00","twitter_card":"summary_large_image","twitter_misc":{"Dur\u00e9e de lecture estim\u00e9e":"9 minutes"},"schema":{"@context":"https:\/\/schema.org","@graph":[{"@type":["WebPage","MedicalWebPage"],"@id":"https:\/\/www.newyorkhipknee.com\/fr\/indemnisation-des-travailleurs\/lignes-directrices-pour-les-traitements-medicaux-mtg\/lesions-lombaires-et-medianes\/procedures-therapeutiques-non-operatoires\/","url":"https:\/\/www.newyorkhipknee.com\/fr\/indemnisation-des-travailleurs\/lignes-directrices-pour-les-traitements-medicaux-mtg\/lesions-lombaires-et-medianes\/procedures-therapeutiques-non-operatoires\/","name":"Directives m\u00e9dicales de l'\u00c9tat de New York pour les proc\u00e9dures th\u00e9rapeutiques : Non-op\u00e9ratoires chez les patients b\u00e9n\u00e9ficiant d'une indemnisation pour accident du travail | Best Hip &amp; Knee Surgeon | NY, USA","isPartOf":{"@id":"https:\/\/www.newyorkhipknee.com\/fr\/#website"},"datePublished":"2024-01-02T21:01:45+00:00","dateModified":"2024-01-30T16:54:17+00:00","description":"La commission des accidents du travail de l'\u00c9tat de New York fournit des principes g\u00e9n\u00e9raux pour guider les professionnels de la sant\u00e9 dans la r\u00e9alisation","breadcrumb":{"@id":"https:\/\/www.newyorkhipknee.com\/fr\/indemnisation-des-travailleurs\/lignes-directrices-pour-les-traitements-medicaux-mtg\/lesions-lombaires-et-medianes\/procedures-therapeutiques-non-operatoires\/#breadcrumb"},"inLanguage":"fr-FR","potentialAction":[{"@type":"ReadAction","target":["https:\/\/www.newyorkhipknee.com\/fr\/indemnisation-des-travailleurs\/lignes-directrices-pour-les-traitements-medicaux-mtg\/lesions-lombaires-et-medianes\/procedures-therapeutiques-non-operatoires\/"]}]},{"@type":"BreadcrumbList","@id":"https:\/\/www.newyorkhipknee.com\/fr\/indemnisation-des-travailleurs\/lignes-directrices-pour-les-traitements-medicaux-mtg\/lesions-lombaires-et-medianes\/procedures-therapeutiques-non-operatoires\/#breadcrumb","itemListElement":[{"@type":"ListItem","position":1,"name":"Home","item":"https:\/\/www.newyorkhipknee.com\/fr\/"},{"@type":"ListItem","position":2,"name":"Indemnisation des travailleurs","item":"https:\/\/www.newyorkhipknee.com\/fr\/indemnisation-des-travailleurs\/"},{"@type":"ListItem","position":3,"name":"Lignes directrices pour les traitements m\u00e9dicaux (MTG)","item":"https:\/\/www.newyorkhipknee.com\/fr\/indemnisation-des-travailleurs\/lignes-directrices-pour-les-traitements-medicaux-mtg\/"},{"@type":"ListItem","position":4,"name":"Directives de traitement m\u00e9dical de l&rsquo;\u00c9tat de New York pour les l\u00e9sions lombaires et m\u00e9dianes chez les travailleurs indemnis\u00e9s","item":"https:\/\/www.newyorkhipknee.com\/fr\/indemnisation-des-travailleurs\/lignes-directrices-pour-les-traitements-medicaux-mtg\/lesions-lombaires-et-medianes\/"},{"@type":"ListItem","position":5,"name":"Directives m\u00e9dicales de l&rsquo;\u00c9tat de New York pour les proc\u00e9dures th\u00e9rapeutiques : Non-op\u00e9ratoires chez les patients b\u00e9n\u00e9ficiant d&rsquo;une indemnisation pour accident du travail"}]},{"@type":"WebSite","@id":"https:\/\/www.newyorkhipknee.com\/fr\/#website","url":"https:\/\/www.newyorkhipknee.com\/fr\/","name":"Best Hip & Knee Surgeon | NY, USA","description":"","potentialAction":[{"@type":"SearchAction","target":{"@type":"EntryPoint","urlTemplate":"https:\/\/www.newyorkhipknee.com\/fr\/?s={search_term_string}"},"query-input":{"@type":"PropertyValueSpecification","valueRequired":true,"valueName":"search_term_string"}}],"inLanguage":"fr-FR"}]}},"_links":{"self":[{"href":"https:\/\/www.newyorkhipknee.com\/fr\/wp-json\/wp\/v2\/pages\/22193","targetHints":{"allow":["GET"]}}],"collection":[{"href":"https:\/\/www.newyorkhipknee.com\/fr\/wp-json\/wp\/v2\/pages"}],"about":[{"href":"https:\/\/www.newyorkhipknee.com\/fr\/wp-json\/wp\/v2\/types\/page"}],"author":[{"embeddable":true,"href":"https:\/\/www.newyorkhipknee.com\/fr\/wp-json\/wp\/v2\/users\/33"}],"replies":[{"embeddable":true,"href":"https:\/\/www.newyorkhipknee.com\/fr\/wp-json\/wp\/v2\/comments?post=22193"}],"version-history":[{"count":0,"href":"https:\/\/www.newyorkhipknee.com\/fr\/wp-json\/wp\/v2\/pages\/22193\/revisions"}],"up":[{"embeddable":true,"href":"https:\/\/www.newyorkhipknee.com\/fr\/wp-json\/wp\/v2\/pages\/22319"}],"wp:attachment":[{"href":"https:\/\/www.newyorkhipknee.com\/fr\/wp-json\/wp\/v2\/media?parent=22193"}],"curies":[{"name":"wp","href":"https:\/\/api.w.org\/{rel}","templated":true}]}}