{"id":22221,"date":"2024-01-15T14:46:14","date_gmt":"2024-01-15T19:46:14","guid":{"rendered":"https:\/\/newyorkhipknee.com\/prevention-et-controle-de-lexposition\/"},"modified":"2024-01-30T11:20:10","modified_gmt":"2024-01-30T16:20:10","slug":"prevention-et-controle-de-lexposition","status":"publish","type":"page","link":"https:\/\/www.newyorkhipknee.com\/fr\/indemnisation-des-travailleurs\/lignes-directrices-pour-les-traitements-medicaux-mtg\/asthme-lie-au-travail\/prevention-et-controle-de-lexposition\/","title":{"rendered":"Directives de traitement m\u00e9dical de l&rsquo;\u00c9tat de New York pour la pr\u00e9vention et le contr\u00f4le de l&rsquo;exposition \u00e0 l&rsquo;asthme chez les travailleurs indemnis\u00e9s"},"content":{"rendered":"<p>Les lignes directrices \u00e9tablies par la commission des accidents du travail de l&rsquo;\u00c9tat de New York sont con\u00e7ues pour aider les professionnels de la sant\u00e9 \u00e0 mettre en \u0153uvre des mesures efficaces de pr\u00e9vention et de contr\u00f4le de l&rsquo;exposition \u00e0 l&rsquo;asthme.<\/p>\n<p>\u00c9labor\u00e9es \u00e0 l&rsquo;intention des m\u00e9decins, ces lignes directrices de la Commission des accidents du travail aident \u00e0 d\u00e9terminer les mesures pr\u00e9ventives et les strat\u00e9gies de contr\u00f4le de l&rsquo;exposition appropri\u00e9es pour les personnes souffrant d&rsquo;asthme.<\/p>\n<p>Il est essentiel de noter que ces lignes directrices ne remplacent pas le jugement clinique ou l&rsquo;exp\u00e9rience professionnelle. La d\u00e9cision finale concernant la pr\u00e9vention et le contr\u00f4le de l&rsquo;exposition \u00e0 l&rsquo;asthme doit \u00eatre prise en collaboration avec le patient et son prestataire de soins de sant\u00e9.<\/p>\n<h3><\/h3>\n<h3>Pr\u00e9vention et gestion de l&rsquo;exposition<\/h3>\n<p><strong>1. Contr\u00f4le holistique de l&rsquo;exposition :<\/strong><\/p>\n<ul>\n<li>La gestion de l&rsquo;exposition sur le lieu de travail passe par l&rsquo;\u00e9limination, la substitution, les contr\u00f4les techniques, les contr\u00f4les administratifs et les \u00e9quipements de protection individuelle (EPI).<\/li>\n<\/ul>\n<p><strong>2. Strat\u00e9gies optimales &#8211; \u00c9limination et substitution :<\/strong><\/p>\n<ul>\n<li>Les strat\u00e9gies les plus efficaces pour \u00e9liminer l&rsquo;exposition consistent \u00e0 supprimer compl\u00e8tement l&rsquo;agent ou \u00e0 le remplacer enti\u00e8rement.<\/li>\n<\/ul>\n<p><strong>3. Contr\u00f4les techniques en cas de non-implication des employ\u00e9s :<\/strong><\/p>\n<ul>\n<li>Les contr\u00f4les techniques se concentrent sur l&rsquo;\u00e9limination de l&rsquo;exposition potentielle sans n\u00e9cessiter la participation des employ\u00e9s.<\/li>\n<\/ul>\n<p><strong>4. Contr\u00f4les administratifs &#8211; Minimiser l&rsquo;exposition :<\/strong><\/p>\n<ul>\n<li>Les contr\u00f4les administratifs, comme les pratiques de travail, englobent les processus con\u00e7us pour minimiser l&rsquo;exposition.<\/li>\n<\/ul>\n<p><strong>5. R\u00f4le des \u00e9quipements de protection individuelle (EPI) :<\/strong><\/p>\n<ul>\n<li>Les EPI reposent sur l&rsquo;utilisation des employ\u00e9s pour r\u00e9duire l&rsquo;exposition.<\/li>\n<\/ul>\n<p><strong>6. Composantes \u00e9ducatives de la pr\u00e9vention :<\/strong><\/p>\n<ul>\n<li>Les strat\u00e9gies de pr\u00e9vention doivent int\u00e9grer des \u00e9l\u00e9ments \u00e9ducatifs concernant le risque de troubles de la sensibilisation, l&rsquo;importance des mesures de contr\u00f4le de l&rsquo;exposition, les signes d&rsquo;asthme li\u00e9 au travail et les mesures appropri\u00e9es \u00e0 prendre si les sympt\u00f4mes de l&rsquo;asthme se manifestent en raison d&rsquo;une exposition professionnelle.<\/li>\n<\/ul>\n<p><strong>7. Efficacit\u00e9 des EPI par rapport \u00e0 l&rsquo;\u00e9limination \u00e0 la source :<\/strong><\/p>\n<ul>\n<li>L&rsquo;utilisation d&rsquo;EPI, en particulier de respirateurs, est consid\u00e9r\u00e9e comme moins efficace que l&rsquo;\u00e9limination ou la r\u00e9duction des expositions \u00e0 la source ou dans l&rsquo;environnement.<\/li>\n<\/ul>\n<p><strong>8. Engagement continu en faveur de la protection respiratoire :<\/strong><\/p>\n<ul>\n<li>Une protection respiratoire individuelle efficace n\u00e9cessite un engagement continu de la part des employeurs et des employ\u00e9s. Cela comprend la s\u00e9lection de l&rsquo;\u00e9quipement, le nettoyage, l&rsquo;entretien, le stockage, la formation, les essais d&rsquo;ajustement et le suivi m\u00e9dical des utilisateurs.<\/li>\n<\/ul>\n<p><strong>9. Respirateurs en tant que mesures provisoires :<\/strong><\/p>\n<ul>\n<li>Les respirateurs sont surtout utiles en tant que mesures provisoires pendant la mise en \u0153uvre d&rsquo;efforts visant \u00e0 contr\u00f4ler les expositions \u00e0 la source ou dans l&rsquo;environnement. Ils sont \u00e9galement utilis\u00e9s lorsque les contr\u00f4les \u00e0 ces autres niveaux ne sont pas pratiques.<\/li>\n<\/ul>\n<p><strong>10. Utilisation synergique des respirateurs :<\/strong><\/p>\n<ul>\n<li>Les respirateurs sont souvent utilis\u00e9s en conjonction avec d&rsquo;autres activit\u00e9s de contr\u00f4le \u00e0 la source et\/ou dans l&rsquo;environnement.<\/li>\n<\/ul>\n<p>&nbsp;<\/p>\n<div class=\"textwidget\">\n<p>&nbsp;<\/p>\n<\/div>\n","protected":false},"excerpt":{"rendered":"<p>Les lignes directrices \u00e9tablies par la commission des accidents du travail de l&rsquo;\u00c9tat de New York sont con\u00e7ues pour aider les professionnels de la sant\u00e9 \u00e0 mettre en \u0153uvre des mesures efficaces de pr\u00e9vention et de contr\u00f4le de l&rsquo;exposition \u00e0 l&rsquo;asthme. \u00c9labor\u00e9es \u00e0 l&rsquo;intention des m\u00e9decins, ces lignes directrices de la Commission des accidents du [&hellip;]<\/p>\n","protected":false},"author":33,"featured_media":0,"parent":22364,"menu_order":0,"comment_status":"closed","ping_status":"closed","template":"","meta":{"_et_pb_use_builder":"","_et_pb_old_content":"","_et_gb_content_width":"","footnotes":""},"class_list":["post-22221","page","type-page","status-publish","hentry"],"yoast_head":"<!-- This site is optimized with the Yoast SEO plugin v27.2 - https:\/\/yoast.com\/product\/yoast-seo-wordpress\/ -->\n<title>Directives de traitement m\u00e9dical de l&#039;\u00c9tat de New York pour la pr\u00e9vention et le contr\u00f4le de l&#039;exposition \u00e0 l&#039;asthme chez les travailleurs indemnis\u00e9s | Best Hip &amp; Knee Surgeon | NY, USA<\/title>\n<meta name=\"description\" content=\"Les lignes directrices \u00e9tablies par la commission des accidents du travail de l&#039;\u00c9tat de New York sont con\u00e7ues pour aider les professionnels de la sant\u00e9 \u00e0\" \/>\n<meta name=\"robots\" content=\"index, follow, max-snippet:-1, max-image-preview:large, max-video-preview:-1\" \/>\n<link rel=\"canonical\" href=\"https:\/\/www.newyorkhipknee.com\/fr\/indemnisation-des-travailleurs\/lignes-directrices-pour-les-traitements-medicaux-mtg\/asthme-lie-au-travail\/prevention-et-controle-de-lexposition\/\" \/>\n<meta property=\"og:locale\" content=\"fr_FR\" \/>\n<meta property=\"og:type\" content=\"article\" \/>\n<meta property=\"og:title\" content=\"Directives de traitement m\u00e9dical de l&#039;\u00c9tat de New York pour la pr\u00e9vention et le contr\u00f4le de l&#039;exposition \u00e0 l&#039;asthme chez les travailleurs indemnis\u00e9s | Best Hip &amp; Knee Surgeon | NY, USA\" \/>\n<meta property=\"og:description\" content=\"Les lignes directrices \u00e9tablies par la commission des accidents du travail de l&#039;\u00c9tat de New York sont con\u00e7ues pour aider les professionnels de la sant\u00e9 \u00e0\" \/>\n<meta property=\"og:url\" content=\"https:\/\/www.newyorkhipknee.com\/fr\/indemnisation-des-travailleurs\/lignes-directrices-pour-les-traitements-medicaux-mtg\/asthme-lie-au-travail\/prevention-et-controle-de-lexposition\/\" \/>\n<meta property=\"og:site_name\" content=\"Best Hip &amp; Knee Surgeon | NY, USA\" \/>\n<meta property=\"article:modified_time\" content=\"2024-01-30T16:20:10+00:00\" \/>\n<meta name=\"twitter:card\" content=\"summary_large_image\" \/>\n<meta name=\"twitter:label1\" content=\"Dur\u00e9e de lecture estim\u00e9e\" \/>\n\t<meta name=\"twitter:data1\" content=\"2 minutes\" \/>\n<script type=\"application\/ld+json\" class=\"yoast-schema-graph\">{\"@context\":\"https:\/\/schema.org\",\"@graph\":[{\"@type\":[\"WebPage\",\"MedicalWebPage\"],\"@id\":\"https:\/\/www.newyorkhipknee.com\/fr\/indemnisation-des-travailleurs\/lignes-directrices-pour-les-traitements-medicaux-mtg\/asthme-lie-au-travail\/prevention-et-controle-de-lexposition\/\",\"url\":\"https:\/\/www.newyorkhipknee.com\/fr\/indemnisation-des-travailleurs\/lignes-directrices-pour-les-traitements-medicaux-mtg\/asthme-lie-au-travail\/prevention-et-controle-de-lexposition\/\",\"name\":\"Directives de traitement m\u00e9dical de l'\u00c9tat de New York pour la pr\u00e9vention et le contr\u00f4le de l'exposition \u00e0 l'asthme chez les travailleurs indemnis\u00e9s | Best Hip &amp; Knee Surgeon | NY, USA\",\"isPartOf\":{\"@id\":\"https:\/\/www.newyorkhipknee.com\/fr\/#website\"},\"datePublished\":\"2024-01-15T19:46:14+00:00\",\"dateModified\":\"2024-01-30T16:20:10+00:00\",\"description\":\"Les lignes directrices \u00e9tablies par la commission des accidents du travail de l'\u00c9tat de New York sont con\u00e7ues pour aider les professionnels de la sant\u00e9 \u00e0\",\"breadcrumb\":{\"@id\":\"https:\/\/www.newyorkhipknee.com\/fr\/indemnisation-des-travailleurs\/lignes-directrices-pour-les-traitements-medicaux-mtg\/asthme-lie-au-travail\/prevention-et-controle-de-lexposition\/#breadcrumb\"},\"inLanguage\":\"fr-FR\",\"potentialAction\":[{\"@type\":\"ReadAction\",\"target\":[\"https:\/\/www.newyorkhipknee.com\/fr\/indemnisation-des-travailleurs\/lignes-directrices-pour-les-traitements-medicaux-mtg\/asthme-lie-au-travail\/prevention-et-controle-de-lexposition\/\"]}]},{\"@type\":\"BreadcrumbList\",\"@id\":\"https:\/\/www.newyorkhipknee.com\/fr\/indemnisation-des-travailleurs\/lignes-directrices-pour-les-traitements-medicaux-mtg\/asthme-lie-au-travail\/prevention-et-controle-de-lexposition\/#breadcrumb\",\"itemListElement\":[{\"@type\":\"ListItem\",\"position\":1,\"name\":\"Home\",\"item\":\"https:\/\/www.newyorkhipknee.com\/fr\/\"},{\"@type\":\"ListItem\",\"position\":2,\"name\":\"Indemnisation des travailleurs\",\"item\":\"https:\/\/www.newyorkhipknee.com\/fr\/indemnisation-des-travailleurs\/\"},{\"@type\":\"ListItem\",\"position\":3,\"name\":\"Lignes directrices pour les traitements m\u00e9dicaux (MTG)\",\"item\":\"https:\/\/www.newyorkhipknee.com\/fr\/indemnisation-des-travailleurs\/lignes-directrices-pour-les-traitements-medicaux-mtg\/\"},{\"@type\":\"ListItem\",\"position\":4,\"name\":\"Directives de l&rsquo;\u00c9tat de New York pour le traitement m\u00e9dical de l&rsquo;asthme d&rsquo;origine professionnelle chez les travailleurs indemnis\u00e9s\",\"item\":\"https:\/\/www.newyorkhipknee.com\/fr\/indemnisation-des-travailleurs\/lignes-directrices-pour-les-traitements-medicaux-mtg\/asthme-lie-au-travail\/\"},{\"@type\":\"ListItem\",\"position\":5,\"name\":\"Directives de traitement m\u00e9dical de l&rsquo;\u00c9tat de New York pour la pr\u00e9vention et le contr\u00f4le de l&rsquo;exposition \u00e0 l&rsquo;asthme chez les travailleurs indemnis\u00e9s\"}]},{\"@type\":\"WebSite\",\"@id\":\"https:\/\/www.newyorkhipknee.com\/fr\/#website\",\"url\":\"https:\/\/www.newyorkhipknee.com\/fr\/\",\"name\":\"Best Hip & Knee Surgeon | NY, USA\",\"description\":\"\",\"potentialAction\":[{\"@type\":\"SearchAction\",\"target\":{\"@type\":\"EntryPoint\",\"urlTemplate\":\"https:\/\/www.newyorkhipknee.com\/fr\/?s={search_term_string}\"},\"query-input\":{\"@type\":\"PropertyValueSpecification\",\"valueRequired\":true,\"valueName\":\"search_term_string\"}}],\"inLanguage\":\"fr-FR\"}]}<\/script>\n<!-- \/ Yoast SEO plugin. -->","yoast_head_json":{"title":"Directives de traitement m\u00e9dical de l'\u00c9tat de New York pour la pr\u00e9vention et le contr\u00f4le de l'exposition \u00e0 l'asthme chez les travailleurs indemnis\u00e9s | Best Hip &amp; Knee Surgeon | NY, USA","description":"Les lignes directrices \u00e9tablies par la commission des accidents du travail de l'\u00c9tat de New York sont con\u00e7ues pour aider les professionnels de la sant\u00e9 \u00e0","robots":{"index":"index","follow":"follow","max-snippet":"max-snippet:-1","max-image-preview":"max-image-preview:large","max-video-preview":"max-video-preview:-1"},"canonical":"https:\/\/www.newyorkhipknee.com\/fr\/indemnisation-des-travailleurs\/lignes-directrices-pour-les-traitements-medicaux-mtg\/asthme-lie-au-travail\/prevention-et-controle-de-lexposition\/","og_locale":"fr_FR","og_type":"article","og_title":"Directives de traitement m\u00e9dical de l'\u00c9tat de New York pour la pr\u00e9vention et le contr\u00f4le de l'exposition \u00e0 l'asthme chez les travailleurs indemnis\u00e9s | Best Hip &amp; Knee Surgeon | NY, USA","og_description":"Les lignes directrices \u00e9tablies par la commission des accidents du travail de l'\u00c9tat de New York sont con\u00e7ues pour aider les professionnels de la sant\u00e9 \u00e0","og_url":"https:\/\/www.newyorkhipknee.com\/fr\/indemnisation-des-travailleurs\/lignes-directrices-pour-les-traitements-medicaux-mtg\/asthme-lie-au-travail\/prevention-et-controle-de-lexposition\/","og_site_name":"Best Hip &amp; Knee Surgeon | NY, USA","article_modified_time":"2024-01-30T16:20:10+00:00","twitter_card":"summary_large_image","twitter_misc":{"Dur\u00e9e de lecture estim\u00e9e":"2 minutes"},"schema":{"@context":"https:\/\/schema.org","@graph":[{"@type":["WebPage","MedicalWebPage"],"@id":"https:\/\/www.newyorkhipknee.com\/fr\/indemnisation-des-travailleurs\/lignes-directrices-pour-les-traitements-medicaux-mtg\/asthme-lie-au-travail\/prevention-et-controle-de-lexposition\/","url":"https:\/\/www.newyorkhipknee.com\/fr\/indemnisation-des-travailleurs\/lignes-directrices-pour-les-traitements-medicaux-mtg\/asthme-lie-au-travail\/prevention-et-controle-de-lexposition\/","name":"Directives de traitement m\u00e9dical de l'\u00c9tat de New York pour la pr\u00e9vention et le contr\u00f4le de l'exposition \u00e0 l'asthme chez les travailleurs indemnis\u00e9s | Best Hip &amp; Knee Surgeon | NY, USA","isPartOf":{"@id":"https:\/\/www.newyorkhipknee.com\/fr\/#website"},"datePublished":"2024-01-15T19:46:14+00:00","dateModified":"2024-01-30T16:20:10+00:00","description":"Les lignes directrices \u00e9tablies par la commission des accidents du travail de l'\u00c9tat de New York sont con\u00e7ues pour aider les professionnels de la sant\u00e9 \u00e0","breadcrumb":{"@id":"https:\/\/www.newyorkhipknee.com\/fr\/indemnisation-des-travailleurs\/lignes-directrices-pour-les-traitements-medicaux-mtg\/asthme-lie-au-travail\/prevention-et-controle-de-lexposition\/#breadcrumb"},"inLanguage":"fr-FR","potentialAction":[{"@type":"ReadAction","target":["https:\/\/www.newyorkhipknee.com\/fr\/indemnisation-des-travailleurs\/lignes-directrices-pour-les-traitements-medicaux-mtg\/asthme-lie-au-travail\/prevention-et-controle-de-lexposition\/"]}]},{"@type":"BreadcrumbList","@id":"https:\/\/www.newyorkhipknee.com\/fr\/indemnisation-des-travailleurs\/lignes-directrices-pour-les-traitements-medicaux-mtg\/asthme-lie-au-travail\/prevention-et-controle-de-lexposition\/#breadcrumb","itemListElement":[{"@type":"ListItem","position":1,"name":"Home","item":"https:\/\/www.newyorkhipknee.com\/fr\/"},{"@type":"ListItem","position":2,"name":"Indemnisation des travailleurs","item":"https:\/\/www.newyorkhipknee.com\/fr\/indemnisation-des-travailleurs\/"},{"@type":"ListItem","position":3,"name":"Lignes directrices pour les traitements m\u00e9dicaux (MTG)","item":"https:\/\/www.newyorkhipknee.com\/fr\/indemnisation-des-travailleurs\/lignes-directrices-pour-les-traitements-medicaux-mtg\/"},{"@type":"ListItem","position":4,"name":"Directives de l&rsquo;\u00c9tat de New York pour le traitement m\u00e9dical de l&rsquo;asthme d&rsquo;origine professionnelle chez les travailleurs indemnis\u00e9s","item":"https:\/\/www.newyorkhipknee.com\/fr\/indemnisation-des-travailleurs\/lignes-directrices-pour-les-traitements-medicaux-mtg\/asthme-lie-au-travail\/"},{"@type":"ListItem","position":5,"name":"Directives de traitement m\u00e9dical de l&rsquo;\u00c9tat de New York pour la pr\u00e9vention et le contr\u00f4le de l&rsquo;exposition \u00e0 l&rsquo;asthme chez les travailleurs indemnis\u00e9s"}]},{"@type":"WebSite","@id":"https:\/\/www.newyorkhipknee.com\/fr\/#website","url":"https:\/\/www.newyorkhipknee.com\/fr\/","name":"Best Hip & Knee Surgeon | NY, USA","description":"","potentialAction":[{"@type":"SearchAction","target":{"@type":"EntryPoint","urlTemplate":"https:\/\/www.newyorkhipknee.com\/fr\/?s={search_term_string}"},"query-input":{"@type":"PropertyValueSpecification","valueRequired":true,"valueName":"search_term_string"}}],"inLanguage":"fr-FR"}]}},"_links":{"self":[{"href":"https:\/\/www.newyorkhipknee.com\/fr\/wp-json\/wp\/v2\/pages\/22221","targetHints":{"allow":["GET"]}}],"collection":[{"href":"https:\/\/www.newyorkhipknee.com\/fr\/wp-json\/wp\/v2\/pages"}],"about":[{"href":"https:\/\/www.newyorkhipknee.com\/fr\/wp-json\/wp\/v2\/types\/page"}],"author":[{"embeddable":true,"href":"https:\/\/www.newyorkhipknee.com\/fr\/wp-json\/wp\/v2\/users\/33"}],"replies":[{"embeddable":true,"href":"https:\/\/www.newyorkhipknee.com\/fr\/wp-json\/wp\/v2\/comments?post=22221"}],"version-history":[{"count":0,"href":"https:\/\/www.newyorkhipknee.com\/fr\/wp-json\/wp\/v2\/pages\/22221\/revisions"}],"up":[{"embeddable":true,"href":"https:\/\/www.newyorkhipknee.com\/fr\/wp-json\/wp\/v2\/pages\/22364"}],"wp:attachment":[{"href":"https:\/\/www.newyorkhipknee.com\/fr\/wp-json\/wp\/v2\/media?parent=22221"}],"curies":[{"name":"wp","href":"https:\/\/api.w.org\/{rel}","templated":true}]}}