{"id":22223,"date":"2024-01-15T13:53:35","date_gmt":"2024-01-15T18:53:35","guid":{"rendered":"https:\/\/newyorkhipknee.com\/traitements\/"},"modified":"2024-01-30T11:20:18","modified_gmt":"2024-01-30T16:20:18","slug":"traitements","status":"publish","type":"page","link":"https:\/\/www.newyorkhipknee.com\/fr\/indemnisation-des-travailleurs\/lignes-directrices-pour-les-traitements-medicaux-mtg\/asthme-lie-au-travail\/traitements\/","title":{"rendered":"Directives m\u00e9dicales de l&rsquo;\u00c9tat de New York pour le traitement de l&rsquo;asthme chez les travailleurs indemnis\u00e9s"},"content":{"rendered":"<p>Les lignes directrices formul\u00e9es par la commission des accidents du travail de l&rsquo;\u00c9tat de New York visent \u00e0 aider les professionnels de la sant\u00e9 \u00e0 fournir des traitements appropri\u00e9s pour l&rsquo;asthme.<\/p>\n<p>Con\u00e7ues \u00e0 l&rsquo;intention des m\u00e9decins, ces lignes directrices de la Commission des accidents du travail aident \u00e0 d\u00e9terminer la marche \u00e0 suivre pour les personnes souffrant d&rsquo;asthme.<\/p>\n<p>Il est essentiel de noter que ces lignes directrices ne remplacent pas le jugement clinique ou l&rsquo;exp\u00e9rience professionnelle. La d\u00e9cision finale concernant les traitements de l&rsquo;asthme doit \u00eatre prise en collaboration avec le patient et son prestataire de soins de sant\u00e9.<\/p>\n<h3><\/h3>\n<h3>G\u00e9rer et att\u00e9nuer les complications de l&rsquo;asthme : Mesures cl\u00e9s<\/h3>\n<p><strong>1. Immunisation :<\/strong><\/p>\n<ul>\n<li><strong>Vaccination contre la pneumonie \u00e0 pneumocoques et la grippe :<\/strong>\n<ul>\n<li><em>Hautement recommand\u00e9 :<\/em> Il est fortement conseill\u00e9 de se faire vacciner contre la pneumonie \u00e0 pneumocoques et la grippe.<\/li>\n<\/ul>\n<\/li>\n<\/ul>\n<p><strong>2. Recommandations suppl\u00e9mentaires :<\/strong><\/p>\n<ul>\n<li><strong>Surveillance des pouss\u00e9es aigu\u00ebs :<\/strong>\n<ul>\n<li><em>Vigilance guid\u00e9e :<\/em> Une surveillance r\u00e9guli\u00e8re des pouss\u00e9es aigu\u00ebs est essentielle pour une intervention et un contr\u00f4le rapides.<\/li>\n<\/ul>\n<\/li>\n<li><strong>Prise en charge agressive des infections respiratoires :<\/strong>\n<ul>\n<li><em>Approche proactive :<\/em> Il est essentiel de prendre des mesures \u00e9nergiques pour g\u00e9rer les infections respiratoires afin de pr\u00e9venir les exacerbations.<\/li>\n<\/ul>\n<\/li>\n<li><strong>Gestion sp\u00e9cifique des comorbidit\u00e9s allergiques\/irritantes :<\/strong>\n<ul>\n<li><em>Approche personnalis\u00e9e :<\/em> Il est recommand\u00e9 de mettre en \u0153uvre des strat\u00e9gies de prise en charge sp\u00e9cifiques pour les affections allergiques\/irritantes coexistantes dans les voies respiratoires sup\u00e9rieures, telles que la rhinite, la sinusite et le RGO.<\/li>\n<\/ul>\n<\/li>\n<\/ul>\n<p>&nbsp;<\/p>\n<div class=\"textwidget\">\n<p>&nbsp;<\/p>\n<\/div>\n","protected":false},"excerpt":{"rendered":"<p>Les lignes directrices formul\u00e9es par la commission des accidents du travail de l&rsquo;\u00c9tat de New York visent \u00e0 aider les professionnels de la sant\u00e9 \u00e0 fournir des traitements appropri\u00e9s pour l&rsquo;asthme. Con\u00e7ues \u00e0 l&rsquo;intention des m\u00e9decins, ces lignes directrices de la Commission des accidents du travail aident \u00e0 d\u00e9terminer la marche \u00e0 suivre pour les [&hellip;]<\/p>\n","protected":false},"author":33,"featured_media":0,"parent":22364,"menu_order":0,"comment_status":"closed","ping_status":"closed","template":"","meta":{"_et_pb_use_builder":"","_et_pb_old_content":"","_et_gb_content_width":"","footnotes":""},"class_list":["post-22223","page","type-page","status-publish","hentry"],"yoast_head":"<!-- This site is optimized with the Yoast SEO plugin v27.2 - https:\/\/yoast.com\/product\/yoast-seo-wordpress\/ -->\n<title>Directives m\u00e9dicales de l&#039;\u00c9tat de New York pour le traitement de l&#039;asthme chez les travailleurs indemnis\u00e9s | Best Hip &amp; Knee Surgeon | NY, USA<\/title>\n<meta name=\"description\" content=\"Les lignes directrices formul\u00e9es par la commission des accidents du travail de l&#039;\u00c9tat de New York visent \u00e0 aider les professionnels de la sant\u00e9 \u00e0 fournir\" \/>\n<meta name=\"robots\" content=\"index, follow, max-snippet:-1, max-image-preview:large, max-video-preview:-1\" \/>\n<link rel=\"canonical\" href=\"https:\/\/www.newyorkhipknee.com\/fr\/indemnisation-des-travailleurs\/lignes-directrices-pour-les-traitements-medicaux-mtg\/asthme-lie-au-travail\/traitements\/\" \/>\n<meta property=\"og:locale\" content=\"fr_FR\" \/>\n<meta property=\"og:type\" content=\"article\" \/>\n<meta property=\"og:title\" content=\"Directives m\u00e9dicales de l&#039;\u00c9tat de New York pour le traitement de l&#039;asthme chez les travailleurs indemnis\u00e9s | Best Hip &amp; Knee Surgeon | NY, USA\" \/>\n<meta property=\"og:description\" content=\"Les lignes directrices formul\u00e9es par la commission des accidents du travail de l&#039;\u00c9tat de New York visent \u00e0 aider les professionnels de la sant\u00e9 \u00e0 fournir\" \/>\n<meta property=\"og:url\" content=\"https:\/\/www.newyorkhipknee.com\/fr\/indemnisation-des-travailleurs\/lignes-directrices-pour-les-traitements-medicaux-mtg\/asthme-lie-au-travail\/traitements\/\" \/>\n<meta property=\"og:site_name\" content=\"Best Hip &amp; Knee Surgeon | NY, USA\" \/>\n<meta property=\"article:modified_time\" content=\"2024-01-30T16:20:18+00:00\" \/>\n<meta name=\"twitter:card\" content=\"summary_large_image\" \/>\n<meta name=\"twitter:label1\" content=\"Dur\u00e9e de lecture estim\u00e9e\" \/>\n\t<meta name=\"twitter:data1\" content=\"1 minute\" \/>\n<script type=\"application\/ld+json\" class=\"yoast-schema-graph\">{\"@context\":\"https:\/\/schema.org\",\"@graph\":[{\"@type\":[\"WebPage\",\"MedicalWebPage\"],\"@id\":\"https:\/\/www.newyorkhipknee.com\/fr\/indemnisation-des-travailleurs\/lignes-directrices-pour-les-traitements-medicaux-mtg\/asthme-lie-au-travail\/traitements\/\",\"url\":\"https:\/\/www.newyorkhipknee.com\/fr\/indemnisation-des-travailleurs\/lignes-directrices-pour-les-traitements-medicaux-mtg\/asthme-lie-au-travail\/traitements\/\",\"name\":\"Directives m\u00e9dicales de l'\u00c9tat de New York pour le traitement de l'asthme chez les travailleurs indemnis\u00e9s | Best Hip &amp; Knee Surgeon | NY, USA\",\"isPartOf\":{\"@id\":\"https:\/\/www.newyorkhipknee.com\/fr\/#website\"},\"datePublished\":\"2024-01-15T18:53:35+00:00\",\"dateModified\":\"2024-01-30T16:20:18+00:00\",\"description\":\"Les lignes directrices formul\u00e9es par la commission des accidents du travail de l'\u00c9tat de New York visent \u00e0 aider les professionnels de la sant\u00e9 \u00e0 fournir\",\"breadcrumb\":{\"@id\":\"https:\/\/www.newyorkhipknee.com\/fr\/indemnisation-des-travailleurs\/lignes-directrices-pour-les-traitements-medicaux-mtg\/asthme-lie-au-travail\/traitements\/#breadcrumb\"},\"inLanguage\":\"fr-FR\",\"potentialAction\":[{\"@type\":\"ReadAction\",\"target\":[\"https:\/\/www.newyorkhipknee.com\/fr\/indemnisation-des-travailleurs\/lignes-directrices-pour-les-traitements-medicaux-mtg\/asthme-lie-au-travail\/traitements\/\"]}]},{\"@type\":\"BreadcrumbList\",\"@id\":\"https:\/\/www.newyorkhipknee.com\/fr\/indemnisation-des-travailleurs\/lignes-directrices-pour-les-traitements-medicaux-mtg\/asthme-lie-au-travail\/traitements\/#breadcrumb\",\"itemListElement\":[{\"@type\":\"ListItem\",\"position\":1,\"name\":\"Home\",\"item\":\"https:\/\/www.newyorkhipknee.com\/fr\/\"},{\"@type\":\"ListItem\",\"position\":2,\"name\":\"Indemnisation des travailleurs\",\"item\":\"https:\/\/www.newyorkhipknee.com\/fr\/indemnisation-des-travailleurs\/\"},{\"@type\":\"ListItem\",\"position\":3,\"name\":\"Lignes directrices pour les traitements m\u00e9dicaux (MTG)\",\"item\":\"https:\/\/www.newyorkhipknee.com\/fr\/indemnisation-des-travailleurs\/lignes-directrices-pour-les-traitements-medicaux-mtg\/\"},{\"@type\":\"ListItem\",\"position\":4,\"name\":\"Directives de l&rsquo;\u00c9tat de New York pour le traitement m\u00e9dical de l&rsquo;asthme d&rsquo;origine professionnelle chez les travailleurs indemnis\u00e9s\",\"item\":\"https:\/\/www.newyorkhipknee.com\/fr\/indemnisation-des-travailleurs\/lignes-directrices-pour-les-traitements-medicaux-mtg\/asthme-lie-au-travail\/\"},{\"@type\":\"ListItem\",\"position\":5,\"name\":\"Directives m\u00e9dicales de l&rsquo;\u00c9tat de New York pour le traitement de l&rsquo;asthme chez les travailleurs indemnis\u00e9s\"}]},{\"@type\":\"WebSite\",\"@id\":\"https:\/\/www.newyorkhipknee.com\/fr\/#website\",\"url\":\"https:\/\/www.newyorkhipknee.com\/fr\/\",\"name\":\"Best Hip & Knee Surgeon | NY, USA\",\"description\":\"\",\"potentialAction\":[{\"@type\":\"SearchAction\",\"target\":{\"@type\":\"EntryPoint\",\"urlTemplate\":\"https:\/\/www.newyorkhipknee.com\/fr\/?s={search_term_string}\"},\"query-input\":{\"@type\":\"PropertyValueSpecification\",\"valueRequired\":true,\"valueName\":\"search_term_string\"}}],\"inLanguage\":\"fr-FR\"}]}<\/script>\n<!-- \/ Yoast SEO plugin. -->","yoast_head_json":{"title":"Directives m\u00e9dicales de l'\u00c9tat de New York pour le traitement de l'asthme chez les travailleurs indemnis\u00e9s | Best Hip &amp; Knee Surgeon | NY, USA","description":"Les lignes directrices formul\u00e9es par la commission des accidents du travail de l'\u00c9tat de New York visent \u00e0 aider les professionnels de la sant\u00e9 \u00e0 fournir","robots":{"index":"index","follow":"follow","max-snippet":"max-snippet:-1","max-image-preview":"max-image-preview:large","max-video-preview":"max-video-preview:-1"},"canonical":"https:\/\/www.newyorkhipknee.com\/fr\/indemnisation-des-travailleurs\/lignes-directrices-pour-les-traitements-medicaux-mtg\/asthme-lie-au-travail\/traitements\/","og_locale":"fr_FR","og_type":"article","og_title":"Directives m\u00e9dicales de l'\u00c9tat de New York pour le traitement de l'asthme chez les travailleurs indemnis\u00e9s | Best Hip &amp; Knee Surgeon | NY, USA","og_description":"Les lignes directrices formul\u00e9es par la commission des accidents du travail de l'\u00c9tat de New York visent \u00e0 aider les professionnels de la sant\u00e9 \u00e0 fournir","og_url":"https:\/\/www.newyorkhipknee.com\/fr\/indemnisation-des-travailleurs\/lignes-directrices-pour-les-traitements-medicaux-mtg\/asthme-lie-au-travail\/traitements\/","og_site_name":"Best Hip &amp; Knee Surgeon | NY, USA","article_modified_time":"2024-01-30T16:20:18+00:00","twitter_card":"summary_large_image","twitter_misc":{"Dur\u00e9e de lecture estim\u00e9e":"1 minute"},"schema":{"@context":"https:\/\/schema.org","@graph":[{"@type":["WebPage","MedicalWebPage"],"@id":"https:\/\/www.newyorkhipknee.com\/fr\/indemnisation-des-travailleurs\/lignes-directrices-pour-les-traitements-medicaux-mtg\/asthme-lie-au-travail\/traitements\/","url":"https:\/\/www.newyorkhipknee.com\/fr\/indemnisation-des-travailleurs\/lignes-directrices-pour-les-traitements-medicaux-mtg\/asthme-lie-au-travail\/traitements\/","name":"Directives m\u00e9dicales de l'\u00c9tat de New York pour le traitement de l'asthme chez les travailleurs indemnis\u00e9s | Best Hip &amp; Knee Surgeon | NY, USA","isPartOf":{"@id":"https:\/\/www.newyorkhipknee.com\/fr\/#website"},"datePublished":"2024-01-15T18:53:35+00:00","dateModified":"2024-01-30T16:20:18+00:00","description":"Les lignes directrices formul\u00e9es par la commission des accidents du travail de l'\u00c9tat de New York visent \u00e0 aider les professionnels de la sant\u00e9 \u00e0 fournir","breadcrumb":{"@id":"https:\/\/www.newyorkhipknee.com\/fr\/indemnisation-des-travailleurs\/lignes-directrices-pour-les-traitements-medicaux-mtg\/asthme-lie-au-travail\/traitements\/#breadcrumb"},"inLanguage":"fr-FR","potentialAction":[{"@type":"ReadAction","target":["https:\/\/www.newyorkhipknee.com\/fr\/indemnisation-des-travailleurs\/lignes-directrices-pour-les-traitements-medicaux-mtg\/asthme-lie-au-travail\/traitements\/"]}]},{"@type":"BreadcrumbList","@id":"https:\/\/www.newyorkhipknee.com\/fr\/indemnisation-des-travailleurs\/lignes-directrices-pour-les-traitements-medicaux-mtg\/asthme-lie-au-travail\/traitements\/#breadcrumb","itemListElement":[{"@type":"ListItem","position":1,"name":"Home","item":"https:\/\/www.newyorkhipknee.com\/fr\/"},{"@type":"ListItem","position":2,"name":"Indemnisation des travailleurs","item":"https:\/\/www.newyorkhipknee.com\/fr\/indemnisation-des-travailleurs\/"},{"@type":"ListItem","position":3,"name":"Lignes directrices pour les traitements m\u00e9dicaux (MTG)","item":"https:\/\/www.newyorkhipknee.com\/fr\/indemnisation-des-travailleurs\/lignes-directrices-pour-les-traitements-medicaux-mtg\/"},{"@type":"ListItem","position":4,"name":"Directives de l&rsquo;\u00c9tat de New York pour le traitement m\u00e9dical de l&rsquo;asthme d&rsquo;origine professionnelle chez les travailleurs indemnis\u00e9s","item":"https:\/\/www.newyorkhipknee.com\/fr\/indemnisation-des-travailleurs\/lignes-directrices-pour-les-traitements-medicaux-mtg\/asthme-lie-au-travail\/"},{"@type":"ListItem","position":5,"name":"Directives m\u00e9dicales de l&rsquo;\u00c9tat de New York pour le traitement de l&rsquo;asthme chez les travailleurs indemnis\u00e9s"}]},{"@type":"WebSite","@id":"https:\/\/www.newyorkhipknee.com\/fr\/#website","url":"https:\/\/www.newyorkhipknee.com\/fr\/","name":"Best Hip & Knee Surgeon | NY, USA","description":"","potentialAction":[{"@type":"SearchAction","target":{"@type":"EntryPoint","urlTemplate":"https:\/\/www.newyorkhipknee.com\/fr\/?s={search_term_string}"},"query-input":{"@type":"PropertyValueSpecification","valueRequired":true,"valueName":"search_term_string"}}],"inLanguage":"fr-FR"}]}},"_links":{"self":[{"href":"https:\/\/www.newyorkhipknee.com\/fr\/wp-json\/wp\/v2\/pages\/22223","targetHints":{"allow":["GET"]}}],"collection":[{"href":"https:\/\/www.newyorkhipknee.com\/fr\/wp-json\/wp\/v2\/pages"}],"about":[{"href":"https:\/\/www.newyorkhipknee.com\/fr\/wp-json\/wp\/v2\/types\/page"}],"author":[{"embeddable":true,"href":"https:\/\/www.newyorkhipknee.com\/fr\/wp-json\/wp\/v2\/users\/33"}],"replies":[{"embeddable":true,"href":"https:\/\/www.newyorkhipknee.com\/fr\/wp-json\/wp\/v2\/comments?post=22223"}],"version-history":[{"count":0,"href":"https:\/\/www.newyorkhipknee.com\/fr\/wp-json\/wp\/v2\/pages\/22223\/revisions"}],"up":[{"embeddable":true,"href":"https:\/\/www.newyorkhipknee.com\/fr\/wp-json\/wp\/v2\/pages\/22364"}],"wp:attachment":[{"href":"https:\/\/www.newyorkhipknee.com\/fr\/wp-json\/wp\/v2\/media?parent=22223"}],"curies":[{"name":"wp","href":"https:\/\/api.w.org\/{rel}","templated":true}]}}