{"id":22241,"date":"2024-01-10T15:35:08","date_gmt":"2024-01-10T20:35:08","guid":{"rendered":"https:\/\/newyorkhipknee.com\/entorses-a-la-partie-inferieure-de-labdomen\/"},"modified":"2024-01-30T11:13:33","modified_gmt":"2024-01-30T16:13:33","slug":"entorses-a-la-partie-inferieure-de-labdomen","status":"publish","type":"page","link":"https:\/\/www.newyorkhipknee.com\/fr\/indemnisation-des-travailleurs\/lignes-directrices-pour-les-traitements-medicaux-mtg\/troubles-de-la-hanche-et-de-laine\/entorses-a-la-partie-inferieure-de-labdomen\/","title":{"rendered":"Directives m\u00e9dicales de l&rsquo;\u00c9tat de New York pour les entorses du bas-ventre chez les travailleurs indemnis\u00e9s"},"content":{"rendered":"<p>Les lignes directrices \u00e9tablies par la commission des accidents du travail de l&rsquo;\u00c9tat de New York sont con\u00e7ues pour aider les professionnels de la sant\u00e9 \u00e0 \u00e9valuer les entorses du bas-ventre. Ces directives visent \u00e0 aider les m\u00e9decins et les professionnels de la sant\u00e9 \u00e0 d\u00e9terminer le traitement appropri\u00e9 pour cette maladie.<\/p>\n<p>Les professionnels de la sant\u00e9 sp\u00e9cialis\u00e9s dans les entorses du bas-ventre peuvent s&rsquo;appuyer sur les conseils fournis par la Commission des accidents du travail pour prendre des d\u00e9cisions \u00e9clair\u00e9es sur le niveau de soins le plus appropri\u00e9 pour leurs patients.<\/p>\n<p>Il est important de souligner que ces lignes directrices ne sont pas destin\u00e9es \u00e0 remplacer le jugement clinique ou l&rsquo;expertise professionnelle. La d\u00e9cision finale concernant les soins doit \u00eatre prise en collaboration avec le patient et son prestataire de soins.<\/p>\n<h2>Entorses \u00e0 la partie inf\u00e9rieure de l&rsquo;abdomen<\/h2>\n<p>Les entorses du bas-ventre se produisent g\u00e9n\u00e9ralement dans les groupes professionnels qui soul\u00e8vent des charges lourdes. Les personnes qui subissent de telles tensions doivent subir un examen visant \u00e0 d\u00e9tecter les hernies et, si c&rsquo;est le cas, il faut leur recommander une \u00e9ventuelle intervention chirurgicale.<\/p>\n<p>&nbsp;<\/p>\n<h2>M\u00e9dicaments<\/h2>\n<p>Pour la majorit\u00e9 des patients, les recommandations initiales de m\u00e9dicaments pour traiter les tensions abdominales basses comprennent l&rsquo;ibuprof\u00e8ne, le naprox\u00e8ne ou d&rsquo;autres AINS de l&rsquo;ancienne g\u00e9n\u00e9ration. L&rsquo;ac\u00e9taminoph\u00e8ne (ou son analogue le parac\u00e9tamol) peut constituer une alternative viable aux AINS pour les personnes ne pouvant pas b\u00e9n\u00e9ficier de ces derniers, bien que les donn\u00e9es existantes indiquent que l&rsquo;ac\u00e9taminoph\u00e8ne est l\u00e9g\u00e8rement moins efficace. Les AINS se sont r\u00e9v\u00e9l\u00e9s aussi efficaces pour soulager la douleur que les opio\u00efdes (y compris le tramadol), mais avec moins d&rsquo;effets nocifs.<\/p>\n<h3><strong>Anti-inflammatoires non st\u00e9ro\u00efdiens (AINS)<\/strong><\/h3>\n<p><strong>Recommandation<\/strong>: Conseill\u00e9 pour le traitement des tensions abdominales basses.<\/p>\n<p><strong>Indications<\/strong>: Les AINS sont sugg\u00e9r\u00e9s pour le traitement, les options en vente libre \u00e9tant une premi\u00e8re tentative raisonnable.<\/p>\n<p><strong>Fr\u00e9quence\/Dur\u00e9e<\/strong>: Une utilisation ponctuelle peut \u00eatre raisonnable pour de nombreux patients.<\/p>\n<p><strong>Indications pour l&rsquo;arr\u00eat du<\/strong> traitement : L&rsquo;arr\u00eat du traitement peut \u00eatre motiv\u00e9 par la disparition des tensions abdominales basses, un manque d&rsquo;efficacit\u00e9 ou l&rsquo;apparition d&rsquo;effets ind\u00e9sirables n\u00e9cessitant l&rsquo;arr\u00eat du traitement.<\/p>\n<p>&nbsp;<\/p>\n<h3><strong>AINS pour les patients pr\u00e9sentant un risque \u00e9lev\u00e9 d&rsquo;h\u00e9morragie gastro-intestinale<\/strong><\/h3>\n<p><strong>Recommandation<\/strong>: L&rsquo;utilisation concomitante de m\u00e9dicaments cytoprotecteurs tels que le misoprostol, le sucralfate, les inhibiteurs des r\u00e9cepteurs de l&rsquo;histamine de type 2 et les inhibiteurs de la pompe \u00e0 protons est recommand\u00e9e pour les patients pr\u00e9sentant un risque \u00e9lev\u00e9 d&rsquo;h\u00e9morragie gastro-intestinale.<\/p>\n<p><strong>Indications<\/strong>: Pour les patients pr\u00e9sentant un profil de facteurs de risque \u00e9lev\u00e9 et n\u00e9cessitant \u00e9galement des AINS, il est essentiel d&rsquo;envisager des m\u00e9dicaments cytoprotecteurs, en particulier si un traitement prolong\u00e9 est envisag\u00e9. Les personnes \u00e0 risque sont celles qui ont des ant\u00e9c\u00e9dents d&rsquo;h\u00e9morragie gastro-intestinale, les personnes \u00e2g\u00e9es, les diab\u00e9tiques et les fumeurs.<\/p>\n<p><strong>Fr\u00e9quence\/dose\/dur\u00e9e<\/strong>: Les inhibiteurs de la pompe \u00e0 protons, le misoprostol, le sucralfate et les bloqueurs H2 sont recommand\u00e9s, avec des dosages et des fr\u00e9quences conformes aux directives du fabricant. Il n&rsquo;y a g\u00e9n\u00e9ralement pas de diff\u00e9rence significative en termes d&rsquo;efficacit\u00e9 pour la pr\u00e9vention des h\u00e9morragies gastro-intestinales.<\/p>\n<p>&nbsp;<\/p>\n<h3><strong>AINS pour les patients pr\u00e9sentant un risque d&rsquo;effets ind\u00e9sirables cardiovasculaires<\/strong><\/h3>\n<p>Les patients souffrant d&rsquo;une maladie cardiovasculaire connue ou pr\u00e9sentant de multiples facteurs de risque de probl\u00e8mes cardiovasculaires doivent engager une discussion sur les risques et les avantages potentiels associ\u00e9s au traitement de la douleur par AINS.<\/p>\n<p><strong>Recommandation<\/strong>: L&rsquo;ac\u00e9taminoph\u00e8ne ou l&rsquo;aspirine est le traitement de premi\u00e8re intention le plus s\u00fbr en ce qui concerne les effets ind\u00e9sirables cardiovasculaires.<\/p>\n<p><strong>Recommandation<\/strong>: Dans les cas o\u00f9 les AINS sont jug\u00e9s n\u00e9cessaires, les AINS non s\u00e9lectifs sont pr\u00e9f\u00e9rables aux m\u00e9dicaments sp\u00e9cifiques de la COX-2.<\/p>\n<p>Pour les personnes qui prennent en m\u00eame temps de l&rsquo;aspirine \u00e0 faible dose pour la pr\u00e9vention primaire ou secondaire des maladies cardiovasculaires, il est conseill\u00e9 de consommer l&rsquo;AINS au moins 30 minutes apr\u00e8s ou huit heures avant l&rsquo;aspirine quotidienne, afin de r\u00e9duire au minimum les effets b\u00e9n\u00e9fiques de l&rsquo;aspirine.<\/p>\n<p>&nbsp;<\/p>\n<h3><strong>Ac\u00e9taminoph\u00e8ne pour le traitement des entorses du bas-ventre<\/strong><\/h3>\n<p><strong>Recommandation<\/strong>: L&rsquo;ac\u00e9taminoph\u00e8ne est recommand\u00e9 pour le traitement des tensions abdominales basses, en particulier chez les patients pr\u00e9sentant des contre-indications aux AINS.<\/p>\n<p><strong>Indications<\/strong>: Applicable \u00e0 tous les patients souffrant de tensions abdominales inf\u00e9rieures, y compris les cas aigus, subaigus, chroniques et post-op\u00e9ratoires.<\/p>\n<p><strong>Dose\/fr\u00e9quence<\/strong>: Utiliser selon les recommandations du fabricant ; il peut \u00eatre utilis\u00e9 selon les besoins. La prudence est de mise, car des donn\u00e9es indiquent une toxicit\u00e9 h\u00e9patique en cas de d\u00e9passement de quatre grammes par jour.<\/p>\n<p>&nbsp;<\/p>\n<h2>Traitements<\/h2>\n<h2><strong>Th\u00e9rapies par le chaud et le froid<\/strong><\/h2>\n<h3><strong>Cryoth\u00e9rapie<\/strong><\/h3>\n<p><strong>Recommandation<\/strong>: Conseill\u00e9 pour les tensions abdominales basses.<\/p>\n<p><strong>Indications<\/strong>: Applicable \u00e0 tous les patients souffrant de tensions abdominales basses.<\/p>\n<p><strong>Fr\u00e9quence\/Dur\u00e9e<\/strong>: Environ trois \u00e0 cinq auto-applications par jour, selon les besoins.<\/p>\n<p><strong>Indications pour l&rsquo;arr\u00eat du<\/strong> traitement : Arr\u00eater le traitement lorsque l&rsquo;affection dispara\u00eet, en pr\u00e9sence d&rsquo;effets ind\u00e9sirables ou si l&rsquo;inobservation du traitement devient un probl\u00e8me.<\/p>\n<p>&nbsp;<\/p>\n<h3><strong>Th\u00e9rapie par la chaleur<\/strong><\/h3>\n<p><strong>Recommandation<\/strong>: Conseill\u00e9 pour les tensions abdominales basses.<\/p>\n<p><strong>Indications<\/strong>: Convient \u00e0 tous les patients souffrant de tensions abdominales basses.<\/p>\n<p><strong>Fr\u00e9quence\/Dur\u00e9e<\/strong>: Environ trois \u00e0 cinq auto-applications par jour, selon les besoins.<\/p>\n<p><strong>Indications pour l&rsquo;arr\u00eat du<\/strong> traitement : Cesser le traitement lorsque l&rsquo;affection dispara\u00eet, si des effets ind\u00e9sirables apparaissent ou si l&rsquo;on constate un non-respect des r\u00e8gles.<\/p>\n<p>&nbsp;<\/p>\n<h3><strong>R\u00e9habilitation<\/strong><\/h3>\n<p><strong>Recommandation<\/strong>: La r\u00e9\u00e9ducation est conseill\u00e9e pour le traitement des entorses du bas-ventre.<\/p>\n<p><strong>Indications<\/strong>: La plupart des patients, en particulier ceux qui pr\u00e9sentent des d\u00e9ficits de force et\/ou des handicaps fonctionnels importants, peuvent b\u00e9n\u00e9ficier d&rsquo;un programme de r\u00e9adaptation. L&rsquo;exercice est une approche recommand\u00e9e pour rem\u00e9dier aux d\u00e9ficits fonctionnels, en particulier dans les cas de tensions abdominales inf\u00e9rieures d&rsquo;une gravit\u00e9 au moins mod\u00e9r\u00e9e. Les cas b\u00e9nins disparaissent souvent avec l&rsquo;\u00e9limination des expositions, des AINS et avec le temps.<\/p>\n<p><strong>Fr\u00e9quence\/dose\/dur\u00e9e<\/strong>: Le nombre total de visites peut aller de deux ou trois pour les patients pr\u00e9sentant des d\u00e9ficits fonctionnels l\u00e9gers \u00e0 12 ou 15 pour ceux pr\u00e9sentant des d\u00e9ficits plus graves, avec une am\u00e9lioration fonctionnelle objective et continue document\u00e9e. Si les d\u00e9ficits fonctionnels persistent, un nombre de visites sup\u00e9rieur \u00e0 12 ou 15 peut \u00eatre justifi\u00e9, en particulier en cas d&rsquo;am\u00e9lioration document\u00e9e vers des objectifs fonctionnels sp\u00e9cifiques (par exemple, amplitude des mouvements, am\u00e9lioration de la capacit\u00e9 \u00e0 effectuer des activit\u00e9s professionnelles). Dans le cadre du plan de r\u00e9adaptation, un programme d&rsquo;exercices \u00e0 domicile doit \u00eatre \u00e9labor\u00e9 et mis en \u0153uvre parall\u00e8lement \u00e0 la th\u00e9rapie.<\/p>\n","protected":false},"excerpt":{"rendered":"<p>Les lignes directrices \u00e9tablies par la commission des accidents du travail de l&rsquo;\u00c9tat de New York sont con\u00e7ues pour aider les professionnels de la sant\u00e9 \u00e0 \u00e9valuer les entorses du bas-ventre. Ces directives visent \u00e0 aider les m\u00e9decins et les professionnels de la sant\u00e9 \u00e0 d\u00e9terminer le traitement appropri\u00e9 pour cette maladie. Les professionnels de [&hellip;]<\/p>\n","protected":false},"author":33,"featured_media":0,"parent":22249,"menu_order":0,"comment_status":"closed","ping_status":"closed","template":"","meta":{"_et_pb_use_builder":"","_et_pb_old_content":"","_et_gb_content_width":"","footnotes":""},"class_list":["post-22241","page","type-page","status-publish","hentry"],"yoast_head":"<!-- This site is optimized with the Yoast SEO plugin v27.2 - https:\/\/yoast.com\/product\/yoast-seo-wordpress\/ -->\n<title>Directives m\u00e9dicales de l&#039;\u00c9tat de New York pour les entorses du bas-ventre chez les travailleurs indemnis\u00e9s | Best Hip &amp; Knee Surgeon | NY, USA<\/title>\n<meta name=\"description\" content=\"Les lignes directrices \u00e9tablies par la commission des accidents du travail de l&#039;\u00c9tat de New York sont con\u00e7ues pour aider les professionnels de la sant\u00e9 \u00e0\" \/>\n<meta name=\"robots\" content=\"index, follow, max-snippet:-1, max-image-preview:large, max-video-preview:-1\" \/>\n<link rel=\"canonical\" href=\"https:\/\/www.newyorkhipknee.com\/fr\/indemnisation-des-travailleurs\/lignes-directrices-pour-les-traitements-medicaux-mtg\/troubles-de-la-hanche-et-de-laine\/entorses-a-la-partie-inferieure-de-labdomen\/\" \/>\n<meta property=\"og:locale\" content=\"fr_FR\" \/>\n<meta property=\"og:type\" content=\"article\" \/>\n<meta property=\"og:title\" content=\"Directives m\u00e9dicales de l&#039;\u00c9tat de New York pour les entorses du bas-ventre chez les travailleurs indemnis\u00e9s | Best Hip &amp; Knee Surgeon | NY, USA\" \/>\n<meta property=\"og:description\" content=\"Les lignes directrices \u00e9tablies par la commission des accidents du travail de l&#039;\u00c9tat de New York sont con\u00e7ues pour aider les professionnels de la sant\u00e9 \u00e0\" \/>\n<meta property=\"og:url\" content=\"https:\/\/www.newyorkhipknee.com\/fr\/indemnisation-des-travailleurs\/lignes-directrices-pour-les-traitements-medicaux-mtg\/troubles-de-la-hanche-et-de-laine\/entorses-a-la-partie-inferieure-de-labdomen\/\" \/>\n<meta property=\"og:site_name\" content=\"Best Hip &amp; Knee Surgeon | NY, USA\" \/>\n<meta property=\"article:modified_time\" content=\"2024-01-30T16:13:33+00:00\" \/>\n<meta name=\"twitter:card\" content=\"summary_large_image\" \/>\n<meta name=\"twitter:label1\" content=\"Dur\u00e9e de lecture estim\u00e9e\" \/>\n\t<meta name=\"twitter:data1\" content=\"6 minutes\" \/>\n<script type=\"application\/ld+json\" class=\"yoast-schema-graph\">{\"@context\":\"https:\/\/schema.org\",\"@graph\":[{\"@type\":[\"WebPage\",\"MedicalWebPage\"],\"@id\":\"https:\/\/www.newyorkhipknee.com\/fr\/indemnisation-des-travailleurs\/lignes-directrices-pour-les-traitements-medicaux-mtg\/troubles-de-la-hanche-et-de-laine\/entorses-a-la-partie-inferieure-de-labdomen\/\",\"url\":\"https:\/\/www.newyorkhipknee.com\/fr\/indemnisation-des-travailleurs\/lignes-directrices-pour-les-traitements-medicaux-mtg\/troubles-de-la-hanche-et-de-laine\/entorses-a-la-partie-inferieure-de-labdomen\/\",\"name\":\"Directives m\u00e9dicales de l'\u00c9tat de New York pour les entorses du bas-ventre chez les travailleurs indemnis\u00e9s | Best Hip &amp; Knee Surgeon | NY, USA\",\"isPartOf\":{\"@id\":\"https:\/\/www.newyorkhipknee.com\/fr\/#website\"},\"datePublished\":\"2024-01-10T20:35:08+00:00\",\"dateModified\":\"2024-01-30T16:13:33+00:00\",\"description\":\"Les lignes directrices \u00e9tablies par la commission des accidents du travail de l'\u00c9tat de New York sont con\u00e7ues pour aider les professionnels de la sant\u00e9 \u00e0\",\"breadcrumb\":{\"@id\":\"https:\/\/www.newyorkhipknee.com\/fr\/indemnisation-des-travailleurs\/lignes-directrices-pour-les-traitements-medicaux-mtg\/troubles-de-la-hanche-et-de-laine\/entorses-a-la-partie-inferieure-de-labdomen\/#breadcrumb\"},\"inLanguage\":\"fr-FR\",\"potentialAction\":[{\"@type\":\"ReadAction\",\"target\":[\"https:\/\/www.newyorkhipknee.com\/fr\/indemnisation-des-travailleurs\/lignes-directrices-pour-les-traitements-medicaux-mtg\/troubles-de-la-hanche-et-de-laine\/entorses-a-la-partie-inferieure-de-labdomen\/\"]}]},{\"@type\":\"BreadcrumbList\",\"@id\":\"https:\/\/www.newyorkhipknee.com\/fr\/indemnisation-des-travailleurs\/lignes-directrices-pour-les-traitements-medicaux-mtg\/troubles-de-la-hanche-et-de-laine\/entorses-a-la-partie-inferieure-de-labdomen\/#breadcrumb\",\"itemListElement\":[{\"@type\":\"ListItem\",\"position\":1,\"name\":\"Home\",\"item\":\"https:\/\/www.newyorkhipknee.com\/fr\/\"},{\"@type\":\"ListItem\",\"position\":2,\"name\":\"Indemnisation des travailleurs\",\"item\":\"https:\/\/www.newyorkhipknee.com\/fr\/indemnisation-des-travailleurs\/\"},{\"@type\":\"ListItem\",\"position\":3,\"name\":\"Lignes directrices pour les traitements m\u00e9dicaux (MTG)\",\"item\":\"https:\/\/www.newyorkhipknee.com\/fr\/indemnisation-des-travailleurs\/lignes-directrices-pour-les-traitements-medicaux-mtg\/\"},{\"@type\":\"ListItem\",\"position\":4,\"name\":\"Directives de traitement m\u00e9dical de l&rsquo;\u00c9tat de New York pour les troubles de la hanche et de l&rsquo;aine chez les travailleurs indemnis\u00e9s\",\"item\":\"https:\/\/www.newyorkhipknee.com\/fr\/indemnisation-des-travailleurs\/lignes-directrices-pour-les-traitements-medicaux-mtg\/troubles-de-la-hanche-et-de-laine\/\"},{\"@type\":\"ListItem\",\"position\":5,\"name\":\"Directives m\u00e9dicales de l&rsquo;\u00c9tat de New York pour les entorses du bas-ventre chez les travailleurs indemnis\u00e9s\"}]},{\"@type\":\"WebSite\",\"@id\":\"https:\/\/www.newyorkhipknee.com\/fr\/#website\",\"url\":\"https:\/\/www.newyorkhipknee.com\/fr\/\",\"name\":\"Best Hip & Knee Surgeon | NY, USA\",\"description\":\"\",\"potentialAction\":[{\"@type\":\"SearchAction\",\"target\":{\"@type\":\"EntryPoint\",\"urlTemplate\":\"https:\/\/www.newyorkhipknee.com\/fr\/?s={search_term_string}\"},\"query-input\":{\"@type\":\"PropertyValueSpecification\",\"valueRequired\":true,\"valueName\":\"search_term_string\"}}],\"inLanguage\":\"fr-FR\"}]}<\/script>\n<!-- \/ Yoast SEO plugin. -->","yoast_head_json":{"title":"Directives m\u00e9dicales de l'\u00c9tat de New York pour les entorses du bas-ventre chez les travailleurs indemnis\u00e9s | Best Hip &amp; Knee Surgeon | NY, USA","description":"Les lignes directrices \u00e9tablies par la commission des accidents du travail de l'\u00c9tat de New York sont con\u00e7ues pour aider les professionnels de la sant\u00e9 \u00e0","robots":{"index":"index","follow":"follow","max-snippet":"max-snippet:-1","max-image-preview":"max-image-preview:large","max-video-preview":"max-video-preview:-1"},"canonical":"https:\/\/www.newyorkhipknee.com\/fr\/indemnisation-des-travailleurs\/lignes-directrices-pour-les-traitements-medicaux-mtg\/troubles-de-la-hanche-et-de-laine\/entorses-a-la-partie-inferieure-de-labdomen\/","og_locale":"fr_FR","og_type":"article","og_title":"Directives m\u00e9dicales de l'\u00c9tat de New York pour les entorses du bas-ventre chez les travailleurs indemnis\u00e9s | Best Hip &amp; Knee Surgeon | NY, USA","og_description":"Les lignes directrices \u00e9tablies par la commission des accidents du travail de l'\u00c9tat de New York sont con\u00e7ues pour aider les professionnels de la sant\u00e9 \u00e0","og_url":"https:\/\/www.newyorkhipknee.com\/fr\/indemnisation-des-travailleurs\/lignes-directrices-pour-les-traitements-medicaux-mtg\/troubles-de-la-hanche-et-de-laine\/entorses-a-la-partie-inferieure-de-labdomen\/","og_site_name":"Best Hip &amp; Knee Surgeon | NY, USA","article_modified_time":"2024-01-30T16:13:33+00:00","twitter_card":"summary_large_image","twitter_misc":{"Dur\u00e9e de lecture estim\u00e9e":"6 minutes"},"schema":{"@context":"https:\/\/schema.org","@graph":[{"@type":["WebPage","MedicalWebPage"],"@id":"https:\/\/www.newyorkhipknee.com\/fr\/indemnisation-des-travailleurs\/lignes-directrices-pour-les-traitements-medicaux-mtg\/troubles-de-la-hanche-et-de-laine\/entorses-a-la-partie-inferieure-de-labdomen\/","url":"https:\/\/www.newyorkhipknee.com\/fr\/indemnisation-des-travailleurs\/lignes-directrices-pour-les-traitements-medicaux-mtg\/troubles-de-la-hanche-et-de-laine\/entorses-a-la-partie-inferieure-de-labdomen\/","name":"Directives m\u00e9dicales de l'\u00c9tat de New York pour les entorses du bas-ventre chez les travailleurs indemnis\u00e9s | Best Hip &amp; Knee Surgeon | NY, USA","isPartOf":{"@id":"https:\/\/www.newyorkhipknee.com\/fr\/#website"},"datePublished":"2024-01-10T20:35:08+00:00","dateModified":"2024-01-30T16:13:33+00:00","description":"Les lignes directrices \u00e9tablies par la commission des accidents du travail de l'\u00c9tat de New York sont con\u00e7ues pour aider les professionnels de la sant\u00e9 \u00e0","breadcrumb":{"@id":"https:\/\/www.newyorkhipknee.com\/fr\/indemnisation-des-travailleurs\/lignes-directrices-pour-les-traitements-medicaux-mtg\/troubles-de-la-hanche-et-de-laine\/entorses-a-la-partie-inferieure-de-labdomen\/#breadcrumb"},"inLanguage":"fr-FR","potentialAction":[{"@type":"ReadAction","target":["https:\/\/www.newyorkhipknee.com\/fr\/indemnisation-des-travailleurs\/lignes-directrices-pour-les-traitements-medicaux-mtg\/troubles-de-la-hanche-et-de-laine\/entorses-a-la-partie-inferieure-de-labdomen\/"]}]},{"@type":"BreadcrumbList","@id":"https:\/\/www.newyorkhipknee.com\/fr\/indemnisation-des-travailleurs\/lignes-directrices-pour-les-traitements-medicaux-mtg\/troubles-de-la-hanche-et-de-laine\/entorses-a-la-partie-inferieure-de-labdomen\/#breadcrumb","itemListElement":[{"@type":"ListItem","position":1,"name":"Home","item":"https:\/\/www.newyorkhipknee.com\/fr\/"},{"@type":"ListItem","position":2,"name":"Indemnisation des travailleurs","item":"https:\/\/www.newyorkhipknee.com\/fr\/indemnisation-des-travailleurs\/"},{"@type":"ListItem","position":3,"name":"Lignes directrices pour les traitements m\u00e9dicaux (MTG)","item":"https:\/\/www.newyorkhipknee.com\/fr\/indemnisation-des-travailleurs\/lignes-directrices-pour-les-traitements-medicaux-mtg\/"},{"@type":"ListItem","position":4,"name":"Directives de traitement m\u00e9dical de l&rsquo;\u00c9tat de New York pour les troubles de la hanche et de l&rsquo;aine chez les travailleurs indemnis\u00e9s","item":"https:\/\/www.newyorkhipknee.com\/fr\/indemnisation-des-travailleurs\/lignes-directrices-pour-les-traitements-medicaux-mtg\/troubles-de-la-hanche-et-de-laine\/"},{"@type":"ListItem","position":5,"name":"Directives m\u00e9dicales de l&rsquo;\u00c9tat de New York pour les entorses du bas-ventre chez les travailleurs indemnis\u00e9s"}]},{"@type":"WebSite","@id":"https:\/\/www.newyorkhipknee.com\/fr\/#website","url":"https:\/\/www.newyorkhipknee.com\/fr\/","name":"Best Hip & Knee Surgeon | NY, USA","description":"","potentialAction":[{"@type":"SearchAction","target":{"@type":"EntryPoint","urlTemplate":"https:\/\/www.newyorkhipknee.com\/fr\/?s={search_term_string}"},"query-input":{"@type":"PropertyValueSpecification","valueRequired":true,"valueName":"search_term_string"}}],"inLanguage":"fr-FR"}]}},"_links":{"self":[{"href":"https:\/\/www.newyorkhipknee.com\/fr\/wp-json\/wp\/v2\/pages\/22241","targetHints":{"allow":["GET"]}}],"collection":[{"href":"https:\/\/www.newyorkhipknee.com\/fr\/wp-json\/wp\/v2\/pages"}],"about":[{"href":"https:\/\/www.newyorkhipknee.com\/fr\/wp-json\/wp\/v2\/types\/page"}],"author":[{"embeddable":true,"href":"https:\/\/www.newyorkhipknee.com\/fr\/wp-json\/wp\/v2\/users\/33"}],"replies":[{"embeddable":true,"href":"https:\/\/www.newyorkhipknee.com\/fr\/wp-json\/wp\/v2\/comments?post=22241"}],"version-history":[{"count":0,"href":"https:\/\/www.newyorkhipknee.com\/fr\/wp-json\/wp\/v2\/pages\/22241\/revisions"}],"up":[{"embeddable":true,"href":"https:\/\/www.newyorkhipknee.com\/fr\/wp-json\/wp\/v2\/pages\/22249"}],"wp:attachment":[{"href":"https:\/\/www.newyorkhipknee.com\/fr\/wp-json\/wp\/v2\/media?parent=22241"}],"curies":[{"name":"wp","href":"https:\/\/api.w.org\/{rel}","templated":true}]}}