{"id":22245,"date":"2024-01-09T14:55:28","date_gmt":"2024-01-09T19:55:28","guid":{"rendered":"https:\/\/newyorkhipknee.com\/reeducation-pre-et-postoperatoire-y-compris-arthroplastie-de-la-hanche-et-fractures-de-la-hanche\/"},"modified":"2024-01-30T11:15:20","modified_gmt":"2024-01-30T16:15:20","slug":"reeducation-pre-et-postoperatoire-y-compris-arthroplastie-de-la-hanche-et-fractures-de-la-hanche","status":"publish","type":"page","link":"https:\/\/www.newyorkhipknee.com\/fr\/indemnisation-des-travailleurs\/lignes-directrices-pour-les-traitements-medicaux-mtg\/troubles-de-la-hanche-et-de-laine\/reeducation-pre-et-postoperatoire-y-compris-arthroplastie-de-la-hanche-et-fractures-de-la-hanche\/","title":{"rendered":"Directives m\u00e9dicales de l&rsquo;\u00c9tat de New York pour la r\u00e9\u00e9ducation pr\u00e9 et postop\u00e9ratoire, y compris l&rsquo;arthroplastie de la hanche et les fractures de la hanche chez les patients b\u00e9n\u00e9ficiant d&rsquo;une indemnisation pour accident du travail."},"content":{"rendered":"<p>Les lignes directrices d\u00e9finies par la commission des accidents du travail de l&rsquo;\u00c9tat de New York visent \u00e0 aider les professionnels de la sant\u00e9 dans la r\u00e9\u00e9ducation pr\u00e9 et postop\u00e9ratoire, qui englobe des proc\u00e9dures telles que l&rsquo;arthroplastie de la hanche et la prise en charge des fractures de la hanche. Ces directives ont pour but d&rsquo;aider les m\u00e9decins et les professionnels de la sant\u00e9 \u00e0 d\u00e9terminer les m\u00e9thodes de r\u00e9\u00e9ducation appropri\u00e9es pour les personnes subissant une chirurgie de la hanche.<\/p>\n<p>Les professionnels de la sant\u00e9 sp\u00e9cialis\u00e9s dans la r\u00e9\u00e9ducation pr\u00e9 et postop\u00e9ratoire, en particulier dans le contexte de l&rsquo;arthroplastie de la hanche et des fractures de la hanche, peuvent s&rsquo;appuyer sur les conseils fournis par la Commission des accidents du travail pour prendre des d\u00e9cisions \u00e9clair\u00e9es concernant les plans de r\u00e9\u00e9ducation les plus appropri\u00e9s pour leurs patients.<\/p>\n<p>Il est essentiel de souligner que ces lignes directrices ne sont pas destin\u00e9es \u00e0 remplacer le jugement clinique ou l&rsquo;expertise professionnelle. La d\u00e9cision finale concernant la r\u00e9adaptation doit faire l&rsquo;objet d&rsquo;une collaboration entre le patient et son prestataire de soins.<\/p>\n<h2>R\u00e9\u00e9ducation pr\u00e9 et postop\u00e9ratoire, y compris arthroplastie de la hanche et fractures de la hanche<\/h2>\n<p>Bien que les caract\u00e9ristiques et les exigences des patients ayant <a href=\"https:\/\/newyorkhipknee.com\/hip-avascular-necrosis\/tha\/\" target=\"_blank\" rel=\"noopener\">subi une arthroplastie<\/a> puissent se chevaucher, la mobilisation et les exercices \u00e0 effectuer apr\u00e8s une fracture de la hanche sont susceptibles de diff\u00e9rer quelque peu. Ces aspects seront examin\u00e9s s\u00e9par\u00e9ment ci-dessous.<\/p>\n<p>&nbsp;<\/p>\n<h3>Traitements<\/h3>\n<h4>R\u00e9habilitation<\/h4>\n<p>La r\u00e9adaptation pour les accidents du travail doit \u00eatre ax\u00e9e sur le r\u00e9tablissement des capacit\u00e9s fonctionnelles n\u00e9cessaires \u00e0 l&rsquo;individu pour mener \u00e0 bien ses activit\u00e9s quotidiennes et professionnelles, en visant un retour au travail et en s&rsquo;effor\u00e7ant de ramener le travailleur bless\u00e9 \u00e0 son \u00e9tat ant\u00e9rieur \u00e0 l&rsquo;accident, dans la mesure du possible.<\/p>\n<p>La th\u00e9rapie active implique l&rsquo;effort interne du patient pour effectuer des exercices ou des t\u00e2ches sp\u00e9cifiques, tandis que la th\u00e9rapie passive repose sur des interventions d\u00e9livr\u00e9es par un th\u00e9rapeute sans que le patient n&rsquo;ait \u00e0 fournir d&rsquo;effort.<\/p>\n<p>En g\u00e9n\u00e9ral, les interventions passives sont consid\u00e9r\u00e9es comme un moyen de soutenir les progr\u00e8s d&rsquo;un programme de th\u00e9rapie active, conduisant \u00e0 des gains fonctionnels objectifs. Il est important de privil\u00e9gier les interventions actives par rapport aux interventions passives. Il est conseill\u00e9 aux patients de poursuivre les th\u00e9rapies actives et passives \u00e0 domicile dans le prolongement du processus de traitement afin de maintenir les niveaux d&rsquo;am\u00e9lioration.<\/p>\n<p>L&rsquo;int\u00e9gration d&rsquo;appareils d&rsquo;assistance dans le plan de r\u00e9adaptation peut \u00eatre consid\u00e9r\u00e9e comme une mesure compl\u00e9mentaire pour faciliter les gains fonctionnels.<\/p>\n<p>&nbsp;<\/p>\n<h4>Programme d&rsquo;exercices et de r\u00e9\u00e9ducation post-op\u00e9ratoire<\/h4>\n<p>Suggestion &#8211; Mettre en place un programme d&rsquo;exercices et de r\u00e9\u00e9ducation postop\u00e9ratoire sp\u00e9cialement con\u00e7u pour les patients souffrant d&rsquo;<a href=\"https:\/\/newyorkhipknee.com\/workers-comp\/mtg\/hip-and-groin-disorders\/hip-fractures\/\" target=\"_blank\" rel=\"noopener\"> une fracture de la hanche<\/a>.<\/p>\n<p>Indications : Cette recommandation s&rsquo;applique \u00e0 tous les patients souffrant d&rsquo;une fracture de la hanche. Les programmes doivent \u00eatre adapt\u00e9s \u00e0 chaque individu, en tenant compte de facteurs tels que l&rsquo;\u00e9tat pr\u00e9op\u00e9ratoire, la qualit\u00e9 de l&rsquo;os, les r\u00e9sultats imm\u00e9diats de la chirurgie, les contre-indications et d&rsquo;autres conditions m\u00e9dicales.<\/p>\n<p>Fr\u00e9quence\/dose\/dur\u00e9e : Le nombre total de visites peut aller de deux ou trois pour les patients pr\u00e9sentant des d\u00e9ficits fonctionnels l\u00e9gers \u00e0 12 ou 15 pour les patients pr\u00e9sentant des d\u00e9ficits plus graves, \u00e0 condition qu&rsquo;une am\u00e9lioration fonctionnelle objective et continue soit attest\u00e9e. Si les d\u00e9ficits fonctionnels persistent, plus de 12 \u00e0 15 visites peuvent \u00eatre justifi\u00e9es, en particulier si l&rsquo;on constate une am\u00e9lioration vers des objectifs fonctionnels sp\u00e9cifiques (par exemple, l&rsquo;amplitude des mouvements, l&rsquo;am\u00e9lioration de la capacit\u00e9 \u00e0 effectuer des activit\u00e9s professionnelles). Dans le cadre du plan de r\u00e9adaptation, un programme d&rsquo;exercices \u00e0 domicile doit \u00eatre \u00e9labor\u00e9 et mis en \u0153uvre parall\u00e8lement \u00e0 la th\u00e9rapie.<\/p>\n","protected":false},"excerpt":{"rendered":"<p>Les lignes directrices d\u00e9finies par la commission des accidents du travail de l&rsquo;\u00c9tat de New York visent \u00e0 aider les professionnels de la sant\u00e9 dans la r\u00e9\u00e9ducation pr\u00e9 et postop\u00e9ratoire, qui englobe des proc\u00e9dures telles que l&rsquo;arthroplastie de la hanche et la prise en charge des fractures de la hanche. Ces directives ont pour but [&hellip;]<\/p>\n","protected":false},"author":33,"featured_media":0,"parent":22249,"menu_order":0,"comment_status":"closed","ping_status":"closed","template":"","meta":{"_et_pb_use_builder":"","_et_pb_old_content":"","_et_gb_content_width":"","footnotes":""},"class_list":["post-22245","page","type-page","status-publish","hentry"],"yoast_head":"<!-- This site is optimized with the Yoast SEO plugin v27.2 - https:\/\/yoast.com\/product\/yoast-seo-wordpress\/ -->\n<title>Directives m\u00e9dicales de l&#039;\u00c9tat de New York pour la r\u00e9\u00e9ducation pr\u00e9 et postop\u00e9ratoire, y compris l&#039;arthroplastie de la hanche et les fractures de la hanche chez les patients b\u00e9n\u00e9ficiant d&#039;une indemnisation pour accident du travail. | Best Hip &amp; Knee Surgeon | NY, USA<\/title>\n<meta name=\"description\" content=\"Les lignes directrices d\u00e9finies par la commission des accidents du travail de l&#039;\u00c9tat de New York visent \u00e0 aider les professionnels de la sant\u00e9 dans la\" \/>\n<meta name=\"robots\" content=\"index, follow, max-snippet:-1, max-image-preview:large, max-video-preview:-1\" \/>\n<link rel=\"canonical\" href=\"https:\/\/www.newyorkhipknee.com\/fr\/indemnisation-des-travailleurs\/lignes-directrices-pour-les-traitements-medicaux-mtg\/troubles-de-la-hanche-et-de-laine\/reeducation-pre-et-postoperatoire-y-compris-arthroplastie-de-la-hanche-et-fractures-de-la-hanche\/\" \/>\n<meta property=\"og:locale\" content=\"fr_FR\" \/>\n<meta property=\"og:type\" content=\"article\" \/>\n<meta property=\"og:title\" content=\"Directives m\u00e9dicales de l&#039;\u00c9tat de New York pour la r\u00e9\u00e9ducation pr\u00e9 et postop\u00e9ratoire, y compris l&#039;arthroplastie de la hanche et les fractures de la hanche chez les patients b\u00e9n\u00e9ficiant d&#039;une indemnisation pour accident du travail. | Best Hip &amp; Knee Surgeon | NY, USA\" \/>\n<meta property=\"og:description\" content=\"Les lignes directrices d\u00e9finies par la commission des accidents du travail de l&#039;\u00c9tat de New York visent \u00e0 aider les professionnels de la sant\u00e9 dans la\" \/>\n<meta property=\"og:url\" content=\"https:\/\/www.newyorkhipknee.com\/fr\/indemnisation-des-travailleurs\/lignes-directrices-pour-les-traitements-medicaux-mtg\/troubles-de-la-hanche-et-de-laine\/reeducation-pre-et-postoperatoire-y-compris-arthroplastie-de-la-hanche-et-fractures-de-la-hanche\/\" \/>\n<meta property=\"og:site_name\" content=\"Best Hip &amp; Knee Surgeon | NY, USA\" \/>\n<meta property=\"article:modified_time\" content=\"2024-01-30T16:15:20+00:00\" \/>\n<meta name=\"twitter:card\" content=\"summary_large_image\" \/>\n<meta name=\"twitter:label1\" content=\"Dur\u00e9e de lecture estim\u00e9e\" \/>\n\t<meta name=\"twitter:data1\" content=\"3 minutes\" \/>\n<script type=\"application\/ld+json\" class=\"yoast-schema-graph\">{\"@context\":\"https:\/\/schema.org\",\"@graph\":[{\"@type\":[\"WebPage\",\"MedicalWebPage\"],\"@id\":\"https:\/\/www.newyorkhipknee.com\/fr\/indemnisation-des-travailleurs\/lignes-directrices-pour-les-traitements-medicaux-mtg\/troubles-de-la-hanche-et-de-laine\/reeducation-pre-et-postoperatoire-y-compris-arthroplastie-de-la-hanche-et-fractures-de-la-hanche\/\",\"url\":\"https:\/\/www.newyorkhipknee.com\/fr\/indemnisation-des-travailleurs\/lignes-directrices-pour-les-traitements-medicaux-mtg\/troubles-de-la-hanche-et-de-laine\/reeducation-pre-et-postoperatoire-y-compris-arthroplastie-de-la-hanche-et-fractures-de-la-hanche\/\",\"name\":\"Directives m\u00e9dicales de l'\u00c9tat de New York pour la r\u00e9\u00e9ducation pr\u00e9 et postop\u00e9ratoire, y compris l'arthroplastie de la hanche et les fractures de la hanche chez les patients b\u00e9n\u00e9ficiant d'une indemnisation pour accident du travail. | Best Hip &amp; Knee Surgeon | NY, USA\",\"isPartOf\":{\"@id\":\"https:\/\/www.newyorkhipknee.com\/fr\/#website\"},\"datePublished\":\"2024-01-09T19:55:28+00:00\",\"dateModified\":\"2024-01-30T16:15:20+00:00\",\"description\":\"Les lignes directrices d\u00e9finies par la commission des accidents du travail de l'\u00c9tat de New York visent \u00e0 aider les professionnels de la sant\u00e9 dans la\",\"breadcrumb\":{\"@id\":\"https:\/\/www.newyorkhipknee.com\/fr\/indemnisation-des-travailleurs\/lignes-directrices-pour-les-traitements-medicaux-mtg\/troubles-de-la-hanche-et-de-laine\/reeducation-pre-et-postoperatoire-y-compris-arthroplastie-de-la-hanche-et-fractures-de-la-hanche\/#breadcrumb\"},\"inLanguage\":\"fr-FR\",\"potentialAction\":[{\"@type\":\"ReadAction\",\"target\":[\"https:\/\/www.newyorkhipknee.com\/fr\/indemnisation-des-travailleurs\/lignes-directrices-pour-les-traitements-medicaux-mtg\/troubles-de-la-hanche-et-de-laine\/reeducation-pre-et-postoperatoire-y-compris-arthroplastie-de-la-hanche-et-fractures-de-la-hanche\/\"]}]},{\"@type\":\"BreadcrumbList\",\"@id\":\"https:\/\/www.newyorkhipknee.com\/fr\/indemnisation-des-travailleurs\/lignes-directrices-pour-les-traitements-medicaux-mtg\/troubles-de-la-hanche-et-de-laine\/reeducation-pre-et-postoperatoire-y-compris-arthroplastie-de-la-hanche-et-fractures-de-la-hanche\/#breadcrumb\",\"itemListElement\":[{\"@type\":\"ListItem\",\"position\":1,\"name\":\"Home\",\"item\":\"https:\/\/www.newyorkhipknee.com\/fr\/\"},{\"@type\":\"ListItem\",\"position\":2,\"name\":\"Indemnisation des travailleurs\",\"item\":\"https:\/\/www.newyorkhipknee.com\/fr\/indemnisation-des-travailleurs\/\"},{\"@type\":\"ListItem\",\"position\":3,\"name\":\"Lignes directrices pour les traitements m\u00e9dicaux (MTG)\",\"item\":\"https:\/\/www.newyorkhipknee.com\/fr\/indemnisation-des-travailleurs\/lignes-directrices-pour-les-traitements-medicaux-mtg\/\"},{\"@type\":\"ListItem\",\"position\":4,\"name\":\"Directives de traitement m\u00e9dical de l&rsquo;\u00c9tat de New York pour les troubles de la hanche et de l&rsquo;aine chez les travailleurs indemnis\u00e9s\",\"item\":\"https:\/\/www.newyorkhipknee.com\/fr\/indemnisation-des-travailleurs\/lignes-directrices-pour-les-traitements-medicaux-mtg\/troubles-de-la-hanche-et-de-laine\/\"},{\"@type\":\"ListItem\",\"position\":5,\"name\":\"Directives m\u00e9dicales de l&rsquo;\u00c9tat de New York pour la r\u00e9\u00e9ducation pr\u00e9 et postop\u00e9ratoire, y compris l&rsquo;arthroplastie de la hanche et les fractures de la hanche chez les patients b\u00e9n\u00e9ficiant d&rsquo;une indemnisation pour accident du travail.\"}]},{\"@type\":\"WebSite\",\"@id\":\"https:\/\/www.newyorkhipknee.com\/fr\/#website\",\"url\":\"https:\/\/www.newyorkhipknee.com\/fr\/\",\"name\":\"Best Hip & Knee Surgeon | NY, USA\",\"description\":\"\",\"potentialAction\":[{\"@type\":\"SearchAction\",\"target\":{\"@type\":\"EntryPoint\",\"urlTemplate\":\"https:\/\/www.newyorkhipknee.com\/fr\/?s={search_term_string}\"},\"query-input\":{\"@type\":\"PropertyValueSpecification\",\"valueRequired\":true,\"valueName\":\"search_term_string\"}}],\"inLanguage\":\"fr-FR\"}]}<\/script>\n<!-- \/ Yoast SEO plugin. -->","yoast_head_json":{"title":"Directives m\u00e9dicales de l'\u00c9tat de New York pour la r\u00e9\u00e9ducation pr\u00e9 et postop\u00e9ratoire, y compris l'arthroplastie de la hanche et les fractures de la hanche chez les patients b\u00e9n\u00e9ficiant d'une indemnisation pour accident du travail. | Best Hip &amp; Knee Surgeon | NY, USA","description":"Les lignes directrices d\u00e9finies par la commission des accidents du travail de l'\u00c9tat de New York visent \u00e0 aider les professionnels de la sant\u00e9 dans la","robots":{"index":"index","follow":"follow","max-snippet":"max-snippet:-1","max-image-preview":"max-image-preview:large","max-video-preview":"max-video-preview:-1"},"canonical":"https:\/\/www.newyorkhipknee.com\/fr\/indemnisation-des-travailleurs\/lignes-directrices-pour-les-traitements-medicaux-mtg\/troubles-de-la-hanche-et-de-laine\/reeducation-pre-et-postoperatoire-y-compris-arthroplastie-de-la-hanche-et-fractures-de-la-hanche\/","og_locale":"fr_FR","og_type":"article","og_title":"Directives m\u00e9dicales de l'\u00c9tat de New York pour la r\u00e9\u00e9ducation pr\u00e9 et postop\u00e9ratoire, y compris l'arthroplastie de la hanche et les fractures de la hanche chez les patients b\u00e9n\u00e9ficiant d'une indemnisation pour accident du travail. | Best Hip &amp; Knee Surgeon | NY, USA","og_description":"Les lignes directrices d\u00e9finies par la commission des accidents du travail de l'\u00c9tat de New York visent \u00e0 aider les professionnels de la sant\u00e9 dans la","og_url":"https:\/\/www.newyorkhipknee.com\/fr\/indemnisation-des-travailleurs\/lignes-directrices-pour-les-traitements-medicaux-mtg\/troubles-de-la-hanche-et-de-laine\/reeducation-pre-et-postoperatoire-y-compris-arthroplastie-de-la-hanche-et-fractures-de-la-hanche\/","og_site_name":"Best Hip &amp; Knee Surgeon | NY, USA","article_modified_time":"2024-01-30T16:15:20+00:00","twitter_card":"summary_large_image","twitter_misc":{"Dur\u00e9e de lecture estim\u00e9e":"3 minutes"},"schema":{"@context":"https:\/\/schema.org","@graph":[{"@type":["WebPage","MedicalWebPage"],"@id":"https:\/\/www.newyorkhipknee.com\/fr\/indemnisation-des-travailleurs\/lignes-directrices-pour-les-traitements-medicaux-mtg\/troubles-de-la-hanche-et-de-laine\/reeducation-pre-et-postoperatoire-y-compris-arthroplastie-de-la-hanche-et-fractures-de-la-hanche\/","url":"https:\/\/www.newyorkhipknee.com\/fr\/indemnisation-des-travailleurs\/lignes-directrices-pour-les-traitements-medicaux-mtg\/troubles-de-la-hanche-et-de-laine\/reeducation-pre-et-postoperatoire-y-compris-arthroplastie-de-la-hanche-et-fractures-de-la-hanche\/","name":"Directives m\u00e9dicales de l'\u00c9tat de New York pour la r\u00e9\u00e9ducation pr\u00e9 et postop\u00e9ratoire, y compris l'arthroplastie de la hanche et les fractures de la hanche chez les patients b\u00e9n\u00e9ficiant d'une indemnisation pour accident du travail. | Best Hip &amp; Knee Surgeon | NY, USA","isPartOf":{"@id":"https:\/\/www.newyorkhipknee.com\/fr\/#website"},"datePublished":"2024-01-09T19:55:28+00:00","dateModified":"2024-01-30T16:15:20+00:00","description":"Les lignes directrices d\u00e9finies par la commission des accidents du travail de l'\u00c9tat de New York visent \u00e0 aider les professionnels de la sant\u00e9 dans la","breadcrumb":{"@id":"https:\/\/www.newyorkhipknee.com\/fr\/indemnisation-des-travailleurs\/lignes-directrices-pour-les-traitements-medicaux-mtg\/troubles-de-la-hanche-et-de-laine\/reeducation-pre-et-postoperatoire-y-compris-arthroplastie-de-la-hanche-et-fractures-de-la-hanche\/#breadcrumb"},"inLanguage":"fr-FR","potentialAction":[{"@type":"ReadAction","target":["https:\/\/www.newyorkhipknee.com\/fr\/indemnisation-des-travailleurs\/lignes-directrices-pour-les-traitements-medicaux-mtg\/troubles-de-la-hanche-et-de-laine\/reeducation-pre-et-postoperatoire-y-compris-arthroplastie-de-la-hanche-et-fractures-de-la-hanche\/"]}]},{"@type":"BreadcrumbList","@id":"https:\/\/www.newyorkhipknee.com\/fr\/indemnisation-des-travailleurs\/lignes-directrices-pour-les-traitements-medicaux-mtg\/troubles-de-la-hanche-et-de-laine\/reeducation-pre-et-postoperatoire-y-compris-arthroplastie-de-la-hanche-et-fractures-de-la-hanche\/#breadcrumb","itemListElement":[{"@type":"ListItem","position":1,"name":"Home","item":"https:\/\/www.newyorkhipknee.com\/fr\/"},{"@type":"ListItem","position":2,"name":"Indemnisation des travailleurs","item":"https:\/\/www.newyorkhipknee.com\/fr\/indemnisation-des-travailleurs\/"},{"@type":"ListItem","position":3,"name":"Lignes directrices pour les traitements m\u00e9dicaux (MTG)","item":"https:\/\/www.newyorkhipknee.com\/fr\/indemnisation-des-travailleurs\/lignes-directrices-pour-les-traitements-medicaux-mtg\/"},{"@type":"ListItem","position":4,"name":"Directives de traitement m\u00e9dical de l&rsquo;\u00c9tat de New York pour les troubles de la hanche et de l&rsquo;aine chez les travailleurs indemnis\u00e9s","item":"https:\/\/www.newyorkhipknee.com\/fr\/indemnisation-des-travailleurs\/lignes-directrices-pour-les-traitements-medicaux-mtg\/troubles-de-la-hanche-et-de-laine\/"},{"@type":"ListItem","position":5,"name":"Directives m\u00e9dicales de l&rsquo;\u00c9tat de New York pour la r\u00e9\u00e9ducation pr\u00e9 et postop\u00e9ratoire, y compris l&rsquo;arthroplastie de la hanche et les fractures de la hanche chez les patients b\u00e9n\u00e9ficiant d&rsquo;une indemnisation pour accident du travail."}]},{"@type":"WebSite","@id":"https:\/\/www.newyorkhipknee.com\/fr\/#website","url":"https:\/\/www.newyorkhipknee.com\/fr\/","name":"Best Hip & Knee Surgeon | NY, USA","description":"","potentialAction":[{"@type":"SearchAction","target":{"@type":"EntryPoint","urlTemplate":"https:\/\/www.newyorkhipknee.com\/fr\/?s={search_term_string}"},"query-input":{"@type":"PropertyValueSpecification","valueRequired":true,"valueName":"search_term_string"}}],"inLanguage":"fr-FR"}]}},"_links":{"self":[{"href":"https:\/\/www.newyorkhipknee.com\/fr\/wp-json\/wp\/v2\/pages\/22245","targetHints":{"allow":["GET"]}}],"collection":[{"href":"https:\/\/www.newyorkhipknee.com\/fr\/wp-json\/wp\/v2\/pages"}],"about":[{"href":"https:\/\/www.newyorkhipknee.com\/fr\/wp-json\/wp\/v2\/types\/page"}],"author":[{"embeddable":true,"href":"https:\/\/www.newyorkhipknee.com\/fr\/wp-json\/wp\/v2\/users\/33"}],"replies":[{"embeddable":true,"href":"https:\/\/www.newyorkhipknee.com\/fr\/wp-json\/wp\/v2\/comments?post=22245"}],"version-history":[{"count":0,"href":"https:\/\/www.newyorkhipknee.com\/fr\/wp-json\/wp\/v2\/pages\/22245\/revisions"}],"up":[{"embeddable":true,"href":"https:\/\/www.newyorkhipknee.com\/fr\/wp-json\/wp\/v2\/pages\/22249"}],"wp:attachment":[{"href":"https:\/\/www.newyorkhipknee.com\/fr\/wp-json\/wp\/v2\/media?parent=22245"}],"curies":[{"name":"wp","href":"https:\/\/api.w.org\/{rel}","templated":true}]}}