{"id":22247,"date":"2024-01-09T14:37:42","date_gmt":"2024-01-09T19:37:42","guid":{"rendered":"https:\/\/newyorkhipknee.com\/prevention-de-la-maladie-thromboembolique-veineuse\/"},"modified":"2024-01-30T11:15:24","modified_gmt":"2024-01-30T16:15:24","slug":"prevention-de-la-maladie-thromboembolique-veineuse","status":"publish","type":"page","link":"https:\/\/www.newyorkhipknee.com\/fr\/indemnisation-des-travailleurs\/lignes-directrices-pour-les-traitements-medicaux-mtg\/troubles-de-la-hanche-et-de-laine\/prevention-de-la-maladie-thromboembolique-veineuse\/","title":{"rendered":"Directives m\u00e9dicales de l&rsquo;\u00c9tat de New York pour la pr\u00e9vention de la maladie thromboembolique veineuse chez les travailleurs indemnis\u00e9s"},"content":{"rendered":"<p>Les lignes directrices \u00e9tablies par la commission des accidents du travail de l&rsquo;\u00c9tat de New York sont con\u00e7ues pour aider les professionnels de la sant\u00e9 \u00e0 pr\u00e9venir la maladie thromboembolique veineuse. Ces directives visent \u00e0 aider les m\u00e9decins et les professionnels de la sant\u00e9 \u00e0 d\u00e9terminer les mesures appropri\u00e9es pour pr\u00e9venir cette affection.<\/p>\n<p>Les professionnels de la sant\u00e9 qui se concentrent sur la pr\u00e9vention de la maladie thromboembolique veineuse peuvent s&rsquo;appuyer sur les conseils fournis par la Commission des accidents du travail pour prendre des d\u00e9cisions \u00e9clair\u00e9es sur les strat\u00e9gies pr\u00e9ventives les plus appropri\u00e9es pour leurs patients.<\/p>\n<p>Il est important de souligner que ces lignes directrices ne sont pas destin\u00e9es \u00e0 remplacer le jugement clinique ou l&rsquo;expertise professionnelle. La d\u00e9cision finale concernant la pr\u00e9vention doit \u00eatre prise en collaboration avec le patient et son prestataire de soins de sant\u00e9.<\/p>\n<p>&nbsp;<\/p>\n<p>Les patients ayant subi une arthroplastie de la hanche ou du genou apr\u00e8s l&rsquo;op\u00e9ration sont expos\u00e9s \u00e0 un risque important de <a href=\"https:\/\/newyorkhipknee.com\/workers-comp\/mtg\/hip-and-groin-disorders\/prevention-of-venous-thromboembolic-disease\/\" target=\"_blank\" rel=\"noopener\">maladie thromboembolique veineuse<\/a> (MTEV), une complication qui peut entra\u00eener \u00e0 la fois une morbidit\u00e9 et une mortalit\u00e9.<\/p>\n<p>&nbsp;<\/p>\n<h2>M\u00e9dicaments<\/h2>\n<h3>H\u00e9parine de faible poids mol\u00e9culaire<\/h3>\n<p>Suggestion &#8211; Envisager l&rsquo;utilisation de l&rsquo;h\u00e9parine de bas poids mol\u00e9culaire pour pr\u00e9venir la maladie thromboembolique veineuse.<\/p>\n<p>Indications : Cette indication est particuli\u00e8rement pertinente pour les patients ayant subi une arthroplastie, une fracture de la hanche ou une chirurgie majeure de la hanche, notamment en cas d&rsquo;inactivit\u00e9 prolong\u00e9e ou de niveau d&rsquo;activit\u00e9 r\u00e9duit.<\/p>\n<p>Les patients ayant d\u00e9j\u00e0 eu des r\u00e9actions ind\u00e9sirables \u00e0 l&rsquo;HBPM peuvent souhaiter explorer d&rsquo;autres traitements dans un premier temps.<\/p>\n<p>Fr\u00e9quence\/dose\/dur\u00e9e : La dur\u00e9e id\u00e9ale du traitement ne fait pas l&rsquo;objet d&rsquo;un consensus et il est recommand\u00e9 de l&rsquo;adapter en fonction des niveaux d&rsquo;activit\u00e9 individuels. Savoir quand arr\u00eater &#8211; en cas de complication majeure, comme une h\u00e9morragie importante, ou si d&rsquo;autres effets ind\u00e9sirables apparaissent.<\/p>\n<p>Raisonnement : En g\u00e9n\u00e9ral, les h\u00e9morragies majeures constituent l&rsquo;effet ind\u00e9sirable le plus important associ\u00e9 \u00e0 la plupart des m\u00e9dicaments utilis\u00e9s pour pr\u00e9venir la MTEV. Preuves \u00e0 l&rsquo;appui de l&rsquo;utilisation de l&rsquo;h\u00e9parine de faible poids mol\u00e9culaire.<\/p>\n<p>&nbsp;<\/p>\n<h3>Inhibiteurs du facteur Xa<\/h3>\n<p>Sugg\u00e9r\u00e9 &#8211; Envisager l&rsquo;utilisation d&rsquo;inhibiteurs du facteur Xa pour pr\u00e9venir la maladie thromboembolique veineuse.<\/p>\n<p>Indications : Cette indication est particuli\u00e8rement pertinente pour les patients ayant subi une arthroplastie, une fracture de la hanche ou une chirurgie majeure de la hanche, notamment en cas d&rsquo;inactivit\u00e9 prolong\u00e9e ou de niveau d&rsquo;activit\u00e9 r\u00e9duit. Les patients ayant d\u00e9j\u00e0 pr\u00e9sent\u00e9 des effets ind\u00e9sirables peuvent souhaiter explorer d&rsquo;autres traitements dans un premier temps. Il est important de noter que les personnes souffrant d&rsquo;insuffisance r\u00e9nale doivent g\u00e9n\u00e9ralement opter pour un autre m\u00e9dicament en raison de l&rsquo;excr\u00e9tion r\u00e9nale de ce compos\u00e9. Preuves \u00e0 l&rsquo;appui de l&rsquo;utilisation des inhibiteurs du facteur Xa.<\/p>\n<p>&nbsp;<\/p>\n<h3>Warfarine et h\u00e9parine<\/h3>\n<p>Sugg\u00e9r\u00e9 &#8211; Envisager la warfarine et l&rsquo;h\u00e9parine pour pr\u00e9venir la maladie thromboembolique veineuse, en particulier chez les patients ayant subi une arthroplastie postop\u00e9ratoire, une fracture de la hanche ou une intervention chirurgicale majeure de la hanche.<\/p>\n<p>Effets n\u00e9fastes : Attention au risque accru d&rsquo;h\u00e9morragie, en particulier intracr\u00e2nienne et gastro-intestinale. Toutefois, cette situation est un peu moins pr\u00e9occupante que d&rsquo;autres options, car le traitement est plus facilement r\u00e9versible que les h\u00e9parines de faible poids mol\u00e9culaire ou les inhibiteurs du facteur Xa.<\/p>\n<p>Fr\u00e9quence\/dose\/dur\u00e9e : Les injections sous-cutan\u00e9es d&rsquo;h\u00e9parine peuvent \u00eatre titr\u00e9es en fonction du temps de c\u00e9phaline activ\u00e9 (TCA), tandis que les doses de warfarine sont ajust\u00e9es en fonction du rapport international normalis\u00e9 (RIN). Preuves \u00e0 l&rsquo;appui de l&rsquo;utilisation de la warfarine et de l&rsquo;h\u00e9parine.<\/p>\n<p>&nbsp;<\/p>\n<h3>Aspirine<\/h3>\n<p>Suggestion &#8211; Envisager l&rsquo;utilisation de l&rsquo;aspirine pour pr\u00e9venir la thrombose veineuse profonde. Indications : Cette indication est particuli\u00e8rement pertinente pour les patients ayant subi une arthroplastie, une fracture de la hanche ou une chirurgie majeure de la hanche, g\u00e9n\u00e9ralement apr\u00e8s avoir interrompu d&rsquo;autres traitements tels que l&rsquo;HBPM, l&rsquo;h\u00e9parine ou d&rsquo;autres anticoagulants.<\/p>\n<p>&nbsp;<\/p>\n<h2>Traitements<\/h2>\n<h2>Dispositifs<\/h2>\n<h3>Bas de compression<\/h3>\n<p>Suggestion &#8211; Envisager l&rsquo;utilisation de bas de compression pour pr\u00e9venir la maladie thromboembolique veineuse.<\/p>\n<p>Indications : Ceci est particuli\u00e8rement important pour tous les patients ayant subi une op\u00e9ration de la hanche, y compris ceux qui ont subi une fracture de la hanche, une arthroplastie de la hanche ou tout autre patient consid\u00e9r\u00e9 comme pr\u00e9sentant un risque accru de MTEV au cours de la p\u00e9riode postop\u00e9ratoire. Savoir quand arr\u00eater : En g\u00e9n\u00e9ral, un mois apr\u00e8s l&rsquo;op\u00e9ration ou \u00e0 la reprise de toutes les activit\u00e9s normales et de tous les niveaux d&rsquo;activit\u00e9. Si les activit\u00e9s normales n&rsquo;ont pas repris, une utilisation au-del\u00e0 de quatre semaines peut \u00eatre recommand\u00e9e. Preuves \u00e0 l&rsquo;appui de l&rsquo;utilisation de bas de compression.<\/p>\n<p>&nbsp;<\/p>\n<h3>Pompes pour les membres inf\u00e9rieurs<\/h3>\n<p>Suggestion &#8211; Pensez aux pompes des membres inf\u00e9rieurs pour pr\u00e9venir la maladie thromboembolique veineuse chez les patients ayant subi une chirurgie majeure de la hanche. Indications : Ceci s&rsquo;applique aux personnes ayant subi une fracture de la hanche, une arthroplastie de la hanche ou toute autre personne consid\u00e9r\u00e9e comme pr\u00e9sentant un risque accru de MTEV au cours de la p\u00e9riode post-op\u00e9ratoire.<\/p>\n<p>Fr\u00e9quence\/dose\/dur\u00e9e : Les dispositifs peuvent comprendre des pompes \u00e0 pied, des pompes \u00e0 pied et \u00e0 mollet, des dispositifs de compression intermittente de l&rsquo;ensemble des membres inf\u00e9rieurs et diverses autres combinaisons.<\/p>\n<p>Savoir quand arr\u00eater : Il est g\u00e9n\u00e9ralement conseill\u00e9 d&rsquo;arr\u00eater le traitement au bout de 14 jours, \u00e0 moins que des probl\u00e8mes persistants, tels qu&rsquo;un retard dans la r\u00e9\u00e9ducation et l&rsquo;ambulation, n&rsquo;indiquent un risque accru.<\/p>\n","protected":false},"excerpt":{"rendered":"<p>Les lignes directrices \u00e9tablies par la commission des accidents du travail de l&rsquo;\u00c9tat de New York sont con\u00e7ues pour aider les professionnels de la sant\u00e9 \u00e0 pr\u00e9venir la maladie thromboembolique veineuse. Ces directives visent \u00e0 aider les m\u00e9decins et les professionnels de la sant\u00e9 \u00e0 d\u00e9terminer les mesures appropri\u00e9es pour pr\u00e9venir cette affection. Les professionnels [&hellip;]<\/p>\n","protected":false},"author":33,"featured_media":0,"parent":22249,"menu_order":0,"comment_status":"closed","ping_status":"closed","template":"","meta":{"_et_pb_use_builder":"","_et_pb_old_content":"","_et_gb_content_width":"","footnotes":""},"class_list":["post-22247","page","type-page","status-publish","hentry"],"yoast_head":"<!-- This site is optimized with the Yoast SEO plugin v27.2 - https:\/\/yoast.com\/product\/yoast-seo-wordpress\/ -->\n<title>Directives m\u00e9dicales de l&#039;\u00c9tat de New York pour la pr\u00e9vention de la maladie thromboembolique veineuse chez les travailleurs indemnis\u00e9s | Best Hip &amp; Knee Surgeon | NY, USA<\/title>\n<meta name=\"description\" content=\"Les lignes directrices \u00e9tablies par la commission des accidents du travail de l&#039;\u00c9tat de New York sont con\u00e7ues pour aider les professionnels de la sant\u00e9 \u00e0\" \/>\n<meta name=\"robots\" content=\"index, follow, max-snippet:-1, max-image-preview:large, max-video-preview:-1\" \/>\n<link rel=\"canonical\" href=\"https:\/\/www.newyorkhipknee.com\/fr\/indemnisation-des-travailleurs\/lignes-directrices-pour-les-traitements-medicaux-mtg\/troubles-de-la-hanche-et-de-laine\/prevention-de-la-maladie-thromboembolique-veineuse\/\" \/>\n<meta property=\"og:locale\" content=\"fr_FR\" \/>\n<meta property=\"og:type\" content=\"article\" \/>\n<meta property=\"og:title\" content=\"Directives m\u00e9dicales de l&#039;\u00c9tat de New York pour la pr\u00e9vention de la maladie thromboembolique veineuse chez les travailleurs indemnis\u00e9s | Best Hip &amp; Knee Surgeon | NY, USA\" \/>\n<meta property=\"og:description\" content=\"Les lignes directrices \u00e9tablies par la commission des accidents du travail de l&#039;\u00c9tat de New York sont con\u00e7ues pour aider les professionnels de la sant\u00e9 \u00e0\" \/>\n<meta property=\"og:url\" content=\"https:\/\/www.newyorkhipknee.com\/fr\/indemnisation-des-travailleurs\/lignes-directrices-pour-les-traitements-medicaux-mtg\/troubles-de-la-hanche-et-de-laine\/prevention-de-la-maladie-thromboembolique-veineuse\/\" \/>\n<meta property=\"og:site_name\" content=\"Best Hip &amp; Knee Surgeon | NY, USA\" \/>\n<meta property=\"article:modified_time\" content=\"2024-01-30T16:15:24+00:00\" \/>\n<meta name=\"twitter:card\" content=\"summary_large_image\" \/>\n<meta name=\"twitter:label1\" content=\"Dur\u00e9e de lecture estim\u00e9e\" \/>\n\t<meta name=\"twitter:data1\" content=\"5 minutes\" \/>\n<script type=\"application\/ld+json\" class=\"yoast-schema-graph\">{\"@context\":\"https:\/\/schema.org\",\"@graph\":[{\"@type\":[\"WebPage\",\"MedicalWebPage\"],\"@id\":\"https:\/\/www.newyorkhipknee.com\/fr\/indemnisation-des-travailleurs\/lignes-directrices-pour-les-traitements-medicaux-mtg\/troubles-de-la-hanche-et-de-laine\/prevention-de-la-maladie-thromboembolique-veineuse\/\",\"url\":\"https:\/\/www.newyorkhipknee.com\/fr\/indemnisation-des-travailleurs\/lignes-directrices-pour-les-traitements-medicaux-mtg\/troubles-de-la-hanche-et-de-laine\/prevention-de-la-maladie-thromboembolique-veineuse\/\",\"name\":\"Directives m\u00e9dicales de l'\u00c9tat de New York pour la pr\u00e9vention de la maladie thromboembolique veineuse chez les travailleurs indemnis\u00e9s | Best Hip &amp; Knee Surgeon | NY, USA\",\"isPartOf\":{\"@id\":\"https:\/\/www.newyorkhipknee.com\/fr\/#website\"},\"datePublished\":\"2024-01-09T19:37:42+00:00\",\"dateModified\":\"2024-01-30T16:15:24+00:00\",\"description\":\"Les lignes directrices \u00e9tablies par la commission des accidents du travail de l'\u00c9tat de New York sont con\u00e7ues pour aider les professionnels de la sant\u00e9 \u00e0\",\"breadcrumb\":{\"@id\":\"https:\/\/www.newyorkhipknee.com\/fr\/indemnisation-des-travailleurs\/lignes-directrices-pour-les-traitements-medicaux-mtg\/troubles-de-la-hanche-et-de-laine\/prevention-de-la-maladie-thromboembolique-veineuse\/#breadcrumb\"},\"inLanguage\":\"fr-FR\",\"potentialAction\":[{\"@type\":\"ReadAction\",\"target\":[\"https:\/\/www.newyorkhipknee.com\/fr\/indemnisation-des-travailleurs\/lignes-directrices-pour-les-traitements-medicaux-mtg\/troubles-de-la-hanche-et-de-laine\/prevention-de-la-maladie-thromboembolique-veineuse\/\"]}]},{\"@type\":\"BreadcrumbList\",\"@id\":\"https:\/\/www.newyorkhipknee.com\/fr\/indemnisation-des-travailleurs\/lignes-directrices-pour-les-traitements-medicaux-mtg\/troubles-de-la-hanche-et-de-laine\/prevention-de-la-maladie-thromboembolique-veineuse\/#breadcrumb\",\"itemListElement\":[{\"@type\":\"ListItem\",\"position\":1,\"name\":\"Home\",\"item\":\"https:\/\/www.newyorkhipknee.com\/fr\/\"},{\"@type\":\"ListItem\",\"position\":2,\"name\":\"Indemnisation des travailleurs\",\"item\":\"https:\/\/www.newyorkhipknee.com\/fr\/indemnisation-des-travailleurs\/\"},{\"@type\":\"ListItem\",\"position\":3,\"name\":\"Lignes directrices pour les traitements m\u00e9dicaux (MTG)\",\"item\":\"https:\/\/www.newyorkhipknee.com\/fr\/indemnisation-des-travailleurs\/lignes-directrices-pour-les-traitements-medicaux-mtg\/\"},{\"@type\":\"ListItem\",\"position\":4,\"name\":\"Directives de traitement m\u00e9dical de l&rsquo;\u00c9tat de New York pour les troubles de la hanche et de l&rsquo;aine chez les travailleurs indemnis\u00e9s\",\"item\":\"https:\/\/www.newyorkhipknee.com\/fr\/indemnisation-des-travailleurs\/lignes-directrices-pour-les-traitements-medicaux-mtg\/troubles-de-la-hanche-et-de-laine\/\"},{\"@type\":\"ListItem\",\"position\":5,\"name\":\"Directives m\u00e9dicales de l&rsquo;\u00c9tat de New York pour la pr\u00e9vention de la maladie thromboembolique veineuse chez les travailleurs indemnis\u00e9s\"}]},{\"@type\":\"WebSite\",\"@id\":\"https:\/\/www.newyorkhipknee.com\/fr\/#website\",\"url\":\"https:\/\/www.newyorkhipknee.com\/fr\/\",\"name\":\"Best Hip & Knee Surgeon | NY, USA\",\"description\":\"\",\"potentialAction\":[{\"@type\":\"SearchAction\",\"target\":{\"@type\":\"EntryPoint\",\"urlTemplate\":\"https:\/\/www.newyorkhipknee.com\/fr\/?s={search_term_string}\"},\"query-input\":{\"@type\":\"PropertyValueSpecification\",\"valueRequired\":true,\"valueName\":\"search_term_string\"}}],\"inLanguage\":\"fr-FR\"}]}<\/script>\n<!-- \/ Yoast SEO plugin. -->","yoast_head_json":{"title":"Directives m\u00e9dicales de l'\u00c9tat de New York pour la pr\u00e9vention de la maladie thromboembolique veineuse chez les travailleurs indemnis\u00e9s | Best Hip &amp; Knee Surgeon | NY, USA","description":"Les lignes directrices \u00e9tablies par la commission des accidents du travail de l'\u00c9tat de New York sont con\u00e7ues pour aider les professionnels de la sant\u00e9 \u00e0","robots":{"index":"index","follow":"follow","max-snippet":"max-snippet:-1","max-image-preview":"max-image-preview:large","max-video-preview":"max-video-preview:-1"},"canonical":"https:\/\/www.newyorkhipknee.com\/fr\/indemnisation-des-travailleurs\/lignes-directrices-pour-les-traitements-medicaux-mtg\/troubles-de-la-hanche-et-de-laine\/prevention-de-la-maladie-thromboembolique-veineuse\/","og_locale":"fr_FR","og_type":"article","og_title":"Directives m\u00e9dicales de l'\u00c9tat de New York pour la pr\u00e9vention de la maladie thromboembolique veineuse chez les travailleurs indemnis\u00e9s | Best Hip &amp; Knee Surgeon | NY, USA","og_description":"Les lignes directrices \u00e9tablies par la commission des accidents du travail de l'\u00c9tat de New York sont con\u00e7ues pour aider les professionnels de la sant\u00e9 \u00e0","og_url":"https:\/\/www.newyorkhipknee.com\/fr\/indemnisation-des-travailleurs\/lignes-directrices-pour-les-traitements-medicaux-mtg\/troubles-de-la-hanche-et-de-laine\/prevention-de-la-maladie-thromboembolique-veineuse\/","og_site_name":"Best Hip &amp; Knee Surgeon | NY, USA","article_modified_time":"2024-01-30T16:15:24+00:00","twitter_card":"summary_large_image","twitter_misc":{"Dur\u00e9e de lecture estim\u00e9e":"5 minutes"},"schema":{"@context":"https:\/\/schema.org","@graph":[{"@type":["WebPage","MedicalWebPage"],"@id":"https:\/\/www.newyorkhipknee.com\/fr\/indemnisation-des-travailleurs\/lignes-directrices-pour-les-traitements-medicaux-mtg\/troubles-de-la-hanche-et-de-laine\/prevention-de-la-maladie-thromboembolique-veineuse\/","url":"https:\/\/www.newyorkhipknee.com\/fr\/indemnisation-des-travailleurs\/lignes-directrices-pour-les-traitements-medicaux-mtg\/troubles-de-la-hanche-et-de-laine\/prevention-de-la-maladie-thromboembolique-veineuse\/","name":"Directives m\u00e9dicales de l'\u00c9tat de New York pour la pr\u00e9vention de la maladie thromboembolique veineuse chez les travailleurs indemnis\u00e9s | Best Hip &amp; Knee Surgeon | NY, USA","isPartOf":{"@id":"https:\/\/www.newyorkhipknee.com\/fr\/#website"},"datePublished":"2024-01-09T19:37:42+00:00","dateModified":"2024-01-30T16:15:24+00:00","description":"Les lignes directrices \u00e9tablies par la commission des accidents du travail de l'\u00c9tat de New York sont con\u00e7ues pour aider les professionnels de la sant\u00e9 \u00e0","breadcrumb":{"@id":"https:\/\/www.newyorkhipknee.com\/fr\/indemnisation-des-travailleurs\/lignes-directrices-pour-les-traitements-medicaux-mtg\/troubles-de-la-hanche-et-de-laine\/prevention-de-la-maladie-thromboembolique-veineuse\/#breadcrumb"},"inLanguage":"fr-FR","potentialAction":[{"@type":"ReadAction","target":["https:\/\/www.newyorkhipknee.com\/fr\/indemnisation-des-travailleurs\/lignes-directrices-pour-les-traitements-medicaux-mtg\/troubles-de-la-hanche-et-de-laine\/prevention-de-la-maladie-thromboembolique-veineuse\/"]}]},{"@type":"BreadcrumbList","@id":"https:\/\/www.newyorkhipknee.com\/fr\/indemnisation-des-travailleurs\/lignes-directrices-pour-les-traitements-medicaux-mtg\/troubles-de-la-hanche-et-de-laine\/prevention-de-la-maladie-thromboembolique-veineuse\/#breadcrumb","itemListElement":[{"@type":"ListItem","position":1,"name":"Home","item":"https:\/\/www.newyorkhipknee.com\/fr\/"},{"@type":"ListItem","position":2,"name":"Indemnisation des travailleurs","item":"https:\/\/www.newyorkhipknee.com\/fr\/indemnisation-des-travailleurs\/"},{"@type":"ListItem","position":3,"name":"Lignes directrices pour les traitements m\u00e9dicaux (MTG)","item":"https:\/\/www.newyorkhipknee.com\/fr\/indemnisation-des-travailleurs\/lignes-directrices-pour-les-traitements-medicaux-mtg\/"},{"@type":"ListItem","position":4,"name":"Directives de traitement m\u00e9dical de l&rsquo;\u00c9tat de New York pour les troubles de la hanche et de l&rsquo;aine chez les travailleurs indemnis\u00e9s","item":"https:\/\/www.newyorkhipknee.com\/fr\/indemnisation-des-travailleurs\/lignes-directrices-pour-les-traitements-medicaux-mtg\/troubles-de-la-hanche-et-de-laine\/"},{"@type":"ListItem","position":5,"name":"Directives m\u00e9dicales de l&rsquo;\u00c9tat de New York pour la pr\u00e9vention de la maladie thromboembolique veineuse chez les travailleurs indemnis\u00e9s"}]},{"@type":"WebSite","@id":"https:\/\/www.newyorkhipknee.com\/fr\/#website","url":"https:\/\/www.newyorkhipknee.com\/fr\/","name":"Best Hip & Knee Surgeon | NY, USA","description":"","potentialAction":[{"@type":"SearchAction","target":{"@type":"EntryPoint","urlTemplate":"https:\/\/www.newyorkhipknee.com\/fr\/?s={search_term_string}"},"query-input":{"@type":"PropertyValueSpecification","valueRequired":true,"valueName":"search_term_string"}}],"inLanguage":"fr-FR"}]}},"_links":{"self":[{"href":"https:\/\/www.newyorkhipknee.com\/fr\/wp-json\/wp\/v2\/pages\/22247","targetHints":{"allow":["GET"]}}],"collection":[{"href":"https:\/\/www.newyorkhipknee.com\/fr\/wp-json\/wp\/v2\/pages"}],"about":[{"href":"https:\/\/www.newyorkhipknee.com\/fr\/wp-json\/wp\/v2\/types\/page"}],"author":[{"embeddable":true,"href":"https:\/\/www.newyorkhipknee.com\/fr\/wp-json\/wp\/v2\/users\/33"}],"replies":[{"embeddable":true,"href":"https:\/\/www.newyorkhipknee.com\/fr\/wp-json\/wp\/v2\/comments?post=22247"}],"version-history":[{"count":0,"href":"https:\/\/www.newyorkhipknee.com\/fr\/wp-json\/wp\/v2\/pages\/22247\/revisions"}],"up":[{"embeddable":true,"href":"https:\/\/www.newyorkhipknee.com\/fr\/wp-json\/wp\/v2\/pages\/22249"}],"wp:attachment":[{"href":"https:\/\/www.newyorkhipknee.com\/fr\/wp-json\/wp\/v2\/media?parent=22247"}],"curies":[{"name":"wp","href":"https:\/\/api.w.org\/{rel}","templated":true}]}}