{"id":22286,"date":"2024-01-11T15:39:19","date_gmt":"2024-01-11T20:39:19","guid":{"rendered":"https:\/\/newyorkhipknee.com\/indemnisation-des-travailleurs\/lignes-directrices-pour-les-traitements-medicaux-mtg\/maladie-pulmonaire-interstitielle-dorigine-professionnelle\/"},"modified":"2024-01-30T11:57:32","modified_gmt":"2024-01-30T16:57:32","slug":"maladie-pulmonaire-interstitielle-dorigine-professionnelle","status":"publish","type":"page","link":"https:\/\/www.newyorkhipknee.com\/fr\/indemnisation-des-travailleurs\/lignes-directrices-pour-les-traitements-medicaux-mtg\/maladie-pulmonaire-interstitielle-dorigine-professionnelle\/","title":{"rendered":"Directives de traitement m\u00e9dical de l&rsquo;\u00c9tat de New York pour la pneumopathie interstitielle professionnelle chez les travailleurs indemnis\u00e9s"},"content":{"rendered":"<p>La commission des accidents du travail de l&rsquo;\u00c9tat de New York a \u00e9tabli des lignes directrices pour aider les professionnels de la sant\u00e9 \u00e0 \u00e9valuer la pneumopathie interstitielle professionnelle. Ces directives ont pour but d&rsquo;aider les m\u00e9decins et les professionnels de la sant\u00e9 \u00e0 d\u00e9terminer le traitement appropri\u00e9 pour cette maladie.<\/p>\n<p>Les professionnels de la sant\u00e9 qui s&rsquo;int\u00e9ressent \u00e0 la pneumopathie interstitielle professionnelle peuvent s&rsquo;appuyer sur les conseils fournis par la Commission des accidents du travail pour prendre des d\u00e9cisions \u00e9clair\u00e9es sur le niveau de soins le plus appropri\u00e9 pour leurs patients.<\/p>\n<p>Il est important de souligner que ces lignes directrices ne visent pas \u00e0 remplacer le jugement clinique ou l&rsquo;expertise professionnelle. La d\u00e9cision finale concernant les soins doit \u00eatre le fruit d&rsquo;une collaboration entre le patient et son prestataire de soins.<\/p>\n<h1>Vue d&rsquo;ensemble : Maladies pulmonaires interstitielles professionnelles (MPI)<\/h1>\n<p>Les maladies pulmonaires professionnelles sont class\u00e9es en plusieurs cat\u00e9gories, les pneumopathies interstitielles constituant une classification importante au m\u00eame titre que l&rsquo;asthme li\u00e9 au travail (trait\u00e9 s\u00e9par\u00e9ment dans la directive sur le traitement m\u00e9dical de l&rsquo;asthme professionnel et de l&rsquo;asthme li\u00e9 au travail de l&rsquo;\u00c9tat de New York). Cette ligne directrice vise \u00e0 fournir une approche fond\u00e9e sur des donn\u00e9es probantes pour le diagnostic et le traitement des maladies infectieuses professionnelles, qui englobent les maladies li\u00e9es aux poussi\u00e8res inorganiques (par exemple, la silicose, l&rsquo;asbestose, la pneumoconiose des travailleurs du charbon) et les affections \u00e0 m\u00e9diation immunologique telles que la maladie chronique du b\u00e9ryllium (MBC) ou la pneumopathie d&rsquo;hypersensibilit\u00e9 (PH). Le diagnostic et les plans de traitement sont \u00e9tablis sur la base des ant\u00e9c\u00e9dents d&rsquo;exposition professionnelle, de la pr\u00e9sentation et des r\u00e9sultats des tests de diagnostic et de d\u00e9pistage.<\/p>\n<p>Les ILD constituent un groupe diversifi\u00e9 de plus de 100 maladies qui provoquent une inflammation et\/ou une cicatrisation du parenchyme pulmonaire. Ils sont regroup\u00e9s en raison de caract\u00e9ristiques cliniques, radiographiques, physiologiques et\/ou pathologiques similaires.<\/p>\n<p>Les ILD sont des troubles affectant l&rsquo;interstitium pulmonaire, o\u00f9 les l\u00e9sions aigu\u00ebs se traduisent principalement par un \u0153d\u00e8me et une inflammation, et o\u00f9 les l\u00e9sions chroniques se caract\u00e9risent par une fibrose, stade final de l&rsquo;inflammation chronique. Parfois appel\u00e9e \u00ab\u00a0fibrose pulmonaire\u00a0\u00bb ou \u00ab\u00a0fibrose interstitielle\u00a0\u00bb, la pneumopathie interstitielle repr\u00e9sente un ensemble d&rsquo;affections chroniques, souvent irr\u00e9versibles, marqu\u00e9es par une r\u00e9ponse immunitaire et\/ou inflammatoire intense et une activit\u00e9 excessive des fibroblastes entra\u00eenant un d\u00e9p\u00f4t abondant de collag\u00e8ne.<\/p>\n<p>&nbsp;<\/p>\n<h2><strong>Introduction : Cat\u00e9gories de maladies infectieuses professionnelles<\/strong><\/h2>\n<p>Les pneumopathies interstitielles d&rsquo;origine professionnelle sont g\u00e9n\u00e9ralement class\u00e9es en quatre cat\u00e9gories qui se recoupent sur le plan clinique :<\/p>\n<ol>\n<li><strong>Pneumoconiose<\/strong><\/li>\n<li><strong>Pneumopathie d&rsquo;hypersensibilit\u00e9 (HP)<\/strong><\/li>\n<li><strong>Autres maladies granulomateuses<\/strong><\/li>\n<li><strong>L\u00e9sions par inhalation de substances toxiques<\/strong><\/li>\n<\/ol>\n<p>L&rsquo;ILD associ\u00e9e aux pneumoconioses et aux processus auto-immuns a tendance \u00e0 progresser par \u00e9tapes, pour aboutir \u00e0 un \u00e9tat \u00ab\u00a0final\u00a0\u00bb commun caract\u00e9ris\u00e9 par<\/p>\n<ul>\n<li><strong>Maladie restrictive<\/strong><\/li>\n<li><strong>Hypertension pulmonaire<\/strong><\/li>\n<li><strong>Cor pulmonaire<\/strong><\/li>\n<li><strong>Insuffisance cardiaque congestive<\/strong><\/li>\n<li><strong>Infections pulmonaires<\/strong> dues \u00e0 la perte des m\u00e9canismes de d\u00e9fense de l&rsquo;h\u00f4te<\/li>\n<\/ul>\n<p>Au fur et \u00e0 mesure que la maladie \u00e9volue, les individus souffrent souvent d&rsquo;une toux s\u00e8che chronique, qui peut n\u00e9cessiter une prise en charge, en particulier lorsqu&rsquo;elle perturbe le sommeil.<\/p>\n<p>&nbsp;<\/p>\n<h2>Concepts cl\u00e9s<\/h2>\n<p><strong>Temps de latence dans les ILD professionnelles<\/strong><\/p>\n<p><strong>D\u00e9finition de la latence :<\/strong> La latence est l&rsquo;intervalle de temps entre l&rsquo;exposition initiale et l&rsquo;apparition des sympt\u00f4mes ou du diagnostic clinique. Dans les ILD professionnelles, il est essentiel de comprendre la latence, car ces maladies pr\u00e9sentent g\u00e9n\u00e9ralement une longue p\u00e9riode de latence.<\/p>\n<p><strong>Relation entre le temps de latence et l&rsquo;exposition :<\/strong> la relation entre le temps de latence et l&rsquo;exposition est d\u00e9taill\u00e9e dans les tableaux 1 et 2.<\/p>\n<p><strong>Comorbidit\u00e9s :<\/strong> Selon le Centre international de recherche sur le cancer (CIRC) :<\/p>\n<ul>\n<li>L&rsquo;exposition \u00e0 l&rsquo;amiante est li\u00e9e \u00e0 un risque accru de.. :\n<ul>\n<li>Cancer du poumon (surtout en cas de tabagisme)<\/li>\n<li>M\u00e9soth\u00e9liome (pleural ou p\u00e9riton\u00e9al)<\/li>\n<li>Cancer du larynx et des ovaires<\/li>\n<\/ul>\n<\/li>\n<li>D&rsquo;autres \u00e9tudes associent l&rsquo;amiante \u00e0 des risques \u00e9lev\u00e9s sur d&rsquo;autres sites, tels que les cancers du pharynx, de l&rsquo;estomac, du colon et des reins.<\/li>\n<li>L&rsquo;exposition \u00e0 l&rsquo;amiante est \u00e9galement li\u00e9e au risque de maladies des voies respiratoires.<\/li>\n<\/ul>\n<p><strong>Associations sp\u00e9cifiques :<\/strong><\/p>\n<ul>\n<li>La pneumoconiose des travailleurs du charbon (CWP) augmente le risque de troubles auto-immuns, en particulier la polyarthrite rhumato\u00efde (connue sous le nom de \u00ab\u00a0syndrome de Caplan\u00a0\u00bb), et peut entra\u00eener des manifestations cliniques syst\u00e9miques. Le CWP est \u00e9galement li\u00e9 au risque de maladies des voies respiratoires.<\/li>\n<li>La silicose augmente le risque de diverses affections, notamment le cancer du poumon, la tuberculose pulmonaire, les maladies auto-immunes, les maladies r\u00e9nales et les maladies des voies respiratoires. Il existe \u00e9galement une interaction avec un risque accru de cancer du poumon chez les fumeurs, bien qu&rsquo;elle ne soit pas aussi prononc\u00e9e que l&rsquo;association avec l&rsquo;exposition \u00e0 l&rsquo;amiante.<\/li>\n<\/ul>\n","protected":false},"excerpt":{"rendered":"<p>La commission des accidents du travail de l&rsquo;\u00c9tat de New York a \u00e9tabli des lignes directrices pour aider les professionnels de la sant\u00e9 \u00e0 \u00e9valuer la pneumopathie interstitielle professionnelle. Ces directives ont pour but d&rsquo;aider les m\u00e9decins et les professionnels de la sant\u00e9 \u00e0 d\u00e9terminer le traitement appropri\u00e9 pour cette maladie. Les professionnels de la [&hellip;]<\/p>\n","protected":false},"author":33,"featured_media":0,"parent":21277,"menu_order":0,"comment_status":"closed","ping_status":"closed","template":"","meta":{"_et_pb_use_builder":"","_et_pb_old_content":"","_et_gb_content_width":"","footnotes":""},"class_list":["post-22286","page","type-page","status-publish","hentry"],"yoast_head":"<!-- This site is optimized with the Yoast SEO plugin v27.2 - https:\/\/yoast.com\/product\/yoast-seo-wordpress\/ -->\n<title>Directives de traitement m\u00e9dical de l&#039;\u00c9tat de New York pour la pneumopathie interstitielle professionnelle chez les travailleurs indemnis\u00e9s | Best Hip &amp; Knee Surgeon | NY, USA<\/title>\n<meta name=\"description\" content=\"La commission des accidents du travail de l&#039;\u00c9tat de New York a \u00e9tabli des lignes directrices pour aider les professionnels de la sant\u00e9 \u00e0 \u00e9valuer la\" \/>\n<meta name=\"robots\" content=\"index, follow, max-snippet:-1, max-image-preview:large, max-video-preview:-1\" \/>\n<link rel=\"canonical\" href=\"https:\/\/www.newyorkhipknee.com\/fr\/indemnisation-des-travailleurs\/lignes-directrices-pour-les-traitements-medicaux-mtg\/maladie-pulmonaire-interstitielle-dorigine-professionnelle\/\" \/>\n<meta property=\"og:locale\" content=\"fr_FR\" \/>\n<meta property=\"og:type\" content=\"article\" \/>\n<meta property=\"og:title\" content=\"Directives de traitement m\u00e9dical de l&#039;\u00c9tat de New York pour la pneumopathie interstitielle professionnelle chez les travailleurs indemnis\u00e9s | Best Hip &amp; Knee Surgeon | NY, USA\" \/>\n<meta property=\"og:description\" content=\"La commission des accidents du travail de l&#039;\u00c9tat de New York a \u00e9tabli des lignes directrices pour aider les professionnels de la sant\u00e9 \u00e0 \u00e9valuer la\" \/>\n<meta property=\"og:url\" content=\"https:\/\/www.newyorkhipknee.com\/fr\/indemnisation-des-travailleurs\/lignes-directrices-pour-les-traitements-medicaux-mtg\/maladie-pulmonaire-interstitielle-dorigine-professionnelle\/\" \/>\n<meta property=\"og:site_name\" content=\"Best Hip &amp; Knee Surgeon | NY, USA\" \/>\n<meta property=\"article:modified_time\" content=\"2024-01-30T16:57:32+00:00\" \/>\n<meta name=\"twitter:card\" content=\"summary_large_image\" \/>\n<meta name=\"twitter:label1\" content=\"Dur\u00e9e de lecture estim\u00e9e\" \/>\n\t<meta name=\"twitter:data1\" content=\"4 minutes\" \/>\n<script type=\"application\/ld+json\" class=\"yoast-schema-graph\">{\"@context\":\"https:\/\/schema.org\",\"@graph\":[{\"@type\":[\"WebPage\",\"MedicalWebPage\"],\"@id\":\"https:\/\/www.newyorkhipknee.com\/fr\/indemnisation-des-travailleurs\/lignes-directrices-pour-les-traitements-medicaux-mtg\/maladie-pulmonaire-interstitielle-dorigine-professionnelle\/\",\"url\":\"https:\/\/www.newyorkhipknee.com\/fr\/indemnisation-des-travailleurs\/lignes-directrices-pour-les-traitements-medicaux-mtg\/maladie-pulmonaire-interstitielle-dorigine-professionnelle\/\",\"name\":\"Directives de traitement m\u00e9dical de l'\u00c9tat de New York pour la pneumopathie interstitielle professionnelle chez les travailleurs indemnis\u00e9s | Best Hip &amp; Knee Surgeon | NY, USA\",\"isPartOf\":{\"@id\":\"https:\/\/www.newyorkhipknee.com\/fr\/#website\"},\"datePublished\":\"2024-01-11T20:39:19+00:00\",\"dateModified\":\"2024-01-30T16:57:32+00:00\",\"description\":\"La commission des accidents du travail de l'\u00c9tat de New York a \u00e9tabli des lignes directrices pour aider les professionnels de la sant\u00e9 \u00e0 \u00e9valuer la\",\"breadcrumb\":{\"@id\":\"https:\/\/www.newyorkhipknee.com\/fr\/indemnisation-des-travailleurs\/lignes-directrices-pour-les-traitements-medicaux-mtg\/maladie-pulmonaire-interstitielle-dorigine-professionnelle\/#breadcrumb\"},\"inLanguage\":\"fr-FR\",\"potentialAction\":[{\"@type\":\"ReadAction\",\"target\":[\"https:\/\/www.newyorkhipknee.com\/fr\/indemnisation-des-travailleurs\/lignes-directrices-pour-les-traitements-medicaux-mtg\/maladie-pulmonaire-interstitielle-dorigine-professionnelle\/\"]}]},{\"@type\":\"BreadcrumbList\",\"@id\":\"https:\/\/www.newyorkhipknee.com\/fr\/indemnisation-des-travailleurs\/lignes-directrices-pour-les-traitements-medicaux-mtg\/maladie-pulmonaire-interstitielle-dorigine-professionnelle\/#breadcrumb\",\"itemListElement\":[{\"@type\":\"ListItem\",\"position\":1,\"name\":\"Home\",\"item\":\"https:\/\/www.newyorkhipknee.com\/fr\/\"},{\"@type\":\"ListItem\",\"position\":2,\"name\":\"Indemnisation des travailleurs\",\"item\":\"https:\/\/www.newyorkhipknee.com\/fr\/indemnisation-des-travailleurs\/\"},{\"@type\":\"ListItem\",\"position\":3,\"name\":\"Lignes directrices pour les traitements m\u00e9dicaux (MTG)\",\"item\":\"https:\/\/www.newyorkhipknee.com\/fr\/indemnisation-des-travailleurs\/lignes-directrices-pour-les-traitements-medicaux-mtg\/\"},{\"@type\":\"ListItem\",\"position\":4,\"name\":\"Directives de traitement m\u00e9dical de l&rsquo;\u00c9tat de New York pour la pneumopathie interstitielle professionnelle chez les travailleurs indemnis\u00e9s\"}]},{\"@type\":\"WebSite\",\"@id\":\"https:\/\/www.newyorkhipknee.com\/fr\/#website\",\"url\":\"https:\/\/www.newyorkhipknee.com\/fr\/\",\"name\":\"Best Hip & Knee Surgeon | NY, USA\",\"description\":\"\",\"potentialAction\":[{\"@type\":\"SearchAction\",\"target\":{\"@type\":\"EntryPoint\",\"urlTemplate\":\"https:\/\/www.newyorkhipknee.com\/fr\/?s={search_term_string}\"},\"query-input\":{\"@type\":\"PropertyValueSpecification\",\"valueRequired\":true,\"valueName\":\"search_term_string\"}}],\"inLanguage\":\"fr-FR\"}]}<\/script>\n<!-- \/ Yoast SEO plugin. -->","yoast_head_json":{"title":"Directives de traitement m\u00e9dical de l'\u00c9tat de New York pour la pneumopathie interstitielle professionnelle chez les travailleurs indemnis\u00e9s | Best Hip &amp; Knee Surgeon | NY, USA","description":"La commission des accidents du travail de l'\u00c9tat de New York a \u00e9tabli des lignes directrices pour aider les professionnels de la sant\u00e9 \u00e0 \u00e9valuer la","robots":{"index":"index","follow":"follow","max-snippet":"max-snippet:-1","max-image-preview":"max-image-preview:large","max-video-preview":"max-video-preview:-1"},"canonical":"https:\/\/www.newyorkhipknee.com\/fr\/indemnisation-des-travailleurs\/lignes-directrices-pour-les-traitements-medicaux-mtg\/maladie-pulmonaire-interstitielle-dorigine-professionnelle\/","og_locale":"fr_FR","og_type":"article","og_title":"Directives de traitement m\u00e9dical de l'\u00c9tat de New York pour la pneumopathie interstitielle professionnelle chez les travailleurs indemnis\u00e9s | Best Hip &amp; Knee Surgeon | NY, USA","og_description":"La commission des accidents du travail de l'\u00c9tat de New York a \u00e9tabli des lignes directrices pour aider les professionnels de la sant\u00e9 \u00e0 \u00e9valuer la","og_url":"https:\/\/www.newyorkhipknee.com\/fr\/indemnisation-des-travailleurs\/lignes-directrices-pour-les-traitements-medicaux-mtg\/maladie-pulmonaire-interstitielle-dorigine-professionnelle\/","og_site_name":"Best Hip &amp; Knee Surgeon | NY, USA","article_modified_time":"2024-01-30T16:57:32+00:00","twitter_card":"summary_large_image","twitter_misc":{"Dur\u00e9e de lecture estim\u00e9e":"4 minutes"},"schema":{"@context":"https:\/\/schema.org","@graph":[{"@type":["WebPage","MedicalWebPage"],"@id":"https:\/\/www.newyorkhipknee.com\/fr\/indemnisation-des-travailleurs\/lignes-directrices-pour-les-traitements-medicaux-mtg\/maladie-pulmonaire-interstitielle-dorigine-professionnelle\/","url":"https:\/\/www.newyorkhipknee.com\/fr\/indemnisation-des-travailleurs\/lignes-directrices-pour-les-traitements-medicaux-mtg\/maladie-pulmonaire-interstitielle-dorigine-professionnelle\/","name":"Directives de traitement m\u00e9dical de l'\u00c9tat de New York pour la pneumopathie interstitielle professionnelle chez les travailleurs indemnis\u00e9s | Best Hip &amp; Knee Surgeon | NY, USA","isPartOf":{"@id":"https:\/\/www.newyorkhipknee.com\/fr\/#website"},"datePublished":"2024-01-11T20:39:19+00:00","dateModified":"2024-01-30T16:57:32+00:00","description":"La commission des accidents du travail de l'\u00c9tat de New York a \u00e9tabli des lignes directrices pour aider les professionnels de la sant\u00e9 \u00e0 \u00e9valuer la","breadcrumb":{"@id":"https:\/\/www.newyorkhipknee.com\/fr\/indemnisation-des-travailleurs\/lignes-directrices-pour-les-traitements-medicaux-mtg\/maladie-pulmonaire-interstitielle-dorigine-professionnelle\/#breadcrumb"},"inLanguage":"fr-FR","potentialAction":[{"@type":"ReadAction","target":["https:\/\/www.newyorkhipknee.com\/fr\/indemnisation-des-travailleurs\/lignes-directrices-pour-les-traitements-medicaux-mtg\/maladie-pulmonaire-interstitielle-dorigine-professionnelle\/"]}]},{"@type":"BreadcrumbList","@id":"https:\/\/www.newyorkhipknee.com\/fr\/indemnisation-des-travailleurs\/lignes-directrices-pour-les-traitements-medicaux-mtg\/maladie-pulmonaire-interstitielle-dorigine-professionnelle\/#breadcrumb","itemListElement":[{"@type":"ListItem","position":1,"name":"Home","item":"https:\/\/www.newyorkhipknee.com\/fr\/"},{"@type":"ListItem","position":2,"name":"Indemnisation des travailleurs","item":"https:\/\/www.newyorkhipknee.com\/fr\/indemnisation-des-travailleurs\/"},{"@type":"ListItem","position":3,"name":"Lignes directrices pour les traitements m\u00e9dicaux (MTG)","item":"https:\/\/www.newyorkhipknee.com\/fr\/indemnisation-des-travailleurs\/lignes-directrices-pour-les-traitements-medicaux-mtg\/"},{"@type":"ListItem","position":4,"name":"Directives de traitement m\u00e9dical de l&rsquo;\u00c9tat de New York pour la pneumopathie interstitielle professionnelle chez les travailleurs indemnis\u00e9s"}]},{"@type":"WebSite","@id":"https:\/\/www.newyorkhipknee.com\/fr\/#website","url":"https:\/\/www.newyorkhipknee.com\/fr\/","name":"Best Hip & Knee Surgeon | NY, USA","description":"","potentialAction":[{"@type":"SearchAction","target":{"@type":"EntryPoint","urlTemplate":"https:\/\/www.newyorkhipknee.com\/fr\/?s={search_term_string}"},"query-input":{"@type":"PropertyValueSpecification","valueRequired":true,"valueName":"search_term_string"}}],"inLanguage":"fr-FR"}]}},"_links":{"self":[{"href":"https:\/\/www.newyorkhipknee.com\/fr\/wp-json\/wp\/v2\/pages\/22286","targetHints":{"allow":["GET"]}}],"collection":[{"href":"https:\/\/www.newyorkhipknee.com\/fr\/wp-json\/wp\/v2\/pages"}],"about":[{"href":"https:\/\/www.newyorkhipknee.com\/fr\/wp-json\/wp\/v2\/types\/page"}],"author":[{"embeddable":true,"href":"https:\/\/www.newyorkhipknee.com\/fr\/wp-json\/wp\/v2\/users\/33"}],"replies":[{"embeddable":true,"href":"https:\/\/www.newyorkhipknee.com\/fr\/wp-json\/wp\/v2\/comments?post=22286"}],"version-history":[{"count":0,"href":"https:\/\/www.newyorkhipknee.com\/fr\/wp-json\/wp\/v2\/pages\/22286\/revisions"}],"up":[{"embeddable":true,"href":"https:\/\/www.newyorkhipknee.com\/fr\/wp-json\/wp\/v2\/pages\/21277"}],"wp:attachment":[{"href":"https:\/\/www.newyorkhipknee.com\/fr\/wp-json\/wp\/v2\/media?parent=22286"}],"curies":[{"name":"wp","href":"https:\/\/api.w.org\/{rel}","templated":true}]}}