{"id":22287,"date":"2024-01-19T14:45:52","date_gmt":"2024-01-19T19:45:52","guid":{"rendered":"https:\/\/newyorkhipknee.com\/indemnisation-des-travailleurs\/lignes-directrices-pour-les-traitements-medicaux-mtg\/blessure-au-genou\/"},"modified":"2024-01-30T11:57:32","modified_gmt":"2024-01-30T16:57:32","slug":"blessure-au-genou","status":"publish","type":"page","link":"https:\/\/www.newyorkhipknee.com\/fr\/indemnisation-des-travailleurs\/lignes-directrices-pour-les-traitements-medicaux-mtg\/blessure-au-genou\/","title":{"rendered":"Directives de traitement m\u00e9dical de l&rsquo;\u00c9tat de New York pour les l\u00e9sions du genou chez les travailleurs indemnis\u00e9s"},"content":{"rendered":"<p>Les lignes directrices formul\u00e9es par la commission des accidents du travail de l&rsquo;\u00c9tat de New York visent \u00e0 aider les m\u00e9decins et les praticiens de sant\u00e9 \u00e0 fournir un traitement appropri\u00e9 pour les l\u00e9sions du genou.<\/p>\n<p>Ces lignes directrices sont con\u00e7ues pour aider les professionnels de la sant\u00e9 \u00e0 d\u00e9terminer les soins appropri\u00e9s pour les patients souffrant d&rsquo;une blessure au genou. Il est important de noter que ces lignes directrices ne remplacent pas le jugement clinique ou l&rsquo;expertise professionnelle. La d\u00e9cision finale concernant les soins doit \u00eatre le fruit d&rsquo;une collaboration entre le patient et son prestataire de soins.<\/p>\n<h2><\/h2>\n<h2>Anamn\u00e8se et examen physique<\/h2>\n<p>L&rsquo;anamn\u00e8se et l&rsquo;examen physique sont des \u00e9tapes cruciales qui constituent la base et d\u00e9terminent les phases ult\u00e9rieures des proc\u00e9dures diagnostiques et th\u00e9rapeutiques. Dans les cas o\u00f9 les r\u00e9sultats des \u00e9valuations cliniques et d&rsquo;autres m\u00e9thodes de diagnostic divergent, la priorit\u00e9 doit \u00eatre donn\u00e9e aux r\u00e9sultats cliniques objectifs. Les dossiers m\u00e9dicaux doivent contenir les \u00e9l\u00e9ments suivants :<\/p>\n<p><strong>Ant\u00e9c\u00e9dents de la blessure actuelle<\/strong><\/p>\n<ul>\n<li><em>M\u00e9canisme de la blessure :<\/em> Il s&rsquo;agit de pr\u00e9ciser le moment o\u00f9 les sympt\u00f4mes ont commenc\u00e9 et \u00e9volu\u00e9, ainsi que les sympt\u00f4mes pouvant r\u00e9sulter d&rsquo;ajustements posturaux ou fonctionnels de la l\u00e9sion du genou.<\/li>\n<li><em>Relation avec le travail :<\/em> Il s&rsquo;agit d&rsquo;une d\u00e9claration indiquant la probabilit\u00e9 que la maladie ou l&rsquo;accident soit li\u00e9 au travail.<\/li>\n<li><em>Blessures professionnelles et non professionnelles ant\u00e9rieures :<\/em> Toutes les blessures ant\u00e9rieures dans la m\u00eame r\u00e9gion, qu&rsquo;elles soient li\u00e9es ou non au travail, ainsi que les traitements sp\u00e9cifiques ant\u00e9rieurs et l&rsquo;utilisation de tout appareil orthop\u00e9dique.<\/li>\n<li><em>Ant\u00e9c\u00e9dents de blocage, de claquement, de c\u00e9der, de cr\u00e9pitation, d&rsquo;\u00e9clatement, de gonflement :<\/em> Description compl\u00e8te de l&rsquo;apparition et du volume du gonflement, et de la pr\u00e9sence ou de l&rsquo;absence de douleur lors de la mont\u00e9e ou de la descente des escaliers.<\/li>\n<li><em>Capacit\u00e9 \u00e0 accomplir les t\u00e2ches professionnelles et les activit\u00e9s de la vie quotidienne.<\/em><\/li>\n<\/ul>\n<p><strong>Facteurs d&rsquo;exacerbation et d&rsquo;att\u00e9nuation des sympt\u00f4mes :<\/strong><\/p>\n<ul>\n<li>Ces facteurs ne se limitent pas au genou et doivent \u00eatre \u00e9tudi\u00e9s en profondeur.<\/li>\n<\/ul>\n<p>&nbsp;<\/p>\n<p><strong>Histoire pass\u00e9e<\/strong><\/p>\n<p><em>Ant\u00e9c\u00e9dents m\u00e9dicaux :<\/em> Ces ant\u00e9c\u00e9dents comprennent, sans s&rsquo;y limiter, des affections telles que n\u00e9oplasme (ou r\u00e9cidive), goutte\/pseudogoutte, infections, traumatisme important du genou, du f\u00e9mur et\/ou de la jambe, arthrite et diab\u00e8te.<br \/>\n <em> Examen des syst\u00e8mes :<\/em> Examen approfondi des diff\u00e9rents syst\u00e8mes, y compris les sympt\u00f4mes constitutionnels, les yeux, les oreilles, le nez, la bouche et la gorge, le syst\u00e8me cardiovasculaire, le syst\u00e8me respiratoire, le syst\u00e8me gastro-intestinal, le syst\u00e8me g\u00e9nito-urinaire, le syst\u00e8me musculo-squelettique, le syst\u00e8me t\u00e9gumentaire\/le sein, le syst\u00e8me neurologique, le syst\u00e8me psychiatrique, le syst\u00e8me endocrinien, le syst\u00e8me h\u00e9matologique\/lymphatique, le syst\u00e8me allergique\/immunologique. L&rsquo;\u00e9tendue et l&rsquo;objectif de l&rsquo;examen peuvent \u00eatre adapt\u00e9s au cas par cas, en fonction de l&rsquo;affection sous-jacente et du jugement clinique.<br \/>\n<em>Historique du tabagisme ;<\/em><br \/>\n<em>Les activit\u00e9s professionnelles, le service militaire et les loisirs ;<\/em><br \/>\n<em>\u00c9tudes d&rsquo;imagerie ant\u00e9rieures<\/em>; et<br \/>\n<em>Ant\u00e9c\u00e9dents chirurgicaux.<\/em><\/p>\n<p>&nbsp;<\/p>\n<p><strong>Examen physique<\/strong><\/p>\n<p><em>Examen d&rsquo;une articulation :<\/em> L&rsquo;examen doit porter sur l&rsquo;articulation situ\u00e9e au-dessus et au-dessous de la zone affect\u00e9e. Les examens physiques doivent comprendre des tests et des techniques d&rsquo;examen reconnus concernant l&rsquo;articulation ou la zone examin\u00e9e, notamment<br \/>\n<em>Inspection visuelle ;<\/em><br \/>\n<em>Palpation ;<\/em><br \/>\n<em>Amplitude des mouvements\/qualit\u00e9 des mouvements ;<\/em><br \/>\n<em>Force, avec une attention particuli\u00e8re pour l&rsquo;\u00e9valuation de l&rsquo;atrophie et des fasciculations musculaires ;<\/em><br \/>\n<em>Stabilit\u00e9 des articulations ;<\/em><br \/>\n<em>Examen de la rotule d\u00e9plac\u00e9e ou anormalement d\u00e9pla\u00e7able ;<\/em><br \/>\n<em>Applicable aux blessures, \u00e0 l&rsquo;int\u00e9grit\u00e9 de la circulation distale et aux fonctions sensorielles et motrices<\/em>; et<br \/>\n<em>Le cas \u00e9ch\u00e9ant, examen neurologique complet, y compris l&rsquo;atrophie musculaire et les anomalies de la d\u00e9marche.<\/em><\/p>\n<p>&nbsp;<\/p>\n<p><strong>Drapeaux rouges<\/strong><\/p>\n<p>Certaines constatations, appel\u00e9es \u00ab\u00a0signaux d&rsquo;alarme\u00a0\u00bb, permettent de suspecter des pathologies potentiellement graves. L&rsquo;\u00e9valuation, qui comprend l&rsquo;anamn\u00e8se et l&rsquo;examen physique, doit permettre de d\u00e9tecter ces signaux d&rsquo;alarme. Dans le contexte du genou, ces constatations ou indicateurs peuvent comprendre : fracture, luxation et d\u00e9chirure ligamentaire ; infection ou inflammation ; atteinte neurologique ou vasculaire, y compris syndrome des loges ; et ant\u00e9c\u00e9dents de traumatisme, ce qui peut inclure, sans s&rsquo;y limiter n\u00e9cessairement, des accidents de voiture graves, des blessures par \u00e9crasement ou des chutes de hauteur. Une \u00e9valuation plus approfondie, une consultation ou une intervention d&rsquo;urgence peut \u00eatre justifi\u00e9e.<\/p>\n<p>&nbsp;<\/p>\n<div class=\"textwidget\">\n<p>&nbsp;<\/p>\n<\/div>\n","protected":false},"excerpt":{"rendered":"<p>Les lignes directrices formul\u00e9es par la commission des accidents du travail de l&rsquo;\u00c9tat de New York visent \u00e0 aider les m\u00e9decins et les praticiens de sant\u00e9 \u00e0 fournir un traitement appropri\u00e9 pour les l\u00e9sions du genou. Ces lignes directrices sont con\u00e7ues pour aider les professionnels de la sant\u00e9 \u00e0 d\u00e9terminer les soins appropri\u00e9s pour les [&hellip;]<\/p>\n","protected":false},"author":33,"featured_media":0,"parent":21277,"menu_order":0,"comment_status":"closed","ping_status":"closed","template":"","meta":{"_et_pb_use_builder":"","_et_pb_old_content":"","_et_gb_content_width":"","footnotes":""},"class_list":["post-22287","page","type-page","status-publish","hentry"],"yoast_head":"<!-- This site is optimized with the Yoast SEO plugin v27.2 - https:\/\/yoast.com\/product\/yoast-seo-wordpress\/ -->\n<title>Directives de traitement m\u00e9dical de l&#039;\u00c9tat de New York pour les l\u00e9sions du genou chez les travailleurs indemnis\u00e9s | Best Hip &amp; Knee Surgeon | NY, USA<\/title>\n<meta name=\"description\" content=\"Les lignes directrices formul\u00e9es par la commission des accidents du travail de l&#039;\u00c9tat de New York visent \u00e0 aider les m\u00e9decins et les praticiens de sant\u00e9 \u00e0\" \/>\n<meta name=\"robots\" content=\"index, follow, max-snippet:-1, max-image-preview:large, max-video-preview:-1\" \/>\n<link rel=\"canonical\" href=\"https:\/\/www.newyorkhipknee.com\/fr\/indemnisation-des-travailleurs\/lignes-directrices-pour-les-traitements-medicaux-mtg\/blessure-au-genou\/\" \/>\n<meta property=\"og:locale\" content=\"fr_FR\" \/>\n<meta property=\"og:type\" content=\"article\" \/>\n<meta property=\"og:title\" content=\"Directives de traitement m\u00e9dical de l&#039;\u00c9tat de New York pour les l\u00e9sions du genou chez les travailleurs indemnis\u00e9s | Best Hip &amp; Knee Surgeon | NY, USA\" \/>\n<meta property=\"og:description\" content=\"Les lignes directrices formul\u00e9es par la commission des accidents du travail de l&#039;\u00c9tat de New York visent \u00e0 aider les m\u00e9decins et les praticiens de sant\u00e9 \u00e0\" \/>\n<meta property=\"og:url\" content=\"https:\/\/www.newyorkhipknee.com\/fr\/indemnisation-des-travailleurs\/lignes-directrices-pour-les-traitements-medicaux-mtg\/blessure-au-genou\/\" \/>\n<meta property=\"og:site_name\" content=\"Best Hip &amp; Knee Surgeon | NY, USA\" \/>\n<meta property=\"article:modified_time\" content=\"2024-01-30T16:57:32+00:00\" \/>\n<meta name=\"twitter:card\" content=\"summary_large_image\" \/>\n<meta name=\"twitter:label1\" content=\"Dur\u00e9e de lecture estim\u00e9e\" \/>\n\t<meta name=\"twitter:data1\" content=\"4 minutes\" \/>\n<script type=\"application\/ld+json\" class=\"yoast-schema-graph\">{\"@context\":\"https:\/\/schema.org\",\"@graph\":[{\"@type\":[\"WebPage\",\"MedicalWebPage\"],\"@id\":\"https:\/\/www.newyorkhipknee.com\/fr\/indemnisation-des-travailleurs\/lignes-directrices-pour-les-traitements-medicaux-mtg\/blessure-au-genou\/\",\"url\":\"https:\/\/www.newyorkhipknee.com\/fr\/indemnisation-des-travailleurs\/lignes-directrices-pour-les-traitements-medicaux-mtg\/blessure-au-genou\/\",\"name\":\"Directives de traitement m\u00e9dical de l'\u00c9tat de New York pour les l\u00e9sions du genou chez les travailleurs indemnis\u00e9s | Best Hip &amp; Knee Surgeon | NY, USA\",\"isPartOf\":{\"@id\":\"https:\/\/www.newyorkhipknee.com\/fr\/#website\"},\"datePublished\":\"2024-01-19T19:45:52+00:00\",\"dateModified\":\"2024-01-30T16:57:32+00:00\",\"description\":\"Les lignes directrices formul\u00e9es par la commission des accidents du travail de l'\u00c9tat de New York visent \u00e0 aider les m\u00e9decins et les praticiens de sant\u00e9 \u00e0\",\"breadcrumb\":{\"@id\":\"https:\/\/www.newyorkhipknee.com\/fr\/indemnisation-des-travailleurs\/lignes-directrices-pour-les-traitements-medicaux-mtg\/blessure-au-genou\/#breadcrumb\"},\"inLanguage\":\"fr-FR\",\"potentialAction\":[{\"@type\":\"ReadAction\",\"target\":[\"https:\/\/www.newyorkhipknee.com\/fr\/indemnisation-des-travailleurs\/lignes-directrices-pour-les-traitements-medicaux-mtg\/blessure-au-genou\/\"]}]},{\"@type\":\"BreadcrumbList\",\"@id\":\"https:\/\/www.newyorkhipknee.com\/fr\/indemnisation-des-travailleurs\/lignes-directrices-pour-les-traitements-medicaux-mtg\/blessure-au-genou\/#breadcrumb\",\"itemListElement\":[{\"@type\":\"ListItem\",\"position\":1,\"name\":\"Home\",\"item\":\"https:\/\/www.newyorkhipknee.com\/fr\/\"},{\"@type\":\"ListItem\",\"position\":2,\"name\":\"Indemnisation des travailleurs\",\"item\":\"https:\/\/www.newyorkhipknee.com\/fr\/indemnisation-des-travailleurs\/\"},{\"@type\":\"ListItem\",\"position\":3,\"name\":\"Lignes directrices pour les traitements m\u00e9dicaux (MTG)\",\"item\":\"https:\/\/www.newyorkhipknee.com\/fr\/indemnisation-des-travailleurs\/lignes-directrices-pour-les-traitements-medicaux-mtg\/\"},{\"@type\":\"ListItem\",\"position\":4,\"name\":\"Directives de traitement m\u00e9dical de l&rsquo;\u00c9tat de New York pour les l\u00e9sions du genou chez les travailleurs indemnis\u00e9s\"}]},{\"@type\":\"WebSite\",\"@id\":\"https:\/\/www.newyorkhipknee.com\/fr\/#website\",\"url\":\"https:\/\/www.newyorkhipknee.com\/fr\/\",\"name\":\"Best Hip & Knee Surgeon | NY, USA\",\"description\":\"\",\"potentialAction\":[{\"@type\":\"SearchAction\",\"target\":{\"@type\":\"EntryPoint\",\"urlTemplate\":\"https:\/\/www.newyorkhipknee.com\/fr\/?s={search_term_string}\"},\"query-input\":{\"@type\":\"PropertyValueSpecification\",\"valueRequired\":true,\"valueName\":\"search_term_string\"}}],\"inLanguage\":\"fr-FR\"}]}<\/script>\n<!-- \/ Yoast SEO plugin. -->","yoast_head_json":{"title":"Directives de traitement m\u00e9dical de l'\u00c9tat de New York pour les l\u00e9sions du genou chez les travailleurs indemnis\u00e9s | Best Hip &amp; Knee Surgeon | NY, USA","description":"Les lignes directrices formul\u00e9es par la commission des accidents du travail de l'\u00c9tat de New York visent \u00e0 aider les m\u00e9decins et les praticiens de sant\u00e9 \u00e0","robots":{"index":"index","follow":"follow","max-snippet":"max-snippet:-1","max-image-preview":"max-image-preview:large","max-video-preview":"max-video-preview:-1"},"canonical":"https:\/\/www.newyorkhipknee.com\/fr\/indemnisation-des-travailleurs\/lignes-directrices-pour-les-traitements-medicaux-mtg\/blessure-au-genou\/","og_locale":"fr_FR","og_type":"article","og_title":"Directives de traitement m\u00e9dical de l'\u00c9tat de New York pour les l\u00e9sions du genou chez les travailleurs indemnis\u00e9s | Best Hip &amp; Knee Surgeon | NY, USA","og_description":"Les lignes directrices formul\u00e9es par la commission des accidents du travail de l'\u00c9tat de New York visent \u00e0 aider les m\u00e9decins et les praticiens de sant\u00e9 \u00e0","og_url":"https:\/\/www.newyorkhipknee.com\/fr\/indemnisation-des-travailleurs\/lignes-directrices-pour-les-traitements-medicaux-mtg\/blessure-au-genou\/","og_site_name":"Best Hip &amp; Knee Surgeon | NY, USA","article_modified_time":"2024-01-30T16:57:32+00:00","twitter_card":"summary_large_image","twitter_misc":{"Dur\u00e9e de lecture estim\u00e9e":"4 minutes"},"schema":{"@context":"https:\/\/schema.org","@graph":[{"@type":["WebPage","MedicalWebPage"],"@id":"https:\/\/www.newyorkhipknee.com\/fr\/indemnisation-des-travailleurs\/lignes-directrices-pour-les-traitements-medicaux-mtg\/blessure-au-genou\/","url":"https:\/\/www.newyorkhipknee.com\/fr\/indemnisation-des-travailleurs\/lignes-directrices-pour-les-traitements-medicaux-mtg\/blessure-au-genou\/","name":"Directives de traitement m\u00e9dical de l'\u00c9tat de New York pour les l\u00e9sions du genou chez les travailleurs indemnis\u00e9s | Best Hip &amp; Knee Surgeon | NY, USA","isPartOf":{"@id":"https:\/\/www.newyorkhipknee.com\/fr\/#website"},"datePublished":"2024-01-19T19:45:52+00:00","dateModified":"2024-01-30T16:57:32+00:00","description":"Les lignes directrices formul\u00e9es par la commission des accidents du travail de l'\u00c9tat de New York visent \u00e0 aider les m\u00e9decins et les praticiens de sant\u00e9 \u00e0","breadcrumb":{"@id":"https:\/\/www.newyorkhipknee.com\/fr\/indemnisation-des-travailleurs\/lignes-directrices-pour-les-traitements-medicaux-mtg\/blessure-au-genou\/#breadcrumb"},"inLanguage":"fr-FR","potentialAction":[{"@type":"ReadAction","target":["https:\/\/www.newyorkhipknee.com\/fr\/indemnisation-des-travailleurs\/lignes-directrices-pour-les-traitements-medicaux-mtg\/blessure-au-genou\/"]}]},{"@type":"BreadcrumbList","@id":"https:\/\/www.newyorkhipknee.com\/fr\/indemnisation-des-travailleurs\/lignes-directrices-pour-les-traitements-medicaux-mtg\/blessure-au-genou\/#breadcrumb","itemListElement":[{"@type":"ListItem","position":1,"name":"Home","item":"https:\/\/www.newyorkhipknee.com\/fr\/"},{"@type":"ListItem","position":2,"name":"Indemnisation des travailleurs","item":"https:\/\/www.newyorkhipknee.com\/fr\/indemnisation-des-travailleurs\/"},{"@type":"ListItem","position":3,"name":"Lignes directrices pour les traitements m\u00e9dicaux (MTG)","item":"https:\/\/www.newyorkhipknee.com\/fr\/indemnisation-des-travailleurs\/lignes-directrices-pour-les-traitements-medicaux-mtg\/"},{"@type":"ListItem","position":4,"name":"Directives de traitement m\u00e9dical de l&rsquo;\u00c9tat de New York pour les l\u00e9sions du genou chez les travailleurs indemnis\u00e9s"}]},{"@type":"WebSite","@id":"https:\/\/www.newyorkhipknee.com\/fr\/#website","url":"https:\/\/www.newyorkhipknee.com\/fr\/","name":"Best Hip & Knee Surgeon | NY, USA","description":"","potentialAction":[{"@type":"SearchAction","target":{"@type":"EntryPoint","urlTemplate":"https:\/\/www.newyorkhipknee.com\/fr\/?s={search_term_string}"},"query-input":{"@type":"PropertyValueSpecification","valueRequired":true,"valueName":"search_term_string"}}],"inLanguage":"fr-FR"}]}},"_links":{"self":[{"href":"https:\/\/www.newyorkhipknee.com\/fr\/wp-json\/wp\/v2\/pages\/22287","targetHints":{"allow":["GET"]}}],"collection":[{"href":"https:\/\/www.newyorkhipknee.com\/fr\/wp-json\/wp\/v2\/pages"}],"about":[{"href":"https:\/\/www.newyorkhipknee.com\/fr\/wp-json\/wp\/v2\/types\/page"}],"author":[{"embeddable":true,"href":"https:\/\/www.newyorkhipknee.com\/fr\/wp-json\/wp\/v2\/users\/33"}],"replies":[{"embeddable":true,"href":"https:\/\/www.newyorkhipknee.com\/fr\/wp-json\/wp\/v2\/comments?post=22287"}],"version-history":[{"count":0,"href":"https:\/\/www.newyorkhipknee.com\/fr\/wp-json\/wp\/v2\/pages\/22287\/revisions"}],"up":[{"embeddable":true,"href":"https:\/\/www.newyorkhipknee.com\/fr\/wp-json\/wp\/v2\/pages\/21277"}],"wp:attachment":[{"href":"https:\/\/www.newyorkhipknee.com\/fr\/wp-json\/wp\/v2\/media?parent=22287"}],"curies":[{"name":"wp","href":"https:\/\/api.w.org\/{rel}","templated":true}]}}