{"id":22319,"date":"2024-01-02T13:32:02","date_gmt":"2024-01-02T18:32:02","guid":{"rendered":"https:\/\/newyorkhipknee.com\/indemnisation-des-travailleurs\/lignes-directrices-pour-les-traitements-medicaux-mtg\/lesions-lombaires-et-medianes\/"},"modified":"2024-01-30T11:57:35","modified_gmt":"2024-01-30T16:57:35","slug":"lesions-lombaires-et-medianes","status":"publish","type":"page","link":"https:\/\/www.newyorkhipknee.com\/fr\/indemnisation-des-travailleurs\/lignes-directrices-pour-les-traitements-medicaux-mtg\/lesions-lombaires-et-medianes\/","title":{"rendered":"Directives de traitement m\u00e9dical de l&rsquo;\u00c9tat de New York pour les l\u00e9sions lombaires et m\u00e9dianes chez les travailleurs indemnis\u00e9s"},"content":{"rendered":"<p>Les lignes directrices \u00e9tablies par la commission des accidents du travail de l&rsquo;\u00c9tat de New York proposent des principes g\u00e9n\u00e9raux pour aider les professionnels de la sant\u00e9 \u00e0 traiter les blessures affectant le milieu et le bas du dos. Ces directives aident les m\u00e9decins et les professionnels de la sant\u00e9 \u00e0 d\u00e9terminer les mesures appropri\u00e9es pour une prise en charge globale des blessures dans ces domaines sp\u00e9cifiques.<\/p>\n<p>Les professionnels de la sant\u00e9 sp\u00e9cialis\u00e9s dans les l\u00e9sions lombaires et m\u00e9dianes peuvent s&rsquo;appuyer sur les conseils fournis par la Commission des accidents du travail pour prendre des d\u00e9cisions en connaissance de cause sur les approches appropri\u00e9es pour leurs patients.<\/p>\n<p>Il est essentiel de souligner que ces lignes directrices ne sont pas destin\u00e9es \u00e0 remplacer le jugement clinique ou l&rsquo;expertise professionnelle. La d\u00e9cision finale concernant la prise en charge des l\u00e9sions lombaires et m\u00e9dianes doit faire l&rsquo;objet d&rsquo;une collaboration entre le patient et son prestataire de soins de sant\u00e9.<\/p>\n<h1>Introduction aux l\u00e9sions du milieu et du bas du dos<\/h1>\n<h2>Anamn\u00e8se et examen physique<\/h2>\n<p>Le recueil des ant\u00e9c\u00e9dents du patient et l&rsquo;examen physique constituent la pierre angulaire des proc\u00e9dures diagnostiques et th\u00e9rapeutiques ult\u00e9rieures. Si les r\u00e9sultats des \u00e9valuations cliniques et des autres proc\u00e9dures de diagnostic ne concordent pas, une plus grande importance est accord\u00e9e aux r\u00e9sultats cliniques objectifs. Il est imp\u00e9ratif que les dossiers m\u00e9dicaux documentent de mani\u00e8re exhaustive et raisonnable les \u00e9l\u00e9ments suivants :<\/p>\n<p>&nbsp;<\/p>\n<h4><strong>Ant\u00e9c\u00e9dents de la maladie actuelle<\/strong><\/h4>\n<p>Lors de l&rsquo;\u00e9tablissement d&rsquo;un historique d\u00e9taill\u00e9, il est essentiel de se concentrer sur la proximit\u00e9 temporelle du moment de la blessure, car c&rsquo;est ce qui guidera principalement l&rsquo;\u00e9valuation et le traitement ult\u00e9rieur. L&rsquo;historique complet doit comprendre les aspects suivants :<\/p>\n<p>M\u00e9canisme de la blessure : Il s&rsquo;agit d&rsquo;obtenir des informations d\u00e9taill\u00e9es sur l&rsquo;apparition et l&rsquo;\u00e9volution des sympt\u00f4mes, y compris une description compl\u00e8te de l&rsquo;incident. Il est essentiel de comprendre la position du corps avant, pendant et \u00e0 la fin de l&rsquo;incident. Dans les cas o\u00f9 il n&rsquo;y a pas d&rsquo;incident sp\u00e9cifique, il est important d&rsquo;inclure des d\u00e9tails sur les postures du corps au travail, leur fr\u00e9quence au cours de la journ\u00e9e de travail et les exigences en mati\u00e8re de levage, de pouss\u00e9e et de traction.<\/p>\n<p>Localisation de la douleur, nature des sympt\u00f4mes et facteurs d&rsquo;att\u00e9nuation\/d&rsquo;exacerbation : Les ant\u00e9c\u00e9dents doivent permettre de pr\u00e9ciser la localisation de la douleur, la nature des sympt\u00f4mes et les facteurs qui att\u00e9nuent ou exacerbent l&rsquo;affection, tels que la tol\u00e9rance \u00e0 la position assise. Les plaintes primaires et secondaires doivent \u00eatre prises en compte, par exemple une douleur dorsale primaire accompagn\u00e9e d&rsquo;une douleur secondaire \u00e0 la hanche ou \u00e0 l&rsquo;aine.<\/p>\n<p>L&rsquo;utilisation d&rsquo;un outil d&rsquo;\u00e9valuation de la douleur reconnu : L&rsquo;utilisation d&rsquo;un outil reconnu d&rsquo;\u00e9valuation de la douleur, comme l&rsquo;\u00e9chelle visuelle analogique (EVA), est fortement recommand\u00e9e, en particulier au cours des deux premi\u00e8res semaines suivant la blessure. Cela permet de s&rsquo;assurer que tous les sympt\u00f4mes li\u00e9s au travail, y compris la douleur, sont trait\u00e9s de mani\u00e8re ad\u00e9quate.<\/p>\n<p>Pr\u00e9sence et r\u00e9partition des sympt\u00f4mes des membres inf\u00e9rieurs : Une attention particuli\u00e8re doit \u00eatre accord\u00e9e \u00e0 la pr\u00e9sence et \u00e0 la distribution des engourdissements, paresth\u00e9sies ou faiblesses des membres inf\u00e9rieurs, en particulier s&rsquo;ils sont pr\u00e9cipit\u00e9s ou aggrav\u00e9s par la toux ou les \u00e9ternuements.<\/p>\n<p>Alt\u00e9rations de la fonction intestinale, v\u00e9sicale ou sexuelle : L&rsquo;anamn\u00e8se doit \u00e9galement explorer toute alt\u00e9ration de la fonction intestinale, v\u00e9sicale ou sexuelle, car elle peut \u00eatre r\u00e9v\u00e9latrice de probl\u00e8mes sous-jacents li\u00e9s \u00e0 la blessure.<\/p>\n<p>Les blessures ant\u00e9rieures, qu&rsquo;elles soient li\u00e9es ou non au travail, dans la m\u00eame r\u00e9gion, doivent \u00eatre explor\u00e9es. Il s&rsquo;agit notamment d&rsquo;informations sur les traitements ant\u00e9rieurs, les ant\u00e9c\u00e9dents d&rsquo;accidents de la route et les sympt\u00f4mes chroniques ou r\u00e9currents. Il est essentiel de proc\u00e9der \u00e0 un examen approfondi de toutes les \u00e9tudes d&rsquo;imagerie rachidienne ant\u00e9rieures.<\/p>\n<p>Il convient de prendre en consid\u00e9ration les r\u00e9actions \u00e9motionnelles et psychologiques de l&rsquo;individu li\u00e9es \u00e0 la blessure ou \u00e0 la maladie actuelle.<\/p>\n<p>La capacit\u00e9 \u00e0 accomplir des t\u00e2ches professionnelles et \u00e0 s&rsquo;engager dans des activit\u00e9s quotidiennes est un aspect crucial qu&rsquo;il convient d&rsquo;examiner.<\/p>\n<p>&nbsp;<\/p>\n<h2>Histoire pass\u00e9e<\/h2>\n<p>Le recueil des ant\u00e9c\u00e9dents m\u00e9dicaux est une \u00e9tape importante.<\/p>\n<p>Un examen approfondi des syst\u00e8mes doit couvrir divers \u00e9l\u00e9ments, notamment les signes ou sympt\u00f4mes li\u00e9s \u00e0 la sant\u00e9 constitutionnelle, aux yeux, aux oreilles, au nez, \u00e0 la bouche et \u00e0 la gorge, au syst\u00e8me cardiovasculaire, au syst\u00e8me respiratoire, au syst\u00e8me gastro-intestinal, au syst\u00e8me g\u00e9nito-urinaire, au syst\u00e8me musculo-squelettique, au syst\u00e8me t\u00e9gumentaire\/sein, au syst\u00e8me neurologique, aux aspects psychiatriques, au syst\u00e8me endocrinien et au syst\u00e8me h\u00e9matologique\/lymphatique, ainsi qu&rsquo;aux r\u00e9ponses allergiques\/immunologiques. En fonction de l&rsquo;affection sp\u00e9cifique consid\u00e9r\u00e9e et du jugement clinique, la port\u00e9e et l&rsquo;importance de cet examen peuvent \u00eatre ajust\u00e9es au cas par cas.<\/p>\n<p>Une exploration de l&rsquo;histoire du tabagisme est essentielle pour acqu\u00e9rir une compr\u00e9hension globale.<\/p>\n<p>L&rsquo;examen des activit\u00e9s professionnelles et r\u00e9cr\u00e9atives fournit des informations pr\u00e9cieuses sur les activit\u00e9s quotidiennes d&rsquo;une personne.<\/p>\n<p>Il est important de se plonger dans l&rsquo;histoire de la d\u00e9pression, de l&rsquo;anxi\u00e9t\u00e9 ou de toute autre maladie psychiatrique pour avoir une perspective holistique.<\/p>\n<p>&nbsp;<\/p>\n<h2>Examen physique<\/h2>\n<p>Guid\u00e9 par les ant\u00e9c\u00e9dents m\u00e9dicaux du patient, l&rsquo;examen doit comprendre des tests et des techniques reconnus et pertinents pour la zone sp\u00e9cifique consid\u00e9r\u00e9e :<\/p>\n<p>La v\u00e9rification des signes vitaux est un aspect fondamental de l&rsquo;examen.<\/p>\n<p>Une inspection g\u00e9n\u00e9rale est essentielle, comprenant une \u00e9valuation de la posture, de l&rsquo;attitude et de la d\u00e9marche.<\/p>\n<p>L&rsquo;inspection visuelle permet une \u00e9valuation compl\u00e8te.<\/p>\n<p>La palpation, c&rsquo;est-\u00e0-dire l&rsquo;examen tactile, est un \u00e9l\u00e9ment essentiel du processus.<\/p>\n<p>L&rsquo;\u00e9valuation de l&rsquo;amplitude des mouvements lombaires, l&rsquo;\u00e9valuation de la qualit\u00e9 des mouvements et l&rsquo;identification des spasmes musculaires font partie int\u00e9grante du programme. Des \u00e9valuations sp\u00e9cifiques des mouvements articulaires peuvent \u00eatre n\u00e9cessaires.<\/p>\n<p>L&rsquo;examen de la colonne vert\u00e9brale thoracique et du bassin permet une compr\u00e9hension plus compl\u00e8te.<\/p>\n<p>Les tests de tension nerveuse, y compris le test de Lasegue (test d&rsquo;\u00e9l\u00e9vation de la jambe droite), constituent une partie importante de l&rsquo;examen. On consid\u00e8re g\u00e9n\u00e9ralement qu&rsquo;un r\u00e9sultat est positif lorsque l&rsquo;\u00e9l\u00e9vation se situe entre 25 et 60 degr\u00e9s, les degr\u00e9s pr\u00e9cis \u00e9tant toujours signal\u00e9s.<\/p>\n<p>L&rsquo;examen des fonctions sensorielles et motrices des membres inf\u00e9rieurs, avec une attention particuli\u00e8re pour les racines nerveuses, est un \u00e9l\u00e9ment cl\u00e9 de l&rsquo;\u00e9valuation.<\/p>\n<p>L&rsquo;\u00e9valuation des r\u00e9flexes tendineux profonds fournit des informations pr\u00e9cieuses.<\/p>\n<p>Le cas \u00e9ch\u00e9ant, il convient de proc\u00e9der \u00e0 un examen abdominal, de mesurer la circonf\u00e9rence des membres inf\u00e9rieurs ou d&rsquo;\u00e9valuer d&rsquo;autres anomalies au niveau des membres inf\u00e9rieurs.<\/p>\n<p>Un examen approfondi de la hanche, englobant l&rsquo;amplitude des mouvements, l&rsquo;\u00e9valuation de la douleur et l&rsquo;\u00e9valuation des d\u00e9formations, est un aspect important.<\/p>\n<p>L&rsquo;examen vasculaire des membres inf\u00e9rieurs, y compris la palpation des pouls distaux, contribue \u00e0 une \u00e9valuation compl\u00e8te.<\/p>\n<p>&nbsp;<\/p>\n<h2>\u00c9valuation de la moelle \u00e9pini\u00e8re<\/h2>\n<p>Lorsque le m\u00e9canisme de la blessure, les ant\u00e9c\u00e9dents ou la pr\u00e9sentation clinique laissent pr\u00e9sager une blessure potentiellement grave, il est imp\u00e9ratif de proc\u00e9der \u00e0 des \u00e9valuations suppl\u00e9mentaires. Un examen neurologique complet, visant \u00e0 \u00e9valuer la possibilit\u00e9 d&rsquo;une l\u00e9sion de la moelle \u00e9pini\u00e8re, peut comprendre les \u00e9l\u00e9ments suivants :<\/p>\n<p>V\u00e9rification des fonctions sensorielles aigu\u00ebs et l\u00e9g\u00e8res, de la pression profonde, de la temp\u00e9rature et de la proprioception.<\/p>\n<p>Effectuer des tests de force pour \u00e9valuer les fonctions motrices.<\/p>\n<p>\u00c9valuation du tonus du sphincter anal et\/ou de la sensation p\u00e9rianale.<\/p>\n<p>Examen de la pr\u00e9sence de r\u00e9flexes pathologiques.<\/p>\n<p>La classification des l\u00e9sions de la moelle \u00e9pini\u00e8re selon l&rsquo;\u00e9chelle de d\u00e9ficience de l&rsquo;American Spine Injury Association (ASIA) est une \u00e9tape cruciale du processus d&rsquo;\u00e9valuation.<\/p>\n<p><img loading=\"lazy\" decoding=\"async\" class=\"alignnone size-full wp-image-21358\" title=\"Capture d'\u00e9cran 2024-01-02 122524\" src=\"https:\/\/newyorkhipknee.com\/wp-content\/uploads\/2024\/01\/Screenshot-2024-01-02-122524.png\" alt=\"\" width=\"655\" height=\"412\" srcset=\"https:\/\/newyorkhipknee.com\/wp-content\/uploads\/2024\/01\/Screenshot-2024-01-02-122524.png 655w, https:\/\/newyorkhipknee.com\/wp-content\/uploads\/2024\/01\/Screenshot-2024-01-02-122524-480x302.png 480w\" sizes=\"(min-width: 0px) and (max-width: 480px) 480px, (min-width: 481px) 655px, 100vw\" \/><\/p>\n<p>&nbsp;<\/p>\n<p>&nbsp;<\/p>\n<p><img loading=\"lazy\" decoding=\"async\" class=\"alignnone wp-image-21355\" title=\"Capture d'\u00e9cran 2024-01-02 122603\" src=\"https:\/\/newyorkhipknee.com\/wp-content\/uploads\/2024\/01\/Screenshot-2024-01-02-122603.png\" alt=\"\" width=\"707\" height=\"423\" srcset=\"https:\/\/newyorkhipknee.com\/wp-content\/uploads\/2024\/01\/Screenshot-2024-01-02-122603.png 707w, https:\/\/newyorkhipknee.com\/wp-content\/uploads\/2024\/01\/Screenshot-2024-01-02-122603-480x287.png 480w\" sizes=\"(min-width: 0px) and (max-width: 480px) 480px, (min-width: 481px) 707px, 100vw\" \/><\/p>\n<p>&nbsp;<\/p>\n<h3><strong>Drapeaux rouges<\/strong><\/h3>\n<p>Certaines constatations, commun\u00e9ment appel\u00e9es \u00ab\u00a0drapeaux rouges\u00a0\u00bb, m\u00e9ritent d&rsquo;\u00eatre examin\u00e9es attentivement car elles indiquent un risque de troubles m\u00e9dicaux graves et urgents. L&rsquo;\u00e9valuation, qui englobe \u00e0 la fois les ant\u00e9c\u00e9dents du patient et l&rsquo;examen physique, doit se concentrer sp\u00e9cifiquement sur l&rsquo;identification de ces signaux d&rsquo;alerte. Dans le contexte des probl\u00e8mes lombaires et m\u00e9dio-lombaires, ces indicateurs pr\u00e9occupants peuvent impliquer des fractures aigu\u00ebs, des dislocations, des infections, des tumeurs, des d\u00e9ficits neurologiques progressifs, le syndrome de la cauda equina et des troubles extraspinaux. L&rsquo;identification de ces signaux d&rsquo;alarme peut n\u00e9cessiter une \u00e9valuation plus approfondie, une consultation, voire des interventions urgentes. Les lignes directrices de New York sur les blessures au milieu et \u00e0 la base du dos sont con\u00e7ues pour incorporer des ajustements dans la gestion clinique en r\u00e9ponse \u00e0 la pr\u00e9sence de ces signaux d&rsquo;alarme, garantissant une approche proactive et adapt\u00e9e aux soins du patient.<\/p>\n","protected":false},"excerpt":{"rendered":"<p>Les lignes directrices \u00e9tablies par la commission des accidents du travail de l&rsquo;\u00c9tat de New York proposent des principes g\u00e9n\u00e9raux pour aider les professionnels de la sant\u00e9 \u00e0 traiter les blessures affectant le milieu et le bas du dos. Ces directives aident les m\u00e9decins et les professionnels de la sant\u00e9 \u00e0 d\u00e9terminer les mesures appropri\u00e9es [&hellip;]<\/p>\n","protected":false},"author":33,"featured_media":0,"parent":21277,"menu_order":0,"comment_status":"closed","ping_status":"closed","template":"","meta":{"_et_pb_use_builder":"","_et_pb_old_content":"","_et_gb_content_width":"","footnotes":""},"class_list":["post-22319","page","type-page","status-publish","hentry"],"yoast_head":"<!-- This site is optimized with the Yoast SEO plugin v27.2 - https:\/\/yoast.com\/product\/yoast-seo-wordpress\/ -->\n<title>Directives de traitement m\u00e9dical de l&#039;\u00c9tat de New York pour les l\u00e9sions lombaires et m\u00e9dianes chez les travailleurs indemnis\u00e9s | Best Hip &amp; Knee Surgeon | NY, USA<\/title>\n<meta name=\"description\" content=\"Les lignes directrices \u00e9tablies par la commission des accidents du travail de l&#039;\u00c9tat de New York proposent des principes g\u00e9n\u00e9raux pour aider les\" \/>\n<meta name=\"robots\" content=\"index, follow, max-snippet:-1, max-image-preview:large, max-video-preview:-1\" \/>\n<link rel=\"canonical\" href=\"https:\/\/www.newyorkhipknee.com\/fr\/indemnisation-des-travailleurs\/lignes-directrices-pour-les-traitements-medicaux-mtg\/lesions-lombaires-et-medianes\/\" \/>\n<meta property=\"og:locale\" content=\"fr_FR\" \/>\n<meta property=\"og:type\" content=\"article\" \/>\n<meta property=\"og:title\" content=\"Directives de traitement m\u00e9dical de l&#039;\u00c9tat de New York pour les l\u00e9sions lombaires et m\u00e9dianes chez les travailleurs indemnis\u00e9s | Best Hip &amp; Knee Surgeon | NY, USA\" \/>\n<meta property=\"og:description\" content=\"Les lignes directrices \u00e9tablies par la commission des accidents du travail de l&#039;\u00c9tat de New York proposent des principes g\u00e9n\u00e9raux pour aider les\" \/>\n<meta property=\"og:url\" content=\"https:\/\/www.newyorkhipknee.com\/fr\/indemnisation-des-travailleurs\/lignes-directrices-pour-les-traitements-medicaux-mtg\/lesions-lombaires-et-medianes\/\" \/>\n<meta property=\"og:site_name\" content=\"Best Hip &amp; Knee Surgeon | NY, USA\" \/>\n<meta property=\"article:modified_time\" content=\"2024-01-30T16:57:35+00:00\" \/>\n<meta property=\"og:image\" content=\"https:\/\/newyorkhipknee.com\/wp-content\/uploads\/2024\/01\/Screenshot-2024-01-02-122524.png\" \/>\n<meta name=\"twitter:card\" content=\"summary_large_image\" \/>\n<meta name=\"twitter:label1\" content=\"Dur\u00e9e de lecture estim\u00e9e\" \/>\n\t<meta name=\"twitter:data1\" content=\"8 minutes\" \/>\n<script type=\"application\/ld+json\" class=\"yoast-schema-graph\">{\"@context\":\"https:\/\/schema.org\",\"@graph\":[{\"@type\":[\"WebPage\",\"MedicalWebPage\"],\"@id\":\"https:\/\/www.newyorkhipknee.com\/fr\/indemnisation-des-travailleurs\/lignes-directrices-pour-les-traitements-medicaux-mtg\/lesions-lombaires-et-medianes\/\",\"url\":\"https:\/\/www.newyorkhipknee.com\/fr\/indemnisation-des-travailleurs\/lignes-directrices-pour-les-traitements-medicaux-mtg\/lesions-lombaires-et-medianes\/\",\"name\":\"Directives de traitement m\u00e9dical de l'\u00c9tat de New York pour les l\u00e9sions lombaires et m\u00e9dianes chez les travailleurs indemnis\u00e9s | Best Hip &amp; Knee Surgeon | NY, USA\",\"isPartOf\":{\"@id\":\"https:\/\/www.newyorkhipknee.com\/fr\/#website\"},\"primaryImageOfPage\":{\"@id\":\"https:\/\/www.newyorkhipknee.com\/fr\/indemnisation-des-travailleurs\/lignes-directrices-pour-les-traitements-medicaux-mtg\/lesions-lombaires-et-medianes\/#primaryimage\"},\"image\":{\"@id\":\"https:\/\/www.newyorkhipknee.com\/fr\/indemnisation-des-travailleurs\/lignes-directrices-pour-les-traitements-medicaux-mtg\/lesions-lombaires-et-medianes\/#primaryimage\"},\"thumbnailUrl\":\"https:\/\/newyorkhipknee.com\/wp-content\/uploads\/2024\/01\/Screenshot-2024-01-02-122524.png\",\"datePublished\":\"2024-01-02T18:32:02+00:00\",\"dateModified\":\"2024-01-30T16:57:35+00:00\",\"description\":\"Les lignes directrices \u00e9tablies par la commission des accidents du travail de l'\u00c9tat de New York proposent des principes g\u00e9n\u00e9raux pour aider les\",\"breadcrumb\":{\"@id\":\"https:\/\/www.newyorkhipknee.com\/fr\/indemnisation-des-travailleurs\/lignes-directrices-pour-les-traitements-medicaux-mtg\/lesions-lombaires-et-medianes\/#breadcrumb\"},\"inLanguage\":\"fr-FR\",\"potentialAction\":[{\"@type\":\"ReadAction\",\"target\":[\"https:\/\/www.newyorkhipknee.com\/fr\/indemnisation-des-travailleurs\/lignes-directrices-pour-les-traitements-medicaux-mtg\/lesions-lombaires-et-medianes\/\"]}]},{\"@type\":\"ImageObject\",\"inLanguage\":\"fr-FR\",\"@id\":\"https:\/\/www.newyorkhipknee.com\/fr\/indemnisation-des-travailleurs\/lignes-directrices-pour-les-traitements-medicaux-mtg\/lesions-lombaires-et-medianes\/#primaryimage\",\"url\":\"https:\/\/newyorkhipknee.com\/wp-content\/uploads\/2024\/01\/Screenshot-2024-01-02-122524.png\",\"contentUrl\":\"https:\/\/newyorkhipknee.com\/wp-content\/uploads\/2024\/01\/Screenshot-2024-01-02-122524.png\"},{\"@type\":\"BreadcrumbList\",\"@id\":\"https:\/\/www.newyorkhipknee.com\/fr\/indemnisation-des-travailleurs\/lignes-directrices-pour-les-traitements-medicaux-mtg\/lesions-lombaires-et-medianes\/#breadcrumb\",\"itemListElement\":[{\"@type\":\"ListItem\",\"position\":1,\"name\":\"Home\",\"item\":\"https:\/\/www.newyorkhipknee.com\/fr\/\"},{\"@type\":\"ListItem\",\"position\":2,\"name\":\"Indemnisation des travailleurs\",\"item\":\"https:\/\/www.newyorkhipknee.com\/fr\/indemnisation-des-travailleurs\/\"},{\"@type\":\"ListItem\",\"position\":3,\"name\":\"Lignes directrices pour les traitements m\u00e9dicaux (MTG)\",\"item\":\"https:\/\/www.newyorkhipknee.com\/fr\/indemnisation-des-travailleurs\/lignes-directrices-pour-les-traitements-medicaux-mtg\/\"},{\"@type\":\"ListItem\",\"position\":4,\"name\":\"Directives de traitement m\u00e9dical de l&rsquo;\u00c9tat de New York pour les l\u00e9sions lombaires et m\u00e9dianes chez les travailleurs indemnis\u00e9s\"}]},{\"@type\":\"WebSite\",\"@id\":\"https:\/\/www.newyorkhipknee.com\/fr\/#website\",\"url\":\"https:\/\/www.newyorkhipknee.com\/fr\/\",\"name\":\"Best Hip & Knee Surgeon | NY, USA\",\"description\":\"\",\"potentialAction\":[{\"@type\":\"SearchAction\",\"target\":{\"@type\":\"EntryPoint\",\"urlTemplate\":\"https:\/\/www.newyorkhipknee.com\/fr\/?s={search_term_string}\"},\"query-input\":{\"@type\":\"PropertyValueSpecification\",\"valueRequired\":true,\"valueName\":\"search_term_string\"}}],\"inLanguage\":\"fr-FR\"}]}<\/script>\n<!-- \/ Yoast SEO plugin. -->","yoast_head_json":{"title":"Directives de traitement m\u00e9dical de l'\u00c9tat de New York pour les l\u00e9sions lombaires et m\u00e9dianes chez les travailleurs indemnis\u00e9s | Best Hip &amp; Knee Surgeon | NY, USA","description":"Les lignes directrices \u00e9tablies par la commission des accidents du travail de l'\u00c9tat de New York proposent des principes g\u00e9n\u00e9raux pour aider les","robots":{"index":"index","follow":"follow","max-snippet":"max-snippet:-1","max-image-preview":"max-image-preview:large","max-video-preview":"max-video-preview:-1"},"canonical":"https:\/\/www.newyorkhipknee.com\/fr\/indemnisation-des-travailleurs\/lignes-directrices-pour-les-traitements-medicaux-mtg\/lesions-lombaires-et-medianes\/","og_locale":"fr_FR","og_type":"article","og_title":"Directives de traitement m\u00e9dical de l'\u00c9tat de New York pour les l\u00e9sions lombaires et m\u00e9dianes chez les travailleurs indemnis\u00e9s | Best Hip &amp; Knee Surgeon | NY, USA","og_description":"Les lignes directrices \u00e9tablies par la commission des accidents du travail de l'\u00c9tat de New York proposent des principes g\u00e9n\u00e9raux pour aider les","og_url":"https:\/\/www.newyorkhipknee.com\/fr\/indemnisation-des-travailleurs\/lignes-directrices-pour-les-traitements-medicaux-mtg\/lesions-lombaires-et-medianes\/","og_site_name":"Best Hip &amp; Knee Surgeon | NY, USA","article_modified_time":"2024-01-30T16:57:35+00:00","og_image":[{"url":"https:\/\/newyorkhipknee.com\/wp-content\/uploads\/2024\/01\/Screenshot-2024-01-02-122524.png","type":"","width":"","height":""}],"twitter_card":"summary_large_image","twitter_misc":{"Dur\u00e9e de lecture estim\u00e9e":"8 minutes"},"schema":{"@context":"https:\/\/schema.org","@graph":[{"@type":["WebPage","MedicalWebPage"],"@id":"https:\/\/www.newyorkhipknee.com\/fr\/indemnisation-des-travailleurs\/lignes-directrices-pour-les-traitements-medicaux-mtg\/lesions-lombaires-et-medianes\/","url":"https:\/\/www.newyorkhipknee.com\/fr\/indemnisation-des-travailleurs\/lignes-directrices-pour-les-traitements-medicaux-mtg\/lesions-lombaires-et-medianes\/","name":"Directives de traitement m\u00e9dical de l'\u00c9tat de New York pour les l\u00e9sions lombaires et m\u00e9dianes chez les travailleurs indemnis\u00e9s | Best Hip &amp; Knee Surgeon | NY, USA","isPartOf":{"@id":"https:\/\/www.newyorkhipknee.com\/fr\/#website"},"primaryImageOfPage":{"@id":"https:\/\/www.newyorkhipknee.com\/fr\/indemnisation-des-travailleurs\/lignes-directrices-pour-les-traitements-medicaux-mtg\/lesions-lombaires-et-medianes\/#primaryimage"},"image":{"@id":"https:\/\/www.newyorkhipknee.com\/fr\/indemnisation-des-travailleurs\/lignes-directrices-pour-les-traitements-medicaux-mtg\/lesions-lombaires-et-medianes\/#primaryimage"},"thumbnailUrl":"https:\/\/newyorkhipknee.com\/wp-content\/uploads\/2024\/01\/Screenshot-2024-01-02-122524.png","datePublished":"2024-01-02T18:32:02+00:00","dateModified":"2024-01-30T16:57:35+00:00","description":"Les lignes directrices \u00e9tablies par la commission des accidents du travail de l'\u00c9tat de New York proposent des principes g\u00e9n\u00e9raux pour aider les","breadcrumb":{"@id":"https:\/\/www.newyorkhipknee.com\/fr\/indemnisation-des-travailleurs\/lignes-directrices-pour-les-traitements-medicaux-mtg\/lesions-lombaires-et-medianes\/#breadcrumb"},"inLanguage":"fr-FR","potentialAction":[{"@type":"ReadAction","target":["https:\/\/www.newyorkhipknee.com\/fr\/indemnisation-des-travailleurs\/lignes-directrices-pour-les-traitements-medicaux-mtg\/lesions-lombaires-et-medianes\/"]}]},{"@type":"ImageObject","inLanguage":"fr-FR","@id":"https:\/\/www.newyorkhipknee.com\/fr\/indemnisation-des-travailleurs\/lignes-directrices-pour-les-traitements-medicaux-mtg\/lesions-lombaires-et-medianes\/#primaryimage","url":"https:\/\/newyorkhipknee.com\/wp-content\/uploads\/2024\/01\/Screenshot-2024-01-02-122524.png","contentUrl":"https:\/\/newyorkhipknee.com\/wp-content\/uploads\/2024\/01\/Screenshot-2024-01-02-122524.png"},{"@type":"BreadcrumbList","@id":"https:\/\/www.newyorkhipknee.com\/fr\/indemnisation-des-travailleurs\/lignes-directrices-pour-les-traitements-medicaux-mtg\/lesions-lombaires-et-medianes\/#breadcrumb","itemListElement":[{"@type":"ListItem","position":1,"name":"Home","item":"https:\/\/www.newyorkhipknee.com\/fr\/"},{"@type":"ListItem","position":2,"name":"Indemnisation des travailleurs","item":"https:\/\/www.newyorkhipknee.com\/fr\/indemnisation-des-travailleurs\/"},{"@type":"ListItem","position":3,"name":"Lignes directrices pour les traitements m\u00e9dicaux (MTG)","item":"https:\/\/www.newyorkhipknee.com\/fr\/indemnisation-des-travailleurs\/lignes-directrices-pour-les-traitements-medicaux-mtg\/"},{"@type":"ListItem","position":4,"name":"Directives de traitement m\u00e9dical de l&rsquo;\u00c9tat de New York pour les l\u00e9sions lombaires et m\u00e9dianes chez les travailleurs indemnis\u00e9s"}]},{"@type":"WebSite","@id":"https:\/\/www.newyorkhipknee.com\/fr\/#website","url":"https:\/\/www.newyorkhipknee.com\/fr\/","name":"Best Hip & Knee Surgeon | NY, USA","description":"","potentialAction":[{"@type":"SearchAction","target":{"@type":"EntryPoint","urlTemplate":"https:\/\/www.newyorkhipknee.com\/fr\/?s={search_term_string}"},"query-input":{"@type":"PropertyValueSpecification","valueRequired":true,"valueName":"search_term_string"}}],"inLanguage":"fr-FR"}]}},"_links":{"self":[{"href":"https:\/\/www.newyorkhipknee.com\/fr\/wp-json\/wp\/v2\/pages\/22319","targetHints":{"allow":["GET"]}}],"collection":[{"href":"https:\/\/www.newyorkhipknee.com\/fr\/wp-json\/wp\/v2\/pages"}],"about":[{"href":"https:\/\/www.newyorkhipknee.com\/fr\/wp-json\/wp\/v2\/types\/page"}],"author":[{"embeddable":true,"href":"https:\/\/www.newyorkhipknee.com\/fr\/wp-json\/wp\/v2\/users\/33"}],"replies":[{"embeddable":true,"href":"https:\/\/www.newyorkhipknee.com\/fr\/wp-json\/wp\/v2\/comments?post=22319"}],"version-history":[{"count":0,"href":"https:\/\/www.newyorkhipknee.com\/fr\/wp-json\/wp\/v2\/pages\/22319\/revisions"}],"up":[{"embeddable":true,"href":"https:\/\/www.newyorkhipknee.com\/fr\/wp-json\/wp\/v2\/pages\/21277"}],"wp:attachment":[{"href":"https:\/\/www.newyorkhipknee.com\/fr\/wp-json\/wp\/v2\/media?parent=22319"}],"curies":[{"name":"wp","href":"https:\/\/api.w.org\/{rel}","templated":true}]}}