{"id":22335,"date":"2024-01-16T08:45:09","date_gmt":"2024-01-16T13:45:09","guid":{"rendered":"https:\/\/newyorkhipknee.com\/indemnisation-des-travailleurs\/lignes-directrices-pour-les-traitements-medicaux-mtg\/blessure-a-lepaule\/"},"modified":"2024-01-30T11:57:38","modified_gmt":"2024-01-30T16:57:38","slug":"blessure-a-lepaule","status":"publish","type":"page","link":"https:\/\/www.newyorkhipknee.com\/fr\/indemnisation-des-travailleurs\/lignes-directrices-pour-les-traitements-medicaux-mtg\/blessure-a-lepaule\/","title":{"rendered":"Directives m\u00e9dicales de l&rsquo;\u00c9tat de New York pour le traitement des l\u00e9sions de l&rsquo;\u00e9paule chez les travailleurs indemnis\u00e9s"},"content":{"rendered":"<p>Les lignes directrices formul\u00e9es par la commission des accidents du travail de l&rsquo;\u00c9tat de New York visent \u00e0 aider les professionnels de la sant\u00e9 \u00e0 fournir un traitement appropri\u00e9 pour les blessures \u00e0 l&rsquo;\u00e9paule.<\/p>\n<p>Con\u00e7ues \u00e0 l&rsquo;intention des m\u00e9decins, ces lignes directrices de la Commission des accidents du travail aident \u00e0 d\u00e9terminer la marche \u00e0 suivre pour les personnes souffrant de l\u00e9sions \u00e0 l&rsquo;\u00e9paule.<\/p>\n<p>Il est important de souligner que ces lignes directrices ne remplacent pas le jugement clinique ou l&rsquo;exp\u00e9rience professionnelle. La d\u00e9cision finale concernant le traitement des blessures \u00e0 l&rsquo;\u00e9paule doit \u00eatre prise en collaboration avec le patient et son prestataire de soins de sant\u00e9.<\/p>\n<h3><\/h3>\n<h3>Anamn\u00e8se et examen physique<\/h3>\n<p><strong>Collecte d&rsquo;informations compl\u00e8tes :<\/strong><\/p>\n<ul>\n<li>Le processus d&rsquo;anamn\u00e8se et d&rsquo;examen physique vise \u00e0 recueillir des informations applicables \u00e0 toutes les blessures. Les proc\u00e9dures des prestataires discut\u00e9es sont cens\u00e9es \u00eatre appliqu\u00e9es universellement \u00e0 tous les patients, ind\u00e9pendamment de la blessure et du diagnostic.<\/li>\n<\/ul>\n<p><strong>Examen syst\u00e9matique des syst\u00e8mes :<\/strong><\/p>\n<ul>\n<li>L&rsquo;examen syst\u00e9matique des syst\u00e8mes est un \u00e9l\u00e9ment essentiel. Il s&rsquo;agit notamment d&rsquo;explorer les signes ou sympt\u00f4mes associ\u00e9s \u00e0 diff\u00e9rents syst\u00e8mes, tels que les sympt\u00f4mes constitutionnels, oculaires, oto-rhino-laryngologiques, cardiovasculaires, respiratoires, gastro-intestinaux, g\u00e9nito-urinaires, musculo-squelettiques, t\u00e9gumentaires et mammaires, neurologiques, psychiatriques, endocriniens, h\u00e9matologiques\/lymphatiques, et allergiques\/immunologiques.<\/li>\n<\/ul>\n<p><strong>Adapter la r\u00e9vision des syst\u00e8mes :<\/strong><\/p>\n<ul>\n<li>En fonction de la pathologie sous-jacente et du jugement clinique, l&rsquo;examen des syst\u00e8mes peut \u00eatre personnalis\u00e9 au cas par cas. Cela permet de garantir que l&rsquo;examen est \u00e0 la fois complet et bien cibl\u00e9 pour r\u00e9pondre \u00e0 des probl\u00e8mes de sant\u00e9 sp\u00e9cifiques.<\/li>\n<\/ul>\n<p>&nbsp;<\/p>\n<p>&nbsp;<\/p>\n<h3>Diagnostics sp\u00e9cifiques, tests et proc\u00e9dures de traitement<\/h3>\n<div class=\"flex-1 overflow-hidden\">\n<div class=\"react-scroll-to-bottom--css-pevlb-79elbk h-full\">\n<div class=\"react-scroll-to-bottom--css-pevlb-1n7m0yu\">\n<div class=\"flex flex-col pb-9 text-sm\">\n<div class=\"w-full text-token-text-primary\" data-testid=\"conversation-turn-57\">\n<div class=\"px-4 py-2 justify-center text-base md:gap-6 m-auto\">\n<div class=\"flex flex-1 text-base mx-auto gap-3 md:px-5 lg:px-1 xl:px-5 md:max-w-3xl lg:max-w-[40rem] xl:max-w-[48rem] group final-completion\">\n<div class=\"relative flex w-full flex-col lg:w-[calc(100%-115px)] agent-turn\">\n<div class=\"flex-col gap-1 md:gap-3\">\n<div class=\"flex flex-grow flex-col max-w-full\">\n<div class=\"min-h-[20px] text-message flex flex-col items-start gap-3 whitespace-pre-wrap break-words [.text-message+&amp;]:mt-5 overflow-x-auto\" data-message-author-role=\"assistant\" data-message-id=\"de1543c1-d8ee-4b55-9939-566b155cead9\">\n<div class=\"markdown prose w-full break-words dark:prose-invert dark\">\n<p><strong><a href=\"https:\/\/www.cortho.org\/shoulder\/snapping-shoulder-causes-management\/\" target=\"_blank\" rel=\"noopener\">Entorses\/dislocations de l&rsquo;articulation acromio-claviculaire (AC)<\/a>:<\/strong><\/p>\n<ul>\n<li>Informations uniques sur les entorses et les luxations de l&rsquo;articulation AC, y compris les proc\u00e9dures sp\u00e9cifiques de diagnostic, de test et de traitement.<\/li>\n<\/ul>\n<p><strong>2. Capsulite adh\u00e9sive\/\u00e9paule gel\u00e9e :<\/strong><\/p>\n<ul>\n<li>D\u00e9tails complets sur le diagnostic, les tests et les proc\u00e9dures de traitement sp\u00e9cifiques \u00e0 la capsulite adh\u00e9sive ou \u00e0 l&rsquo;\u00e9paule gel\u00e9e.<\/li>\n<\/ul>\n<p><strong>3.<a href=\"https:\/\/www.cortho.org\/workers-compensation\/mtg\/elbow\/biceps-tendinosis-or-tendinitis-and-tears-ruptures\/\" target=\"_blank\" rel=\"noopener\"> Troubles du tendon bicipital<\/a>:<\/strong><\/p>\n<ul>\n<li>Un aper\u00e7u sp\u00e9cialis\u00e9 du diagnostic, des tests et des proc\u00e9dures de traitement des troubles li\u00e9s au tendon bicipital.<\/li>\n<\/ul>\n<p><strong>4. <a href=\"https:\/\/www.cortho.org\/workers-compensation\/mtg\/shoulder\/brachial-plexus-injuries\/\">L\u00e9sions du plexus brachial<\/a>:<\/strong><\/p>\n<ul>\n<li>Une analyse d\u00e9taill\u00e9e des l\u00e9sions du plexus brachial, couvrant divers nerfs tels que le plexus brachial, le nerf axillaire, le nerf thoracique long, le nerf musculocutan\u00e9, le nerf accessoire de la colonne vert\u00e9brale et le nerf suprascapulaire.<\/li>\n<\/ul>\n<p><strong>5. <a href=\"https:\/\/www.cortho.org\/workers-compensation\/mtg\/shoulder\/bursitis-of-the-shoulder\/\">Bursite de l&rsquo;\u00e9paule<\/a>:<\/strong><\/p>\n<ul>\n<li>Informations sp\u00e9cifiques concernant le diagnostic, les tests et le traitement de la bursite de l&rsquo;\u00e9paule.<\/li>\n<\/ul>\n<p><strong>6. Impingem<\/strong><strong>om<\/strong><strong>ent Syndre :<\/strong><\/p>\n<ul>\n<li>Des conseils personnalis\u00e9s sur le traitement du syndrome d&rsquo;impaction, y compris des proc\u00e9dures pr\u00e9cises de diagnostic et de traitement.<\/li>\n<\/ul>\n<p><strong>7. D\u00e9chirures de la coiffe des rotateurs :<\/strong><\/p>\n<ul>\n<li>Un aper\u00e7u unique du diagnostic, des tests et du traitement des ruptures de la coiffe des rotateurs.<\/li>\n<\/ul>\n<p><strong>8. Tendinite de la coiffe des rotateurs :<\/strong><\/p>\n<ul>\n<li>Informations sp\u00e9cialis\u00e9es sur le diagnostic, les tests et le traitement de la tendinite de la coiffe des rotateurs.<\/li>\n<\/ul>\n<p><strong>9. Fractures de l&rsquo;\u00e9paule :<\/strong><\/p>\n<ul>\n<li>Informations d\u00e9taill\u00e9es sur des fractures sp\u00e9cifiques li\u00e9es \u00e0 l&rsquo;\u00e9paule, notamment la fracture claviculaire, la fracture de l&rsquo;hum\u00e9rus proximal, la fracture du f\u00fbt de l&rsquo;hum\u00e9rus, la fracture de l&rsquo;omoplate et la luxation\/fracture sternoclaviculaire.<\/li>\n<\/ul>\n<p><strong>10. <a href=\"https:\/\/www.cortho.org\/workers-compensation\/scheduled-loss-of-use\/shoulder\/\" target=\"_blank\" rel=\"noopener\">Instabilit\u00e9 de l&rsquo;\u00e9paule :<\/a><\/strong><\/p>\n<ul>\n<li>D\u00e9tails complets sur le diagnostic, les tests et les proc\u00e9dures de traitement de l&rsquo;instabilit\u00e9 de l&rsquo;\u00e9paule.<\/li>\n<\/ul>\n<\/div>\n<\/div>\n<\/div>\n<div class=\"mt-1 flex justify-start gap-3 empty:hidden\">\n<div class=\"text-gray-400 flex self-end lg:self-center justify-center lg:justify-start mt-0 -ml-1 visible\">\n<p>&nbsp;<\/p>\n<div class=\"flex\"><\/div>\n<div class=\"flex items-center gap-1.5 text-xs\"><\/div>\n<\/div>\n<div>\n<p><strong>Format de pr\u00e9sentation des diagnostics :<\/strong> Chaque diagnostic est pr\u00e9sent\u00e9 dans la structure suivante :<\/p>\n<p><strong>Historique et m\u00e9canisme de la blessure :<\/strong> Les ant\u00e9c\u00e9dents et les d\u00e9tails du m\u00e9canisme de la blessure sont d\u00e9crits.<\/p>\n<p><strong>Discussion des r\u00e9sultats physiques pertinents :<\/strong> Un examen approfondi et une analyse des observations physiques pertinentes sont fournis.<\/p>\n<p><strong>Tests de laboratoire :<\/strong> Les d\u00e9tails concernant les \u00e9ventuels tests de laboratoire n\u00e9cessaires sont discut\u00e9s.<\/p>\n<p><strong>Proc\u00e9dures de test :<\/strong> Les proc\u00e9dures impliqu\u00e9es dans la conduite des tests sont expliqu\u00e9es.<\/p>\n<p><strong>Proc\u00e9dures de traitement th\u00e9rapeutique non op\u00e9ratoire fond\u00e9es sur le diagnostic :<\/strong> Les proc\u00e9dures de traitement th\u00e9rapeutique non op\u00e9ratoire bas\u00e9es sur le diagnostic sont d\u00e9crites.<\/p>\n<p><strong>Options de traitement op\u00e9ratoire\/chirurgical :<\/strong> Les approches et les choix possibles en mati\u00e8re de traitement op\u00e9ratoire ou chirurgical sont pr\u00e9sent\u00e9s.<\/p>\n<p><strong>Options de r\u00e9\u00e9ducation\/traitement post-op\u00e9ratoire :<\/strong> Les proc\u00e9dures de r\u00e9\u00e9ducation et de traitement apr\u00e8s l&rsquo;intervention chirurgicale sont abord\u00e9es.<\/p>\n<p><strong>Passage \u00e0 la chirurgie apr\u00e8s un traitement conservateur :<\/strong> Dans les cas o\u00f9 un traitement non chirurgical est initialement recommand\u00e9, une intervention chirurgicale peut \u00eatre envisag\u00e9e si le traitement conservateur s&rsquo;av\u00e8re inefficace.<\/p>\n<p><strong>Crit\u00e8res d&rsquo;intervention continus :<\/strong> Le patient doit syst\u00e9matiquement pr\u00e9senter des signes objectifs, des sympt\u00f4mes subjectifs et, le cas \u00e9ch\u00e9ant, des r\u00e9sultats d&rsquo;imagerie pour justifier une intervention.<\/p>\n<\/div>\n<p>&nbsp;<\/p>\n<h3>Proc\u00e9dures th\u00e9rapeutiques : Non op\u00e9ratoires (y compris les m\u00e9dicaments)<\/h3>\n<\/div>\n<\/div>\n<\/div>\n<\/div>\n<\/div>\n<\/div>\n<\/div>\n<\/div>\n<\/div>\n<\/div>\n<div class=\"w-full pt-2 md:pt-0 dark:border-white\/20 md:border-transparent md:dark:border-transparent md:w-[calc(100%-.5rem)]\">\n<form class=\"stretch mx-2 flex flex-row gap-3 last:mb-2 md:mx-4 md:last:mb-6 lg:mx-auto lg:max-w-2xl xl:max-w-3xl\">\n<div class=\"relative flex h-full flex-1 items-stretch md:flex-col\">\n<div class=\"flex w-full items-center\">\n<p><strong>Proc\u00e9dures th\u00e9rapeutiques non op\u00e9ratoires : Informations communes :<\/strong> Dans le domaine des proc\u00e9dures th\u00e9rapeutiques non op\u00e9ratoires, des d\u00e9tails complets sur les aspects universellement applicables \u00e0 toutes les blessures sont pr\u00e9sent\u00e9s. Cela inclut des discussions approfondies sur les m\u00e9dicaments r\u00e9f\u00e9renc\u00e9s, les proc\u00e9dures th\u00e9rapeutiques et leurs indications. Des informations sur la dur\u00e9e pr\u00e9vue des effets, la fr\u00e9quence recommand\u00e9e, ainsi que les dur\u00e9es optimales et maximales sont fournies.<\/p>\n<p><strong>La nature complexe des l\u00e9sions de l&rsquo;\u00e9paule :<\/strong> Compte tenu de la nature complexe des l\u00e9sions de l&rsquo;\u00e9paule, il est essentiel d&rsquo;adopter une approche globale. Il est imp\u00e9ratif de prendre en compte l&rsquo;interaction potentielle entre les diff\u00e9rents composants du m\u00e9canisme de l&rsquo;\u00e9paule lors des \u00e9valuations diagnostiques et de la planification du traitement th\u00e9rapeutique.<\/p>\n<p>&nbsp;<\/p>\n<\/div>\n<div class=\"flex-1 overflow-hidden\">\n<div class=\"react-scroll-to-bottom--css-pevlb-79elbk h-full\">\n<div class=\"react-scroll-to-bottom--css-pevlb-1n7m0yu\">\n<div class=\"flex flex-col pb-9 text-sm\">\n<div class=\"w-full text-token-text-primary\" data-testid=\"conversation-turn-13\">\n<div class=\"px-4 py-2 justify-center text-base md:gap-6 m-auto\">\n<div class=\"flex flex-1 text-base mx-auto gap-3 md:px-5 lg:px-1 xl:px-5 md:max-w-3xl lg:max-w-[40rem] xl:max-w-[48rem] group final-completion\">\n<div class=\"relative flex w-full flex-col lg:w-[calc(100%-115px)] agent-turn\">\n<div class=\"flex-col gap-1 md:gap-3\">\n<div class=\"mt-1 flex justify-start gap-3 empty:hidden\">\n<div class=\"text-gray-400 flex self-end lg:self-center justify-center lg:justify-start mt-0 -ml-1 visible\">\n<div class=\"flex items-center gap-1.5 text-xs\"><\/div>\n<\/div>\n<\/div>\n<\/div>\n<\/div>\n<\/div>\n<\/div>\n<\/div>\n<\/div>\n<\/div>\n<\/div>\n<\/div>\n<div class=\"w-full pt-2 md:pt-0 dark:border-white\/20 md:border-transparent md:dark:border-transparent md:w-[calc(100%-.5rem)]\">\n<div class=\"relative flex h-full flex-1 items-stretch md:flex-col\">\n<div class=\"flex w-full items-center\"><\/div>\n<\/div>\n<\/div>\n<\/div>\n<\/form>\n<\/div>\n","protected":false},"excerpt":{"rendered":"<p>Les lignes directrices formul\u00e9es par la commission des accidents du travail de l&rsquo;\u00c9tat de New York visent \u00e0 aider les professionnels de la sant\u00e9 \u00e0 fournir un traitement appropri\u00e9 pour les blessures \u00e0 l&rsquo;\u00e9paule. Con\u00e7ues \u00e0 l&rsquo;intention des m\u00e9decins, ces lignes directrices de la Commission des accidents du travail aident \u00e0 d\u00e9terminer la marche \u00e0 [&hellip;]<\/p>\n","protected":false},"author":33,"featured_media":0,"parent":21277,"menu_order":0,"comment_status":"closed","ping_status":"closed","template":"","meta":{"_et_pb_use_builder":"","_et_pb_old_content":"","_et_gb_content_width":"","footnotes":""},"class_list":["post-22335","page","type-page","status-publish","hentry"],"yoast_head":"<!-- This site is optimized with the Yoast SEO plugin v27.2 - https:\/\/yoast.com\/product\/yoast-seo-wordpress\/ -->\n<title>Directives m\u00e9dicales de l&#039;\u00c9tat de New York pour le traitement des l\u00e9sions de l&#039;\u00e9paule chez les travailleurs indemnis\u00e9s | Best Hip &amp; Knee Surgeon | NY, USA<\/title>\n<meta name=\"description\" content=\"Les lignes directrices formul\u00e9es par la commission des accidents du travail de l&#039;\u00c9tat de New York visent \u00e0 aider les professionnels de la sant\u00e9 \u00e0 fournir\" \/>\n<meta name=\"robots\" content=\"index, follow, max-snippet:-1, max-image-preview:large, max-video-preview:-1\" \/>\n<link rel=\"canonical\" href=\"https:\/\/www.newyorkhipknee.com\/fr\/indemnisation-des-travailleurs\/lignes-directrices-pour-les-traitements-medicaux-mtg\/blessure-a-lepaule\/\" \/>\n<meta property=\"og:locale\" content=\"fr_FR\" \/>\n<meta property=\"og:type\" content=\"article\" \/>\n<meta property=\"og:title\" content=\"Directives m\u00e9dicales de l&#039;\u00c9tat de New York pour le traitement des l\u00e9sions de l&#039;\u00e9paule chez les travailleurs indemnis\u00e9s | Best Hip &amp; Knee Surgeon | NY, USA\" \/>\n<meta property=\"og:description\" content=\"Les lignes directrices formul\u00e9es par la commission des accidents du travail de l&#039;\u00c9tat de New York visent \u00e0 aider les professionnels de la sant\u00e9 \u00e0 fournir\" \/>\n<meta property=\"og:url\" content=\"https:\/\/www.newyorkhipknee.com\/fr\/indemnisation-des-travailleurs\/lignes-directrices-pour-les-traitements-medicaux-mtg\/blessure-a-lepaule\/\" \/>\n<meta property=\"og:site_name\" content=\"Best Hip &amp; Knee Surgeon | NY, USA\" \/>\n<meta property=\"article:modified_time\" content=\"2024-01-30T16:57:38+00:00\" \/>\n<meta name=\"twitter:card\" content=\"summary_large_image\" \/>\n<meta name=\"twitter:label1\" content=\"Dur\u00e9e de lecture estim\u00e9e\" \/>\n\t<meta name=\"twitter:data1\" content=\"5 minutes\" \/>\n<script type=\"application\/ld+json\" class=\"yoast-schema-graph\">{\"@context\":\"https:\/\/schema.org\",\"@graph\":[{\"@type\":[\"WebPage\",\"MedicalWebPage\"],\"@id\":\"https:\/\/www.newyorkhipknee.com\/fr\/indemnisation-des-travailleurs\/lignes-directrices-pour-les-traitements-medicaux-mtg\/blessure-a-lepaule\/\",\"url\":\"https:\/\/www.newyorkhipknee.com\/fr\/indemnisation-des-travailleurs\/lignes-directrices-pour-les-traitements-medicaux-mtg\/blessure-a-lepaule\/\",\"name\":\"Directives m\u00e9dicales de l'\u00c9tat de New York pour le traitement des l\u00e9sions de l'\u00e9paule chez les travailleurs indemnis\u00e9s | Best Hip &amp; Knee Surgeon | NY, USA\",\"isPartOf\":{\"@id\":\"https:\/\/www.newyorkhipknee.com\/fr\/#website\"},\"datePublished\":\"2024-01-16T13:45:09+00:00\",\"dateModified\":\"2024-01-30T16:57:38+00:00\",\"description\":\"Les lignes directrices formul\u00e9es par la commission des accidents du travail de l'\u00c9tat de New York visent \u00e0 aider les professionnels de la sant\u00e9 \u00e0 fournir\",\"breadcrumb\":{\"@id\":\"https:\/\/www.newyorkhipknee.com\/fr\/indemnisation-des-travailleurs\/lignes-directrices-pour-les-traitements-medicaux-mtg\/blessure-a-lepaule\/#breadcrumb\"},\"inLanguage\":\"fr-FR\",\"potentialAction\":[{\"@type\":\"ReadAction\",\"target\":[\"https:\/\/www.newyorkhipknee.com\/fr\/indemnisation-des-travailleurs\/lignes-directrices-pour-les-traitements-medicaux-mtg\/blessure-a-lepaule\/\"]}]},{\"@type\":\"BreadcrumbList\",\"@id\":\"https:\/\/www.newyorkhipknee.com\/fr\/indemnisation-des-travailleurs\/lignes-directrices-pour-les-traitements-medicaux-mtg\/blessure-a-lepaule\/#breadcrumb\",\"itemListElement\":[{\"@type\":\"ListItem\",\"position\":1,\"name\":\"Home\",\"item\":\"https:\/\/www.newyorkhipknee.com\/fr\/\"},{\"@type\":\"ListItem\",\"position\":2,\"name\":\"Indemnisation des travailleurs\",\"item\":\"https:\/\/www.newyorkhipknee.com\/fr\/indemnisation-des-travailleurs\/\"},{\"@type\":\"ListItem\",\"position\":3,\"name\":\"Lignes directrices pour les traitements m\u00e9dicaux (MTG)\",\"item\":\"https:\/\/www.newyorkhipknee.com\/fr\/indemnisation-des-travailleurs\/lignes-directrices-pour-les-traitements-medicaux-mtg\/\"},{\"@type\":\"ListItem\",\"position\":4,\"name\":\"Directives m\u00e9dicales de l&rsquo;\u00c9tat de New York pour le traitement des l\u00e9sions de l&rsquo;\u00e9paule chez les travailleurs indemnis\u00e9s\"}]},{\"@type\":\"WebSite\",\"@id\":\"https:\/\/www.newyorkhipknee.com\/fr\/#website\",\"url\":\"https:\/\/www.newyorkhipknee.com\/fr\/\",\"name\":\"Best Hip & Knee Surgeon | NY, USA\",\"description\":\"\",\"potentialAction\":[{\"@type\":\"SearchAction\",\"target\":{\"@type\":\"EntryPoint\",\"urlTemplate\":\"https:\/\/www.newyorkhipknee.com\/fr\/?s={search_term_string}\"},\"query-input\":{\"@type\":\"PropertyValueSpecification\",\"valueRequired\":true,\"valueName\":\"search_term_string\"}}],\"inLanguage\":\"fr-FR\"}]}<\/script>\n<!-- \/ Yoast SEO plugin. -->","yoast_head_json":{"title":"Directives m\u00e9dicales de l'\u00c9tat de New York pour le traitement des l\u00e9sions de l'\u00e9paule chez les travailleurs indemnis\u00e9s | Best Hip &amp; Knee Surgeon | NY, USA","description":"Les lignes directrices formul\u00e9es par la commission des accidents du travail de l'\u00c9tat de New York visent \u00e0 aider les professionnels de la sant\u00e9 \u00e0 fournir","robots":{"index":"index","follow":"follow","max-snippet":"max-snippet:-1","max-image-preview":"max-image-preview:large","max-video-preview":"max-video-preview:-1"},"canonical":"https:\/\/www.newyorkhipknee.com\/fr\/indemnisation-des-travailleurs\/lignes-directrices-pour-les-traitements-medicaux-mtg\/blessure-a-lepaule\/","og_locale":"fr_FR","og_type":"article","og_title":"Directives m\u00e9dicales de l'\u00c9tat de New York pour le traitement des l\u00e9sions de l'\u00e9paule chez les travailleurs indemnis\u00e9s | Best Hip &amp; Knee Surgeon | NY, USA","og_description":"Les lignes directrices formul\u00e9es par la commission des accidents du travail de l'\u00c9tat de New York visent \u00e0 aider les professionnels de la sant\u00e9 \u00e0 fournir","og_url":"https:\/\/www.newyorkhipknee.com\/fr\/indemnisation-des-travailleurs\/lignes-directrices-pour-les-traitements-medicaux-mtg\/blessure-a-lepaule\/","og_site_name":"Best Hip &amp; Knee Surgeon | NY, USA","article_modified_time":"2024-01-30T16:57:38+00:00","twitter_card":"summary_large_image","twitter_misc":{"Dur\u00e9e de lecture estim\u00e9e":"5 minutes"},"schema":{"@context":"https:\/\/schema.org","@graph":[{"@type":["WebPage","MedicalWebPage"],"@id":"https:\/\/www.newyorkhipknee.com\/fr\/indemnisation-des-travailleurs\/lignes-directrices-pour-les-traitements-medicaux-mtg\/blessure-a-lepaule\/","url":"https:\/\/www.newyorkhipknee.com\/fr\/indemnisation-des-travailleurs\/lignes-directrices-pour-les-traitements-medicaux-mtg\/blessure-a-lepaule\/","name":"Directives m\u00e9dicales de l'\u00c9tat de New York pour le traitement des l\u00e9sions de l'\u00e9paule chez les travailleurs indemnis\u00e9s | Best Hip &amp; Knee Surgeon | NY, USA","isPartOf":{"@id":"https:\/\/www.newyorkhipknee.com\/fr\/#website"},"datePublished":"2024-01-16T13:45:09+00:00","dateModified":"2024-01-30T16:57:38+00:00","description":"Les lignes directrices formul\u00e9es par la commission des accidents du travail de l'\u00c9tat de New York visent \u00e0 aider les professionnels de la sant\u00e9 \u00e0 fournir","breadcrumb":{"@id":"https:\/\/www.newyorkhipknee.com\/fr\/indemnisation-des-travailleurs\/lignes-directrices-pour-les-traitements-medicaux-mtg\/blessure-a-lepaule\/#breadcrumb"},"inLanguage":"fr-FR","potentialAction":[{"@type":"ReadAction","target":["https:\/\/www.newyorkhipknee.com\/fr\/indemnisation-des-travailleurs\/lignes-directrices-pour-les-traitements-medicaux-mtg\/blessure-a-lepaule\/"]}]},{"@type":"BreadcrumbList","@id":"https:\/\/www.newyorkhipknee.com\/fr\/indemnisation-des-travailleurs\/lignes-directrices-pour-les-traitements-medicaux-mtg\/blessure-a-lepaule\/#breadcrumb","itemListElement":[{"@type":"ListItem","position":1,"name":"Home","item":"https:\/\/www.newyorkhipknee.com\/fr\/"},{"@type":"ListItem","position":2,"name":"Indemnisation des travailleurs","item":"https:\/\/www.newyorkhipknee.com\/fr\/indemnisation-des-travailleurs\/"},{"@type":"ListItem","position":3,"name":"Lignes directrices pour les traitements m\u00e9dicaux (MTG)","item":"https:\/\/www.newyorkhipknee.com\/fr\/indemnisation-des-travailleurs\/lignes-directrices-pour-les-traitements-medicaux-mtg\/"},{"@type":"ListItem","position":4,"name":"Directives m\u00e9dicales de l&rsquo;\u00c9tat de New York pour le traitement des l\u00e9sions de l&rsquo;\u00e9paule chez les travailleurs indemnis\u00e9s"}]},{"@type":"WebSite","@id":"https:\/\/www.newyorkhipknee.com\/fr\/#website","url":"https:\/\/www.newyorkhipknee.com\/fr\/","name":"Best Hip & Knee Surgeon | NY, USA","description":"","potentialAction":[{"@type":"SearchAction","target":{"@type":"EntryPoint","urlTemplate":"https:\/\/www.newyorkhipknee.com\/fr\/?s={search_term_string}"},"query-input":{"@type":"PropertyValueSpecification","valueRequired":true,"valueName":"search_term_string"}}],"inLanguage":"fr-FR"}]}},"_links":{"self":[{"href":"https:\/\/www.newyorkhipknee.com\/fr\/wp-json\/wp\/v2\/pages\/22335","targetHints":{"allow":["GET"]}}],"collection":[{"href":"https:\/\/www.newyorkhipknee.com\/fr\/wp-json\/wp\/v2\/pages"}],"about":[{"href":"https:\/\/www.newyorkhipknee.com\/fr\/wp-json\/wp\/v2\/types\/page"}],"author":[{"embeddable":true,"href":"https:\/\/www.newyorkhipknee.com\/fr\/wp-json\/wp\/v2\/users\/33"}],"replies":[{"embeddable":true,"href":"https:\/\/www.newyorkhipknee.com\/fr\/wp-json\/wp\/v2\/comments?post=22335"}],"version-history":[{"count":0,"href":"https:\/\/www.newyorkhipknee.com\/fr\/wp-json\/wp\/v2\/pages\/22335\/revisions"}],"up":[{"embeddable":true,"href":"https:\/\/www.newyorkhipknee.com\/fr\/wp-json\/wp\/v2\/pages\/21277"}],"wp:attachment":[{"href":"https:\/\/www.newyorkhipknee.com\/fr\/wp-json\/wp\/v2\/media?parent=22335"}],"curies":[{"name":"wp","href":"https:\/\/api.w.org\/{rel}","templated":true}]}}