{"id":22390,"date":"2024-01-04T12:33:44","date_gmt":"2024-01-04T17:33:44","guid":{"rendered":"https:\/\/newyorkhipknee.com\/indemnisation-des-travailleurs\/lignes-directrices-pour-les-traitements-medicaux-mtg\/blessure-au-cou\/procedures-therapeutiques-non-operatoires-2\/ablation-par-radiofrequence-neurotomie-rhizotomie-facettaire\/"},"modified":"2024-01-30T11:59:30","modified_gmt":"2024-01-30T16:59:30","slug":"ablation-par-radiofrequence-neurotomie-rhizotomie-facettaire","status":"publish","type":"page","link":"https:\/\/www.newyorkhipknee.com\/fr\/indemnisation-des-travailleurs\/lignes-directrices-pour-les-traitements-medicaux-mtg\/blessure-au-cou\/procedures-therapeutiques-non-operatoires-2\/ablation-par-radiofrequence-neurotomie-rhizotomie-facettaire\/","title":{"rendered":"Directives m\u00e9dicales de l&rsquo;\u00c9tat de New York pour l&rsquo;ablation par radiofr\u00e9quence, la neurotomie et la rhizotomie des facettes en cas de l\u00e9sions cervicales chez les patients indemnis\u00e9s par l&rsquo;\u00c9tat de New York."},"content":{"rendered":"<p>Les lignes directrices \u00e9tablies par la commission des accidents du travail de l&rsquo;\u00c9tat de New York sont con\u00e7ues pour aider les professionnels de la sant\u00e9 \u00e0 envisager l&rsquo;ablation par radiofr\u00e9quence, la neurotomie et la rhizotomie facettaire comme interventions pour les personnes souffrant de l\u00e9sions cervicales. Ces directives visent \u00e0 aider les m\u00e9decins et les praticiens de sant\u00e9 \u00e0 d\u00e9terminer la pertinence de ces proc\u00e9dures dans le cadre d&rsquo;un plan de soins complet pour les l\u00e9sions cervicales.<\/p>\n<p>Les professionnels de la sant\u00e9 sp\u00e9cialis\u00e9s dans les l\u00e9sions cervicales peuvent s&rsquo;appuyer sur les conseils fournis par la Commission des accidents du travail pour prendre des d\u00e9cisions \u00e9clair\u00e9es sur l&rsquo;utilisation potentielle de l&rsquo;ablation par radiofr\u00e9quence, de la neurotomie et de la rhizotomie facettaire pour leurs patients.<\/p>\n<p>Il est essentiel de souligner que ces lignes directrices ne sont pas destin\u00e9es \u00e0 remplacer le jugement clinique ou l&rsquo;expertise professionnelle. La d\u00e9cision finale concernant ces interventions pour les l\u00e9sions cervicales doit \u00eatre prise en collaboration avec le patient et son prestataire de soins de sant\u00e9.<\/p>\n<h2>Ablation par radiofr\u00e9quence, neurotomie, rhizotomie des facettes pour une l\u00e9sion du cou<\/h2>\n<p>La proc\u00e9dure consiste \u00e0 d\u00e9nerv\u00e9 l&rsquo;articulation facettaire en ablatant les branches m\u00e9dianes sensorielles correspondantes, g\u00e9n\u00e9ralement par radiofr\u00e9quence percutan\u00e9e continue. La neurotomie de la branche m\u00e9diane par radiofr\u00e9quence est recommand\u00e9e comme la proc\u00e9dure pr\u00e9f\u00e9r\u00e9e, surpassant les alternatives telles que l&rsquo;alcool, le ph\u00e9nol, d&rsquo;autres agents injectables ou la cryoablation. Le guidage fluoroscopique est essentiel pour un positionnement pr\u00e9cis de la sonde, et des images permanentes doivent \u00eatre enregistr\u00e9es pour documenter la mise en place appropri\u00e9e du dispositif.<\/p>\n<p>Elle est recommand\u00e9e pour les patients pr\u00e9sentant une douleur confirm\u00e9e de l&rsquo;articulation facettaire, en particulier ceux pour lesquels deux blocs diagnostiques de la branche m\u00e9diane du nerf se sont av\u00e9r\u00e9s efficaces sur le plan th\u00e9rapeutique. Toutefois, il est important de noter que cette proc\u00e9dure n&rsquo;est pas recommand\u00e9e en cas d&rsquo;atteinte de plus de trois facettes (quatre nerfs de branche m\u00e9diane).<\/p>\n<p>Pour que la proc\u00e9dure soit consid\u00e9r\u00e9e comme positive, tous les patients doivent pr\u00e9senter une r\u00e9ponse satisfaisante \u00e0 un bloc diagnostique de la branche m\u00e9diane du nerf et \u00e0 un bloc comparatif s\u00e9par\u00e9. Un bloc diagnostique positif se caract\u00e9rise par le fait que le patient signale une r\u00e9duction de la douleur de 50 % ou plus par rapport \u00e0 la valeur de base pendant la dur\u00e9e appropri\u00e9e pour l&rsquo;anesth\u00e9sique local utilis\u00e9, ainsi qu&rsquo;une am\u00e9lioration fonctionnelle. Le patient doit indiquer les activit\u00e9s de la vie quotidienne qui sont entrav\u00e9es par sa douleur, ce qui peut impliquer la mesure de l&rsquo;amplitude des mouvements. Le prestataire doit observer et documenter l&rsquo;am\u00e9lioration fonctionnelle dans les activit\u00e9s identifi\u00e9es dans le cadre clinique.<\/p>\n<p>&nbsp;<\/p>\n<h3>Th\u00e9rapie post-proc\u00e9dure<\/h3>\n<p>Apr\u00e8s l&rsquo;intervention, il est recommand\u00e9 d&rsquo;entamer un programme de reconditionnement en douceur au cours de la premi\u00e8re semaine suivant l&rsquo;intervention, sauf en cas de complications. En outre, il est conseill\u00e9 de fournir des instructions et d&rsquo;encourager la participation \u00e0 un programme \u00e0 domicile \u00e0 long terme. Ce programme doit comprendre des activit\u00e9s telles que des exercices d&rsquo;amplitude de mouvement, le renforcement des muscles cervicaux, scapulaires et thoraciques, la r\u00e9\u00e9ducation posturale ou neuromusculaire, ainsi que des exercices d&rsquo;endurance et de stabilit\u00e9.<\/p>\n<p>En termes de fr\u00e9quence, il est sugg\u00e9r\u00e9 d&rsquo;effectuer quatre \u00e0 dix visites apr\u00e8s l&rsquo;intervention afin de garantir une orientation et un soutien ad\u00e9quats dans le processus de r\u00e9tablissement.<\/p>\n<p>&nbsp;<\/p>\n<h3>R\u00e9p\u00e9tition de la neurotomie par radiofr\u00e9quence (ou neurotomies par radiofr\u00e9quence \u00e0 des niveaux suppl\u00e9mentaires)<\/h3>\n<p>Il est recommand\u00e9 d&rsquo;envisager une nouvelle neurotomie par radiofr\u00e9quence chez certains patients qui pr\u00e9sentent une douleur r\u00e9currente apr\u00e8s avoir b\u00e9n\u00e9fici\u00e9 d&rsquo;un soulagement de 6 \u00e0 9 mois \u00e0 la suite d&rsquo;une proc\u00e9dure ant\u00e9rieure. Avant de proc\u00e9der \u00e0 une nouvelle neurotomie par radiofr\u00e9quence, il est conseill\u00e9 de proc\u00e9der \u00e0 une injection de la branche m\u00e9diane si le sch\u00e9ma de la douleur du patient diff\u00e8re de l&rsquo;\u00e9valuation initiale.<\/p>\n<p>La fr\u00e9quence sugg\u00e9r\u00e9e pour cette proc\u00e9dure est de deux fois par an, en fonction de l&rsquo;am\u00e9lioration de la douleur et de la fonction indiqu\u00e9e par la r\u00e9ponse du patient au traitement.<\/p>\n","protected":false},"excerpt":{"rendered":"<p>Les lignes directrices \u00e9tablies par la commission des accidents du travail de l&rsquo;\u00c9tat de New York sont con\u00e7ues pour aider les professionnels de la sant\u00e9 \u00e0 envisager l&rsquo;ablation par radiofr\u00e9quence, la neurotomie et la rhizotomie facettaire comme interventions pour les personnes souffrant de l\u00e9sions cervicales. Ces directives visent \u00e0 aider les m\u00e9decins et les praticiens [&hellip;]<\/p>\n","protected":false},"author":33,"featured_media":0,"parent":22203,"menu_order":0,"comment_status":"closed","ping_status":"closed","template":"","meta":{"_et_pb_use_builder":"","_et_pb_old_content":"","_et_gb_content_width":"","footnotes":""},"class_list":["post-22390","page","type-page","status-publish","hentry"],"yoast_head":"<!-- This site is optimized with the Yoast SEO plugin v27.2 - https:\/\/yoast.com\/product\/yoast-seo-wordpress\/ -->\n<title>Directives m\u00e9dicales de l&#039;\u00c9tat de New York pour l&#039;ablation par radiofr\u00e9quence, la neurotomie et la rhizotomie des facettes en cas de l\u00e9sions cervicales chez les patients indemnis\u00e9s par l&#039;\u00c9tat de New York. | Best Hip &amp; Knee Surgeon | NY, USA<\/title>\n<meta name=\"description\" content=\"Les lignes directrices \u00e9tablies par la commission des accidents du travail de l&#039;\u00c9tat de New York sont con\u00e7ues pour aider les professionnels de la sant\u00e9 \u00e0\" \/>\n<meta name=\"robots\" content=\"index, follow, max-snippet:-1, max-image-preview:large, max-video-preview:-1\" \/>\n<link rel=\"canonical\" href=\"https:\/\/www.newyorkhipknee.com\/fr\/indemnisation-des-travailleurs\/lignes-directrices-pour-les-traitements-medicaux-mtg\/blessure-au-cou\/procedures-therapeutiques-non-operatoires-2\/ablation-par-radiofrequence-neurotomie-rhizotomie-facettaire\/\" \/>\n<meta property=\"og:locale\" content=\"fr_FR\" \/>\n<meta property=\"og:type\" content=\"article\" \/>\n<meta property=\"og:title\" content=\"Directives m\u00e9dicales de l&#039;\u00c9tat de New York pour l&#039;ablation par radiofr\u00e9quence, la neurotomie et la rhizotomie des facettes en cas de l\u00e9sions cervicales chez les patients indemnis\u00e9s par l&#039;\u00c9tat de New York. | Best Hip &amp; Knee Surgeon | NY, USA\" \/>\n<meta property=\"og:description\" content=\"Les lignes directrices \u00e9tablies par la commission des accidents du travail de l&#039;\u00c9tat de New York sont con\u00e7ues pour aider les professionnels de la sant\u00e9 \u00e0\" \/>\n<meta property=\"og:url\" content=\"https:\/\/www.newyorkhipknee.com\/fr\/indemnisation-des-travailleurs\/lignes-directrices-pour-les-traitements-medicaux-mtg\/blessure-au-cou\/procedures-therapeutiques-non-operatoires-2\/ablation-par-radiofrequence-neurotomie-rhizotomie-facettaire\/\" \/>\n<meta property=\"og:site_name\" content=\"Best Hip &amp; Knee Surgeon | NY, USA\" \/>\n<meta property=\"article:modified_time\" content=\"2024-01-30T16:59:30+00:00\" \/>\n<meta name=\"twitter:card\" content=\"summary_large_image\" \/>\n<meta name=\"twitter:label1\" content=\"Dur\u00e9e de lecture estim\u00e9e\" \/>\n\t<meta name=\"twitter:data1\" content=\"4 minutes\" \/>\n<script type=\"application\/ld+json\" class=\"yoast-schema-graph\">{\"@context\":\"https:\/\/schema.org\",\"@graph\":[{\"@type\":[\"WebPage\",\"MedicalWebPage\"],\"@id\":\"https:\/\/www.newyorkhipknee.com\/fr\/indemnisation-des-travailleurs\/lignes-directrices-pour-les-traitements-medicaux-mtg\/blessure-au-cou\/procedures-therapeutiques-non-operatoires-2\/ablation-par-radiofrequence-neurotomie-rhizotomie-facettaire\/\",\"url\":\"https:\/\/www.newyorkhipknee.com\/fr\/indemnisation-des-travailleurs\/lignes-directrices-pour-les-traitements-medicaux-mtg\/blessure-au-cou\/procedures-therapeutiques-non-operatoires-2\/ablation-par-radiofrequence-neurotomie-rhizotomie-facettaire\/\",\"name\":\"Directives m\u00e9dicales de l'\u00c9tat de New York pour l'ablation par radiofr\u00e9quence, la neurotomie et la rhizotomie des facettes en cas de l\u00e9sions cervicales chez les patients indemnis\u00e9s par l'\u00c9tat de New York. | Best Hip &amp; Knee Surgeon | NY, USA\",\"isPartOf\":{\"@id\":\"https:\/\/www.newyorkhipknee.com\/fr\/#website\"},\"datePublished\":\"2024-01-04T17:33:44+00:00\",\"dateModified\":\"2024-01-30T16:59:30+00:00\",\"description\":\"Les lignes directrices \u00e9tablies par la commission des accidents du travail de l'\u00c9tat de New York sont con\u00e7ues pour aider les professionnels de la sant\u00e9 \u00e0\",\"breadcrumb\":{\"@id\":\"https:\/\/www.newyorkhipknee.com\/fr\/indemnisation-des-travailleurs\/lignes-directrices-pour-les-traitements-medicaux-mtg\/blessure-au-cou\/procedures-therapeutiques-non-operatoires-2\/ablation-par-radiofrequence-neurotomie-rhizotomie-facettaire\/#breadcrumb\"},\"inLanguage\":\"fr-FR\",\"potentialAction\":[{\"@type\":\"ReadAction\",\"target\":[\"https:\/\/www.newyorkhipknee.com\/fr\/indemnisation-des-travailleurs\/lignes-directrices-pour-les-traitements-medicaux-mtg\/blessure-au-cou\/procedures-therapeutiques-non-operatoires-2\/ablation-par-radiofrequence-neurotomie-rhizotomie-facettaire\/\"]}]},{\"@type\":\"BreadcrumbList\",\"@id\":\"https:\/\/www.newyorkhipknee.com\/fr\/indemnisation-des-travailleurs\/lignes-directrices-pour-les-traitements-medicaux-mtg\/blessure-au-cou\/procedures-therapeutiques-non-operatoires-2\/ablation-par-radiofrequence-neurotomie-rhizotomie-facettaire\/#breadcrumb\",\"itemListElement\":[{\"@type\":\"ListItem\",\"position\":1,\"name\":\"Home\",\"item\":\"https:\/\/www.newyorkhipknee.com\/fr\/\"},{\"@type\":\"ListItem\",\"position\":2,\"name\":\"Indemnisation des travailleurs\",\"item\":\"https:\/\/www.newyorkhipknee.com\/fr\/indemnisation-des-travailleurs\/\"},{\"@type\":\"ListItem\",\"position\":3,\"name\":\"Lignes directrices pour les traitements m\u00e9dicaux (MTG)\",\"item\":\"https:\/\/www.newyorkhipknee.com\/fr\/indemnisation-des-travailleurs\/lignes-directrices-pour-les-traitements-medicaux-mtg\/\"},{\"@type\":\"ListItem\",\"position\":4,\"name\":\"Directives m\u00e9dicales de l&rsquo;\u00c9tat de New York pour le traitement des l\u00e9sions cervicales chez les patients indemnis\u00e9s au titre de la l\u00e9gislation sur les accidents du travail\",\"item\":\"https:\/\/www.newyorkhipknee.com\/fr\/indemnisation-des-travailleurs\/lignes-directrices-pour-les-traitements-medicaux-mtg\/blessure-au-cou\/\"},{\"@type\":\"ListItem\",\"position\":5,\"name\":\"Directives m\u00e9dicales de l&rsquo;\u00c9tat de New York pour les proc\u00e9dures th\u00e9rapeutiques : Non-Operative For Neck Injury in workers compensation patients\",\"item\":\"https:\/\/www.newyorkhipknee.com\/fr\/indemnisation-des-travailleurs\/lignes-directrices-pour-les-traitements-medicaux-mtg\/blessure-au-cou\/procedures-therapeutiques-non-operatoires-2\/\"},{\"@type\":\"ListItem\",\"position\":6,\"name\":\"Directives m\u00e9dicales de l&rsquo;\u00c9tat de New York pour l&rsquo;ablation par radiofr\u00e9quence, la neurotomie et la rhizotomie des facettes en cas de l\u00e9sions cervicales chez les patients indemnis\u00e9s par l&rsquo;\u00c9tat de New York.\"}]},{\"@type\":\"WebSite\",\"@id\":\"https:\/\/www.newyorkhipknee.com\/fr\/#website\",\"url\":\"https:\/\/www.newyorkhipknee.com\/fr\/\",\"name\":\"Best Hip & Knee Surgeon | NY, USA\",\"description\":\"\",\"potentialAction\":[{\"@type\":\"SearchAction\",\"target\":{\"@type\":\"EntryPoint\",\"urlTemplate\":\"https:\/\/www.newyorkhipknee.com\/fr\/?s={search_term_string}\"},\"query-input\":{\"@type\":\"PropertyValueSpecification\",\"valueRequired\":true,\"valueName\":\"search_term_string\"}}],\"inLanguage\":\"fr-FR\"}]}<\/script>\n<!-- \/ Yoast SEO plugin. -->","yoast_head_json":{"title":"Directives m\u00e9dicales de l'\u00c9tat de New York pour l'ablation par radiofr\u00e9quence, la neurotomie et la rhizotomie des facettes en cas de l\u00e9sions cervicales chez les patients indemnis\u00e9s par l'\u00c9tat de New York. | Best Hip &amp; Knee Surgeon | NY, USA","description":"Les lignes directrices \u00e9tablies par la commission des accidents du travail de l'\u00c9tat de New York sont con\u00e7ues pour aider les professionnels de la sant\u00e9 \u00e0","robots":{"index":"index","follow":"follow","max-snippet":"max-snippet:-1","max-image-preview":"max-image-preview:large","max-video-preview":"max-video-preview:-1"},"canonical":"https:\/\/www.newyorkhipknee.com\/fr\/indemnisation-des-travailleurs\/lignes-directrices-pour-les-traitements-medicaux-mtg\/blessure-au-cou\/procedures-therapeutiques-non-operatoires-2\/ablation-par-radiofrequence-neurotomie-rhizotomie-facettaire\/","og_locale":"fr_FR","og_type":"article","og_title":"Directives m\u00e9dicales de l'\u00c9tat de New York pour l'ablation par radiofr\u00e9quence, la neurotomie et la rhizotomie des facettes en cas de l\u00e9sions cervicales chez les patients indemnis\u00e9s par l'\u00c9tat de New York. | Best Hip &amp; Knee Surgeon | NY, USA","og_description":"Les lignes directrices \u00e9tablies par la commission des accidents du travail de l'\u00c9tat de New York sont con\u00e7ues pour aider les professionnels de la sant\u00e9 \u00e0","og_url":"https:\/\/www.newyorkhipknee.com\/fr\/indemnisation-des-travailleurs\/lignes-directrices-pour-les-traitements-medicaux-mtg\/blessure-au-cou\/procedures-therapeutiques-non-operatoires-2\/ablation-par-radiofrequence-neurotomie-rhizotomie-facettaire\/","og_site_name":"Best Hip &amp; Knee Surgeon | NY, USA","article_modified_time":"2024-01-30T16:59:30+00:00","twitter_card":"summary_large_image","twitter_misc":{"Dur\u00e9e de lecture estim\u00e9e":"4 minutes"},"schema":{"@context":"https:\/\/schema.org","@graph":[{"@type":["WebPage","MedicalWebPage"],"@id":"https:\/\/www.newyorkhipknee.com\/fr\/indemnisation-des-travailleurs\/lignes-directrices-pour-les-traitements-medicaux-mtg\/blessure-au-cou\/procedures-therapeutiques-non-operatoires-2\/ablation-par-radiofrequence-neurotomie-rhizotomie-facettaire\/","url":"https:\/\/www.newyorkhipknee.com\/fr\/indemnisation-des-travailleurs\/lignes-directrices-pour-les-traitements-medicaux-mtg\/blessure-au-cou\/procedures-therapeutiques-non-operatoires-2\/ablation-par-radiofrequence-neurotomie-rhizotomie-facettaire\/","name":"Directives m\u00e9dicales de l'\u00c9tat de New York pour l'ablation par radiofr\u00e9quence, la neurotomie et la rhizotomie des facettes en cas de l\u00e9sions cervicales chez les patients indemnis\u00e9s par l'\u00c9tat de New York. | Best Hip &amp; Knee Surgeon | NY, USA","isPartOf":{"@id":"https:\/\/www.newyorkhipknee.com\/fr\/#website"},"datePublished":"2024-01-04T17:33:44+00:00","dateModified":"2024-01-30T16:59:30+00:00","description":"Les lignes directrices \u00e9tablies par la commission des accidents du travail de l'\u00c9tat de New York sont con\u00e7ues pour aider les professionnels de la sant\u00e9 \u00e0","breadcrumb":{"@id":"https:\/\/www.newyorkhipknee.com\/fr\/indemnisation-des-travailleurs\/lignes-directrices-pour-les-traitements-medicaux-mtg\/blessure-au-cou\/procedures-therapeutiques-non-operatoires-2\/ablation-par-radiofrequence-neurotomie-rhizotomie-facettaire\/#breadcrumb"},"inLanguage":"fr-FR","potentialAction":[{"@type":"ReadAction","target":["https:\/\/www.newyorkhipknee.com\/fr\/indemnisation-des-travailleurs\/lignes-directrices-pour-les-traitements-medicaux-mtg\/blessure-au-cou\/procedures-therapeutiques-non-operatoires-2\/ablation-par-radiofrequence-neurotomie-rhizotomie-facettaire\/"]}]},{"@type":"BreadcrumbList","@id":"https:\/\/www.newyorkhipknee.com\/fr\/indemnisation-des-travailleurs\/lignes-directrices-pour-les-traitements-medicaux-mtg\/blessure-au-cou\/procedures-therapeutiques-non-operatoires-2\/ablation-par-radiofrequence-neurotomie-rhizotomie-facettaire\/#breadcrumb","itemListElement":[{"@type":"ListItem","position":1,"name":"Home","item":"https:\/\/www.newyorkhipknee.com\/fr\/"},{"@type":"ListItem","position":2,"name":"Indemnisation des travailleurs","item":"https:\/\/www.newyorkhipknee.com\/fr\/indemnisation-des-travailleurs\/"},{"@type":"ListItem","position":3,"name":"Lignes directrices pour les traitements m\u00e9dicaux (MTG)","item":"https:\/\/www.newyorkhipknee.com\/fr\/indemnisation-des-travailleurs\/lignes-directrices-pour-les-traitements-medicaux-mtg\/"},{"@type":"ListItem","position":4,"name":"Directives m\u00e9dicales de l&rsquo;\u00c9tat de New York pour le traitement des l\u00e9sions cervicales chez les patients indemnis\u00e9s au titre de la l\u00e9gislation sur les accidents du travail","item":"https:\/\/www.newyorkhipknee.com\/fr\/indemnisation-des-travailleurs\/lignes-directrices-pour-les-traitements-medicaux-mtg\/blessure-au-cou\/"},{"@type":"ListItem","position":5,"name":"Directives m\u00e9dicales de l&rsquo;\u00c9tat de New York pour les proc\u00e9dures th\u00e9rapeutiques : Non-Operative For Neck Injury in workers compensation patients","item":"https:\/\/www.newyorkhipknee.com\/fr\/indemnisation-des-travailleurs\/lignes-directrices-pour-les-traitements-medicaux-mtg\/blessure-au-cou\/procedures-therapeutiques-non-operatoires-2\/"},{"@type":"ListItem","position":6,"name":"Directives m\u00e9dicales de l&rsquo;\u00c9tat de New York pour l&rsquo;ablation par radiofr\u00e9quence, la neurotomie et la rhizotomie des facettes en cas de l\u00e9sions cervicales chez les patients indemnis\u00e9s par l&rsquo;\u00c9tat de New York."}]},{"@type":"WebSite","@id":"https:\/\/www.newyorkhipknee.com\/fr\/#website","url":"https:\/\/www.newyorkhipknee.com\/fr\/","name":"Best Hip & Knee Surgeon | NY, USA","description":"","potentialAction":[{"@type":"SearchAction","target":{"@type":"EntryPoint","urlTemplate":"https:\/\/www.newyorkhipknee.com\/fr\/?s={search_term_string}"},"query-input":{"@type":"PropertyValueSpecification","valueRequired":true,"valueName":"search_term_string"}}],"inLanguage":"fr-FR"}]}},"_links":{"self":[{"href":"https:\/\/www.newyorkhipknee.com\/fr\/wp-json\/wp\/v2\/pages\/22390","targetHints":{"allow":["GET"]}}],"collection":[{"href":"https:\/\/www.newyorkhipknee.com\/fr\/wp-json\/wp\/v2\/pages"}],"about":[{"href":"https:\/\/www.newyorkhipknee.com\/fr\/wp-json\/wp\/v2\/types\/page"}],"author":[{"embeddable":true,"href":"https:\/\/www.newyorkhipknee.com\/fr\/wp-json\/wp\/v2\/users\/33"}],"replies":[{"embeddable":true,"href":"https:\/\/www.newyorkhipknee.com\/fr\/wp-json\/wp\/v2\/comments?post=22390"}],"version-history":[{"count":0,"href":"https:\/\/www.newyorkhipknee.com\/fr\/wp-json\/wp\/v2\/pages\/22390\/revisions"}],"up":[{"embeddable":true,"href":"https:\/\/www.newyorkhipknee.com\/fr\/wp-json\/wp\/v2\/pages\/22203"}],"wp:attachment":[{"href":"https:\/\/www.newyorkhipknee.com\/fr\/wp-json\/wp\/v2\/media?parent=22390"}],"curies":[{"name":"wp","href":"https:\/\/api.w.org\/{rel}","templated":true}]}}