{"id":22393,"date":"2024-01-04T14:57:28","date_gmt":"2024-01-04T19:57:28","guid":{"rendered":"https:\/\/newyorkhipknee.com\/indemnisation-des-travailleurs\/lignes-directrices-pour-les-traitements-medicaux-mtg\/blessure-au-cou\/procedures-therapeutiques-non-operatoires-2\/programmes-pour-la-moelle-epiniere\/"},"modified":"2024-01-30T12:00:06","modified_gmt":"2024-01-30T17:00:06","slug":"programmes-pour-la-moelle-epiniere","status":"publish","type":"page","link":"https:\/\/www.newyorkhipknee.com\/fr\/indemnisation-des-travailleurs\/lignes-directrices-pour-les-traitements-medicaux-mtg\/blessure-au-cou\/procedures-therapeutiques-non-operatoires-2\/programmes-pour-la-moelle-epiniere\/","title":{"rendered":"Directives de traitement m\u00e9dical de l&rsquo;\u00c9tat de New York pour les programmes de traitement de la moelle \u00e9pini\u00e8re en cas de l\u00e9sions cervicales chez les patients indemnis\u00e9s pour accident du travail"},"content":{"rendered":"<p>Les lignes directrices \u00e9tablies par la commission des accidents du travail de l&rsquo;\u00c9tat de New York sont con\u00e7ues pour aider les professionnels de la sant\u00e9 \u00e0 mettre en \u0153uvre des programmes pour la moelle \u00e9pini\u00e8re \u00e0 l&rsquo;intention des personnes souffrant de l\u00e9sions cervicales. Ces directives visent \u00e0 aider les m\u00e9decins et les praticiens de la sant\u00e9 \u00e0 d\u00e9terminer l&rsquo;inclusion appropri\u00e9e des programmes relatifs \u00e0 la moelle \u00e9pini\u00e8re dans le cadre des soins globaux pour les l\u00e9sions du cou.<\/p>\n<p>Les professionnels de la sant\u00e9 sp\u00e9cialis\u00e9s dans les l\u00e9sions cervicales peuvent s&rsquo;appuyer sur les conseils fournis par la Commission des accidents du travail pour prendre des d\u00e9cisions \u00e9clair\u00e9es concernant l&rsquo;incorporation de programmes pour la moelle \u00e9pini\u00e8re pour leurs patients.<\/p>\n<p>Il est essentiel de souligner que ces lignes directrices ne sont pas destin\u00e9es \u00e0 remplacer le jugement clinique ou l&rsquo;expertise professionnelle. La d\u00e9cision finale concernant l&rsquo;inclusion de programmes sur la moelle \u00e9pini\u00e8re pour les l\u00e9sions cervicales doit \u00eatre prise en collaboration avec le patient et son prestataire de soins de sant\u00e9.<\/p>\n<h2>Programmes pour la moelle \u00e9pini\u00e8re en cas de blessure au cou<\/h2>\n<p>Les syst\u00e8mes de soins de la moelle \u00e9pini\u00e8re offrent des services coordonn\u00e9s, int\u00e9gr\u00e9s et g\u00e9r\u00e9s par cas aux personnes souffrant d&rsquo;un dysfonctionnement important de la moelle \u00e9pini\u00e8re. Ce syst\u00e8me complet comprend \u00e0 la fois des composantes hospitali\u00e8res et ambulatoires, garantissant une participation active et un choix pour les personnes recevant des soins tout au long du programme. Le syst\u00e8me de soins pour la moelle \u00e9pini\u00e8re est con\u00e7u pour r\u00e9pondre aux besoins \u00e0 vie des personnes concern\u00e9es, soit par le biais d&rsquo;un programme tr\u00e8s structur\u00e9 faisant appel \u00e0 une approche d&rsquo;\u00e9quipe, soit en incorporant des \u00e9l\u00e9ments sp\u00e9cifiques.<\/p>\n<p>L&rsquo;\u00e9quipe interdisciplinaire doit au minimum \u00eatre compos\u00e9e d&rsquo;un directeur m\u00e9dical qualifi\u00e9, certifi\u00e9 et form\u00e9 \u00e0 la r\u00e9adaptation, d&rsquo;un gestionnaire de cas, d&rsquo;ergoth\u00e9rapeutes, de kin\u00e9sith\u00e9rapeutes, de psychologues, d&rsquo;infirmi\u00e8res dipl\u00f4m\u00e9es en r\u00e9adaptation, de m\u00e9decins et d&rsquo;un sp\u00e9cialiste des loisirs th\u00e9rapeutiques. En fonction des besoins individuels, l&rsquo;\u00e9quipe peut \u00e9galement comprendre un conseiller en r\u00e9adaptation, un inhaloth\u00e9rapeute, un travailleur social ou un orthophoniste. L&rsquo;objectif est de fournir des soins complets et personnalis\u00e9s afin d&rsquo;am\u00e9liorer le bien-\u00eatre et la fonctionnalit\u00e9 des personnes souffrant d&rsquo;un dysfonctionnement de la moelle \u00e9pini\u00e8re.<\/p>\n<p>La dur\u00e9e de tout programme concernant la moelle \u00e9pini\u00e8re doit \u00eatre d\u00e9termin\u00e9e en fonction de l&rsquo;\u00e9tendue des l\u00e9sions du patient et \u00e0 la discr\u00e9tion du m\u00e9decin de r\u00e9adaptation qui supervise le programme. Le calendrier sera adapt\u00e9 aux besoins sp\u00e9cifiques et aux progr\u00e8s de chaque personne prise en charge, garantissant ainsi un plan de r\u00e9adaptation personnalis\u00e9 et efficace.<\/p>\n","protected":false},"excerpt":{"rendered":"<p>Les lignes directrices \u00e9tablies par la commission des accidents du travail de l&rsquo;\u00c9tat de New York sont con\u00e7ues pour aider les professionnels de la sant\u00e9 \u00e0 mettre en \u0153uvre des programmes pour la moelle \u00e9pini\u00e8re \u00e0 l&rsquo;intention des personnes souffrant de l\u00e9sions cervicales. Ces directives visent \u00e0 aider les m\u00e9decins et les praticiens de la [&hellip;]<\/p>\n","protected":false},"author":33,"featured_media":0,"parent":22203,"menu_order":0,"comment_status":"closed","ping_status":"closed","template":"","meta":{"_et_pb_use_builder":"","_et_pb_old_content":"","_et_gb_content_width":"","footnotes":""},"class_list":["post-22393","page","type-page","status-publish","hentry"],"yoast_head":"<!-- This site is optimized with the Yoast SEO plugin v27.2 - https:\/\/yoast.com\/product\/yoast-seo-wordpress\/ -->\n<title>Directives de traitement m\u00e9dical de l&#039;\u00c9tat de New York pour les programmes de traitement de la moelle \u00e9pini\u00e8re en cas de l\u00e9sions cervicales chez les patients indemnis\u00e9s pour accident du travail | Best Hip &amp; Knee Surgeon | NY, USA<\/title>\n<meta name=\"description\" content=\"Les lignes directrices \u00e9tablies par la commission des accidents du travail de l&#039;\u00c9tat de New York sont con\u00e7ues pour aider les professionnels de la sant\u00e9 \u00e0\" \/>\n<meta name=\"robots\" content=\"index, follow, max-snippet:-1, max-image-preview:large, max-video-preview:-1\" \/>\n<link rel=\"canonical\" href=\"https:\/\/www.newyorkhipknee.com\/fr\/indemnisation-des-travailleurs\/lignes-directrices-pour-les-traitements-medicaux-mtg\/blessure-au-cou\/procedures-therapeutiques-non-operatoires-2\/programmes-pour-la-moelle-epiniere\/\" \/>\n<meta property=\"og:locale\" content=\"fr_FR\" \/>\n<meta property=\"og:type\" content=\"article\" \/>\n<meta property=\"og:title\" content=\"Directives de traitement m\u00e9dical de l&#039;\u00c9tat de New York pour les programmes de traitement de la moelle \u00e9pini\u00e8re en cas de l\u00e9sions cervicales chez les patients indemnis\u00e9s pour accident du travail | Best Hip &amp; Knee Surgeon | NY, USA\" \/>\n<meta property=\"og:description\" content=\"Les lignes directrices \u00e9tablies par la commission des accidents du travail de l&#039;\u00c9tat de New York sont con\u00e7ues pour aider les professionnels de la sant\u00e9 \u00e0\" \/>\n<meta property=\"og:url\" content=\"https:\/\/www.newyorkhipknee.com\/fr\/indemnisation-des-travailleurs\/lignes-directrices-pour-les-traitements-medicaux-mtg\/blessure-au-cou\/procedures-therapeutiques-non-operatoires-2\/programmes-pour-la-moelle-epiniere\/\" \/>\n<meta property=\"og:site_name\" content=\"Best Hip &amp; Knee Surgeon | NY, USA\" \/>\n<meta property=\"article:modified_time\" content=\"2024-01-30T17:00:06+00:00\" \/>\n<meta name=\"twitter:card\" content=\"summary_large_image\" \/>\n<meta name=\"twitter:label1\" content=\"Dur\u00e9e de lecture estim\u00e9e\" \/>\n\t<meta name=\"twitter:data1\" content=\"2 minutes\" \/>\n<script type=\"application\/ld+json\" class=\"yoast-schema-graph\">{\"@context\":\"https:\/\/schema.org\",\"@graph\":[{\"@type\":[\"WebPage\",\"MedicalWebPage\"],\"@id\":\"https:\/\/www.newyorkhipknee.com\/fr\/indemnisation-des-travailleurs\/lignes-directrices-pour-les-traitements-medicaux-mtg\/blessure-au-cou\/procedures-therapeutiques-non-operatoires-2\/programmes-pour-la-moelle-epiniere\/\",\"url\":\"https:\/\/www.newyorkhipknee.com\/fr\/indemnisation-des-travailleurs\/lignes-directrices-pour-les-traitements-medicaux-mtg\/blessure-au-cou\/procedures-therapeutiques-non-operatoires-2\/programmes-pour-la-moelle-epiniere\/\",\"name\":\"Directives de traitement m\u00e9dical de l'\u00c9tat de New York pour les programmes de traitement de la moelle \u00e9pini\u00e8re en cas de l\u00e9sions cervicales chez les patients indemnis\u00e9s pour accident du travail | Best Hip &amp; Knee Surgeon | NY, USA\",\"isPartOf\":{\"@id\":\"https:\/\/www.newyorkhipknee.com\/fr\/#website\"},\"datePublished\":\"2024-01-04T19:57:28+00:00\",\"dateModified\":\"2024-01-30T17:00:06+00:00\",\"description\":\"Les lignes directrices \u00e9tablies par la commission des accidents du travail de l'\u00c9tat de New York sont con\u00e7ues pour aider les professionnels de la sant\u00e9 \u00e0\",\"breadcrumb\":{\"@id\":\"https:\/\/www.newyorkhipknee.com\/fr\/indemnisation-des-travailleurs\/lignes-directrices-pour-les-traitements-medicaux-mtg\/blessure-au-cou\/procedures-therapeutiques-non-operatoires-2\/programmes-pour-la-moelle-epiniere\/#breadcrumb\"},\"inLanguage\":\"fr-FR\",\"potentialAction\":[{\"@type\":\"ReadAction\",\"target\":[\"https:\/\/www.newyorkhipknee.com\/fr\/indemnisation-des-travailleurs\/lignes-directrices-pour-les-traitements-medicaux-mtg\/blessure-au-cou\/procedures-therapeutiques-non-operatoires-2\/programmes-pour-la-moelle-epiniere\/\"]}]},{\"@type\":\"BreadcrumbList\",\"@id\":\"https:\/\/www.newyorkhipknee.com\/fr\/indemnisation-des-travailleurs\/lignes-directrices-pour-les-traitements-medicaux-mtg\/blessure-au-cou\/procedures-therapeutiques-non-operatoires-2\/programmes-pour-la-moelle-epiniere\/#breadcrumb\",\"itemListElement\":[{\"@type\":\"ListItem\",\"position\":1,\"name\":\"Home\",\"item\":\"https:\/\/www.newyorkhipknee.com\/fr\/\"},{\"@type\":\"ListItem\",\"position\":2,\"name\":\"Indemnisation des travailleurs\",\"item\":\"https:\/\/www.newyorkhipknee.com\/fr\/indemnisation-des-travailleurs\/\"},{\"@type\":\"ListItem\",\"position\":3,\"name\":\"Lignes directrices pour les traitements m\u00e9dicaux (MTG)\",\"item\":\"https:\/\/www.newyorkhipknee.com\/fr\/indemnisation-des-travailleurs\/lignes-directrices-pour-les-traitements-medicaux-mtg\/\"},{\"@type\":\"ListItem\",\"position\":4,\"name\":\"Directives m\u00e9dicales de l&rsquo;\u00c9tat de New York pour le traitement des l\u00e9sions cervicales chez les patients indemnis\u00e9s au titre de la l\u00e9gislation sur les accidents du travail\",\"item\":\"https:\/\/www.newyorkhipknee.com\/fr\/indemnisation-des-travailleurs\/lignes-directrices-pour-les-traitements-medicaux-mtg\/blessure-au-cou\/\"},{\"@type\":\"ListItem\",\"position\":5,\"name\":\"Directives m\u00e9dicales de l&rsquo;\u00c9tat de New York pour les proc\u00e9dures th\u00e9rapeutiques : Non-Operative For Neck Injury in workers compensation patients\",\"item\":\"https:\/\/www.newyorkhipknee.com\/fr\/indemnisation-des-travailleurs\/lignes-directrices-pour-les-traitements-medicaux-mtg\/blessure-au-cou\/procedures-therapeutiques-non-operatoires-2\/\"},{\"@type\":\"ListItem\",\"position\":6,\"name\":\"Directives de traitement m\u00e9dical de l&rsquo;\u00c9tat de New York pour les programmes de traitement de la moelle \u00e9pini\u00e8re en cas de l\u00e9sions cervicales chez les patients indemnis\u00e9s pour accident du travail\"}]},{\"@type\":\"WebSite\",\"@id\":\"https:\/\/www.newyorkhipknee.com\/fr\/#website\",\"url\":\"https:\/\/www.newyorkhipknee.com\/fr\/\",\"name\":\"Best Hip & Knee Surgeon | NY, USA\",\"description\":\"\",\"potentialAction\":[{\"@type\":\"SearchAction\",\"target\":{\"@type\":\"EntryPoint\",\"urlTemplate\":\"https:\/\/www.newyorkhipknee.com\/fr\/?s={search_term_string}\"},\"query-input\":{\"@type\":\"PropertyValueSpecification\",\"valueRequired\":true,\"valueName\":\"search_term_string\"}}],\"inLanguage\":\"fr-FR\"}]}<\/script>\n<!-- \/ Yoast SEO plugin. -->","yoast_head_json":{"title":"Directives de traitement m\u00e9dical de l'\u00c9tat de New York pour les programmes de traitement de la moelle \u00e9pini\u00e8re en cas de l\u00e9sions cervicales chez les patients indemnis\u00e9s pour accident du travail | Best Hip &amp; Knee Surgeon | NY, USA","description":"Les lignes directrices \u00e9tablies par la commission des accidents du travail de l'\u00c9tat de New York sont con\u00e7ues pour aider les professionnels de la sant\u00e9 \u00e0","robots":{"index":"index","follow":"follow","max-snippet":"max-snippet:-1","max-image-preview":"max-image-preview:large","max-video-preview":"max-video-preview:-1"},"canonical":"https:\/\/www.newyorkhipknee.com\/fr\/indemnisation-des-travailleurs\/lignes-directrices-pour-les-traitements-medicaux-mtg\/blessure-au-cou\/procedures-therapeutiques-non-operatoires-2\/programmes-pour-la-moelle-epiniere\/","og_locale":"fr_FR","og_type":"article","og_title":"Directives de traitement m\u00e9dical de l'\u00c9tat de New York pour les programmes de traitement de la moelle \u00e9pini\u00e8re en cas de l\u00e9sions cervicales chez les patients indemnis\u00e9s pour accident du travail | Best Hip &amp; Knee Surgeon | NY, USA","og_description":"Les lignes directrices \u00e9tablies par la commission des accidents du travail de l'\u00c9tat de New York sont con\u00e7ues pour aider les professionnels de la sant\u00e9 \u00e0","og_url":"https:\/\/www.newyorkhipknee.com\/fr\/indemnisation-des-travailleurs\/lignes-directrices-pour-les-traitements-medicaux-mtg\/blessure-au-cou\/procedures-therapeutiques-non-operatoires-2\/programmes-pour-la-moelle-epiniere\/","og_site_name":"Best Hip &amp; Knee Surgeon | NY, USA","article_modified_time":"2024-01-30T17:00:06+00:00","twitter_card":"summary_large_image","twitter_misc":{"Dur\u00e9e de lecture estim\u00e9e":"2 minutes"},"schema":{"@context":"https:\/\/schema.org","@graph":[{"@type":["WebPage","MedicalWebPage"],"@id":"https:\/\/www.newyorkhipknee.com\/fr\/indemnisation-des-travailleurs\/lignes-directrices-pour-les-traitements-medicaux-mtg\/blessure-au-cou\/procedures-therapeutiques-non-operatoires-2\/programmes-pour-la-moelle-epiniere\/","url":"https:\/\/www.newyorkhipknee.com\/fr\/indemnisation-des-travailleurs\/lignes-directrices-pour-les-traitements-medicaux-mtg\/blessure-au-cou\/procedures-therapeutiques-non-operatoires-2\/programmes-pour-la-moelle-epiniere\/","name":"Directives de traitement m\u00e9dical de l'\u00c9tat de New York pour les programmes de traitement de la moelle \u00e9pini\u00e8re en cas de l\u00e9sions cervicales chez les patients indemnis\u00e9s pour accident du travail | Best Hip &amp; Knee Surgeon | NY, USA","isPartOf":{"@id":"https:\/\/www.newyorkhipknee.com\/fr\/#website"},"datePublished":"2024-01-04T19:57:28+00:00","dateModified":"2024-01-30T17:00:06+00:00","description":"Les lignes directrices \u00e9tablies par la commission des accidents du travail de l'\u00c9tat de New York sont con\u00e7ues pour aider les professionnels de la sant\u00e9 \u00e0","breadcrumb":{"@id":"https:\/\/www.newyorkhipknee.com\/fr\/indemnisation-des-travailleurs\/lignes-directrices-pour-les-traitements-medicaux-mtg\/blessure-au-cou\/procedures-therapeutiques-non-operatoires-2\/programmes-pour-la-moelle-epiniere\/#breadcrumb"},"inLanguage":"fr-FR","potentialAction":[{"@type":"ReadAction","target":["https:\/\/www.newyorkhipknee.com\/fr\/indemnisation-des-travailleurs\/lignes-directrices-pour-les-traitements-medicaux-mtg\/blessure-au-cou\/procedures-therapeutiques-non-operatoires-2\/programmes-pour-la-moelle-epiniere\/"]}]},{"@type":"BreadcrumbList","@id":"https:\/\/www.newyorkhipknee.com\/fr\/indemnisation-des-travailleurs\/lignes-directrices-pour-les-traitements-medicaux-mtg\/blessure-au-cou\/procedures-therapeutiques-non-operatoires-2\/programmes-pour-la-moelle-epiniere\/#breadcrumb","itemListElement":[{"@type":"ListItem","position":1,"name":"Home","item":"https:\/\/www.newyorkhipknee.com\/fr\/"},{"@type":"ListItem","position":2,"name":"Indemnisation des travailleurs","item":"https:\/\/www.newyorkhipknee.com\/fr\/indemnisation-des-travailleurs\/"},{"@type":"ListItem","position":3,"name":"Lignes directrices pour les traitements m\u00e9dicaux (MTG)","item":"https:\/\/www.newyorkhipknee.com\/fr\/indemnisation-des-travailleurs\/lignes-directrices-pour-les-traitements-medicaux-mtg\/"},{"@type":"ListItem","position":4,"name":"Directives m\u00e9dicales de l&rsquo;\u00c9tat de New York pour le traitement des l\u00e9sions cervicales chez les patients indemnis\u00e9s au titre de la l\u00e9gislation sur les accidents du travail","item":"https:\/\/www.newyorkhipknee.com\/fr\/indemnisation-des-travailleurs\/lignes-directrices-pour-les-traitements-medicaux-mtg\/blessure-au-cou\/"},{"@type":"ListItem","position":5,"name":"Directives m\u00e9dicales de l&rsquo;\u00c9tat de New York pour les proc\u00e9dures th\u00e9rapeutiques : Non-Operative For Neck Injury in workers compensation patients","item":"https:\/\/www.newyorkhipknee.com\/fr\/indemnisation-des-travailleurs\/lignes-directrices-pour-les-traitements-medicaux-mtg\/blessure-au-cou\/procedures-therapeutiques-non-operatoires-2\/"},{"@type":"ListItem","position":6,"name":"Directives de traitement m\u00e9dical de l&rsquo;\u00c9tat de New York pour les programmes de traitement de la moelle \u00e9pini\u00e8re en cas de l\u00e9sions cervicales chez les patients indemnis\u00e9s pour accident du travail"}]},{"@type":"WebSite","@id":"https:\/\/www.newyorkhipknee.com\/fr\/#website","url":"https:\/\/www.newyorkhipknee.com\/fr\/","name":"Best Hip & Knee Surgeon | NY, USA","description":"","potentialAction":[{"@type":"SearchAction","target":{"@type":"EntryPoint","urlTemplate":"https:\/\/www.newyorkhipknee.com\/fr\/?s={search_term_string}"},"query-input":{"@type":"PropertyValueSpecification","valueRequired":true,"valueName":"search_term_string"}}],"inLanguage":"fr-FR"}]}},"_links":{"self":[{"href":"https:\/\/www.newyorkhipknee.com\/fr\/wp-json\/wp\/v2\/pages\/22393","targetHints":{"allow":["GET"]}}],"collection":[{"href":"https:\/\/www.newyorkhipknee.com\/fr\/wp-json\/wp\/v2\/pages"}],"about":[{"href":"https:\/\/www.newyorkhipknee.com\/fr\/wp-json\/wp\/v2\/types\/page"}],"author":[{"embeddable":true,"href":"https:\/\/www.newyorkhipknee.com\/fr\/wp-json\/wp\/v2\/users\/33"}],"replies":[{"embeddable":true,"href":"https:\/\/www.newyorkhipknee.com\/fr\/wp-json\/wp\/v2\/comments?post=22393"}],"version-history":[{"count":0,"href":"https:\/\/www.newyorkhipknee.com\/fr\/wp-json\/wp\/v2\/pages\/22393\/revisions"}],"up":[{"embeddable":true,"href":"https:\/\/www.newyorkhipknee.com\/fr\/wp-json\/wp\/v2\/pages\/22203"}],"wp:attachment":[{"href":"https:\/\/www.newyorkhipknee.com\/fr\/wp-json\/wp\/v2\/media?parent=22393"}],"curies":[{"name":"wp","href":"https:\/\/api.w.org\/{rel}","templated":true}]}}