{"id":22789,"date":"2024-01-23T13:11:55","date_gmt":"2024-01-23T18:11:55","guid":{"rendered":""},"modified":"2024-01-23T13:11:55","modified_gmt":"2024-01-23T18:11:55","slug":"directives-medicales-de-letat-de-new-york-pour-le-traitement-des-tendinites-et-des-tenosynovites-chez-les-travailleurs-indemnises","status":"publish","type":"page","link":"https:\/\/www.newyorkhipknee.com\/fr\/indemnisation-des-travailleurs\/lignes-directrices-pour-les-traitements-medicaux-mtg\/blessure-au-genou\/directives-medicales-de-letat-de-new-york-pour-le-traitement-des-tendinites-et-des-tenosynovites-chez-les-travailleurs-indemnises\/","title":{"rendered":"Directives m\u00e9dicales de l&rsquo;\u00c9tat de New York pour le traitement des tendinites et des t\u00e9nosynovites chez les travailleurs indemnis\u00e9s"},"content":{"rendered":"<p>La commission des accidents du travail de l&rsquo;\u00c9tat de New York a \u00e9labor\u00e9 ces lignes directrices pour aider les m\u00e9decins et les autres professionnels de la sant\u00e9 \u00e0 fournir un traitement appropri\u00e9 pour la tendinite \/ t\u00e9nosynovite.<\/p>\n<p>Ces lignes directrices de la Commission des accidents du travail ont pour but d&rsquo;aider les professionnels de la sant\u00e9 \u00e0 prendre des d\u00e9cisions concernant le niveau de soins appropri\u00e9 pour leurs patients atteints de tendinite \/ t\u00e9nosynovite.<\/p>\n<p>Les lignes directrices ne remplacent pas le jugement clinique ou l&rsquo;exp\u00e9rience professionnelle. La d\u00e9cision finale concernant les soins doit \u00eatre prise par le patient en consultation avec son prestataire de soins de sant\u00e9.<\/p>\n<p>&nbsp;<\/p>\n<p>&nbsp;<\/p>\n<h3><\/h3>\n<h3><strong>Description \/ D\u00e9finition<\/strong><\/h3>\n<p>Inflammation de la paroi de la gaine du tendon ou du tendon inclus. Se produit g\u00e9n\u00e9ralement au point d&rsquo;insertion dans l&rsquo;os ou au point d&rsquo;origine musculaire. Peut \u00eatre associ\u00e9 \u00e0 une bursite, \u00e0 des d\u00e9p\u00f4ts de calcium ou \u00e0 des maladies syst\u00e9miques du syst\u00e8me conjonctif.<\/p>\n<p>&nbsp;<\/p>\n<h3><strong>M\u00e9canisme de la l\u00e9sion<\/strong><\/h3>\n<p>Peut \u00eatre caus\u00e9e par des traumatismes extr\u00eames ou r\u00e9p\u00e9titifs, des tensions ou un exercice ou un travail excessif et inaccoutum\u00e9.<\/p>\n<p>&nbsp;<\/p>\n<h3><strong>Observations physiques sp\u00e9cifiques<\/strong><\/h3>\n<p>Les tendons concern\u00e9s peuvent \u00eatre visiblement gonfl\u00e9s, avec une possible accumulation de liquide et une inflammation, des craquements ou des cr\u00e9pitations, et une diminution de l&rsquo;amplitude des mouvements.<\/p>\n<p>&nbsp;<\/p>\n<h3><strong>Proc\u00e9dures de test de diagnostic<\/strong><\/h3>\n<p>Non recommand\u00e9 &#8211; les proc\u00e9dures de diagnostic pour la tendinite\/t\u00e9nosynovite sont rarement indiqu\u00e9es et ne sont donc pas recommand\u00e9es.<\/p>\n<p>&nbsp;<\/p>\n<h3><strong>Traitement non op\u00e9ratoire<\/strong><\/h3>\n<p>Repos\/activit\u00e9 restreinte, mise en d\u00e9charge avec des b\u00e9quilles ou une canne, AINS, APAP, pouvant \u00eatre suivie d&rsquo;une th\u00e9rapie active et\/ou passive, y compris des changements ergonomiques au(x) poste(s) de travail, AINS, injections th\u00e9rapeutiques.<br \/>\nRecommand\u00e9 &#8211; chez certains patients, selon les indications cliniques.<\/p>\n<p>&nbsp;<\/p>\n<h3><strong>Indications chirurgicales<\/strong><\/h3>\n<p>Fracture d&rsquo;avulsion pr\u00e9sum\u00e9e ou d\u00e9ficience fonctionnelle grave ne r\u00e9pondant pas \u00e0 un traitement conservateur.<\/p>\n<p>&nbsp;<\/p>\n<h3><strong>Traitement chirurgical<\/strong><\/h3>\n<p>Rarement indiqu\u00e9 et seulement apr\u00e8s un traitement conservateur complet.<br \/>\nRecommand\u00e9 &#8211; chez des patients tr\u00e8s s\u00e9lectionn\u00e9s.<br \/>\nIndications : Fracture d&rsquo;avulsion pr\u00e9sum\u00e9e ou d\u00e9ficience fonctionnelle grave ne r\u00e9pondant pas au traitement conservateur.<\/p>\n<p>&nbsp;<\/p>\n<h3><strong>Th\u00e9rapie post-op\u00e9ratoire<\/strong><\/h3>\n<p>Recommand\u00e9 &#8211; chez certains patients selon les indications cliniques.<\/p>\n<p>&nbsp;<\/p>\n","protected":false},"excerpt":{"rendered":"<p>La commission des accidents du travail de l&rsquo;\u00c9tat de New York a \u00e9labor\u00e9 ces lignes directrices pour aider les m\u00e9decins et les autres professionnels de la sant\u00e9 \u00e0 fournir un traitement appropri\u00e9 pour la tendinite \/ t\u00e9nosynovite. Ces lignes directrices de la Commission des accidents du travail ont pour but d&rsquo;aider les professionnels de la [&hellip;]<\/p>\n","protected":false},"author":33,"featured_media":0,"parent":22287,"menu_order":0,"comment_status":"closed","ping_status":"closed","template":"","meta":{"_et_pb_use_builder":"","_et_pb_old_content":"","_et_gb_content_width":"","footnotes":""},"class_list":["post-22789","page","type-page","status-publish","hentry"],"yoast_head":"<!-- This site is optimized with the Yoast SEO plugin v27.2 - https:\/\/yoast.com\/product\/yoast-seo-wordpress\/ -->\n<title>Directives m\u00e9dicales de l&#039;\u00c9tat de New York pour le traitement des tendinites et des t\u00e9nosynovites chez les travailleurs indemnis\u00e9s | Best Hip &amp; Knee Surgeon | NY, USA<\/title>\n<meta name=\"description\" content=\"La commission des accidents du travail de l&#039;\u00c9tat de New York a \u00e9labor\u00e9 ces lignes directrices pour aider les m\u00e9decins et les autres professionnels de la\" \/>\n<meta name=\"robots\" content=\"index, follow, max-snippet:-1, max-image-preview:large, max-video-preview:-1\" \/>\n<link rel=\"canonical\" href=\"https:\/\/www.newyorkhipknee.com\/fr\/indemnisation-des-travailleurs\/lignes-directrices-pour-les-traitements-medicaux-mtg\/blessure-au-genou\/directives-medicales-de-letat-de-new-york-pour-le-traitement-des-tendinites-et-des-tenosynovites-chez-les-travailleurs-indemnises\/\" \/>\n<meta property=\"og:locale\" content=\"fr_FR\" \/>\n<meta property=\"og:type\" content=\"article\" \/>\n<meta property=\"og:title\" content=\"Directives m\u00e9dicales de l&#039;\u00c9tat de New York pour le traitement des tendinites et des t\u00e9nosynovites chez les travailleurs indemnis\u00e9s | Best Hip &amp; Knee Surgeon | NY, USA\" \/>\n<meta property=\"og:description\" content=\"La commission des accidents du travail de l&#039;\u00c9tat de New York a \u00e9labor\u00e9 ces lignes directrices pour aider les m\u00e9decins et les autres professionnels de la\" \/>\n<meta property=\"og:url\" content=\"https:\/\/www.newyorkhipknee.com\/fr\/indemnisation-des-travailleurs\/lignes-directrices-pour-les-traitements-medicaux-mtg\/blessure-au-genou\/directives-medicales-de-letat-de-new-york-pour-le-traitement-des-tendinites-et-des-tenosynovites-chez-les-travailleurs-indemnises\/\" \/>\n<meta property=\"og:site_name\" content=\"Best Hip &amp; Knee Surgeon | NY, USA\" \/>\n<meta name=\"twitter:card\" content=\"summary_large_image\" \/>\n<meta name=\"twitter:label1\" content=\"Dur\u00e9e de lecture estim\u00e9e\" \/>\n\t<meta name=\"twitter:data1\" content=\"2 minutes\" \/>\n<script type=\"application\/ld+json\" class=\"yoast-schema-graph\">{\"@context\":\"https:\/\/schema.org\",\"@graph\":[{\"@type\":[\"WebPage\",\"MedicalWebPage\"],\"@id\":\"https:\/\/www.newyorkhipknee.com\/fr\/indemnisation-des-travailleurs\/lignes-directrices-pour-les-traitements-medicaux-mtg\/blessure-au-genou\/directives-medicales-de-letat-de-new-york-pour-le-traitement-des-tendinites-et-des-tenosynovites-chez-les-travailleurs-indemnises\/\",\"url\":\"https:\/\/www.newyorkhipknee.com\/fr\/indemnisation-des-travailleurs\/lignes-directrices-pour-les-traitements-medicaux-mtg\/blessure-au-genou\/directives-medicales-de-letat-de-new-york-pour-le-traitement-des-tendinites-et-des-tenosynovites-chez-les-travailleurs-indemnises\/\",\"name\":\"Directives m\u00e9dicales de l'\u00c9tat de New York pour le traitement des tendinites et des t\u00e9nosynovites chez les travailleurs indemnis\u00e9s | Best Hip &amp; Knee Surgeon | NY, USA\",\"isPartOf\":{\"@id\":\"https:\/\/www.newyorkhipknee.com\/fr\/#website\"},\"datePublished\":\"2024-01-23T18:11:55+00:00\",\"description\":\"La commission des accidents du travail de l'\u00c9tat de New York a \u00e9labor\u00e9 ces lignes directrices pour aider les m\u00e9decins et les autres professionnels de la\",\"breadcrumb\":{\"@id\":\"https:\/\/www.newyorkhipknee.com\/fr\/indemnisation-des-travailleurs\/lignes-directrices-pour-les-traitements-medicaux-mtg\/blessure-au-genou\/directives-medicales-de-letat-de-new-york-pour-le-traitement-des-tendinites-et-des-tenosynovites-chez-les-travailleurs-indemnises\/#breadcrumb\"},\"inLanguage\":\"fr-FR\",\"potentialAction\":[{\"@type\":\"ReadAction\",\"target\":[\"https:\/\/www.newyorkhipknee.com\/fr\/indemnisation-des-travailleurs\/lignes-directrices-pour-les-traitements-medicaux-mtg\/blessure-au-genou\/directives-medicales-de-letat-de-new-york-pour-le-traitement-des-tendinites-et-des-tenosynovites-chez-les-travailleurs-indemnises\/\"]}]},{\"@type\":\"BreadcrumbList\",\"@id\":\"https:\/\/www.newyorkhipknee.com\/fr\/indemnisation-des-travailleurs\/lignes-directrices-pour-les-traitements-medicaux-mtg\/blessure-au-genou\/directives-medicales-de-letat-de-new-york-pour-le-traitement-des-tendinites-et-des-tenosynovites-chez-les-travailleurs-indemnises\/#breadcrumb\",\"itemListElement\":[{\"@type\":\"ListItem\",\"position\":1,\"name\":\"Home\",\"item\":\"https:\/\/www.newyorkhipknee.com\/fr\/\"},{\"@type\":\"ListItem\",\"position\":2,\"name\":\"Indemnisation des travailleurs\",\"item\":\"https:\/\/www.newyorkhipknee.com\/fr\/indemnisation-des-travailleurs\/\"},{\"@type\":\"ListItem\",\"position\":3,\"name\":\"Lignes directrices pour les traitements m\u00e9dicaux (MTG)\",\"item\":\"https:\/\/www.newyorkhipknee.com\/fr\/indemnisation-des-travailleurs\/lignes-directrices-pour-les-traitements-medicaux-mtg\/\"},{\"@type\":\"ListItem\",\"position\":4,\"name\":\"Directives de traitement m\u00e9dical de l&rsquo;\u00c9tat de New York pour les l\u00e9sions du genou chez les travailleurs indemnis\u00e9s\",\"item\":\"https:\/\/www.newyorkhipknee.com\/fr\/indemnisation-des-travailleurs\/lignes-directrices-pour-les-traitements-medicaux-mtg\/blessure-au-genou\/\"},{\"@type\":\"ListItem\",\"position\":5,\"name\":\"Directives m\u00e9dicales de l&rsquo;\u00c9tat de New York pour le traitement des tendinites et des t\u00e9nosynovites chez les travailleurs indemnis\u00e9s\"}]},{\"@type\":\"WebSite\",\"@id\":\"https:\/\/www.newyorkhipknee.com\/fr\/#website\",\"url\":\"https:\/\/www.newyorkhipknee.com\/fr\/\",\"name\":\"Best Hip & Knee Surgeon | NY, USA\",\"description\":\"\",\"potentialAction\":[{\"@type\":\"SearchAction\",\"target\":{\"@type\":\"EntryPoint\",\"urlTemplate\":\"https:\/\/www.newyorkhipknee.com\/fr\/?s={search_term_string}\"},\"query-input\":{\"@type\":\"PropertyValueSpecification\",\"valueRequired\":true,\"valueName\":\"search_term_string\"}}],\"inLanguage\":\"fr-FR\"}]}<\/script>\n<!-- \/ Yoast SEO plugin. -->","yoast_head_json":{"title":"Directives m\u00e9dicales de l'\u00c9tat de New York pour le traitement des tendinites et des t\u00e9nosynovites chez les travailleurs indemnis\u00e9s | Best Hip &amp; Knee Surgeon | NY, USA","description":"La commission des accidents du travail de l'\u00c9tat de New York a \u00e9labor\u00e9 ces lignes directrices pour aider les m\u00e9decins et les autres professionnels de la","robots":{"index":"index","follow":"follow","max-snippet":"max-snippet:-1","max-image-preview":"max-image-preview:large","max-video-preview":"max-video-preview:-1"},"canonical":"https:\/\/www.newyorkhipknee.com\/fr\/indemnisation-des-travailleurs\/lignes-directrices-pour-les-traitements-medicaux-mtg\/blessure-au-genou\/directives-medicales-de-letat-de-new-york-pour-le-traitement-des-tendinites-et-des-tenosynovites-chez-les-travailleurs-indemnises\/","og_locale":"fr_FR","og_type":"article","og_title":"Directives m\u00e9dicales de l'\u00c9tat de New York pour le traitement des tendinites et des t\u00e9nosynovites chez les travailleurs indemnis\u00e9s | Best Hip &amp; Knee Surgeon | NY, USA","og_description":"La commission des accidents du travail de l'\u00c9tat de New York a \u00e9labor\u00e9 ces lignes directrices pour aider les m\u00e9decins et les autres professionnels de la","og_url":"https:\/\/www.newyorkhipknee.com\/fr\/indemnisation-des-travailleurs\/lignes-directrices-pour-les-traitements-medicaux-mtg\/blessure-au-genou\/directives-medicales-de-letat-de-new-york-pour-le-traitement-des-tendinites-et-des-tenosynovites-chez-les-travailleurs-indemnises\/","og_site_name":"Best Hip &amp; Knee Surgeon | NY, USA","twitter_card":"summary_large_image","twitter_misc":{"Dur\u00e9e de lecture estim\u00e9e":"2 minutes"},"schema":{"@context":"https:\/\/schema.org","@graph":[{"@type":["WebPage","MedicalWebPage"],"@id":"https:\/\/www.newyorkhipknee.com\/fr\/indemnisation-des-travailleurs\/lignes-directrices-pour-les-traitements-medicaux-mtg\/blessure-au-genou\/directives-medicales-de-letat-de-new-york-pour-le-traitement-des-tendinites-et-des-tenosynovites-chez-les-travailleurs-indemnises\/","url":"https:\/\/www.newyorkhipknee.com\/fr\/indemnisation-des-travailleurs\/lignes-directrices-pour-les-traitements-medicaux-mtg\/blessure-au-genou\/directives-medicales-de-letat-de-new-york-pour-le-traitement-des-tendinites-et-des-tenosynovites-chez-les-travailleurs-indemnises\/","name":"Directives m\u00e9dicales de l'\u00c9tat de New York pour le traitement des tendinites et des t\u00e9nosynovites chez les travailleurs indemnis\u00e9s | Best Hip &amp; Knee Surgeon | NY, USA","isPartOf":{"@id":"https:\/\/www.newyorkhipknee.com\/fr\/#website"},"datePublished":"2024-01-23T18:11:55+00:00","description":"La commission des accidents du travail de l'\u00c9tat de New York a \u00e9labor\u00e9 ces lignes directrices pour aider les m\u00e9decins et les autres professionnels de la","breadcrumb":{"@id":"https:\/\/www.newyorkhipknee.com\/fr\/indemnisation-des-travailleurs\/lignes-directrices-pour-les-traitements-medicaux-mtg\/blessure-au-genou\/directives-medicales-de-letat-de-new-york-pour-le-traitement-des-tendinites-et-des-tenosynovites-chez-les-travailleurs-indemnises\/#breadcrumb"},"inLanguage":"fr-FR","potentialAction":[{"@type":"ReadAction","target":["https:\/\/www.newyorkhipknee.com\/fr\/indemnisation-des-travailleurs\/lignes-directrices-pour-les-traitements-medicaux-mtg\/blessure-au-genou\/directives-medicales-de-letat-de-new-york-pour-le-traitement-des-tendinites-et-des-tenosynovites-chez-les-travailleurs-indemnises\/"]}]},{"@type":"BreadcrumbList","@id":"https:\/\/www.newyorkhipknee.com\/fr\/indemnisation-des-travailleurs\/lignes-directrices-pour-les-traitements-medicaux-mtg\/blessure-au-genou\/directives-medicales-de-letat-de-new-york-pour-le-traitement-des-tendinites-et-des-tenosynovites-chez-les-travailleurs-indemnises\/#breadcrumb","itemListElement":[{"@type":"ListItem","position":1,"name":"Home","item":"https:\/\/www.newyorkhipknee.com\/fr\/"},{"@type":"ListItem","position":2,"name":"Indemnisation des travailleurs","item":"https:\/\/www.newyorkhipknee.com\/fr\/indemnisation-des-travailleurs\/"},{"@type":"ListItem","position":3,"name":"Lignes directrices pour les traitements m\u00e9dicaux (MTG)","item":"https:\/\/www.newyorkhipknee.com\/fr\/indemnisation-des-travailleurs\/lignes-directrices-pour-les-traitements-medicaux-mtg\/"},{"@type":"ListItem","position":4,"name":"Directives de traitement m\u00e9dical de l&rsquo;\u00c9tat de New York pour les l\u00e9sions du genou chez les travailleurs indemnis\u00e9s","item":"https:\/\/www.newyorkhipknee.com\/fr\/indemnisation-des-travailleurs\/lignes-directrices-pour-les-traitements-medicaux-mtg\/blessure-au-genou\/"},{"@type":"ListItem","position":5,"name":"Directives m\u00e9dicales de l&rsquo;\u00c9tat de New York pour le traitement des tendinites et des t\u00e9nosynovites chez les travailleurs indemnis\u00e9s"}]},{"@type":"WebSite","@id":"https:\/\/www.newyorkhipknee.com\/fr\/#website","url":"https:\/\/www.newyorkhipknee.com\/fr\/","name":"Best Hip & Knee Surgeon | NY, USA","description":"","potentialAction":[{"@type":"SearchAction","target":{"@type":"EntryPoint","urlTemplate":"https:\/\/www.newyorkhipknee.com\/fr\/?s={search_term_string}"},"query-input":{"@type":"PropertyValueSpecification","valueRequired":true,"valueName":"search_term_string"}}],"inLanguage":"fr-FR"}]}},"_links":{"self":[{"href":"https:\/\/www.newyorkhipknee.com\/fr\/wp-json\/wp\/v2\/pages\/22789","targetHints":{"allow":["GET"]}}],"collection":[{"href":"https:\/\/www.newyorkhipknee.com\/fr\/wp-json\/wp\/v2\/pages"}],"about":[{"href":"https:\/\/www.newyorkhipknee.com\/fr\/wp-json\/wp\/v2\/types\/page"}],"author":[{"embeddable":true,"href":"https:\/\/www.newyorkhipknee.com\/fr\/wp-json\/wp\/v2\/users\/33"}],"replies":[{"embeddable":true,"href":"https:\/\/www.newyorkhipknee.com\/fr\/wp-json\/wp\/v2\/comments?post=22789"}],"version-history":[{"count":0,"href":"https:\/\/www.newyorkhipknee.com\/fr\/wp-json\/wp\/v2\/pages\/22789\/revisions"}],"up":[{"embeddable":true,"href":"https:\/\/www.newyorkhipknee.com\/fr\/wp-json\/wp\/v2\/pages\/22287"}],"wp:attachment":[{"href":"https:\/\/www.newyorkhipknee.com\/fr\/wp-json\/wp\/v2\/media?parent=22789"}],"curies":[{"name":"wp","href":"https:\/\/api.w.org\/{rel}","templated":true}]}}