{"id":22796,"date":"2024-01-23T12:42:01","date_gmt":"2024-01-23T17:42:01","guid":{"rendered":""},"modified":"2024-01-23T12:42:01","modified_gmt":"2024-01-23T17:42:01","slug":"directives-medicales-de-letat-de-new-york-pour-le-traitement-du-syndrome-douloureux-retropatellaire-chez-les-travailleurs-indemnises","status":"publish","type":"page","link":"https:\/\/www.newyorkhipknee.com\/fr\/indemnisation-des-travailleurs\/lignes-directrices-pour-les-traitements-medicaux-mtg\/blessure-au-genou\/directives-medicales-de-letat-de-new-york-pour-le-traitement-du-syndrome-douloureux-retropatellaire-chez-les-travailleurs-indemnises\/","title":{"rendered":"Directives m\u00e9dicales de l&rsquo;\u00c9tat de New York pour le traitement du syndrome douloureux r\u00e9tropatellaire chez les travailleurs indemnis\u00e9s"},"content":{"rendered":"<p>La commission des accidents du travail de l&rsquo;\u00c9tat de New York a \u00e9labor\u00e9 ces lignes directrices pour aider les m\u00e9decins, les podologues et les autres professionnels de la sant\u00e9 \u00e0 fournir un traitement appropri\u00e9 du syndrome douloureux r\u00e9tropatellaire.<\/p>\n<p>Ces lignes directrices de la Commission des accidents du travail visent \u00e0 aider les professionnels de la sant\u00e9 \u00e0 prendre des d\u00e9cisions concernant le niveau de soins appropri\u00e9 pour leurs patients souffrant du syndrome douloureux r\u00e9tropatellaire.<\/p>\n<p>Les lignes directrices ne remplacent pas le jugement clinique ou l&rsquo;exp\u00e9rience professionnelle. La d\u00e9cision finale concernant les soins doit \u00eatre prise par le patient en consultation avec son prestataire de soins de sant\u00e9.<\/p>\n<p>&nbsp;<\/p>\n<h3><strong>Description \/ D\u00e9finition<\/strong><\/h3>\n<p>Syndrome douloureux r\u00e9tropatellaire durant plus de trois mois. Les pathologies r\u00e9tropatellaires sont associ\u00e9es \u00e0 un affaiblissement, une instabilit\u00e9 et une douleur du m\u00e9canisme f\u00e9moro-patellaire. Il peut s&rsquo;agir d&rsquo;un mauvais alignement, d&rsquo;une tendinite persistante du quadriceps, d&rsquo;une tendinite rotulienne distale, d&rsquo;une arthrose f\u00e9moro-patellaire et d&rsquo;un syndrome symptomatique de la plica.<\/p>\n<p>&nbsp;<\/p>\n<h3><strong>M\u00e9canisme de la l\u00e9sion<\/strong><\/h3>\n<p>Peut \u00eatre associ\u00e9 \u00e0 une contusion, \u00e0 des forces de compression rotulienne r\u00e9p\u00e9titives, \u00e0 des l\u00e9sions articulaires de cisaillement associ\u00e9es \u00e0 une subluxation ou \u00e0 une luxation de la rotule, \u00e0 des fractures, \u00e0 une infection et \u00e0 une maladie du tissu conjonctif.<\/p>\n<p>&nbsp;<\/p>\n<h3><strong>Observations physiques sp\u00e9cifiques<\/strong><\/h3>\n<p>Le patient se plaint de douleurs, d&rsquo;instabilit\u00e9 et de sensibilit\u00e9 qui interf\u00e8rent avec la vie quotidienne et les fonctions professionnelles. L&rsquo;examen physique peut r\u00e9v\u00e9ler une sensibilit\u00e9 r\u00e9tinienne, une douleur \u00e0 la compression rotulienne, un test de glissement rotulien positif, une atrophie des muscles quadriceps, un test d&rsquo;appr\u00e9hension rotulien positif. Les r\u00e9sultats anatomiques associ\u00e9s peuvent inclure une augmentation de l&rsquo;angle Q, une rotation des articulations des membres inf\u00e9rieurs, une laxit\u00e9 ligamentaire et un \u00e9panchement.<\/p>\n<p>&nbsp;<\/p>\n<h3><strong>Proc\u00e9dures de test de diagnostic<\/strong><\/h3>\n<p><strong>RadiographiesRecommand\u00e9es<\/strong>&#8211; chez certains patients si cela est cliniquement indiqu\u00e9. Peut inclure des vues de tunnel, de marchand ou de Laurin.<\/p>\n<p><strong>CT ou scintigraphie osseuse<\/strong><br \/>\nRecommand\u00e9 &#8211; chez des patients tr\u00e8s s\u00e9lectionn\u00e9s.<\/p>\n<p><strong>IRM<\/strong><br \/>\nNon recommand\u00e9 &#8211; car il identifie rarement une pathologie.<\/p>\n<p>&nbsp;<\/p>\n<h3><strong>Traitement non op\u00e9ratoire<\/strong><\/h3>\n<p>Repos\/activit\u00e9 restreinte, mise en d\u00e9charge avec des b\u00e9quilles ou une canne, AINS, APAP pouvant \u00eatre suivie d&rsquo;une th\u00e9rapie active et\/ou passive, stimulation \u00e9lectrique fonctionnelle du vaste m\u00e9dial, attelles, orth\u00e8ses, injections th\u00e9rapeutiques.<br \/>\nRecommand\u00e9 &#8211; chez certains patients selon les indications cliniques.<\/p>\n<p>&nbsp;<\/p>\n<h3><strong>Indications chirurgicales<\/strong><\/h3>\n<p>rupture du tendon rotulien, rupture\/avulsion du tendon du quadriceps, fracture ou sympt\u00f4mes ne r\u00e9pondant pas \u00e0 un traitement conservateur. Il existe tr\u00e8s peu de donn\u00e9es sur les r\u00e9sultats \u00e0 long terme du traitement chirurgical de la douleur ant\u00e9rieure du genou. L&rsquo;intervention chirurgicale doit \u00eatre envisag\u00e9e apr\u00e8s l&rsquo;\u00e9chec d&rsquo;un programme de r\u00e9\u00e9ducation complet incluant le renforcement du quadriceps.<\/p>\n<p>&nbsp;<\/p>\n<h3><strong>Traitement chirurgical<\/strong><\/h3>\n<p>D\u00e9bridement arthroscopique de la surface articulaire, de la plica, du tissu synovial, des corps \u00e9trangers, arthrotomie, fixation interne par r\u00e9duction ouverte avec fracture, bouton rotulien (proth\u00e8se) avec arthrose de grade III-IV (classification d&rsquo;Outerbridge modifi\u00e9e) et \u00e9ventuellement patellectomie.<\/p>\n<p><strong>Recommand\u00e9<\/strong> &#8211; chez certains patients selon les indications cliniques.<br \/>\n<strong>Indications<\/strong>: Rupture du tendon rotulien, rupture\/avulsion du tendon du quadriceps, fracture, ou sympt\u00f4mes ne r\u00e9pondant pas au traitement conservateur. Il existe tr\u00e8s peu de donn\u00e9es sur les r\u00e9sultats \u00e0 long terme du traitement chirurgical de la douleur ant\u00e9rieure du genou. L&rsquo;intervention chirurgicale doit \u00eatre envisag\u00e9e apr\u00e8s l&rsquo;\u00e9chec d&rsquo;un programme de r\u00e9\u00e9ducation complet incluant le renforcement du quadriceps.<\/p>\n<p><strong>Remarque :<\/strong> la lib\u00e9ration r\u00e9tinaculaire, l&rsquo;enroulement du quadriceps et les proc\u00e9dures de transfert tibial ne doivent \u00eatre envisag\u00e9s qu&rsquo;apr\u00e8s quatre \u00e0 six mois de traitement conservateur.<\/p>\n<p>&nbsp;<\/p>\n<h3><strong>Th\u00e9rapie post-op\u00e9ratoire<\/strong><\/h3>\n<p>Th\u00e9rapie ; attelle.<br \/>\nRecommand\u00e9.<\/p>\n<p>&nbsp;<\/p>\n","protected":false},"excerpt":{"rendered":"<p>La commission des accidents du travail de l&rsquo;\u00c9tat de New York a \u00e9labor\u00e9 ces lignes directrices pour aider les m\u00e9decins, les podologues et les autres professionnels de la sant\u00e9 \u00e0 fournir un traitement appropri\u00e9 du syndrome douloureux r\u00e9tropatellaire. Ces lignes directrices de la Commission des accidents du travail visent \u00e0 aider les professionnels de la [&hellip;]<\/p>\n","protected":false},"author":33,"featured_media":0,"parent":22287,"menu_order":0,"comment_status":"closed","ping_status":"closed","template":"","meta":{"_et_pb_use_builder":"","_et_pb_old_content":"","_et_gb_content_width":"","footnotes":""},"class_list":["post-22796","page","type-page","status-publish","hentry"],"yoast_head":"<!-- This site is optimized with the Yoast SEO plugin v27.2 - https:\/\/yoast.com\/product\/yoast-seo-wordpress\/ -->\n<title>Directives m\u00e9dicales de l&#039;\u00c9tat de New York pour le traitement du syndrome douloureux r\u00e9tropatellaire chez les travailleurs indemnis\u00e9s | Best Hip &amp; Knee Surgeon | NY, USA<\/title>\n<meta name=\"description\" content=\"La commission des accidents du travail de l&#039;\u00c9tat de New York a \u00e9labor\u00e9 ces lignes directrices pour aider les m\u00e9decins, les podologues et les autres\" \/>\n<meta name=\"robots\" content=\"index, follow, max-snippet:-1, max-image-preview:large, max-video-preview:-1\" \/>\n<link rel=\"canonical\" href=\"https:\/\/www.newyorkhipknee.com\/fr\/indemnisation-des-travailleurs\/lignes-directrices-pour-les-traitements-medicaux-mtg\/blessure-au-genou\/directives-medicales-de-letat-de-new-york-pour-le-traitement-du-syndrome-douloureux-retropatellaire-chez-les-travailleurs-indemnises\/\" \/>\n<meta property=\"og:locale\" content=\"fr_FR\" \/>\n<meta property=\"og:type\" content=\"article\" \/>\n<meta property=\"og:title\" content=\"Directives m\u00e9dicales de l&#039;\u00c9tat de New York pour le traitement du syndrome douloureux r\u00e9tropatellaire chez les travailleurs indemnis\u00e9s | Best Hip &amp; Knee Surgeon | NY, USA\" \/>\n<meta property=\"og:description\" content=\"La commission des accidents du travail de l&#039;\u00c9tat de New York a \u00e9labor\u00e9 ces lignes directrices pour aider les m\u00e9decins, les podologues et les autres\" \/>\n<meta property=\"og:url\" content=\"https:\/\/www.newyorkhipknee.com\/fr\/indemnisation-des-travailleurs\/lignes-directrices-pour-les-traitements-medicaux-mtg\/blessure-au-genou\/directives-medicales-de-letat-de-new-york-pour-le-traitement-du-syndrome-douloureux-retropatellaire-chez-les-travailleurs-indemnises\/\" \/>\n<meta property=\"og:site_name\" content=\"Best Hip &amp; Knee Surgeon | NY, USA\" \/>\n<meta name=\"twitter:card\" content=\"summary_large_image\" \/>\n<meta name=\"twitter:label1\" content=\"Dur\u00e9e de lecture estim\u00e9e\" \/>\n\t<meta name=\"twitter:data1\" content=\"3 minutes\" \/>\n<script type=\"application\/ld+json\" class=\"yoast-schema-graph\">{\"@context\":\"https:\/\/schema.org\",\"@graph\":[{\"@type\":[\"WebPage\",\"MedicalWebPage\"],\"@id\":\"https:\/\/www.newyorkhipknee.com\/fr\/indemnisation-des-travailleurs\/lignes-directrices-pour-les-traitements-medicaux-mtg\/blessure-au-genou\/directives-medicales-de-letat-de-new-york-pour-le-traitement-du-syndrome-douloureux-retropatellaire-chez-les-travailleurs-indemnises\/\",\"url\":\"https:\/\/www.newyorkhipknee.com\/fr\/indemnisation-des-travailleurs\/lignes-directrices-pour-les-traitements-medicaux-mtg\/blessure-au-genou\/directives-medicales-de-letat-de-new-york-pour-le-traitement-du-syndrome-douloureux-retropatellaire-chez-les-travailleurs-indemnises\/\",\"name\":\"Directives m\u00e9dicales de l'\u00c9tat de New York pour le traitement du syndrome douloureux r\u00e9tropatellaire chez les travailleurs indemnis\u00e9s | Best Hip &amp; Knee Surgeon | NY, USA\",\"isPartOf\":{\"@id\":\"https:\/\/www.newyorkhipknee.com\/fr\/#website\"},\"datePublished\":\"2024-01-23T17:42:01+00:00\",\"description\":\"La commission des accidents du travail de l'\u00c9tat de New York a \u00e9labor\u00e9 ces lignes directrices pour aider les m\u00e9decins, les podologues et les autres\",\"breadcrumb\":{\"@id\":\"https:\/\/www.newyorkhipknee.com\/fr\/indemnisation-des-travailleurs\/lignes-directrices-pour-les-traitements-medicaux-mtg\/blessure-au-genou\/directives-medicales-de-letat-de-new-york-pour-le-traitement-du-syndrome-douloureux-retropatellaire-chez-les-travailleurs-indemnises\/#breadcrumb\"},\"inLanguage\":\"fr-FR\",\"potentialAction\":[{\"@type\":\"ReadAction\",\"target\":[\"https:\/\/www.newyorkhipknee.com\/fr\/indemnisation-des-travailleurs\/lignes-directrices-pour-les-traitements-medicaux-mtg\/blessure-au-genou\/directives-medicales-de-letat-de-new-york-pour-le-traitement-du-syndrome-douloureux-retropatellaire-chez-les-travailleurs-indemnises\/\"]}]},{\"@type\":\"BreadcrumbList\",\"@id\":\"https:\/\/www.newyorkhipknee.com\/fr\/indemnisation-des-travailleurs\/lignes-directrices-pour-les-traitements-medicaux-mtg\/blessure-au-genou\/directives-medicales-de-letat-de-new-york-pour-le-traitement-du-syndrome-douloureux-retropatellaire-chez-les-travailleurs-indemnises\/#breadcrumb\",\"itemListElement\":[{\"@type\":\"ListItem\",\"position\":1,\"name\":\"Home\",\"item\":\"https:\/\/www.newyorkhipknee.com\/fr\/\"},{\"@type\":\"ListItem\",\"position\":2,\"name\":\"Indemnisation des travailleurs\",\"item\":\"https:\/\/www.newyorkhipknee.com\/fr\/indemnisation-des-travailleurs\/\"},{\"@type\":\"ListItem\",\"position\":3,\"name\":\"Lignes directrices pour les traitements m\u00e9dicaux (MTG)\",\"item\":\"https:\/\/www.newyorkhipknee.com\/fr\/indemnisation-des-travailleurs\/lignes-directrices-pour-les-traitements-medicaux-mtg\/\"},{\"@type\":\"ListItem\",\"position\":4,\"name\":\"Directives de traitement m\u00e9dical de l&rsquo;\u00c9tat de New York pour les l\u00e9sions du genou chez les travailleurs indemnis\u00e9s\",\"item\":\"https:\/\/www.newyorkhipknee.com\/fr\/indemnisation-des-travailleurs\/lignes-directrices-pour-les-traitements-medicaux-mtg\/blessure-au-genou\/\"},{\"@type\":\"ListItem\",\"position\":5,\"name\":\"Directives m\u00e9dicales de l&rsquo;\u00c9tat de New York pour le traitement du syndrome douloureux r\u00e9tropatellaire chez les travailleurs indemnis\u00e9s\"}]},{\"@type\":\"WebSite\",\"@id\":\"https:\/\/www.newyorkhipknee.com\/fr\/#website\",\"url\":\"https:\/\/www.newyorkhipknee.com\/fr\/\",\"name\":\"Best Hip & Knee Surgeon | NY, USA\",\"description\":\"\",\"potentialAction\":[{\"@type\":\"SearchAction\",\"target\":{\"@type\":\"EntryPoint\",\"urlTemplate\":\"https:\/\/www.newyorkhipknee.com\/fr\/?s={search_term_string}\"},\"query-input\":{\"@type\":\"PropertyValueSpecification\",\"valueRequired\":true,\"valueName\":\"search_term_string\"}}],\"inLanguage\":\"fr-FR\"}]}<\/script>\n<!-- \/ Yoast SEO plugin. -->","yoast_head_json":{"title":"Directives m\u00e9dicales de l'\u00c9tat de New York pour le traitement du syndrome douloureux r\u00e9tropatellaire chez les travailleurs indemnis\u00e9s | Best Hip &amp; Knee Surgeon | NY, USA","description":"La commission des accidents du travail de l'\u00c9tat de New York a \u00e9labor\u00e9 ces lignes directrices pour aider les m\u00e9decins, les podologues et les autres","robots":{"index":"index","follow":"follow","max-snippet":"max-snippet:-1","max-image-preview":"max-image-preview:large","max-video-preview":"max-video-preview:-1"},"canonical":"https:\/\/www.newyorkhipknee.com\/fr\/indemnisation-des-travailleurs\/lignes-directrices-pour-les-traitements-medicaux-mtg\/blessure-au-genou\/directives-medicales-de-letat-de-new-york-pour-le-traitement-du-syndrome-douloureux-retropatellaire-chez-les-travailleurs-indemnises\/","og_locale":"fr_FR","og_type":"article","og_title":"Directives m\u00e9dicales de l'\u00c9tat de New York pour le traitement du syndrome douloureux r\u00e9tropatellaire chez les travailleurs indemnis\u00e9s | Best Hip &amp; Knee Surgeon | NY, USA","og_description":"La commission des accidents du travail de l'\u00c9tat de New York a \u00e9labor\u00e9 ces lignes directrices pour aider les m\u00e9decins, les podologues et les autres","og_url":"https:\/\/www.newyorkhipknee.com\/fr\/indemnisation-des-travailleurs\/lignes-directrices-pour-les-traitements-medicaux-mtg\/blessure-au-genou\/directives-medicales-de-letat-de-new-york-pour-le-traitement-du-syndrome-douloureux-retropatellaire-chez-les-travailleurs-indemnises\/","og_site_name":"Best Hip &amp; Knee Surgeon | NY, USA","twitter_card":"summary_large_image","twitter_misc":{"Dur\u00e9e de lecture estim\u00e9e":"3 minutes"},"schema":{"@context":"https:\/\/schema.org","@graph":[{"@type":["WebPage","MedicalWebPage"],"@id":"https:\/\/www.newyorkhipknee.com\/fr\/indemnisation-des-travailleurs\/lignes-directrices-pour-les-traitements-medicaux-mtg\/blessure-au-genou\/directives-medicales-de-letat-de-new-york-pour-le-traitement-du-syndrome-douloureux-retropatellaire-chez-les-travailleurs-indemnises\/","url":"https:\/\/www.newyorkhipknee.com\/fr\/indemnisation-des-travailleurs\/lignes-directrices-pour-les-traitements-medicaux-mtg\/blessure-au-genou\/directives-medicales-de-letat-de-new-york-pour-le-traitement-du-syndrome-douloureux-retropatellaire-chez-les-travailleurs-indemnises\/","name":"Directives m\u00e9dicales de l'\u00c9tat de New York pour le traitement du syndrome douloureux r\u00e9tropatellaire chez les travailleurs indemnis\u00e9s | Best Hip &amp; Knee Surgeon | NY, USA","isPartOf":{"@id":"https:\/\/www.newyorkhipknee.com\/fr\/#website"},"datePublished":"2024-01-23T17:42:01+00:00","description":"La commission des accidents du travail de l'\u00c9tat de New York a \u00e9labor\u00e9 ces lignes directrices pour aider les m\u00e9decins, les podologues et les autres","breadcrumb":{"@id":"https:\/\/www.newyorkhipknee.com\/fr\/indemnisation-des-travailleurs\/lignes-directrices-pour-les-traitements-medicaux-mtg\/blessure-au-genou\/directives-medicales-de-letat-de-new-york-pour-le-traitement-du-syndrome-douloureux-retropatellaire-chez-les-travailleurs-indemnises\/#breadcrumb"},"inLanguage":"fr-FR","potentialAction":[{"@type":"ReadAction","target":["https:\/\/www.newyorkhipknee.com\/fr\/indemnisation-des-travailleurs\/lignes-directrices-pour-les-traitements-medicaux-mtg\/blessure-au-genou\/directives-medicales-de-letat-de-new-york-pour-le-traitement-du-syndrome-douloureux-retropatellaire-chez-les-travailleurs-indemnises\/"]}]},{"@type":"BreadcrumbList","@id":"https:\/\/www.newyorkhipknee.com\/fr\/indemnisation-des-travailleurs\/lignes-directrices-pour-les-traitements-medicaux-mtg\/blessure-au-genou\/directives-medicales-de-letat-de-new-york-pour-le-traitement-du-syndrome-douloureux-retropatellaire-chez-les-travailleurs-indemnises\/#breadcrumb","itemListElement":[{"@type":"ListItem","position":1,"name":"Home","item":"https:\/\/www.newyorkhipknee.com\/fr\/"},{"@type":"ListItem","position":2,"name":"Indemnisation des travailleurs","item":"https:\/\/www.newyorkhipknee.com\/fr\/indemnisation-des-travailleurs\/"},{"@type":"ListItem","position":3,"name":"Lignes directrices pour les traitements m\u00e9dicaux (MTG)","item":"https:\/\/www.newyorkhipknee.com\/fr\/indemnisation-des-travailleurs\/lignes-directrices-pour-les-traitements-medicaux-mtg\/"},{"@type":"ListItem","position":4,"name":"Directives de traitement m\u00e9dical de l&rsquo;\u00c9tat de New York pour les l\u00e9sions du genou chez les travailleurs indemnis\u00e9s","item":"https:\/\/www.newyorkhipknee.com\/fr\/indemnisation-des-travailleurs\/lignes-directrices-pour-les-traitements-medicaux-mtg\/blessure-au-genou\/"},{"@type":"ListItem","position":5,"name":"Directives m\u00e9dicales de l&rsquo;\u00c9tat de New York pour le traitement du syndrome douloureux r\u00e9tropatellaire chez les travailleurs indemnis\u00e9s"}]},{"@type":"WebSite","@id":"https:\/\/www.newyorkhipknee.com\/fr\/#website","url":"https:\/\/www.newyorkhipknee.com\/fr\/","name":"Best Hip & Knee Surgeon | NY, USA","description":"","potentialAction":[{"@type":"SearchAction","target":{"@type":"EntryPoint","urlTemplate":"https:\/\/www.newyorkhipknee.com\/fr\/?s={search_term_string}"},"query-input":{"@type":"PropertyValueSpecification","valueRequired":true,"valueName":"search_term_string"}}],"inLanguage":"fr-FR"}]}},"_links":{"self":[{"href":"https:\/\/www.newyorkhipknee.com\/fr\/wp-json\/wp\/v2\/pages\/22796","targetHints":{"allow":["GET"]}}],"collection":[{"href":"https:\/\/www.newyorkhipknee.com\/fr\/wp-json\/wp\/v2\/pages"}],"about":[{"href":"https:\/\/www.newyorkhipknee.com\/fr\/wp-json\/wp\/v2\/types\/page"}],"author":[{"embeddable":true,"href":"https:\/\/www.newyorkhipknee.com\/fr\/wp-json\/wp\/v2\/users\/33"}],"replies":[{"embeddable":true,"href":"https:\/\/www.newyorkhipknee.com\/fr\/wp-json\/wp\/v2\/comments?post=22796"}],"version-history":[{"count":0,"href":"https:\/\/www.newyorkhipknee.com\/fr\/wp-json\/wp\/v2\/pages\/22796\/revisions"}],"up":[{"embeddable":true,"href":"https:\/\/www.newyorkhipknee.com\/fr\/wp-json\/wp\/v2\/pages\/22287"}],"wp:attachment":[{"href":"https:\/\/www.newyorkhipknee.com\/fr\/wp-json\/wp\/v2\/media?parent=22796"}],"curies":[{"name":"wp","href":"https:\/\/api.w.org\/{rel}","templated":true}]}}