{"id":22828,"date":"2024-01-29T17:26:03","date_gmt":"2024-01-29T22:26:03","guid":{"rendered":"https:\/\/newyorkhipknee.com\/directives-medicales-de-letat-de-new-york-relatives-a-lacupuncture-pour-les-blessures-au-genou-chez-les-travailleurs-indemnises\/"},"modified":"2024-01-30T12:03:44","modified_gmt":"2024-01-30T17:03:44","slug":"directives-medicales-de-letat-de-new-york-relatives-a-lacupuncture-pour-les-blessures-au-genou-chez-les-travailleurs-indemnises","status":"publish","type":"page","link":"https:\/\/www.newyorkhipknee.com\/fr\/indemnisation-des-travailleurs\/lignes-directrices-pour-les-traitements-medicaux-mtg\/blessure-au-genou\/directives-medicales-de-letat-de-new-york-pour-les-procedures-therapeutiques-non-operatoires-chez-les-patients-beneficiant-dune-indemnisation-pour-accident-du-travail\/directives-medicales-de-letat-de-new-york-relatives-a-lacupuncture-pour-les-blessures-au-genou-chez-les-travailleurs-indemnises\/","title":{"rendered":"Directives m\u00e9dicales de l&rsquo;\u00c9tat de New York relatives \u00e0 l&rsquo;acupuncture pour les blessures au genou chez les travailleurs indemnis\u00e9s"},"content":{"rendered":"<p>Les directives fournies par la commission des accidents du travail de l&rsquo;\u00c9tat de New York proposent des principes g\u00e9n\u00e9raux pour l&rsquo;utilisation de l&rsquo;acupuncture dans le traitement des blessures au genou. Ces directives visent \u00e0 aider les professionnels de la sant\u00e9 \u00e0 d\u00e9terminer les strat\u00e9gies appropri\u00e9es pour int\u00e9grer l&rsquo;acupuncture dans le cadre d&rsquo;un plan de soins complet pour les personnes souffrant de blessures au genou.<\/p>\n<p>Les praticiens de sant\u00e9 sp\u00e9cialis\u00e9s dans l&rsquo;utilisation de l&rsquo;acupuncture pour les blessures au genou peuvent s&rsquo;appuyer sur les conseils de la Commission des accidents du travail pour prendre des d\u00e9cisions \u00e9clair\u00e9es sur les approches les plus appropri\u00e9es pour int\u00e9grer l&rsquo;acupuncture dans le traitement des blessures au genou chez leurs patients.<\/p>\n<p>Il est essentiel de souligner que ces lignes directrices ne sont pas destin\u00e9es \u00e0 remplacer le jugement clinique ou l&rsquo;expertise professionnelle. La d\u00e9cision finale concernant l&rsquo;utilisation de l&rsquo;acupuncture pour les blessures au genou doit \u00eatre prise en collaboration avec le patient et son prestataire de soins de sant\u00e9.<\/p>\n<p>&nbsp;<\/p>\n<h2>Acupuncture pour les blessures au genou<\/h2>\n<p>&nbsp;<\/p>\n<p>Recommand\u00e9 pour des patients sp\u00e9cifiques comme mesure compl\u00e9mentaire pour acc\u00e9l\u00e9rer le r\u00e9tablissement de l&rsquo;activit\u00e9 fonctionnelle en conjonction avec la r\u00e9adaptation physique et\/ou l&rsquo;intervention chirurgicale.<br \/>\nLes indications comprennent les douleurs articulaires, les raideurs articulaires, les douleurs et inflammations des tissus mous, les paresth\u00e9sies, le soulagement des douleurs post-chirurgicales, les spasmes musculaires et les douleurs li\u00e9es aux tissus cicatriciels.<\/p>\n<p>G\u00e9n\u00e9ralement administr\u00e9 une \u00e0 trois fois par semaine, avec un total de trois \u00e0 six s\u00e9ances n\u00e9cessaires pour l&rsquo;efficacit\u00e9, et un maximum de dix traitements si cela est cliniquement justifi\u00e9.<\/p>\n<p>Les dur\u00e9es totales pour l&rsquo;acupuncture et l&rsquo;acupuncture avec stimulation \u00e9lectrique ne sont pas destin\u00e9es \u00e0 \u00eatre appliqu\u00e9es individuellement aux sections susmentionn\u00e9es. Au contraire, ils doivent \u00eatre appliqu\u00e9s universellement \u00e0 tous les traitements d&rsquo;acupuncture, quelles que soient les th\u00e9rapies propos\u00e9es ou leurs combinaisons.<\/p>\n","protected":false},"excerpt":{"rendered":"<p>Les directives fournies par la commission des accidents du travail de l&rsquo;\u00c9tat de New York proposent des principes g\u00e9n\u00e9raux pour l&rsquo;utilisation de l&rsquo;acupuncture dans le traitement des blessures au genou. Ces directives visent \u00e0 aider les professionnels de la sant\u00e9 \u00e0 d\u00e9terminer les strat\u00e9gies appropri\u00e9es pour int\u00e9grer l&rsquo;acupuncture dans le cadre d&rsquo;un plan de soins [&hellip;]<\/p>\n","protected":false},"author":33,"featured_media":0,"parent":22894,"menu_order":0,"comment_status":"closed","ping_status":"closed","template":"","meta":{"_et_pb_use_builder":"","_et_pb_old_content":"","_et_gb_content_width":"","footnotes":""},"class_list":["post-22828","page","type-page","status-publish","hentry"],"yoast_head":"<!-- This site is optimized with the Yoast SEO plugin v27.2 - https:\/\/yoast.com\/product\/yoast-seo-wordpress\/ -->\n<title>Directives m\u00e9dicales de l&#039;\u00c9tat de New York relatives \u00e0 l&#039;acupuncture pour les blessures au genou chez les travailleurs indemnis\u00e9s | Best Hip &amp; Knee Surgeon | NY, USA<\/title>\n<meta name=\"description\" content=\"Les directives fournies par la commission des accidents du travail de l&#039;\u00c9tat de New York proposent des principes g\u00e9n\u00e9raux pour l&#039;utilisation de\" \/>\n<meta name=\"robots\" content=\"index, follow, max-snippet:-1, max-image-preview:large, max-video-preview:-1\" \/>\n<link rel=\"canonical\" href=\"https:\/\/www.newyorkhipknee.com\/fr\/indemnisation-des-travailleurs\/lignes-directrices-pour-les-traitements-medicaux-mtg\/blessure-au-genou\/directives-medicales-de-letat-de-new-york-pour-les-procedures-therapeutiques-non-operatoires-chez-les-patients-beneficiant-dune-indemnisation-pour-accident-du-travail\/directives-medicales-de-letat-de-new-york-relatives-a-lacupuncture-pour-les-blessures-au-genou-chez-les-travailleurs-indemnises\/\" \/>\n<meta property=\"og:locale\" content=\"fr_FR\" \/>\n<meta property=\"og:type\" content=\"article\" \/>\n<meta property=\"og:title\" content=\"Directives m\u00e9dicales de l&#039;\u00c9tat de New York relatives \u00e0 l&#039;acupuncture pour les blessures au genou chez les travailleurs indemnis\u00e9s | Best Hip &amp; Knee Surgeon | NY, USA\" \/>\n<meta property=\"og:description\" content=\"Les directives fournies par la commission des accidents du travail de l&#039;\u00c9tat de New York proposent des principes g\u00e9n\u00e9raux pour l&#039;utilisation de\" \/>\n<meta property=\"og:url\" content=\"https:\/\/www.newyorkhipknee.com\/fr\/indemnisation-des-travailleurs\/lignes-directrices-pour-les-traitements-medicaux-mtg\/blessure-au-genou\/directives-medicales-de-letat-de-new-york-pour-les-procedures-therapeutiques-non-operatoires-chez-les-patients-beneficiant-dune-indemnisation-pour-accident-du-travail\/directives-medicales-de-letat-de-new-york-relatives-a-lacupuncture-pour-les-blessures-au-genou-chez-les-travailleurs-indemnises\/\" \/>\n<meta property=\"og:site_name\" content=\"Best Hip &amp; Knee Surgeon | NY, USA\" \/>\n<meta property=\"article:modified_time\" content=\"2024-01-30T17:03:44+00:00\" \/>\n<meta name=\"twitter:card\" content=\"summary_large_image\" \/>\n<meta name=\"twitter:label1\" content=\"Dur\u00e9e de lecture estim\u00e9e\" \/>\n\t<meta name=\"twitter:data1\" content=\"2 minutes\" \/>\n<script type=\"application\/ld+json\" class=\"yoast-schema-graph\">{\"@context\":\"https:\/\/schema.org\",\"@graph\":[{\"@type\":[\"WebPage\",\"MedicalWebPage\"],\"@id\":\"https:\/\/www.newyorkhipknee.com\/fr\/indemnisation-des-travailleurs\/lignes-directrices-pour-les-traitements-medicaux-mtg\/blessure-au-genou\/directives-medicales-de-letat-de-new-york-pour-les-procedures-therapeutiques-non-operatoires-chez-les-patients-beneficiant-dune-indemnisation-pour-accident-du-travail\/directives-medicales-de-letat-de-new-york-relatives-a-lacupuncture-pour-les-blessures-au-genou-chez-les-travailleurs-indemnises\/\",\"url\":\"https:\/\/www.newyorkhipknee.com\/fr\/indemnisation-des-travailleurs\/lignes-directrices-pour-les-traitements-medicaux-mtg\/blessure-au-genou\/directives-medicales-de-letat-de-new-york-pour-les-procedures-therapeutiques-non-operatoires-chez-les-patients-beneficiant-dune-indemnisation-pour-accident-du-travail\/directives-medicales-de-letat-de-new-york-relatives-a-lacupuncture-pour-les-blessures-au-genou-chez-les-travailleurs-indemnises\/\",\"name\":\"Directives m\u00e9dicales de l'\u00c9tat de New York relatives \u00e0 l'acupuncture pour les blessures au genou chez les travailleurs indemnis\u00e9s | Best Hip &amp; Knee Surgeon | NY, USA\",\"isPartOf\":{\"@id\":\"https:\/\/www.newyorkhipknee.com\/fr\/#website\"},\"datePublished\":\"2024-01-29T22:26:03+00:00\",\"dateModified\":\"2024-01-30T17:03:44+00:00\",\"description\":\"Les directives fournies par la commission des accidents du travail de l'\u00c9tat de New York proposent des principes g\u00e9n\u00e9raux pour l'utilisation de\",\"breadcrumb\":{\"@id\":\"https:\/\/www.newyorkhipknee.com\/fr\/indemnisation-des-travailleurs\/lignes-directrices-pour-les-traitements-medicaux-mtg\/blessure-au-genou\/directives-medicales-de-letat-de-new-york-pour-les-procedures-therapeutiques-non-operatoires-chez-les-patients-beneficiant-dune-indemnisation-pour-accident-du-travail\/directives-medicales-de-letat-de-new-york-relatives-a-lacupuncture-pour-les-blessures-au-genou-chez-les-travailleurs-indemnises\/#breadcrumb\"},\"inLanguage\":\"fr-FR\",\"potentialAction\":[{\"@type\":\"ReadAction\",\"target\":[\"https:\/\/www.newyorkhipknee.com\/fr\/indemnisation-des-travailleurs\/lignes-directrices-pour-les-traitements-medicaux-mtg\/blessure-au-genou\/directives-medicales-de-letat-de-new-york-pour-les-procedures-therapeutiques-non-operatoires-chez-les-patients-beneficiant-dune-indemnisation-pour-accident-du-travail\/directives-medicales-de-letat-de-new-york-relatives-a-lacupuncture-pour-les-blessures-au-genou-chez-les-travailleurs-indemnises\/\"]}]},{\"@type\":\"BreadcrumbList\",\"@id\":\"https:\/\/www.newyorkhipknee.com\/fr\/indemnisation-des-travailleurs\/lignes-directrices-pour-les-traitements-medicaux-mtg\/blessure-au-genou\/directives-medicales-de-letat-de-new-york-pour-les-procedures-therapeutiques-non-operatoires-chez-les-patients-beneficiant-dune-indemnisation-pour-accident-du-travail\/directives-medicales-de-letat-de-new-york-relatives-a-lacupuncture-pour-les-blessures-au-genou-chez-les-travailleurs-indemnises\/#breadcrumb\",\"itemListElement\":[{\"@type\":\"ListItem\",\"position\":1,\"name\":\"Home\",\"item\":\"https:\/\/www.newyorkhipknee.com\/fr\/\"},{\"@type\":\"ListItem\",\"position\":2,\"name\":\"Indemnisation des travailleurs\",\"item\":\"https:\/\/www.newyorkhipknee.com\/fr\/indemnisation-des-travailleurs\/\"},{\"@type\":\"ListItem\",\"position\":3,\"name\":\"Lignes directrices pour les traitements m\u00e9dicaux (MTG)\",\"item\":\"https:\/\/www.newyorkhipknee.com\/fr\/indemnisation-des-travailleurs\/lignes-directrices-pour-les-traitements-medicaux-mtg\/\"},{\"@type\":\"ListItem\",\"position\":4,\"name\":\"Directives de traitement m\u00e9dical de l&rsquo;\u00c9tat de New York pour les l\u00e9sions du genou chez les travailleurs indemnis\u00e9s\",\"item\":\"https:\/\/www.newyorkhipknee.com\/fr\/indemnisation-des-travailleurs\/lignes-directrices-pour-les-traitements-medicaux-mtg\/blessure-au-genou\/\"},{\"@type\":\"ListItem\",\"position\":5,\"name\":\"Directives m\u00e9dicales de l&rsquo;\u00c9tat de New York pour les proc\u00e9dures th\u00e9rapeutiques : Non-op\u00e9ratoires chez les patients b\u00e9n\u00e9ficiant d&rsquo;une indemnisation pour accident du travail\",\"item\":\"https:\/\/www.newyorkhipknee.com\/fr\/indemnisation-des-travailleurs\/lignes-directrices-pour-les-traitements-medicaux-mtg\/blessure-au-genou\/directives-medicales-de-letat-de-new-york-pour-les-procedures-therapeutiques-non-operatoires-chez-les-patients-beneficiant-dune-indemnisation-pour-accident-du-travail\/\"},{\"@type\":\"ListItem\",\"position\":6,\"name\":\"Directives m\u00e9dicales de l&rsquo;\u00c9tat de New York relatives \u00e0 l&rsquo;acupuncture pour les blessures au genou chez les travailleurs indemnis\u00e9s\"}]},{\"@type\":\"WebSite\",\"@id\":\"https:\/\/www.newyorkhipknee.com\/fr\/#website\",\"url\":\"https:\/\/www.newyorkhipknee.com\/fr\/\",\"name\":\"Best Hip & Knee Surgeon | NY, USA\",\"description\":\"\",\"potentialAction\":[{\"@type\":\"SearchAction\",\"target\":{\"@type\":\"EntryPoint\",\"urlTemplate\":\"https:\/\/www.newyorkhipknee.com\/fr\/?s={search_term_string}\"},\"query-input\":{\"@type\":\"PropertyValueSpecification\",\"valueRequired\":true,\"valueName\":\"search_term_string\"}}],\"inLanguage\":\"fr-FR\"}]}<\/script>\n<!-- \/ Yoast SEO plugin. -->","yoast_head_json":{"title":"Directives m\u00e9dicales de l'\u00c9tat de New York relatives \u00e0 l'acupuncture pour les blessures au genou chez les travailleurs indemnis\u00e9s | Best Hip &amp; Knee Surgeon | NY, USA","description":"Les directives fournies par la commission des accidents du travail de l'\u00c9tat de New York proposent des principes g\u00e9n\u00e9raux pour l'utilisation de","robots":{"index":"index","follow":"follow","max-snippet":"max-snippet:-1","max-image-preview":"max-image-preview:large","max-video-preview":"max-video-preview:-1"},"canonical":"https:\/\/www.newyorkhipknee.com\/fr\/indemnisation-des-travailleurs\/lignes-directrices-pour-les-traitements-medicaux-mtg\/blessure-au-genou\/directives-medicales-de-letat-de-new-york-pour-les-procedures-therapeutiques-non-operatoires-chez-les-patients-beneficiant-dune-indemnisation-pour-accident-du-travail\/directives-medicales-de-letat-de-new-york-relatives-a-lacupuncture-pour-les-blessures-au-genou-chez-les-travailleurs-indemnises\/","og_locale":"fr_FR","og_type":"article","og_title":"Directives m\u00e9dicales de l'\u00c9tat de New York relatives \u00e0 l'acupuncture pour les blessures au genou chez les travailleurs indemnis\u00e9s | Best Hip &amp; Knee Surgeon | NY, USA","og_description":"Les directives fournies par la commission des accidents du travail de l'\u00c9tat de New York proposent des principes g\u00e9n\u00e9raux pour l'utilisation de","og_url":"https:\/\/www.newyorkhipknee.com\/fr\/indemnisation-des-travailleurs\/lignes-directrices-pour-les-traitements-medicaux-mtg\/blessure-au-genou\/directives-medicales-de-letat-de-new-york-pour-les-procedures-therapeutiques-non-operatoires-chez-les-patients-beneficiant-dune-indemnisation-pour-accident-du-travail\/directives-medicales-de-letat-de-new-york-relatives-a-lacupuncture-pour-les-blessures-au-genou-chez-les-travailleurs-indemnises\/","og_site_name":"Best Hip &amp; Knee Surgeon | NY, USA","article_modified_time":"2024-01-30T17:03:44+00:00","twitter_card":"summary_large_image","twitter_misc":{"Dur\u00e9e de lecture estim\u00e9e":"2 minutes"},"schema":{"@context":"https:\/\/schema.org","@graph":[{"@type":["WebPage","MedicalWebPage"],"@id":"https:\/\/www.newyorkhipknee.com\/fr\/indemnisation-des-travailleurs\/lignes-directrices-pour-les-traitements-medicaux-mtg\/blessure-au-genou\/directives-medicales-de-letat-de-new-york-pour-les-procedures-therapeutiques-non-operatoires-chez-les-patients-beneficiant-dune-indemnisation-pour-accident-du-travail\/directives-medicales-de-letat-de-new-york-relatives-a-lacupuncture-pour-les-blessures-au-genou-chez-les-travailleurs-indemnises\/","url":"https:\/\/www.newyorkhipknee.com\/fr\/indemnisation-des-travailleurs\/lignes-directrices-pour-les-traitements-medicaux-mtg\/blessure-au-genou\/directives-medicales-de-letat-de-new-york-pour-les-procedures-therapeutiques-non-operatoires-chez-les-patients-beneficiant-dune-indemnisation-pour-accident-du-travail\/directives-medicales-de-letat-de-new-york-relatives-a-lacupuncture-pour-les-blessures-au-genou-chez-les-travailleurs-indemnises\/","name":"Directives m\u00e9dicales de l'\u00c9tat de New York relatives \u00e0 l'acupuncture pour les blessures au genou chez les travailleurs indemnis\u00e9s | Best Hip &amp; Knee Surgeon | NY, USA","isPartOf":{"@id":"https:\/\/www.newyorkhipknee.com\/fr\/#website"},"datePublished":"2024-01-29T22:26:03+00:00","dateModified":"2024-01-30T17:03:44+00:00","description":"Les directives fournies par la commission des accidents du travail de l'\u00c9tat de New York proposent des principes g\u00e9n\u00e9raux pour l'utilisation de","breadcrumb":{"@id":"https:\/\/www.newyorkhipknee.com\/fr\/indemnisation-des-travailleurs\/lignes-directrices-pour-les-traitements-medicaux-mtg\/blessure-au-genou\/directives-medicales-de-letat-de-new-york-pour-les-procedures-therapeutiques-non-operatoires-chez-les-patients-beneficiant-dune-indemnisation-pour-accident-du-travail\/directives-medicales-de-letat-de-new-york-relatives-a-lacupuncture-pour-les-blessures-au-genou-chez-les-travailleurs-indemnises\/#breadcrumb"},"inLanguage":"fr-FR","potentialAction":[{"@type":"ReadAction","target":["https:\/\/www.newyorkhipknee.com\/fr\/indemnisation-des-travailleurs\/lignes-directrices-pour-les-traitements-medicaux-mtg\/blessure-au-genou\/directives-medicales-de-letat-de-new-york-pour-les-procedures-therapeutiques-non-operatoires-chez-les-patients-beneficiant-dune-indemnisation-pour-accident-du-travail\/directives-medicales-de-letat-de-new-york-relatives-a-lacupuncture-pour-les-blessures-au-genou-chez-les-travailleurs-indemnises\/"]}]},{"@type":"BreadcrumbList","@id":"https:\/\/www.newyorkhipknee.com\/fr\/indemnisation-des-travailleurs\/lignes-directrices-pour-les-traitements-medicaux-mtg\/blessure-au-genou\/directives-medicales-de-letat-de-new-york-pour-les-procedures-therapeutiques-non-operatoires-chez-les-patients-beneficiant-dune-indemnisation-pour-accident-du-travail\/directives-medicales-de-letat-de-new-york-relatives-a-lacupuncture-pour-les-blessures-au-genou-chez-les-travailleurs-indemnises\/#breadcrumb","itemListElement":[{"@type":"ListItem","position":1,"name":"Home","item":"https:\/\/www.newyorkhipknee.com\/fr\/"},{"@type":"ListItem","position":2,"name":"Indemnisation des travailleurs","item":"https:\/\/www.newyorkhipknee.com\/fr\/indemnisation-des-travailleurs\/"},{"@type":"ListItem","position":3,"name":"Lignes directrices pour les traitements m\u00e9dicaux (MTG)","item":"https:\/\/www.newyorkhipknee.com\/fr\/indemnisation-des-travailleurs\/lignes-directrices-pour-les-traitements-medicaux-mtg\/"},{"@type":"ListItem","position":4,"name":"Directives de traitement m\u00e9dical de l&rsquo;\u00c9tat de New York pour les l\u00e9sions du genou chez les travailleurs indemnis\u00e9s","item":"https:\/\/www.newyorkhipknee.com\/fr\/indemnisation-des-travailleurs\/lignes-directrices-pour-les-traitements-medicaux-mtg\/blessure-au-genou\/"},{"@type":"ListItem","position":5,"name":"Directives m\u00e9dicales de l&rsquo;\u00c9tat de New York pour les proc\u00e9dures th\u00e9rapeutiques : Non-op\u00e9ratoires chez les patients b\u00e9n\u00e9ficiant d&rsquo;une indemnisation pour accident du travail","item":"https:\/\/www.newyorkhipknee.com\/fr\/indemnisation-des-travailleurs\/lignes-directrices-pour-les-traitements-medicaux-mtg\/blessure-au-genou\/directives-medicales-de-letat-de-new-york-pour-les-procedures-therapeutiques-non-operatoires-chez-les-patients-beneficiant-dune-indemnisation-pour-accident-du-travail\/"},{"@type":"ListItem","position":6,"name":"Directives m\u00e9dicales de l&rsquo;\u00c9tat de New York relatives \u00e0 l&rsquo;acupuncture pour les blessures au genou chez les travailleurs indemnis\u00e9s"}]},{"@type":"WebSite","@id":"https:\/\/www.newyorkhipknee.com\/fr\/#website","url":"https:\/\/www.newyorkhipknee.com\/fr\/","name":"Best Hip & Knee Surgeon | NY, USA","description":"","potentialAction":[{"@type":"SearchAction","target":{"@type":"EntryPoint","urlTemplate":"https:\/\/www.newyorkhipknee.com\/fr\/?s={search_term_string}"},"query-input":{"@type":"PropertyValueSpecification","valueRequired":true,"valueName":"search_term_string"}}],"inLanguage":"fr-FR"}]}},"_links":{"self":[{"href":"https:\/\/www.newyorkhipknee.com\/fr\/wp-json\/wp\/v2\/pages\/22828","targetHints":{"allow":["GET"]}}],"collection":[{"href":"https:\/\/www.newyorkhipknee.com\/fr\/wp-json\/wp\/v2\/pages"}],"about":[{"href":"https:\/\/www.newyorkhipknee.com\/fr\/wp-json\/wp\/v2\/types\/page"}],"author":[{"embeddable":true,"href":"https:\/\/www.newyorkhipknee.com\/fr\/wp-json\/wp\/v2\/users\/33"}],"replies":[{"embeddable":true,"href":"https:\/\/www.newyorkhipknee.com\/fr\/wp-json\/wp\/v2\/comments?post=22828"}],"version-history":[{"count":0,"href":"https:\/\/www.newyorkhipknee.com\/fr\/wp-json\/wp\/v2\/pages\/22828\/revisions"}],"up":[{"embeddable":true,"href":"https:\/\/www.newyorkhipknee.com\/fr\/wp-json\/wp\/v2\/pages\/22894"}],"wp:attachment":[{"href":"https:\/\/www.newyorkhipknee.com\/fr\/wp-json\/wp\/v2\/media?parent=22828"}],"curies":[{"name":"wp","href":"https:\/\/api.w.org\/{rel}","templated":true}]}}