{"id":23414,"date":"2024-02-08T15:10:44","date_gmt":"2024-02-08T20:10:44","guid":{"rendered":"https:\/\/newyorkhipknee.com\/directives-de-traitement-medical-de-letat-de-new-york-pour-levaluation-et-lintervention-psychologiques-chez-les-patients-victimes-daccidents-du-travail\/"},"modified":"2024-02-20T07:55:44","modified_gmt":"2024-02-20T12:55:44","slug":"directives-de-traitement-medical-de-letat-de-new-york-pour-levaluation-et-lintervention-psychologiques-chez-les-patients-victimes-daccidents-du-travail","status":"publish","type":"page","link":"https:\/\/www.newyorkhipknee.com\/fr\/indemnisation-des-travailleurs\/lignes-directrices-pour-les-traitements-medicaux-mtg\/directives-de-traitement-medical-de-letat-de-new-york-pour-les-douleurs-non-aigues-chez-les-travailleurs-indemnises\/directives-de-traitement-medical-de-letat-de-new-york-pour-levaluation-et-lintervention-psychologiques-chez-les-patients-victimes-daccidents-du-travail\/","title":{"rendered":"Directives de traitement m\u00e9dical de l&rsquo;\u00c9tat de New York pour l&rsquo;\u00e9valuation et l&rsquo;intervention psychologiques chez les patients victimes d&rsquo;accidents du travail"},"content":{"rendered":"<div class=\"flex-1 overflow-hidden\">\n<div class=\"react-scroll-to-bottom--css-amefx-79elbk h-full\">\n<div class=\"react-scroll-to-bottom--css-amefx-1n7m0yu\">\n<div class=\"flex flex-col pb-9 text-sm\">\n<div class=\"w-full text-token-text-primary\" data-testid=\"conversation-turn-69\">\n<div class=\"px-4 py-2 justify-center text-base md:gap-6 m-auto\">\n<div class=\"flex flex-1 text-base mx-auto gap-3 md:px-5 lg:px-1 xl:px-5 md:max-w-3xl lg:max-w-[40rem] xl:max-w-[48rem] group final-completion\">\n<div class=\"relative flex w-full flex-col lg:w-[calc(100%-115px)] agent-turn\">\n<div class=\"flex-col gap-1 md:gap-3\">\n<div class=\"flex flex-grow flex-col max-w-full\">\n<div class=\"min-h-[20px] text-message flex flex-col items-start gap-3 whitespace-pre-wrap break-words [.text-message+&amp;]:mt-5 overflow-x-auto\" data-message-author-role=\"assistant\" data-message-id=\"1dd4d963-19a6-4ced-ab9c-072b58737e1e\">\n<div class=\"markdown prose w-full break-words dark:prose-invert dark\">\n<p>Les lignes directrices pr\u00e9sent\u00e9es par la commission des accidents du travail de l&rsquo;\u00c9tat de New York fournissent des principes fondamentaux pour l&rsquo;\u00e9valuation et l&rsquo;intervention psychologiques dans les cas de douleur non aigu\u00eb. Ces directives sont con\u00e7ues pour aider les professionnels de la sant\u00e9 mentale \u00e0 identifier les m\u00e9thodes appropri\u00e9es d&rsquo;\u00e9valuation et de traitement des probl\u00e8mes <a href=\"https:\/\/www.cortho.org\/workers-compensation\/mtg\/complex-regional-pain\/psychological-evaluation\/\" target=\"_blank\" rel=\"noopener\">psychologiques<\/a>dans le cadre d&rsquo;une prise en charge globale.<\/p>\n<p>Les professionnels de la sant\u00e9 mentale sp\u00e9cialis\u00e9s dans l&rsquo;\u00e9valuation et l&rsquo;intervention psychologiques peuvent s&rsquo;appuyer sur les orientations d\u00e9finies par la Commission des accidents du travail pour prendre des d\u00e9cisions \u00e9clair\u00e9es sur les approches les plus appropri\u00e9es pour leurs clients.<\/p>\n<p>Il est important de souligner que ces lignes directrices ne sont pas destin\u00e9es \u00e0 remplacer le jugement clinique ou l&rsquo;expertise professionnelle. Le processus d&rsquo;\u00e9valuation et d&rsquo;intervention psychologiques doit impliquer une collaboration entre le professionnel de la sant\u00e9 mentale et le client, en tenant compte des circonstances et des besoins individuels.<\/p>\n<h3><a href=\"https:\/\/www.cortho.org\/workers-compensation\/mtg\/non-acute-pain\/personality-psychological-psychosocial-clinical-evaluation\/\" target=\"_blank\" rel=\"noopener\"><strong>L&rsquo;\u00e9valuation<\/strong><\/a><\/h3>\n<ul>\n<li>Les patients qui ne progressent pas comme pr\u00e9vu apr\u00e8s une blessure peuvent b\u00e9n\u00e9ficier d&rsquo;une \u00e9valuation psychologique ou psychosociale formelle afin d&rsquo;identifier les obstacles \u00e0 la gu\u00e9rison.<\/li>\n<li>Une \u00e9valuation psychologique approfondie peut aider \u00e0 identifier les facteurs de risque psychiatriques comorbides (par exemple, psychose, suicidalit\u00e9 active) et les facteurs de risque secondaires (par exemple, insatisfaction au travail), et \u00e0 orienter les patients en cons\u00e9quence.<\/li>\n<li>L&rsquo;\u00e9valuation continue des obstacles potentiels au r\u00e9tablissement, tels que les probl\u00e8mes psychologiques ou les signaux d&rsquo;alerte, doit \u00eatre int\u00e9gr\u00e9e tout au long des soins prodigu\u00e9s au patient.<\/li>\n<li>Les enseignements tir\u00e9s de ces \u00e9valuations peuvent permettre aux cliniciens de mieux comprendre le patient, ce qui facilite l&rsquo;\u00e9laboration de plans de traitement et de strat\u00e9gies de r\u00e9adaptation plus efficaces.<\/li>\n<li>Les tests psychom\u00e9triques, lorsqu&rsquo;ils sont n\u00e9cessaires, peuvent \u00eatre un outil pr\u00e9cieux pour \u00e9valuer les troubles mentaux, les douleurs, les fonctions cognitives et la motivation, ainsi que pour aider au traitement et \u00e0 la planification professionnelle.<\/li>\n<li>Certains de ces tests sont disponibles en plusieurs langues et sont con\u00e7us pour un niveau de lecture de 6e ann\u00e9e, mais il est pr\u00e9f\u00e9rable que le prestataire parle couramment la langue primaire du patient. Si n\u00e9cessaire, il convient de faire appel \u00e0 des interpr\u00e8tes professionnels.<\/li>\n<li>Les tests comportant des \u00e9chelles de validit\u00e9, comme le MMPI, sont particuli\u00e8rement utiles lorsqu&rsquo;il s&rsquo;agit d&rsquo;examiner les probl\u00e8mes potentiels de gain secondaire ou l&rsquo;exactitude de la pr\u00e9sentation de la maladie.<\/li>\n<\/ul>\n<p>&nbsp;<\/p>\n<h3><strong>Intervention<\/strong><\/h3>\n<ul>\n<li>L&rsquo;int\u00e9gration d&rsquo;un traitement psychosocial d\u00e8s le d\u00e9but de la prise en charge de la douleur non aigu\u00eb est cruciale une fois que le probl\u00e8me est identifi\u00e9.<\/li>\n<li>Les interventions psychosociales, y compris le traitement psychoth\u00e9rapeutique et la th\u00e9rapie cognitivo-comportementale comme le biofeedback et l&rsquo;entra\u00eenement \u00e0 la relaxation, peuvent \u00eatre efficaces.<\/li>\n<li>Ces interventions devraient \u00eatre ax\u00e9es sur l&rsquo;am\u00e9lioration des m\u00e9canismes d&rsquo;adaptation du patient, des capacit\u00e9s d&rsquo;adaptation, de l&rsquo;autogestion, de l&rsquo;efficacit\u00e9 personnelle et de la r\u00e9duction de l&rsquo;invalidit\u00e9.<\/li>\n<li>Les cadres de traitement peuvent varier, allant de mod\u00e8les individualis\u00e9s \u00e0 des programmes multidisciplinaires ou interdisciplinaires de gestion de la douleur.<\/li>\n<li>Le m\u00e9decin traitant ou le psychiatre peut prescrire des m\u00e9dicaments pour traiter les troubles diagnostiqu\u00e9s.<\/li>\n<li>La prescription syst\u00e9matique de m\u00e9dicaments s\u00e9datifs ou hypnotiques doit \u00eatre report\u00e9e jusqu&rsquo;\u00e0 ce qu&rsquo;une \u00e9valuation et un diagnostic psychiatriques aient \u00e9t\u00e9 effectu\u00e9s, le cas \u00e9ch\u00e9ant.<\/li>\n<li>Toutes les interventions psychologiques ou psychiatriques doivent \u00eatre accompagn\u00e9es d&rsquo;une \u00e9valuation approfondie et d&rsquo;un plan de traitement comportant des objectifs comportementaux clairs, des d\u00e9lais et des interventions sp\u00e9cifiques.<\/li>\n<\/ul>\n<\/div>\n<\/div>\n<\/div>\n<div class=\"mt-1 flex justify-start gap-3 empty:hidden\">\n<div class=\"text-gray-400 flex self-end lg:self-center justify-center lg:justify-start mt-0 -ml-1 visible\">\n<p>&nbsp;<\/p>\n<div class=\"flex items-center gap-1.5 text-xs\"><\/div>\n<div class=\"flex\"><\/div>\n<\/div>\n<\/div>\n<\/div>\n<\/div>\n<\/div>\n<\/div>\n<\/div>\n<\/div>\n<\/div>\n<\/div>\n<\/div>\n<div class=\"w-full pt-2 md:pt-0 dark:border-white\/20 md:border-transparent md:dark:border-transparent md:w-[calc(100%-.5rem)]\">\n<form class=\"stretch mx-2 flex flex-row gap-3 last:mb-2 md:mx-4 md:last:mb-6 lg:mx-auto lg:max-w-2xl xl:max-w-3xl\">\n<div class=\"relative flex h-full flex-1 items-stretch md:flex-col\">\n<div class=\"flex w-full items-center\">\n<div class=\"overflow-hidden [&amp;:has(textarea:focus)]:border-token-border-xheavy [&amp;:has(textarea:focus)]:shadow-[0_2px_6px_rgba(0,0,0,.05)] flex flex-col w-full dark:border-token-border-heavy flex-grow relative border border-token-border-heavy dark:text-white rounded-2xl bg-token-main-surface-primary\">\n<div data-grammarly-part=\"button\">\n<div>\n<div>\n<div class=\"amkYk\">\n<div>\n<div class=\"ptGJG\"><\/div>\n<\/div>\n<\/div>\n<\/div>\n<\/div>\n<\/div>\n<\/div>\n<\/div>\n<\/div>\n<\/form>\n<\/div>\n","protected":false},"excerpt":{"rendered":"<p>Les lignes directrices pr\u00e9sent\u00e9es par la commission des accidents du travail de l&rsquo;\u00c9tat de New York fournissent des principes fondamentaux pour l&rsquo;\u00e9valuation et l&rsquo;intervention psychologiques dans les cas de douleur non aigu\u00eb. Ces directives sont con\u00e7ues pour aider les professionnels de la sant\u00e9 mentale \u00e0 identifier les m\u00e9thodes appropri\u00e9es d&rsquo;\u00e9valuation et de traitement des probl\u00e8mes [&hellip;]<\/p>\n","protected":false},"author":33,"featured_media":0,"parent":23458,"menu_order":0,"comment_status":"closed","ping_status":"closed","template":"","meta":{"_et_pb_use_builder":"","_et_pb_old_content":"","_et_gb_content_width":"","footnotes":""},"class_list":["post-23414","page","type-page","status-publish","hentry"],"yoast_head":"<!-- This site is optimized with the Yoast SEO plugin v27.2 - https:\/\/yoast.com\/product\/yoast-seo-wordpress\/ -->\n<title>Directives de traitement m\u00e9dical de l&#039;\u00c9tat de New York pour l&#039;\u00e9valuation et l&#039;intervention psychologiques chez les patients victimes d&#039;accidents du travail | Best Hip &amp; Knee Surgeon | NY, USA<\/title>\n<meta name=\"description\" content=\"Les lignes directrices pr\u00e9sent\u00e9es par la commission des accidents du travail de l&#039;\u00c9tat de New York fournissent des principes fondamentaux pour\" \/>\n<meta name=\"robots\" content=\"index, follow, max-snippet:-1, max-image-preview:large, max-video-preview:-1\" \/>\n<link rel=\"canonical\" href=\"https:\/\/www.newyorkhipknee.com\/fr\/indemnisation-des-travailleurs\/lignes-directrices-pour-les-traitements-medicaux-mtg\/directives-de-traitement-medical-de-letat-de-new-york-pour-les-douleurs-non-aigues-chez-les-travailleurs-indemnises\/directives-de-traitement-medical-de-letat-de-new-york-pour-levaluation-et-lintervention-psychologiques-chez-les-patients-victimes-daccidents-du-travail\/\" \/>\n<meta property=\"og:locale\" content=\"fr_FR\" \/>\n<meta property=\"og:type\" content=\"article\" \/>\n<meta property=\"og:title\" content=\"Directives de traitement m\u00e9dical de l&#039;\u00c9tat de New York pour l&#039;\u00e9valuation et l&#039;intervention psychologiques chez les patients victimes d&#039;accidents du travail | Best Hip &amp; Knee Surgeon | NY, USA\" \/>\n<meta property=\"og:description\" content=\"Les lignes directrices pr\u00e9sent\u00e9es par la commission des accidents du travail de l&#039;\u00c9tat de New York fournissent des principes fondamentaux pour\" \/>\n<meta property=\"og:url\" content=\"https:\/\/www.newyorkhipknee.com\/fr\/indemnisation-des-travailleurs\/lignes-directrices-pour-les-traitements-medicaux-mtg\/directives-de-traitement-medical-de-letat-de-new-york-pour-les-douleurs-non-aigues-chez-les-travailleurs-indemnises\/directives-de-traitement-medical-de-letat-de-new-york-pour-levaluation-et-lintervention-psychologiques-chez-les-patients-victimes-daccidents-du-travail\/\" \/>\n<meta property=\"og:site_name\" content=\"Best Hip &amp; Knee Surgeon | NY, USA\" \/>\n<meta property=\"article:modified_time\" content=\"2024-02-20T12:55:44+00:00\" \/>\n<meta name=\"twitter:card\" content=\"summary_large_image\" \/>\n<meta name=\"twitter:label1\" content=\"Dur\u00e9e de lecture estim\u00e9e\" \/>\n\t<meta name=\"twitter:data1\" content=\"3 minutes\" \/>\n<script type=\"application\/ld+json\" class=\"yoast-schema-graph\">{\"@context\":\"https:\/\/schema.org\",\"@graph\":[{\"@type\":[\"WebPage\",\"MedicalWebPage\"],\"@id\":\"https:\/\/www.newyorkhipknee.com\/fr\/indemnisation-des-travailleurs\/lignes-directrices-pour-les-traitements-medicaux-mtg\/directives-de-traitement-medical-de-letat-de-new-york-pour-les-douleurs-non-aigues-chez-les-travailleurs-indemnises\/directives-de-traitement-medical-de-letat-de-new-york-pour-levaluation-et-lintervention-psychologiques-chez-les-patients-victimes-daccidents-du-travail\/\",\"url\":\"https:\/\/www.newyorkhipknee.com\/fr\/indemnisation-des-travailleurs\/lignes-directrices-pour-les-traitements-medicaux-mtg\/directives-de-traitement-medical-de-letat-de-new-york-pour-les-douleurs-non-aigues-chez-les-travailleurs-indemnises\/directives-de-traitement-medical-de-letat-de-new-york-pour-levaluation-et-lintervention-psychologiques-chez-les-patients-victimes-daccidents-du-travail\/\",\"name\":\"Directives de traitement m\u00e9dical de l'\u00c9tat de New York pour l'\u00e9valuation et l'intervention psychologiques chez les patients victimes d'accidents du travail | Best Hip &amp; Knee Surgeon | NY, USA\",\"isPartOf\":{\"@id\":\"https:\/\/www.newyorkhipknee.com\/fr\/#website\"},\"datePublished\":\"2024-02-08T20:10:44+00:00\",\"dateModified\":\"2024-02-20T12:55:44+00:00\",\"description\":\"Les lignes directrices pr\u00e9sent\u00e9es par la commission des accidents du travail de l'\u00c9tat de New York fournissent des principes fondamentaux pour\",\"breadcrumb\":{\"@id\":\"https:\/\/www.newyorkhipknee.com\/fr\/indemnisation-des-travailleurs\/lignes-directrices-pour-les-traitements-medicaux-mtg\/directives-de-traitement-medical-de-letat-de-new-york-pour-les-douleurs-non-aigues-chez-les-travailleurs-indemnises\/directives-de-traitement-medical-de-letat-de-new-york-pour-levaluation-et-lintervention-psychologiques-chez-les-patients-victimes-daccidents-du-travail\/#breadcrumb\"},\"inLanguage\":\"fr-FR\",\"potentialAction\":[{\"@type\":\"ReadAction\",\"target\":[\"https:\/\/www.newyorkhipknee.com\/fr\/indemnisation-des-travailleurs\/lignes-directrices-pour-les-traitements-medicaux-mtg\/directives-de-traitement-medical-de-letat-de-new-york-pour-les-douleurs-non-aigues-chez-les-travailleurs-indemnises\/directives-de-traitement-medical-de-letat-de-new-york-pour-levaluation-et-lintervention-psychologiques-chez-les-patients-victimes-daccidents-du-travail\/\"]}]},{\"@type\":\"BreadcrumbList\",\"@id\":\"https:\/\/www.newyorkhipknee.com\/fr\/indemnisation-des-travailleurs\/lignes-directrices-pour-les-traitements-medicaux-mtg\/directives-de-traitement-medical-de-letat-de-new-york-pour-les-douleurs-non-aigues-chez-les-travailleurs-indemnises\/directives-de-traitement-medical-de-letat-de-new-york-pour-levaluation-et-lintervention-psychologiques-chez-les-patients-victimes-daccidents-du-travail\/#breadcrumb\",\"itemListElement\":[{\"@type\":\"ListItem\",\"position\":1,\"name\":\"Home\",\"item\":\"https:\/\/www.newyorkhipknee.com\/fr\/\"},{\"@type\":\"ListItem\",\"position\":2,\"name\":\"Indemnisation des travailleurs\",\"item\":\"https:\/\/www.newyorkhipknee.com\/fr\/indemnisation-des-travailleurs\/\"},{\"@type\":\"ListItem\",\"position\":3,\"name\":\"Lignes directrices pour les traitements m\u00e9dicaux (MTG)\",\"item\":\"https:\/\/www.newyorkhipknee.com\/fr\/indemnisation-des-travailleurs\/lignes-directrices-pour-les-traitements-medicaux-mtg\/\"},{\"@type\":\"ListItem\",\"position\":4,\"name\":\"Directives de traitement m\u00e9dical de l&rsquo;\u00c9tat de New York pour les douleurs non aigu\u00ebs chez les travailleurs indemnis\u00e9s\",\"item\":\"https:\/\/www.newyorkhipknee.com\/fr\/indemnisation-des-travailleurs\/lignes-directrices-pour-les-traitements-medicaux-mtg\/directives-de-traitement-medical-de-letat-de-new-york-pour-les-douleurs-non-aigues-chez-les-travailleurs-indemnises\/\"},{\"@type\":\"ListItem\",\"position\":5,\"name\":\"Directives de traitement m\u00e9dical de l&rsquo;\u00c9tat de New York pour l&rsquo;\u00e9valuation et l&rsquo;intervention psychologiques chez les patients victimes d&rsquo;accidents du travail\"}]},{\"@type\":\"WebSite\",\"@id\":\"https:\/\/www.newyorkhipknee.com\/fr\/#website\",\"url\":\"https:\/\/www.newyorkhipknee.com\/fr\/\",\"name\":\"Best Hip & Knee Surgeon | NY, USA\",\"description\":\"\",\"potentialAction\":[{\"@type\":\"SearchAction\",\"target\":{\"@type\":\"EntryPoint\",\"urlTemplate\":\"https:\/\/www.newyorkhipknee.com\/fr\/?s={search_term_string}\"},\"query-input\":{\"@type\":\"PropertyValueSpecification\",\"valueRequired\":true,\"valueName\":\"search_term_string\"}}],\"inLanguage\":\"fr-FR\"}]}<\/script>\n<!-- \/ Yoast SEO plugin. -->","yoast_head_json":{"title":"Directives de traitement m\u00e9dical de l'\u00c9tat de New York pour l'\u00e9valuation et l'intervention psychologiques chez les patients victimes d'accidents du travail | Best Hip &amp; Knee Surgeon | NY, USA","description":"Les lignes directrices pr\u00e9sent\u00e9es par la commission des accidents du travail de l'\u00c9tat de New York fournissent des principes fondamentaux pour","robots":{"index":"index","follow":"follow","max-snippet":"max-snippet:-1","max-image-preview":"max-image-preview:large","max-video-preview":"max-video-preview:-1"},"canonical":"https:\/\/www.newyorkhipknee.com\/fr\/indemnisation-des-travailleurs\/lignes-directrices-pour-les-traitements-medicaux-mtg\/directives-de-traitement-medical-de-letat-de-new-york-pour-les-douleurs-non-aigues-chez-les-travailleurs-indemnises\/directives-de-traitement-medical-de-letat-de-new-york-pour-levaluation-et-lintervention-psychologiques-chez-les-patients-victimes-daccidents-du-travail\/","og_locale":"fr_FR","og_type":"article","og_title":"Directives de traitement m\u00e9dical de l'\u00c9tat de New York pour l'\u00e9valuation et l'intervention psychologiques chez les patients victimes d'accidents du travail | Best Hip &amp; Knee Surgeon | NY, USA","og_description":"Les lignes directrices pr\u00e9sent\u00e9es par la commission des accidents du travail de l'\u00c9tat de New York fournissent des principes fondamentaux pour","og_url":"https:\/\/www.newyorkhipknee.com\/fr\/indemnisation-des-travailleurs\/lignes-directrices-pour-les-traitements-medicaux-mtg\/directives-de-traitement-medical-de-letat-de-new-york-pour-les-douleurs-non-aigues-chez-les-travailleurs-indemnises\/directives-de-traitement-medical-de-letat-de-new-york-pour-levaluation-et-lintervention-psychologiques-chez-les-patients-victimes-daccidents-du-travail\/","og_site_name":"Best Hip &amp; Knee Surgeon | NY, USA","article_modified_time":"2024-02-20T12:55:44+00:00","twitter_card":"summary_large_image","twitter_misc":{"Dur\u00e9e de lecture estim\u00e9e":"3 minutes"},"schema":{"@context":"https:\/\/schema.org","@graph":[{"@type":["WebPage","MedicalWebPage"],"@id":"https:\/\/www.newyorkhipknee.com\/fr\/indemnisation-des-travailleurs\/lignes-directrices-pour-les-traitements-medicaux-mtg\/directives-de-traitement-medical-de-letat-de-new-york-pour-les-douleurs-non-aigues-chez-les-travailleurs-indemnises\/directives-de-traitement-medical-de-letat-de-new-york-pour-levaluation-et-lintervention-psychologiques-chez-les-patients-victimes-daccidents-du-travail\/","url":"https:\/\/www.newyorkhipknee.com\/fr\/indemnisation-des-travailleurs\/lignes-directrices-pour-les-traitements-medicaux-mtg\/directives-de-traitement-medical-de-letat-de-new-york-pour-les-douleurs-non-aigues-chez-les-travailleurs-indemnises\/directives-de-traitement-medical-de-letat-de-new-york-pour-levaluation-et-lintervention-psychologiques-chez-les-patients-victimes-daccidents-du-travail\/","name":"Directives de traitement m\u00e9dical de l'\u00c9tat de New York pour l'\u00e9valuation et l'intervention psychologiques chez les patients victimes d'accidents du travail | Best Hip &amp; Knee Surgeon | NY, USA","isPartOf":{"@id":"https:\/\/www.newyorkhipknee.com\/fr\/#website"},"datePublished":"2024-02-08T20:10:44+00:00","dateModified":"2024-02-20T12:55:44+00:00","description":"Les lignes directrices pr\u00e9sent\u00e9es par la commission des accidents du travail de l'\u00c9tat de New York fournissent des principes fondamentaux pour","breadcrumb":{"@id":"https:\/\/www.newyorkhipknee.com\/fr\/indemnisation-des-travailleurs\/lignes-directrices-pour-les-traitements-medicaux-mtg\/directives-de-traitement-medical-de-letat-de-new-york-pour-les-douleurs-non-aigues-chez-les-travailleurs-indemnises\/directives-de-traitement-medical-de-letat-de-new-york-pour-levaluation-et-lintervention-psychologiques-chez-les-patients-victimes-daccidents-du-travail\/#breadcrumb"},"inLanguage":"fr-FR","potentialAction":[{"@type":"ReadAction","target":["https:\/\/www.newyorkhipknee.com\/fr\/indemnisation-des-travailleurs\/lignes-directrices-pour-les-traitements-medicaux-mtg\/directives-de-traitement-medical-de-letat-de-new-york-pour-les-douleurs-non-aigues-chez-les-travailleurs-indemnises\/directives-de-traitement-medical-de-letat-de-new-york-pour-levaluation-et-lintervention-psychologiques-chez-les-patients-victimes-daccidents-du-travail\/"]}]},{"@type":"BreadcrumbList","@id":"https:\/\/www.newyorkhipknee.com\/fr\/indemnisation-des-travailleurs\/lignes-directrices-pour-les-traitements-medicaux-mtg\/directives-de-traitement-medical-de-letat-de-new-york-pour-les-douleurs-non-aigues-chez-les-travailleurs-indemnises\/directives-de-traitement-medical-de-letat-de-new-york-pour-levaluation-et-lintervention-psychologiques-chez-les-patients-victimes-daccidents-du-travail\/#breadcrumb","itemListElement":[{"@type":"ListItem","position":1,"name":"Home","item":"https:\/\/www.newyorkhipknee.com\/fr\/"},{"@type":"ListItem","position":2,"name":"Indemnisation des travailleurs","item":"https:\/\/www.newyorkhipknee.com\/fr\/indemnisation-des-travailleurs\/"},{"@type":"ListItem","position":3,"name":"Lignes directrices pour les traitements m\u00e9dicaux (MTG)","item":"https:\/\/www.newyorkhipknee.com\/fr\/indemnisation-des-travailleurs\/lignes-directrices-pour-les-traitements-medicaux-mtg\/"},{"@type":"ListItem","position":4,"name":"Directives de traitement m\u00e9dical de l&rsquo;\u00c9tat de New York pour les douleurs non aigu\u00ebs chez les travailleurs indemnis\u00e9s","item":"https:\/\/www.newyorkhipknee.com\/fr\/indemnisation-des-travailleurs\/lignes-directrices-pour-les-traitements-medicaux-mtg\/directives-de-traitement-medical-de-letat-de-new-york-pour-les-douleurs-non-aigues-chez-les-travailleurs-indemnises\/"},{"@type":"ListItem","position":5,"name":"Directives de traitement m\u00e9dical de l&rsquo;\u00c9tat de New York pour l&rsquo;\u00e9valuation et l&rsquo;intervention psychologiques chez les patients victimes d&rsquo;accidents du travail"}]},{"@type":"WebSite","@id":"https:\/\/www.newyorkhipknee.com\/fr\/#website","url":"https:\/\/www.newyorkhipknee.com\/fr\/","name":"Best Hip & Knee Surgeon | NY, USA","description":"","potentialAction":[{"@type":"SearchAction","target":{"@type":"EntryPoint","urlTemplate":"https:\/\/www.newyorkhipknee.com\/fr\/?s={search_term_string}"},"query-input":{"@type":"PropertyValueSpecification","valueRequired":true,"valueName":"search_term_string"}}],"inLanguage":"fr-FR"}]}},"_links":{"self":[{"href":"https:\/\/www.newyorkhipknee.com\/fr\/wp-json\/wp\/v2\/pages\/23414","targetHints":{"allow":["GET"]}}],"collection":[{"href":"https:\/\/www.newyorkhipknee.com\/fr\/wp-json\/wp\/v2\/pages"}],"about":[{"href":"https:\/\/www.newyorkhipknee.com\/fr\/wp-json\/wp\/v2\/types\/page"}],"author":[{"embeddable":true,"href":"https:\/\/www.newyorkhipknee.com\/fr\/wp-json\/wp\/v2\/users\/33"}],"replies":[{"embeddable":true,"href":"https:\/\/www.newyorkhipknee.com\/fr\/wp-json\/wp\/v2\/comments?post=23414"}],"version-history":[{"count":0,"href":"https:\/\/www.newyorkhipknee.com\/fr\/wp-json\/wp\/v2\/pages\/23414\/revisions"}],"up":[{"embeddable":true,"href":"https:\/\/www.newyorkhipknee.com\/fr\/wp-json\/wp\/v2\/pages\/23458"}],"wp:attachment":[{"href":"https:\/\/www.newyorkhipknee.com\/fr\/wp-json\/wp\/v2\/media?parent=23414"}],"curies":[{"name":"wp","href":"https:\/\/api.w.org\/{rel}","templated":true}]}}