{"id":23424,"date":"2024-02-02T15:36:36","date_gmt":"2024-02-02T20:36:36","guid":{"rendered":"https:\/\/newyorkhipknee.com\/directives-de-traitement-medical-de-letat-de-new-york-pour-les-fractures-de-la-phalange-distale-et-lhematome-sous-ungueal-chez-les-travailleurs-indemnises\/"},"modified":"2024-02-02T15:36:36","modified_gmt":"2024-02-02T20:36:36","slug":"directives-de-traitement-medical-de-letat-de-new-york-pour-les-fractures-de-la-phalange-distale-et-lhematome-sous-ungueal-chez-les-travailleurs-indemnises","status":"publish","type":"page","link":"https:\/\/www.newyorkhipknee.com\/fr\/directives-de-traitement-medical-de-letat-de-new-york-pour-les-fractures-de-la-phalange-distale-et-lhematome-sous-ungueal-chez-les-travailleurs-indemnises\/","title":{"rendered":"Directives de traitement m\u00e9dical de l&rsquo;\u00c9tat de New York pour les fractures de la phalange distale et l&rsquo;h\u00e9matome sous-ungu\u00e9al chez les travailleurs indemnis\u00e9s"},"content":{"rendered":"<p>Les lignes directrices fournies par la Commission des accidents du travail de l&rsquo;\u00c9tat de New York pr\u00e9sentent des principes fondamentaux pour traiter les fractures de la phalange distale et les h\u00e9matomes sous-ungu\u00e9aux. Ces directives sont con\u00e7ues pour aider les professionnels de la sant\u00e9 \u00e0 identifier les approches th\u00e9rapeutiques appropri\u00e9es dans le cadre d&rsquo;une \u00e9valuation compl\u00e8te.<\/p>\n<p>Les professionnels de la sant\u00e9 sp\u00e9cialis\u00e9s dans la prise en charge des fractures de la phalange distale et des h\u00e9matomes sous-ungu\u00e9aux peuvent s&rsquo;appuyer sur les orientations d\u00e9finies par la Commission des accidents du travail pour prendre des d\u00e9cisions \u00e9clair\u00e9es sur les m\u00e9thodes th\u00e9rapeutiques les plus adapt\u00e9es \u00e0 leurs patients.<\/p>\n<p>Il est essentiel de souligner que ces lignes directrices ne sont pas destin\u00e9es \u00e0 remplacer le jugement clinique ou l&rsquo;expertise professionnelle. La d\u00e9cision finale concernant la prise en charge des fractures de la phalange distale et de l&rsquo;h\u00e9matome sous-ungu\u00e9al doit faire l&rsquo;objet d&rsquo;une collaboration entre le patient et son prestataire de soins.<\/p>\n<h2><a href=\"https:\/\/www.cortho.org\/workers-compensation\/mtg\/hand-wrist-and-forearm-injuries\/middle-and-proximal-phalangeal-and-metacarpal-fractures\/\" target=\"_blank\" rel=\"noopener\"><strong>Fractures du bout du doigt ou de la phalange distale<\/strong><\/a><\/h2>\n<p>Fr\u00e9quemment identifi\u00e9es comme les fractures de la main les plus courantes, les fractures de l&rsquo;extr\u00e9mit\u00e9 du doigt ou de la phalange distale, dont la touffe est la plus r\u00e9pandue, sont souvent le r\u00e9sultat de blessures par \u00e9crasement. Ces l\u00e9sions, qui surviennent g\u00e9n\u00e9ralement en milieu professionnel, entra\u00eenent des fractures comminutives ou transversales et s&rsquo;accompagnent souvent de lac\u00e9rations du lit de l&rsquo;ongle et d&rsquo;h\u00e9matomes sous-ungu\u00e9aux.<\/p>\n<p>Gr\u00e2ce au soutien des tissus mous des septums fibreux et de la plaque ungu\u00e9ale, les fractures de la touffe sont g\u00e9n\u00e9ralement stables et gu\u00e9rissent sans complications. Cependant, les fractures par \u00e9crasement ou avulsion impliquant la base proximale de la phalange distale peuvent \u00e9galement affecter les tendons fl\u00e9chisseurs ou extenseurs, ce qui n\u00e9cessite une intervention chirurgicale.<\/p>\n<p>Une autre blessure fr\u00e9quente est la fracture en maillet ou doigt en maillet, une fracture-luxation de la phalange distale entra\u00eenant la perte de continuit\u00e9 du tendon extenseur sur l&rsquo;articulation interphalangienne distale. L&rsquo;h\u00e9matome sous-ungu\u00e9al, qui se traduit par du sang pi\u00e9g\u00e9 sous l&rsquo;ongle \u00e0 la suite d&rsquo;un traumatisme, est un autre probl\u00e8me important.<\/p>\n<p>&nbsp;<\/p>\n<h3><strong>\u00c9tudes de diagnostic<\/strong><\/h3>\n<p><strong><em>Rayons X<\/em><\/strong><\/p>\n<p>Recommand\u00e9 pour le diagnostic des fractures de la touffe. En g\u00e9n\u00e9ral, une seule radiographie suffit et les radiographies de contr\u00f4le sont rarement n\u00e9cessaires, sauf en cas de cicatrisation compliqu\u00e9e.<\/p>\n<p><strong><em>IRM \/ CT \/ Ultrasons \/ Scintigraphie osseuse<\/em><\/strong><\/p>\n<p>Non recommand\u00e9 pour le diagnostic des fractures de la touffe. Il n&rsquo;y a pas suffisamment de preuves \u00e0 l&rsquo;appui de l&rsquo;utilisation de l&rsquo;IRM, de la tomodensitom\u00e9trie, de l&rsquo;\u00e9chographie ou de la scintigraphie osseuse pour diagnostiquer les fractures de la houppe.<\/p>\n<p>&nbsp;<\/p>\n<h3><strong>M\u00e9dicaments<\/strong><\/h3>\n<p>Pour la plupart des patients, l&rsquo;ibuprof\u00e8ne, le naprox\u00e8ne ou d&rsquo;autres AINS d&rsquo;ancienne g\u00e9n\u00e9ration sont recommand\u00e9s comme m\u00e9dicaments de premi\u00e8re intention. L&rsquo;ac\u00e9taminoph\u00e8ne peut \u00eatre une alternative raisonnable pour les patients qui ne peuvent pas prendre d&rsquo;AINS, bien que les preuves sugg\u00e8rent qu&rsquo;il est l\u00e9g\u00e8rement moins efficace.<\/p>\n<p><strong><em>AINS pour le traitement de la douleur aigu\u00eb, subaigu\u00eb ou chronique des fractures de la houppe<\/em><\/strong><\/p>\n<p>Recommand\u00e9 pour traiter la douleur associ\u00e9e aux fractures de la touffe. Les m\u00e9dicaments en vente libre peuvent \u00eatre essay\u00e9s en premier lieu, et les AINS peuvent \u00eatre utilis\u00e9s en cas de besoin pour de nombreux patients.<\/p>\n<p><strong><em>AINS pour les patients pr\u00e9sentant un risque \u00e9lev\u00e9 d&rsquo;h\u00e9morragie gastro-intestinale<\/em><\/strong><\/p>\n<p>Recommand\u00e9 pour l&rsquo;utilisation concomitante de m\u00e9dicaments cytoprotecteurs chez les patients pr\u00e9sentant un risque \u00e9lev\u00e9 d&rsquo;h\u00e9morragie gastro-intestinale.<\/p>\n<p><strong><em>AINS pour les patients pr\u00e9sentant un risque d&rsquo;effets ind\u00e9sirables cardiovasculaires<\/em><\/strong><\/p>\n<p>recommande aux patients pr\u00e9sentant une maladie cardiovasculaire connue ou plusieurs facteurs de risque de maladie cardiovasculaire de discuter des risques et des avantages d&rsquo;un traitement par AINS en cas de douleur. L&rsquo;ac\u00e9taminoph\u00e8ne ou l&rsquo;aspirine sont consid\u00e9r\u00e9s comme plus s\u00fbrs en ce qui concerne les effets ind\u00e9sirables cardiovasculaires.<\/p>\n<p><strong><em>Ac\u00e9taminoph\u00e8ne pour le traitement de la douleur li\u00e9e aux fractures de la houppe<\/em><\/strong><\/p>\n<p>Recommand\u00e9 pour le traitement de la douleur associ\u00e9e aux fractures de la houppe, en particulier chez les patients pr\u00e9sentant des contre-indications aux AINS.<\/p>\n<p><a href=\"https:\/\/newyorkhipknee.com\/workers-comp\/mtg\/non-acute-pain\/opioids-for-non-acute-pain\/\" target=\"_blank\" rel=\"noopener\"><strong><em>Opio\u00efdes<\/em><\/strong><\/a><\/p>\n<p>Recommand\u00e9 pour un usage limit\u00e9 (moins de sept jours) dans le traitement de la douleur aigu\u00eb et post-op\u00e9ratoire en tant que th\u00e9rapie d&rsquo;appoint. Les opio\u00efdes peuvent \u00eatre prescrits en fonction des besoins tout au long de la journ\u00e9e, en mettant l&rsquo;accent sur la consommation nocturne, avant d&rsquo;\u00eatre progressivement r\u00e9duits.<\/p>\n<p><strong><em>Prophylaxie antibiotique<\/em><\/strong><\/p>\n<p>Non recommand\u00e9 pour la prophylaxie antibiotique post-tremplin pour les fractures ouvertes. Il n&rsquo;y a pas suffisamment de preuves pour justifier l&rsquo;utilisation d&rsquo;une prophylaxie antibiotique pour les fractures ouvertes apr\u00e8s tr\u00e9panation.<\/p>\n<p><strong><em>Vaccination contre le t\u00e9tanos<\/em><\/strong><\/p>\n<p>Il est recommand\u00e9 de mettre \u00e0 jour le statut de l&rsquo;immunisation contre le t\u00e9tanos si n\u00e9cessaire. La vaccination antit\u00e9tanique est indiqu\u00e9e pour les plaies qui ne sont pas propres ou les br\u00fblures si plus de cinq ans se sont \u00e9coul\u00e9s depuis la derni\u00e8re vaccination antit\u00e9tanique.<\/p>\n<p>&nbsp;<\/p>\n<div class=\"flex-1 overflow-hidden\">\n<div class=\"react-scroll-to-bottom--css-cxkqu-79elbk h-full\">\n<div class=\"react-scroll-to-bottom--css-cxkqu-1n7m0yu\">\n<div class=\"flex flex-col pb-9 text-sm\">\n<div class=\"w-full text-token-text-primary\" data-testid=\"conversation-turn-107\">\n<div class=\"px-4 py-2 justify-center text-base md:gap-6 m-auto\">\n<div class=\"flex flex-1 text-base mx-auto gap-3 md:px-5 lg:px-1 xl:px-5 md:max-w-3xl lg:max-w-[40rem] xl:max-w-[48rem] group final-completion\">\n<div class=\"relative flex w-full flex-col lg:w-[calc(100%-115px)] agent-turn\">\n<div class=\"flex-col gap-1 md:gap-3\">\n<div class=\"flex flex-grow flex-col max-w-full\">\n<div class=\"min-h-[20px] text-message flex flex-col items-start gap-3 whitespace-pre-wrap break-words [.text-message+&amp;]:mt-5 overflow-x-auto\" data-message-author-role=\"assistant\" data-message-id=\"ee33504b-db20-4631-80ca-8e5b611885c6\">\n<div class=\"markdown prose w-full break-words dark:prose-invert dark\">\n<h3><strong>Traitement des fractures de la houppe<\/strong><\/h3>\n<p><strong><em>Assistance orthop\u00e9dique pour les fermetures simples<\/em><\/strong><\/p>\n<p>Pour les fractures en touffe associ\u00e9es \u00e0 une avulsion de l&rsquo;ongle, l&rsquo;examen de la plaque ungu\u00e9ale sous l&rsquo;\u00e9ponychium peut n\u00e9cessiter une r\u00e9duction ou une ablation si la r\u00e9duction n&rsquo;est pas possible. En g\u00e9n\u00e9ral, l&rsquo;assistance orthop\u00e9dique n&rsquo;est pas indispensable pour les fermetures simples.<\/p>\n<p><strong><em>Fractures ouvertes avec l\u00e9sions \u00e9tendues des tissus mous<\/em><\/strong><\/p>\n<p>Les fractures ouvertes avec des l\u00e9sions importantes des tissus mous entra\u00eenent souvent des douleurs chroniques et un handicap, n\u00e9cessitant l&rsquo;assistance d&rsquo;un chirurgien orthop\u00e9dique ou d&rsquo;un chirurgien de la main.<\/p>\n<p>&nbsp;<\/p>\n<h4><strong>Tr\u00e9phination et traitement des ongles<\/strong><\/h4>\n<p><strong><em>Tr\u00e9phinage<\/em><\/strong><\/p>\n<p>Recommand\u00e9 pour la prise en charge des h\u00e9matomes sous-ungu\u00e9aux.<\/p>\n<p><strong><em>Ablation d&rsquo;un ongle ou r\u00e9paration d&rsquo;une lac\u00e9ration du lit de l&rsquo;ongle<\/em><\/strong><\/p>\n<p>Non recommand\u00e9 pour la prise en charge des h\u00e9matomes sous-ungu\u00e9aux sans lac\u00e9ration du lit de l&rsquo;ongle. Toutefois, elle est recommand\u00e9e dans les cas associ\u00e9s \u00e0 une lac\u00e9ration du lit de l&rsquo;ongle afin d&rsquo;\u00e9viter de futurs d\u00e9fauts cosm\u00e9tiques.<\/p>\n<p><strong><em>R\u00e9duction de la plaque ungu\u00e9ale sous l&rsquo;\u00e9ponychium<\/em><\/strong><\/p>\n<p>Recommand\u00e9 dans certains cas.<\/p>\n<p><strong><em>Ablation de la plaque ungu\u00e9ale sous l&rsquo;\u00e9ponychium<\/em><\/strong><\/p>\n<p>Recommand\u00e9 dans certains cas si la r\u00e9duction de la plaque ungu\u00e9ale sous l&rsquo;\u00e9ponychium ne peut \u00eatre effectu\u00e9e.<\/p>\n<p>&nbsp;<\/p>\n<h4><strong>Immobilisation : Attelle<\/strong><\/h4>\n<p><strong><em>Attelle de protection de la phalange distale \u00e0 la PIP<\/em><\/strong><\/p>\n<p>Recommand\u00e9 pour les fractures. La dur\u00e9e est d&rsquo;environ trois semaines.<\/p>\n<p><strong><em>Attelles digitales pour les fractures de la houppe<\/em><\/strong><\/p>\n<p>Recommand\u00e9 pour \u00e9viter toute g\u00eane ou blessure suppl\u00e9mentaire.<\/p>\n<p><strong><em>R\u00e9duction des fractures \u00e0 d\u00e9placement important<\/em><\/strong><\/p>\n<p>Recommand\u00e9 pour la r\u00e9duction et l&rsquo;immobilisation par attelle dans les fractures d\u00e9plac\u00e9es de mani\u00e8re significative, relativement peu courantes. Le recours \u00e0 un chirurgien orthop\u00e9dique peut \u00eatre indiqu\u00e9 si la r\u00e9duction ne peut \u00eatre obtenue.<\/p>\n<p>&nbsp;<\/p>\n<h3><strong>R\u00e9habilitation<\/strong><\/h3>\n<p>La r\u00e9adaptation pour les accidents du travail doit se concentrer sur le r\u00e9tablissement des capacit\u00e9s fonctionnelles pour les activit\u00e9s quotidiennes et professionnelles. La th\u00e9rapie active, qui implique un effort interne de la part du patient, est privil\u00e9gi\u00e9e par rapport aux interventions passives.<\/p>\n<h4><em>Th\u00e9rapie : Actif<\/em><\/h4>\n<p><em>Exercice th\u00e9rapeutique<\/em><\/p>\n<p>Recommand\u00e9 dans certains cas pour traiter les fractures de la touffe. La th\u00e9rapie de mobilisation articulaire peut \u00eatre utile en cas de blessures compliqu\u00e9es ou de fixation post-chirurgicale.<\/p>\n<p>&nbsp;<\/p>\n<h3><strong>Chirurgie<\/strong><\/h3>\n<p><em>Intervention chirurgicale<\/em><\/p>\n<p>Recommand\u00e9 pour les fractures extr\u00eamement d\u00e9plac\u00e9es, non r\u00e9duites ou instables de la phalange distale. Les fractures diaphysaires de la phalange distale n\u00e9cessitent rarement une fixation chirurgicale, sauf dans des cas particuliers.<\/p>\n<p><em>Retrait du mat\u00e9riel<\/em><\/p>\n<p>Recommand\u00e9 dans certains cas o\u00f9 il est pr\u00e9f\u00e9rable d&rsquo;enlever le mat\u00e9riel, par exemple en cas de mat\u00e9riel saillant, de douleur attribu\u00e9e au mat\u00e9riel, de mat\u00e9riel cass\u00e9 sur l&rsquo;imagerie ou de r\u00e9ponse positive \u00e0 l&rsquo;injection d&rsquo;anesth\u00e9sique.<\/p>\n<\/div>\n<\/div>\n<\/div>\n<div class=\"mt-1 flex justify-start gap-3 empty:hidden\">\n<div class=\"text-gray-400 flex self-end lg:self-center justify-center lg:justify-start mt-0 -ml-1 visible\">\n<p>&nbsp;<\/p>\n<div class=\"flex items-center gap-1.5 text-xs\"><\/div>\n<div class=\"flex\"><\/div>\n<\/div>\n<\/div>\n<\/div>\n<\/div>\n<\/div>\n<\/div>\n<\/div>\n<\/div>\n<\/div>\n<\/div>\n<\/div>\n<div class=\"w-full pt-2 md:pt-0 dark:border-white\/20 md:border-transparent md:dark:border-transparent md:w-[calc(100%-.5rem)]\">\n<form class=\"stretch mx-2 flex flex-row gap-3 last:mb-2 md:mx-4 md:last:mb-6 lg:mx-auto lg:max-w-2xl xl:max-w-3xl\">\n<div class=\"relative flex h-full flex-1 items-stretch md:flex-col\">\n<div class=\"flex w-full items-center\"><\/div>\n<\/div>\n<\/form>\n<\/div>\n","protected":false},"excerpt":{"rendered":"<p>Les lignes directrices fournies par la Commission des accidents du travail de l&rsquo;\u00c9tat de New York pr\u00e9sentent des principes fondamentaux pour traiter les fractures de la phalange distale et les h\u00e9matomes sous-ungu\u00e9aux. Ces directives sont con\u00e7ues pour aider les professionnels de la sant\u00e9 \u00e0 identifier les approches th\u00e9rapeutiques appropri\u00e9es dans le cadre d&rsquo;une \u00e9valuation compl\u00e8te. [&hellip;]<\/p>\n","protected":false},"author":33,"featured_media":0,"parent":0,"menu_order":0,"comment_status":"closed","ping_status":"closed","template":"","meta":{"_et_pb_use_builder":"","_et_pb_old_content":"","_et_gb_content_width":"","footnotes":""},"class_list":["post-23424","page","type-page","status-publish","hentry"],"yoast_head":"<!-- This site is optimized with the Yoast SEO plugin v27.2 - https:\/\/yoast.com\/product\/yoast-seo-wordpress\/ -->\n<title>Directives de traitement m\u00e9dical de l&#039;\u00c9tat de New York pour les fractures de la phalange distale et l&#039;h\u00e9matome sous-ungu\u00e9al chez les travailleurs indemnis\u00e9s | Best Hip &amp; Knee Surgeon | NY, USA<\/title>\n<meta name=\"description\" content=\"Les lignes directrices fournies par la Commission des accidents du travail de l&#039;\u00c9tat de New York pr\u00e9sentent des principes fondamentaux pour traiter les\" \/>\n<meta name=\"robots\" content=\"index, follow, max-snippet:-1, max-image-preview:large, max-video-preview:-1\" \/>\n<link rel=\"canonical\" href=\"https:\/\/www.newyorkhipknee.com\/fr\/directives-de-traitement-medical-de-letat-de-new-york-pour-les-fractures-de-la-phalange-distale-et-lhematome-sous-ungueal-chez-les-travailleurs-indemnises\/\" \/>\n<meta property=\"og:locale\" content=\"fr_FR\" \/>\n<meta property=\"og:type\" content=\"article\" \/>\n<meta property=\"og:title\" content=\"Directives de traitement m\u00e9dical de l&#039;\u00c9tat de New York pour les fractures de la phalange distale et l&#039;h\u00e9matome sous-ungu\u00e9al chez les travailleurs indemnis\u00e9s | Best Hip &amp; Knee Surgeon | NY, USA\" \/>\n<meta property=\"og:description\" content=\"Les lignes directrices fournies par la Commission des accidents du travail de l&#039;\u00c9tat de New York pr\u00e9sentent des principes fondamentaux pour traiter les\" \/>\n<meta property=\"og:url\" content=\"https:\/\/www.newyorkhipknee.com\/fr\/directives-de-traitement-medical-de-letat-de-new-york-pour-les-fractures-de-la-phalange-distale-et-lhematome-sous-ungueal-chez-les-travailleurs-indemnises\/\" \/>\n<meta property=\"og:site_name\" content=\"Best Hip &amp; Knee Surgeon | NY, USA\" \/>\n<meta name=\"twitter:card\" content=\"summary_large_image\" \/>\n<meta name=\"twitter:label1\" content=\"Dur\u00e9e de lecture estim\u00e9e\" \/>\n\t<meta name=\"twitter:data1\" content=\"7 minutes\" \/>\n<script type=\"application\/ld+json\" class=\"yoast-schema-graph\">{\"@context\":\"https:\/\/schema.org\",\"@graph\":[{\"@type\":[\"WebPage\",\"MedicalWebPage\"],\"@id\":\"https:\/\/www.newyorkhipknee.com\/fr\/directives-de-traitement-medical-de-letat-de-new-york-pour-les-fractures-de-la-phalange-distale-et-lhematome-sous-ungueal-chez-les-travailleurs-indemnises\/\",\"url\":\"https:\/\/www.newyorkhipknee.com\/fr\/directives-de-traitement-medical-de-letat-de-new-york-pour-les-fractures-de-la-phalange-distale-et-lhematome-sous-ungueal-chez-les-travailleurs-indemnises\/\",\"name\":\"Directives de traitement m\u00e9dical de l'\u00c9tat de New York pour les fractures de la phalange distale et l'h\u00e9matome sous-ungu\u00e9al chez les travailleurs indemnis\u00e9s | Best Hip &amp; Knee Surgeon | NY, USA\",\"isPartOf\":{\"@id\":\"https:\/\/www.newyorkhipknee.com\/fr\/#website\"},\"datePublished\":\"2024-02-02T20:36:36+00:00\",\"description\":\"Les lignes directrices fournies par la Commission des accidents du travail de l'\u00c9tat de New York pr\u00e9sentent des principes fondamentaux pour traiter les\",\"breadcrumb\":{\"@id\":\"https:\/\/www.newyorkhipknee.com\/fr\/directives-de-traitement-medical-de-letat-de-new-york-pour-les-fractures-de-la-phalange-distale-et-lhematome-sous-ungueal-chez-les-travailleurs-indemnises\/#breadcrumb\"},\"inLanguage\":\"fr-FR\",\"potentialAction\":[{\"@type\":\"ReadAction\",\"target\":[\"https:\/\/www.newyorkhipknee.com\/fr\/directives-de-traitement-medical-de-letat-de-new-york-pour-les-fractures-de-la-phalange-distale-et-lhematome-sous-ungueal-chez-les-travailleurs-indemnises\/\"]}]},{\"@type\":\"BreadcrumbList\",\"@id\":\"https:\/\/www.newyorkhipknee.com\/fr\/directives-de-traitement-medical-de-letat-de-new-york-pour-les-fractures-de-la-phalange-distale-et-lhematome-sous-ungueal-chez-les-travailleurs-indemnises\/#breadcrumb\",\"itemListElement\":[{\"@type\":\"ListItem\",\"position\":1,\"name\":\"Home\",\"item\":\"https:\/\/www.newyorkhipknee.com\/fr\/\"},{\"@type\":\"ListItem\",\"position\":2,\"name\":\"Directives de traitement m\u00e9dical de l&rsquo;\u00c9tat de New York pour les fractures de la phalange distale et l&rsquo;h\u00e9matome sous-ungu\u00e9al chez les travailleurs indemnis\u00e9s\"}]},{\"@type\":\"WebSite\",\"@id\":\"https:\/\/www.newyorkhipknee.com\/fr\/#website\",\"url\":\"https:\/\/www.newyorkhipknee.com\/fr\/\",\"name\":\"Best Hip & Knee Surgeon | NY, USA\",\"description\":\"\",\"potentialAction\":[{\"@type\":\"SearchAction\",\"target\":{\"@type\":\"EntryPoint\",\"urlTemplate\":\"https:\/\/www.newyorkhipknee.com\/fr\/?s={search_term_string}\"},\"query-input\":{\"@type\":\"PropertyValueSpecification\",\"valueRequired\":true,\"valueName\":\"search_term_string\"}}],\"inLanguage\":\"fr-FR\"}]}<\/script>\n<!-- \/ Yoast SEO plugin. -->","yoast_head_json":{"title":"Directives de traitement m\u00e9dical de l'\u00c9tat de New York pour les fractures de la phalange distale et l'h\u00e9matome sous-ungu\u00e9al chez les travailleurs indemnis\u00e9s | Best Hip &amp; Knee Surgeon | NY, USA","description":"Les lignes directrices fournies par la Commission des accidents du travail de l'\u00c9tat de New York pr\u00e9sentent des principes fondamentaux pour traiter les","robots":{"index":"index","follow":"follow","max-snippet":"max-snippet:-1","max-image-preview":"max-image-preview:large","max-video-preview":"max-video-preview:-1"},"canonical":"https:\/\/www.newyorkhipknee.com\/fr\/directives-de-traitement-medical-de-letat-de-new-york-pour-les-fractures-de-la-phalange-distale-et-lhematome-sous-ungueal-chez-les-travailleurs-indemnises\/","og_locale":"fr_FR","og_type":"article","og_title":"Directives de traitement m\u00e9dical de l'\u00c9tat de New York pour les fractures de la phalange distale et l'h\u00e9matome sous-ungu\u00e9al chez les travailleurs indemnis\u00e9s | Best Hip &amp; Knee Surgeon | NY, USA","og_description":"Les lignes directrices fournies par la Commission des accidents du travail de l'\u00c9tat de New York pr\u00e9sentent des principes fondamentaux pour traiter les","og_url":"https:\/\/www.newyorkhipknee.com\/fr\/directives-de-traitement-medical-de-letat-de-new-york-pour-les-fractures-de-la-phalange-distale-et-lhematome-sous-ungueal-chez-les-travailleurs-indemnises\/","og_site_name":"Best Hip &amp; Knee Surgeon | NY, USA","twitter_card":"summary_large_image","twitter_misc":{"Dur\u00e9e de lecture estim\u00e9e":"7 minutes"},"schema":{"@context":"https:\/\/schema.org","@graph":[{"@type":["WebPage","MedicalWebPage"],"@id":"https:\/\/www.newyorkhipknee.com\/fr\/directives-de-traitement-medical-de-letat-de-new-york-pour-les-fractures-de-la-phalange-distale-et-lhematome-sous-ungueal-chez-les-travailleurs-indemnises\/","url":"https:\/\/www.newyorkhipknee.com\/fr\/directives-de-traitement-medical-de-letat-de-new-york-pour-les-fractures-de-la-phalange-distale-et-lhematome-sous-ungueal-chez-les-travailleurs-indemnises\/","name":"Directives de traitement m\u00e9dical de l'\u00c9tat de New York pour les fractures de la phalange distale et l'h\u00e9matome sous-ungu\u00e9al chez les travailleurs indemnis\u00e9s | Best Hip &amp; Knee Surgeon | NY, USA","isPartOf":{"@id":"https:\/\/www.newyorkhipknee.com\/fr\/#website"},"datePublished":"2024-02-02T20:36:36+00:00","description":"Les lignes directrices fournies par la Commission des accidents du travail de l'\u00c9tat de New York pr\u00e9sentent des principes fondamentaux pour traiter les","breadcrumb":{"@id":"https:\/\/www.newyorkhipknee.com\/fr\/directives-de-traitement-medical-de-letat-de-new-york-pour-les-fractures-de-la-phalange-distale-et-lhematome-sous-ungueal-chez-les-travailleurs-indemnises\/#breadcrumb"},"inLanguage":"fr-FR","potentialAction":[{"@type":"ReadAction","target":["https:\/\/www.newyorkhipknee.com\/fr\/directives-de-traitement-medical-de-letat-de-new-york-pour-les-fractures-de-la-phalange-distale-et-lhematome-sous-ungueal-chez-les-travailleurs-indemnises\/"]}]},{"@type":"BreadcrumbList","@id":"https:\/\/www.newyorkhipknee.com\/fr\/directives-de-traitement-medical-de-letat-de-new-york-pour-les-fractures-de-la-phalange-distale-et-lhematome-sous-ungueal-chez-les-travailleurs-indemnises\/#breadcrumb","itemListElement":[{"@type":"ListItem","position":1,"name":"Home","item":"https:\/\/www.newyorkhipknee.com\/fr\/"},{"@type":"ListItem","position":2,"name":"Directives de traitement m\u00e9dical de l&rsquo;\u00c9tat de New York pour les fractures de la phalange distale et l&rsquo;h\u00e9matome sous-ungu\u00e9al chez les travailleurs indemnis\u00e9s"}]},{"@type":"WebSite","@id":"https:\/\/www.newyorkhipknee.com\/fr\/#website","url":"https:\/\/www.newyorkhipknee.com\/fr\/","name":"Best Hip & Knee Surgeon | NY, USA","description":"","potentialAction":[{"@type":"SearchAction","target":{"@type":"EntryPoint","urlTemplate":"https:\/\/www.newyorkhipknee.com\/fr\/?s={search_term_string}"},"query-input":{"@type":"PropertyValueSpecification","valueRequired":true,"valueName":"search_term_string"}}],"inLanguage":"fr-FR"}]}},"_links":{"self":[{"href":"https:\/\/www.newyorkhipknee.com\/fr\/wp-json\/wp\/v2\/pages\/23424","targetHints":{"allow":["GET"]}}],"collection":[{"href":"https:\/\/www.newyorkhipknee.com\/fr\/wp-json\/wp\/v2\/pages"}],"about":[{"href":"https:\/\/www.newyorkhipknee.com\/fr\/wp-json\/wp\/v2\/types\/page"}],"author":[{"embeddable":true,"href":"https:\/\/www.newyorkhipknee.com\/fr\/wp-json\/wp\/v2\/users\/33"}],"replies":[{"embeddable":true,"href":"https:\/\/www.newyorkhipknee.com\/fr\/wp-json\/wp\/v2\/comments?post=23424"}],"version-history":[{"count":0,"href":"https:\/\/www.newyorkhipknee.com\/fr\/wp-json\/wp\/v2\/pages\/23424\/revisions"}],"wp:attachment":[{"href":"https:\/\/www.newyorkhipknee.com\/fr\/wp-json\/wp\/v2\/media?parent=23424"}],"curies":[{"name":"wp","href":"https:\/\/api.w.org\/{rel}","templated":true}]}}