{"id":23442,"date":"2024-02-05T15:07:45","date_gmt":"2024-02-05T20:07:45","guid":{"rendered":"https:\/\/newyorkhipknee.com\/directives-de-traitement-medical-de-letat-de-new-york-pour-la-prise-en-charge-des-lacerations-chez-les-patients-victimes-daccidents-du-travail\/"},"modified":"2024-02-05T15:07:45","modified_gmt":"2024-02-05T20:07:45","slug":"directives-de-traitement-medical-de-letat-de-new-york-pour-la-prise-en-charge-des-lacerations-chez-les-patients-victimes-daccidents-du-travail","status":"publish","type":"page","link":"https:\/\/www.newyorkhipknee.com\/fr\/directives-de-traitement-medical-de-letat-de-new-york-pour-la-prise-en-charge-des-lacerations-chez-les-patients-victimes-daccidents-du-travail\/","title":{"rendered":"Directives de traitement m\u00e9dical de l&rsquo;\u00c9tat de New York pour la prise en charge des lac\u00e9rations chez les patients victimes d&rsquo;accidents du travail"},"content":{"rendered":"<p>Les lignes directrices pr\u00e9sent\u00e9es par la commission des accidents du travail de l&rsquo;\u00c9tat de New York fournissent des principes fondamentaux pour la prise en charge des lac\u00e9rations. Ces directives sont con\u00e7ues pour aider les professionnels de la sant\u00e9 \u00e0 identifier les approches th\u00e9rapeutiques appropri\u00e9es dans le cadre d&rsquo;une \u00e9valuation compl\u00e8te.<\/p>\n<p>Les professionnels de la sant\u00e9 sp\u00e9cialis\u00e9s dans le traitement des lac\u00e9rations peuvent s&rsquo;appuyer sur les orientations d\u00e9finies par la Commission des accidents du travail pour prendre des d\u00e9cisions \u00e9clair\u00e9es sur les m\u00e9thodes th\u00e9rapeutiques les plus adapt\u00e9es \u00e0 leurs patients.<\/p>\n<p>Il est essentiel de souligner que ces lignes directrices ne sont pas destin\u00e9es \u00e0 remplacer le jugement clinique ou l&rsquo;expertise professionnelle. La d\u00e9cision finale concernant la prise en charge des lac\u00e9rations doit \u00eatre prise en collaboration avec le patient et son prestataire de soins.<\/p>\n<h3><a href=\"https:\/\/www.cortho.org\/workers-compensation\/mtg\/hand-wrist-and-forearm-injuries\/laceration-management\/\" target=\"_blank\" rel=\"noopener\"><strong>Traitement des plaies et des lac\u00e9rations<\/strong><\/a><\/h3>\n<p>L&rsquo;objectif premier de la prise en charge des plaies et des lac\u00e9rations est de pr\u00e9venir l&rsquo;infection, d&rsquo;identifier les l\u00e9sions nerveuses potentielles, de traiter les lac\u00e9rations des tendons et d&rsquo;obtenir un r\u00e9sultat cosm\u00e9tiquement acceptable avec une fonction optimale et la satisfaction du patient.<\/p>\n<h3><em>\u00c9tudes de diagnostic<\/em><\/h3>\n<p><em>Rayons X<\/em><\/p>\n<ul>\n<li><strong>Recommand\u00e9 :<\/strong> En cas de l\u00e9sions traumatiques entra\u00eenant des lac\u00e9rations cutan\u00e9es, pour exclure les fractures ou en cas de suspicion de pr\u00e9sence d&rsquo;un corps \u00e9tranger radio-opaque.<\/li>\n<li><strong>Preuves :<\/strong> Soutenir l&rsquo;utilisation des radiographies pour \u00e9valuer les lac\u00e9rations avec suspicion de fracture ou de corps \u00e9tranger.<\/li>\n<\/ul>\n<p><em>\u00c9chographie<\/em><\/p>\n<ul>\n<li><strong>Recommand\u00e9 :<\/strong> Pour l&rsquo;\u00e9valuation de mat\u00e9riaux radiotransparents suspects ou comme alternative lorsqu&rsquo;un corps \u00e9tranger radio-opaque est suspect\u00e9 mais n&rsquo;est pas d\u00e9tect\u00e9 sur les images radiographiques.<\/li>\n<li><strong>Donn\u00e9es probantes :<\/strong> En faveur de l&rsquo;utilisation de l&rsquo;\u00e9chographie pour l&rsquo;\u00e9valuation des corps \u00e9trangers superficiels suspects.<\/li>\n<\/ul>\n<p><em>CT<\/em><\/p>\n<ul>\n<li><strong>Non recommand\u00e9 :<\/strong> En cas de suspicion de corps \u00e9trangers superficiels.<\/li>\n<li><strong>Recommand\u00e9 :<\/strong> Lors de l&rsquo;\u00e9valuation de mat\u00e9riaux radiotransparents suspects ou comme alternative lorsqu&rsquo;un corps \u00e9tranger radio-opaque est suspect\u00e9 mais n&rsquo;est pas d\u00e9tect\u00e9 sur les images radiographiques ou l&rsquo;\u00e9chographie.<\/li>\n<li><strong>Donn\u00e9es probantes :<\/strong> Soutien \u00e0 l&rsquo;utilisation de la tomodensitom\u00e9trie pour l&rsquo;\u00e9valuation des corps \u00e9trangers superficiels suspect\u00e9s.<\/li>\n<\/ul>\n<p>&nbsp;<\/p>\n<h3><em>M\u00e9dicaments<\/em><\/h3>\n<p><strong><em>Prophylaxie antibiotique<\/em><\/strong><\/p>\n<ul>\n<li><strong>Non recommand\u00e9 :<\/strong> Pour les lac\u00e9rations non compliqu\u00e9es de la main et de l&rsquo;avant-bras.<\/li>\n<li><strong>Donn\u00e9es probantes :<\/strong> Absence de recommandation concernant l&rsquo;antibioprophylaxie.<\/li>\n<\/ul>\n<p>&nbsp;<\/p>\n<p><strong><em>Anti-inflammatoires non st\u00e9ro\u00efdiens\/ac\u00e9taminoph\u00e8ne<\/em><\/strong><\/p>\n<p>Pour la plupart des patients, l&rsquo;ibuprof\u00e8ne, le naprox\u00e8ne ou d&rsquo;autres AINS d&rsquo;ancienne g\u00e9n\u00e9ration sont recommand\u00e9s en premi\u00e8re intention. L&rsquo;ac\u00e9taminoph\u00e8ne peut \u00eatre une alternative pour les patients qui ne peuvent pas prendre d&rsquo;AINS, bien que les donn\u00e9es sugg\u00e8rent qu&rsquo;il est l\u00e9g\u00e8rement moins efficace. Les AINS sont consid\u00e9r\u00e9s comme efficaces pour soulager la douleur et sont moins nocifs que les opio\u00efdes.<\/p>\n<p>&nbsp;<\/p>\n<p><strong><em>AINS pour le traitement de la douleur aigu\u00eb, subaigu\u00eb ou chronique post-lac\u00e9ration du membre sup\u00e9rieur<\/em><\/strong><\/p>\n<ul>\n<li><strong>Recommand\u00e9 :<\/strong> Pour le traitement de la douleur associ\u00e9e \u00e0 la r\u00e9paration post-lac\u00e9ration du membre sup\u00e9rieur.<\/li>\n<li><strong>Indications :<\/strong> Applicable \u00e0 la douleur aigu\u00eb, subaigu\u00eb ou chronique cons\u00e9cutive \u00e0 la r\u00e9paration d&rsquo;une lac\u00e9ration, les agents en vente libre \u00e9tant l&rsquo;option de premi\u00e8re intention.<\/li>\n<li><strong>Fr\u00e9quence\/dur\u00e9e :<\/strong> Selon les besoins, avec arr\u00eat en cas de disparition des sympt\u00f4mes ou en raison d&rsquo;effets ind\u00e9sirables.<\/li>\n<li><strong>Indications pour l&rsquo;arr\u00eat du traitement :<\/strong> R\u00e9solution des sympt\u00f4mes, manque d&rsquo;efficacit\u00e9 ou effets ind\u00e9sirables n\u00e9cessitant l&rsquo;arr\u00eat du traitement.<\/li>\n<\/ul>\n<p>&nbsp;<\/p>\n<p><strong><em>AINS pour les patients pr\u00e9sentant un risque \u00e9lev\u00e9 d&rsquo;h\u00e9morragie gastro-intestinale<\/em><\/strong><\/p>\n<ul>\n<li><strong>Recommand\u00e9 :<\/strong> Pour une utilisation concomitante avec des m\u00e9dicaments cytoprotecteurs chez les patients pr\u00e9sentant un risque \u00e9lev\u00e9 d&rsquo;h\u00e9morragie gastro-intestinale.<\/li>\n<li><strong>Indications :<\/strong> A envisager pour les patients pr\u00e9sentant un profil de risque \u00e9lev\u00e9 et des indications pour les AINS, en particulier pour les traitements \u00e0 long terme.<\/li>\n<li><strong>Fr\u00e9quence\/dose\/dur\u00e9e :<\/strong> Inhibiteurs de la pompe \u00e0 protons, misoprostol, sucralfate, bloqueurs H2 recommand\u00e9s, avec des doses conformes aux instructions du fabricant. On ne pense pas qu&rsquo;il y ait de diff\u00e9rences substantielles en termes d&rsquo;efficacit\u00e9 pour la pr\u00e9vention des h\u00e9morragies gastro-intestinales.<\/li>\n<li><strong>Indications pour l&rsquo;arr\u00eat du traitement :<\/strong> Intol\u00e9rance, effets ind\u00e9sirables ou arr\u00eat de l&rsquo;AINS.<\/li>\n<\/ul>\n<p>&nbsp;<\/p>\n<p><strong><em>AINS pour les patients pr\u00e9sentant un risque d&rsquo;effets ind\u00e9sirables cardiovasculaires<\/em><\/strong><\/p>\n<ul>\n<li><strong>Recommand\u00e9 :<\/strong> Discuter des risques et des avantages du traitement de la douleur par AINS avec les patients souffrant d&rsquo;une maladie cardiovasculaire connue ou pr\u00e9sentant de multiples facteurs de risque.<\/li>\n<li><strong>Pr\u00e9f\u00e9rence :<\/strong> Ac\u00e9taminoph\u00e8ne ou aspirine en traitement de premi\u00e8re intention pour des raisons de s\u00e9curit\u00e9 cardiovasculaire.<\/li>\n<li><strong>AINS pr\u00e9f\u00e9r\u00e9s :<\/strong> Non s\u00e9lectifs par rapport aux m\u00e9dicaments sp\u00e9cifiques \u00e0 la COX-2. Pour les patients sous aspirine \u00e0 faible dose, les AINS doivent \u00eatre pris 30 minutes apr\u00e8s ou 8 heures avant l&rsquo;aspirine quotidienne.<\/li>\n<\/ul>\n<p>&nbsp;<\/p>\n<p><strong><em>L&rsquo;ac\u00e9taminoph\u00e8ne dans le traitement de la douleur post-lac\u00e9ration des membres sup\u00e9rieurs<\/em><\/strong><\/p>\n<ul>\n<li><strong>Recommand\u00e9 :<\/strong> Pour le traitement de la douleur post-lac\u00e9ration des extr\u00e9mit\u00e9s sup\u00e9rieures, en particulier chez les patients pr\u00e9sentant des contre-indications aux AINS.<\/li>\n<li><strong>Indications :<\/strong> Convient \u00e0 tous les patients souffrant de telles douleurs, qu&rsquo;elles soient aigu\u00ebs, subaigu\u00ebs, chroniques ou post-op\u00e9ratoires.<\/li>\n<li><strong>Dose\/fr\u00e9quence :<\/strong> Selon les recommandations du fabricant, utilis\u00e9 selon les besoins.<\/li>\n<li><strong>Indications pour l&rsquo;arr\u00eat du traitement :<\/strong> R\u00e9solution de la douleur, des effets ind\u00e9sirables ou de l&rsquo;intol\u00e9rance.<\/li>\n<\/ul>\n<p>&nbsp;<\/p>\n<p><a href=\"https:\/\/newyorkhipknee.com\/workers-comp\/mtg\/non-acute-pain\/opioids-for-non-acute-pain\/\" target=\"_blank\" rel=\"noopener\"><strong><em>Opio\u00efdes<\/em><\/strong><\/a><\/p>\n<ul>\n<li><strong>Usage limit\u00e9 :<\/strong> Recommand\u00e9 pour une courte dur\u00e9e (moins de sept jours) pour le traitement de la douleur aigu\u00eb et post-lac\u00e9ration comme th\u00e9rapie d&rsquo;appoint \u00e0 c\u00f4t\u00e9 de traitements plus efficaces.<\/li>\n<li><strong>Indications :<\/strong> Pour les blessures aigu\u00ebs et la gestion de la douleur postop\u00e9ratoire, les opio\u00efdes peuvent \u00eatre prescrits bri\u00e8vement en compl\u00e9ment de traitements plus efficaces, en particulier pour une utilisation nocturne.<\/li>\n<li><strong>Fr\u00e9quence\/dur\u00e9e :<\/strong> Prescrit selon les besoins tout au long de la journ\u00e9e, plus tard seulement la nuit, et finalement sevr\u00e9.<\/li>\n<li><strong>Justification de la recommandation :<\/strong> L&rsquo;utilisation judicieuse des opio\u00efdes peut \u00eatre utile pour les patients dont la douleur n&rsquo;est pas suffisamment soulag\u00e9e par les AINS, en particulier en cas d&rsquo;utilisation nocturne. Les opio\u00efdes sont conseill\u00e9s pour une utilisation br\u00e8ve et s\u00e9lective chez les patients ayant subi une r\u00e9paration de lac\u00e9ration, principalement la nuit pour faciliter le sommeil apr\u00e8s la r\u00e9paration de la lac\u00e9ration.<\/li>\n<\/ul>\n<p>&nbsp;<\/p>\n<h3>R\u00e9habilitation<\/h3>\n<p>La r\u00e9adaptation rendue n\u00e9cessaire par un accident du travail doit avant tout se concentrer sur le r\u00e9tablissement de la capacit\u00e9 fonctionnelle n\u00e9cessaire pour que le patient puisse assumer ses responsabilit\u00e9s quotidiennes et professionnelles, l&rsquo;objectif ultime \u00e9tant de reprendre le travail et de s&rsquo;efforcer de r\u00e9tablir le travailleur bless\u00e9 dans l&rsquo;\u00e9tat o\u00f9 il se trouvait avant l&rsquo;accident, dans toute la mesure du possible.<\/p>\n<p>&nbsp;<\/p>\n<h4>Th\u00e9rapie active et passive<\/h4>\n<p>La th\u00e9rapie active implique des efforts internes de la part du patient pour effectuer des exercices ou des t\u00e2ches sp\u00e9cifiques, tandis que la th\u00e9rapie passive englobe des interventions qui n&rsquo;exigent pas d&rsquo;effort de la part du patient et qui s&rsquo;appuient plut\u00f4t sur des modalit\u00e9s d\u00e9livr\u00e9es par un th\u00e9rapeute.<\/p>\n<p>En r\u00e8gle g\u00e9n\u00e9rale, les interventions passives sont consid\u00e9r\u00e9es comme des mesures de soutien destin\u00e9es \u00e0 faciliter les progr\u00e8s dans le cadre d&rsquo;un programme de th\u00e9rapie active, tout en r\u00e9alisant des gains fonctionnels objectifs. L&rsquo;accent devrait \u00eatre mis sur les interventions actives plut\u00f4t que sur les interventions passives.<\/p>\n<p>&nbsp;<\/p>\n<h4>Th\u00e9rapie \u00e0 domicile<\/h4>\n<p>Les patients doivent \u00eatre encourag\u00e9s \u00e0 poursuivre les th\u00e9rapies actives et passives \u00e0 domicile, dans le prolongement du processus de traitement, afin de maintenir les niveaux d&rsquo;am\u00e9lioration atteints. En outre, des appareils d&rsquo;assistance peuvent \u00eatre int\u00e9gr\u00e9s au plan de r\u00e9adaptation en tant que mesures compl\u00e9mentaires pour am\u00e9liorer les gains fonctionnels.<\/p>\n<h4>Th\u00e9rapie active : Exercice th\u00e9rapeutique<\/h4>\n<p><strong>Recommand\u00e9<\/strong>: utiliser des exercices th\u00e9rapeutiques pour rem\u00e9dier aux d\u00e9ficits fonctionnels r\u00e9sultant de lac\u00e9rations.<\/p>\n<p><strong>Fr\u00e9quence\/dose\/dur\u00e9e<\/strong>: Le nombre total de visites peut varier de deux ou trois pour les patients pr\u00e9sentant des d\u00e9ficits fonctionnels l\u00e9gers \u00e0 12 ou 15 pour ceux pr\u00e9sentant des d\u00e9ficits plus graves, \u00e0 condition qu&rsquo;il y ait une am\u00e9lioration fonctionnelle objective et continue document\u00e9e.<\/p>\n<p>En cas de d\u00e9ficits fonctionnels persistants, un nombre de visites sup\u00e9rieur \u00e0 12 ou 15 peut \u00eatre justifi\u00e9 par une am\u00e9lioration document\u00e9e vers des objectifs fonctionnels sp\u00e9cifiques (par exemple, am\u00e9lioration de la force de pr\u00e9hension, de la force de pincement, de l&rsquo;amplitude des mouvements, de l&rsquo;avancement dans les activit\u00e9s li\u00e9es au travail). Dans le cadre du plan de r\u00e9adaptation, un programme d&rsquo;exercices \u00e0 domicile doit \u00eatre \u00e9labor\u00e9 et ex\u00e9cut\u00e9 en conjonction avec la th\u00e9rapie.<\/p>\n","protected":false},"excerpt":{"rendered":"<p>Les lignes directrices pr\u00e9sent\u00e9es par la commission des accidents du travail de l&rsquo;\u00c9tat de New York fournissent des principes fondamentaux pour la prise en charge des lac\u00e9rations. Ces directives sont con\u00e7ues pour aider les professionnels de la sant\u00e9 \u00e0 identifier les approches th\u00e9rapeutiques appropri\u00e9es dans le cadre d&rsquo;une \u00e9valuation compl\u00e8te. Les professionnels de la sant\u00e9 [&hellip;]<\/p>\n","protected":false},"author":33,"featured_media":0,"parent":0,"menu_order":0,"comment_status":"closed","ping_status":"closed","template":"","meta":{"_et_pb_use_builder":"","_et_pb_old_content":"","_et_gb_content_width":"","footnotes":""},"class_list":["post-23442","page","type-page","status-publish","hentry"],"yoast_head":"<!-- This site is optimized with the Yoast SEO plugin v27.2 - https:\/\/yoast.com\/product\/yoast-seo-wordpress\/ -->\n<title>Directives de traitement m\u00e9dical de l&#039;\u00c9tat de New York pour la prise en charge des lac\u00e9rations chez les patients victimes d&#039;accidents du travail | Best Hip &amp; Knee Surgeon | NY, USA<\/title>\n<meta name=\"description\" content=\"Les lignes directrices pr\u00e9sent\u00e9es par la commission des accidents du travail de l&#039;\u00c9tat de New York fournissent des principes fondamentaux pour la prise en\" \/>\n<meta name=\"robots\" content=\"index, follow, max-snippet:-1, max-image-preview:large, max-video-preview:-1\" \/>\n<link rel=\"canonical\" href=\"https:\/\/www.newyorkhipknee.com\/fr\/directives-de-traitement-medical-de-letat-de-new-york-pour-la-prise-en-charge-des-lacerations-chez-les-patients-victimes-daccidents-du-travail\/\" \/>\n<meta property=\"og:locale\" content=\"fr_FR\" \/>\n<meta property=\"og:type\" content=\"article\" \/>\n<meta property=\"og:title\" content=\"Directives de traitement m\u00e9dical de l&#039;\u00c9tat de New York pour la prise en charge des lac\u00e9rations chez les patients victimes d&#039;accidents du travail | Best Hip &amp; Knee Surgeon | NY, USA\" \/>\n<meta property=\"og:description\" content=\"Les lignes directrices pr\u00e9sent\u00e9es par la commission des accidents du travail de l&#039;\u00c9tat de New York fournissent des principes fondamentaux pour la prise en\" \/>\n<meta property=\"og:url\" content=\"https:\/\/www.newyorkhipknee.com\/fr\/directives-de-traitement-medical-de-letat-de-new-york-pour-la-prise-en-charge-des-lacerations-chez-les-patients-victimes-daccidents-du-travail\/\" \/>\n<meta property=\"og:site_name\" content=\"Best Hip &amp; Knee Surgeon | NY, USA\" \/>\n<meta name=\"twitter:card\" content=\"summary_large_image\" \/>\n<meta name=\"twitter:label1\" content=\"Dur\u00e9e de lecture estim\u00e9e\" \/>\n\t<meta name=\"twitter:data1\" content=\"7 minutes\" \/>\n<script type=\"application\/ld+json\" class=\"yoast-schema-graph\">{\"@context\":\"https:\/\/schema.org\",\"@graph\":[{\"@type\":[\"WebPage\",\"MedicalWebPage\"],\"@id\":\"https:\/\/www.newyorkhipknee.com\/fr\/directives-de-traitement-medical-de-letat-de-new-york-pour-la-prise-en-charge-des-lacerations-chez-les-patients-victimes-daccidents-du-travail\/\",\"url\":\"https:\/\/www.newyorkhipknee.com\/fr\/directives-de-traitement-medical-de-letat-de-new-york-pour-la-prise-en-charge-des-lacerations-chez-les-patients-victimes-daccidents-du-travail\/\",\"name\":\"Directives de traitement m\u00e9dical de l'\u00c9tat de New York pour la prise en charge des lac\u00e9rations chez les patients victimes d'accidents du travail | Best Hip &amp; Knee Surgeon | NY, USA\",\"isPartOf\":{\"@id\":\"https:\/\/www.newyorkhipknee.com\/fr\/#website\"},\"datePublished\":\"2024-02-05T20:07:45+00:00\",\"description\":\"Les lignes directrices pr\u00e9sent\u00e9es par la commission des accidents du travail de l'\u00c9tat de New York fournissent des principes fondamentaux pour la prise en\",\"breadcrumb\":{\"@id\":\"https:\/\/www.newyorkhipknee.com\/fr\/directives-de-traitement-medical-de-letat-de-new-york-pour-la-prise-en-charge-des-lacerations-chez-les-patients-victimes-daccidents-du-travail\/#breadcrumb\"},\"inLanguage\":\"fr-FR\",\"potentialAction\":[{\"@type\":\"ReadAction\",\"target\":[\"https:\/\/www.newyorkhipknee.com\/fr\/directives-de-traitement-medical-de-letat-de-new-york-pour-la-prise-en-charge-des-lacerations-chez-les-patients-victimes-daccidents-du-travail\/\"]}]},{\"@type\":\"BreadcrumbList\",\"@id\":\"https:\/\/www.newyorkhipknee.com\/fr\/directives-de-traitement-medical-de-letat-de-new-york-pour-la-prise-en-charge-des-lacerations-chez-les-patients-victimes-daccidents-du-travail\/#breadcrumb\",\"itemListElement\":[{\"@type\":\"ListItem\",\"position\":1,\"name\":\"Home\",\"item\":\"https:\/\/www.newyorkhipknee.com\/fr\/\"},{\"@type\":\"ListItem\",\"position\":2,\"name\":\"Directives de traitement m\u00e9dical de l&rsquo;\u00c9tat de New York pour la prise en charge des lac\u00e9rations chez les patients victimes d&rsquo;accidents du travail\"}]},{\"@type\":\"WebSite\",\"@id\":\"https:\/\/www.newyorkhipknee.com\/fr\/#website\",\"url\":\"https:\/\/www.newyorkhipknee.com\/fr\/\",\"name\":\"Best Hip & Knee Surgeon | NY, USA\",\"description\":\"\",\"potentialAction\":[{\"@type\":\"SearchAction\",\"target\":{\"@type\":\"EntryPoint\",\"urlTemplate\":\"https:\/\/www.newyorkhipknee.com\/fr\/?s={search_term_string}\"},\"query-input\":{\"@type\":\"PropertyValueSpecification\",\"valueRequired\":true,\"valueName\":\"search_term_string\"}}],\"inLanguage\":\"fr-FR\"}]}<\/script>\n<!-- \/ Yoast SEO plugin. -->","yoast_head_json":{"title":"Directives de traitement m\u00e9dical de l'\u00c9tat de New York pour la prise en charge des lac\u00e9rations chez les patients victimes d'accidents du travail | Best Hip &amp; Knee Surgeon | NY, USA","description":"Les lignes directrices pr\u00e9sent\u00e9es par la commission des accidents du travail de l'\u00c9tat de New York fournissent des principes fondamentaux pour la prise en","robots":{"index":"index","follow":"follow","max-snippet":"max-snippet:-1","max-image-preview":"max-image-preview:large","max-video-preview":"max-video-preview:-1"},"canonical":"https:\/\/www.newyorkhipknee.com\/fr\/directives-de-traitement-medical-de-letat-de-new-york-pour-la-prise-en-charge-des-lacerations-chez-les-patients-victimes-daccidents-du-travail\/","og_locale":"fr_FR","og_type":"article","og_title":"Directives de traitement m\u00e9dical de l'\u00c9tat de New York pour la prise en charge des lac\u00e9rations chez les patients victimes d'accidents du travail | Best Hip &amp; Knee Surgeon | NY, USA","og_description":"Les lignes directrices pr\u00e9sent\u00e9es par la commission des accidents du travail de l'\u00c9tat de New York fournissent des principes fondamentaux pour la prise en","og_url":"https:\/\/www.newyorkhipknee.com\/fr\/directives-de-traitement-medical-de-letat-de-new-york-pour-la-prise-en-charge-des-lacerations-chez-les-patients-victimes-daccidents-du-travail\/","og_site_name":"Best Hip &amp; Knee Surgeon | NY, USA","twitter_card":"summary_large_image","twitter_misc":{"Dur\u00e9e de lecture estim\u00e9e":"7 minutes"},"schema":{"@context":"https:\/\/schema.org","@graph":[{"@type":["WebPage","MedicalWebPage"],"@id":"https:\/\/www.newyorkhipknee.com\/fr\/directives-de-traitement-medical-de-letat-de-new-york-pour-la-prise-en-charge-des-lacerations-chez-les-patients-victimes-daccidents-du-travail\/","url":"https:\/\/www.newyorkhipknee.com\/fr\/directives-de-traitement-medical-de-letat-de-new-york-pour-la-prise-en-charge-des-lacerations-chez-les-patients-victimes-daccidents-du-travail\/","name":"Directives de traitement m\u00e9dical de l'\u00c9tat de New York pour la prise en charge des lac\u00e9rations chez les patients victimes d'accidents du travail | Best Hip &amp; Knee Surgeon | NY, USA","isPartOf":{"@id":"https:\/\/www.newyorkhipknee.com\/fr\/#website"},"datePublished":"2024-02-05T20:07:45+00:00","description":"Les lignes directrices pr\u00e9sent\u00e9es par la commission des accidents du travail de l'\u00c9tat de New York fournissent des principes fondamentaux pour la prise en","breadcrumb":{"@id":"https:\/\/www.newyorkhipknee.com\/fr\/directives-de-traitement-medical-de-letat-de-new-york-pour-la-prise-en-charge-des-lacerations-chez-les-patients-victimes-daccidents-du-travail\/#breadcrumb"},"inLanguage":"fr-FR","potentialAction":[{"@type":"ReadAction","target":["https:\/\/www.newyorkhipknee.com\/fr\/directives-de-traitement-medical-de-letat-de-new-york-pour-la-prise-en-charge-des-lacerations-chez-les-patients-victimes-daccidents-du-travail\/"]}]},{"@type":"BreadcrumbList","@id":"https:\/\/www.newyorkhipknee.com\/fr\/directives-de-traitement-medical-de-letat-de-new-york-pour-la-prise-en-charge-des-lacerations-chez-les-patients-victimes-daccidents-du-travail\/#breadcrumb","itemListElement":[{"@type":"ListItem","position":1,"name":"Home","item":"https:\/\/www.newyorkhipknee.com\/fr\/"},{"@type":"ListItem","position":2,"name":"Directives de traitement m\u00e9dical de l&rsquo;\u00c9tat de New York pour la prise en charge des lac\u00e9rations chez les patients victimes d&rsquo;accidents du travail"}]},{"@type":"WebSite","@id":"https:\/\/www.newyorkhipknee.com\/fr\/#website","url":"https:\/\/www.newyorkhipknee.com\/fr\/","name":"Best Hip & Knee Surgeon | NY, USA","description":"","potentialAction":[{"@type":"SearchAction","target":{"@type":"EntryPoint","urlTemplate":"https:\/\/www.newyorkhipknee.com\/fr\/?s={search_term_string}"},"query-input":{"@type":"PropertyValueSpecification","valueRequired":true,"valueName":"search_term_string"}}],"inLanguage":"fr-FR"}]}},"_links":{"self":[{"href":"https:\/\/www.newyorkhipknee.com\/fr\/wp-json\/wp\/v2\/pages\/23442","targetHints":{"allow":["GET"]}}],"collection":[{"href":"https:\/\/www.newyorkhipknee.com\/fr\/wp-json\/wp\/v2\/pages"}],"about":[{"href":"https:\/\/www.newyorkhipknee.com\/fr\/wp-json\/wp\/v2\/types\/page"}],"author":[{"embeddable":true,"href":"https:\/\/www.newyorkhipknee.com\/fr\/wp-json\/wp\/v2\/users\/33"}],"replies":[{"embeddable":true,"href":"https:\/\/www.newyorkhipknee.com\/fr\/wp-json\/wp\/v2\/comments?post=23442"}],"version-history":[{"count":0,"href":"https:\/\/www.newyorkhipknee.com\/fr\/wp-json\/wp\/v2\/pages\/23442\/revisions"}],"wp:attachment":[{"href":"https:\/\/www.newyorkhipknee.com\/fr\/wp-json\/wp\/v2\/media?parent=23442"}],"curies":[{"name":"wp","href":"https:\/\/api.w.org\/{rel}","templated":true}]}}