{"id":23444,"date":"2024-02-01T12:47:53","date_gmt":"2024-02-01T17:47:53","guid":{"rendered":"https:\/\/newyorkhipknee.com\/directives-de-traitement-medical-de-letat-de-new-york-pour-le-doigt-en-maillet-chez-les-travailleurs-indemnises\/"},"modified":"2024-02-01T12:47:53","modified_gmt":"2024-02-01T17:47:53","slug":"directives-de-traitement-medical-de-letat-de-new-york-pour-le-doigt-en-maillet-chez-les-travailleurs-indemnises","status":"publish","type":"page","link":"https:\/\/www.newyorkhipknee.com\/fr\/directives-de-traitement-medical-de-letat-de-new-york-pour-le-doigt-en-maillet-chez-les-travailleurs-indemnises\/","title":{"rendered":"Directives de traitement m\u00e9dical de l&rsquo;\u00c9tat de New York pour le doigt en maillet chez les travailleurs indemnis\u00e9s"},"content":{"rendered":"<div class=\"flex-1 overflow-hidden\">\n<div class=\"react-scroll-to-bottom--css-apako-79elbk h-full\">\n<div class=\"react-scroll-to-bottom--css-apako-1n7m0yu\">\n<div class=\"flex flex-col pb-9 text-sm\">\n<div class=\"w-full text-token-text-primary\" data-testid=\"conversation-turn-71\">\n<div class=\"px-4 py-2 justify-center text-base md:gap-6 m-auto\">\n<div class=\"flex flex-1 text-base mx-auto gap-3 md:px-5 lg:px-1 xl:px-5 md:max-w-3xl lg:max-w-[40rem] xl:max-w-[48rem] group final-completion\">\n<div class=\"relative flex w-full flex-col lg:w-[calc(100%-115px)] agent-turn\">\n<div class=\"flex-col gap-1 md:gap-3\">\n<div class=\"flex flex-grow flex-col max-w-full\">\n<div class=\"min-h-[20px] text-message flex flex-col items-start gap-3 whitespace-pre-wrap break-words [.text-message+&amp;]:mt-5 overflow-x-auto\" data-message-author-role=\"assistant\" data-message-id=\"74677391-94a0-4548-a43a-055cd99a8357\">\n<div class=\"markdown prose w-full break-words dark:prose-invert dark\">\n<p>Les lignes directrices pr\u00e9sent\u00e9es par la commission des accidents du travail de l&rsquo;\u00c9tat de New York (Workers Compensation Board) offrent des principes fondamentaux pour le traitement des doigts en maillet. Ces directives sont con\u00e7ues pour aider les professionnels de la sant\u00e9 \u00e0 identifier les approches th\u00e9rapeutiques appropri\u00e9es dans le cadre d&rsquo;une \u00e9valuation compl\u00e8te.<\/p>\n<p>Les professionnels de la sant\u00e9 sp\u00e9cialis\u00e9s dans la prise en charge du doigt en maillet peuvent s&rsquo;appuyer sur les conseils de la Commission des accidents du travail pour prendre des d\u00e9cisions \u00e9clair\u00e9es sur les m\u00e9thodes th\u00e9rapeutiques les plus appropri\u00e9es pour leurs patients.<\/p>\n<p>Il est essentiel de souligner que ces lignes directrices ne sont pas destin\u00e9es \u00e0 remplacer le jugement clinique ou l&rsquo;expertise professionnelle. La d\u00e9cision finale concernant la prise en charge du doigt de Mallet doit faire l&rsquo;objet d&rsquo;une collaboration entre le patient et son prestataire de soins.<\/p>\n<h2><a href=\"https:\/\/www.cortho.org\/workers-compensation\/mtg\/hand-wrist-and-forearm-injuries\/mallet-finger\/\" target=\"_blank\" rel=\"noopener\">Doigt de maillet<\/a><\/h2>\n<p>Le doigt en maillet est une l\u00e9sion professionnelle fr\u00e9quente, bien qu&rsquo;il puisse survenir avec un traumatisme apparent minime. Cette l\u00e9sion implique la rupture du m\u00e9canisme extenseur d&rsquo;un doigt au niveau de l&rsquo;articulation distale du membre sup\u00e9rieur, avec ou sans <a href=\"https:\/\/newyorkhipknee.com\/ca-fr\/fractures-et-traumatismes\/\" target=\"_blank\" rel=\"noopener\">fracture<\/a> du segment phalangien distal. Le diagnostic repose g\u00e9n\u00e9ralement sur l&rsquo;incapacit\u00e9 \u00e0 \u00e9tendre l&rsquo;articulation interphalangienne distale, habituellement \u00e0 la suite d&rsquo;un traumatisme ou d&rsquo;une arthrose de l&rsquo;articulation interphalangienne distale.<\/p>\n<p>&nbsp;<\/p>\n<h3>\u00c9tudes de diagnostic<\/h3>\n<p>Radiographie &#8211; Recommand\u00e9e dans la plupart des cas de doigt en maillet pour d\u00e9terminer la pr\u00e9sence d&rsquo;une fracture. Il est prouv\u00e9 que les rayons X peuvent \u00eatre utilis\u00e9s \u00e0 cette fin. \u00c9chographie &#8211; Non recommand\u00e9e pour le diagnostic du doigt en maillet.<\/p>\n<p>&nbsp;<\/p>\n<h3>M\u00e9dicaments<\/h3>\n<p>Pour la plupart des patients, l&rsquo;ibuprof\u00e8ne, le naprox\u00e8ne ou d&rsquo;autres AINS d&rsquo;ancienne g\u00e9n\u00e9ration sont recommand\u00e9s comme m\u00e9dicaments de premi\u00e8re intention. L&rsquo;ac\u00e9taminoph\u00e8ne (ou son analogue le parac\u00e9tamol) peut \u00eatre une alternative raisonnable aux AINS pour les patients qui ne sont pas candidats aux AINS, bien que la plupart des preuves sugg\u00e8rent que l&rsquo;ac\u00e9taminoph\u00e8ne est l\u00e9g\u00e8rement moins efficace.<\/p>\n<p>Les AINS, y compris les m\u00e9dicaments en vente libre, sont recommand\u00e9s pour le traitement des doigts en maillet aigus, subaigus ou chroniques. La fr\u00e9quence et la dur\u00e9e d&rsquo;utilisation des AINS peuvent varier d&rsquo;un patient \u00e0 l&rsquo;autre, les indications d&rsquo;arr\u00eat \u00e9tant la disparition des sympt\u00f4mes, le manque d&rsquo;efficacit\u00e9 ou l&rsquo;apparition d&rsquo;effets ind\u00e9sirables.<\/p>\n<p><strong>AINS pour les patients pr\u00e9sentant un risque \u00e9lev\u00e9 d&rsquo;h\u00e9morragie gastro-intestinale<\/strong><\/p>\n<p>Recommand\u00e9 pour l&rsquo;utilisation concomitante de classes de m\u00e9dicaments cytoprotecteurs (misoprostol, sucralfate, inhibiteurs des r\u00e9cepteurs histaminiques de type 2 et inhibiteurs de la pompe \u00e0 protons) chez les patients pr\u00e9sentant un risque \u00e9lev\u00e9 d&rsquo;h\u00e9morragie gastro-intestinale. Les indications, la fr\u00e9quence, la dose et la dur\u00e9e sont sp\u00e9cifi\u00e9es en fonction du profil de risque du patient. L&rsquo;intol\u00e9rance, les effets ind\u00e9sirables ou l&rsquo;arr\u00eat d&rsquo;un AINS sont des indications pour l&rsquo;arr\u00eat du traitement.<\/p>\n<p><strong>AINS pour les patients pr\u00e9sentant un risque d&rsquo;effets ind\u00e9sirables cardiovasculaires<\/strong><\/p>\n<p>Les patients pr\u00e9sentant une maladie cardiovasculaire connue ou plusieurs facteurs de risque de maladie cardiovasculaire doivent discuter des risques et des avantages d&rsquo;un traitement par AINS contre la douleur. L&rsquo;ac\u00e9taminoph\u00e8ne ou l&rsquo;aspirine sont recommand\u00e9s comme traitement de premi\u00e8re intention, car ils semblent \u00eatre les plus s\u00fbrs en ce qui concerne les effets ind\u00e9sirables cardiovasculaires. Si n\u00e9cessaire, les AINS non s\u00e9lectifs sont pr\u00e9f\u00e9rables aux m\u00e9dicaments sp\u00e9cifiques \u00e0 la COX-2. Pour les patients recevant de l&rsquo;aspirine \u00e0 faible dose pour la pr\u00e9vention des maladies cardiovasculaires, l&rsquo;AINS doit \u00eatre pris au moins 30 minutes apr\u00e8s ou 8 heures avant l&rsquo;aspirine quotidienne.<\/p>\n<p><strong>L&rsquo;ac\u00e9taminoph\u00e8ne pour le traitement de la douleur du doigt en maillet<\/strong><\/p>\n<p>Recommand\u00e9 pour le traitement de la douleur des doigts en maillet, en particulier chez les patients pr\u00e9sentant des contre-indications aux AINS. Tous les patients souffrant de douleurs aux doigts en maillet, qu&rsquo;elles soient aigu\u00ebs, subaigu\u00ebs, chroniques ou post-op\u00e9ratoires, sont inclus dans les indications. La dose, la fr\u00e9quence et les indications d&rsquo;arr\u00eat sont fournies.<\/p>\n<p><a href=\"https:\/\/newyorkhipknee.com\/workers-comp\/mtg\/non-acute-pain\/opioids-for-non-acute-pain\/\" target=\"_blank\" rel=\"noopener\"><strong>Opio\u00efdes pour le traitement de la douleur aigu\u00eb, subaigu\u00eb ou chronique du doigt en maillet<\/strong><\/a><\/p>\n<p>Non recommand\u00e9 pour le traitement des douleurs aigu\u00ebs, subaigu\u00ebs ou chroniques des doigts en maillet. Recommand\u00e9 pour un usage limit\u00e9 (pas plus de sept jours) dans la gestion de la douleur postop\u00e9ratoire en tant que th\u00e9rapie d&rsquo;appoint \u00e0 des traitements plus efficaces. Prescrit selon les besoins, avec une justification de la recommandation.<\/p>\n<\/div>\n<\/div>\n<\/div>\n<div class=\"mt-1 flex justify-start gap-3 empty:hidden\">\n<div class=\"text-gray-400 flex self-end lg:self-center justify-center lg:justify-start mt-0 -ml-1 visible\">\n<p>&nbsp;<\/p>\n<div class=\"flex\">\n<div class=\"flex-1 overflow-hidden\">\n<div class=\"react-scroll-to-bottom--css-apako-79elbk h-full\">\n<div class=\"react-scroll-to-bottom--css-apako-1n7m0yu\">\n<div class=\"flex flex-col pb-9 text-sm\">\n<div class=\"w-full text-token-text-primary\" data-testid=\"conversation-turn-73\">\n<div class=\"px-4 py-2 justify-center text-base md:gap-6 m-auto\">\n<div class=\"flex flex-1 text-base mx-auto gap-3 md:px-5 lg:px-1 xl:px-5 md:max-w-3xl lg:max-w-[40rem] xl:max-w-[48rem] group final-completion\">\n<div class=\"relative flex w-full flex-col lg:w-[calc(100%-115px)] agent-turn\">\n<div class=\"flex-col gap-1 md:gap-3\">\n<div class=\"flex flex-grow flex-col max-w-full\">\n<div class=\"min-h-[20px] text-message flex flex-col items-start gap-3 whitespace-pre-wrap break-words [.text-message+&amp;]:mt-5 overflow-x-auto\" data-message-author-role=\"assistant\" data-message-id=\"226acf71-6941-4bbb-9e48-b2ff43cf9199\">\n<div class=\"markdown prose w-full break-words dark:prose-invert dark\">\n<h3>R\u00e9habilitation<\/h3>\n<p><strong>Th\u00e9rapie : Actif<\/strong> <em>Exercice th\u00e9rapeutique<\/em><\/p>\n<ul>\n<li>Non recommand\u00e9 : En phase aigu\u00eb, la plupart des patients souffrant d&rsquo;un doigt en maillet n&rsquo;ont pas besoin de participer \u00e0 un programme d&rsquo;exercices.<\/li>\n<li>Recommand\u00e9 : Chez certains patients pr\u00e9sentant des d\u00e9ficits r\u00e9siduels, en particulier apr\u00e8s l&rsquo;op\u00e9ration.<\/li>\n<li>Fr\u00e9quence\/dose\/dur\u00e9e : Le nombre total de visites peut aller de deux ou trois pour les patients pr\u00e9sentant des d\u00e9ficits fonctionnels l\u00e9gers, jusqu&rsquo;\u00e0 12 ou 15 pour les d\u00e9ficits plus s\u00e9v\u00e8res, avec documentation d&rsquo;une am\u00e9lioration fonctionnelle objective continue. Si les d\u00e9ficits persistent, plus de 12 \u00e0 15 visites peuvent \u00eatre indiqu\u00e9es avec la documentation de l&rsquo;am\u00e9lioration fonctionnelle vers des objectifs sp\u00e9cifiques. Dans le cadre du plan de r\u00e9adaptation, un programme d&rsquo;exercices \u00e0 domicile doit \u00eatre mis au point et ex\u00e9cut\u00e9 parall\u00e8lement \u00e0 la th\u00e9rapie.<\/li>\n<\/ul>\n<p><strong>Th\u00e9rapie : Passive<\/strong> <em>Attelles &#8211; Attelles d&rsquo;extension avec l&rsquo;articulation en position neutre<\/em><\/p>\n<ul>\n<li>Recommand\u00e9 : Pour le traitement des doigts en maillet aigus ou subaigus.<\/li>\n<li>Indications : Doigts en maillet aigus ou subaigus.<\/li>\n<li>Fr\u00e9quence\/Dur\u00e9e : Attelle pendant six \u00e0 huit semaines, avec possibilit\u00e9 d&rsquo;utilisation nocturne pendant deux \u00e0 quatre semaines suppl\u00e9mentaires. Les attelles doivent maintenir le doigt en extension compl\u00e8te et continue pendant une dur\u00e9e minimale de six semaines. Certains protocoles durent huit semaines, tandis que d&rsquo;autres pr\u00e9voient une utilisation nocturne pendant deux \u00e0 quatre semaines suppl\u00e9mentaires.<\/li>\n<li>Preuves de l&rsquo;utilisation d&rsquo;attelles<\/li>\n<\/ul>\n<p><em>Instructions pour le port de l&rsquo;attelle<\/em><\/p>\n<ul>\n<li>Recommand\u00e9 : Que des instructions pr\u00e9cises sur le port de l&rsquo;attelle soient fournies aux patients.<\/li>\n<li>Preuves de l&rsquo;utilisation du port d&rsquo;une attelle<\/li>\n<\/ul>\n<p>&nbsp;<\/p>\n<h3><strong>Chirurgie<\/strong><\/h3>\n<ul>\n<li>D\u00e9conseill\u00e9 : En g\u00e9n\u00e9ral.<\/li>\n<li>Recommand\u00e9 : Chez certains patients pr\u00e9sentant des fractures d\u00e9plac\u00e9es lorsque l&rsquo;articulation DIP est sublux\u00e9e.<\/li>\n<\/ul>\n<\/div>\n<\/div>\n<\/div>\n<div class=\"mt-1 flex justify-start gap-3 empty:hidden\">\n<div class=\"text-gray-400 flex self-end lg:self-center justify-center lg:justify-start mt-0 -ml-1 visible\">\n<p>&nbsp;<\/p>\n<div class=\"flex\"><\/div>\n<div class=\"flex items-center gap-1.5 text-xs\"><\/div>\n<\/div>\n<\/div>\n<\/div>\n<\/div>\n<\/div>\n<\/div>\n<\/div>\n<\/div>\n<\/div>\n<\/div>\n<\/div>\n<div class=\"w-full pt-2 md:pt-0 dark:border-white\/20 md:border-transparent md:dark:border-transparent md:w-[calc(100%-.5rem)]\">\n<form class=\"stretch mx-2 flex flex-row gap-3 last:mb-2 md:mx-4 md:last:mb-6 lg:mx-auto lg:max-w-2xl xl:max-w-3xl\">\n<div class=\"relative flex h-full flex-1 items-stretch md:flex-col\">\n<div class=\"flex w-full items-center\"><\/div>\n<\/div>\n<\/form>\n<\/div>\n<\/div>\n<div class=\"flex items-center gap-1.5 text-xs\"><\/div>\n<\/div>\n<\/div>\n<\/div>\n<\/div>\n<\/div>\n<\/div>\n<\/div>\n<\/div>\n<\/div>\n<\/div>\n<\/div>\n<div class=\"w-full pt-2 md:pt-0 dark:border-white\/20 md:border-transparent md:dark:border-transparent md:w-[calc(100%-.5rem)]\">\n<form class=\"stretch mx-2 flex flex-row gap-3 last:mb-2 md:mx-4 md:last:mb-6 lg:mx-auto lg:max-w-2xl xl:max-w-3xl\">\n<div class=\"relative flex h-full flex-1 items-stretch md:flex-col\">\n<div class=\"flex w-full items-center\"><\/div>\n<\/div>\n<\/form>\n<\/div>\n","protected":false},"excerpt":{"rendered":"<p>Les lignes directrices pr\u00e9sent\u00e9es par la commission des accidents du travail de l&rsquo;\u00c9tat de New York (Workers Compensation Board) offrent des principes fondamentaux pour le traitement des doigts en maillet. Ces directives sont con\u00e7ues pour aider les professionnels de la sant\u00e9 \u00e0 identifier les approches th\u00e9rapeutiques appropri\u00e9es dans le cadre d&rsquo;une \u00e9valuation compl\u00e8te. Les professionnels [&hellip;]<\/p>\n","protected":false},"author":33,"featured_media":0,"parent":0,"menu_order":0,"comment_status":"closed","ping_status":"closed","template":"","meta":{"_et_pb_use_builder":"","_et_pb_old_content":"","_et_gb_content_width":"","footnotes":""},"class_list":["post-23444","page","type-page","status-publish","hentry"],"yoast_head":"<!-- This site is optimized with the Yoast SEO plugin v27.2 - https:\/\/yoast.com\/product\/yoast-seo-wordpress\/ -->\n<title>Directives de traitement m\u00e9dical de l&#039;\u00c9tat de New York pour le doigt en maillet chez les travailleurs indemnis\u00e9s | Best Hip &amp; Knee Surgeon | NY, USA<\/title>\n<meta name=\"description\" content=\"Les lignes directrices pr\u00e9sent\u00e9es par la commission des accidents du travail de l&#039;\u00c9tat de New York (Workers Compensation Board) offrent des principes\" \/>\n<meta name=\"robots\" content=\"index, follow, max-snippet:-1, max-image-preview:large, max-video-preview:-1\" \/>\n<link rel=\"canonical\" href=\"https:\/\/www.newyorkhipknee.com\/fr\/directives-de-traitement-medical-de-letat-de-new-york-pour-le-doigt-en-maillet-chez-les-travailleurs-indemnises\/\" \/>\n<meta property=\"og:locale\" content=\"fr_FR\" \/>\n<meta property=\"og:type\" content=\"article\" \/>\n<meta property=\"og:title\" content=\"Directives de traitement m\u00e9dical de l&#039;\u00c9tat de New York pour le doigt en maillet chez les travailleurs indemnis\u00e9s | Best Hip &amp; Knee Surgeon | NY, USA\" \/>\n<meta property=\"og:description\" content=\"Les lignes directrices pr\u00e9sent\u00e9es par la commission des accidents du travail de l&#039;\u00c9tat de New York (Workers Compensation Board) offrent des principes\" \/>\n<meta property=\"og:url\" content=\"https:\/\/www.newyorkhipknee.com\/fr\/directives-de-traitement-medical-de-letat-de-new-york-pour-le-doigt-en-maillet-chez-les-travailleurs-indemnises\/\" \/>\n<meta property=\"og:site_name\" content=\"Best Hip &amp; Knee Surgeon | NY, USA\" \/>\n<meta name=\"twitter:card\" content=\"summary_large_image\" \/>\n<meta name=\"twitter:label1\" content=\"Dur\u00e9e de lecture estim\u00e9e\" \/>\n\t<meta name=\"twitter:data1\" content=\"5 minutes\" \/>\n<script type=\"application\/ld+json\" class=\"yoast-schema-graph\">{\"@context\":\"https:\/\/schema.org\",\"@graph\":[{\"@type\":[\"WebPage\",\"MedicalWebPage\"],\"@id\":\"https:\/\/www.newyorkhipknee.com\/fr\/directives-de-traitement-medical-de-letat-de-new-york-pour-le-doigt-en-maillet-chez-les-travailleurs-indemnises\/\",\"url\":\"https:\/\/www.newyorkhipknee.com\/fr\/directives-de-traitement-medical-de-letat-de-new-york-pour-le-doigt-en-maillet-chez-les-travailleurs-indemnises\/\",\"name\":\"Directives de traitement m\u00e9dical de l'\u00c9tat de New York pour le doigt en maillet chez les travailleurs indemnis\u00e9s | Best Hip &amp; Knee Surgeon | NY, USA\",\"isPartOf\":{\"@id\":\"https:\/\/www.newyorkhipknee.com\/fr\/#website\"},\"datePublished\":\"2024-02-01T17:47:53+00:00\",\"description\":\"Les lignes directrices pr\u00e9sent\u00e9es par la commission des accidents du travail de l'\u00c9tat de New York (Workers Compensation Board) offrent des principes\",\"breadcrumb\":{\"@id\":\"https:\/\/www.newyorkhipknee.com\/fr\/directives-de-traitement-medical-de-letat-de-new-york-pour-le-doigt-en-maillet-chez-les-travailleurs-indemnises\/#breadcrumb\"},\"inLanguage\":\"fr-FR\",\"potentialAction\":[{\"@type\":\"ReadAction\",\"target\":[\"https:\/\/www.newyorkhipknee.com\/fr\/directives-de-traitement-medical-de-letat-de-new-york-pour-le-doigt-en-maillet-chez-les-travailleurs-indemnises\/\"]}]},{\"@type\":\"BreadcrumbList\",\"@id\":\"https:\/\/www.newyorkhipknee.com\/fr\/directives-de-traitement-medical-de-letat-de-new-york-pour-le-doigt-en-maillet-chez-les-travailleurs-indemnises\/#breadcrumb\",\"itemListElement\":[{\"@type\":\"ListItem\",\"position\":1,\"name\":\"Home\",\"item\":\"https:\/\/www.newyorkhipknee.com\/fr\/\"},{\"@type\":\"ListItem\",\"position\":2,\"name\":\"Directives de traitement m\u00e9dical de l&#8217;\u00c9tat de New York pour le doigt en maillet chez les travailleurs indemnis\u00e9s\"}]},{\"@type\":\"WebSite\",\"@id\":\"https:\/\/www.newyorkhipknee.com\/fr\/#website\",\"url\":\"https:\/\/www.newyorkhipknee.com\/fr\/\",\"name\":\"Best Hip & Knee Surgeon | NY, USA\",\"description\":\"\",\"potentialAction\":[{\"@type\":\"SearchAction\",\"target\":{\"@type\":\"EntryPoint\",\"urlTemplate\":\"https:\/\/www.newyorkhipknee.com\/fr\/?s={search_term_string}\"},\"query-input\":{\"@type\":\"PropertyValueSpecification\",\"valueRequired\":true,\"valueName\":\"search_term_string\"}}],\"inLanguage\":\"fr-FR\"}]}<\/script>\n<!-- \/ Yoast SEO plugin. -->","yoast_head_json":{"title":"Directives de traitement m\u00e9dical de l'\u00c9tat de New York pour le doigt en maillet chez les travailleurs indemnis\u00e9s | Best Hip &amp; Knee Surgeon | NY, USA","description":"Les lignes directrices pr\u00e9sent\u00e9es par la commission des accidents du travail de l'\u00c9tat de New York (Workers Compensation Board) offrent des principes","robots":{"index":"index","follow":"follow","max-snippet":"max-snippet:-1","max-image-preview":"max-image-preview:large","max-video-preview":"max-video-preview:-1"},"canonical":"https:\/\/www.newyorkhipknee.com\/fr\/directives-de-traitement-medical-de-letat-de-new-york-pour-le-doigt-en-maillet-chez-les-travailleurs-indemnises\/","og_locale":"fr_FR","og_type":"article","og_title":"Directives de traitement m\u00e9dical de l'\u00c9tat de New York pour le doigt en maillet chez les travailleurs indemnis\u00e9s | Best Hip &amp; Knee Surgeon | NY, USA","og_description":"Les lignes directrices pr\u00e9sent\u00e9es par la commission des accidents du travail de l'\u00c9tat de New York (Workers Compensation Board) offrent des principes","og_url":"https:\/\/www.newyorkhipknee.com\/fr\/directives-de-traitement-medical-de-letat-de-new-york-pour-le-doigt-en-maillet-chez-les-travailleurs-indemnises\/","og_site_name":"Best Hip &amp; Knee Surgeon | NY, USA","twitter_card":"summary_large_image","twitter_misc":{"Dur\u00e9e de lecture estim\u00e9e":"5 minutes"},"schema":{"@context":"https:\/\/schema.org","@graph":[{"@type":["WebPage","MedicalWebPage"],"@id":"https:\/\/www.newyorkhipknee.com\/fr\/directives-de-traitement-medical-de-letat-de-new-york-pour-le-doigt-en-maillet-chez-les-travailleurs-indemnises\/","url":"https:\/\/www.newyorkhipknee.com\/fr\/directives-de-traitement-medical-de-letat-de-new-york-pour-le-doigt-en-maillet-chez-les-travailleurs-indemnises\/","name":"Directives de traitement m\u00e9dical de l'\u00c9tat de New York pour le doigt en maillet chez les travailleurs indemnis\u00e9s | Best Hip &amp; Knee Surgeon | NY, USA","isPartOf":{"@id":"https:\/\/www.newyorkhipknee.com\/fr\/#website"},"datePublished":"2024-02-01T17:47:53+00:00","description":"Les lignes directrices pr\u00e9sent\u00e9es par la commission des accidents du travail de l'\u00c9tat de New York (Workers Compensation Board) offrent des principes","breadcrumb":{"@id":"https:\/\/www.newyorkhipknee.com\/fr\/directives-de-traitement-medical-de-letat-de-new-york-pour-le-doigt-en-maillet-chez-les-travailleurs-indemnises\/#breadcrumb"},"inLanguage":"fr-FR","potentialAction":[{"@type":"ReadAction","target":["https:\/\/www.newyorkhipknee.com\/fr\/directives-de-traitement-medical-de-letat-de-new-york-pour-le-doigt-en-maillet-chez-les-travailleurs-indemnises\/"]}]},{"@type":"BreadcrumbList","@id":"https:\/\/www.newyorkhipknee.com\/fr\/directives-de-traitement-medical-de-letat-de-new-york-pour-le-doigt-en-maillet-chez-les-travailleurs-indemnises\/#breadcrumb","itemListElement":[{"@type":"ListItem","position":1,"name":"Home","item":"https:\/\/www.newyorkhipknee.com\/fr\/"},{"@type":"ListItem","position":2,"name":"Directives de traitement m\u00e9dical de l&#8217;\u00c9tat de New York pour le doigt en maillet chez les travailleurs indemnis\u00e9s"}]},{"@type":"WebSite","@id":"https:\/\/www.newyorkhipknee.com\/fr\/#website","url":"https:\/\/www.newyorkhipknee.com\/fr\/","name":"Best Hip & Knee Surgeon | NY, USA","description":"","potentialAction":[{"@type":"SearchAction","target":{"@type":"EntryPoint","urlTemplate":"https:\/\/www.newyorkhipknee.com\/fr\/?s={search_term_string}"},"query-input":{"@type":"PropertyValueSpecification","valueRequired":true,"valueName":"search_term_string"}}],"inLanguage":"fr-FR"}]}},"_links":{"self":[{"href":"https:\/\/www.newyorkhipknee.com\/fr\/wp-json\/wp\/v2\/pages\/23444","targetHints":{"allow":["GET"]}}],"collection":[{"href":"https:\/\/www.newyorkhipknee.com\/fr\/wp-json\/wp\/v2\/pages"}],"about":[{"href":"https:\/\/www.newyorkhipknee.com\/fr\/wp-json\/wp\/v2\/types\/page"}],"author":[{"embeddable":true,"href":"https:\/\/www.newyorkhipknee.com\/fr\/wp-json\/wp\/v2\/users\/33"}],"replies":[{"embeddable":true,"href":"https:\/\/www.newyorkhipknee.com\/fr\/wp-json\/wp\/v2\/comments?post=23444"}],"version-history":[{"count":0,"href":"https:\/\/www.newyorkhipknee.com\/fr\/wp-json\/wp\/v2\/pages\/23444\/revisions"}],"wp:attachment":[{"href":"https:\/\/www.newyorkhipknee.com\/fr\/wp-json\/wp\/v2\/media?parent=23444"}],"curies":[{"name":"wp","href":"https:\/\/api.w.org\/{rel}","templated":true}]}}