{"id":23454,"date":"2024-02-01T15:48:22","date_gmt":"2024-02-01T20:48:22","guid":{"rendered":"https:\/\/newyorkhipknee.com\/directives-de-traitement-medical-de-letat-de-new-york-pour-le-piegeage-du-nerf-cubital-au-poignet-chez-les-patients-indemnises-pour-accident-du-travail\/"},"modified":"2024-02-20T07:57:44","modified_gmt":"2024-02-20T12:57:44","slug":"directives-de-traitement-medical-de-letat-de-new-york-pour-le-piegeage-du-nerf-cubital-au-poignet-chez-les-patients-indemnises-pour-accident-du-travail","status":"publish","type":"page","link":"https:\/\/www.newyorkhipknee.com\/fr\/directives-de-traitement-medical-de-letat-de-new-york-pour-le-piegeage-du-nerf-cubital-au-poignet-chez-les-patients-indemnises-pour-accident-du-travail\/","title":{"rendered":"Directives de traitement m\u00e9dical de l&rsquo;\u00c9tat de New York pour le pi\u00e9geage du nerf cubital au poignet chez les patients indemnis\u00e9s pour accident du travail"},"content":{"rendered":"<p>Les lignes directrices pr\u00e9sent\u00e9es par la commission des accidents du travail de l&rsquo;\u00c9tat de New York fournissent des principes fondamentaux pour traiter le pi\u00e9geage du nerf cubital au poignet. Ces directives sont con\u00e7ues pour aider les professionnels de la sant\u00e9 \u00e0 identifier les approches th\u00e9rapeutiques appropri\u00e9es dans le cadre d&rsquo;une \u00e9valuation compl\u00e8te.<\/p>\n<p>Les professionnels de la sant\u00e9 sp\u00e9cialis\u00e9s dans la prise en charge du pi\u00e9geage du nerf cubital au poignet peuvent s&rsquo;appuyer sur les orientations d\u00e9finies par la Commission des accidents du travail pour prendre des d\u00e9cisions \u00e9clair\u00e9es sur les m\u00e9thodes th\u00e9rapeutiques les plus adapt\u00e9es \u00e0 leurs patients.<\/p>\n<p>Il est essentiel de souligner que ces lignes directrices ne sont pas destin\u00e9es \u00e0 remplacer le jugement clinique ou l&rsquo;expertise professionnelle. La d\u00e9cision finale concernant la prise en charge du pi\u00e9geage du nerf ulnaire au poignet doit faire l&rsquo;objet d&rsquo;une collaboration entre le patient et son prestataire de soins.<\/p>\n<p>&nbsp;<\/p>\n<h2><a href=\"https:\/\/www.cortho.org\/workers-compensation\/mtg\/hand-wrist-and-forearmulnar-nerve-entrapment-at-the-wrist-including-guyons-canal-syndrome-and-hypothenar-hammer-syndrome\/\" target=\"_blank\" rel=\"noopener\">Le pi\u00e9geage du nerf cubital au poignet<\/a><\/h2>\n<p>&nbsp;<\/p>\n<div class=\"flex-1 overflow-hidden\">\n<div class=\"react-scroll-to-bottom--css-qijvw-79elbk h-full\">\n<div class=\"react-scroll-to-bottom--css-qijvw-1n7m0yu\">\n<div class=\"flex flex-col pb-9 text-sm\">\n<div class=\"w-full text-token-text-primary\" data-testid=\"conversation-turn-83\">\n<div class=\"px-4 py-2 justify-center text-base md:gap-6 m-auto\">\n<div class=\"flex flex-1 text-base mx-auto gap-3 md:px-5 lg:px-1 xl:px-5 md:max-w-3xl lg:max-w-[40rem] xl:max-w-[48rem] group final-completion\">\n<div class=\"relative flex w-full flex-col lg:w-[calc(100%-115px)] agent-turn\">\n<div class=\"flex-col gap-1 md:gap-3\">\n<div class=\"flex flex-grow flex-col max-w-full\">\n<div class=\"min-h-[20px] text-message flex flex-col items-start gap-3 whitespace-pre-wrap break-words [.text-message+&amp;]:mt-5 overflow-x-auto\" data-message-author-role=\"assistant\" data-message-id=\"c8654ee5-8cc9-4266-a8bd-859769ab9ece\">\n<div class=\"markdown prose w-full break-words dark:prose-invert dark\">\n<h3><em>\u00c9tudes de diagnostic<\/em><\/h3>\n<p><strong><em>\u00c9tudes d&rsquo;\u00e9lectrodiagnostic<\/em><\/strong><\/p>\n<p>Recommand\u00e9 pour confirmer la suspicion clinique de pi\u00e9geage du nerf ulnaire au niveau du poignet. Les \u00e9tudes \u00e9lectrodiagnostiques doivent \u00eatre r\u00e9alis\u00e9es par des \u00e9lectrodiagnostiqueurs bien form\u00e9s, de pr\u00e9f\u00e9rence certifi\u00e9s par l&rsquo;American Board of Electrodiagnostic Medicine.<\/p>\n<p><strong><em>IRM ou \u00e9chographie<\/em><\/strong><\/p>\n<p>Non recommand\u00e9 pour diagnostiquer le pi\u00e9geage du nerf ulnaire au niveau du poignet. Elle est toutefois recommand\u00e9e en cas de suspicion de masse des tissus mous, l&rsquo;IRM \u00e9tant pr\u00e9f\u00e9rable pour des affections telles que les kystes ganglionnaires.<\/p>\n<p><strong><em>CT<\/em><\/strong><\/p>\n<p>Recommand\u00e9 pour diagnostiquer le pi\u00e9geage du nerf ulnaire au poignet si l&rsquo;on soup\u00e7onne une fracture du crochet de l&rsquo;hamate. La tomodensitom\u00e9trie est pr\u00e9f\u00e9rable pour \u00e9valuer les fractures.<\/p>\n<p>&nbsp;<\/p>\n<h3><em>M\u00e9dicaments<\/em><\/h3>\n<p>Pour la plupart des patients, l&rsquo;ibuprof\u00e8ne, le naprox\u00e8ne ou d&rsquo;autres AINS d&rsquo;ancienne g\u00e9n\u00e9ration sont recommand\u00e9s comme m\u00e9dicaments de premi\u00e8re intention. L&rsquo;ac\u00e9taminoph\u00e8ne peut \u00eatre une alternative pour les personnes qui ne peuvent pas prendre d&rsquo;AINS, bien que ces derniers soient g\u00e9n\u00e9ralement plus efficaces.<\/p>\n<p><strong><em>Anti-inflammatoires non st\u00e9ro\u00efdiens (AINS) pour la compression du nerf cubital<\/em><\/strong><\/p>\n<p>Recommand\u00e9 en cas de compression aigu\u00eb, subaigu\u00eb ou chronique du nerf ulnaire au niveau du poignet. Les agents en vente libre sont sugg\u00e9r\u00e9s en premier lieu. L&rsquo;utilisation doit se faire en fonction des besoins et \u00eatre interrompue en cas de disparition des sympt\u00f4mes, de manque d&rsquo;efficacit\u00e9 ou d&rsquo;apparition d&rsquo;effets ind\u00e9sirables.<\/p>\n<p><strong><em>AINS pour les patients pr\u00e9sentant un risque \u00e9lev\u00e9 d&rsquo;h\u00e9morragie gastro-intestinale<\/em><\/strong><\/p>\n<p>Recommand\u00e9 pour une utilisation concomitante avec des m\u00e9dicaments cytoprotecteurs chez les patients pr\u00e9sentant un risque \u00e9lev\u00e9 d&rsquo;h\u00e9morragie gastro-intestinale. Il est particuli\u00e8rement important de prendre en consid\u00e9ration les patients \u00e0 risque, comme ceux qui ont des ant\u00e9c\u00e9dents d&rsquo;h\u00e9morragie gastro-intestinale, les personnes \u00e2g\u00e9es, les diab\u00e9tiques et les fumeurs.<\/p>\n<p><strong><em>AINS pour les patients pr\u00e9sentant un risque d&rsquo;effets ind\u00e9sirables cardiovasculaires<\/em><\/strong><\/p>\n<p>Les patients pr\u00e9sentant une maladie cardiovasculaire ou des facteurs de risque doivent discuter des risques et des avantages d&rsquo;un traitement par AINS. L&rsquo;ac\u00e9taminoph\u00e8ne ou l&rsquo;aspirine sont recommand\u00e9s comme traitement de premi\u00e8re intention. Si des AINS sont n\u00e9cessaires, il est pr\u00e9f\u00e9rable d&rsquo;utiliser des m\u00e9dicaments non s\u00e9lectifs plut\u00f4t que des m\u00e9dicaments sp\u00e9cifiques \u00e0 la COX-2. Pour minimiser la contre-action avec l&rsquo;aspirine, les AINS doivent \u00eatre pris au moins 30 minutes apr\u00e8s ou 8 heures avant l&rsquo;aspirine quotidienne.<\/p>\n<p><strong><em>Ac\u00e9taminoph\u00e8ne pour la douleur de compression du nerf cubital<\/em><\/strong><\/p>\n<p>Recommand\u00e9 pour les douleurs associ\u00e9es \u00e0 la compression du nerf ulnaire au niveau du poignet, en particulier pour les patients pr\u00e9sentant des contre-indications aux AINS. L&rsquo;utilisation doit \u00eatre conforme aux recommandations du fabricant et les risques de toxicit\u00e9 h\u00e9patique doivent \u00eatre pris en compte.<\/p>\n<p><a href=\"https:\/\/newyorkhipknee.com\/workers-comp\/mtg\/non-acute-pain\/opioids-for-non-acute-pain\/\" target=\"_blank\" rel=\"noopener\"><strong><em>Opio\u00efdes<\/em><\/strong><\/a><\/p>\n<p>Non recommand\u00e9 pour le pi\u00e9geage aigu, subaigu ou chronique du nerf ulnaire. Toutefois, il est recommand\u00e9 d&rsquo;en faire un usage limit\u00e9 (ne d\u00e9passant pas sept jours) pour le traitement de la douleur postop\u00e9ratoire, en particulier la nuit, en compl\u00e9ment de traitements plus efficaces.<\/p>\n<p><strong><em>Glucocorticost\u00e9ro\u00efdes &#8211; oraux et\/ou injectables<\/em><\/strong><\/p>\n<p>Non recommand\u00e9 pour le traitement de la compression aigu\u00eb, subaigu\u00eb ou chronique du nerf ulnaire au niveau du poignet.<\/p>\n<\/div>\n<p>&nbsp;<\/p>\n<\/div>\n<\/div>\n<\/div>\n<\/div>\n<\/div>\n<\/div>\n<\/div>\n<\/div>\n<\/div>\n<\/div>\n<\/div>\n<div class=\"w-full pt-2 md:pt-0 dark:border-white\/20 md:border-transparent md:dark:border-transparent md:w-[calc(100%-.5rem)]\">\n<form class=\"stretch mx-2 flex flex-row gap-3 last:mb-2 md:mx-4 md:last:mb-6 lg:mx-auto lg:max-w-2xl xl:max-w-3xl\">\n<div class=\"relative flex h-full flex-1 items-stretch md:flex-col\">\n<div class=\"flex w-full items-center\">\n<h3><strong>Compression du nerf cubital : Attelles et r\u00e9\u00e9ducation<\/strong><\/h3>\n<h4><em>Attelles<\/em><\/h4>\n<p><strong><em>Attelle neutre du poignet<\/em><\/strong><\/p>\n<p>Recommand\u00e9 comme traitement de premi\u00e8re intention en cas de compression aigu\u00eb, subaigu\u00eb ou chronique du nerf ulnaire au niveau du poignet.<\/p>\n<p>&nbsp;<\/p>\n<h3><em>R\u00e9habilitation<\/em><\/h3>\n<p>La r\u00e9adaptation pour les accidents du travail doit viser \u00e0 restaurer la capacit\u00e9 fonctionnelle pour les activit\u00e9s quotidiennes et professionnelles, en s&rsquo;effor\u00e7ant de ramener le patient \u00e0 l&rsquo;\u00e9tat o\u00f9 il se trouvait avant l&rsquo;accident. La th\u00e9rapie active implique un effort interne de la part du patient, tandis que la th\u00e9rapie passive repose sur des modalit\u00e9s d\u00e9livr\u00e9es par un th\u00e9rapeute. L&rsquo;accent doit \u00eatre mis sur les interventions actives, les th\u00e9rapies actives et passives \u00e9tant poursuivies \u00e0 domicile pour maintenir les niveaux d&rsquo;am\u00e9lioration. Des dispositifs d&rsquo;assistance peuvent \u00eatre inclus pour faciliter les gains fonctionnels.<\/p>\n<h4><em>Th\u00e9rapie &#8211; Active<\/em><\/h4>\n<p><strong><em>Exercice th\u00e9rapeutique<\/em><\/strong><\/p>\n<p>Non recommand\u00e9 en cas de compression aigu\u00eb du nerf ulnaire au niveau du poignet, mais recommand\u00e9 en post-op\u00e9ratoire. En cas de compression subaigu\u00eb et chronique du nerf ulnaire avec des d\u00e9ficits fonctionnels, des exercices th\u00e9rapeutiques sont recommand\u00e9s.<\/p>\n<p>Justification de la recommandation : L&rsquo;exercice n&rsquo;est g\u00e9n\u00e9ralement pas indiqu\u00e9 en phase aigu\u00eb ; cependant, il peut \u00eatre n\u00e9cessaire en phase de r\u00e9cup\u00e9ration ou en phase postop\u00e9ratoire. Les objectifs fonctionnels comprennent l&rsquo;augmentation de la force de pr\u00e9hension, de la force de pincement, de l&rsquo;amplitude des mouvements et de l&rsquo;am\u00e9lioration des capacit\u00e9s de travail. La fr\u00e9quence, la dose et la dur\u00e9e peuvent varier en fonction de la gravit\u00e9 des d\u00e9ficits, un programme d&rsquo;exercices \u00e0 domicile faisant partie du plan de r\u00e9adaptation.<\/p>\n<p>&nbsp;<\/p>\n<h4><em>Th\u00e9rapie &#8211; Passive<\/em><\/h4>\n<p><strong><em>Glace &#8211; Auto-application<\/em><\/strong><\/p>\n<p>Recommand\u00e9 pour le traitement du pi\u00e9geage aigu, subaigu ou chronique du nerf radial.<\/p>\n<p><strong><em>Chaleur &#8211; Auto-application<\/em><\/strong><\/p>\n<p>Recommand\u00e9 pour le traitement du pi\u00e9geage aigu, subaigu ou chronique du nerf radial.<\/p>\n<p><strong><em>Manipulation\/mobilisation<\/em><\/strong><\/p>\n<p>Non recommand\u00e9 pour le traitement du pi\u00e9geage aigu, subaigu ou chronique du nerf radial.<\/p>\n<p><strong><em>Iontophor\u00e8se<\/em><\/strong><\/p>\n<p>Non recommand\u00e9 pour le traitement du pi\u00e9geage aigu, subaigu ou chronique du nerf radial.<\/p>\n<p><strong><em>Massage, massage par friction<\/em><\/strong><\/p>\n<p>Non recommand\u00e9 pour le traitement du pi\u00e9geage aigu, subaigu ou chronique du nerf radial.<\/p>\n<p><strong><em>Acupuncture<\/em><\/strong><\/p>\n<p>Non recommand\u00e9 pour le traitement du pi\u00e9geage aigu, subaigu ou chronique du nerf radial.<\/p>\n<p><strong><em>Modification d&rsquo;activit\u00e9<\/em><\/strong><\/p>\n<p>Recommand\u00e9, notamment en \u00e9vitant une compression m\u00e9canique localis\u00e9e importante du nerf ou l&rsquo;utilisation de la main comme marteau, pour le traitement de la compression du nerf ulnaire au niveau du poignet.<\/p>\n<p>&nbsp;<\/p>\n<h3><em>Chirurgie<\/em><\/h3>\n<p><strong><em>D\u00e9compression chirurgicale<\/em><\/strong><\/p>\n<p>Recommand\u00e9 en cas de compression subaigu\u00eb ou chronique du nerf cubital au niveau du poignet apr\u00e8s l&rsquo;\u00e9chec d&rsquo;un traitement non op\u00e9ratoire ou en pr\u00e9sence de l\u00e9sions occupant l&rsquo;espace.<\/p>\n<p>Justification de la recommandation : Elle est recommand\u00e9e pour certains patients qui n&rsquo;ont pas r\u00e9pondu \u00e0 d&rsquo;autres traitements non chirurgicaux ou en pr\u00e9sence de l\u00e9sions occupant de l&rsquo;espace. Il peut \u00e9galement \u00eatre pr\u00e9f\u00e9rable pour les personnes souffrant de diab\u00e8te sucr\u00e9.<\/p>\n<\/div>\n<\/div>\n<\/form>\n<\/div>\n","protected":false},"excerpt":{"rendered":"<p>Les lignes directrices pr\u00e9sent\u00e9es par la commission des accidents du travail de l&rsquo;\u00c9tat de New York fournissent des principes fondamentaux pour traiter le pi\u00e9geage du nerf cubital au poignet. Ces directives sont con\u00e7ues pour aider les professionnels de la sant\u00e9 \u00e0 identifier les approches th\u00e9rapeutiques appropri\u00e9es dans le cadre d&rsquo;une \u00e9valuation compl\u00e8te. Les professionnels de [&hellip;]<\/p>\n","protected":false},"author":33,"featured_media":0,"parent":0,"menu_order":0,"comment_status":"closed","ping_status":"closed","template":"","meta":{"_et_pb_use_builder":"","_et_pb_old_content":"","_et_gb_content_width":"","footnotes":""},"class_list":["post-23454","page","type-page","status-publish","hentry"],"yoast_head":"<!-- This site is optimized with the Yoast SEO plugin v27.2 - https:\/\/yoast.com\/product\/yoast-seo-wordpress\/ -->\n<title>Directives de traitement m\u00e9dical de l&#039;\u00c9tat de New York pour le pi\u00e9geage du nerf cubital au poignet chez les patients indemnis\u00e9s pour accident du travail | Best Hip &amp; Knee Surgeon | NY, USA<\/title>\n<meta name=\"description\" content=\"Les lignes directrices pr\u00e9sent\u00e9es par la commission des accidents du travail de l&#039;\u00c9tat de New York fournissent des principes fondamentaux pour traiter le\" \/>\n<meta name=\"robots\" content=\"index, follow, max-snippet:-1, max-image-preview:large, max-video-preview:-1\" \/>\n<link rel=\"canonical\" href=\"https:\/\/www.newyorkhipknee.com\/fr\/directives-de-traitement-medical-de-letat-de-new-york-pour-le-piegeage-du-nerf-cubital-au-poignet-chez-les-patients-indemnises-pour-accident-du-travail\/\" \/>\n<meta property=\"og:locale\" content=\"fr_FR\" \/>\n<meta property=\"og:type\" content=\"article\" \/>\n<meta property=\"og:title\" content=\"Directives de traitement m\u00e9dical de l&#039;\u00c9tat de New York pour le pi\u00e9geage du nerf cubital au poignet chez les patients indemnis\u00e9s pour accident du travail | Best Hip &amp; Knee Surgeon | NY, USA\" \/>\n<meta property=\"og:description\" content=\"Les lignes directrices pr\u00e9sent\u00e9es par la commission des accidents du travail de l&#039;\u00c9tat de New York fournissent des principes fondamentaux pour traiter le\" \/>\n<meta property=\"og:url\" content=\"https:\/\/www.newyorkhipknee.com\/fr\/directives-de-traitement-medical-de-letat-de-new-york-pour-le-piegeage-du-nerf-cubital-au-poignet-chez-les-patients-indemnises-pour-accident-du-travail\/\" \/>\n<meta property=\"og:site_name\" content=\"Best Hip &amp; Knee Surgeon | NY, USA\" \/>\n<meta property=\"article:modified_time\" content=\"2024-02-20T12:57:44+00:00\" \/>\n<meta name=\"twitter:card\" content=\"summary_large_image\" \/>\n<meta name=\"twitter:label1\" content=\"Dur\u00e9e de lecture estim\u00e9e\" \/>\n\t<meta name=\"twitter:data1\" content=\"6 minutes\" \/>\n<script type=\"application\/ld+json\" class=\"yoast-schema-graph\">{\"@context\":\"https:\/\/schema.org\",\"@graph\":[{\"@type\":[\"WebPage\",\"MedicalWebPage\"],\"@id\":\"https:\/\/www.newyorkhipknee.com\/fr\/directives-de-traitement-medical-de-letat-de-new-york-pour-le-piegeage-du-nerf-cubital-au-poignet-chez-les-patients-indemnises-pour-accident-du-travail\/\",\"url\":\"https:\/\/www.newyorkhipknee.com\/fr\/directives-de-traitement-medical-de-letat-de-new-york-pour-le-piegeage-du-nerf-cubital-au-poignet-chez-les-patients-indemnises-pour-accident-du-travail\/\",\"name\":\"Directives de traitement m\u00e9dical de l'\u00c9tat de New York pour le pi\u00e9geage du nerf cubital au poignet chez les patients indemnis\u00e9s pour accident du travail | Best Hip &amp; Knee Surgeon | NY, USA\",\"isPartOf\":{\"@id\":\"https:\/\/www.newyorkhipknee.com\/fr\/#website\"},\"datePublished\":\"2024-02-01T20:48:22+00:00\",\"dateModified\":\"2024-02-20T12:57:44+00:00\",\"description\":\"Les lignes directrices pr\u00e9sent\u00e9es par la commission des accidents du travail de l'\u00c9tat de New York fournissent des principes fondamentaux pour traiter le\",\"breadcrumb\":{\"@id\":\"https:\/\/www.newyorkhipknee.com\/fr\/directives-de-traitement-medical-de-letat-de-new-york-pour-le-piegeage-du-nerf-cubital-au-poignet-chez-les-patients-indemnises-pour-accident-du-travail\/#breadcrumb\"},\"inLanguage\":\"fr-FR\",\"potentialAction\":[{\"@type\":\"ReadAction\",\"target\":[\"https:\/\/www.newyorkhipknee.com\/fr\/directives-de-traitement-medical-de-letat-de-new-york-pour-le-piegeage-du-nerf-cubital-au-poignet-chez-les-patients-indemnises-pour-accident-du-travail\/\"]}]},{\"@type\":\"BreadcrumbList\",\"@id\":\"https:\/\/www.newyorkhipknee.com\/fr\/directives-de-traitement-medical-de-letat-de-new-york-pour-le-piegeage-du-nerf-cubital-au-poignet-chez-les-patients-indemnises-pour-accident-du-travail\/#breadcrumb\",\"itemListElement\":[{\"@type\":\"ListItem\",\"position\":1,\"name\":\"Home\",\"item\":\"https:\/\/www.newyorkhipknee.com\/fr\/\"},{\"@type\":\"ListItem\",\"position\":2,\"name\":\"Directives de traitement m\u00e9dical de l&rsquo;\u00c9tat de New York pour le pi\u00e9geage du nerf cubital au poignet chez les patients indemnis\u00e9s pour accident du travail\"}]},{\"@type\":\"WebSite\",\"@id\":\"https:\/\/www.newyorkhipknee.com\/fr\/#website\",\"url\":\"https:\/\/www.newyorkhipknee.com\/fr\/\",\"name\":\"Best Hip & Knee Surgeon | NY, USA\",\"description\":\"\",\"potentialAction\":[{\"@type\":\"SearchAction\",\"target\":{\"@type\":\"EntryPoint\",\"urlTemplate\":\"https:\/\/www.newyorkhipknee.com\/fr\/?s={search_term_string}\"},\"query-input\":{\"@type\":\"PropertyValueSpecification\",\"valueRequired\":true,\"valueName\":\"search_term_string\"}}],\"inLanguage\":\"fr-FR\"}]}<\/script>\n<!-- \/ Yoast SEO plugin. -->","yoast_head_json":{"title":"Directives de traitement m\u00e9dical de l'\u00c9tat de New York pour le pi\u00e9geage du nerf cubital au poignet chez les patients indemnis\u00e9s pour accident du travail | Best Hip &amp; Knee Surgeon | NY, USA","description":"Les lignes directrices pr\u00e9sent\u00e9es par la commission des accidents du travail de l'\u00c9tat de New York fournissent des principes fondamentaux pour traiter le","robots":{"index":"index","follow":"follow","max-snippet":"max-snippet:-1","max-image-preview":"max-image-preview:large","max-video-preview":"max-video-preview:-1"},"canonical":"https:\/\/www.newyorkhipknee.com\/fr\/directives-de-traitement-medical-de-letat-de-new-york-pour-le-piegeage-du-nerf-cubital-au-poignet-chez-les-patients-indemnises-pour-accident-du-travail\/","og_locale":"fr_FR","og_type":"article","og_title":"Directives de traitement m\u00e9dical de l'\u00c9tat de New York pour le pi\u00e9geage du nerf cubital au poignet chez les patients indemnis\u00e9s pour accident du travail | Best Hip &amp; Knee Surgeon | NY, USA","og_description":"Les lignes directrices pr\u00e9sent\u00e9es par la commission des accidents du travail de l'\u00c9tat de New York fournissent des principes fondamentaux pour traiter le","og_url":"https:\/\/www.newyorkhipknee.com\/fr\/directives-de-traitement-medical-de-letat-de-new-york-pour-le-piegeage-du-nerf-cubital-au-poignet-chez-les-patients-indemnises-pour-accident-du-travail\/","og_site_name":"Best Hip &amp; Knee Surgeon | NY, USA","article_modified_time":"2024-02-20T12:57:44+00:00","twitter_card":"summary_large_image","twitter_misc":{"Dur\u00e9e de lecture estim\u00e9e":"6 minutes"},"schema":{"@context":"https:\/\/schema.org","@graph":[{"@type":["WebPage","MedicalWebPage"],"@id":"https:\/\/www.newyorkhipknee.com\/fr\/directives-de-traitement-medical-de-letat-de-new-york-pour-le-piegeage-du-nerf-cubital-au-poignet-chez-les-patients-indemnises-pour-accident-du-travail\/","url":"https:\/\/www.newyorkhipknee.com\/fr\/directives-de-traitement-medical-de-letat-de-new-york-pour-le-piegeage-du-nerf-cubital-au-poignet-chez-les-patients-indemnises-pour-accident-du-travail\/","name":"Directives de traitement m\u00e9dical de l'\u00c9tat de New York pour le pi\u00e9geage du nerf cubital au poignet chez les patients indemnis\u00e9s pour accident du travail | Best Hip &amp; Knee Surgeon | NY, USA","isPartOf":{"@id":"https:\/\/www.newyorkhipknee.com\/fr\/#website"},"datePublished":"2024-02-01T20:48:22+00:00","dateModified":"2024-02-20T12:57:44+00:00","description":"Les lignes directrices pr\u00e9sent\u00e9es par la commission des accidents du travail de l'\u00c9tat de New York fournissent des principes fondamentaux pour traiter le","breadcrumb":{"@id":"https:\/\/www.newyorkhipknee.com\/fr\/directives-de-traitement-medical-de-letat-de-new-york-pour-le-piegeage-du-nerf-cubital-au-poignet-chez-les-patients-indemnises-pour-accident-du-travail\/#breadcrumb"},"inLanguage":"fr-FR","potentialAction":[{"@type":"ReadAction","target":["https:\/\/www.newyorkhipknee.com\/fr\/directives-de-traitement-medical-de-letat-de-new-york-pour-le-piegeage-du-nerf-cubital-au-poignet-chez-les-patients-indemnises-pour-accident-du-travail\/"]}]},{"@type":"BreadcrumbList","@id":"https:\/\/www.newyorkhipknee.com\/fr\/directives-de-traitement-medical-de-letat-de-new-york-pour-le-piegeage-du-nerf-cubital-au-poignet-chez-les-patients-indemnises-pour-accident-du-travail\/#breadcrumb","itemListElement":[{"@type":"ListItem","position":1,"name":"Home","item":"https:\/\/www.newyorkhipknee.com\/fr\/"},{"@type":"ListItem","position":2,"name":"Directives de traitement m\u00e9dical de l&rsquo;\u00c9tat de New York pour le pi\u00e9geage du nerf cubital au poignet chez les patients indemnis\u00e9s pour accident du travail"}]},{"@type":"WebSite","@id":"https:\/\/www.newyorkhipknee.com\/fr\/#website","url":"https:\/\/www.newyorkhipknee.com\/fr\/","name":"Best Hip & Knee Surgeon | NY, USA","description":"","potentialAction":[{"@type":"SearchAction","target":{"@type":"EntryPoint","urlTemplate":"https:\/\/www.newyorkhipknee.com\/fr\/?s={search_term_string}"},"query-input":{"@type":"PropertyValueSpecification","valueRequired":true,"valueName":"search_term_string"}}],"inLanguage":"fr-FR"}]}},"_links":{"self":[{"href":"https:\/\/www.newyorkhipknee.com\/fr\/wp-json\/wp\/v2\/pages\/23454","targetHints":{"allow":["GET"]}}],"collection":[{"href":"https:\/\/www.newyorkhipknee.com\/fr\/wp-json\/wp\/v2\/pages"}],"about":[{"href":"https:\/\/www.newyorkhipknee.com\/fr\/wp-json\/wp\/v2\/types\/page"}],"author":[{"embeddable":true,"href":"https:\/\/www.newyorkhipknee.com\/fr\/wp-json\/wp\/v2\/users\/33"}],"replies":[{"embeddable":true,"href":"https:\/\/www.newyorkhipknee.com\/fr\/wp-json\/wp\/v2\/comments?post=23454"}],"version-history":[{"count":0,"href":"https:\/\/www.newyorkhipknee.com\/fr\/wp-json\/wp\/v2\/pages\/23454\/revisions"}],"wp:attachment":[{"href":"https:\/\/www.newyorkhipknee.com\/fr\/wp-json\/wp\/v2\/media?parent=23454"}],"curies":[{"name":"wp","href":"https:\/\/api.w.org\/{rel}","templated":true}]}}