{"id":23456,"date":"2024-02-01T12:37:26","date_gmt":"2024-02-01T17:37:26","guid":{"rendered":"https:\/\/newyorkhipknee.com\/directives-medicales-de-letat-de-new-york-pour-le-traitement-des-entorses-du-poignet-chez-les-travailleurs-indemnises\/"},"modified":"2024-02-20T07:57:46","modified_gmt":"2024-02-20T12:57:46","slug":"directives-medicales-de-letat-de-new-york-pour-le-traitement-des-entorses-du-poignet-chez-les-travailleurs-indemnises","status":"publish","type":"page","link":"https:\/\/www.newyorkhipknee.com\/fr\/directives-medicales-de-letat-de-new-york-pour-le-traitement-des-entorses-du-poignet-chez-les-travailleurs-indemnises\/","title":{"rendered":"Directives m\u00e9dicales de l&rsquo;\u00c9tat de New York pour le traitement des entorses du poignet chez les travailleurs indemnis\u00e9s"},"content":{"rendered":"<p>Les lignes directrices \u00e9tablies par la commission des accidents du travail de l&rsquo;\u00c9tat de New York d\u00e9finissent les principes fondamentaux de la prise en charge des entorses du poignet. Ces instructions visent \u00e0 aider les professionnels de la sant\u00e9 \u00e0 d\u00e9terminer les approches th\u00e9rapeutiques appropri\u00e9es dans le cadre d&rsquo;une \u00e9valuation compl\u00e8te.<\/p>\n<p>Les professionnels de la sant\u00e9 sp\u00e9cialis\u00e9s dans la prise en charge des entorses du poignet peuvent s&rsquo;appuyer sur les conseils fournis par la Commission des accidents du travail pour prendre des d\u00e9cisions \u00e9clair\u00e9es sur les m\u00e9thodes th\u00e9rapeutiques les plus adapt\u00e9es \u00e0 leurs patients.<\/p>\n<p>Il est important de souligner que ces lignes directrices ne sont pas destin\u00e9es \u00e0 remplacer le jugement clinique ou l&rsquo;expertise professionnelle. La d\u00e9cision finale concernant la prise en charge des entorses du poignet doit faire l&rsquo;objet d&rsquo;une collaboration entre le patient et son prestataire de soins.<\/p>\n<h2><a href=\"https:\/\/www.cortho.org\/wrist\/wrist-pain-causes-and-management\/\"><strong>Entorses du poignet<\/strong><\/a><\/h2>\n<p>Les entorses du poignet (ligaments partiellement ou totalement rompus) surviennent g\u00e9n\u00e9ralement lors d&rsquo;\u00e9v\u00e9nements traumatiques aigus et r\u00e9sultent souvent de glissades, de tr\u00e9buchements et de chutes. L&rsquo;entorse du poignet est souvent un diagnostic d&rsquo;exclusion chez les patients souffrant de douleurs dans le cadre d&rsquo;un traumatisme en l&rsquo;absence de fracture. Les entorses peuvent \u00e9galement \u00eatre associ\u00e9es \u00e0 une fracture.<\/p>\n<p>&nbsp;<\/p>\n<h3><strong>\u00c9tudes de diagnostic<\/strong><\/h3>\n<p><strong>Rayons X<\/strong><\/p>\n<p>Recommand\u00e9 &#8211; pour d\u00e9terminer la pr\u00e9sence d&rsquo;une fracture, en particulier chez les patients pr\u00e9sentant une douleur du scapho\u00efde ou une sensibilit\u00e9 du tubercule du scapho\u00efde.<\/p>\n<p><strong>Scanner<\/strong><\/p>\n<p>Recommand\u00e9 &#8211; pour d\u00e9terminer la pr\u00e9sence d&rsquo;une fracture, en particulier chez les patients pr\u00e9sentant une douleur du scapho\u00efde ou une sensibilit\u00e9 du tubercule du scapho\u00efde avec des radiographies n\u00e9gatives.<\/p>\n<p><strong>Arthrographie par RM<\/strong><\/p>\n<p>Recommand\u00e9 &#8211; pour les patients dont l&rsquo;entorse du poignet ne s&rsquo;est pas am\u00e9lior\u00e9e apr\u00e8s environ 6 semaines de traitement. Justification des recommandations &#8211; Les arthrogrammes RM sont particuli\u00e8rement utiles pour identifier les probl\u00e8mes ligamentaires tels que les d\u00e9chirures du scapho-lunaire, du lunotriquetral et du TFCC qui peuvent \u00eatre diagnostiqu\u00e9es comme de simples entorses. L&rsquo;arthrographie par RM est donc recommand\u00e9e apr\u00e8s environ 6 semaines de traitement clinique sans am\u00e9lioration du patient.<\/p>\n<p>&nbsp;<\/p>\n<h3><strong>M\u00e9dicaments<\/strong><\/h3>\n<p>Pour la plupart des patients, l&rsquo;ibuprof\u00e8ne, le naprox\u00e8ne ou d&rsquo;autres AINS d&rsquo;ancienne g\u00e9n\u00e9ration sont recommand\u00e9s comme m\u00e9dicaments de premi\u00e8re intention. L&rsquo;ac\u00e9taminoph\u00e8ne (ou son analogue le parac\u00e9tamol) peut \u00eatre une alternative raisonnable aux AINS pour les patients qui ne sont pas candidats aux AINS, bien que la plupart des preuves sugg\u00e8rent que l&rsquo;ac\u00e9taminoph\u00e8ne est l\u00e9g\u00e8rement moins efficace. Il est prouv\u00e9 que les AINS sont aussi efficaces que les opio\u00efdes (y compris le tramadol) pour soulager la douleur et qu&rsquo;ils sont moins nocifs.<\/p>\n<p><strong>AINS pour le traitement de l&rsquo;entorse aigu\u00eb, subaigu\u00eb ou chronique du poignet<\/strong><\/p>\n<p>Recommand\u00e9 &#8211; pour le traitement des entorses aigu\u00ebs, subaigu\u00ebs ou chroniques du poignet. Les agents en vente libre peuvent suffire et doivent \u00eatre essay\u00e9s en premier lieu.<\/p>\n<p>Fr\u00e9quence\/dur\u00e9e : Une utilisation ponctuelle peut \u00eatre raisonnable pour de nombreux patients.<\/p>\n<p>Indications pour l&rsquo;arr\u00eat du traitement : R\u00e9solution des sympt\u00f4mes, manque d&rsquo;efficacit\u00e9 ou apparition d&rsquo;effets ind\u00e9sirables n\u00e9cessitant l&rsquo;arr\u00eat du traitement.<\/p>\n<p><strong>AINS pour les patients pr\u00e9sentant un risque \u00e9lev\u00e9 d&rsquo;h\u00e9morragie gastro-intestinale<\/strong><\/p>\n<p>Recommand\u00e9 &#8211; pour l&rsquo;utilisation concomitante de classes de m\u00e9dicaments cytoprotecteurs chez les patients pr\u00e9sentant un risque \u00e9lev\u00e9 d&rsquo;h\u00e9morragie gastro-intestinale.<\/p>\n<p>Indications : Pour les patients pr\u00e9sentant un profil de facteurs de risque \u00e9lev\u00e9 et pour lesquels les AINS sont \u00e9galement indiqu\u00e9s, les m\u00e9dicaments cytoprotecteurs doivent \u00eatre envisag\u00e9s, en particulier si un traitement \u00e0 long terme est envisag\u00e9.<\/p>\n<p>Fr\u00e9quence\/dose\/dur\u00e9e : Inhibiteurs de la pompe \u00e0 protons, misoprostol, sucralfate, bloqueurs H2 recommand\u00e9s. Dose et fr\u00e9quence selon le fabricant. On ne pense g\u00e9n\u00e9ralement pas qu&rsquo;il y ait de diff\u00e9rences substantielles en termes d&rsquo;efficacit\u00e9 pour la pr\u00e9vention des h\u00e9morragies gastro-intestinales.<\/p>\n<p>Indications pour l&rsquo;arr\u00eat du traitement : Intol\u00e9rance, apparition d&rsquo;effets ind\u00e9sirables ou arr\u00eat de l&rsquo;AINS.<\/p>\n<p><strong>AINS pour les patients pr\u00e9sentant un risque d&rsquo;effets ind\u00e9sirables cardiovasculaires<\/strong><\/p>\n<p>Les patients pr\u00e9sentant une maladie cardiovasculaire connue ou plusieurs facteurs de risque de maladie cardiovasculaire doivent faire l&rsquo;objet d&rsquo;une discussion sur les risques et les avantages d&rsquo;un traitement de la douleur par AINS.<\/p>\n<p>Recommand\u00e9 &#8211; L&rsquo;ac\u00e9taminoph\u00e8ne ou l&rsquo;aspirine en traitement de premi\u00e8re intention semblent \u00eatre les plus s\u00fbrs en ce qui concerne les effets ind\u00e9sirables cardiovasculaires.<\/p>\n<p>Recommand\u00e9 &#8211; En cas de besoin, les AINS non s\u00e9lectifs sont pr\u00e9f\u00e9rables aux m\u00e9dicaments sp\u00e9cifiques \u00e0 la COX-2. Chez les patients recevant de l&rsquo;aspirine \u00e0 faible dose en pr\u00e9vention primaire ou secondaire des maladies cardiovasculaires, afin de minimiser le risque que l&rsquo;AINS n&rsquo;annule les effets b\u00e9n\u00e9fiques de l&rsquo;aspirine, l&rsquo;AINS doit \u00eatre pris au moins 30 minutes apr\u00e8s ou 8 heures avant l&rsquo;aspirine quotidienne.<\/p>\n<p><strong>Ac\u00e9taminoph\u00e8ne pour le traitement de la douleur li\u00e9e \u00e0 l&rsquo;entorse du poignet<\/strong><\/p>\n<p>Recommand\u00e9 &#8211; pour le traitement de la douleur li\u00e9e \u00e0 l&rsquo;entorse du poignet, en particulier chez les patients pr\u00e9sentant des contre-indications aux AINS.<\/p>\n<p>Indications : Tous les patients souffrant d&rsquo;une entorse du poignet, y compris les douleurs aigu\u00ebs, subaigu\u00ebs, chroniques et post-op\u00e9ratoires.<\/p>\n<p>Dose\/fr\u00e9quence : Selon les recommandations du fabricant ; peut \u00eatre utilis\u00e9 selon les besoins. Il existe des preuves de toxicit\u00e9 h\u00e9patique en cas de d\u00e9passement de quatre grammes par jour.<\/p>\n<p>Indications pour l&rsquo;arr\u00eat du traitement : R\u00e9solution de la douleur, des effets ind\u00e9sirables ou de l&rsquo;intol\u00e9rance.<\/p>\n<p><strong>Opio\u00efdes<\/strong><\/p>\n<p>Recommand\u00e9 &#8211; pour le traitement de certains patients souffrant de douleurs dues \u00e0 des entorses graves du poignet.<\/p>\n<p>Indications : S\u00e9lectionner les patients souffrant de douleurs s\u00e9v\u00e8res dues \u00e0 des entorses graves du poignet, insuffisamment contr\u00f4l\u00e9es par d&rsquo;autres moyens, y compris l&rsquo;ac\u00e9taminoph\u00e8ne et les AINS, ou pr\u00e9sentant des contre-indications aux AINS. Des pr\u00e9cautions consid\u00e9rables sont recommand\u00e9es en ce qui concerne les opio\u00efdes, et un nombre minimum de doses doit \u00eatre prescrit, car la dur\u00e9e du traitement des entorses du poignet est g\u00e9n\u00e9ralement limit\u00e9e.<\/p>\n<p>Fr\u00e9quence\/dose : Selon les besoins. Parmi les quelques patients n\u00e9cessitant des opio\u00efdes, la plupart ont besoin d&rsquo;un traitement de quelques jours \u00e0 sept jours au maximum, puis leur douleur est g\u00e9n\u00e9ralement insuffisante pour poursuivre le traitement avec des opio\u00efdes.<\/p>\n<p>Indications pour l&rsquo;arr\u00eat du traitement : R\u00e9solution de la douleur suffisante pour ne pas n\u00e9cessiter d&rsquo;opio\u00efdes, consommation non conforme aux instructions de la prescription, effets ind\u00e9sirables.<\/p>\n<p>Justification de la recommandation &#8211; La plupart des patients n&rsquo;ont pas besoin d&rsquo;opio\u00efdes. Certains patients, en particulier ceux souffrant d&rsquo;entorses graves, peuvent avoir besoin d&rsquo;opio\u00efdes. Ils sont recommand\u00e9s pour une dur\u00e9e limit\u00e9e (pas plus de sept jours) chez certains patients souffrant d&rsquo;une entorse du poignet.<\/p>\n<p>&nbsp;<\/p>\n<h3>R\u00e9habilitation<\/h3>\n<p>La r\u00e9adaptation \u00e0 la suite d&rsquo;un accident du travail doit viser \u00e0 r\u00e9tablir les capacit\u00e9s fonctionnelles essentielles aux activit\u00e9s quotidiennes et professionnelles, afin que le travailleur bless\u00e9 retrouve, dans la mesure du possible, l&rsquo;\u00e9tat dans lequel il se trouvait avant l&rsquo;accident. La th\u00e9rapie active n\u00e9cessite un effort interne de la part du patient pour effectuer des exercices ou des t\u00e2ches sp\u00e9cifiques.<\/p>\n<p>La th\u00e9rapie passive comprend des interventions qui ne n\u00e9cessitent pas d&rsquo;effort de la part du patient, mais qui reposent sur des modalit\u00e9s d\u00e9livr\u00e9es par un th\u00e9rapeute. Les interventions passives sont g\u00e9n\u00e9ralement consid\u00e9r\u00e9es comme un moyen de faciliter les progr\u00e8s dans le cadre d&rsquo;un programme de th\u00e9rapie active, conduisant \u00e0 la r\u00e9alisation de gains fonctionnels objectifs. L&rsquo;accent devrait \u00eatre mis sur les interventions actives plut\u00f4t que sur les interventions passives.<\/p>\n<p>Il est conseill\u00e9 aux patients de poursuivre les th\u00e9rapies actives et passives \u00e0 domicile afin de prolonger le processus de traitement et de maintenir les niveaux d&rsquo;am\u00e9lioration. Les appareils d&rsquo;assistance peuvent \u00eatre incorpor\u00e9s dans le plan de r\u00e9adaptation en tant que mesure compl\u00e9mentaire pour faciliter les gains fonctionnels.<\/p>\n<h4><\/h4>\n<h4>Th\u00e9rapie &#8211; Active<\/h4>\n<p>Exercice th\u00e9rapeutique &#8211; pour le traitement des entorses du poignet mod\u00e9r\u00e9es ou graves, aigu\u00ebs ou subaigu\u00ebs. Recommand\u00e9 dans ces cas, la fr\u00e9quence, la dose et la dur\u00e9e variant en fonction de la gravit\u00e9 des d\u00e9ficits fonctionnels. Le nombre total de visites peut varier de deux ou trois pour les d\u00e9ficits l\u00e9gers \u00e0 12 ou 15 pour les d\u00e9ficits plus graves, avec une documentation continue de l&rsquo;am\u00e9lioration fonctionnelle objective.<\/p>\n<p>Si les d\u00e9ficits persistent, plus de 12 \u00e0 15 visites peuvent \u00eatre justifi\u00e9es par la documentation d&rsquo;une am\u00e9lioration vers des objectifs sp\u00e9cifiques. Un programme d&rsquo;exercices \u00e0 domicile doit \u00eatre mis au point et ex\u00e9cut\u00e9 en conjonction avec la th\u00e9rapie dans le cadre du plan de r\u00e9adaptation.<\/p>\n<h4>Th\u00e9rapie &#8211; Passive<\/h4>\n<p>Repos relatif &#8211; Recommand\u00e9 pour le traitement des entorses aigu\u00ebs du poignet. Glace &#8211; Auto-application &#8211; Recommand\u00e9e pour traiter les entorses aigu\u00ebs du poignet. Chaleur &#8211; Auto-application &#8211; Recommand\u00e9 pour le traitement des entorses aigu\u00ebs du poignet. Mobilisation \/ Immobilisation &#8211; Attelle recommand\u00e9e pour le traitement des entorses du poignet mod\u00e9r\u00e9es ou graves, aigu\u00ebs ou subaigu\u00ebs. Des donn\u00e9es probantes soutiennent l&rsquo;utilisation d&rsquo;attelles dans les soins initiaux.<\/p>\n<p>&nbsp;<\/p>\n<h3>Chirurgie<\/h3>\n<p>Non recommand\u00e9 pour le traitement des entorses aigu\u00ebs ou subaigu\u00ebs du poignet en l&rsquo;absence de d\u00e9faut rem\u00e9diable. Il n&rsquo;existe pas de preuves suffisantes pour justifier le recours \u00e0 la chirurgie dans de tels cas.<\/p>\n","protected":false},"excerpt":{"rendered":"<p>Les lignes directrices \u00e9tablies par la commission des accidents du travail de l&rsquo;\u00c9tat de New York d\u00e9finissent les principes fondamentaux de la prise en charge des entorses du poignet. Ces instructions visent \u00e0 aider les professionnels de la sant\u00e9 \u00e0 d\u00e9terminer les approches th\u00e9rapeutiques appropri\u00e9es dans le cadre d&rsquo;une \u00e9valuation compl\u00e8te. Les professionnels de la [&hellip;]<\/p>\n","protected":false},"author":33,"featured_media":0,"parent":0,"menu_order":0,"comment_status":"closed","ping_status":"closed","template":"","meta":{"_et_pb_use_builder":"","_et_pb_old_content":"","_et_gb_content_width":"","footnotes":""},"class_list":["post-23456","page","type-page","status-publish","hentry"],"yoast_head":"<!-- This site is optimized with the Yoast SEO plugin v27.2 - https:\/\/yoast.com\/product\/yoast-seo-wordpress\/ -->\n<title>Directives m\u00e9dicales de l&#039;\u00c9tat de New York pour le traitement des entorses du poignet chez les travailleurs indemnis\u00e9s | Best Hip &amp; Knee Surgeon | NY, USA<\/title>\n<meta name=\"description\" content=\"Les lignes directrices \u00e9tablies par la commission des accidents du travail de l&#039;\u00c9tat de New York d\u00e9finissent les principes fondamentaux de la prise en\" \/>\n<meta name=\"robots\" content=\"index, follow, max-snippet:-1, max-image-preview:large, max-video-preview:-1\" \/>\n<link rel=\"canonical\" href=\"https:\/\/www.newyorkhipknee.com\/fr\/directives-medicales-de-letat-de-new-york-pour-le-traitement-des-entorses-du-poignet-chez-les-travailleurs-indemnises\/\" \/>\n<meta property=\"og:locale\" content=\"fr_FR\" \/>\n<meta property=\"og:type\" content=\"article\" \/>\n<meta property=\"og:title\" content=\"Directives m\u00e9dicales de l&#039;\u00c9tat de New York pour le traitement des entorses du poignet chez les travailleurs indemnis\u00e9s | Best Hip &amp; Knee Surgeon | NY, USA\" \/>\n<meta property=\"og:description\" content=\"Les lignes directrices \u00e9tablies par la commission des accidents du travail de l&#039;\u00c9tat de New York d\u00e9finissent les principes fondamentaux de la prise en\" \/>\n<meta property=\"og:url\" content=\"https:\/\/www.newyorkhipknee.com\/fr\/directives-medicales-de-letat-de-new-york-pour-le-traitement-des-entorses-du-poignet-chez-les-travailleurs-indemnises\/\" \/>\n<meta property=\"og:site_name\" content=\"Best Hip &amp; Knee Surgeon | NY, USA\" \/>\n<meta property=\"article:modified_time\" content=\"2024-02-20T12:57:46+00:00\" \/>\n<meta name=\"twitter:card\" content=\"summary_large_image\" \/>\n<meta name=\"twitter:label1\" content=\"Dur\u00e9e de lecture estim\u00e9e\" \/>\n\t<meta name=\"twitter:data1\" content=\"8 minutes\" \/>\n<script type=\"application\/ld+json\" class=\"yoast-schema-graph\">{\"@context\":\"https:\/\/schema.org\",\"@graph\":[{\"@type\":[\"WebPage\",\"MedicalWebPage\"],\"@id\":\"https:\/\/www.newyorkhipknee.com\/fr\/directives-medicales-de-letat-de-new-york-pour-le-traitement-des-entorses-du-poignet-chez-les-travailleurs-indemnises\/\",\"url\":\"https:\/\/www.newyorkhipknee.com\/fr\/directives-medicales-de-letat-de-new-york-pour-le-traitement-des-entorses-du-poignet-chez-les-travailleurs-indemnises\/\",\"name\":\"Directives m\u00e9dicales de l'\u00c9tat de New York pour le traitement des entorses du poignet chez les travailleurs indemnis\u00e9s | Best Hip &amp; Knee Surgeon | NY, USA\",\"isPartOf\":{\"@id\":\"https:\/\/www.newyorkhipknee.com\/fr\/#website\"},\"datePublished\":\"2024-02-01T17:37:26+00:00\",\"dateModified\":\"2024-02-20T12:57:46+00:00\",\"description\":\"Les lignes directrices \u00e9tablies par la commission des accidents du travail de l'\u00c9tat de New York d\u00e9finissent les principes fondamentaux de la prise en\",\"breadcrumb\":{\"@id\":\"https:\/\/www.newyorkhipknee.com\/fr\/directives-medicales-de-letat-de-new-york-pour-le-traitement-des-entorses-du-poignet-chez-les-travailleurs-indemnises\/#breadcrumb\"},\"inLanguage\":\"fr-FR\",\"potentialAction\":[{\"@type\":\"ReadAction\",\"target\":[\"https:\/\/www.newyorkhipknee.com\/fr\/directives-medicales-de-letat-de-new-york-pour-le-traitement-des-entorses-du-poignet-chez-les-travailleurs-indemnises\/\"]}]},{\"@type\":\"BreadcrumbList\",\"@id\":\"https:\/\/www.newyorkhipknee.com\/fr\/directives-medicales-de-letat-de-new-york-pour-le-traitement-des-entorses-du-poignet-chez-les-travailleurs-indemnises\/#breadcrumb\",\"itemListElement\":[{\"@type\":\"ListItem\",\"position\":1,\"name\":\"Home\",\"item\":\"https:\/\/www.newyorkhipknee.com\/fr\/\"},{\"@type\":\"ListItem\",\"position\":2,\"name\":\"Directives m\u00e9dicales de l&rsquo;\u00c9tat de New York pour le traitement des entorses du poignet chez les travailleurs indemnis\u00e9s\"}]},{\"@type\":\"WebSite\",\"@id\":\"https:\/\/www.newyorkhipknee.com\/fr\/#website\",\"url\":\"https:\/\/www.newyorkhipknee.com\/fr\/\",\"name\":\"Best Hip & Knee Surgeon | NY, USA\",\"description\":\"\",\"potentialAction\":[{\"@type\":\"SearchAction\",\"target\":{\"@type\":\"EntryPoint\",\"urlTemplate\":\"https:\/\/www.newyorkhipknee.com\/fr\/?s={search_term_string}\"},\"query-input\":{\"@type\":\"PropertyValueSpecification\",\"valueRequired\":true,\"valueName\":\"search_term_string\"}}],\"inLanguage\":\"fr-FR\"}]}<\/script>\n<!-- \/ Yoast SEO plugin. -->","yoast_head_json":{"title":"Directives m\u00e9dicales de l'\u00c9tat de New York pour le traitement des entorses du poignet chez les travailleurs indemnis\u00e9s | Best Hip &amp; Knee Surgeon | NY, USA","description":"Les lignes directrices \u00e9tablies par la commission des accidents du travail de l'\u00c9tat de New York d\u00e9finissent les principes fondamentaux de la prise en","robots":{"index":"index","follow":"follow","max-snippet":"max-snippet:-1","max-image-preview":"max-image-preview:large","max-video-preview":"max-video-preview:-1"},"canonical":"https:\/\/www.newyorkhipknee.com\/fr\/directives-medicales-de-letat-de-new-york-pour-le-traitement-des-entorses-du-poignet-chez-les-travailleurs-indemnises\/","og_locale":"fr_FR","og_type":"article","og_title":"Directives m\u00e9dicales de l'\u00c9tat de New York pour le traitement des entorses du poignet chez les travailleurs indemnis\u00e9s | Best Hip &amp; Knee Surgeon | NY, USA","og_description":"Les lignes directrices \u00e9tablies par la commission des accidents du travail de l'\u00c9tat de New York d\u00e9finissent les principes fondamentaux de la prise en","og_url":"https:\/\/www.newyorkhipknee.com\/fr\/directives-medicales-de-letat-de-new-york-pour-le-traitement-des-entorses-du-poignet-chez-les-travailleurs-indemnises\/","og_site_name":"Best Hip &amp; Knee Surgeon | NY, USA","article_modified_time":"2024-02-20T12:57:46+00:00","twitter_card":"summary_large_image","twitter_misc":{"Dur\u00e9e de lecture estim\u00e9e":"8 minutes"},"schema":{"@context":"https:\/\/schema.org","@graph":[{"@type":["WebPage","MedicalWebPage"],"@id":"https:\/\/www.newyorkhipknee.com\/fr\/directives-medicales-de-letat-de-new-york-pour-le-traitement-des-entorses-du-poignet-chez-les-travailleurs-indemnises\/","url":"https:\/\/www.newyorkhipknee.com\/fr\/directives-medicales-de-letat-de-new-york-pour-le-traitement-des-entorses-du-poignet-chez-les-travailleurs-indemnises\/","name":"Directives m\u00e9dicales de l'\u00c9tat de New York pour le traitement des entorses du poignet chez les travailleurs indemnis\u00e9s | Best Hip &amp; Knee Surgeon | NY, USA","isPartOf":{"@id":"https:\/\/www.newyorkhipknee.com\/fr\/#website"},"datePublished":"2024-02-01T17:37:26+00:00","dateModified":"2024-02-20T12:57:46+00:00","description":"Les lignes directrices \u00e9tablies par la commission des accidents du travail de l'\u00c9tat de New York d\u00e9finissent les principes fondamentaux de la prise en","breadcrumb":{"@id":"https:\/\/www.newyorkhipknee.com\/fr\/directives-medicales-de-letat-de-new-york-pour-le-traitement-des-entorses-du-poignet-chez-les-travailleurs-indemnises\/#breadcrumb"},"inLanguage":"fr-FR","potentialAction":[{"@type":"ReadAction","target":["https:\/\/www.newyorkhipknee.com\/fr\/directives-medicales-de-letat-de-new-york-pour-le-traitement-des-entorses-du-poignet-chez-les-travailleurs-indemnises\/"]}]},{"@type":"BreadcrumbList","@id":"https:\/\/www.newyorkhipknee.com\/fr\/directives-medicales-de-letat-de-new-york-pour-le-traitement-des-entorses-du-poignet-chez-les-travailleurs-indemnises\/#breadcrumb","itemListElement":[{"@type":"ListItem","position":1,"name":"Home","item":"https:\/\/www.newyorkhipknee.com\/fr\/"},{"@type":"ListItem","position":2,"name":"Directives m\u00e9dicales de l&rsquo;\u00c9tat de New York pour le traitement des entorses du poignet chez les travailleurs indemnis\u00e9s"}]},{"@type":"WebSite","@id":"https:\/\/www.newyorkhipknee.com\/fr\/#website","url":"https:\/\/www.newyorkhipknee.com\/fr\/","name":"Best Hip & Knee Surgeon | NY, USA","description":"","potentialAction":[{"@type":"SearchAction","target":{"@type":"EntryPoint","urlTemplate":"https:\/\/www.newyorkhipknee.com\/fr\/?s={search_term_string}"},"query-input":{"@type":"PropertyValueSpecification","valueRequired":true,"valueName":"search_term_string"}}],"inLanguage":"fr-FR"}]}},"_links":{"self":[{"href":"https:\/\/www.newyorkhipknee.com\/fr\/wp-json\/wp\/v2\/pages\/23456","targetHints":{"allow":["GET"]}}],"collection":[{"href":"https:\/\/www.newyorkhipknee.com\/fr\/wp-json\/wp\/v2\/pages"}],"about":[{"href":"https:\/\/www.newyorkhipknee.com\/fr\/wp-json\/wp\/v2\/types\/page"}],"author":[{"embeddable":true,"href":"https:\/\/www.newyorkhipknee.com\/fr\/wp-json\/wp\/v2\/users\/33"}],"replies":[{"embeddable":true,"href":"https:\/\/www.newyorkhipknee.com\/fr\/wp-json\/wp\/v2\/comments?post=23456"}],"version-history":[{"count":0,"href":"https:\/\/www.newyorkhipknee.com\/fr\/wp-json\/wp\/v2\/pages\/23456\/revisions"}],"wp:attachment":[{"href":"https:\/\/www.newyorkhipknee.com\/fr\/wp-json\/wp\/v2\/media?parent=23456"}],"curies":[{"name":"wp","href":"https:\/\/api.w.org\/{rel}","templated":true}]}}